{"id":104158,"date":"2020-11-02T15:23:28","date_gmt":"2020-11-02T20:23:28","guid":{"rendered":"https:\/\/www.cyberark.com\/products\/idaptive\/multi-factor-authentication\/authentifizierungsfaktoren\/"},"modified":"2020-11-02T15:23:29","modified_gmt":"2020-11-02T20:23:29","slug":"authentication-factors","status":"publish","type":"page","link":"https:\/\/www.cyberark.com\/de\/products\/authentication-factors\/","title":{"rendered":"Authentifizierungsfaktoren"},"content":{"rendered":"<div class=\"wpb-content-wrapper\"><p>[vc_row full_width=&#8220;stretch_row&#8220; content_placement=&#8220;middle&#8220; css=&#8220;.vc_custom_1600884341333{background-image: url(https:\/\/www.cyberark.com\/wp-content\/uploads\/2020\/09\/app-gateway-hero.jpg?id=99689) !important;background-position: center !important;background-repeat: no-repeat !important;background-size: cover !important;}&#8220; el_class=&#8220;cyb-hero cyb-desktop&#8220;][vc_column el_class=&#8220;cyb-center cyb-white cyb-pad-btm&#8220;][vc_column_text el_class=&#8220;cyb-white&#8220; css=&#8220;.vc_custom_1600711713693{margin-top: 5.3125rem !important;margin-bottom: 20px !important;}&#8220;]<\/p>\n<h1>AUTHENTIFIZIERUNGSFAKTOREN<\/h1>\n<p>[\/vc_column_text][\/vc_column][\/vc_row][vc_row full_width=&#8220;stretch_row&#8220; content_placement=&#8220;middle&#8220; css=&#8220;.vc_custom_1600884402608{background-image: url(https:\/\/www.cyberark.com\/wp-content\/uploads\/2020\/09\/app-gateway-hero.jpg?id=99689) !important;background-position: center !important;background-repeat: no-repeat !important;background-size: cover !important;}&#8220; el_class=&#8220;cyb-hero cyb-mobile&#8220;][vc_column el_class=&#8220;cyb-center cyb-white cyb-pad-btm&#8220;][vc_column_text el_class=&#8220;cyb-white&#8220; css=&#8220;.vc_custom_1600711713693{margin-top: 5.3125rem !important;margin-bottom: 20px !important;}&#8220;]<\/p>\n<h1>AUTHENTIFIZIERUNGSFAKTOREN<\/h1>\n<p>[\/vc_column_text][\/vc_column][\/vc_row][vc_row full_width=&#8220;stretch_row&#8220; equal_height=&#8220;yes&#8220; el_class=&#8220;cyb-card-no-hover&#8220;][vc_column width=&#8220;1\/4&#8243; css=&#8220;.vc_custom_1600800672764{border-top-width: 2px !important;border-right-width: 2px !important;border-bottom-width: 2px !important;border-left-width: 2px !important;}&#8220;][vc_single_image image=&#8220;100194&#8243; img_size=&#8220;full&#8220;][vc_column_text]<\/p>\n<h3>E-Mail OTP<\/h3>\n<p>Mit dem E-Mail-OTP-Faktor erhalten Sie ein einmaliges Passwort (OTP) per E-Mail und k\u00f6nnen so einen sekund\u00e4ren Authentifizierungsprozess abzuschlie\u00dfen.[\/vc_column_text][\/vc_column][vc_column width=&#8220;1\/4&#8243;][vc_single_image image=&#8220;100202&#8243; img_size=&#8220;full&#8220;][vc_column_text]<\/p>\n<h3>Physische FIDO U2F-basierte Schl\u00fcssel<\/h3>\n<p>Mit den FIDO U2F-Schl\u00fcsseln (Universal 2nd Factor Authentication) k\u00f6nnen Sie physische Sicherheitsger\u00e4te verwenden, die zur Authentifizierung an einen USB-Port angeschlossen werden.[\/vc_column_text][\/vc_column][vc_column width=&#8220;1\/4&#8243;][vc_single_image image=&#8220;100210&#8243; img_size=&#8220;full&#8220;][vc_column_text]<\/p>\n<h3>Hardware OTP-Token<\/h3>\n<p>Physische Sicherheitsvorrichtungen, die in der Lage sind, ein Einmalpasswort oder einen PIN-Code zu erzeugen, k\u00f6nnen zur Durchf\u00fchrung eines sekund\u00e4ren Authentifizierungsprozesses verwendet werden.[\/vc_column_text][\/vc_column][vc_column width=&#8220;1\/4&#8243;][vc_single_image image=&#8220;100218&#8243; img_size=&#8220;full&#8220;][vc_column_text]<\/p>\n<h3>FIDO2-Schl\u00fcssel<\/h3>\n<p>Ger\u00e4te-interne FIDO2-Authentifikatoren wie Windows Hello, Mac OS TouchID und Yubico YubiKeys k\u00f6nnen zur Authentifizierung an der Idaptive-Plattform auf Firefox-, Microsoft Edge-, Google Chrome- und Apple Safari-Browsern verwendet werden.[\/vc_column_text][\/vc_column][vc_column width=&#8220;1\/4&#8243;][vc_single_image image=&#8220;100226&#8243; img_size=&#8220;full&#8220;][vc_column_text]<\/p>\n<h3>KBA (Sicherheitsfragen)<\/h3>\n<p>Der Kenntnis-basierte Authentifizierungsfaktor (KBA) erm\u00f6glicht die sekund\u00e4re Authentifizierung per vordefinierter Sicherheitsfrage.[\/vc_column_text][\/vc_column][vc_column width=&#8220;1\/4&#8243;][vc_single_image image=&#8220;100234&#8243; img_size=&#8220;full&#8220;][vc_column_text]<\/p>\n<h3>OATH-basierte mobile Authentifizierungs-Apps<\/h3>\n<p>OATH-basierte mobile Authentifikatoren sind Smartphone-Apps wie die Idaptive Mobile App oder die Google Authenticator App, die einmalige Passw\u00f6rter erzeugen, die f\u00fcr die Identit\u00e4tspr\u00fcfung erforderlich sind.[\/vc_column_text][\/vc_column][vc_column width=&#8220;1\/4&#8243;][vc_single_image image=&#8220;100242&#8243; img_size=&#8220;full&#8220;][vc_column_text]<\/p>\n<h3>Mobile Push-Benachrichtigungen<\/h3>\n<p>Mit der Idaptive Mobile App k\u00f6nnen Sie sekund\u00e4re Authentifizierungsanfragen auf Ihrem Smartphone empfangen und genehmigen.[\/vc_column_text][\/vc_column][vc_column width=&#8220;1\/4&#8243;][vc_single_image image=&#8220;100250&#8243; img_size=&#8220;full&#8220;][vc_column_text]<\/p>\n<h3>Abgeleitete Anmeldedaten<\/h3>\n<p>Abgeleitete Anmeldedaten, also kryptografische Anmeldeinformationen, die von PIV-(Personal Identity Verification) oder CAC-Karten (Common Access Cards) abgeleitet und auf mobilen Ger\u00e4ten gespeichert werden, k\u00f6nnen verwendet werden, um starke Authentifizierungsanforderungen des sekund\u00e4ren Faktors zu erf\u00fcllen.[\/vc_column_text][\/vc_column][vc_column width=&#8220;1\/4&#8243;][vc_single_image image=&#8220;100258&#8243; img_size=&#8220;full&#8220;][vc_column_text]<\/p>\n<h3>Offline OTP<\/h3>\n<p>Einmalige Offline-Passw\u00f6rter (OTP) k\u00f6nnen verwendet werden, um sich bei Windows- und Mac-Ger\u00e4ten anzumelden, die durch adaptive Multifaktor-Authentifizierung gesch\u00fctzt sind, auch wenn sie nicht mit dem Internet verbunden sind.[\/vc_column_text][\/vc_column][vc_column width=&#8220;1\/4&#8243;][vc_single_image image=&#8220;100266&#8243; img_size=&#8220;full&#8220;][vc_column_text]<\/p>\n<h3>SMS-basiertes OTP<\/h3>\n<p>Sie k\u00f6nnen Textnachrichten mit einmaligen Passw\u00f6rtern (OTP) oder Zugangsberechtigungslinks auf Ihre registrierte Mobilnummer erhalten, um auf Anwendungen zuzugreifen, die mit MFA gesch\u00fctzt sind.[\/vc_column_text][\/vc_column][vc_column width=&#8220;1\/4&#8243;][vc_single_image image=&#8220;100274&#8243; img_size=&#8220;full&#8220;][vc_column_text]<\/p>\n<h3>Telefonanruf<\/h3>\n<p>Benutzer k\u00f6nnen telefonische Anweisungen zur Durchf\u00fchrung des sekund\u00e4ren Authentifizierungsprozesses erhalten.[\/vc_column_text][\/vc_column][vc_column width=&#8220;1\/4&#8243;][vc_single_image image=&#8220;100282&#8243; img_size=&#8220;full&#8220;][vc_column_text]<\/p>\n<h3>Wearable als Token<\/h3>\n<p>Apple iWatch kann verwendet werden, um Benachrichtigungen mit einmaligen Passcodes oder Genehmigungs-URL-Links f\u00fcr den Abschluss des sekund\u00e4ren Authentifizierungsprozesses zu erhalten.[\/vc_column_text][\/vc_column][\/vc_row]<\/p>\n<\/div>","protected":false},"excerpt":{"rendered":"<p>[vc_row full_width=&#8220;stretch_row&#8220; content_placement=&#8220;middle&#8220; css=&#8220;.vc_custom_1600884341333{background-image: url(https:\/\/www.cyberark.com\/wp-content\/uploads\/2020\/09\/app-gateway-hero.jpg?id=99689) !important;background-position: center !important;background-repeat: no-repeat !important;background-size: cover !important;}&#8220; el_class=&#8220;cyb-hero cyb-desktop&#8220;][vc_column el_class=&#8220;cyb-center cyb-white cyb-pad-btm&#8220;][vc_column_text el_class=&#8220;cyb-white&#8220; css=&#8220;.vc_custom_1600711713693{margin-top: 5.3125rem !important;margin-bottom: 20px !important;}&#8220;] AUTHENTIFIZIERUNGSFAKTOREN [\/vc_column_text][\/vc_column][\/vc_row][vc_row full_width=&#8220;stretch_row&#8220; content_placement=&#8220;middle&#8220; css=&#8220;.vc_custom_1600884402608{background-image: url(https:\/\/www.cyberark.com\/wp-content\/uploads\/2020\/09\/app-gateway-hero.jpg?id=99689) !important;background-position: center !important;background-repeat: no-repeat !important;background-size: cover&#8230;<\/p>\n","protected":false},"author":164,"featured_media":0,"parent":32304,"menu_order":0,"comment_status":"closed","ping_status":"closed","template":"","meta":{"_acf_changed":false,"inline_featured_image":false,"footnotes":""},"product_category":[],"class_list":["post-104158","page","type-page","status-publish","hentry"],"acf":[],"yoast_head":"<!-- This site is optimized with the Yoast SEO Premium plugin v27.2 (Yoast SEO v27.2) - https:\/\/yoast.com\/product\/yoast-seo-premium-wordpress\/ -->\n<title>Authentifizierungsfaktoren | CyberArk<\/title>\n<meta name=\"robots\" content=\"index, follow, max-snippet:-1, max-image-preview:large, max-video-preview:-1\" \/>\n<link rel=\"canonical\" href=\"https:\/\/www.cyberark.com\/products\/authentication-factors\/\" \/>\n<meta property=\"og:locale\" content=\"de_DE\" \/>\n<meta property=\"og:type\" content=\"article\" \/>\n<meta property=\"og:title\" content=\"Authentifizierungsfaktoren\" \/>\n<meta property=\"og:description\" content=\"[vc_row full_width=&#8220;stretch_row&#8220; content_placement=&#8220;middle&#8220; css=&#8220;.vc_custom_1600884341333{background-image: url(https:\/\/www.cyberark.com\/wp-content\/uploads\/2020\/09\/app-gateway-hero.jpg?id=99689) !important;background-position: center !important;background-repeat: no-repeat !important;background-size: cover !important;}&#8220; el_class=&#8220;cyb-hero cyb-desktop&#8220;][vc_column el_class=&#8220;cyb-center cyb-white cyb-pad-btm&#8220;][vc_column_text el_class=&#8220;cyb-white&#8220; css=&#8220;.vc_custom_1600711713693{margin-top: 5.3125rem !important;margin-bottom: 20px !important;}&#8220;] AUTHENTIFIZIERUNGSFAKTOREN [\/vc_column_text][\/vc_column][\/vc_row][vc_row full_width=&#8220;stretch_row&#8220; content_placement=&#8220;middle&#8220; css=&#8220;.vc_custom_1600884402608{background-image: url(https:\/\/www.cyberark.com\/wp-content\/uploads\/2020\/09\/app-gateway-hero.jpg?id=99689) !important;background-position: center !important;background-repeat: no-repeat !important;background-size: cover...\" \/>\n<meta property=\"og:url\" content=\"https:\/\/www.cyberark.com\/products\/authentication-factors\/\" \/>\n<meta property=\"og:site_name\" content=\"CyberArk\" \/>\n<meta property=\"article:publisher\" content=\"https:\/\/www.facebook.com\/CyberArk\/\" \/>\n<meta property=\"article:modified_time\" content=\"2020-11-02T20:23:29+00:00\" \/>\n<meta property=\"og:image\" content=\"https:\/\/www.cyberark.com\/wp-content\/uploads\/2022\/09\/CYBR-gradient-bg-og-120x627-01-1024x535.png\" \/>\n\t<meta property=\"og:image:width\" content=\"1024\" \/>\n\t<meta property=\"og:image:height\" content=\"535\" \/>\n\t<meta property=\"og:image:type\" content=\"image\/png\" \/>\n<meta name=\"twitter:card\" content=\"summary_large_image\" \/>\n<meta name=\"twitter:site\" content=\"@CyberArk\" \/>\n<meta name=\"twitter:label1\" content=\"Gesch\u00e4tzte Lesezeit\" \/>\n\t<meta name=\"twitter:data1\" content=\"4 Minuten\" \/>\n<script type=\"application\/ld+json\" class=\"yoast-schema-graph\">{\"@context\":\"https:\/\/schema.org\",\"@graph\":[{\"@type\":\"WebPage\",\"@id\":\"https:\/\/www.cyberark.com\/products\/authentication-factors\/\",\"url\":\"https:\/\/www.cyberark.com\/products\/authentication-factors\/\",\"name\":\"Authentifizierungsfaktoren | CyberArk\",\"isPartOf\":{\"@id\":\"https:\/\/www.cyberark.com\/#website\"},\"datePublished\":\"2020-11-02T20:23:28+00:00\",\"dateModified\":\"2020-11-02T20:23:29+00:00\",\"breadcrumb\":{\"@id\":\"https:\/\/www.cyberark.com\/products\/authentication-factors\/#breadcrumb\"},\"inLanguage\":\"de-DE\",\"potentialAction\":[{\"@type\":\"ReadAction\",\"target\":[\"https:\/\/www.cyberark.com\/products\/authentication-factors\/\"]}]},{\"@type\":\"BreadcrumbList\",\"@id\":\"https:\/\/www.cyberark.com\/products\/authentication-factors\/#breadcrumb\",\"itemListElement\":[{\"@type\":\"ListItem\",\"position\":1,\"name\":\"Home\",\"item\":\"https:\/\/www.cyberark.com\/\"},{\"@type\":\"ListItem\",\"position\":2,\"name\":\"Produkte\",\"item\":\"https:\/\/www.cyberark.com\/products\/\"},{\"@type\":\"ListItem\",\"position\":3,\"name\":\"Authentifizierungsfaktoren\"}]},{\"@type\":\"WebSite\",\"@id\":\"https:\/\/www.cyberark.com\/#website\",\"url\":\"https:\/\/www.cyberark.com\/\",\"name\":\"CyberArk\",\"description\":\"\",\"publisher\":{\"@id\":\"https:\/\/www.cyberark.com\/#organization\"},\"potentialAction\":[{\"@type\":\"SearchAction\",\"target\":{\"@type\":\"EntryPoint\",\"urlTemplate\":\"https:\/\/www.cyberark.com\/?s={search_term_string}\"},\"query-input\":{\"@type\":\"PropertyValueSpecification\",\"valueRequired\":true,\"valueName\":\"search_term_string\"}}],\"inLanguage\":\"de-DE\"},{\"@type\":\"Organization\",\"@id\":\"https:\/\/www.cyberark.com\/#organization\",\"name\":\"CyberArk Software\",\"url\":\"https:\/\/www.cyberark.com\/\",\"logo\":{\"@type\":\"ImageObject\",\"inLanguage\":\"de-DE\",\"@id\":\"https:\/\/www.cyberark.com\/#\/schema\/logo\/image\/\",\"url\":\"https:\/\/www.cyberark.com\/wp-content\/uploads\/2021\/02\/cyberark-logo-dark.svg\",\"contentUrl\":\"https:\/\/www.cyberark.com\/wp-content\/uploads\/2021\/02\/cyberark-logo-dark.svg\",\"width\":\"1024\",\"height\":\"1024\",\"caption\":\"CyberArk Software\"},\"image\":{\"@id\":\"https:\/\/www.cyberark.com\/#\/schema\/logo\/image\/\"},\"sameAs\":[\"https:\/\/www.facebook.com\/CyberArk\/\",\"https:\/\/x.com\/CyberArk\",\"https:\/\/www.linkedin.com\/company\/cyber-ark-software\/\"]}]}<\/script>\n<!-- \/ Yoast SEO Premium plugin. -->","yoast_head_json":{"title":"Authentifizierungsfaktoren | CyberArk","robots":{"index":"index","follow":"follow","max-snippet":"max-snippet:-1","max-image-preview":"max-image-preview:large","max-video-preview":"max-video-preview:-1"},"canonical":"https:\/\/www.cyberark.com\/products\/authentication-factors\/","og_locale":"de_DE","og_type":"article","og_title":"Authentifizierungsfaktoren","og_description":"[vc_row full_width=&#8220;stretch_row&#8220; content_placement=&#8220;middle&#8220; css=&#8220;.vc_custom_1600884341333{background-image: url(https:\/\/www.cyberark.com\/wp-content\/uploads\/2020\/09\/app-gateway-hero.jpg?id=99689) !important;background-position: center !important;background-repeat: no-repeat !important;background-size: cover !important;}&#8220; el_class=&#8220;cyb-hero cyb-desktop&#8220;][vc_column el_class=&#8220;cyb-center cyb-white cyb-pad-btm&#8220;][vc_column_text el_class=&#8220;cyb-white&#8220; css=&#8220;.vc_custom_1600711713693{margin-top: 5.3125rem !important;margin-bottom: 20px !important;}&#8220;] AUTHENTIFIZIERUNGSFAKTOREN [\/vc_column_text][\/vc_column][\/vc_row][vc_row full_width=&#8220;stretch_row&#8220; content_placement=&#8220;middle&#8220; css=&#8220;.vc_custom_1600884402608{background-image: url(https:\/\/www.cyberark.com\/wp-content\/uploads\/2020\/09\/app-gateway-hero.jpg?id=99689) !important;background-position: center !important;background-repeat: no-repeat !important;background-size: cover...","og_url":"https:\/\/www.cyberark.com\/products\/authentication-factors\/","og_site_name":"CyberArk","article_publisher":"https:\/\/www.facebook.com\/CyberArk\/","article_modified_time":"2020-11-02T20:23:29+00:00","og_image":[{"width":1024,"height":535,"url":"https:\/\/www.cyberark.com\/wp-content\/uploads\/2022\/09\/CYBR-gradient-bg-og-120x627-01-1024x535.png","type":"image\/png"}],"twitter_card":"summary_large_image","twitter_site":"@CyberArk","twitter_misc":{"Gesch\u00e4tzte Lesezeit":"4 Minuten"},"schema":{"@context":"https:\/\/schema.org","@graph":[{"@type":"WebPage","@id":"https:\/\/www.cyberark.com\/products\/authentication-factors\/","url":"https:\/\/www.cyberark.com\/products\/authentication-factors\/","name":"Authentifizierungsfaktoren | CyberArk","isPartOf":{"@id":"https:\/\/www.cyberark.com\/#website"},"datePublished":"2020-11-02T20:23:28+00:00","dateModified":"2020-11-02T20:23:29+00:00","breadcrumb":{"@id":"https:\/\/www.cyberark.com\/products\/authentication-factors\/#breadcrumb"},"inLanguage":"de-DE","potentialAction":[{"@type":"ReadAction","target":["https:\/\/www.cyberark.com\/products\/authentication-factors\/"]}]},{"@type":"BreadcrumbList","@id":"https:\/\/www.cyberark.com\/products\/authentication-factors\/#breadcrumb","itemListElement":[{"@type":"ListItem","position":1,"name":"Home","item":"https:\/\/www.cyberark.com\/"},{"@type":"ListItem","position":2,"name":"Produkte","item":"https:\/\/www.cyberark.com\/products\/"},{"@type":"ListItem","position":3,"name":"Authentifizierungsfaktoren"}]},{"@type":"WebSite","@id":"https:\/\/www.cyberark.com\/#website","url":"https:\/\/www.cyberark.com\/","name":"CyberArk","description":"","publisher":{"@id":"https:\/\/www.cyberark.com\/#organization"},"potentialAction":[{"@type":"SearchAction","target":{"@type":"EntryPoint","urlTemplate":"https:\/\/www.cyberark.com\/?s={search_term_string}"},"query-input":{"@type":"PropertyValueSpecification","valueRequired":true,"valueName":"search_term_string"}}],"inLanguage":"de-DE"},{"@type":"Organization","@id":"https:\/\/www.cyberark.com\/#organization","name":"CyberArk Software","url":"https:\/\/www.cyberark.com\/","logo":{"@type":"ImageObject","inLanguage":"de-DE","@id":"https:\/\/www.cyberark.com\/#\/schema\/logo\/image\/","url":"https:\/\/www.cyberark.com\/wp-content\/uploads\/2021\/02\/cyberark-logo-dark.svg","contentUrl":"https:\/\/www.cyberark.com\/wp-content\/uploads\/2021\/02\/cyberark-logo-dark.svg","width":"1024","height":"1024","caption":"CyberArk Software"},"image":{"@id":"https:\/\/www.cyberark.com\/#\/schema\/logo\/image\/"},"sameAs":["https:\/\/www.facebook.com\/CyberArk\/","https:\/\/x.com\/CyberArk","https:\/\/www.linkedin.com\/company\/cyber-ark-software\/"]}]}},"_links":{"self":[{"href":"https:\/\/www.cyberark.com\/de\/wp-json\/wp\/v2\/pages\/104158","targetHints":{"allow":["GET"]}}],"collection":[{"href":"https:\/\/www.cyberark.com\/de\/wp-json\/wp\/v2\/pages"}],"about":[{"href":"https:\/\/www.cyberark.com\/de\/wp-json\/wp\/v2\/types\/page"}],"author":[{"embeddable":true,"href":"https:\/\/www.cyberark.com\/de\/wp-json\/wp\/v2\/users\/164"}],"replies":[{"embeddable":true,"href":"https:\/\/www.cyberark.com\/de\/wp-json\/wp\/v2\/comments?post=104158"}],"version-history":[{"count":0,"href":"https:\/\/www.cyberark.com\/de\/wp-json\/wp\/v2\/pages\/104158\/revisions"}],"up":[{"embeddable":true,"href":"https:\/\/www.cyberark.com\/de\/wp-json\/wp\/v2\/pages\/32304"}],"wp:attachment":[{"href":"https:\/\/www.cyberark.com\/de\/wp-json\/wp\/v2\/media?parent=104158"}],"wp:term":[{"taxonomy":"product_category","embeddable":true,"href":"https:\/\/www.cyberark.com\/de\/wp-json\/wp\/v2\/product_category?post=104158"}],"curies":[{"name":"wp","href":"https:\/\/api.w.org\/{rel}","templated":true}]}}