{"id":117236,"date":"2021-04-12T15:48:46","date_gmt":"2021-04-12T19:48:46","guid":{"rendered":"https:\/\/www.cyberark.com\/services-support\/certification\/"},"modified":"2025-08-12T01:54:15","modified_gmt":"2025-08-12T05:54:15","slug":"certification","status":"publish","type":"page","link":"https:\/\/www.cyberark.com\/de\/services-support\/certification\/","title":{"rendered":"Zertifizierung"},"content":{"rendered":"<div class=\"wpb-content-wrapper\"><p>[vc_row full_width=&#8220;stretch_row&#8220; el_class=&#8220;cybv2 int-hero slate&#8220;][vc_column width=&#8220;1\/2&#8243; el_class=&#8220;column-1&#8243;][vc_column_text]<\/p>\n<h1>Zertifizierungen<\/h1>\n<p><\/p>\n<h2>R\u00fcsten Sie Ihr Team f\u00fcr die erfolgreiche Implementierung und Management Ihrer Identity Security. Das Zertifizierungsprogramm von CyberArk hilft Ihnen dabei, Wissen und F\u00e4higkeiten rund um diese kritische Sicherheitsebene zu verbessern.<\/h2>\n<p>\n[\/vc_column_text][vc_btn title=&#8220;Termin vereinbaren&#8220; style=&#8220;custom&#8220; custom_background=&#8220;&#8220; custom_text=&#8220;&#8220; shape=&#8220;square&#8220; link=&#8220;url:https%3A%2F%2Fhome.pearsonvue.com%2Fcyberark%2F|target:_blank|&#8220; el_class=&#8220;cybv2-button-solid&#8220;][vc_column_text el_class=&#8220;link-arrow-right&#8220;]<a href=\"https:\/\/training.cyberark.com\/\" target=\"_blank\" rel=\"noopener\">Training durchf\u00fchren<\/a><i class=\"fa fa-long-arrow-right\"><\/i>[\/vc_column_text][\/vc_column][vc_column width=&#8220;1\/2&#8243; el_class=&#8220;column-2&#8243;][vc_column_text]<\/p>\n<div class=\"video-window\">    <script src=\"https:\/\/fast.wistia.com\/assets\/external\/E-v1.js\" async><\/script>\r\n            <div class=\"wistia_embed wistia_async_lrt2sah103 videoFoam=true\" style=\"width:580px;height:397px;\">&nbsp;<\/div>\r\n        <\/div>\n<p>[\/vc_column_text][\/vc_column][\/vc_row][vc_row full_width=&#8220;stretch_row&#8220; el_class=&#8220;cybv2 cybv2-pad-top overview-vt&#8220; css=&#8220;.vc_custom_1611617874123{background-color: #f7f7f7 !important;}&#8220;][vc_column width=&#8220;5\/12&#8243; el_class=&#8220;head-box&#8220;][vc_column_text]<\/p>\n<h3>F\u00fcr den Erfolg ger\u00fcstet<\/h3>\n<p>Helfen Sie Ihrem Team, seine Fachkenntnisse im Bereich Identity Security im Allgemeinen und CyberArk L\u00f6sungen im Besonderen unter Beweis zu stellen.[\/vc_column_text][\/vc_column][vc_column width=&#8220;5\/12&#8243; offset=&#8220;vc_col-sm-offset-1&#8243;][vc_row_inner][vc_column_inner el_class=&#8220;cta-box&#8220;][vc_column_text]<img decoding=\"async\" class=\"alignnone size-full wp-image-114765\" src=\"https:\/\/www.cyberark.com\/wp-content\/uploads\/2021\/03\/Get-Ready.svg\" alt=\"Symbol Bereit machen\" \/>[\/vc_column_text][vc_column_text]<\/p>\n<h4>Machen Sie sich bereit<\/h4>\n<p>Sie k\u00f6nnen sich darauf verlassen, dass die Teammitglieder bereit sind, CyberArk L\u00f6sungen zu betreiben und zu verwalten.[\/vc_column_text][\/vc_column_inner][\/vc_row_inner][vc_row_inner][vc_column_inner el_class=&#8220;cta-box&#8220;][vc_column_text]<img decoding=\"async\" class=\"alignnone size-full wp-image-114773\" src=\"https:\/\/www.cyberark.com\/wp-content\/uploads\/2021\/03\/Move-Up.svg\" alt=\"Symbol Aufsteigen\" \/>[\/vc_column_text][vc_column_text]<\/p>\n<h4>Steigen Sie im Ranking nach Oben<\/h4>\n<p>Erreichen Sie die verschiedenen Stufen der CyberArk Zertifizierungen im Laufe der Zeit.[\/vc_column_text][\/vc_column_inner][\/vc_row_inner][vc_row_inner][vc_column_inner el_class=&#8220;cta-box&#8220;][vc_column_text]<img decoding=\"async\" class=\"alignnone size-full wp-image-114781\" src=\"https:\/\/www.cyberark.com\/wp-content\/uploads\/2021\/03\/Open-Door.svg\" alt=\"Symbol Neue T\u00fcren \u00f6ffnen\" \/>[\/vc_column_text][vc_column_text]<\/p>\n<h4>Neue T\u00fcren \u00f6ffnen<\/h4>\n<p>Validieren sie ihre fachkenntnisse und erweitern sie ihre beruflichen m\u00f6glichkeiten.[\/vc_column_text][\/vc_column_inner][\/vc_row_inner][\/vc_column][\/vc_row][vc_row el_class=&#8220;cybv2 cybv2-pad-top text-md-center&#8220;][vc_column][vc_column_text]<\/p>\n<h2>Optionen f\u00fcr die zertifizierung<\/h2>\n<p>\n[\/vc_column_text][\/vc_column][\/vc_row][vc_row el_class=&#8220;cybv2 cybv2-pad-btm text-md-center&#8220;][vc_column width=&#8220;2\/3&#8243; offset=&#8220;vc_col-sm-offset-2&#8243;][vc_column_text]<\/p>\n<h5>Sie k\u00f6nnen sich bis zu der Stufe qualifizieren, die Ihrem Verantwortungsbereich und Berufszielen entspricht.<\/h5>\n<p>\n[\/vc_column_text][vc_btn title=&#8220;Mehr erfahren&#8220; style=&#8220;custom&#8220; custom_background=&#8220;&#8220; custom_text=&#8220;&#8220; shape=&#8220;square&#8220; link=&#8220;url:https%3A%2F%2Fhome.pearsonvue.com%2FClients%2FCyberArk.aspx|target:_blank|&#8220; el_class=&#8220;cybv2-button-solid&#8220; css=&#8220;.vc_custom_1660680749686{margin-top: 20px !important;}&#8220;][\/vc_column][\/vc_row][vc_row el_class=&#8220;cybv2 seesaw cyb-reverse&#8220;][vc_column width=&#8220;7\/12&#8243; el_class=&#8220;below-left&#8220;][vc_column_text el_class=&#8220;dark&#8220;]<\/p>\n<h4>Defender:<\/h4>\n<p>Der Inhaber dieses Zertifikats hat seine theoretischen und praktischen Kenntnisse zu den t\u00e4glichen Wartungs- und Betriebsaufgaben der Privileged Access Security L\u00f6sung bewiesen.[\/vc_column_text][\/vc_column][vc_column width=&#8220;5\/12&#8243; el_class=&#8220;above&#8220;][vc_column_text]<img loading=\"lazy\" decoding=\"async\" class=\"alignnone size-full wp-image-114797\" src=\"https:\/\/www.cyberark.com\/wp-content\/uploads\/2021\/03\/Certifications-SeeSaw-Defender.jpeg\" alt=\"Defender:\" width=\"770\" height=\"515\" srcset=\"https:\/\/www.cyberark.com\/wp-content\/uploads\/2021\/03\/Certifications-SeeSaw-Defender.jpeg 770w, https:\/\/www.cyberark.com\/wp-content\/uploads\/2021\/03\/Certifications-SeeSaw-Defender-300x201.jpeg 300w, https:\/\/www.cyberark.com\/wp-content\/uploads\/2021\/03\/Certifications-SeeSaw-Defender-768x514.jpeg 768w, https:\/\/www.cyberark.com\/wp-content\/uploads\/2021\/03\/Certifications-SeeSaw-Defender-150x100.jpeg 150w\" sizes=\"auto, (max-width: 770px) 100vw, 770px\" \/>[\/vc_column_text][\/vc_column][\/vc_row][vc_row el_class=&#8220;cybv2 seesaw&#8220;][vc_column width=&#8220;5\/12&#8243; el_class=&#8220;above&#8220;][vc_column_text]<img loading=\"lazy\" decoding=\"async\" class=\"alignnone size-full wp-image-114805\" src=\"https:\/\/www.cyberark.com\/wp-content\/uploads\/2021\/03\/Certifications-SeeSaw-Sentry.jpeg\" alt=\"Sentry\" width=\"770\" height=\"515\" srcset=\"https:\/\/www.cyberark.com\/wp-content\/uploads\/2021\/03\/Certifications-SeeSaw-Sentry.jpeg 770w, https:\/\/www.cyberark.com\/wp-content\/uploads\/2021\/03\/Certifications-SeeSaw-Sentry-300x201.jpeg 300w, https:\/\/www.cyberark.com\/wp-content\/uploads\/2021\/03\/Certifications-SeeSaw-Sentry-768x514.jpeg 768w, https:\/\/www.cyberark.com\/wp-content\/uploads\/2021\/03\/Certifications-SeeSaw-Sentry-150x100.jpeg 150w\" sizes=\"auto, (max-width: 770px) 100vw, 770px\" \/>[\/vc_column_text][\/vc_column][vc_column width=&#8220;7\/12&#8243; el_class=&#8220;below-right&#8220;][vc_column_text el_class=&#8220;dark&#8220;]<\/p>\n<h4>Sentry<\/h4>\n<p>Der Inhaber der Sentry-Zertifizierung hat theoretische und praktische F\u00e4higkeiten bei der Bereitstellung und Konfiguration der CyberArk-L\u00f6sung unter Beweis gestellt.[\/vc_column_text][\/vc_column][\/vc_row][vc_row el_class=&#8220;cybv2 seesaw cyb-reverse&#8220;][vc_column width=&#8220;7\/12&#8243; el_class=&#8220;below-left&#8220;][vc_column_text el_class=&#8220;dark&#8220;]<\/p>\n<h4>Guardian:<\/h4>\n<p>Inhaber dieses Zertifikats haben ihre fortgeschrittenen Kompetenzen hinsichtlich der verschiedenen CyberArk-L\u00f6sungen und ihre F\u00e4higkeit unter Beweis gestellt, eine Unternehmensarchitektur mit einer Strategie f\u00fcr Privileged-Access-Sicherheit zu kombinieren.[\/vc_column_text][\/vc_column][vc_column width=&#8220;5\/12&#8243; el_class=&#8220;above&#8220;][vc_column_text]<img loading=\"lazy\" decoding=\"async\" class=\"alignnone size-full wp-image-114813\" src=\"https:\/\/www.cyberark.com\/wp-content\/uploads\/2021\/03\/Certifications-SeeSaw-Guardian.jpeg\" alt=\"Guardian:\" width=\"770\" height=\"515\" srcset=\"https:\/\/www.cyberark.com\/wp-content\/uploads\/2021\/03\/Certifications-SeeSaw-Guardian.jpeg 770w, https:\/\/www.cyberark.com\/wp-content\/uploads\/2021\/03\/Certifications-SeeSaw-Guardian-300x201.jpeg 300w, https:\/\/www.cyberark.com\/wp-content\/uploads\/2021\/03\/Certifications-SeeSaw-Guardian-768x514.jpeg 768w, https:\/\/www.cyberark.com\/wp-content\/uploads\/2021\/03\/Certifications-SeeSaw-Guardian-150x100.jpeg 150w\" sizes=\"auto, (max-width: 770px) 100vw, 770px\" \/>[\/vc_column_text][\/vc_column][\/vc_row][vc_row full_width=&#8220;stretch_row&#8220; content_placement=&#8220;middle&#8220; el_class=&#8220;cybv2 cyberark-blueprint dark&#8220;][vc_column width=&#8220;1\/4&#8243;][vc_column_text el_class=&#8220;new_hpstyle_section3_h4&#8243;]<\/p>\n<h3>Starten Sie noch Heute mit der Zertifizierung<\/h3>\n<p>\n[\/vc_column_text][\/vc_column][vc_column width=&#8220;5\/12&#8243; offset=&#8220;vc_col-sm-offset-1&#8243;][vc_column_text el_class=&#8220;new_hpstyle_section3_text&#8220;]<\/p>\n<h4>Starten Sie die Reise Ihres Teams zu einem optimierten Identity Security Programm.<\/h4>\n<p>\n[\/vc_column_text][\/vc_column][vc_column width=&#8220;1\/4&#8243;][vc_btn title=&#8220;Starten Sie jetzt&#8220; style=&#8220;custom&#8220; custom_background=&#8220;&#8220; custom_text=&#8220;&#8220; shape=&#8220;square&#8220; align=&#8220;right&#8220; link=&#8220;url:https%3A%2F%2Ftraining.cyberark.com%2Fexams|target:_blank|&#8220; el_class=&#8220;cybv2-button-solid&#8220;][\/vc_column][\/vc_row][vc_row full_width=&#8220;stretch_row&#8220; el_class=&#8220;cybv2-pad cybv2 cybv2-background-oval tour&#8220;][vc_column][vc_row_inner el_class=&#8220;cyb-center&#8220;][vc_column_inner el_class=&#8220;cyb-pad-btm&#8220;][vc_column_text el_class=&#8220;left-mobile&#8220;]<\/p>\n<h3>FAQ<\/h3>\n<p>\n[\/vc_column_text][\/vc_column_inner][\/vc_row_inner][vc_tta_tour shape=&#8220;square&#8220; active_section=&#8220;1&#8243; css_animation=&#8220;none&#8220;][vc_tta_section i_position=&#8220;right&#8220; i_icon_fontawesome=&#8220;fas fa-chevron-circle-down&#8220; add_icon=&#8220;true&#8220; title=&#8220;Wo sind CyberArk Kurse verf\u00fcgbar und wo kann ich Kurspl\u00e4ne finden&#8220; tab_id=&#8220;question-1&#8243;][vc_row_inner el_class=&#8220;cybv2&#8243;][vc_column_inner offset=&#8220;vc_col-md-offset-1 vc_col-md-10 vc_col-sm-offset-0&#8243;][vc_column_text]<\/p>\n<h4>Wo sind CyberArk Kurse verf\u00fcgbar und wo kann ich Kurspl\u00e4ne finden<\/h4>\n<p>Schulungen sind weltweit in mehreren Zeitzonen verf\u00fcgbar. Sie k\u00f6nnen auf <a href=\"https:\/\/training.cyberark.com\/#upcoming-events\" target=\"_blank\" rel=\"noopener\">Schulungsterminen<\/a>\u00a0nach Trainingsangeboten suchen oder einen Kurs ausw\u00e4hlen.[\/vc_column_text][\/vc_column_inner][\/vc_row_inner][\/vc_tta_section][vc_tta_section i_position=&#8220;right&#8220; i_icon_fontawesome=&#8220;fas fa-chevron-circle-down&#8220; add_icon=&#8220;true&#8220; title=&#8220;Wie erstelle ich ein Schulungskonto?&#8220; tab_id=&#8220;question-2&#8243;][vc_row_inner el_class=&#8220;cybv2&#8243;][vc_column_inner offset=&#8220;vc_col-md-offset-1 vc_col-md-10&#8243;][vc_column_text]<\/p>\n<h4>Wie erstelle ich ein Schulungskonto?<\/h4>\n<p>Als kunde oder partner k\u00f6nnen sie \u00fcber die <a href=\"https:\/\/cyberark.my.site.com\/s\" target=\"_blank\" rel=\"noopener\">CyberArk Technical Community<\/a>\u00a0auf die CyberArk university zugreifen. \u00f6ffentliche nutzer k\u00f6nnen \u00fcber die anmeldeseite ein konto mit eingeschr\u00e4nktem schulungszugriff erstellen.[\/vc_column_text][\/vc_column_inner][\/vc_row_inner][\/vc_tta_section][vc_tta_section i_position=&#8220;right&#8220; i_icon_fontawesome=&#8220;fas fa-chevron-circle-down&#8220; add_icon=&#8220;true&#8220; title=&#8220;Wie funktioniert die (virtuelle) Online-Live-Schulung?&#8220; tab_id=&#8220;question-3&#8243;][vc_row_inner el_class=&#8220;cybv2&#8243;][vc_column_inner offset=&#8220;vc_col-md-offset-1 vc_col-md-10&#8243;][vc_column_text]<\/p>\n<h4>Wie funktioniert die (virtuelle) online-live-schulung?<\/h4>\n<p>Alle unsere online-kurse sind live-kurse mit schulungsleitern. Sie haben die m\u00f6glichkeit, direkt mit dem schulungsleiter zu interagieren. Wir nutzen online-meetings sowie hands-on virtuelle labs. Sobald sie sich f\u00fcr einen kurs angemeldet haben, erhalten sie detaillierte anweisungen, wie sie auf ihren kurs zugreifen k\u00f6nnen.[\/vc_column_text][\/vc_column_inner][\/vc_row_inner][\/vc_tta_section][vc_tta_section i_position=&#8220;right&#8220; i_icon_fontawesome=&#8220;fas fa-chevron-circle-down&#8220; add_icon=&#8220;true&#8220; title=&#8220;Sind CyberArk Kurse f\u00fcr CPE-Gutschriften qualifiziert?&#8220; tab_id=&#8220;question-4&#8243;][vc_row_inner el_class=&#8220;cybv2&#8243;][vc_column_inner offset=&#8220;vc_col-md-offset-1 vc_col-md-10&#8243;][vc_column_text]<\/p>\n<h4>Sind CyberArk Kurse f\u00fcr CPE-gutschriften qualifiziert?<\/h4>\n<p>Ja! Sie k\u00f6nnen die abschlussbescheinigung verwenden, um cpe-gutschriften in einem unserer CyberArk-kurse einzureichen.[\/vc_column_text][\/vc_column_inner][\/vc_row_inner][\/vc_tta_section][vc_tta_section i_position=&#8220;right&#8220; i_icon_fontawesome=&#8220;fas fa-chevron-circle-up&#8220; add_icon=&#8220;true&#8220; title=&#8220;Wo kann ich die Defender- und Sentry-Zertifizierungspr\u00fcfungen absolvieren?&#8220; tab_id=&#8220;question-5&#8243;][vc_row_inner el_class=&#8220;cybv2&#8243;][vc_column_inner offset=&#8220;vc_col-md-offset-1 vc_col-md-10&#8243;][vc_column_text]<\/p>\n<h4>Wo kann ich die Defender- und Sentry-zertifizierungspr\u00fcfungen absolvieren?<\/h4>\n<p>CyberArk proctored exams werden von pearson vue verwaltet. Wir unterst\u00fctzen jetzt die online-beaufsichtigung, d. H. Sie k\u00f6nnen zu hause oder in ihrem b\u00fcro testen. Wo immer sie testen, sollten sie sich in einem abgeschlossenen raum mit geschlossener t\u00fcr und ohne ablenkungen aufhalten. Niemand anderes darf sich w\u00e4hrend des tests mit ihnen im raum aufhalten.[\/vc_column_text][\/vc_column_inner][\/vc_row_inner][\/vc_tta_section][\/vc_tta_tour][vc_raw_js]JTNDc2NyaXB0JTNFJTBBaWYlMjAlMjhqUXVlcnklMjh3aW5kb3clMjkud2lkdGglMjglMjklMjAlM0MlMjA3NjglMjklMjAlN0IlMEFqUXVlcnklMjglMjIudG91ciUyMC52Y190dGEtcGFuZWwlMjIlMjkub24lMjglMjJjbGljayUyMiUyQ2Z1bmN0aW9uJTI4JTI5JTIwJTdCJTBBJTA5JTBBJTA5aWYlMjhqUXVlcnklMjh0aGlzJTI5Lmhhc0NsYXNzJTI4JTIydmNfYWN0aXZlJTIyJTI5JTI5JTdCJTBBJTA5JTA5JTBBJTA5JTA5c2V0VGltZW91dCUyOGZ1bmN0aW9uJTI4JTI5JTdCJTBBJTA5JTA5JTA5alF1ZXJ5JTI4JTIyLnRvdXIlMjAudmNfdHRhLXBhbmVsJTIyJTI5LnJlbW92ZUNsYXNzJTI4JTIydmNfYWN0aXZlJTIyJTI5JTNCJTIwJTBBJTA5JTA5JTdEJTJDMTAwJTI5JTBBJTA5JTA5JTBBJTA5JTA5cmV0dXJuJTIwZmFsc2UlM0IlMEElMDklN0QlMEElN0QlMjklM0IlMEElN0QlMEElMEFqUXVlcnklMjglMjIudG91ciUyMC52Y190dGEtcGFuZWwlMjAud3BiX3RleHRfY29sdW1uJTIwYSUyMiUyOS5jbGljayUyOGZ1bmN0aW9uJTI4ZSUyOSUyMCU3QiUwQSUyMCUyMCUyMCUyRiUyRiUyMERvJTIwc29tZXRoaW5nJTBBJTIwJTIwJTIwZS5zdG9wUHJvcGFnYXRpb24lMjglMjklM0IlMEElN0QlMjklM0IlMEElM0MlMkZzY3JpcHQlM0U=[\/vc_raw_js][\/vc_column][\/vc_row]<\/p>\n<\/div>","protected":false},"excerpt":{"rendered":"<p>[vc_row full_width=&#8220;stretch_row&#8220; el_class=&#8220;cybv2 int-hero slate&#8220;][vc_column width=&#8220;1\/2&#8243; el_class=&#8220;column-1&#8243;][vc_column_text] Zertifizierungen R\u00fcsten Sie Ihr Team f\u00fcr die erfolgreiche Implementierung und Management Ihrer Identity Security. Das Zertifizierungsprogramm von CyberArk hilft Ihnen dabei, Wissen und F\u00e4higkeiten rund um diese kritische&#8230;<\/p>\n","protected":false},"author":164,"featured_media":0,"parent":32307,"menu_order":0,"comment_status":"closed","ping_status":"closed","template":"","meta":{"_acf_changed":false,"inline_featured_image":false,"footnotes":""},"product_category":[27776],"class_list":["post-117236","page","type-page","status-publish","hentry","product_category-identity-security"],"acf":[],"yoast_head":"<!-- This site is optimized with the Yoast SEO Premium plugin v27.2 (Yoast SEO v27.2) - https:\/\/yoast.com\/product\/yoast-seo-premium-wordpress\/ -->\n<title>Zertifizierungsprogramm f\u00fcr Identity Security | CyberArk<\/title>\n<meta name=\"description\" content=\"Erweitern Sie Ihr Wissen und Ihre F\u00e4higkeiten rund um die kritische Sicherheitsebene f\u00fcr Identity und Access Management. Lassen Sie sich zertifizieren, um Ihr Team auf Erfolgskurs zu bringen!\" \/>\n<meta name=\"robots\" content=\"index, follow, max-snippet:-1, max-image-preview:large, max-video-preview:-1\" \/>\n<link rel=\"canonical\" href=\"https:\/\/www.cyberark.com\/services-support\/certification\/\" \/>\n<meta property=\"og:locale\" content=\"de_DE\" \/>\n<meta property=\"og:type\" content=\"article\" \/>\n<meta property=\"og:title\" content=\"Zertifizierung\" \/>\n<meta property=\"og:description\" content=\"Erweitern Sie Ihr Wissen und Ihre F\u00e4higkeiten rund um die kritische Sicherheitsebene f\u00fcr Identity und Access Management. Lassen Sie sich zertifizieren, um Ihr Team auf Erfolgskurs zu bringen!\" \/>\n<meta property=\"og:url\" content=\"https:\/\/www.cyberark.com\/services-support\/certification\/\" \/>\n<meta property=\"og:site_name\" content=\"CyberArk\" \/>\n<meta property=\"article:publisher\" content=\"https:\/\/www.facebook.com\/CyberArk\/\" \/>\n<meta property=\"article:modified_time\" content=\"2025-08-12T05:54:15+00:00\" \/>\n<meta name=\"twitter:card\" content=\"summary_large_image\" \/>\n<meta name=\"twitter:site\" content=\"@CyberArk\" \/>\n<meta name=\"twitter:label1\" content=\"Gesch\u00e4tzte Lesezeit\" \/>\n\t<meta name=\"twitter:data1\" content=\"5 Minuten\" \/>\n<script type=\"application\/ld+json\" class=\"yoast-schema-graph\">{\"@context\":\"https:\/\/schema.org\",\"@graph\":[{\"@type\":\"WebPage\",\"@id\":\"https:\/\/www.cyberark.com\/services-support\/certification\/\",\"url\":\"https:\/\/www.cyberark.com\/services-support\/certification\/\",\"name\":\"Zertifizierungsprogramm f\u00fcr Identity Security | CyberArk\",\"isPartOf\":{\"@id\":\"https:\/\/www.cyberark.com\/#website\"},\"primaryImageOfPage\":{\"@id\":\"https:\/\/www.cyberark.com\/services-support\/certification\/#primaryimage\"},\"image\":{\"@id\":\"https:\/\/www.cyberark.com\/services-support\/certification\/#primaryimage\"},\"thumbnailUrl\":\"https:\/\/www.cyberark.com\/wp-content\/uploads\/2021\/03\/Get-Ready.svg\",\"datePublished\":\"2021-04-12T19:48:46+00:00\",\"dateModified\":\"2025-08-12T05:54:15+00:00\",\"description\":\"Erweitern Sie Ihr Wissen und Ihre F\u00e4higkeiten rund um die kritische Sicherheitsebene f\u00fcr Identity und Access Management. Lassen Sie sich zertifizieren, um Ihr Team auf Erfolgskurs zu bringen!\",\"breadcrumb\":{\"@id\":\"https:\/\/www.cyberark.com\/services-support\/certification\/#breadcrumb\"},\"inLanguage\":\"de-DE\",\"potentialAction\":[{\"@type\":\"ReadAction\",\"target\":[\"https:\/\/www.cyberark.com\/services-support\/certification\/\"]}]},{\"@type\":\"ImageObject\",\"inLanguage\":\"de-DE\",\"@id\":\"https:\/\/www.cyberark.com\/services-support\/certification\/#primaryimage\",\"url\":\"https:\/\/www.cyberark.com\/wp-content\/uploads\/2021\/03\/Get-Ready.svg\",\"contentUrl\":\"https:\/\/www.cyberark.com\/wp-content\/uploads\/2021\/03\/Get-Ready.svg\"},{\"@type\":\"BreadcrumbList\",\"@id\":\"https:\/\/www.cyberark.com\/services-support\/certification\/#breadcrumb\",\"itemListElement\":[{\"@type\":\"ListItem\",\"position\":1,\"name\":\"Home\",\"item\":\"https:\/\/www.cyberark.com\/\"},{\"@type\":\"ListItem\",\"position\":2,\"name\":\"Service und Support\",\"item\":\"https:\/\/www.cyberark.com\/services-support\/\"},{\"@type\":\"ListItem\",\"position\":3,\"name\":\"Zertifizierung\"}]},{\"@type\":\"WebSite\",\"@id\":\"https:\/\/www.cyberark.com\/#website\",\"url\":\"https:\/\/www.cyberark.com\/\",\"name\":\"CyberArk\",\"description\":\"\",\"publisher\":{\"@id\":\"https:\/\/www.cyberark.com\/#organization\"},\"potentialAction\":[{\"@type\":\"SearchAction\",\"target\":{\"@type\":\"EntryPoint\",\"urlTemplate\":\"https:\/\/www.cyberark.com\/?s={search_term_string}\"},\"query-input\":{\"@type\":\"PropertyValueSpecification\",\"valueRequired\":true,\"valueName\":\"search_term_string\"}}],\"inLanguage\":\"de-DE\"},{\"@type\":\"Organization\",\"@id\":\"https:\/\/www.cyberark.com\/#organization\",\"name\":\"CyberArk Software\",\"url\":\"https:\/\/www.cyberark.com\/\",\"logo\":{\"@type\":\"ImageObject\",\"inLanguage\":\"de-DE\",\"@id\":\"https:\/\/www.cyberark.com\/#\/schema\/logo\/image\/\",\"url\":\"https:\/\/www.cyberark.com\/wp-content\/uploads\/2021\/02\/cyberark-logo-dark.svg\",\"contentUrl\":\"https:\/\/www.cyberark.com\/wp-content\/uploads\/2021\/02\/cyberark-logo-dark.svg\",\"width\":\"1024\",\"height\":\"1024\",\"caption\":\"CyberArk Software\"},\"image\":{\"@id\":\"https:\/\/www.cyberark.com\/#\/schema\/logo\/image\/\"},\"sameAs\":[\"https:\/\/www.facebook.com\/CyberArk\/\",\"https:\/\/x.com\/CyberArk\",\"https:\/\/www.linkedin.com\/company\/cyber-ark-software\/\"]}]}<\/script>\n<!-- \/ Yoast SEO Premium plugin. -->","yoast_head_json":{"title":"Zertifizierungsprogramm f\u00fcr Identity Security | CyberArk","description":"Erweitern Sie Ihr Wissen und Ihre F\u00e4higkeiten rund um die kritische Sicherheitsebene f\u00fcr Identity und Access Management. Lassen Sie sich zertifizieren, um Ihr Team auf Erfolgskurs zu bringen!","robots":{"index":"index","follow":"follow","max-snippet":"max-snippet:-1","max-image-preview":"max-image-preview:large","max-video-preview":"max-video-preview:-1"},"canonical":"https:\/\/www.cyberark.com\/services-support\/certification\/","og_locale":"de_DE","og_type":"article","og_title":"Zertifizierung","og_description":"Erweitern Sie Ihr Wissen und Ihre F\u00e4higkeiten rund um die kritische Sicherheitsebene f\u00fcr Identity und Access Management. Lassen Sie sich zertifizieren, um Ihr Team auf Erfolgskurs zu bringen!","og_url":"https:\/\/www.cyberark.com\/services-support\/certification\/","og_site_name":"CyberArk","article_publisher":"https:\/\/www.facebook.com\/CyberArk\/","article_modified_time":"2025-08-12T05:54:15+00:00","twitter_card":"summary_large_image","twitter_site":"@CyberArk","twitter_misc":{"Gesch\u00e4tzte Lesezeit":"5 Minuten"},"schema":{"@context":"https:\/\/schema.org","@graph":[{"@type":"WebPage","@id":"https:\/\/www.cyberark.com\/services-support\/certification\/","url":"https:\/\/www.cyberark.com\/services-support\/certification\/","name":"Zertifizierungsprogramm f\u00fcr Identity Security | CyberArk","isPartOf":{"@id":"https:\/\/www.cyberark.com\/#website"},"primaryImageOfPage":{"@id":"https:\/\/www.cyberark.com\/services-support\/certification\/#primaryimage"},"image":{"@id":"https:\/\/www.cyberark.com\/services-support\/certification\/#primaryimage"},"thumbnailUrl":"https:\/\/www.cyberark.com\/wp-content\/uploads\/2021\/03\/Get-Ready.svg","datePublished":"2021-04-12T19:48:46+00:00","dateModified":"2025-08-12T05:54:15+00:00","description":"Erweitern Sie Ihr Wissen und Ihre F\u00e4higkeiten rund um die kritische Sicherheitsebene f\u00fcr Identity und Access Management. Lassen Sie sich zertifizieren, um Ihr Team auf Erfolgskurs zu bringen!","breadcrumb":{"@id":"https:\/\/www.cyberark.com\/services-support\/certification\/#breadcrumb"},"inLanguage":"de-DE","potentialAction":[{"@type":"ReadAction","target":["https:\/\/www.cyberark.com\/services-support\/certification\/"]}]},{"@type":"ImageObject","inLanguage":"de-DE","@id":"https:\/\/www.cyberark.com\/services-support\/certification\/#primaryimage","url":"https:\/\/www.cyberark.com\/wp-content\/uploads\/2021\/03\/Get-Ready.svg","contentUrl":"https:\/\/www.cyberark.com\/wp-content\/uploads\/2021\/03\/Get-Ready.svg"},{"@type":"BreadcrumbList","@id":"https:\/\/www.cyberark.com\/services-support\/certification\/#breadcrumb","itemListElement":[{"@type":"ListItem","position":1,"name":"Home","item":"https:\/\/www.cyberark.com\/"},{"@type":"ListItem","position":2,"name":"Service und Support","item":"https:\/\/www.cyberark.com\/services-support\/"},{"@type":"ListItem","position":3,"name":"Zertifizierung"}]},{"@type":"WebSite","@id":"https:\/\/www.cyberark.com\/#website","url":"https:\/\/www.cyberark.com\/","name":"CyberArk","description":"","publisher":{"@id":"https:\/\/www.cyberark.com\/#organization"},"potentialAction":[{"@type":"SearchAction","target":{"@type":"EntryPoint","urlTemplate":"https:\/\/www.cyberark.com\/?s={search_term_string}"},"query-input":{"@type":"PropertyValueSpecification","valueRequired":true,"valueName":"search_term_string"}}],"inLanguage":"de-DE"},{"@type":"Organization","@id":"https:\/\/www.cyberark.com\/#organization","name":"CyberArk Software","url":"https:\/\/www.cyberark.com\/","logo":{"@type":"ImageObject","inLanguage":"de-DE","@id":"https:\/\/www.cyberark.com\/#\/schema\/logo\/image\/","url":"https:\/\/www.cyberark.com\/wp-content\/uploads\/2021\/02\/cyberark-logo-dark.svg","contentUrl":"https:\/\/www.cyberark.com\/wp-content\/uploads\/2021\/02\/cyberark-logo-dark.svg","width":"1024","height":"1024","caption":"CyberArk Software"},"image":{"@id":"https:\/\/www.cyberark.com\/#\/schema\/logo\/image\/"},"sameAs":["https:\/\/www.facebook.com\/CyberArk\/","https:\/\/x.com\/CyberArk","https:\/\/www.linkedin.com\/company\/cyber-ark-software\/"]}]}},"_links":{"self":[{"href":"https:\/\/www.cyberark.com\/de\/wp-json\/wp\/v2\/pages\/117236","targetHints":{"allow":["GET"]}}],"collection":[{"href":"https:\/\/www.cyberark.com\/de\/wp-json\/wp\/v2\/pages"}],"about":[{"href":"https:\/\/www.cyberark.com\/de\/wp-json\/wp\/v2\/types\/page"}],"author":[{"embeddable":true,"href":"https:\/\/www.cyberark.com\/de\/wp-json\/wp\/v2\/users\/164"}],"replies":[{"embeddable":true,"href":"https:\/\/www.cyberark.com\/de\/wp-json\/wp\/v2\/comments?post=117236"}],"version-history":[{"count":0,"href":"https:\/\/www.cyberark.com\/de\/wp-json\/wp\/v2\/pages\/117236\/revisions"}],"up":[{"embeddable":true,"href":"https:\/\/www.cyberark.com\/de\/wp-json\/wp\/v2\/pages\/32307"}],"wp:attachment":[{"href":"https:\/\/www.cyberark.com\/de\/wp-json\/wp\/v2\/media?parent=117236"}],"wp:term":[{"taxonomy":"product_category","embeddable":true,"href":"https:\/\/www.cyberark.com\/de\/wp-json\/wp\/v2\/product_category?post=117236"}],"curies":[{"name":"wp","href":"https:\/\/api.w.org\/{rel}","templated":true}]}}