{"id":134372,"date":"2022-09-15T15:03:58","date_gmt":"2022-09-15T19:03:58","guid":{"rendered":"https:\/\/www.cyberark.com\/services-support\/kontakt-zum-technischen-support\/"},"modified":"2024-06-21T14:02:47","modified_gmt":"2024-06-21T18:02:47","slug":"technical-support-contact","status":"publish","type":"page","link":"https:\/\/www.cyberark.com\/de\/services-support\/technical-support-contact\/","title":{"rendered":"Kontakt zum technischen Support"},"content":{"rendered":"<div class=\"wpb-content-wrapper\"><p>[vc_row full_width=&#8220;stretch_row&#8220; el_class=&#8220;cybv2 int-hero-noimg slate&#8220;][vc_column width=&#8220;3\/4&#8243; el_class=&#8220;column-1&#8243;][vc_column_text]<\/p>\n<h1>Kontakt zum technischen support von cyberark<\/h1>\n<h2>Unser Team hilft Ihnen, eine optimale Leistung Ihrer CyberArk-L\u00f6sungen sicherzustellen.<\/h2>\n<p>[\/vc_column_text][vc_btn title=&#8220;Supportfall er\u00f6ffnen&#8220; style=&#8220;custom&#8220; custom_background=&#8220;&#8220; custom_text=&#8220;&#8220; shape=&#8220;square&#8220; link=&#8220;url:https%3A%2F%2Fcyberark.my.site.com%2Fs%2Flogin%2F|target:_blank|&#8220; el_class=&#8220;cybv2-button-solid&#8220;][vc_column_text el_class=&#8220;link-arrow-right&#8220;]<a href=\"https:\/\/www.cyberark.com\/resources\/product-datasheets\/cyberark-technical-support-guide\">Leitfaden f\u00fcr den technischen Support<\/a><i class=\"fa fa-long-arrow-right\"><\/i>[\/vc_column_text][\/vc_column][\/vc_row][vc_row el_class=&#8220;cybv2 cybv2-pad-top overview-hz&#8220;][vc_column width=&#8220;1\/4&#8243; el_class=&#8220;head-box&#8220;][vc_column_text]<\/p>\n<h3>Support-ressourcen<\/h3>\n<p>Hinter den Kulissen werden alle unsere Support-Angebote von einem engagierten Team von Support-Ingenieuren und Kundendienstmanagern unterst\u00fctzt, die sich daf\u00fcr einsetzen, dass Sie eine optimale Leistung Ihrer CyberArk-L\u00f6sungen gew\u00e4hrleisten k\u00f6nnen.[\/vc_column_text][\/vc_column][vc_column width=&#8220;2\/3&#8243; offset=&#8220;vc_col-sm-offset-1&#8243;][vc_row_inner equal_height=&#8220;yes&#8220;][vc_column_inner el_class=&#8220;cta-box&#8220; width=&#8220;5\/12&#8243;][vc_column_text]<img decoding=\"async\" class=\"alignnone size-full wp-image-121717\" src=\"https:\/\/www.cyberark.com\/wp-content\/uploads\/2021\/07\/ContactSupport-techsupportaccess-icon.svg\" alt=\"Contact CyberArk Support\" \/>[\/vc_column_text][vc_column_text css=&#8220;.vc_custom_1696828160183{padding-bottom: 20px !important;}&#8220;]<\/p>\n<h4>Zugang zum technischen support<\/h4>\n<p>Erkundigen Sie sich per E-Mail nach bew\u00e4hrten Verfahren zur Produktfunktionalit\u00e4t.[\/vc_column_text][vc_column_text el_class=&#8220;link-arrow-right&#8220;]<a href=\"mailto:support@cyberark.com\">E-Mail<\/a><i class=\"fa fa-long-arrow-right\"><\/i>[\/vc_column_text][\/vc_column_inner][vc_column_inner el_class=&#8220;cta-box&#8220; width=&#8220;5\/12&#8243; offset=&#8220;vc_col-sm-offset-1&#8243;][vc_column_text]<img decoding=\"async\" class=\"alignnone size-full wp-image-121928\" src=\"https:\/\/www.cyberark.com\/wp-content\/uploads\/2021\/08\/ContactSupport-supportportal.svg\" alt=\"Submit a Case\" \/>[\/vc_column_text][vc_column_text css=&#8220;.vc_custom_1696828167482{padding-bottom: 20px !important;}&#8220;]<\/p>\n<h4>Support-portal<\/h4>\n<p>Erfassen Sie F\u00e4lle und verschaffen Sie sich einen sofortigen \u00dcberblick \u00fcber alle Ihre Anfragen \u00fcber das Fallmodul der Technical Community.[\/vc_column_text][vc_column_text el_class=&#8220;link-arrow-right&#8220;]<a href=\"https:\/\/cyberark.my.site.com\/s\/login\/\" target=\"_blank\" rel=\"noopener\">Supportfall einreichen<\/a><i class=\"fa fa-long-arrow-right\"><\/i>[\/vc_column_text][\/vc_column_inner][vc_column_inner el_class=&#8220;cta-box&#8220; width=&#8220;5\/12&#8243;][vc_column_text]<img decoding=\"async\" class=\"alignnone size-full wp-image-121768\" src=\"https:\/\/www.cyberark.com\/wp-content\/uploads\/2021\/08\/ContactSupport-technicalcommunity-icon.svg\" alt=\"Engage Technical Community\" \/>[\/vc_column_text][vc_column_text css=&#8220;.vc_custom_1696828175940{padding-bottom: 20px !important;}&#8220;]<\/p>\n<h4>Technische community<\/h4>\n<p>Nutzen Sie den One-Stop-Shop von CyberArk f\u00fcr Self-Service-Ressourcen und Benutzer, um schnell Antworten zu erhalten.[\/vc_column_text][vc_column_text el_class=&#8220;link-arrow-right&#8220;]<a href=\"https:\/\/cyberark.my.site.com\/s\/login\/\" target=\"_blank\" rel=\"noopener\">Technische Community<\/a><i class=\"fa fa-long-arrow-right\"><\/i>[\/vc_column_text][\/vc_column_inner][vc_column_inner el_class=&#8220;cta-box&#8220; width=&#8220;5\/12&#8243; offset=&#8220;vc_col-sm-offset-1&#8243;][vc_column_text]<img decoding=\"async\" class=\"alignnone size-full wp-image-121936\" src=\"https:\/\/www.cyberark.com\/wp-content\/uploads\/2021\/08\/ContactSupport-supportfaq-icon.svg\" alt=\"View Support FAQ\" \/>[\/vc_column_text][vc_column_text css=&#8220;.vc_custom_1628018691461{padding-bottom: 20px !important;}&#8220;]<\/p>\n<h4>FAQs zum support<\/h4>\n<p>Erfahren Sie, wie Sie das umfangreiche technische Support-Team und die Ressourcen von CyberArk nutzen k\u00f6nnen.[\/vc_column_text][vc_column_text el_class=&#8220;link-arrow-right&#8220;]<a href=\"https:\/\/www.cyberark.com\/de\/services-support\/technical-support-faq\/\">FAQs anzeigen<\/a><i class=\"fa fa-long-arrow-right\"><\/i>[\/vc_column_text][\/vc_column_inner][\/vc_row_inner][\/vc_column][\/vc_row][vc_row full_width=&#8220;stretch_row&#8220; equal_height=&#8220;yes&#8220; el_class=&#8220;cybv2 cybv2-pad-top overview-more-col&#8220; css=&#8220;.vc_custom_1628019872936{background-color: #f7f7f7 !important;}&#8220;][vc_column width=&#8220;5\/6&#8243; el_class=&#8220;heading&#8220;][vc_column_text]<\/p>\n<h3>Telefonischer support<\/h3>\n<p>[\/vc_column_text][\/vc_column][vc_column width=&#8220;1\/3&#8243; el_class=&#8220;cta-box&#8220;][vc_column_text]<img decoding=\"async\" class=\"alignnone wp-image-129790 size-full\" src=\"https:\/\/www.cyberark.com\/wp-content\/uploads\/2022\/04\/user-phone-icon.svg\" alt=\"Phone support icon\" \/>[\/vc_column_text][vc_column_text el_class=&#8220;link-arrow-right&#8220;]<\/p>\n<h4>Americas<\/h4>\n<p>+1-855-636-1536<br \/>\n+1-617-430-5875[\/vc_column_text][\/vc_column][vc_column width=&#8220;1\/3&#8243; el_class=&#8220;cta-box&#8220;][vc_column_text]<img decoding=\"async\" class=\"alignnone wp-image-129790 size-full\" src=\"https:\/\/www.cyberark.com\/wp-content\/uploads\/2022\/04\/user-phone-icon.svg\" alt=\"Phone support icon\" \/>[\/vc_column_text][vc_column_text el_class=&#8220;link-arrow-right&#8220;]<\/p>\n<h4>Europa, Naher Osten und Afrika<\/h4>\n<p>+44-800-0668865[\/vc_column_text][\/vc_column][vc_column width=&#8220;1\/3&#8243; el_class=&#8220;cta-box&#8220;][vc_column_text]<img decoding=\"async\" class=\"alignnone wp-image-129790 size-full\" src=\"https:\/\/www.cyberark.com\/wp-content\/uploads\/2022\/04\/user-phone-icon.svg\" alt=\"Phone support icon\" \/>[\/vc_column_text][vc_column_text el_class=&#8220;link-arrow-right&#8220;]<\/p>\n<h4>Asien-Pazifik-Raum und Japan<\/h4>\n<p>+65-6460-4254[\/vc_column_text][\/vc_column][vc_column width=&#8220;1\/3&#8243; el_class=&#8220;cta-box&#8220;][vc_column_text]<img decoding=\"async\" class=\"alignnone wp-image-129790 size-full\" src=\"https:\/\/www.cyberark.com\/wp-content\/uploads\/2022\/04\/user-phone-icon.svg\" alt=\"Phone support icon\" \/>[\/vc_column_text][vc_column_text el_class=&#8220;link-arrow-right&#8220;]<\/p>\n<h4>Israel<\/h4>\n<p>+972-1809-344-251[\/vc_column_text][\/vc_column][vc_column width=&#8220;1\/3&#8243; el_class=&#8220;cta-box&#8220;][vc_column_text]<img decoding=\"async\" class=\"alignnone wp-image-129790 size-full\" src=\"https:\/\/www.cyberark.com\/wp-content\/uploads\/2022\/04\/user-phone-icon.svg\" alt=\"Phone support icon\" \/>[\/vc_column_text][vc_column_text el_class=&#8220;link-arrow-right&#8220;]<\/p>\n<h4>Australia<\/h4>\n<p>+61-1-800-867-206[\/vc_column_text][\/vc_column][vc_column width=&#8220;1\/3&#8243; el_class=&#8220;cta-box&#8220;][vc_column_text]<img decoding=\"async\" class=\"alignnone wp-image-129790 size-full\" src=\"https:\/\/www.cyberark.com\/wp-content\/uploads\/2022\/04\/user-phone-icon.svg\" alt=\"Phone support icon\" \/>[\/vc_column_text][vc_column_text el_class=&#8220;link-arrow-right&#8220;]<\/p>\n<h4>India<\/h4>\n<p>000800 919 1790[\/vc_column_text][\/vc_column][\/vc_row][vc_row full_width=&#8220;stretch_row&#8220; el_class=&#8220;cybv2 cybv2_talk_to_an_expert dark&#8220;][vc_column][vc_column_text el_class=&#8220;extra-space&#8220;]<\/p>\n<h2 style=\"text-align: center;\">Brauchen sie unterst\u00fctzung bei der wartung?<\/h2>\n<p>[\/vc_column_text][vc_column_text el_class=&#8220;new_hpstyle_section9_text&#8220; css=&#8220;.vc_custom_1696828248490{padding-bottom: 20px !important;}&#8220;]<\/p>\n<p style=\"text-align: center;\">Werden Sie Vollzugriffsbenutzer und profitieren Sie von unserem globalen technischen support-team.<\/p>\n<p>[\/vc_column_text][vc_column_text el_class=&#8220;link-arrow-right&#8220;]<a href=\"mailto:users.access@cyberark.com\">Kontakt aufnehmen<\/a><i class=\"fa fa-long-arrow-right\"><\/i>[\/vc_column_text][\/vc_column][\/vc_row]<\/p>\n<\/div>","protected":false},"excerpt":{"rendered":"<p>[vc_row full_width=&#8220;stretch_row&#8220; el_class=&#8220;cybv2 int-hero-noimg slate&#8220;][vc_column width=&#8220;3\/4&#8243; el_class=&#8220;column-1&#8243;][vc_column_text] Kontakt zum technischen support von cyberark Unser Team hilft Ihnen, eine optimale Leistung Ihrer CyberArk-L\u00f6sungen sicherzustellen. [\/vc_column_text][vc_btn title=&#8220;Supportfall er\u00f6ffnen&#8220; style=&#8220;custom&#8220; custom_background=&#8220;&#8220; custom_text=&#8220;&#8220; shape=&#8220;square&#8220; link=&#8220;url:https%3A%2F%2Fcyberark.my.site.com%2Fs%2Flogin%2F|target:_blank|&#8220; el_class=&#8220;cybv2-button-solid&#8220;][vc_column_text el_class=&#8220;link-arrow-right&#8220;]Leitfaden f\u00fcr den&#8230;<\/p>\n","protected":false},"author":164,"featured_media":0,"parent":32307,"menu_order":0,"comment_status":"closed","ping_status":"closed","template":"","meta":{"_acf_changed":false,"inline_featured_image":false,"footnotes":""},"product_category":[27776],"class_list":["post-134372","page","type-page","status-publish","hentry","product_category-identity-security"],"acf":[],"yoast_head":"<!-- This site is optimized with the Yoast SEO Premium plugin v27.2 (Yoast SEO v27.2) - https:\/\/yoast.com\/product\/yoast-seo-premium-wordpress\/ -->\n<title>Ansprechpartner f\u00fcr den technischen Support | CyberArk<\/title>\n<meta name=\"description\" content=\"Das CyberArk Technical Support Team hilft Ihnen gerne weiter!\u00a0 Kontaktieren Sie uns, damit wir Ihnen helfen k\u00f6nnen, die optimale Leistung Ihrer CyberArk Identity Security-L\u00f6sungen zu gew\u00e4hrleisten.\" \/>\n<meta name=\"robots\" content=\"index, follow, max-snippet:-1, max-image-preview:large, max-video-preview:-1\" \/>\n<link rel=\"canonical\" href=\"https:\/\/www.cyberark.com\/services-support\/technical-support-contact\/\" \/>\n<meta property=\"og:locale\" content=\"de_DE\" \/>\n<meta property=\"og:type\" content=\"article\" \/>\n<meta property=\"og:title\" content=\"Kontakt zum technischen Support\" \/>\n<meta property=\"og:description\" content=\"Das CyberArk Technical Support Team hilft Ihnen gerne weiter!\u00a0 Kontaktieren Sie uns, damit wir Ihnen helfen k\u00f6nnen, die optimale Leistung Ihrer CyberArk Identity Security-L\u00f6sungen zu gew\u00e4hrleisten.\" \/>\n<meta property=\"og:url\" content=\"https:\/\/www.cyberark.com\/services-support\/technical-support-contact\/\" \/>\n<meta property=\"og:site_name\" content=\"CyberArk\" \/>\n<meta property=\"article:publisher\" content=\"https:\/\/www.facebook.com\/CyberArk\/\" \/>\n<meta property=\"article:modified_time\" content=\"2024-06-21T18:02:47+00:00\" \/>\n<meta property=\"og:image\" content=\"https:\/\/www.cyberark.com\/wp-content\/uploads\/2021\/07\/ContactSupport-techsupportaccess-icon.svg\" \/>\n<meta name=\"twitter:card\" content=\"summary_large_image\" \/>\n<meta name=\"twitter:site\" content=\"@CyberArk\" \/>\n<meta name=\"twitter:label1\" content=\"Gesch\u00e4tzte Lesezeit\" \/>\n\t<meta name=\"twitter:data1\" content=\"4 Minuten\" \/>\n<script type=\"application\/ld+json\" class=\"yoast-schema-graph\">{\"@context\":\"https:\/\/schema.org\",\"@graph\":[{\"@type\":\"WebPage\",\"@id\":\"https:\/\/www.cyberark.com\/services-support\/technical-support-contact\/\",\"url\":\"https:\/\/www.cyberark.com\/services-support\/technical-support-contact\/\",\"name\":\"Ansprechpartner f\u00fcr den technischen Support | CyberArk\",\"isPartOf\":{\"@id\":\"https:\/\/www.cyberark.com\/#website\"},\"primaryImageOfPage\":{\"@id\":\"https:\/\/www.cyberark.com\/services-support\/technical-support-contact\/#primaryimage\"},\"image\":{\"@id\":\"https:\/\/www.cyberark.com\/services-support\/technical-support-contact\/#primaryimage\"},\"thumbnailUrl\":\"https:\/\/www.cyberark.com\/wp-content\/uploads\/2021\/07\/ContactSupport-techsupportaccess-icon.svg\",\"datePublished\":\"2022-09-15T19:03:58+00:00\",\"dateModified\":\"2024-06-21T18:02:47+00:00\",\"description\":\"Das CyberArk Technical Support Team hilft Ihnen gerne weiter!\u00a0 Kontaktieren Sie uns, damit wir Ihnen helfen k\u00f6nnen, die optimale Leistung Ihrer CyberArk Identity Security-L\u00f6sungen zu gew\u00e4hrleisten.\",\"breadcrumb\":{\"@id\":\"https:\/\/www.cyberark.com\/services-support\/technical-support-contact\/#breadcrumb\"},\"inLanguage\":\"de-DE\",\"potentialAction\":[{\"@type\":\"ReadAction\",\"target\":[\"https:\/\/www.cyberark.com\/services-support\/technical-support-contact\/\"]}]},{\"@type\":\"ImageObject\",\"inLanguage\":\"de-DE\",\"@id\":\"https:\/\/www.cyberark.com\/services-support\/technical-support-contact\/#primaryimage\",\"url\":\"https:\/\/www.cyberark.com\/wp-content\/uploads\/2021\/07\/ContactSupport-techsupportaccess-icon.svg\",\"contentUrl\":\"https:\/\/www.cyberark.com\/wp-content\/uploads\/2021\/07\/ContactSupport-techsupportaccess-icon.svg\"},{\"@type\":\"BreadcrumbList\",\"@id\":\"https:\/\/www.cyberark.com\/services-support\/technical-support-contact\/#breadcrumb\",\"itemListElement\":[{\"@type\":\"ListItem\",\"position\":1,\"name\":\"Home\",\"item\":\"https:\/\/www.cyberark.com\/\"},{\"@type\":\"ListItem\",\"position\":2,\"name\":\"Service und Support\",\"item\":\"https:\/\/www.cyberark.com\/services-support\/\"},{\"@type\":\"ListItem\",\"position\":3,\"name\":\"Kontakt zum technischen Support\"}]},{\"@type\":\"WebSite\",\"@id\":\"https:\/\/www.cyberark.com\/#website\",\"url\":\"https:\/\/www.cyberark.com\/\",\"name\":\"CyberArk\",\"description\":\"\",\"publisher\":{\"@id\":\"https:\/\/www.cyberark.com\/#organization\"},\"potentialAction\":[{\"@type\":\"SearchAction\",\"target\":{\"@type\":\"EntryPoint\",\"urlTemplate\":\"https:\/\/www.cyberark.com\/?s={search_term_string}\"},\"query-input\":{\"@type\":\"PropertyValueSpecification\",\"valueRequired\":true,\"valueName\":\"search_term_string\"}}],\"inLanguage\":\"de-DE\"},{\"@type\":\"Organization\",\"@id\":\"https:\/\/www.cyberark.com\/#organization\",\"name\":\"CyberArk Software\",\"url\":\"https:\/\/www.cyberark.com\/\",\"logo\":{\"@type\":\"ImageObject\",\"inLanguage\":\"de-DE\",\"@id\":\"https:\/\/www.cyberark.com\/#\/schema\/logo\/image\/\",\"url\":\"https:\/\/www.cyberark.com\/wp-content\/uploads\/2021\/02\/cyberark-logo-dark.svg\",\"contentUrl\":\"https:\/\/www.cyberark.com\/wp-content\/uploads\/2021\/02\/cyberark-logo-dark.svg\",\"width\":\"1024\",\"height\":\"1024\",\"caption\":\"CyberArk Software\"},\"image\":{\"@id\":\"https:\/\/www.cyberark.com\/#\/schema\/logo\/image\/\"},\"sameAs\":[\"https:\/\/www.facebook.com\/CyberArk\/\",\"https:\/\/x.com\/CyberArk\",\"https:\/\/www.linkedin.com\/company\/cyber-ark-software\/\"]}]}<\/script>\n<!-- \/ Yoast SEO Premium plugin. -->","yoast_head_json":{"title":"Ansprechpartner f\u00fcr den technischen Support | CyberArk","description":"Das CyberArk Technical Support Team hilft Ihnen gerne weiter!\u00a0 Kontaktieren Sie uns, damit wir Ihnen helfen k\u00f6nnen, die optimale Leistung Ihrer CyberArk Identity Security-L\u00f6sungen zu gew\u00e4hrleisten.","robots":{"index":"index","follow":"follow","max-snippet":"max-snippet:-1","max-image-preview":"max-image-preview:large","max-video-preview":"max-video-preview:-1"},"canonical":"https:\/\/www.cyberark.com\/services-support\/technical-support-contact\/","og_locale":"de_DE","og_type":"article","og_title":"Kontakt zum technischen Support","og_description":"Das CyberArk Technical Support Team hilft Ihnen gerne weiter!\u00a0 Kontaktieren Sie uns, damit wir Ihnen helfen k\u00f6nnen, die optimale Leistung Ihrer CyberArk Identity Security-L\u00f6sungen zu gew\u00e4hrleisten.","og_url":"https:\/\/www.cyberark.com\/services-support\/technical-support-contact\/","og_site_name":"CyberArk","article_publisher":"https:\/\/www.facebook.com\/CyberArk\/","article_modified_time":"2024-06-21T18:02:47+00:00","og_image":[{"url":"https:\/\/www.cyberark.com\/wp-content\/uploads\/2021\/07\/ContactSupport-techsupportaccess-icon.svg","type":"","width":"","height":""}],"twitter_card":"summary_large_image","twitter_site":"@CyberArk","twitter_misc":{"Gesch\u00e4tzte Lesezeit":"4 Minuten"},"schema":{"@context":"https:\/\/schema.org","@graph":[{"@type":"WebPage","@id":"https:\/\/www.cyberark.com\/services-support\/technical-support-contact\/","url":"https:\/\/www.cyberark.com\/services-support\/technical-support-contact\/","name":"Ansprechpartner f\u00fcr den technischen Support | CyberArk","isPartOf":{"@id":"https:\/\/www.cyberark.com\/#website"},"primaryImageOfPage":{"@id":"https:\/\/www.cyberark.com\/services-support\/technical-support-contact\/#primaryimage"},"image":{"@id":"https:\/\/www.cyberark.com\/services-support\/technical-support-contact\/#primaryimage"},"thumbnailUrl":"https:\/\/www.cyberark.com\/wp-content\/uploads\/2021\/07\/ContactSupport-techsupportaccess-icon.svg","datePublished":"2022-09-15T19:03:58+00:00","dateModified":"2024-06-21T18:02:47+00:00","description":"Das CyberArk Technical Support Team hilft Ihnen gerne weiter!\u00a0 Kontaktieren Sie uns, damit wir Ihnen helfen k\u00f6nnen, die optimale Leistung Ihrer CyberArk Identity Security-L\u00f6sungen zu gew\u00e4hrleisten.","breadcrumb":{"@id":"https:\/\/www.cyberark.com\/services-support\/technical-support-contact\/#breadcrumb"},"inLanguage":"de-DE","potentialAction":[{"@type":"ReadAction","target":["https:\/\/www.cyberark.com\/services-support\/technical-support-contact\/"]}]},{"@type":"ImageObject","inLanguage":"de-DE","@id":"https:\/\/www.cyberark.com\/services-support\/technical-support-contact\/#primaryimage","url":"https:\/\/www.cyberark.com\/wp-content\/uploads\/2021\/07\/ContactSupport-techsupportaccess-icon.svg","contentUrl":"https:\/\/www.cyberark.com\/wp-content\/uploads\/2021\/07\/ContactSupport-techsupportaccess-icon.svg"},{"@type":"BreadcrumbList","@id":"https:\/\/www.cyberark.com\/services-support\/technical-support-contact\/#breadcrumb","itemListElement":[{"@type":"ListItem","position":1,"name":"Home","item":"https:\/\/www.cyberark.com\/"},{"@type":"ListItem","position":2,"name":"Service und Support","item":"https:\/\/www.cyberark.com\/services-support\/"},{"@type":"ListItem","position":3,"name":"Kontakt zum technischen Support"}]},{"@type":"WebSite","@id":"https:\/\/www.cyberark.com\/#website","url":"https:\/\/www.cyberark.com\/","name":"CyberArk","description":"","publisher":{"@id":"https:\/\/www.cyberark.com\/#organization"},"potentialAction":[{"@type":"SearchAction","target":{"@type":"EntryPoint","urlTemplate":"https:\/\/www.cyberark.com\/?s={search_term_string}"},"query-input":{"@type":"PropertyValueSpecification","valueRequired":true,"valueName":"search_term_string"}}],"inLanguage":"de-DE"},{"@type":"Organization","@id":"https:\/\/www.cyberark.com\/#organization","name":"CyberArk Software","url":"https:\/\/www.cyberark.com\/","logo":{"@type":"ImageObject","inLanguage":"de-DE","@id":"https:\/\/www.cyberark.com\/#\/schema\/logo\/image\/","url":"https:\/\/www.cyberark.com\/wp-content\/uploads\/2021\/02\/cyberark-logo-dark.svg","contentUrl":"https:\/\/www.cyberark.com\/wp-content\/uploads\/2021\/02\/cyberark-logo-dark.svg","width":"1024","height":"1024","caption":"CyberArk Software"},"image":{"@id":"https:\/\/www.cyberark.com\/#\/schema\/logo\/image\/"},"sameAs":["https:\/\/www.facebook.com\/CyberArk\/","https:\/\/x.com\/CyberArk","https:\/\/www.linkedin.com\/company\/cyber-ark-software\/"]}]}},"_links":{"self":[{"href":"https:\/\/www.cyberark.com\/de\/wp-json\/wp\/v2\/pages\/134372","targetHints":{"allow":["GET"]}}],"collection":[{"href":"https:\/\/www.cyberark.com\/de\/wp-json\/wp\/v2\/pages"}],"about":[{"href":"https:\/\/www.cyberark.com\/de\/wp-json\/wp\/v2\/types\/page"}],"author":[{"embeddable":true,"href":"https:\/\/www.cyberark.com\/de\/wp-json\/wp\/v2\/users\/164"}],"replies":[{"embeddable":true,"href":"https:\/\/www.cyberark.com\/de\/wp-json\/wp\/v2\/comments?post=134372"}],"version-history":[{"count":0,"href":"https:\/\/www.cyberark.com\/de\/wp-json\/wp\/v2\/pages\/134372\/revisions"}],"up":[{"embeddable":true,"href":"https:\/\/www.cyberark.com\/de\/wp-json\/wp\/v2\/pages\/32307"}],"wp:attachment":[{"href":"https:\/\/www.cyberark.com\/de\/wp-json\/wp\/v2\/media?parent=134372"}],"wp:term":[{"taxonomy":"product_category","embeddable":true,"href":"https:\/\/www.cyberark.com\/de\/wp-json\/wp\/v2\/product_category?post=134372"}],"curies":[{"name":"wp","href":"https:\/\/api.w.org\/{rel}","templated":true}]}}