{"id":134373,"date":"2022-09-15T15:04:24","date_gmt":"2022-09-15T19:04:24","guid":{"rendered":"https:\/\/www.cyberark.com\/partners\/partner-werden\/"},"modified":"2023-12-07T07:58:28","modified_gmt":"2023-12-07T12:58:28","slug":"become-a-partner","status":"publish","type":"page","link":"https:\/\/www.cyberark.com\/de\/partners\/become-a-partner\/","title":{"rendered":"Partner werden"},"content":{"rendered":"<div class=\"wpb-content-wrapper\"><p>[vc_row full_width=&#8220;stretch_row&#8220; equal_height=&#8220;yes&#8220; css=&#8220;.vc_custom_1609868130755{background-color: #f7f7f7 !important;}&#8220; el_class=&#8220;cybv2 cybv2-pad-top hv-cta&#8220;][vc_column width=&#8220;7\/12&#8243; el_class=&#8220;left-clmn&#8220;][vc_column_text]<\/p>\n<h1>Werden sie unser partner <\/h1>\n<h4>Das CyberArk Partner-Programm bietet Ihnen eine flexible, best\u00e4ndige und berechenbare Partnerschaftserfahrung.<\/h4>\n<p>[\/vc_column_text][vc_row_inner][vc_column_inner el_class=&#8220;head-box&#8220;][vc_column_text]<img loading=\"lazy\" decoding=\"async\" width=\"48\" height=\"48\" class=\"alignnone wp-image-106504 size-medium\" style=\"width: 48px;\" src=\"https:\/\/www.cyberark.com\/wp-content\/uploads\/2020\/12\/cybv2-checkmark-orange.svg\" alt=\"\" \/>[\/vc_column_text][vc_column_text el_class=&#8220;head-box-text&#8220;]Ein einheitliches Programm im Rahmen einer Partnervereinbarung, das Sie auf allen Wegen zur Vermarktung unterst\u00fctzt[\/vc_column_text][\/vc_column_inner][\/vc_row_inner][vc_row_inner][vc_column_inner el_class=&#8220;head-box&#8220;][vc_column_text]<img loading=\"lazy\" decoding=\"async\" width=\"48\" height=\"48\" class=\"alignnone wp-image-106504 size-medium\" style=\"width: 48px;\" src=\"https:\/\/www.cyberark.com\/wp-content\/uploads\/2020\/12\/cybv2-checkmark-orange.svg\" alt=\"\" \/>[\/vc_column_text][vc_column_text el_class=&#8220;head-box-text&#8220;]Ein Engagement f\u00fcr Bef\u00e4higung, Verkauf, technische Unterst\u00fctzung und Marketing[\/vc_column_text][\/vc_column_inner][\/vc_row_inner][vc_row_inner][vc_column_inner el_class=&#8220;head-box&#8220;][vc_column_text]<img loading=\"lazy\" decoding=\"async\" width=\"48\" height=\"48\" class=\"alignnone wp-image-106504 size-medium\" style=\"width: 48px;\" src=\"https:\/\/www.cyberark.com\/wp-content\/uploads\/2020\/12\/cybv2-checkmark-orange.svg\" alt=\"\" \/>[\/vc_column_text][vc_column_text el_class=&#8220;head-box-text&#8220;]Vorteile, Anreize und Belohnungen, die mit dem WACHSTUM Ihrer CyberArk-Praxis steigen [\/vc_column_text][\/vc_column_inner][\/vc_row_inner][vc_single_image image=&#8220;123159&#8243; img_size=&#8220;full&#8220; el_class=&#8220;d-none d-md-block&#8220;][\/vc_column][vc_column width=&#8220;1\/12&#8243; css=&#8220;.vc_custom_1609282896657{margin-right: 45px !important;border-right-width: 1px !important;border-right-color: #717171 !important;border-right-style: solid !important;}&#8220;][\/vc_column][vc_column width=&#8220;1\/3&#8243; el_class=&#8220;right-clmn cybv2-form&#8220;][vc_column_text el_class=&#8220;bold&#8220;]<\/p>\n<h4>Partner werden<\/h4>\n<p>[\/vc_column_text][vc_raw_html]W21hcmtldG9fZm9ybSBpZD0iNzM2MyIgdHlfcGFnZV91cmw9Imh0dHBzOi8vd3d3LmN5YmVyYXJrLmNvbS9wYXJ0bmVycy90aGFuay15b3UtYmVjb21lLXBhcnRuZXIvIl0=[\/vc_raw_html][\/vc_column][\/vc_row]<\/p>\n<\/div>","protected":false},"excerpt":{"rendered":"<p>[vc_row full_width=&#8220;stretch_row&#8220; equal_height=&#8220;yes&#8220; css=&#8220;.vc_custom_1609868130755{background-color: #f7f7f7 !important;}&#8220; el_class=&#8220;cybv2 cybv2-pad-top hv-cta&#8220;][vc_column width=&#8220;7\/12&#8243; el_class=&#8220;left-clmn&#8220;][vc_column_text] Werden sie unser partner Das CyberArk Partner-Programm bietet Ihnen eine flexible, best\u00e4ndige und berechenbare Partnerschaftserfahrung. [\/vc_column_text][vc_row_inner][vc_column_inner el_class=&#8220;head-box&#8220;][vc_column_text][\/vc_column_text][vc_column_text el_class=&#8220;head-box-text&#8220;]Ein einheitliches Programm im Rahmen einer Partnervereinbarung,&#8230;<\/p>\n","protected":false},"author":164,"featured_media":0,"parent":32300,"menu_order":0,"comment_status":"closed","ping_status":"closed","template":"","meta":{"_acf_changed":false,"inline_featured_image":false,"footnotes":""},"product_category":[27776],"class_list":["post-134373","page","type-page","status-publish","hentry","product_category-identity-security"],"acf":[],"yoast_head":"<!-- This site is optimized with the Yoast SEO Premium plugin v27.2 (Yoast SEO v27.2) - https:\/\/yoast.com\/product\/yoast-seo-premium-wordpress\/ -->\n<title>Werden Sie Partner | CyberArk<\/title>\n<meta name=\"description\" content=\"Werden Sie CyberArk-Partner, um Ihr Unternehmen voranzubringen und Ihre Kunden vor Cyberangriffen auf ihre privilegierten Zug\u00e4nge und Identit\u00e4tssicherheit zu sch\u00fctzen.\" \/>\n<meta name=\"robots\" content=\"index, follow, max-snippet:-1, max-image-preview:large, max-video-preview:-1\" \/>\n<link rel=\"canonical\" href=\"https:\/\/www.cyberark.com\/de\/partners\/become-a-partner\/\" \/>\n<meta property=\"og:locale\" content=\"de_DE\" \/>\n<meta property=\"og:type\" content=\"article\" \/>\n<meta property=\"og:title\" content=\"Partner werden\" \/>\n<meta property=\"og:description\" content=\"Werden Sie CyberArk-Partner, um Ihr Unternehmen voranzubringen und Ihre Kunden vor Cyberangriffen auf ihre privilegierten Zug\u00e4nge und Identit\u00e4tssicherheit zu sch\u00fctzen.\" \/>\n<meta property=\"og:url\" content=\"https:\/\/www.cyberark.com\/de\/partners\/become-a-partner\/\" \/>\n<meta property=\"og:site_name\" content=\"CyberArk\" \/>\n<meta property=\"article:publisher\" content=\"https:\/\/www.facebook.com\/CyberArk\/\" \/>\n<meta property=\"article:modified_time\" content=\"2023-12-07T12:58:28+00:00\" \/>\n<meta property=\"og:image\" content=\"https:\/\/www.cyberark.com\/wp-content\/uploads\/2020\/12\/cybv2-checkmark-orange.svg\" \/>\n<meta name=\"twitter:card\" content=\"summary_large_image\" \/>\n<meta name=\"twitter:site\" content=\"@CyberArk\" \/>\n<meta name=\"twitter:label1\" content=\"Gesch\u00e4tzte Lesezeit\" \/>\n\t<meta name=\"twitter:data1\" content=\"1 Minute\" \/>\n<script type=\"application\/ld+json\" class=\"yoast-schema-graph\">{\"@context\":\"https:\/\/schema.org\",\"@graph\":[{\"@type\":\"WebPage\",\"@id\":\"https:\/\/www.cyberark.com\/de\/partners\/become-a-partner\/\",\"url\":\"https:\/\/www.cyberark.com\/de\/partners\/become-a-partner\/\",\"name\":\"Werden Sie Partner | CyberArk\",\"isPartOf\":{\"@id\":\"https:\/\/www.cyberark.com\/de\/#website\"},\"primaryImageOfPage\":{\"@id\":\"https:\/\/www.cyberark.com\/de\/partners\/become-a-partner\/#primaryimage\"},\"image\":{\"@id\":\"https:\/\/www.cyberark.com\/de\/partners\/become-a-partner\/#primaryimage\"},\"thumbnailUrl\":\"https:\/\/www.cyberark.com\/wp-content\/uploads\/2020\/12\/cybv2-checkmark-orange.svg\",\"datePublished\":\"2022-09-15T19:04:24+00:00\",\"dateModified\":\"2023-12-07T12:58:28+00:00\",\"description\":\"Werden Sie CyberArk-Partner, um Ihr Unternehmen voranzubringen und Ihre Kunden vor Cyberangriffen auf ihre privilegierten Zug\u00e4nge und Identit\u00e4tssicherheit zu sch\u00fctzen.\",\"breadcrumb\":{\"@id\":\"https:\/\/www.cyberark.com\/de\/partners\/become-a-partner\/#breadcrumb\"},\"inLanguage\":\"de-DE\",\"potentialAction\":[{\"@type\":\"ReadAction\",\"target\":[\"https:\/\/www.cyberark.com\/de\/partners\/become-a-partner\/\"]}]},{\"@type\":\"ImageObject\",\"inLanguage\":\"de-DE\",\"@id\":\"https:\/\/www.cyberark.com\/de\/partners\/become-a-partner\/#primaryimage\",\"url\":\"https:\/\/www.cyberark.com\/wp-content\/uploads\/2020\/12\/cybv2-checkmark-orange.svg\",\"contentUrl\":\"https:\/\/www.cyberark.com\/wp-content\/uploads\/2020\/12\/cybv2-checkmark-orange.svg\"},{\"@type\":\"BreadcrumbList\",\"@id\":\"https:\/\/www.cyberark.com\/de\/partners\/become-a-partner\/#breadcrumb\",\"itemListElement\":[{\"@type\":\"ListItem\",\"position\":1,\"name\":\"Home\",\"item\":\"https:\/\/www.cyberark.com\/de\/\"},{\"@type\":\"ListItem\",\"position\":2,\"name\":\"Partner\",\"item\":\"https:\/\/www.cyberark.com\/de\/partners\/\"},{\"@type\":\"ListItem\",\"position\":3,\"name\":\"Partner werden\"}]},{\"@type\":\"WebSite\",\"@id\":\"https:\/\/www.cyberark.com\/de\/#website\",\"url\":\"https:\/\/www.cyberark.com\/de\/\",\"name\":\"CyberArk\",\"description\":\"\",\"publisher\":{\"@id\":\"https:\/\/www.cyberark.com\/de\/#organization\"},\"potentialAction\":[{\"@type\":\"SearchAction\",\"target\":{\"@type\":\"EntryPoint\",\"urlTemplate\":\"https:\/\/www.cyberark.com\/de\/?s={search_term_string}\"},\"query-input\":{\"@type\":\"PropertyValueSpecification\",\"valueRequired\":true,\"valueName\":\"search_term_string\"}}],\"inLanguage\":\"de-DE\"},{\"@type\":\"Organization\",\"@id\":\"https:\/\/www.cyberark.com\/de\/#organization\",\"name\":\"CyberArk Software\",\"url\":\"https:\/\/www.cyberark.com\/de\/\",\"logo\":{\"@type\":\"ImageObject\",\"inLanguage\":\"de-DE\",\"@id\":\"https:\/\/www.cyberark.com\/de\/#\/schema\/logo\/image\/\",\"url\":\"https:\/\/www.cyberark.com\/wp-content\/uploads\/2021\/02\/cyberark-logo-dark.svg\",\"contentUrl\":\"https:\/\/www.cyberark.com\/wp-content\/uploads\/2021\/02\/cyberark-logo-dark.svg\",\"width\":\"1024\",\"height\":\"1024\",\"caption\":\"CyberArk Software\"},\"image\":{\"@id\":\"https:\/\/www.cyberark.com\/de\/#\/schema\/logo\/image\/\"},\"sameAs\":[\"https:\/\/www.facebook.com\/CyberArk\/\",\"https:\/\/x.com\/CyberArk\",\"https:\/\/www.linkedin.com\/company\/cyber-ark-software\/\"]}]}<\/script>\n<!-- \/ Yoast SEO Premium plugin. -->","yoast_head_json":{"title":"Werden Sie Partner | CyberArk","description":"Werden Sie CyberArk-Partner, um Ihr Unternehmen voranzubringen und Ihre Kunden vor Cyberangriffen auf ihre privilegierten Zug\u00e4nge und Identit\u00e4tssicherheit zu sch\u00fctzen.","robots":{"index":"index","follow":"follow","max-snippet":"max-snippet:-1","max-image-preview":"max-image-preview:large","max-video-preview":"max-video-preview:-1"},"canonical":"https:\/\/www.cyberark.com\/de\/partners\/become-a-partner\/","og_locale":"de_DE","og_type":"article","og_title":"Partner werden","og_description":"Werden Sie CyberArk-Partner, um Ihr Unternehmen voranzubringen und Ihre Kunden vor Cyberangriffen auf ihre privilegierten Zug\u00e4nge und Identit\u00e4tssicherheit zu sch\u00fctzen.","og_url":"https:\/\/www.cyberark.com\/de\/partners\/become-a-partner\/","og_site_name":"CyberArk","article_publisher":"https:\/\/www.facebook.com\/CyberArk\/","article_modified_time":"2023-12-07T12:58:28+00:00","og_image":[{"url":"https:\/\/www.cyberark.com\/wp-content\/uploads\/2020\/12\/cybv2-checkmark-orange.svg","type":"","width":"","height":""}],"twitter_card":"summary_large_image","twitter_site":"@CyberArk","twitter_misc":{"Gesch\u00e4tzte Lesezeit":"1 Minute"},"schema":{"@context":"https:\/\/schema.org","@graph":[{"@type":"WebPage","@id":"https:\/\/www.cyberark.com\/de\/partners\/become-a-partner\/","url":"https:\/\/www.cyberark.com\/de\/partners\/become-a-partner\/","name":"Werden Sie Partner | CyberArk","isPartOf":{"@id":"https:\/\/www.cyberark.com\/de\/#website"},"primaryImageOfPage":{"@id":"https:\/\/www.cyberark.com\/de\/partners\/become-a-partner\/#primaryimage"},"image":{"@id":"https:\/\/www.cyberark.com\/de\/partners\/become-a-partner\/#primaryimage"},"thumbnailUrl":"https:\/\/www.cyberark.com\/wp-content\/uploads\/2020\/12\/cybv2-checkmark-orange.svg","datePublished":"2022-09-15T19:04:24+00:00","dateModified":"2023-12-07T12:58:28+00:00","description":"Werden Sie CyberArk-Partner, um Ihr Unternehmen voranzubringen und Ihre Kunden vor Cyberangriffen auf ihre privilegierten Zug\u00e4nge und Identit\u00e4tssicherheit zu sch\u00fctzen.","breadcrumb":{"@id":"https:\/\/www.cyberark.com\/de\/partners\/become-a-partner\/#breadcrumb"},"inLanguage":"de-DE","potentialAction":[{"@type":"ReadAction","target":["https:\/\/www.cyberark.com\/de\/partners\/become-a-partner\/"]}]},{"@type":"ImageObject","inLanguage":"de-DE","@id":"https:\/\/www.cyberark.com\/de\/partners\/become-a-partner\/#primaryimage","url":"https:\/\/www.cyberark.com\/wp-content\/uploads\/2020\/12\/cybv2-checkmark-orange.svg","contentUrl":"https:\/\/www.cyberark.com\/wp-content\/uploads\/2020\/12\/cybv2-checkmark-orange.svg"},{"@type":"BreadcrumbList","@id":"https:\/\/www.cyberark.com\/de\/partners\/become-a-partner\/#breadcrumb","itemListElement":[{"@type":"ListItem","position":1,"name":"Home","item":"https:\/\/www.cyberark.com\/de\/"},{"@type":"ListItem","position":2,"name":"Partner","item":"https:\/\/www.cyberark.com\/de\/partners\/"},{"@type":"ListItem","position":3,"name":"Partner werden"}]},{"@type":"WebSite","@id":"https:\/\/www.cyberark.com\/de\/#website","url":"https:\/\/www.cyberark.com\/de\/","name":"CyberArk","description":"","publisher":{"@id":"https:\/\/www.cyberark.com\/de\/#organization"},"potentialAction":[{"@type":"SearchAction","target":{"@type":"EntryPoint","urlTemplate":"https:\/\/www.cyberark.com\/de\/?s={search_term_string}"},"query-input":{"@type":"PropertyValueSpecification","valueRequired":true,"valueName":"search_term_string"}}],"inLanguage":"de-DE"},{"@type":"Organization","@id":"https:\/\/www.cyberark.com\/de\/#organization","name":"CyberArk Software","url":"https:\/\/www.cyberark.com\/de\/","logo":{"@type":"ImageObject","inLanguage":"de-DE","@id":"https:\/\/www.cyberark.com\/de\/#\/schema\/logo\/image\/","url":"https:\/\/www.cyberark.com\/wp-content\/uploads\/2021\/02\/cyberark-logo-dark.svg","contentUrl":"https:\/\/www.cyberark.com\/wp-content\/uploads\/2021\/02\/cyberark-logo-dark.svg","width":"1024","height":"1024","caption":"CyberArk Software"},"image":{"@id":"https:\/\/www.cyberark.com\/de\/#\/schema\/logo\/image\/"},"sameAs":["https:\/\/www.facebook.com\/CyberArk\/","https:\/\/x.com\/CyberArk","https:\/\/www.linkedin.com\/company\/cyber-ark-software\/"]}]}},"_links":{"self":[{"href":"https:\/\/www.cyberark.com\/de\/wp-json\/wp\/v2\/pages\/134373","targetHints":{"allow":["GET"]}}],"collection":[{"href":"https:\/\/www.cyberark.com\/de\/wp-json\/wp\/v2\/pages"}],"about":[{"href":"https:\/\/www.cyberark.com\/de\/wp-json\/wp\/v2\/types\/page"}],"author":[{"embeddable":true,"href":"https:\/\/www.cyberark.com\/de\/wp-json\/wp\/v2\/users\/164"}],"replies":[{"embeddable":true,"href":"https:\/\/www.cyberark.com\/de\/wp-json\/wp\/v2\/comments?post=134373"}],"version-history":[{"count":0,"href":"https:\/\/www.cyberark.com\/de\/wp-json\/wp\/v2\/pages\/134373\/revisions"}],"up":[{"embeddable":true,"href":"https:\/\/www.cyberark.com\/de\/wp-json\/wp\/v2\/pages\/32300"}],"wp:attachment":[{"href":"https:\/\/www.cyberark.com\/de\/wp-json\/wp\/v2\/media?parent=134373"}],"wp:term":[{"taxonomy":"product_category","embeddable":true,"href":"https:\/\/www.cyberark.com\/de\/wp-json\/wp\/v2\/product_category?post=134373"}],"curies":[{"name":"wp","href":"https:\/\/api.w.org\/{rel}","templated":true}]}}