{"id":134376,"date":"2022-09-15T15:04:31","date_gmt":"2022-09-15T19:04:31","guid":{"rendered":"https:\/\/www.cyberark.com\/kundengeschichten\/"},"modified":"2025-10-16T06:24:43","modified_gmt":"2025-10-16T10:24:43","slug":"customer-stories","status":"publish","type":"page","link":"https:\/\/www.cyberark.com\/de\/customer-stories\/","title":{"rendered":"Kundengeschichten"},"content":{"rendered":"<div class=\"wpb-content-wrapper\"><p>[vc_row full_width=&#8220;stretch_row&#8220; el_class=&#8220;cybv2 int-hero-noimg dark&#8220;][vc_column width=&#8220;7\/12&#8243; el_class=&#8220;column-1&#8243;][vc_column_text css=&#8220;&#8220;]<\/p>\n<h1 class=\"chartreuse\">Gemeinsam die Zukunft sichern<\/h1>\n<p><\/p>\n<h2>Entdecken Sie, wie f\u00fchrende Unternehmen komplexe Sicherheitsherausforderungen meistern \u2013 mit CyberArk.<\/h2>\n<p>\n[\/vc_column_text][\/vc_column][\/vc_row][vc_row equal_height=&#8220;yes&#8220; el_class=&#8220;cybv2 cybv2_customer_stories vc_tta-o-non-responsive mt-12&#8243; css=&#8220;.vc_custom_1714763180252{background-color: #ffffff !important;}&#8220;][vc_column][vc_tta_tabs style=&#8220;flat&#8220; shape=&#8220;square&#8220; color=&#8220;white&#8220; spacing=&#8220;&#8220; gap=&#8220;20&#8243; alignment=&#8220;center&#8220; active_section=&#8220;&#8220; el_class=&#8220;cybv2_customer_stories_tabs&#8220; css=&#8220;.vc_custom_1608676900675{background-color: #ffffff !important;}&#8220;][vc_tta_section title=&#8220;Carnival Corporation&#8220; tab_id=&#8220;carnival-corporation&#8220; el_class=&#8220;new_hpstyle_section6_tab2_icon vc_active&#8220;][vc_row_inner equal_height=&#8220;yes&#8220; content_placement=&#8220;middle&#8220; el_class=&#8220;new_hpstyle_section6_maintab_row&#8220;][vc_column_inner el_class=&#8220;image-column&#8220; width=&#8220;1\/2&#8243; css=&#8220;.vc_custom_1607653500231{background-position: center !important;background-repeat: no-repeat !important;background-size: cover !important;}&#8220;][vc_single_image image=&#8220;211117&#8243; img_size=&#8220;full&#8220; alignment=&#8220;right&#8220; css=&#8220;&#8220; el_class=&#8220;new_hpstyle_section6_tab1_left_image&#8220;][\/vc_column_inner][vc_column_inner el_class=&#8220;new_hpstyle_section6_tab1_right_bckgrd&#8220; width=&#8220;1\/2&#8243;][vc_column_text css=&#8220;&#8220; el_class=&#8220;new_hpstyle_section6_tab1_text1 text&#8220;]<\/p>\n<h4>Carnival Corporation schl\u00e4gt einen sichereren Kurs ein.<\/h4>\n<p>Jedes Schiff ist eine Stadt auf See. Carnival Corporation arbeitet mit CyberArk zusammen, um Identit\u00e4ten zu sch\u00fctzen, Vertrauen aufzubauen und den sicheren Betrieb der gesamten Flotte voranzutreiben.[\/vc_column_text][vc_column_text css=&#8220;.vc_custom_1749232337744{margin-top: 45px !important;}&#8220; el_class=&#8220;link-arrow-right mt-4&#8243;]<a href=\"https:\/\/www.cyberark.com\/resources\/fearlessly-forward-customer-spotlight-series\/security-matters-fearlessly-forward-with-carnival-corporation\">Video ansehen<\/a><i class=\"fa fa-long-arrow-right\"><\/i>[\/vc_column_text][\/vc_column_inner][\/vc_row_inner][\/vc_tta_section][vc_tta_section title=&#8220;Webster Bank&#8220; tab_id=&#8220;webster-bank&#8220; el_class=&#8220;new_hpstyle_section6_tab3_icon&#8220;][vc_row_inner equal_height=&#8220;yes&#8220; content_placement=&#8220;middle&#8220; el_class=&#8220;new_hpstyle_section6_maintab_row&#8220;][vc_column_inner el_class=&#8220;image-column&#8220; width=&#8220;1\/2&#8243; css=&#8220;.vc_custom_1607653503563{background-position: center !important;background-repeat: no-repeat !important;background-size: cover !important;}&#8220;][vc_single_image image=&#8220;217395&#8243; img_size=&#8220;full&#8220; alignment=&#8220;right&#8220; css=&#8220;&#8220; el_class=&#8220;new_hpstyle_section6_tab1_left_image&#8220;][\/vc_column_inner][vc_column_inner el_class=&#8220;new_hpstyle_section6_tab1_right_bckgrd&#8220; width=&#8220;1\/2&#8243;][vc_column_text css=&#8220;.vc_custom_1759731226291{margin-top: 20px !important;}&#8220; el_class=&#8220;new_hpstyle_section6_tab1_text1 text&#8220;]<\/p>\n<h4>90 Jahre Vertrauen, Innovation und Wachstum<\/h4>\n<p>Auf der Grundlage von Vertrauen und Innovation arbeitet die Webster Bank mit CyberArk zusammen, um sich auf das Wesentliche zu konzentrieren: Finanzl\u00f6sungen anzubieten, die Kunden und Gemeinden st\u00e4rken.[\/vc_column_text][vc_column_text css=&#8220;&#8220; el_class=&#8220;link-arrow-right&#8220;]<a href=\"https:\/\/www.cyberark.com\/resources\/videos\/security-matters-fearlessly-forward-with-webster-bank\">Video ansehen<\/a><i class=\"fa fa-long-arrow-right\"><\/i>[\/vc_column_text][\/vc_column_inner][\/vc_row_inner][\/vc_tta_section][vc_tta_section title=&#8220;PDS Health&#8220; tab_id=&#8220;1759730859602-45fadbcd-f717&#8243; el_class=&#8220;new_hpstyle_section6_tab4_icon&#8220;][vc_row_inner equal_height=&#8220;yes&#8220; content_placement=&#8220;middle&#8220; el_class=&#8220;new_hpstyle_section6_maintab_row&#8220;][vc_column_inner el_class=&#8220;image-column&#8220; width=&#8220;1\/2&#8243; css=&#8220;.vc_custom_1607653503563{background-position: center !important;background-repeat: no-repeat !important;background-size: cover !important;}&#8220;][vc_single_image image=&#8220;211126&#8243; img_size=&#8220;full&#8220; alignment=&#8220;right&#8220; css=&#8220;&#8220; el_class=&#8220;new_hpstyle_section6_tab1_left_image&#8220;][\/vc_column_inner][vc_column_inner el_class=&#8220;new_hpstyle_section6_tab1_right_bckgrd&#8220; width=&#8220;1\/2&#8243;][vc_column_text css=&#8220;.vc_custom_1749219915540{margin-top: 20px !important;}&#8220; el_class=&#8220;new_hpstyle_section6_tab1_text1 text&#8220;]<\/p>\n<h4>\u201eIdentit\u00e4t ist die neue Firewall. Sie ist der neue Perimeter. Sie ist die neue Grenze. Sie ist das neue Alles.\u201c<\/h4>\n<p>\n[\/vc_column_text][vc_column_text css=&#8220;&#8220; el_class=&#8220;new_hpstyle_section6_tab1_text2&#8243;]Nemi George, Vice President\u200b <strong>Information Security Officer &amp; IT Service Operations bei PDS Health<\/strong>[\/vc_column_text][vc_column_text css=&#8220;&#8220; el_class=&#8220;link-arrow-right&#8220;]<a href=\"https:\/\/www.cyberark.com\/resources\/fearlessly-forward-customer-spotlight-series\/security-matters-fearlessly-forward-with-pds-health\">Video ansehen<\/a><i class=\"fa fa-long-arrow-right\"><\/i>[\/vc_column_text][\/vc_column_inner][\/vc_row_inner][\/vc_tta_section][vc_tta_section title=&#8220;Panasonic&#8220; tab_id=&#8220;panasonic&#8220; el_class=&#8220;new_hpstyle_section6_tab5_icon&#8220;][vc_row_inner equal_height=&#8220;yes&#8220; content_placement=&#8220;middle&#8220; el_class=&#8220;new_hpstyle_section6_maintab_row&#8220;][vc_column_inner el_class=&#8220;image-column&#8220; width=&#8220;1\/2&#8243; css=&#8220;.vc_custom_1607653481888{background-position: center !important;background-repeat: no-repeat !important;background-size: cover !important;}&#8220;][vc_single_image image=&#8220;211136&#8243; img_size=&#8220;full&#8220; alignment=&#8220;right&#8220; css=&#8220;&#8220; el_class=&#8220;new_hpstyle_section6_tab1_left_image&#8220;][\/vc_column_inner][vc_column_inner el_class=&#8220;new_hpstyle_section6_tab1_right_bckgrd&#8220; width=&#8220;1\/2&#8243;][vc_column_text css=&#8220;&#8220; el_class=&#8220;new_hpstyle_section6_tab1_text1 text&#8220;]<\/p>\n<h4>Sicherung von Innovationen in globalem Ma\u00dfstab<\/h4>\n<p>Panasonic arbeitet mit CyberArk zusammen, um Identit\u00e4ten, Systeme und IP zu sch\u00fctzen und das Vertrauen hinter jedem technischen Durchbruch zu gew\u00e4hrleisten.[\/vc_column_text][vc_column_text css=&#8220;.vc_custom_1749232380271{margin-top: 45px !important;}&#8220; el_class=&#8220;link-arrow-right mt-4&#8243;]<a href=\"https:\/\/www.cyberark.com\/resources\/fearlessly-forward-customer-spotlight-series\/security-matters-fearlessly-forward-with-panasonic\">Video ansehen<\/a><i class=\"fa fa-long-arrow-right\"><\/i>[\/vc_column_text][\/vc_column_inner][\/vc_row_inner][\/vc_tta_section][vc_tta_section title=&#8220;Healthfirst&#8220; tab_id=&#8220;healthfirst&#8220; el_class=&#8220;new_hpstyle_section6_tab5_icon&#8220;][vc_row_inner equal_height=&#8220;yes&#8220; content_placement=&#8220;middle&#8220; el_class=&#8220;new_hpstyle_section6_maintab_row&#8220;][vc_column_inner el_class=&#8220;image-column&#8220; width=&#8220;1\/2&#8243;][vc_single_image image=&#8220;211145&#8243; img_size=&#8220;full&#8220; alignment=&#8220;right&#8220; css=&#8220;&#8220; el_class=&#8220;new_hpstyle_section6_tab1_left_image&#8220;][\/vc_column_inner][vc_column_inner el_class=&#8220;new_hpstyle_section6_tab1_right_bckgrd&#8220; width=&#8220;1\/2&#8243;][vc_column_text css=&#8220;&#8220; el_class=&#8220;new_hpstyle_section6_tab1_text1 text&#8220;]<\/p>\n<h4>Vertrauen ist das Herzst\u00fcck des Gesundheitswesens<\/h4>\n<p>Mit CyberArk als strategischem Partner st\u00e4rkt Healthfirst die Sicherheit und gew\u00e4hrleistet zuverl\u00e4ssigen Zugang f\u00fcr die Menschen, die am meisten auf sie angewiesen sind.[\/vc_column_text][vc_column_text css=&#8220;.vc_custom_1749232399260{margin-top: 45px !important;}&#8220; el_class=&#8220;link-arrow-right mt-4&#8243;]<a href=\"https:\/\/www.cyberark.com\/resources\/fearlessly-forward-customer-spotlight-series\/security-matters-fearlessly-forward-with-healthfirst\">Video ansehen<\/a><i class=\"fa fa-long-arrow-right\"><\/i>[\/vc_column_text][\/vc_column_inner][\/vc_row_inner][\/vc_tta_section][vc_tta_section title=&#8220;Aflac&#8220; tab_id=&#8220;aflac&#8220; el_class=&#8220;new_hpstyle_section6_tab1_icon&#8220;][vc_row_inner equal_height=&#8220;yes&#8220; content_placement=&#8220;middle&#8220; el_class=&#8220;new_hpstyle_section6_maintab_row&#8220;][vc_column_inner el_class=&#8220;image-column&#8220; width=&#8220;1\/2&#8243;][vc_single_image image=&#8220;210923&#8243; img_size=&#8220;full&#8220; alignment=&#8220;right&#8220; css=&#8220;&#8220; el_class=&#8220;new_hpstyle_section6_tab1_left_image&#8220;][\/vc_column_inner][vc_column_inner el_class=&#8220;new_hpstyle_section6_tab1_right_bckgrd&#8220; width=&#8220;1\/2&#8243;][vc_column_text css=&#8220;&#8220; el_class=&#8220;new_hpstyle_section6_tab1_text1 text&#8220;]<\/p>\n<h4>Versprechen halten, aber sicher<\/h4>\n<p>In Partnerschaft mit CyberArk sch\u00fctzt das IT-Team von Aflac das Vertrauen von Millionen von Menschen und sichert t\u00e4glich das, was am wichtigsten ist.[\/vc_column_text][vc_column_text css=&#8220;.vc_custom_1749220404034{margin-top: 45px !important;}&#8220; el_class=&#8220;link-arrow-right mt-4&#8243;]<a href=\"https:\/\/www.cyberark.com\/resources\/privileged-access-management\/security-matters-fearlessly-forward-with-aflac\">Video ansehen<\/a> <i class=\"fa fa-long-arrow-right\"><\/i>[\/vc_column_text][\/vc_column_inner][\/vc_row_inner][\/vc_tta_section][\/vc_tta_tabs][vc_raw_js]JTNDc2NyaXB0JTNFJTBBalF1ZXJ5JTI4ZG9jdW1lbnQlMjkucmVhZHklMjhmdW5jdGlvbiUyOCUyOSU3QiUwQSUyMCUyMCUyMCUyMCUyRiUyRkFkZCUyMEFjdGl2ZSUyMHRvJTIwdGFiJTIwb24lMjBwYWdlJTIwbG9hZCUwQSUyMCUyMCUyMCUyMCUyNHBhbmVscyUyMCUzRCUyMGpRdWVyeSUyOCUyNy5jeWJ2Ml9jdXN0b21lcl9zdG9yaWVzX3RhYnMlMjAudmNfdHRhLXBhbmVscyUyMC52Y190dGEtcGFuZWwlMjclMjklM0IlMEElMjAlMjAlMjAlMjAlMjR0YWJzJTIwJTNEJTIwalF1ZXJ5JTI4JTI3LmN5YnYyX2N1c3RvbWVyX3N0b3JpZXNfdGFicyUyMC52Y190dGEtdGFicy1saXN0JTIwLnZjX3R0YS10YWIlMjclMjklM0IlMEElMjAlMjAlMjAlMjB2YXIlMjBpbmRleCUyMCUzRCUyMDAlM0IlMEElMEElMjAlMjAlMjAlMjAlMkYlMkZBbGlnbiUyMFRhYnMlMjB3aXRoJTIwcGFuZWxzJTBBJTIwJTIwJTIwJTIwJTI0cGFuZWxzLmVhY2glMjhmdW5jdGlvbiUyOCUyOSU3QiUwQSUyMCUyMCUyMCUyMCUyMCUyMCUyMCUyMGpRdWVyeSUyOHRoaXMlMjkuaGFzQ2xhc3MlMjglMjd2Y19hY3RpdmUlMjclMjklM0IlMEElMjAlMjAlMjAlMjAlMjAlMjAlMjAlMjByZXR1cm4lMjBmYWxzZSUzQiUwQSUyMCUyMCUyMCUyMCUyMCUyMCUyMCUyMGluZGV4JTJCJTJCJTNCJTBBJTIwJTIwJTIwJTIwJTdEJTI5JTBBJTIwJTIwJTIwJTIwdmFyJTIwbmV3SW5kZXglMjAlM0QlMjAwJTNCJTBBJTIwJTIwJTIwJTIwJTI0dGFicy5lYWNoJTI4ZnVuY3Rpb24lMjglMjklN0IlMEElMjAlMjAlMjAlMjAlMjAlMjAlMjAlMjBpZiUyOGluZGV4JTIwJTNEJTNEJTIwbmV3SW5kZXglMjklN0IlMEElMjAlMjAlMjAlMjAlMjAlMjAlMjAlMjAlMjAlMjAlMjAlMjBqUXVlcnklMjh0aGlzJTI5LmFkZENsYXNzJTI4JTI3dmNfYWN0aXZlJTI3JTI5JTNCJTBBJTIwJTIwJTIwJTIwJTIwJTIwJTIwJTIwJTdEJTBBJTIwJTIwJTIwJTIwJTIwJTIwJTIwJTIwbmV3SW5kZXglMkIlMkIlM0IlMEElMjAlMjAlMjAlMjAlN0QlMjklMEElN0QlMjklM0IlMEElM0MlMkZzY3JpcHQlM0U=[\/vc_raw_js][\/vc_column][\/vc_row][vc_row el_class=&#8220;pb-4&#8243;][vc_column][vc_column_text css=&#8220;&#8220;]<\/p>\n<h2 style=\"text-align: center;\">Weitere Case Studies lesen<\/h2>\n<p>\n[\/vc_column_text][\/vc_column][\/vc_row][vc_row][vc_column][vc_raw_html]W2N5YnYyX3N0b3J5X2h1YiBzaG93X2xvYWRfbW9yZT0idHJ1ZSIgcG9zdHNfcGVyX3BhZ2U9IjE2Il0=[\/vc_raw_html][\/vc_column][\/vc_row][vc_row el_class=&#8220;cybv2 cyb-pad-btm&#8220;][vc_column][vc_column_text el_class=&#8220;cyb-top&#8220;]<\/p>\n<p style=\"text-align: right;\"><i class=\"fa fa-long-arrow-up\"><\/i><a class=\"top\" href=\"#\">Zur\u00fcck zum Anfang<\/a><\/p>\n<p>\n[\/vc_column_text][\/vc_column][\/vc_row][vc_row][vc_column][vc_raw_js]JTNDc2NyaXB0JTNFJTBBalF1ZXJ5JTI4ZnVuY3Rpb24lMjglMjklMjAlN0IlMEElMjAlMjAlMjAlMjBqUXVlcnklMjglMjIudG9wJTIyJTI5Lm9uJTI4JTI3Y2xpY2slMjclMkMlMjBmdW5jdGlvbiUyOCUyOSUyMCU3QiUwQSUyMCUyMCUyMCUyMCUyMCUyMCUyMCUyMGpRdWVyeSUyOCUyMkhUTUwlMkMlMjBCT0RZJTIyJTI5LmFuaW1hdGUlMjglN0IlMEElMjAlMjAlMjAlMjAlMjAlMjAlMjAlMjAlMjAlMjAlMjAlMjBzY3JvbGxUb3AlM0ElMjAwJTBBJTIwJTIwJTIwJTIwJTIwJTIwJTIwJTIwJTdEJTJDJTIwMTAwMCUyOSUzQiUwQSUyMCUyMCUyMCUyMCU3RCUyOSUzQiUwQSU3RCUyOSUzQiUwQSUzQyUyRnNjcmlwdCUzRQ==[\/vc_raw_js][\/vc_column][\/vc_row][vc_row full_width=&#8220;stretch_row&#8220; el_class=&#8220;cybv2 cybv2_talk_to_an_expert&#8220; css=&#8220;.vc_custom_1608677118624{background-color: #061b2b !important;}&#8220;][vc_column][vc_column_text el_class=&#8220;extra-space&#8220;]<\/p>\n<h2 style=\"text-align: center;\">Sind Sie bereit, Ihre Geschichte zu erz\u00e4hlen?<\/h2>\n<p>\n[\/vc_column_text][vc_column_text el_class=&#8220;new_hpstyle_section9_text&#8220;]<\/p>\n<p style=\"text-align: center;\">Nehmen Sie am CyberArk Advocacy Programm teil und teilen Sie Ihre Erfolgsgeschichte mit anderen, vernetzen Sie sich mit Gleichgesinnten und gestalten Sie die Zukunft der Identity Security mit.<\/p>\n<p>\n[\/vc_column_text][vc_btn title=&#8220;Jetzt starten&#8220; style=&#8220;custom&#8220; custom_background=&#8220;&#8220; custom_text=&#8220;&#8220; shape=&#8220;square&#8220; align=&#8220;center&#8220; link=&#8220;url:https%3A%2F%2Fwww.cyberark.com%2Fde%2Fadvocacy-program%2F|&#8220; el_class=&#8220;cybv2-button-solid cyb-button-hpstyle_section5&#8243;][\/vc_column][\/vc_row]<\/p>\n<\/div>","protected":false},"excerpt":{"rendered":"<p>[vc_row full_width=&#8220;stretch_row&#8220; el_class=&#8220;cybv2 int-hero-noimg dark&#8220;][vc_column width=&#8220;7\/12&#8243; el_class=&#8220;column-1&#8243;][vc_column_text css=&#8220;&#8220;] Gemeinsam die Zukunft sichern Entdecken Sie, wie f\u00fchrende Unternehmen komplexe Sicherheitsherausforderungen meistern \u2013 mit CyberArk. [\/vc_column_text][\/vc_column][\/vc_row][vc_row equal_height=&#8220;yes&#8220; el_class=&#8220;cybv2 cybv2_customer_stories vc_tta-o-non-responsive mt-12&#8243; css=&#8220;.vc_custom_1714763180252{background-color: #ffffff !important;}&#8220;][vc_column][vc_tta_tabs style=&#8220;flat&#8220; shape=&#8220;square&#8220; color=&#8220;white&#8220;&#8230;<\/p>\n","protected":false},"author":125,"featured_media":0,"parent":0,"menu_order":0,"comment_status":"closed","ping_status":"closed","template":"","meta":{"_acf_changed":false,"inline_featured_image":false,"footnotes":""},"product_category":[27776],"class_list":["post-134376","page","type-page","status-publish","hentry","product_category-identity-security"],"acf":[],"yoast_head":"<!-- This site is optimized with the Yoast SEO Premium plugin v27.2 (Yoast SEO v27.2) - https:\/\/yoast.com\/product\/yoast-seo-premium-wordpress\/ -->\n<title>Erfolgsgeschichten und Case Studies von Kunden | CyberArk | CyberArk<\/title>\n<meta name=\"description\" content=\"Hier finden Sie Case Studies und Erfolgsgeschichten von Kunden und Partnern zu CyberArks f\u00fchrenden Produkten und L\u00f6sungen f\u00fcr Identity Security und Privileged Access Management.\" \/>\n<meta name=\"robots\" content=\"index, follow, max-snippet:-1, max-image-preview:large, max-video-preview:-1\" \/>\n<link rel=\"canonical\" href=\"https:\/\/www.cyberark.com\/customer-stories\/\" \/>\n<meta property=\"og:locale\" content=\"de_DE\" \/>\n<meta property=\"og:type\" content=\"article\" \/>\n<meta property=\"og:title\" content=\"Kundengeschichten\" \/>\n<meta property=\"og:description\" content=\"Hier finden Sie Case Studies und Erfolgsgeschichten von Kunden und Partnern zu CyberArks f\u00fchrenden Produkten und L\u00f6sungen f\u00fcr Identity Security und Privileged Access Management.\" \/>\n<meta property=\"og:url\" content=\"https:\/\/www.cyberark.com\/customer-stories\/\" \/>\n<meta property=\"og:site_name\" content=\"CyberArk\" \/>\n<meta property=\"article:publisher\" content=\"https:\/\/www.facebook.com\/CyberArk\/\" \/>\n<meta property=\"article:modified_time\" content=\"2025-10-16T10:24:43+00:00\" \/>\n<meta property=\"og:image\" content=\"https:\/\/www.cyberark.com\/wp-content\/uploads\/2022\/09\/CYBR-gradient-bg-og-120x627-01-1024x535.png\" \/>\n\t<meta property=\"og:image:width\" content=\"1024\" \/>\n\t<meta property=\"og:image:height\" content=\"535\" \/>\n\t<meta property=\"og:image:type\" content=\"image\/png\" \/>\n<meta name=\"twitter:card\" content=\"summary_large_image\" \/>\n<meta name=\"twitter:site\" content=\"@CyberArk\" \/>\n<meta name=\"twitter:label1\" content=\"Gesch\u00e4tzte Lesezeit\" \/>\n\t<meta name=\"twitter:data1\" content=\"1 Minute\" \/>\n<script type=\"application\/ld+json\" class=\"yoast-schema-graph\">{\"@context\":\"https:\/\/schema.org\",\"@graph\":[{\"@type\":\"WebPage\",\"@id\":\"https:\/\/www.cyberark.com\/customer-stories\/\",\"url\":\"https:\/\/www.cyberark.com\/customer-stories\/\",\"name\":\"Erfolgsgeschichten und Case Studies von Kunden | CyberArk | CyberArk\",\"isPartOf\":{\"@id\":\"https:\/\/www.cyberark.com\/#website\"},\"datePublished\":\"2022-09-15T19:04:31+00:00\",\"dateModified\":\"2025-10-16T10:24:43+00:00\",\"description\":\"Hier finden Sie Case Studies und Erfolgsgeschichten von Kunden und Partnern zu CyberArks f\u00fchrenden Produkten und L\u00f6sungen f\u00fcr Identity Security und Privileged Access Management.\",\"breadcrumb\":{\"@id\":\"https:\/\/www.cyberark.com\/customer-stories\/#breadcrumb\"},\"inLanguage\":\"de-DE\",\"potentialAction\":[{\"@type\":\"ReadAction\",\"target\":[\"https:\/\/www.cyberark.com\/customer-stories\/\"]}]},{\"@type\":\"BreadcrumbList\",\"@id\":\"https:\/\/www.cyberark.com\/customer-stories\/#breadcrumb\",\"itemListElement\":[{\"@type\":\"ListItem\",\"position\":1,\"name\":\"Home\",\"item\":\"https:\/\/www.cyberark.com\/\"},{\"@type\":\"ListItem\",\"position\":2,\"name\":\"Kundengeschichten\"}]},{\"@type\":\"WebSite\",\"@id\":\"https:\/\/www.cyberark.com\/#website\",\"url\":\"https:\/\/www.cyberark.com\/\",\"name\":\"CyberArk\",\"description\":\"\",\"publisher\":{\"@id\":\"https:\/\/www.cyberark.com\/#organization\"},\"potentialAction\":[{\"@type\":\"SearchAction\",\"target\":{\"@type\":\"EntryPoint\",\"urlTemplate\":\"https:\/\/www.cyberark.com\/?s={search_term_string}\"},\"query-input\":{\"@type\":\"PropertyValueSpecification\",\"valueRequired\":true,\"valueName\":\"search_term_string\"}}],\"inLanguage\":\"de-DE\"},{\"@type\":\"Organization\",\"@id\":\"https:\/\/www.cyberark.com\/#organization\",\"name\":\"CyberArk Software\",\"url\":\"https:\/\/www.cyberark.com\/\",\"logo\":{\"@type\":\"ImageObject\",\"inLanguage\":\"de-DE\",\"@id\":\"https:\/\/www.cyberark.com\/#\/schema\/logo\/image\/\",\"url\":\"https:\/\/www.cyberark.com\/wp-content\/uploads\/2021\/02\/cyberark-logo-dark.svg\",\"contentUrl\":\"https:\/\/www.cyberark.com\/wp-content\/uploads\/2021\/02\/cyberark-logo-dark.svg\",\"width\":\"1024\",\"height\":\"1024\",\"caption\":\"CyberArk Software\"},\"image\":{\"@id\":\"https:\/\/www.cyberark.com\/#\/schema\/logo\/image\/\"},\"sameAs\":[\"https:\/\/www.facebook.com\/CyberArk\/\",\"https:\/\/x.com\/CyberArk\",\"https:\/\/www.linkedin.com\/company\/cyber-ark-software\/\"]}]}<\/script>\n<!-- \/ Yoast SEO Premium plugin. -->","yoast_head_json":{"title":"Erfolgsgeschichten und Case Studies von Kunden | CyberArk | CyberArk","description":"Hier finden Sie Case Studies und Erfolgsgeschichten von Kunden und Partnern zu CyberArks f\u00fchrenden Produkten und L\u00f6sungen f\u00fcr Identity Security und Privileged Access Management.","robots":{"index":"index","follow":"follow","max-snippet":"max-snippet:-1","max-image-preview":"max-image-preview:large","max-video-preview":"max-video-preview:-1"},"canonical":"https:\/\/www.cyberark.com\/customer-stories\/","og_locale":"de_DE","og_type":"article","og_title":"Kundengeschichten","og_description":"Hier finden Sie Case Studies und Erfolgsgeschichten von Kunden und Partnern zu CyberArks f\u00fchrenden Produkten und L\u00f6sungen f\u00fcr Identity Security und Privileged Access Management.","og_url":"https:\/\/www.cyberark.com\/customer-stories\/","og_site_name":"CyberArk","article_publisher":"https:\/\/www.facebook.com\/CyberArk\/","article_modified_time":"2025-10-16T10:24:43+00:00","og_image":[{"width":1024,"height":535,"url":"https:\/\/www.cyberark.com\/wp-content\/uploads\/2022\/09\/CYBR-gradient-bg-og-120x627-01-1024x535.png","type":"image\/png"}],"twitter_card":"summary_large_image","twitter_site":"@CyberArk","twitter_misc":{"Gesch\u00e4tzte Lesezeit":"1 Minute"},"schema":{"@context":"https:\/\/schema.org","@graph":[{"@type":"WebPage","@id":"https:\/\/www.cyberark.com\/customer-stories\/","url":"https:\/\/www.cyberark.com\/customer-stories\/","name":"Erfolgsgeschichten und Case Studies von Kunden | CyberArk | CyberArk","isPartOf":{"@id":"https:\/\/www.cyberark.com\/#website"},"datePublished":"2022-09-15T19:04:31+00:00","dateModified":"2025-10-16T10:24:43+00:00","description":"Hier finden Sie Case Studies und Erfolgsgeschichten von Kunden und Partnern zu CyberArks f\u00fchrenden Produkten und L\u00f6sungen f\u00fcr Identity Security und Privileged Access Management.","breadcrumb":{"@id":"https:\/\/www.cyberark.com\/customer-stories\/#breadcrumb"},"inLanguage":"de-DE","potentialAction":[{"@type":"ReadAction","target":["https:\/\/www.cyberark.com\/customer-stories\/"]}]},{"@type":"BreadcrumbList","@id":"https:\/\/www.cyberark.com\/customer-stories\/#breadcrumb","itemListElement":[{"@type":"ListItem","position":1,"name":"Home","item":"https:\/\/www.cyberark.com\/"},{"@type":"ListItem","position":2,"name":"Kundengeschichten"}]},{"@type":"WebSite","@id":"https:\/\/www.cyberark.com\/#website","url":"https:\/\/www.cyberark.com\/","name":"CyberArk","description":"","publisher":{"@id":"https:\/\/www.cyberark.com\/#organization"},"potentialAction":[{"@type":"SearchAction","target":{"@type":"EntryPoint","urlTemplate":"https:\/\/www.cyberark.com\/?s={search_term_string}"},"query-input":{"@type":"PropertyValueSpecification","valueRequired":true,"valueName":"search_term_string"}}],"inLanguage":"de-DE"},{"@type":"Organization","@id":"https:\/\/www.cyberark.com\/#organization","name":"CyberArk Software","url":"https:\/\/www.cyberark.com\/","logo":{"@type":"ImageObject","inLanguage":"de-DE","@id":"https:\/\/www.cyberark.com\/#\/schema\/logo\/image\/","url":"https:\/\/www.cyberark.com\/wp-content\/uploads\/2021\/02\/cyberark-logo-dark.svg","contentUrl":"https:\/\/www.cyberark.com\/wp-content\/uploads\/2021\/02\/cyberark-logo-dark.svg","width":"1024","height":"1024","caption":"CyberArk Software"},"image":{"@id":"https:\/\/www.cyberark.com\/#\/schema\/logo\/image\/"},"sameAs":["https:\/\/www.facebook.com\/CyberArk\/","https:\/\/x.com\/CyberArk","https:\/\/www.linkedin.com\/company\/cyber-ark-software\/"]}]}},"_links":{"self":[{"href":"https:\/\/www.cyberark.com\/de\/wp-json\/wp\/v2\/pages\/134376","targetHints":{"allow":["GET"]}}],"collection":[{"href":"https:\/\/www.cyberark.com\/de\/wp-json\/wp\/v2\/pages"}],"about":[{"href":"https:\/\/www.cyberark.com\/de\/wp-json\/wp\/v2\/types\/page"}],"author":[{"embeddable":true,"href":"https:\/\/www.cyberark.com\/de\/wp-json\/wp\/v2\/users\/125"}],"replies":[{"embeddable":true,"href":"https:\/\/www.cyberark.com\/de\/wp-json\/wp\/v2\/comments?post=134376"}],"version-history":[{"count":0,"href":"https:\/\/www.cyberark.com\/de\/wp-json\/wp\/v2\/pages\/134376\/revisions"}],"wp:attachment":[{"href":"https:\/\/www.cyberark.com\/de\/wp-json\/wp\/v2\/media?parent=134376"}],"wp:term":[{"taxonomy":"product_category","embeddable":true,"href":"https:\/\/www.cyberark.com\/de\/wp-json\/wp\/v2\/product_category?post=134376"}],"curies":[{"name":"wp","href":"https:\/\/api.w.org\/{rel}","templated":true}]}}