{"id":136161,"date":"2022-11-04T08:46:19","date_gmt":"2022-11-04T12:46:19","guid":{"rendered":"https:\/\/www.cyberark.com\/?page_id=136161"},"modified":"2023-09-11T13:28:20","modified_gmt":"2023-09-11T17:28:20","slug":"gartner-magic-quadrant-reports-for-pam-and-access-management","status":"publish","type":"page","link":"https:\/\/www.cyberark.com\/de\/gartner-magic-quadrant-reports-for-pam-and-access-management\/","title":{"rendered":"Gartner Magic Quadrant Reports for PAM and Access Management"},"content":{"rendered":"<div class=\"wpb-content-wrapper\"><p>[vc_row full_width=&#8220;stretch_row&#8220; equal_height=&#8220;yes&#8220; el_class=&#8220;cybv2 cybv2-pad-top hv-cta&#8220;][vc_column width=&#8220;7\/12&#8243; el_class=&#8220;left-clmn&#8220;][vc_column_text]Analystenreport<\/p>\n<h1>CyberArk ist der einzige Anbieter, der in beiden Gartner<sup>\u00ae<\/sup> Magic Quadrant\u2122-Reports f\u00fcr PAM und Access Management als Leader positioniert ist<\/h1>\n<h5>2023 Gartner Magic Quadrant f\u00fcr Privileged Access Management<br \/>\n2022 Gartner Magic Quadrant f\u00fcr Access Management<\/h5>\n<p><strong>In der heutigen Bedrohungslandschaft erfordert Identity Security in allen Kategorien die Nase vorne zu haben.<\/strong><\/p>\n<p>Der neue 2023 Gartner Magic Quadrant f\u00fcr Privileged Access Management ist ab sofort verf\u00fcgbar und CyberArk wurde als Leader ausgezeichnet. CyberArk wurde au\u00dferdem im 2022 Gartner Magic Quadrant f\u00fcr Access Management zum vierten Mal in Folge als Leader benannt. Wir sind das einzige Unternehmen, das in beiden Berichten als Leader genannt wurde.<\/p>\n<p>Dies unterstreicht unsere Strategie, die umfassendste Identity Security-Plattform der Branche zu entwickeln und damit einen beispiellosen Schutz f\u00fcr alle Identit\u00e4ten \u2013 menschliche und maschinelle \u2013 auf allen Ger\u00e4ten in hybriden und Cloud-Umgebungen zu erm\u00f6glichen.<\/p>\n<p><strong>Identit\u00e4ten nicht nur Verwalten. Sichern Sie sie.<\/strong>[\/vc_column_text][vc_column_text el_class=&#8220;tiny cybv2-pad-top&#8220;]<em>*GARTNER is a registered trademarks and service mark, and MAGIC QUADRANT is a registered trademark of Gartner, Inc. and\/or its affiliates in the U.S. and internationally and are used herein with permission. All rights reserved.<\/em><\/p>\n<p><em>Gartner does not endorse any vendor, product or service depicted in its research publications, and does not advise technology users to select only those vendors with the highest ratings or other designation. Gartner research publications consist of the opinions of Gartner&#8217;s research organization and should not be construed as statements of fact. Gartner disclaims all warranties, expressed or implied, with respect to this research, including any warranties of merchantability or fitness for a particular purpose.<\/em><\/p>\n<p><em>Gartner\u00ae Magic Quadrant\u2122 for Privileged Access Management, by Felix Gaehtgens, James Hoover, Michael Kelley, Brian Guthrie, Abhyuday Data, 5 September 2023<\/em><\/p>\n<p><em>Gartner\u00ae Magic Quadrant\u2122 for Access Management, by Henrique Teixeira, Abhyuday Data, Michael Kelley, James Hoover, Brian Guthrie, 1 November 2022<\/em>[\/vc_column_text][\/vc_column][vc_column width=&#8220;1\/12&#8243; css=&#8220;.vc_custom_1663681871597{margin-right: 45px !important;border-right-width: 1px !important;}&#8220;][\/vc_column][vc_column width=&#8220;1\/3&#8243; el_class=&#8220;right-clmn cybv2-form&#8220;][vc_column_text el_class=&#8220;cyb-pad-btm&#8220;]<\/p>\n<h5>Erhalten Sie die Reports<\/h5>\n<p>[\/vc_column_text][vc_raw_html]W21hcmtldG9fZm9ybSBpZD0iOTE4NyIgdHlfcGFnZV91cmw9Imh0dHBzOi8vd3d3LmN5YmVyYXJrLmNvbS9kZS90aGFuay15b3UtZ2FydG5lci1tYWdpYy1xdWFkcmFudC1yZXBvcnRzLWZvci1wYW0tYW5kLWFjY2Vzcy1tYW5hZ2VtZW50Il0=[\/vc_raw_html][\/vc_column][\/vc_row]<\/p>\n<\/div>","protected":false},"excerpt":{"rendered":"<p>[vc_row full_width=&#8220;stretch_row&#8220; equal_height=&#8220;yes&#8220; el_class=&#8220;cybv2 cybv2-pad-top hv-cta&#8220;][vc_column width=&#8220;7\/12&#8243; el_class=&#8220;left-clmn&#8220;][vc_column_text]Analystenreport CyberArk ist der einzige Anbieter, der in beiden Gartner\u00ae Magic Quadrant\u2122-Reports f\u00fcr PAM und Access Management als Leader positioniert ist 2023 Gartner Magic Quadrant f\u00fcr Privileged Access&#8230;<\/p>\n","protected":false},"author":125,"featured_media":0,"parent":0,"menu_order":0,"comment_status":"closed","ping_status":"closed","template":"t_cybv2_nomenus.php","meta":{"_acf_changed":false,"inline_featured_image":false,"footnotes":""},"product_category":[],"class_list":["post-136161","page","type-page","status-publish","hentry"],"acf":[],"yoast_head":"<!-- This site is optimized with the Yoast SEO Premium plugin v27.2 (Yoast SEO v27.2) - https:\/\/yoast.com\/product\/yoast-seo-premium-wordpress\/ -->\n<title>CyberArk ist als einziger Anbieter Leader in den beiden Gartner\u00ae Magic Quadrant\u2122 Reports f\u00fcr PAM und Access Management | CyberArk<\/title>\n<meta name=\"description\" content=\"Der neue 2023 Gartner Magic Quadrant f\u00fcr Privileged Access Management wurde ver\u00f6ffentlicht, und CyberArk wurde als Leader ausgezeichnet.\" \/>\n<meta name=\"robots\" content=\"index, follow, max-snippet:-1, max-image-preview:large, max-video-preview:-1\" \/>\n<link rel=\"canonical\" href=\"https:\/\/www.cyberark.com\/gartner-magic-quadrant-reports-for-pam-and-access-management\/\" \/>\n<meta property=\"og:locale\" content=\"de_DE\" \/>\n<meta property=\"og:type\" content=\"article\" \/>\n<meta property=\"og:title\" content=\"Gartner Magic Quadrant Reports for PAM and Access Management\" \/>\n<meta property=\"og:description\" content=\"Der neue 2023 Gartner Magic Quadrant f\u00fcr Privileged Access Management wurde ver\u00f6ffentlicht, und CyberArk wurde als Leader ausgezeichnet.\" \/>\n<meta property=\"og:url\" content=\"https:\/\/www.cyberark.com\/gartner-magic-quadrant-reports-for-pam-and-access-management\/\" \/>\n<meta property=\"og:site_name\" content=\"CyberArk\" \/>\n<meta property=\"article:publisher\" content=\"https:\/\/www.facebook.com\/CyberArk\/\" \/>\n<meta property=\"article:modified_time\" content=\"2023-09-11T17:28:20+00:00\" \/>\n<meta property=\"og:image\" content=\"https:\/\/www.cyberark.com\/wp-content\/uploads\/2022\/09\/CYBR-gradient-bg-og-120x627-01-1024x535.png\" \/>\n\t<meta property=\"og:image:width\" content=\"1024\" \/>\n\t<meta property=\"og:image:height\" content=\"535\" \/>\n\t<meta property=\"og:image:type\" content=\"image\/png\" \/>\n<meta name=\"twitter:card\" content=\"summary_large_image\" \/>\n<meta name=\"twitter:site\" content=\"@CyberArk\" \/>\n<meta name=\"twitter:label1\" content=\"Gesch\u00e4tzte Lesezeit\" \/>\n\t<meta name=\"twitter:data1\" content=\"2 Minuten\" \/>\n<script type=\"application\/ld+json\" class=\"yoast-schema-graph\">{\"@context\":\"https:\/\/schema.org\",\"@graph\":[{\"@type\":\"WebPage\",\"@id\":\"https:\/\/www.cyberark.com\/gartner-magic-quadrant-reports-for-pam-and-access-management\/\",\"url\":\"https:\/\/www.cyberark.com\/gartner-magic-quadrant-reports-for-pam-and-access-management\/\",\"name\":\"CyberArk ist als einziger Anbieter Leader in den beiden Gartner\u00ae Magic Quadrant\u2122 Reports f\u00fcr PAM und Access Management | CyberArk\",\"isPartOf\":{\"@id\":\"https:\/\/www.cyberark.com\/#website\"},\"datePublished\":\"2022-11-04T12:46:19+00:00\",\"dateModified\":\"2023-09-11T17:28:20+00:00\",\"description\":\"Der neue 2023 Gartner Magic Quadrant f\u00fcr Privileged Access Management wurde ver\u00f6ffentlicht, und CyberArk wurde als Leader ausgezeichnet.\",\"breadcrumb\":{\"@id\":\"https:\/\/www.cyberark.com\/gartner-magic-quadrant-reports-for-pam-and-access-management\/#breadcrumb\"},\"inLanguage\":\"de-DE\",\"potentialAction\":[{\"@type\":\"ReadAction\",\"target\":[\"https:\/\/www.cyberark.com\/gartner-magic-quadrant-reports-for-pam-and-access-management\/\"]}]},{\"@type\":\"BreadcrumbList\",\"@id\":\"https:\/\/www.cyberark.com\/gartner-magic-quadrant-reports-for-pam-and-access-management\/#breadcrumb\",\"itemListElement\":[{\"@type\":\"ListItem\",\"position\":1,\"name\":\"Home\",\"item\":\"https:\/\/www.cyberark.com\/\"},{\"@type\":\"ListItem\",\"position\":2,\"name\":\"Gartner Magic Quadrant Reports for PAM and Access Management\"}]},{\"@type\":\"WebSite\",\"@id\":\"https:\/\/www.cyberark.com\/#website\",\"url\":\"https:\/\/www.cyberark.com\/\",\"name\":\"CyberArk\",\"description\":\"\",\"publisher\":{\"@id\":\"https:\/\/www.cyberark.com\/#organization\"},\"potentialAction\":[{\"@type\":\"SearchAction\",\"target\":{\"@type\":\"EntryPoint\",\"urlTemplate\":\"https:\/\/www.cyberark.com\/?s={search_term_string}\"},\"query-input\":{\"@type\":\"PropertyValueSpecification\",\"valueRequired\":true,\"valueName\":\"search_term_string\"}}],\"inLanguage\":\"de-DE\"},{\"@type\":\"Organization\",\"@id\":\"https:\/\/www.cyberark.com\/#organization\",\"name\":\"CyberArk Software\",\"url\":\"https:\/\/www.cyberark.com\/\",\"logo\":{\"@type\":\"ImageObject\",\"inLanguage\":\"de-DE\",\"@id\":\"https:\/\/www.cyberark.com\/#\/schema\/logo\/image\/\",\"url\":\"https:\/\/www.cyberark.com\/wp-content\/uploads\/2021\/02\/cyberark-logo-dark.svg\",\"contentUrl\":\"https:\/\/www.cyberark.com\/wp-content\/uploads\/2021\/02\/cyberark-logo-dark.svg\",\"width\":\"1024\",\"height\":\"1024\",\"caption\":\"CyberArk Software\"},\"image\":{\"@id\":\"https:\/\/www.cyberark.com\/#\/schema\/logo\/image\/\"},\"sameAs\":[\"https:\/\/www.facebook.com\/CyberArk\/\",\"https:\/\/x.com\/CyberArk\",\"https:\/\/www.linkedin.com\/company\/cyber-ark-software\/\"]}]}<\/script>\n<!-- \/ Yoast SEO Premium plugin. -->","yoast_head_json":{"title":"CyberArk ist als einziger Anbieter Leader in den beiden Gartner\u00ae Magic Quadrant\u2122 Reports f\u00fcr PAM und Access Management | CyberArk","description":"Der neue 2023 Gartner Magic Quadrant f\u00fcr Privileged Access Management wurde ver\u00f6ffentlicht, und CyberArk wurde als Leader ausgezeichnet.","robots":{"index":"index","follow":"follow","max-snippet":"max-snippet:-1","max-image-preview":"max-image-preview:large","max-video-preview":"max-video-preview:-1"},"canonical":"https:\/\/www.cyberark.com\/gartner-magic-quadrant-reports-for-pam-and-access-management\/","og_locale":"de_DE","og_type":"article","og_title":"Gartner Magic Quadrant Reports for PAM and Access Management","og_description":"Der neue 2023 Gartner Magic Quadrant f\u00fcr Privileged Access Management wurde ver\u00f6ffentlicht, und CyberArk wurde als Leader ausgezeichnet.","og_url":"https:\/\/www.cyberark.com\/gartner-magic-quadrant-reports-for-pam-and-access-management\/","og_site_name":"CyberArk","article_publisher":"https:\/\/www.facebook.com\/CyberArk\/","article_modified_time":"2023-09-11T17:28:20+00:00","og_image":[{"width":1024,"height":535,"url":"https:\/\/www.cyberark.com\/wp-content\/uploads\/2022\/09\/CYBR-gradient-bg-og-120x627-01-1024x535.png","type":"image\/png"}],"twitter_card":"summary_large_image","twitter_site":"@CyberArk","twitter_misc":{"Gesch\u00e4tzte Lesezeit":"2 Minuten"},"schema":{"@context":"https:\/\/schema.org","@graph":[{"@type":"WebPage","@id":"https:\/\/www.cyberark.com\/gartner-magic-quadrant-reports-for-pam-and-access-management\/","url":"https:\/\/www.cyberark.com\/gartner-magic-quadrant-reports-for-pam-and-access-management\/","name":"CyberArk ist als einziger Anbieter Leader in den beiden Gartner\u00ae Magic Quadrant\u2122 Reports f\u00fcr PAM und Access Management | CyberArk","isPartOf":{"@id":"https:\/\/www.cyberark.com\/#website"},"datePublished":"2022-11-04T12:46:19+00:00","dateModified":"2023-09-11T17:28:20+00:00","description":"Der neue 2023 Gartner Magic Quadrant f\u00fcr Privileged Access Management wurde ver\u00f6ffentlicht, und CyberArk wurde als Leader ausgezeichnet.","breadcrumb":{"@id":"https:\/\/www.cyberark.com\/gartner-magic-quadrant-reports-for-pam-and-access-management\/#breadcrumb"},"inLanguage":"de-DE","potentialAction":[{"@type":"ReadAction","target":["https:\/\/www.cyberark.com\/gartner-magic-quadrant-reports-for-pam-and-access-management\/"]}]},{"@type":"BreadcrumbList","@id":"https:\/\/www.cyberark.com\/gartner-magic-quadrant-reports-for-pam-and-access-management\/#breadcrumb","itemListElement":[{"@type":"ListItem","position":1,"name":"Home","item":"https:\/\/www.cyberark.com\/"},{"@type":"ListItem","position":2,"name":"Gartner Magic Quadrant Reports for PAM and Access Management"}]},{"@type":"WebSite","@id":"https:\/\/www.cyberark.com\/#website","url":"https:\/\/www.cyberark.com\/","name":"CyberArk","description":"","publisher":{"@id":"https:\/\/www.cyberark.com\/#organization"},"potentialAction":[{"@type":"SearchAction","target":{"@type":"EntryPoint","urlTemplate":"https:\/\/www.cyberark.com\/?s={search_term_string}"},"query-input":{"@type":"PropertyValueSpecification","valueRequired":true,"valueName":"search_term_string"}}],"inLanguage":"de-DE"},{"@type":"Organization","@id":"https:\/\/www.cyberark.com\/#organization","name":"CyberArk Software","url":"https:\/\/www.cyberark.com\/","logo":{"@type":"ImageObject","inLanguage":"de-DE","@id":"https:\/\/www.cyberark.com\/#\/schema\/logo\/image\/","url":"https:\/\/www.cyberark.com\/wp-content\/uploads\/2021\/02\/cyberark-logo-dark.svg","contentUrl":"https:\/\/www.cyberark.com\/wp-content\/uploads\/2021\/02\/cyberark-logo-dark.svg","width":"1024","height":"1024","caption":"CyberArk Software"},"image":{"@id":"https:\/\/www.cyberark.com\/#\/schema\/logo\/image\/"},"sameAs":["https:\/\/www.facebook.com\/CyberArk\/","https:\/\/x.com\/CyberArk","https:\/\/www.linkedin.com\/company\/cyber-ark-software\/"]}]}},"_links":{"self":[{"href":"https:\/\/www.cyberark.com\/de\/wp-json\/wp\/v2\/pages\/136161","targetHints":{"allow":["GET"]}}],"collection":[{"href":"https:\/\/www.cyberark.com\/de\/wp-json\/wp\/v2\/pages"}],"about":[{"href":"https:\/\/www.cyberark.com\/de\/wp-json\/wp\/v2\/types\/page"}],"author":[{"embeddable":true,"href":"https:\/\/www.cyberark.com\/de\/wp-json\/wp\/v2\/users\/125"}],"replies":[{"embeddable":true,"href":"https:\/\/www.cyberark.com\/de\/wp-json\/wp\/v2\/comments?post=136161"}],"version-history":[{"count":0,"href":"https:\/\/www.cyberark.com\/de\/wp-json\/wp\/v2\/pages\/136161\/revisions"}],"wp:attachment":[{"href":"https:\/\/www.cyberark.com\/de\/wp-json\/wp\/v2\/media?parent=136161"}],"wp:term":[{"taxonomy":"product_category","embeddable":true,"href":"https:\/\/www.cyberark.com\/de\/wp-json\/wp\/v2\/product_category?post=136161"}],"curies":[{"name":"wp","href":"https:\/\/api.w.org\/{rel}","templated":true}]}}