{"id":197973,"date":"2020-12-01T14:10:09","date_gmt":"2020-12-01T19:10:09","guid":{"rendered":"https:\/\/www.cyberark.com\/contract-terms\/"},"modified":"2025-07-21T02:35:38","modified_gmt":"2025-07-21T06:35:38","slug":"contract-terms","status":"publish","type":"page","link":"https:\/\/www.cyberark.com\/de\/contract-terms\/","title":{"rendered":"CyberArk Vertragsbedingungen"},"content":{"rendered":"<div class=\"wpb-content-wrapper\"><p>[vc_row full_width=&#8220;stretch_row&#8220; el_class=&#8220;cybv2 int-hero-noimg slate&#8220;][vc_column width=&#8220;3\/4&#8243; el_class=&#8220;column-1&#8243;][vc_column_text css=&#8220;&#8220;]<\/p>\n<h1>CyberArk Vertragsbedingungen<\/h1>\n<p>[\/vc_column_text][\/vc_column][\/vc_row][vc_row el_class=&#8220;cyb-pad-top&#8220;][vc_column][vc_column_text]In diesen Allgemeinen Gesch\u00e4ftsbedingungen bezeichnet \u201eSie\u201c die Einheit, die Dienstleistungen, Hardware, Software oder andere Waren (zusammen als \u201eProdukte\u201c bezeichnet) von CyberArk kauft oder von der CyberArk Produkte erwirbt.<\/p>\n<p>\u201eCyberArk\u201c bezeichnet die CyberArk Einheit, die auf dem f\u00fcr Sie geltenden Angebot oder der Bestellung angegeben ist.<\/p>\n<p>Um die f\u00fcr Sie geltenden Gesch\u00e4ftsbedingungen zu finden, w\u00e4hlen Sie bitte unten die Kategorie jedes Produkts aus, das Sie von CyberArk gekauft haben. Zur Klarstellung: F\u00fcr Beta- oder Vorschauprodukte, wesentlich ge\u00e4nderte Produkte oder Produkte, die von CyberArk oder unseren Partnern lizenziert werden und nicht allgemein verf\u00fcgbar sind oder nicht unter den Softwarelizenz-\/Abonnementbedingungen von CyberArk lizenziert werden, k\u00f6nnen abweichende oder geringere Verpflichtungen gelten.[\/vc_column_text][\/vc_column][\/vc_row][vc_row full_width=&#8220;stretch_row&#8220; el_class=&#8220;cyb-accordion&#8220;][vc_column el_class=&#8220;cyb-pad-btm&#8220;][vc_tta_accordion style=&#8220;flat&#8220; shape=&#8220;square&#8220; color=&#8220;white&#8220; c_icon=&#8220;chevron&#8220; c_position=&#8220;right&#8220; active_section=&#8220;100&#8243; no_fill=&#8220;true&#8220; collapsible_all=&#8220;true&#8220;][vc_tta_section title=&#8220;End User License Agreement (selbstgehostet) (EULA)&#8220; tab_id=&#8220;eula&#8220;][vc_column_text css=&#8220;.vc_custom_1662733319056{padding-bottom: 1.375rem !important;}&#8220;]Die EULA gilt f\u00fcr verschiedene selbstgehostete Produkte von CyberArk, die zur Nutzung innerhalb Ihrer Infrastruktur lizenziert sind.\u00a0 Sie stimmen der EULA mit der Installation oder Nutzung des jeweiligen Produkts oder durch anderweitige elektronische Zustimmung zu.<\/p>\n<p><a href=\"https:\/\/www.cyberark.com\/EULA.pdf\" target=\"_blank\" rel=\"noopener noreferrer\">CyberArk Software-EULA f\u00fcr selbstgehostete Software<\/a>[\/vc_column_text][\/vc_tta_section][vc_tta_section title=&#8220;Software as a Service (SaaS)-Nutzungsbedingungen&#8220; tab_id=&#8220;saas&#8220;][vc_column_text]SaaS ist ein Bereitstellungsmodell f\u00fcr Softwareanwendungen, bei dem CyberArk die Anwendung \u00fcber das Internet hostet und betreibt und als Service f\u00fcr Sie bereitstellt. Sie bezahlen f\u00fcr die M\u00f6glichkeit, auf die Software zuzugreifen und sie zu nutzen, ohne die zugrundeliegende Infrastruktur zu besitzen, und stimmen den Nutzungsbedingungen bei Ihrer ersten Anmeldung zu.<\/p>\n<p><a href=\"https:\/\/www.cyberark.com\/SaaS-Terms-of-Service.pdf\">CyberArk SaaS-Nutzungsbedingungen<\/a>[\/vc_column_text][\/vc_tta_section][vc_tta_section title=&#8220;Managed Services Provider (MSP)-Lizenzvertrag&#8220; tab_id=&#8220;msp&#8220;][vc_column_text]Soweit Sie ein CyberArk Produkt erwerben, um verwaltete Dienste f\u00fcr oder zum Nutzen eines Dritten bereitzustellen, stimmen Sie dem MSP-Lizenzvertrag bei der Installation oder dem Zugriff und der Nutzung des jeweiligen CyberArk Produkts zu.<\/p>\n<p><a href=\"https:\/\/www.cyberark.com\/MSP.pdf\" target=\"_blank\" rel=\"noopener\">CyberArk MSP-Lizenzvertrag<\/a>[\/vc_column_text][\/vc_tta_section][vc_tta_section title=&#8220;Wartungs- und Supportbedingungen&#8220; tab_id=&#8220;maintenance-support-terms&#8220;][vc_column_text]Die Wartungs- und Supportbedingungen gelten f\u00fcr die Bereitstellung von Supportleistungen durch CyberArk als Teil eines SaaS-Produkts, das Sie erwerben, sowie f\u00fcr die Bereitstellung von Wartungs- und Supportleistungen durch CyberArk im Zusammenhang mit On-Premises-Softwarelizenzen, die Sie erwerben.<\/p>\n<p><a href=\"https:\/\/www.cyberark.com\/maintenance-support-terms.pdf\" target=\"_blank\" rel=\"noopener noreferrer\">CyberArk Wartungs- und Supportbedingungen<\/a>[\/vc_column_text][\/vc_tta_section][vc_tta_section title=&#8220;Jetstack Consult Allgemeine Bedingungen&#8220; tab_id=&#8220;jetstack-consult-terms&#8220;][vc_column_text css=&#8220;&#8220;]CyberArk ist ein Anbieter von Cloud-nativen Beratungsdiensten f\u00fcr Kubernetes und Openshift unter dem Markennamen Jetstack Consult. Wenn Sie Serviceleistungen von Jetstack Consult ohne einen separaten Produkt-Lizenzvertrag erwerben, der durch den Anhang f\u00fcr Professional Services erg\u00e4nzt wird, gilt dieser eigenst\u00e4ndige Vertrag f\u00fcr Professional Services von Jetstack Consult.<\/p>\n<p><a href=\"https:\/\/www.cyberark.com\/wp-content\/uploads\/2024\/10\/Jetstack-Consult-Terms.pdf\" target=\"_blank\" rel=\"noopener\">Jetstack Consult Allgemeine Bedingungen<\/a>[\/vc_column_text][\/vc_tta_section][vc_tta_section title=&#8220;Professional Services Zeitplan&#8220; tab_id=&#8220;professional-services&#8220;][vc_column_text]Professional Services k\u00f6nnen umfassen:<\/p>\n<ul>\n<li>Erste Projektplanung<\/li>\n<li>Sicherheitsprozessdesign und -entwicklung<\/li>\n<li>L\u00f6sungskonfiguration und -anpassung<\/li>\n<li>Integration in zus\u00e4tzliche Systeme<\/li>\n<li>Analysen nach der Implementierung<\/li>\n<li>Migrationsservices<\/li>\n<li>Erfolgspl\u00e4ne<\/li>\n<li>Technischer Account Manager<\/li>\n<li>Jump-Start-Pakete<\/li>\n<\/ul>\n<p>Wenn Sie Professional Services\u00a0erwerben, erg\u00e4nzen die folgenden Bedingungen f\u00fcr Professional Services Ihre geltenden Vertr\u00e4ge mit CyberArk und bilden einen Teil davon.<\/p>\n<p><a href=\"https:\/\/www.cyberark.com\/CyberArk-Professional-Services-Schedule.pdf\" target=\"_blank\" rel=\"noopener noreferrer\">CyberArk Professional Services Zeitplan<\/a>[\/vc_column_text][\/vc_tta_section][vc_tta_section title=&#8220;Hardware Addendum&#8220; tab_id=&#8220;hardware-addendum&#8220;][vc_column_text]Sie k\u00f6nnen Drittanbieter-Hardwareger\u00e4te von CyberArk zur Verwendung mit bestimmten Produkten erwerben. Das Hardware Addendum erg\u00e4nzt und ist Bestandteil Ihrer geltenden Vereinbarung(en) mit CyberArk.<\/p>\n<p><a href=\"https:\/\/www.cyberark.com\/CyberArk-Hardware-Addendum.pdf\" target=\"blank\" rel=\"noopener noreferrer\">\u00a0CyberArk Hardware Addendum<\/a>[\/vc_column_text][\/vc_tta_section][vc_tta_section title=&#8220;Data Processing Addendum&#8220; tab_id=&#8220;data-processing-addendum&#8220;][vc_column_text]Wenn CyberArk personenbezogene Daten in Ihrem Auftrag verarbeitet, wie in den geltenden Datenschutzgesetzen <a href=\"#ftn1\"><sup>[1]<\/sup><\/a> definiert, finden Sie die Datenschutzverpflichtungen von CyberArk im Data Processing Addendum. Dieses enth\u00e4lt die Datenverarbeitungsbedingungen von CyberArk sowie die Bedingungen f\u00fcr von CyberArk gehostete Dienste, die Kunden im Rahmen einer SaaS-Vereinbarung abonnieren. Weitere Informationen dar\u00fcber, wie CyberArk personenbezogene Daten verarbeitet, finden Sie im CyberArk <a href=\"https:\/\/www.cyberark.com\/privacy-center\/\">Privacy Center<\/a>.<\/p>\n<p><a href=\"https:\/\/www.cyberark.com\/CyberArk-Data-Processing-Addendum.pdf\" target=\"_blank\" rel=\"noopener noreferrer\">CyberArk Data Processing Addendum<\/a><\/p>\n<p><a class=\"anchor\" name=\"ftn1\"><\/a><br \/>\n[1] Hinsichtlich aller anwendbaren Datenschutz- und Datenschutzgesetze, einschlie\u00dflich (i) soweit anwendbar der Datenschutz-Grundverordnung ((EU) 2016\/679) (die \u201eDSGVO\u201c) und aller anwendbaren nationalen Umsetzungsgesetze, Verordnungen und sekund\u00e4ren Rechtsakte, einschlie\u00dflich des britischen Datenschutzgesetzes 2018, (ii) soweit anwendbar der Richtlinie \u00fcber Datenschutz und elektronische Kommunikation (2002\/58\/EG) und aller anwendbaren nationalen Umsetzungsgesetze, einschlie\u00dflich der Privacy and Electronic Communications (EC Directive) Regulations 2003 (SI 2003\/2426), (iii) jeglicher Ersatzgesetzgebung, die vom Vereinigten K\u00f6nigreich (\u201eUK\u201c) im Zuge des Austritts aus der Europ\u00e4ischen Union eingef\u00fchrt wurde, und (iv) dem California Consumer Privacy Act (CCPA), jeweils in der jeweils ge\u00e4nderten, ersetzten oder aktualisierten Fassung.[\/vc_column_text][\/vc_tta_section][vc_tta_section title=&#8220;Vendor Compliance Privacy Addendum&#8220; tab_id=&#8220;privacy-addendum&#8220;][vc_column_text]Das Vendor Compliance and Privacy Addendum erg\u00e4nzt und ist Bestandteil der jeweils anwendbaren Bestellung, des SOW (Statement of Work) oder eines \u00e4hnlichen Dokuments, das CyberArk an Sie ausstellt.<\/p>\n<p><a href=\"https:\/\/www.cyberark.com\/Vendor-Compliance-Privacy-Addendum.pdf\" target=\"_blank\" rel=\"noopener noreferrer\">CyberArk Vendor Compliance and Privacy Addendum<\/a>[\/vc_column_text][\/vc_tta_section][vc_tta_section title=&#8220;Zusammenfassung der Gesch\u00e4ftsbedingungen zur Partner-Empfehlungsregistrierung&#8220; tab_id=&#8220;referral-registration&#8220;][vc_column_text]Die Zusammenfassung der Gesch\u00e4ftsbedingungen zur Partner-Empfehlungsregistrierung dient als Best\u00e4tigung der Annahme der vollst\u00e4ndigen Gesch\u00e4ftsbedingungen des Empfehlungsangebots durch den Partner.<\/p>\n<p><a href=\"https:\/\/www.cyberark.com\/R&amp;I.pdf\" target=\"_blank\" rel=\"noopener\">Zusammenfassung der Gesch\u00e4ftsbedingungen zur Partner-Empfehlungsregistrierung<\/a>[\/vc_column_text][\/vc_tta_section][vc_tta_section title=&#8220;Telemetry End User License Agreement (Telemetry EULA)&#8220; tab_id=&#8220;1652102890610-a63d3925-35f1&#8243;][vc_column_text]Diese EULA gilt f\u00fcr das On-Premise-Softwareprodukt Telemetry von CyberArk, das vom CyberArk Marketplace heruntergeladen wird. Sie stimmen der Telemetry EULA mit der Installation oder Nutzung des Telemetry-Produkts oder durch eine elektronische Zustimmung zu.<\/p>\n<p><a href=\"https:\/\/www.cyberark.com\/CyberArk-Software-Telemetry-EULA.pdf\" target=\"_blank\" rel=\"noopener\">CyberArk Software Telemetry EULA<\/a>[\/vc_column_text][\/vc_tta_section][vc_tta_section title=&#8220;Zusatzvereinbarung f\u00fcr CyberArk FedRAMP-Produkte&#8220; tab_id=&#8220;1678194184876-6c7b3958-d2fe&#8220;][vc_column_text]Diese Zusatzvereinbarung findet Anwendung, wenn Sie bestimmte CyberArk SaaS-Produkte erwerben, die als \u201eFedRAMP Authorized\u201c gelistet sind.<\/p>\n<p><a href=\"https:\/\/www.cyberark.com\/wp-content\/uploads\/2023\/03\/Rider-for-FedRAMP-products-CYBR-Global-20230303.pdf\" target=\"_blank\" rel=\"noopener\">CyberArk Zusatzvereinbarung zu den SaaS-Nutzungsbedingungen f\u00fcr FedRAMP-Produkte<\/a>[\/vc_column_text][\/vc_tta_section][\/vc_tta_accordion][\/vc_column][\/vc_row]<\/p>\n<\/div>","protected":false},"excerpt":{"rendered":"<p>[vc_row full_width=&#8220;stretch_row&#8220; el_class=&#8220;cybv2 int-hero-noimg slate&#8220;][vc_column width=&#8220;3\/4&#8243; el_class=&#8220;column-1&#8243;][vc_column_text css=&#8220;&#8220;] CyberArk Vertragsbedingungen [\/vc_column_text][\/vc_column][\/vc_row][vc_row el_class=&#8220;cyb-pad-top&#8220;][vc_column][vc_column_text]In diesen Allgemeinen Gesch\u00e4ftsbedingungen bezeichnet \u201eSie\u201c die Einheit, die Dienstleistungen, Hardware, Software oder andere Waren (zusammen als \u201eProdukte\u201c bezeichnet) von CyberArk kauft oder von&#8230;<\/p>\n","protected":false},"author":164,"featured_media":0,"parent":0,"menu_order":0,"comment_status":"closed","ping_status":"closed","template":"","meta":{"_acf_changed":false,"inline_featured_image":false,"footnotes":""},"product_category":[],"class_list":["post-197973","page","type-page","status-publish","hentry"],"acf":[],"yoast_head":"<!-- This site is optimized with the Yoast SEO Premium plugin v27.2 (Yoast SEO v27.2) - https:\/\/yoast.com\/product\/yoast-seo-premium-wordpress\/ -->\n<title>CyberArk Vertragsbedingungen | CyberArk<\/title>\n<meta name=\"robots\" content=\"noindex, nofollow\" \/>\n<meta property=\"og:locale\" content=\"de_DE\" \/>\n<meta property=\"og:type\" content=\"article\" \/>\n<meta property=\"og:title\" content=\"CyberArk Vertragsbedingungen\" \/>\n<meta property=\"og:description\" content=\"[vc_row full_width=&#8220;stretch_row&#8220; el_class=&#8220;cybv2 int-hero-noimg slate&#8220;][vc_column width=&#8220;3\/4&#8243; el_class=&#8220;column-1&#8243;][vc_column_text css=&#8220;&#8220;] CyberArk Vertragsbedingungen [\/vc_column_text][\/vc_column][\/vc_row][vc_row el_class=&#8220;cyb-pad-top&#8220;][vc_column][vc_column_text]In diesen Allgemeinen Gesch\u00e4ftsbedingungen bezeichnet \u201eSie\u201c die Einheit, die Dienstleistungen, Hardware, Software oder andere Waren (zusammen als \u201eProdukte\u201c bezeichnet) von CyberArk kauft oder von...\" \/>\n<meta property=\"og:url\" content=\"https:\/\/www.cyberark.com\/contract-terms\/\" \/>\n<meta property=\"og:site_name\" content=\"CyberArk\" \/>\n<meta property=\"article:publisher\" content=\"https:\/\/www.facebook.com\/CyberArk\/\" \/>\n<meta property=\"article:modified_time\" content=\"2025-07-21T06:35:38+00:00\" \/>\n<meta property=\"og:image\" content=\"https:\/\/www.cyberark.com\/wp-content\/uploads\/2022\/09\/CYBR-gradient-bg-og-120x627-01-1024x535.png\" \/>\n\t<meta property=\"og:image:width\" content=\"1024\" \/>\n\t<meta property=\"og:image:height\" content=\"535\" \/>\n\t<meta property=\"og:image:type\" content=\"image\/png\" \/>\n<meta name=\"twitter:card\" content=\"summary_large_image\" \/>\n<meta name=\"twitter:site\" content=\"@CyberArk\" \/>\n<meta name=\"twitter:label1\" content=\"Gesch\u00e4tzte Lesezeit\" \/>\n\t<meta name=\"twitter:data1\" content=\"5 Minuten\" \/>\n<script type=\"application\/ld+json\" class=\"yoast-schema-graph\">{\"@context\":\"https:\/\/schema.org\",\"@graph\":[{\"@type\":\"WebPage\",\"@id\":\"https:\/\/www.cyberark.com\/contract-terms\/\",\"url\":\"https:\/\/www.cyberark.com\/contract-terms\/\",\"name\":\"CyberArk Vertragsbedingungen | CyberArk\",\"isPartOf\":{\"@id\":\"https:\/\/www.cyberark.com\/#website\"},\"datePublished\":\"2020-12-01T19:10:09+00:00\",\"dateModified\":\"2025-07-21T06:35:38+00:00\",\"breadcrumb\":{\"@id\":\"https:\/\/www.cyberark.com\/contract-terms\/#breadcrumb\"},\"inLanguage\":\"de-DE\",\"potentialAction\":[{\"@type\":\"ReadAction\",\"target\":[\"https:\/\/www.cyberark.com\/contract-terms\/\"]}]},{\"@type\":\"BreadcrumbList\",\"@id\":\"https:\/\/www.cyberark.com\/contract-terms\/#breadcrumb\",\"itemListElement\":[{\"@type\":\"ListItem\",\"position\":1,\"name\":\"Home\",\"item\":\"https:\/\/www.cyberark.com\/\"},{\"@type\":\"ListItem\",\"position\":2,\"name\":\"CyberArk Vertragsbedingungen\"}]},{\"@type\":\"WebSite\",\"@id\":\"https:\/\/www.cyberark.com\/#website\",\"url\":\"https:\/\/www.cyberark.com\/\",\"name\":\"CyberArk\",\"description\":\"\",\"publisher\":{\"@id\":\"https:\/\/www.cyberark.com\/#organization\"},\"potentialAction\":[{\"@type\":\"SearchAction\",\"target\":{\"@type\":\"EntryPoint\",\"urlTemplate\":\"https:\/\/www.cyberark.com\/?s={search_term_string}\"},\"query-input\":{\"@type\":\"PropertyValueSpecification\",\"valueRequired\":true,\"valueName\":\"search_term_string\"}}],\"inLanguage\":\"de-DE\"},{\"@type\":\"Organization\",\"@id\":\"https:\/\/www.cyberark.com\/#organization\",\"name\":\"CyberArk Software\",\"url\":\"https:\/\/www.cyberark.com\/\",\"logo\":{\"@type\":\"ImageObject\",\"inLanguage\":\"de-DE\",\"@id\":\"https:\/\/www.cyberark.com\/#\/schema\/logo\/image\/\",\"url\":\"https:\/\/www.cyberark.com\/wp-content\/uploads\/2021\/02\/cyberark-logo-dark.svg\",\"contentUrl\":\"https:\/\/www.cyberark.com\/wp-content\/uploads\/2021\/02\/cyberark-logo-dark.svg\",\"width\":\"1024\",\"height\":\"1024\",\"caption\":\"CyberArk Software\"},\"image\":{\"@id\":\"https:\/\/www.cyberark.com\/#\/schema\/logo\/image\/\"},\"sameAs\":[\"https:\/\/www.facebook.com\/CyberArk\/\",\"https:\/\/x.com\/CyberArk\",\"https:\/\/www.linkedin.com\/company\/cyber-ark-software\/\"]}]}<\/script>\n<!-- \/ Yoast SEO Premium plugin. -->","yoast_head_json":{"title":"CyberArk Vertragsbedingungen | CyberArk","robots":{"index":"noindex","follow":"nofollow"},"og_locale":"de_DE","og_type":"article","og_title":"CyberArk Vertragsbedingungen","og_description":"[vc_row full_width=&#8220;stretch_row&#8220; el_class=&#8220;cybv2 int-hero-noimg slate&#8220;][vc_column width=&#8220;3\/4&#8243; el_class=&#8220;column-1&#8243;][vc_column_text css=&#8220;&#8220;] CyberArk Vertragsbedingungen [\/vc_column_text][\/vc_column][\/vc_row][vc_row el_class=&#8220;cyb-pad-top&#8220;][vc_column][vc_column_text]In diesen Allgemeinen Gesch\u00e4ftsbedingungen bezeichnet \u201eSie\u201c die Einheit, die Dienstleistungen, Hardware, Software oder andere Waren (zusammen als \u201eProdukte\u201c bezeichnet) von CyberArk kauft oder von...","og_url":"https:\/\/www.cyberark.com\/contract-terms\/","og_site_name":"CyberArk","article_publisher":"https:\/\/www.facebook.com\/CyberArk\/","article_modified_time":"2025-07-21T06:35:38+00:00","og_image":[{"width":1024,"height":535,"url":"https:\/\/www.cyberark.com\/wp-content\/uploads\/2022\/09\/CYBR-gradient-bg-og-120x627-01-1024x535.png","type":"image\/png"}],"twitter_card":"summary_large_image","twitter_site":"@CyberArk","twitter_misc":{"Gesch\u00e4tzte Lesezeit":"5 Minuten"},"schema":{"@context":"https:\/\/schema.org","@graph":[{"@type":"WebPage","@id":"https:\/\/www.cyberark.com\/contract-terms\/","url":"https:\/\/www.cyberark.com\/contract-terms\/","name":"CyberArk Vertragsbedingungen | CyberArk","isPartOf":{"@id":"https:\/\/www.cyberark.com\/#website"},"datePublished":"2020-12-01T19:10:09+00:00","dateModified":"2025-07-21T06:35:38+00:00","breadcrumb":{"@id":"https:\/\/www.cyberark.com\/contract-terms\/#breadcrumb"},"inLanguage":"de-DE","potentialAction":[{"@type":"ReadAction","target":["https:\/\/www.cyberark.com\/contract-terms\/"]}]},{"@type":"BreadcrumbList","@id":"https:\/\/www.cyberark.com\/contract-terms\/#breadcrumb","itemListElement":[{"@type":"ListItem","position":1,"name":"Home","item":"https:\/\/www.cyberark.com\/"},{"@type":"ListItem","position":2,"name":"CyberArk Vertragsbedingungen"}]},{"@type":"WebSite","@id":"https:\/\/www.cyberark.com\/#website","url":"https:\/\/www.cyberark.com\/","name":"CyberArk","description":"","publisher":{"@id":"https:\/\/www.cyberark.com\/#organization"},"potentialAction":[{"@type":"SearchAction","target":{"@type":"EntryPoint","urlTemplate":"https:\/\/www.cyberark.com\/?s={search_term_string}"},"query-input":{"@type":"PropertyValueSpecification","valueRequired":true,"valueName":"search_term_string"}}],"inLanguage":"de-DE"},{"@type":"Organization","@id":"https:\/\/www.cyberark.com\/#organization","name":"CyberArk Software","url":"https:\/\/www.cyberark.com\/","logo":{"@type":"ImageObject","inLanguage":"de-DE","@id":"https:\/\/www.cyberark.com\/#\/schema\/logo\/image\/","url":"https:\/\/www.cyberark.com\/wp-content\/uploads\/2021\/02\/cyberark-logo-dark.svg","contentUrl":"https:\/\/www.cyberark.com\/wp-content\/uploads\/2021\/02\/cyberark-logo-dark.svg","width":"1024","height":"1024","caption":"CyberArk Software"},"image":{"@id":"https:\/\/www.cyberark.com\/#\/schema\/logo\/image\/"},"sameAs":["https:\/\/www.facebook.com\/CyberArk\/","https:\/\/x.com\/CyberArk","https:\/\/www.linkedin.com\/company\/cyber-ark-software\/"]}]}},"_links":{"self":[{"href":"https:\/\/www.cyberark.com\/de\/wp-json\/wp\/v2\/pages\/197973","targetHints":{"allow":["GET"]}}],"collection":[{"href":"https:\/\/www.cyberark.com\/de\/wp-json\/wp\/v2\/pages"}],"about":[{"href":"https:\/\/www.cyberark.com\/de\/wp-json\/wp\/v2\/types\/page"}],"author":[{"embeddable":true,"href":"https:\/\/www.cyberark.com\/de\/wp-json\/wp\/v2\/users\/164"}],"replies":[{"embeddable":true,"href":"https:\/\/www.cyberark.com\/de\/wp-json\/wp\/v2\/comments?post=197973"}],"version-history":[{"count":0,"href":"https:\/\/www.cyberark.com\/de\/wp-json\/wp\/v2\/pages\/197973\/revisions"}],"wp:attachment":[{"href":"https:\/\/www.cyberark.com\/de\/wp-json\/wp\/v2\/media?parent=197973"}],"wp:term":[{"taxonomy":"product_category","embeddable":true,"href":"https:\/\/www.cyberark.com\/de\/wp-json\/wp\/v2\/product_category?post=197973"}],"curies":[{"name":"wp","href":"https:\/\/api.w.org\/{rel}","templated":true}]}}