{"id":199596,"date":"2024-11-13T07:32:12","date_gmt":"2024-11-13T12:32:12","guid":{"rendered":"https:\/\/www.cyberark.com\/partners\/alliance-partners\/wiz\/"},"modified":"2025-03-27T07:32:47","modified_gmt":"2025-03-27T11:32:47","slug":"wiz","status":"publish","type":"page","link":"https:\/\/www.cyberark.com\/de\/partners\/alliance-partners\/wiz\/","title":{"rendered":"Wiz\u00a0\u2013 Technik"},"content":{"rendered":"<div class=\"wpb-content-wrapper\"><p>[vc_row full_width=&#8220;stretch_row&#8220; equal_height=&#8220;yes&#8220; content_placement=&#8220;middle&#8220; el_class=&#8220;cybv2 hero dark&#8220;][vc_column width=&#8220;5\/12&#8243; el_class=&#8220;column-1&#8243; offset=&#8220;vc_col-md-5&#8243;][vc_column_text css=&#8220;&#8220;]<\/p>\n<h1><span class=\"chartreuse\">Schneller entwickeln in der Cloud<\/span> mit CyberArk und Wiz\u200b<\/h1>\n<p><\/p>\n<h2>Vollst\u00e4ndige Transparenz und Kontrolle \u00fcber privilegierten Zugriff.<\/h2>\n<p>\n[\/vc_column_text][vc_btn title=&#8220;Kostenlose 30-Tage-Testversion&#8220; style=&#8220;custom&#8220; custom_background=&#8220;&#8220; custom_text=&#8220;&#8220; shape=&#8220;square&#8220; css=&#8220;&#8220; link=&#8220;url:https%3A%2F%2Fwww.cyberark.com%2Fde%2Fsolutions%2Fsecure-developers%2F%23form|title:Mehr%20lesen|&#8220; el_class=&#8220;cybv2-button-solid&#8220;][\/vc_column][vc_column width=&#8220;1\/2&#8243; el_class=&#8220;column-2 mt-auto&#8220; offset=&#8220;vc_col-md-offset-1&#8243;][vc_column_text css=&#8220;&#8220;]<\/p>\n<div class=\"video-window\">    <script src=\"https:\/\/fast.wistia.com\/assets\/external\/E-v1.js\" async><\/script>\r\n            <div class=\"wistia_embed wistia_async_68b1d7k8sg videoFoam=true\" style=\"width:580px;height:397px;\">&nbsp;<\/div>\r\n        <\/div>\n<p>[\/vc_column_text][\/vc_column][\/vc_row][vc_row full_width=&#8220;stretch_row&#8220; el_class=&#8220;cybv2 v3 products cybv2-pad-btm box-row&#8220; css=&#8220;.vc_custom_1731081510730{margin-top: 120px !important;}&#8220;][vc_column][vc_row_inner el_class=&#8220;justify-content-center cybv2-pad-btm pad-top-120&#8243;][vc_column_inner el_class=&#8220;cyb-center&#8220; width=&#8220;2\/3&#8243; offset=&#8220;vc_col-md-offset-2&#8243;][vc_column_text css=&#8220;&#8220;]<\/p>\n<h2>Transparenz und Zugriffskontrolle \u2013 in dem Umfang und der Geschwindigkeit, die f\u00fcr die Cloud-Entwicklung Ihres Unternehmens erforderlich sind<\/h2>\n<p>\n[\/vc_column_text][\/vc_column_inner][\/vc_row_inner][vc_row_inner equal_height=&#8220;yes&#8220; el_class=&#8220;text-center&#8220;][vc_column_inner el_class=&#8220;icon-box&#8220; width=&#8220;1\/3&#8243; column_link=&#8220;url:https%3A%2F%2Fwww.cyberark.com%2Fde%2Fsolutions%2Fdigital-business-transformation%2F|title:Mehr%20erfahren|&#8220;][vc_column_text css=&#8220;&#8220; el_class=&#8220;pb-6&#8243;]<img loading=\"lazy\" decoding=\"async\" class=\"alignnone size-full wp-image-199307\" src=\"https:\/\/www.cyberark.com\/wp-content\/uploads\/2024\/11\/hat-icon.svg\" alt=\"Symbol Hut\" width=\"39\" height=\"45\" \/>[\/vc_column_text][vc_column_text css=&#8220;&#8220; el_class=&#8220;link-arrow-right&#8220;]<\/p>\n<h4>Transparenz und Kontrolle<\/h4>\n<p>Transparenz und Kontrolle \u00fcber Risiken f\u00fcr Identity Security in Cloud-Umgebungen.\u200b[\/vc_column_text][\/vc_column_inner][vc_column_inner el_class=&#8220;icon-box&#8220; width=&#8220;1\/3&#8243; column_link=&#8220;url:https%3A%2F%2Fwww.cyberark.com%2Fde%2Fsolutions%2Fdefend-against-attacks%2F|title:Mehr%20erfahren|&#8220;][vc_column_text css=&#8220;&#8220; el_class=&#8220;pb-6&#8243;]<img loading=\"lazy\" decoding=\"async\" class=\"alignnone size-full wp-image-199316\" src=\"https:\/\/www.cyberark.com\/wp-content\/uploads\/2024\/11\/overview-vertical-arrow-icon.svg\" alt=\"Pfeil\" width=\"39\" height=\"45\" \/>[\/vc_column_text][vc_column_text css=&#8220;&#8220; el_class=&#8220;link-arrow-right&#8220;]<\/p>\n<h4>Reibungslose Behebung<\/h4>\n<p>Einfache Anwendung von Berechtigungskontrollen zur Sicherung menschlicher und maschineller Identit\u00e4ten mit hohem Zugriffsrisiko.[\/vc_column_text][\/vc_column_inner][vc_column_inner el_class=&#8220;icon-box&#8220; width=&#8220;1\/3&#8243; column_link=&#8220;url:https%3A%2F%2Fwww.cyberark.com%2Fde%2Fsolutions%2Fsecure-your-workforce%2F|title:Mehr%20erfahren|&#8220;][vc_column_text css=&#8220;&#8220; el_class=&#8220;pb-6&#8243;]<img loading=\"lazy\" decoding=\"async\" class=\"alignnone size-full wp-image-199325\" src=\"https:\/\/www.cyberark.com\/wp-content\/uploads\/2024\/11\/report-icon.svg\" alt=\"Symbol Papier\" width=\"39\" height=\"46\" \/>[\/vc_column_text][vc_column_text css=&#8220;&#8220; el_class=&#8220;link-arrow-right&#8220;]<\/p>\n<h4>Sichern Sie Ihre digitale Transformation<\/h4>\n<p>Erhalten Sie die Geschwindigkeit von Entwicklern, KI, Forschung und Innovation aufrecht.\u200b[\/vc_column_text][\/vc_column_inner][\/vc_row_inner][\/vc_column][\/vc_row][vc_row el_class=&#8220;cybv2 cybv2-pad-top overview-hz&#8220;][vc_column width=&#8220;1\/4&#8243; el_class=&#8220;head-box&#8220;][vc_column_text css=&#8220;&#8220;]<\/p>\n<h3>Stehen Sie vor diesen gesch\u00e4ftlichen Herausforderungen? Wir k\u00f6nnen helfen.<\/h3>\n<p>\n[\/vc_column_text][\/vc_column][vc_column width=&#8220;2\/3&#8243; offset=&#8220;vc_col-sm-offset-1&#8243;][vc_row_inner equal_height=&#8220;yes&#8220;][vc_column_inner width=&#8220;5\/12&#8243;][vc_column_text css=&#8220;.vc_custom_1731438379114{margin-bottom: 30px !important;}&#8220;]<img loading=\"lazy\" decoding=\"async\" class=\"alignnone size-full wp-image-199253\" src=\"https:\/\/www.cyberark.com\/wp-content\/uploads\/2024\/11\/wiz-6.jpg\" alt=\"Frau\" width=\"200\" height=\"201\" srcset=\"https:\/\/www.cyberark.com\/wp-content\/uploads\/2024\/11\/wiz-6.jpg 200w, https:\/\/www.cyberark.com\/wp-content\/uploads\/2024\/11\/wiz-6-150x150.jpg 150w, https:\/\/www.cyberark.com\/wp-content\/uploads\/2024\/11\/wiz-6-100x100.jpg 100w\" sizes=\"auto, (max-width: 200px) 100vw, 200px\" \/>[\/vc_column_text][vc_column_text css=&#8220;&#8220;]<\/p>\n<h4>Fehlende umfassende Transparenz\u200b<\/h4>\n<p>Unzureichende Transparenz f\u00fchrt zu Sicherheitsl\u00fccken.[\/vc_column_text][\/vc_column_inner][vc_column_inner width=&#8220;5\/12&#8243; offset=&#8220;vc_col-sm-offset-1&#8243;][vc_column_text css=&#8220;.vc_custom_1731438386503{margin-bottom: 30px !important;}&#8220;]<img loading=\"lazy\" decoding=\"async\" class=\"alignnone size-full wp-image-199262\" src=\"https:\/\/www.cyberark.com\/wp-content\/uploads\/2024\/11\/wiz-1.jpg\" alt=\"Mann\" width=\"200\" height=\"201\" srcset=\"https:\/\/www.cyberark.com\/wp-content\/uploads\/2024\/11\/wiz-1.jpg 200w, https:\/\/www.cyberark.com\/wp-content\/uploads\/2024\/11\/wiz-1-150x150.jpg 150w, https:\/\/www.cyberark.com\/wp-content\/uploads\/2024\/11\/wiz-1-100x100.jpg 100w\" sizes=\"auto, (max-width: 200px) 100vw, 200px\" \/>[\/vc_column_text][vc_column_text css=&#8220;&#8220;]<\/p>\n<h4>Undefinierte Rollen\u200b<\/h4>\n<p>Zu viele Berechtigungen f\u00fchren zu \u00fcberm\u00e4\u00dfigen Zugriffen und Risiken.[\/vc_column_text][\/vc_column_inner][vc_column_inner width=&#8220;5\/12&#8243; css=&#8220;.vc_custom_1736362437897{margin-top: 40px !important;}&#8220;][vc_column_text css=&#8220;.vc_custom_1731438396760{margin-bottom: 30px !important;}&#8220;]<img loading=\"lazy\" decoding=\"async\" class=\"alignnone size-full wp-image-199271\" src=\"https:\/\/www.cyberark.com\/wp-content\/uploads\/2024\/11\/wiz-2.jpg\" alt=\"Mann\" width=\"200\" height=\"201\" srcset=\"https:\/\/www.cyberark.com\/wp-content\/uploads\/2024\/11\/wiz-2.jpg 200w, https:\/\/www.cyberark.com\/wp-content\/uploads\/2024\/11\/wiz-2-150x150.jpg 150w, https:\/\/www.cyberark.com\/wp-content\/uploads\/2024\/11\/wiz-2-100x100.jpg 100w\" sizes=\"auto, (max-width: 200px) 100vw, 200px\" \/>[\/vc_column_text][vc_column_text css=&#8220;&#8220;]<\/p>\n<h4>Mangelnde Nutzerfreundlichkeit f\u00fcr Entwickler<\/h4>\n<p>Umst\u00e4ndliche Kontrollen schr\u00e4nken die Akzeptanz der Sicherheit ein.[\/vc_column_text][\/vc_column_inner][vc_column_inner width=&#8220;5\/12&#8243; offset=&#8220;vc_col-sm-offset-1&#8243; css=&#8220;.vc_custom_1736362428507{margin-top: 40px !important;}&#8220;][vc_column_text css=&#8220;.vc_custom_1731438402717{margin-bottom: 30px !important;}&#8220;]<img loading=\"lazy\" decoding=\"async\" class=\"alignnone size-full wp-image-199280\" src=\"https:\/\/www.cyberark.com\/wp-content\/uploads\/2024\/11\/wiz-3.jpg\" alt=\"Frau\" width=\"200\" height=\"201\" srcset=\"https:\/\/www.cyberark.com\/wp-content\/uploads\/2024\/11\/wiz-3.jpg 200w, https:\/\/www.cyberark.com\/wp-content\/uploads\/2024\/11\/wiz-3-150x150.jpg 150w, https:\/\/www.cyberark.com\/wp-content\/uploads\/2024\/11\/wiz-3-100x100.jpg 100w\" sizes=\"auto, (max-width: 200px) 100vw, 200px\" \/>[\/vc_column_text][vc_column_text css=&#8220;&#8220;]<\/p>\n<h4>Unzureichende Berichterstattung und Analyse<\/h4>\n<p>Unvollst\u00e4ndige Erkenntnisse behindern die Bewertung von Identit\u00e4tsrisiken.[\/vc_column_text][\/vc_column_inner][vc_column_inner width=&#8220;5\/12&#8243; css=&#8220;.vc_custom_1736362411375{margin-top: 40px !important;}&#8220;][vc_column_text css=&#8220;.vc_custom_1731438411789{margin-bottom: 30px !important;}&#8220;]<img loading=\"lazy\" decoding=\"async\" class=\"alignnone size-full wp-image-199289\" src=\"https:\/\/www.cyberark.com\/wp-content\/uploads\/2024\/11\/wiz-4.jpg\" alt=\"Frau\" width=\"200\" height=\"201\" srcset=\"https:\/\/www.cyberark.com\/wp-content\/uploads\/2024\/11\/wiz-4.jpg 200w, https:\/\/www.cyberark.com\/wp-content\/uploads\/2024\/11\/wiz-4-150x150.jpg 150w, https:\/\/www.cyberark.com\/wp-content\/uploads\/2024\/11\/wiz-4-100x100.jpg 100w\" sizes=\"auto, (max-width: 200px) 100vw, 200px\" \/>[\/vc_column_text][vc_column_text css=&#8220;&#8220;]<\/p>\n<h4>Ineffiziente Abhilfema\u00dfnahmen\u200b<\/h4>\n<p>Manuelle Korrekturen verz\u00f6gern die Reaktion auf Bedrohungen.[\/vc_column_text][\/vc_column_inner][vc_column_inner width=&#8220;5\/12&#8243; offset=&#8220;vc_col-sm-offset-1&#8243; css=&#8220;.vc_custom_1736362417893{margin-top: 40px !important;}&#8220;][vc_column_text css=&#8220;.vc_custom_1731438417979{margin-bottom: 30px !important;}&#8220;]<img loading=\"lazy\" decoding=\"async\" class=\"alignnone size-full wp-image-199298\" src=\"https:\/\/www.cyberark.com\/wp-content\/uploads\/2024\/11\/wiz-5.jpg\" alt=\"Mann\" width=\"200\" height=\"201\" srcset=\"https:\/\/www.cyberark.com\/wp-content\/uploads\/2024\/11\/wiz-5.jpg 200w, https:\/\/www.cyberark.com\/wp-content\/uploads\/2024\/11\/wiz-5-150x150.jpg 150w, https:\/\/www.cyberark.com\/wp-content\/uploads\/2024\/11\/wiz-5-100x100.jpg 100w\" sizes=\"auto, (max-width: 200px) 100vw, 200px\" \/>[\/vc_column_text][vc_column_text css=&#8220;&#8220;]<\/p>\n<h4>Operative Ineffizienzen bei der Sicherheit<\/h4>\n<p>Die system\u00fcbergreifende Verwaltung von Identit\u00e4ten f\u00fchrt zu Erm\u00fcdungserscheinungen bei der Genehmigung.[\/vc_column_text][\/vc_column_inner][\/vc_row_inner][\/vc_column][\/vc_row][vc_row full_width=&#8220;stretch_row&#8220; equal_height=&#8220;yes&#8220; content_placement=&#8220;middle&#8220; el_class=&#8220;cybv2 hero dark&#8220;][vc_column width=&#8220;5\/12&#8243; el_class=&#8220;column-1&#8243; offset=&#8220;vc_col-md-5&#8243;][vc_column_text css=&#8220;&#8220;]<\/p>\n<h3>Klicken Sie sich durch, um zu sehen, wie die Integration funktioniert.<\/h3>\n<p>Vollst\u00e4ndige Transparenz und Sicherheit mit CyberArk + Wiz.[\/vc_column_text][vc_btn title=&#8220;Machen Sie die Tour&#8220; style=&#8220;custom&#8220; custom_background=&#8220;&#8220; custom_text=&#8220;&#8220; shape=&#8220;square&#8220; css=&#8220;&#8220; custom_onclick=&#8220;true&#8220; link=&#8220;url:%23|title:Mehr%20lesen|&#8220; el_class=&#8220;cybv2-button-solid&#8220; custom_onclick_code=&#8220;Storylane.Play({type: &#8218;popup&#8216;, demo_type: &#8218;html&#8216;, width: 1280, height: 800, scale: &#8218;0.95&#8216;, demo_url: &#8218;https:\/\/app.storylane.io\/demo\/fwa3jg16xql3?embed=popup&#8216;, padding_bottom: &#8218;56.25%&#8216;})&#8220;][\/vc_column][vc_column width=&#8220;1\/2&#8243; el_class=&#8220;column-2&#8243; offset=&#8220;vc_col-md-offset-1&#8243;][vc_single_image image=&#8220;199361&#8243; img_size=&#8220;full&#8220; alignment=&#8220;center&#8220; css=&#8220;&#8220;][\/vc_column][\/vc_row][vc_row el_class=&#8220;cybv2 get-started cybv2-pad&#8220; css=&#8220;.vc_custom_1731081432432{margin-top: 80px !important;margin-bottom: 80px !important;background-color: #e8e8e3 !important;}&#8220;][vc_column width=&#8220;2\/3&#8243; el_class=&#8220;stat-column text-center&#8220; offset=&#8220;vc_col-md-offset-2&#8243;][vc_column_text css=&#8220;&#8220; el_class=&#8220;extra-space chartreuse&#8220;]<\/p>\n<h3>So fangen Sie an<\/h3>\n<p>\n[\/vc_column_text][vc_column_text css=&#8220;.vc_custom_1731500479781{padding-top: 20px !important;padding-bottom: 20px !important;}&#8220; el_class=&#8220;new_hpstyle_section9_text&#8220;]<\/p>\n<h6>Gemeinsam verbessern CyberArk und Wiz die Multi-Cloud-Sicherheit, indem wir die Transparenz und Kontrolle \u00fcber den privilegierten Zugriff f\u00fcr menschliche und maschinelle Identit\u00e4ten verbessern \u2013 und das alles ohne Auswirkungen auf die Geschwindigkeit und den Umfang der Cloud-Entwicklung.<\/h6>\n<p>\n[\/vc_column_text][vc_btn title=&#8220;Jetzt herunterladen&#8220; style=&#8220;custom&#8220; custom_background=&#8220;&#8220; custom_text=&#8220;&#8220; shape=&#8220;square&#8220; css=&#8220;&#8220; link=&#8220;url:https%3A%2F%2Fcommunity.cyberark.com%2Fmarketplace%2Fs%2F%23a35Ht0000018sACIAY-a39Ht000004GLSJIA4|title:herunterladen|target:_blank|&#8220; el_class=&#8220;cybv2-button-solid&#8220;][\/vc_column][\/vc_row][vc_row][vc_column][vc_raw_js]JTNDc2NyaXB0JTIwYXN5bmMlMjBzcmMlM0QlMjJodHRwcyUzQSUyRiUyRmpzLnN0b3J5bGFuZS5pbyUyRmpzJTJGdjIlMkZzdG9yeWxhbmUuanMlMjIlM0UlM0MlMkZzY3JpcHQlM0U=[\/vc_raw_js][\/vc_column][\/vc_row]<\/p>\n<\/div>","protected":false},"excerpt":{"rendered":"<p>[vc_row full_width=&#8220;stretch_row&#8220; equal_height=&#8220;yes&#8220; content_placement=&#8220;middle&#8220; el_class=&#8220;cybv2 hero dark&#8220;][vc_column width=&#8220;5\/12&#8243; el_class=&#8220;column-1&#8243; offset=&#8220;vc_col-md-5&#8243;][vc_column_text css=&#8220;&#8220;] Schneller entwickeln in der Cloud mit CyberArk und Wiz\u200b Vollst\u00e4ndige Transparenz und Kontrolle \u00fcber privilegierten Zugriff. [\/vc_column_text][vc_btn title=&#8220;Kostenlose 30-Tage-Testversion&#8220; style=&#8220;custom&#8220; custom_background=&#8220;&#8220; custom_text=&#8220;&#8220; shape=&#8220;square&#8220; css=&#8220;&#8220;&#8230;<\/p>\n","protected":false},"author":164,"featured_media":0,"parent":73625,"menu_order":0,"comment_status":"closed","ping_status":"closed","template":"","meta":{"_acf_changed":false,"inline_featured_image":false,"footnotes":""},"product_category":[],"class_list":["post-199596","page","type-page","status-publish","hentry"],"acf":[],"yoast_head":"<!-- This site is optimized with the Yoast SEO Premium plugin v27.2 (Yoast SEO v27.2) - https:\/\/yoast.com\/product\/yoast-seo-premium-wordpress\/ -->\n<title>Schneller entwickeln in der Cloud mit CyberArk und Wiz | CyberArk<\/title>\n<meta name=\"description\" content=\"Erfahren Sie, wie CyberArk und Wiz zusammenarbeiten, um robuste Sicherheitsl\u00f6sungen f\u00fcr die Cloud bereitzustellen. Erfahren Sie mehr \u00fcber ihre gemeinsamen F\u00e4higkeiten im Bereich Identity Security und Risikomanagement, um Ihre Cloud-Umgebungen effektiv zu sch\u00fctzen.\" \/>\n<meta name=\"robots\" content=\"index, follow, max-snippet:-1, max-image-preview:large, max-video-preview:-1\" \/>\n<link rel=\"canonical\" href=\"https:\/\/www.cyberark.com\/de\/partners\/alliance-partners\/wiz\/\" \/>\n<meta property=\"og:locale\" content=\"de_DE\" \/>\n<meta property=\"og:type\" content=\"article\" \/>\n<meta property=\"og:title\" content=\"Wiz\u00a0\u2013 Technik\" \/>\n<meta property=\"og:description\" content=\"Erfahren Sie, wie CyberArk und Wiz zusammenarbeiten, um robuste Sicherheitsl\u00f6sungen f\u00fcr die Cloud bereitzustellen. Erfahren Sie mehr \u00fcber ihre gemeinsamen F\u00e4higkeiten im Bereich Identity Security und Risikomanagement, um Ihre Cloud-Umgebungen effektiv zu sch\u00fctzen.\" \/>\n<meta property=\"og:url\" content=\"https:\/\/www.cyberark.com\/de\/partners\/alliance-partners\/wiz\/\" \/>\n<meta property=\"og:site_name\" content=\"CyberArk\" \/>\n<meta property=\"article:publisher\" content=\"https:\/\/www.facebook.com\/CyberArk\/\" \/>\n<meta property=\"article:modified_time\" content=\"2025-03-27T11:32:47+00:00\" \/>\n<meta name=\"twitter:card\" content=\"summary_large_image\" \/>\n<meta name=\"twitter:site\" content=\"@CyberArk\" \/>\n<meta name=\"twitter:label1\" content=\"Gesch\u00e4tzte Lesezeit\" \/>\n\t<meta name=\"twitter:data1\" content=\"4 Minuten\" \/>\n<script type=\"application\/ld+json\" class=\"yoast-schema-graph\">{\"@context\":\"https:\/\/schema.org\",\"@graph\":[{\"@type\":\"WebPage\",\"@id\":\"https:\/\/www.cyberark.com\/de\/partners\/alliance-partners\/wiz\/\",\"url\":\"https:\/\/www.cyberark.com\/de\/partners\/alliance-partners\/wiz\/\",\"name\":\"Schneller entwickeln in der Cloud mit CyberArk und Wiz | CyberArk\",\"isPartOf\":{\"@id\":\"https:\/\/www.cyberark.com\/de\/#website\"},\"primaryImageOfPage\":{\"@id\":\"https:\/\/www.cyberark.com\/de\/partners\/alliance-partners\/wiz\/#primaryimage\"},\"image\":{\"@id\":\"https:\/\/www.cyberark.com\/de\/partners\/alliance-partners\/wiz\/#primaryimage\"},\"thumbnailUrl\":\"https:\/\/www.cyberark.com\/wp-content\/uploads\/2024\/11\/hat-icon.svg\",\"datePublished\":\"2024-11-13T12:32:12+00:00\",\"dateModified\":\"2025-03-27T11:32:47+00:00\",\"description\":\"Erfahren Sie, wie CyberArk und Wiz zusammenarbeiten, um robuste Sicherheitsl\u00f6sungen f\u00fcr die Cloud bereitzustellen. Erfahren Sie mehr \u00fcber ihre gemeinsamen F\u00e4higkeiten im Bereich Identity Security und Risikomanagement, um Ihre Cloud-Umgebungen effektiv zu sch\u00fctzen.\",\"breadcrumb\":{\"@id\":\"https:\/\/www.cyberark.com\/de\/partners\/alliance-partners\/wiz\/#breadcrumb\"},\"inLanguage\":\"de-DE\",\"potentialAction\":[{\"@type\":\"ReadAction\",\"target\":[\"https:\/\/www.cyberark.com\/de\/partners\/alliance-partners\/wiz\/\"]}]},{\"@type\":\"ImageObject\",\"inLanguage\":\"de-DE\",\"@id\":\"https:\/\/www.cyberark.com\/de\/partners\/alliance-partners\/wiz\/#primaryimage\",\"url\":\"https:\/\/www.cyberark.com\/wp-content\/uploads\/2024\/11\/hat-icon.svg\",\"contentUrl\":\"https:\/\/www.cyberark.com\/wp-content\/uploads\/2024\/11\/hat-icon.svg\"},{\"@type\":\"BreadcrumbList\",\"@id\":\"https:\/\/www.cyberark.com\/de\/partners\/alliance-partners\/wiz\/#breadcrumb\",\"itemListElement\":[{\"@type\":\"ListItem\",\"position\":1,\"name\":\"Home\",\"item\":\"https:\/\/www.cyberark.com\/de\/\"},{\"@type\":\"ListItem\",\"position\":2,\"name\":\"Partner\",\"item\":\"https:\/\/www.cyberark.com\/de\/partners\/\"},{\"@type\":\"ListItem\",\"position\":3,\"name\":\"Alliance Partner\",\"item\":\"https:\/\/www.cyberark.com\/de\/partners\/alliance-partners\/\"},{\"@type\":\"ListItem\",\"position\":4,\"name\":\"Wiz\u00a0\u2013 Technik\"}]},{\"@type\":\"WebSite\",\"@id\":\"https:\/\/www.cyberark.com\/de\/#website\",\"url\":\"https:\/\/www.cyberark.com\/de\/\",\"name\":\"CyberArk\",\"description\":\"\",\"publisher\":{\"@id\":\"https:\/\/www.cyberark.com\/de\/#organization\"},\"potentialAction\":[{\"@type\":\"SearchAction\",\"target\":{\"@type\":\"EntryPoint\",\"urlTemplate\":\"https:\/\/www.cyberark.com\/de\/?s={search_term_string}\"},\"query-input\":{\"@type\":\"PropertyValueSpecification\",\"valueRequired\":true,\"valueName\":\"search_term_string\"}}],\"inLanguage\":\"de-DE\"},{\"@type\":\"Organization\",\"@id\":\"https:\/\/www.cyberark.com\/de\/#organization\",\"name\":\"CyberArk Software\",\"url\":\"https:\/\/www.cyberark.com\/de\/\",\"logo\":{\"@type\":\"ImageObject\",\"inLanguage\":\"de-DE\",\"@id\":\"https:\/\/www.cyberark.com\/de\/#\/schema\/logo\/image\/\",\"url\":\"https:\/\/www.cyberark.com\/wp-content\/uploads\/2021\/02\/cyberark-logo-dark.svg\",\"contentUrl\":\"https:\/\/www.cyberark.com\/wp-content\/uploads\/2021\/02\/cyberark-logo-dark.svg\",\"width\":\"1024\",\"height\":\"1024\",\"caption\":\"CyberArk Software\"},\"image\":{\"@id\":\"https:\/\/www.cyberark.com\/de\/#\/schema\/logo\/image\/\"},\"sameAs\":[\"https:\/\/www.facebook.com\/CyberArk\/\",\"https:\/\/x.com\/CyberArk\",\"https:\/\/www.linkedin.com\/company\/cyber-ark-software\/\"]}]}<\/script>\n<!-- \/ Yoast SEO Premium plugin. -->","yoast_head_json":{"title":"Schneller entwickeln in der Cloud mit CyberArk und Wiz | CyberArk","description":"Erfahren Sie, wie CyberArk und Wiz zusammenarbeiten, um robuste Sicherheitsl\u00f6sungen f\u00fcr die Cloud bereitzustellen. Erfahren Sie mehr \u00fcber ihre gemeinsamen F\u00e4higkeiten im Bereich Identity Security und Risikomanagement, um Ihre Cloud-Umgebungen effektiv zu sch\u00fctzen.","robots":{"index":"index","follow":"follow","max-snippet":"max-snippet:-1","max-image-preview":"max-image-preview:large","max-video-preview":"max-video-preview:-1"},"canonical":"https:\/\/www.cyberark.com\/de\/partners\/alliance-partners\/wiz\/","og_locale":"de_DE","og_type":"article","og_title":"Wiz\u00a0\u2013 Technik","og_description":"Erfahren Sie, wie CyberArk und Wiz zusammenarbeiten, um robuste Sicherheitsl\u00f6sungen f\u00fcr die Cloud bereitzustellen. Erfahren Sie mehr \u00fcber ihre gemeinsamen F\u00e4higkeiten im Bereich Identity Security und Risikomanagement, um Ihre Cloud-Umgebungen effektiv zu sch\u00fctzen.","og_url":"https:\/\/www.cyberark.com\/de\/partners\/alliance-partners\/wiz\/","og_site_name":"CyberArk","article_publisher":"https:\/\/www.facebook.com\/CyberArk\/","article_modified_time":"2025-03-27T11:32:47+00:00","twitter_card":"summary_large_image","twitter_site":"@CyberArk","twitter_misc":{"Gesch\u00e4tzte Lesezeit":"4 Minuten"},"schema":{"@context":"https:\/\/schema.org","@graph":[{"@type":"WebPage","@id":"https:\/\/www.cyberark.com\/de\/partners\/alliance-partners\/wiz\/","url":"https:\/\/www.cyberark.com\/de\/partners\/alliance-partners\/wiz\/","name":"Schneller entwickeln in der Cloud mit CyberArk und Wiz | CyberArk","isPartOf":{"@id":"https:\/\/www.cyberark.com\/de\/#website"},"primaryImageOfPage":{"@id":"https:\/\/www.cyberark.com\/de\/partners\/alliance-partners\/wiz\/#primaryimage"},"image":{"@id":"https:\/\/www.cyberark.com\/de\/partners\/alliance-partners\/wiz\/#primaryimage"},"thumbnailUrl":"https:\/\/www.cyberark.com\/wp-content\/uploads\/2024\/11\/hat-icon.svg","datePublished":"2024-11-13T12:32:12+00:00","dateModified":"2025-03-27T11:32:47+00:00","description":"Erfahren Sie, wie CyberArk und Wiz zusammenarbeiten, um robuste Sicherheitsl\u00f6sungen f\u00fcr die Cloud bereitzustellen. Erfahren Sie mehr \u00fcber ihre gemeinsamen F\u00e4higkeiten im Bereich Identity Security und Risikomanagement, um Ihre Cloud-Umgebungen effektiv zu sch\u00fctzen.","breadcrumb":{"@id":"https:\/\/www.cyberark.com\/de\/partners\/alliance-partners\/wiz\/#breadcrumb"},"inLanguage":"de-DE","potentialAction":[{"@type":"ReadAction","target":["https:\/\/www.cyberark.com\/de\/partners\/alliance-partners\/wiz\/"]}]},{"@type":"ImageObject","inLanguage":"de-DE","@id":"https:\/\/www.cyberark.com\/de\/partners\/alliance-partners\/wiz\/#primaryimage","url":"https:\/\/www.cyberark.com\/wp-content\/uploads\/2024\/11\/hat-icon.svg","contentUrl":"https:\/\/www.cyberark.com\/wp-content\/uploads\/2024\/11\/hat-icon.svg"},{"@type":"BreadcrumbList","@id":"https:\/\/www.cyberark.com\/de\/partners\/alliance-partners\/wiz\/#breadcrumb","itemListElement":[{"@type":"ListItem","position":1,"name":"Home","item":"https:\/\/www.cyberark.com\/de\/"},{"@type":"ListItem","position":2,"name":"Partner","item":"https:\/\/www.cyberark.com\/de\/partners\/"},{"@type":"ListItem","position":3,"name":"Alliance Partner","item":"https:\/\/www.cyberark.com\/de\/partners\/alliance-partners\/"},{"@type":"ListItem","position":4,"name":"Wiz\u00a0\u2013 Technik"}]},{"@type":"WebSite","@id":"https:\/\/www.cyberark.com\/de\/#website","url":"https:\/\/www.cyberark.com\/de\/","name":"CyberArk","description":"","publisher":{"@id":"https:\/\/www.cyberark.com\/de\/#organization"},"potentialAction":[{"@type":"SearchAction","target":{"@type":"EntryPoint","urlTemplate":"https:\/\/www.cyberark.com\/de\/?s={search_term_string}"},"query-input":{"@type":"PropertyValueSpecification","valueRequired":true,"valueName":"search_term_string"}}],"inLanguage":"de-DE"},{"@type":"Organization","@id":"https:\/\/www.cyberark.com\/de\/#organization","name":"CyberArk Software","url":"https:\/\/www.cyberark.com\/de\/","logo":{"@type":"ImageObject","inLanguage":"de-DE","@id":"https:\/\/www.cyberark.com\/de\/#\/schema\/logo\/image\/","url":"https:\/\/www.cyberark.com\/wp-content\/uploads\/2021\/02\/cyberark-logo-dark.svg","contentUrl":"https:\/\/www.cyberark.com\/wp-content\/uploads\/2021\/02\/cyberark-logo-dark.svg","width":"1024","height":"1024","caption":"CyberArk Software"},"image":{"@id":"https:\/\/www.cyberark.com\/de\/#\/schema\/logo\/image\/"},"sameAs":["https:\/\/www.facebook.com\/CyberArk\/","https:\/\/x.com\/CyberArk","https:\/\/www.linkedin.com\/company\/cyber-ark-software\/"]}]}},"_links":{"self":[{"href":"https:\/\/www.cyberark.com\/de\/wp-json\/wp\/v2\/pages\/199596","targetHints":{"allow":["GET"]}}],"collection":[{"href":"https:\/\/www.cyberark.com\/de\/wp-json\/wp\/v2\/pages"}],"about":[{"href":"https:\/\/www.cyberark.com\/de\/wp-json\/wp\/v2\/types\/page"}],"author":[{"embeddable":true,"href":"https:\/\/www.cyberark.com\/de\/wp-json\/wp\/v2\/users\/164"}],"replies":[{"embeddable":true,"href":"https:\/\/www.cyberark.com\/de\/wp-json\/wp\/v2\/comments?post=199596"}],"version-history":[{"count":0,"href":"https:\/\/www.cyberark.com\/de\/wp-json\/wp\/v2\/pages\/199596\/revisions"}],"up":[{"embeddable":true,"href":"https:\/\/www.cyberark.com\/de\/wp-json\/wp\/v2\/pages\/73625"}],"wp:attachment":[{"href":"https:\/\/www.cyberark.com\/de\/wp-json\/wp\/v2\/media?parent=199596"}],"wp:term":[{"taxonomy":"product_category","embeddable":true,"href":"https:\/\/www.cyberark.com\/de\/wp-json\/wp\/v2\/product_category?post=199596"}],"curies":[{"name":"wp","href":"https:\/\/api.w.org\/{rel}","templated":true}]}}