{"id":206830,"date":"2025-03-28T14:33:00","date_gmt":"2025-03-28T18:33:00","guid":{"rendered":"https:\/\/www.cyberark.com\/services-support\/cloud-native-consulting\/"},"modified":"2025-08-12T02:36:10","modified_gmt":"2025-08-12T06:36:10","slug":"cloud-native-consulting","status":"publish","type":"page","link":"https:\/\/www.cyberark.com\/de\/services-support\/cloud-native-consulting\/","title":{"rendered":"Cloud-native Beratung"},"content":{"rendered":"<div class=\"wpb-content-wrapper\"><p>[vc_row full_width=&#8220;stretch_row&#8220; equal_height=&#8220;yes&#8220; content_placement=&#8220;middle&#8220; el_class=&#8220;cybv2 hero dark&#8220;][vc_column width=&#8220;1\/2&#8243; el_class=&#8220;column-1&#8243; offset=&#8220;vc_col-md-6&#8243;][vc_column_text css=&#8220;&#8220;]<\/p>\n<h1>Cloud-native Expertise und Beratung Dienstleistungen<\/h1>\n<p><\/p>\n<h2>Optimieren Sie Ihre Cloud-nativen Projekte mit strategischer Beratung, Field Engineering und Schulungen, um Ihnen zu helfen, das Beste aus der Kubernetes- und OpenShift-Modernisierung herauszuholen.<\/h2>\n<p>\n[\/vc_column_text][vc_btn title=&#8220;Mit einem Experten sprechen&#8220; style=&#8220;custom&#8220; custom_background=&#8220;&#8220; custom_text=&#8220;&#8220; shape=&#8220;square&#8220; css=&#8220;&#8220; link=&#8220;url:https%3A%2F%2Fwww.cyberark.com%2Fde%2Ftry-buy%2Fcloud-native-consulting-talk-with-us%2F|title:Sprechen%20Sie%20uns%20an|&#8220; el_class=&#8220;cybv2-button-solid&#8220;][\/vc_column][vc_column width=&#8220;1\/2&#8243; el_class=&#8220;column-2&#8243;][vc_single_image image=&#8220;206251&#8243; img_size=&#8220;full&#8220; alignment=&#8220;center&#8220; css=&#8220;&#8220;][\/vc_column][\/vc_row][vc_row full_width=&#8220;stretch_row&#8220; el_class=&#8220;cybv2 v3 products cybv2-pad box-row&#8220;][vc_column el_class=&#8220;text-center&#8220;][vc_row_inner el_class=&#8220;d-flex justify-content-center&#8220;][vc_column_inner el_class=&#8220;cyb-center&#8220; width=&#8220;5\/6&#8243; offset=&#8220;vc_col-lg-offset-1&#8243;][vc_column_text css=&#8220;&#8220;]<\/p>\n<h2>Strategischer Support zur Beschleunigung Ihrer Cloud-nativen Sicherheit und Optimierung<\/h2>\n<p><\/p>\n<h5>Cloud-native Technologien haben die Situation grundlegend ver\u00e4ndert. Entwickler setzen auf die besten Open-Source-Tools, um die Automatisierung voranzutreiben, und Plattformteams betreiben hochgradig verteilte Dienste, die \u00fcber eine Multi-Cloud-Infrastruktur laufen.<\/h5>\n<p><\/p>\n<h5>Jetstack Consult bietet tiefgreifende technische Expertise, breites Wissen und ein einzigartiges professionelles Ethos, um Ihren Cloud-nativen Plattformbetrieb, Ihre Anwendungsentwicklung und Ihre Sicherheit zu unterst\u00fctzen.<\/h5>\n<p>\n[\/vc_column_text][\/vc_column_inner][\/vc_row_inner][\/vc_column][\/vc_row][vc_row full_width=&#8220;stretch_row&#8220; equal_height=&#8220;yes&#8220; el_class=&#8220;cybv2 cybv2-pad quote-component white&#8220; css=&#8220;.vc_custom_1737658121182{background-image: url(https:\/\/www.cyberark.com\/wp-content\/uploads\/2025\/01\/blue-dota-background.jpg?id=201917) !important;background-position: center !important;background-repeat: no-repeat !important;background-size: cover !important;}&#8220;][vc_column width=&#8220;1\/2&#8243; el_class=&#8220;img-box&#8220; css=&#8220;.vc_custom_1743175648003{background-image: url(https:\/\/www.cyberark.com\/wp-content\/uploads\/2025\/03\/ebury-logo-img.jpg?id=206404) !important;background-position: center !important;background-repeat: no-repeat !important;background-size: cover !important;}&#8220;][\/vc_column][vc_column width=&#8220;1\/2&#8243; el_class=&#8220;content-column&#8220;][vc_row_inner][vc_column_inner el_class=&#8220;head-box&#8220; width=&#8220;11\/12&#8243;][vc_column_text css=&#8220;&#8220;]<img loading=\"lazy\" decoding=\"async\" class=\"alignnone size-full wp-image-201899\" src=\"https:\/\/www.cyberark.com\/wp-content\/uploads\/2025\/01\/double-quotes.svg\" alt=\"double quotes\" width=\"87\" height=\"64\" \/><\/p>\n<h4>\u201eDas Fachwissen und der Support von Jetstack Consult vor Ort waren entscheidend, um sicherzustellen, dass unsere Cloud-native Plattform widerstandsf\u00e4hig ist und eine au\u00dfergew\u00f6hnlich hohe Qualit\u00e4t erreicht.\u201c<\/h4>\n<p>Victor Tuson Palau\u200b <strong>Chief Technology Officer,\u00a0Ebury\u200b<\/strong>[\/vc_column_text][\/vc_column_inner][\/vc_row_inner][\/vc_column][\/vc_row][vc_row full_width=&#8220;stretch_row&#8220; el_class=&#8220;seesaw-v2&#8243; css=&#8220;.vc_custom_1743096171666{margin-top: 80px !important;}&#8220;][vc_column width=&#8220;1\/2&#8243; el_class=&#8220;d-flex align-items-start cybv2-pad-top&#8220;][vc_single_image image=&#8220;205275&#8243; img_size=&#8220;full&#8220; css=&#8220;&#8220;][\/vc_column][vc_column width=&#8220;5\/12&#8243; offset=&#8220;vc_col-lg-offset-1&#8243; el_class=&#8220;column&#8220;][vc_column_text css=&#8220;&#8220;]<\/p>\n<h3>Sicherheitsexpertise<\/h3>\n<p><strong>Fortschrittliche Bedrohungspr\u00e4vention und Sicherheit der Softwarelieferkette<\/strong> Verbessern Sie die Sicherheitslage Ihres Unternehmens mit einem Fokus auf die Sicherheit der Softwarelieferkette und Techniken zur Bedrohungsmodellierung.<\/p>\n<p><i class=\"fa-solid fa-check\" style=\"color: #8974ff;\"><\/i> <strong>Reduzierte Angriffsfl\u00e4che<\/strong><br \/><i class=\"fa-solid fa-check\" style=\"color: #8974ff;\"><\/i> <strong>Schnellere Reaktion auf Bedrohungen<\/strong><br \/><i class=\"fa-solid fa-check\" style=\"color: #8974ff;\"><\/i> <strong>Effektive Sicherheit der Lieferkette <\/strong>[\/vc_column_text][\/vc_column][\/vc_row][vc_row full_width=&#8220;stretch_row&#8220; el_class=&#8220;seesaw-v2 cybv2-pad-120 cyb-reverse&#8220;][vc_column width=&#8220;5\/12&#8243; el_class=&#8220;column&#8220;][vc_column_text css=&#8220;&#8220;]<\/p>\n<h3>Cloud-native Beschleunigung<\/h3>\n<p><strong>Eine f\u00fcr Skalierbarkeit und Innovation kostenoptimierte Kubernetes-Infrastruktur<\/strong> Erweitern Sie die Reife und Widerstandsf\u00e4higkeit Ihrer Kubernetes-Plattform f\u00fcr maximale Leistung mit kontinuierlichem Support.<\/p>\n<p><i class=\"fa-solid fa-check\" style=\"color: #8974ff;\"><\/i> <strong>Bewertung und \u00dcberpr\u00fcfung des Reifegrads <\/strong><br \/><i class=\"fa-solid fa-check\" style=\"color: #8974ff;\"><\/i> <strong>Modernes Plattformarchitekturdesign <\/strong><br \/><i class=\"fa-solid fa-check\" style=\"color: #8974ff;\"><\/i> <strong>Produktionsbereitschaftsplanung und -support <\/strong>[\/vc_column_text][\/vc_column][vc_column width=&#8220;1\/2&#8243; offset=&#8220;vc_col-lg-offset-1&#8243;][vc_single_image image=&#8220;205257&#8243; img_size=&#8220;full&#8220; css=&#8220;&#8220;][\/vc_column][\/vc_row][vc_row full_width=&#8220;stretch_row&#8220; el_class=&#8220;seesaw-v2&#8243; css=&#8220;.vc_custom_1743096171666{margin-top: 80px !important;}&#8220;][vc_column width=&#8220;1\/2&#8243; el_class=&#8220;d-flex align-items-start cybv2-pad-top&#8220;][vc_single_image image=&#8220;206634&#8243; img_size=&#8220;full&#8220; css=&#8220;&#8220;][\/vc_column][vc_column width=&#8220;5\/12&#8243; offset=&#8220;vc_col-lg-offset-1&#8243; el_class=&#8220;column&#8220;][vc_column_text css=&#8220;&#8220;]<\/p>\n<h3>Wissensaustausch<\/h3>\n<p><strong>F\u00e4higkeiten und Fachwissen, die f\u00fcr schnelle, sichere Plattformteams erforderlich sind<\/strong> Verbessern Sie die F\u00e4higkeiten Ihrer Engineering- und Sicherheitsteams, bauen Sie Erfahrung und Wissen auf und liefern Sie Effizienz durch Konsistenz.<\/p>\n<p><i class=\"fa-solid fa-check\" style=\"color: #8974ff;\"><\/i> <strong>Verbessertes Wissen \u00fcber Open-Source-Tools<\/strong><br \/><i class=\"fa-solid fa-check\" style=\"color: #8974ff;\"><\/i> <strong>Fundierte technische Expertise f\u00fcr Plattformteams<\/strong><br \/><i class=\"fa-solid fa-check\" style=\"color: #8974ff;\"><\/i> <strong>Ma\u00dfgeschneiderte Schulungspl\u00e4ne f\u00fcr alle Engineering-Ebenen<\/strong>[\/vc_column_text][\/vc_column][\/vc_row][vc_row full_width=&#8220;stretch_row&#8220; el_class=&#8220;cybv2 cybv2_talk_to_an_expert dark&#8220; css=&#8220;.vc_custom_1743096203117{margin-top: 80px !important;background-color: #061b2b !important;}&#8220;][vc_column width=&#8220;2\/3&#8243; el_class=&#8220;text-center&#8220; offset=&#8220;vc_col-lg-offset-2&#8243;][vc_column_text css=&#8220;&#8220; el_class=&#8220;extra-space&#8220;]<\/p>\n<h3>Sind Sie bereit, die wahre Leistungsf\u00e4higkeit der Cloud-nativen Technologie zu nutzen? Starten Sie noch heute.<\/h3>\n<p>\n[\/vc_column_text][vc_btn title=&#8220;Sprechen Sie uns an&#8220; style=&#8220;custom&#8220; custom_background=&#8220;&#8220; custom_text=&#8220;&#8220; shape=&#8220;square&#8220; align=&#8220;center&#8220; css=&#8220;&#8220; link=&#8220;url:https%3A%2F%2Fwww.cyberark.com%2Fde%2Ftry-buy%2Fcloud-native-consulting-talk-with-us%2F|title:Miteinander%20sprechen|&#8220; el_class=&#8220;cybv2-button-solid cyb-button-hpstyle_section5&#8243;][\/vc_column][\/vc_row]<\/p>\n<\/div>","protected":false},"excerpt":{"rendered":"<p>[vc_row full_width=&#8220;stretch_row&#8220; equal_height=&#8220;yes&#8220; content_placement=&#8220;middle&#8220; el_class=&#8220;cybv2 hero dark&#8220;][vc_column width=&#8220;1\/2&#8243; el_class=&#8220;column-1&#8243; offset=&#8220;vc_col-md-6&#8243;][vc_column_text css=&#8220;&#8220;] Cloud-native Expertise und Beratung Dienstleistungen Optimieren Sie Ihre Cloud-nativen Projekte mit strategischer Beratung, Field Engineering und Schulungen, um Ihnen zu helfen, das Beste aus&#8230;<\/p>\n","protected":false},"author":164,"featured_media":0,"parent":32307,"menu_order":0,"comment_status":"closed","ping_status":"closed","template":"","meta":{"_acf_changed":false,"inline_featured_image":false,"footnotes":""},"product_category":[],"class_list":["post-206830","page","type-page","status-publish","hentry"],"acf":[],"yoast_head":"<!-- This site is optimized with the Yoast SEO Premium plugin v27.2 (Yoast SEO v27.2) - https:\/\/yoast.com\/product\/yoast-seo-premium-wordpress\/ -->\n<title>Cloud-native Beratung | CyberArk<\/title>\n<meta name=\"description\" content=\"Optimieren Sie Ihre Cloud-nativen Projekte mit strategischer Beratung, Field Engineering und Schulungen, um Ihnen zu helfen, das Beste aus der Kubernetes- und OpenShift-Modernisierung herauszuholen.\" \/>\n<meta name=\"robots\" content=\"index, follow, max-snippet:-1, max-image-preview:large, max-video-preview:-1\" \/>\n<link rel=\"canonical\" href=\"https:\/\/www.cyberark.com\/services-support\/cloud-native-consulting\/\" \/>\n<meta property=\"og:locale\" content=\"de_DE\" \/>\n<meta property=\"og:type\" content=\"article\" \/>\n<meta property=\"og:title\" content=\"Cloud-native Beratung\" \/>\n<meta property=\"og:description\" content=\"Optimieren Sie Ihre Cloud-nativen Projekte mit strategischer Beratung, Field Engineering und Schulungen, um Ihnen zu helfen, das Beste aus der Kubernetes- und OpenShift-Modernisierung herauszuholen.\" \/>\n<meta property=\"og:url\" content=\"https:\/\/www.cyberark.com\/services-support\/cloud-native-consulting\/\" \/>\n<meta property=\"og:site_name\" content=\"CyberArk\" \/>\n<meta property=\"article:publisher\" content=\"https:\/\/www.facebook.com\/CyberArk\/\" \/>\n<meta property=\"article:modified_time\" content=\"2025-08-12T06:36:10+00:00\" \/>\n<meta name=\"twitter:card\" content=\"summary_large_image\" \/>\n<meta name=\"twitter:site\" content=\"@CyberArk\" \/>\n<meta name=\"twitter:label1\" content=\"Gesch\u00e4tzte Lesezeit\" \/>\n\t<meta name=\"twitter:data1\" content=\"3 Minuten\" \/>\n<script type=\"application\/ld+json\" class=\"yoast-schema-graph\">{\"@context\":\"https:\/\/schema.org\",\"@graph\":[{\"@type\":\"WebPage\",\"@id\":\"https:\/\/www.cyberark.com\/services-support\/cloud-native-consulting\/\",\"url\":\"https:\/\/www.cyberark.com\/services-support\/cloud-native-consulting\/\",\"name\":\"Cloud-native Beratung | CyberArk\",\"isPartOf\":{\"@id\":\"https:\/\/www.cyberark.com\/#website\"},\"primaryImageOfPage\":{\"@id\":\"https:\/\/www.cyberark.com\/services-support\/cloud-native-consulting\/#primaryimage\"},\"image\":{\"@id\":\"https:\/\/www.cyberark.com\/services-support\/cloud-native-consulting\/#primaryimage\"},\"thumbnailUrl\":\"https:\/\/www.cyberark.com\/wp-content\/uploads\/2025\/01\/double-quotes.svg\",\"datePublished\":\"2025-03-28T18:33:00+00:00\",\"dateModified\":\"2025-08-12T06:36:10+00:00\",\"description\":\"Optimieren Sie Ihre Cloud-nativen Projekte mit strategischer Beratung, Field Engineering und Schulungen, um Ihnen zu helfen, das Beste aus der Kubernetes- und OpenShift-Modernisierung herauszuholen.\",\"breadcrumb\":{\"@id\":\"https:\/\/www.cyberark.com\/services-support\/cloud-native-consulting\/#breadcrumb\"},\"inLanguage\":\"de-DE\",\"potentialAction\":[{\"@type\":\"ReadAction\",\"target\":[\"https:\/\/www.cyberark.com\/services-support\/cloud-native-consulting\/\"]}]},{\"@type\":\"ImageObject\",\"inLanguage\":\"de-DE\",\"@id\":\"https:\/\/www.cyberark.com\/services-support\/cloud-native-consulting\/#primaryimage\",\"url\":\"https:\/\/www.cyberark.com\/wp-content\/uploads\/2025\/01\/double-quotes.svg\",\"contentUrl\":\"https:\/\/www.cyberark.com\/wp-content\/uploads\/2025\/01\/double-quotes.svg\"},{\"@type\":\"BreadcrumbList\",\"@id\":\"https:\/\/www.cyberark.com\/services-support\/cloud-native-consulting\/#breadcrumb\",\"itemListElement\":[{\"@type\":\"ListItem\",\"position\":1,\"name\":\"Home\",\"item\":\"https:\/\/www.cyberark.com\/\"},{\"@type\":\"ListItem\",\"position\":2,\"name\":\"Service und Support\",\"item\":\"https:\/\/www.cyberark.com\/services-support\/\"},{\"@type\":\"ListItem\",\"position\":3,\"name\":\"Cloud-native Beratung\"}]},{\"@type\":\"WebSite\",\"@id\":\"https:\/\/www.cyberark.com\/#website\",\"url\":\"https:\/\/www.cyberark.com\/\",\"name\":\"CyberArk\",\"description\":\"\",\"publisher\":{\"@id\":\"https:\/\/www.cyberark.com\/#organization\"},\"potentialAction\":[{\"@type\":\"SearchAction\",\"target\":{\"@type\":\"EntryPoint\",\"urlTemplate\":\"https:\/\/www.cyberark.com\/?s={search_term_string}\"},\"query-input\":{\"@type\":\"PropertyValueSpecification\",\"valueRequired\":true,\"valueName\":\"search_term_string\"}}],\"inLanguage\":\"de-DE\"},{\"@type\":\"Organization\",\"@id\":\"https:\/\/www.cyberark.com\/#organization\",\"name\":\"CyberArk Software\",\"url\":\"https:\/\/www.cyberark.com\/\",\"logo\":{\"@type\":\"ImageObject\",\"inLanguage\":\"de-DE\",\"@id\":\"https:\/\/www.cyberark.com\/#\/schema\/logo\/image\/\",\"url\":\"https:\/\/www.cyberark.com\/wp-content\/uploads\/2021\/02\/cyberark-logo-dark.svg\",\"contentUrl\":\"https:\/\/www.cyberark.com\/wp-content\/uploads\/2021\/02\/cyberark-logo-dark.svg\",\"width\":\"1024\",\"height\":\"1024\",\"caption\":\"CyberArk Software\"},\"image\":{\"@id\":\"https:\/\/www.cyberark.com\/#\/schema\/logo\/image\/\"},\"sameAs\":[\"https:\/\/www.facebook.com\/CyberArk\/\",\"https:\/\/x.com\/CyberArk\",\"https:\/\/www.linkedin.com\/company\/cyber-ark-software\/\"]}]}<\/script>\n<!-- \/ Yoast SEO Premium plugin. -->","yoast_head_json":{"title":"Cloud-native Beratung | CyberArk","description":"Optimieren Sie Ihre Cloud-nativen Projekte mit strategischer Beratung, Field Engineering und Schulungen, um Ihnen zu helfen, das Beste aus der Kubernetes- und OpenShift-Modernisierung herauszuholen.","robots":{"index":"index","follow":"follow","max-snippet":"max-snippet:-1","max-image-preview":"max-image-preview:large","max-video-preview":"max-video-preview:-1"},"canonical":"https:\/\/www.cyberark.com\/services-support\/cloud-native-consulting\/","og_locale":"de_DE","og_type":"article","og_title":"Cloud-native Beratung","og_description":"Optimieren Sie Ihre Cloud-nativen Projekte mit strategischer Beratung, Field Engineering und Schulungen, um Ihnen zu helfen, das Beste aus der Kubernetes- und OpenShift-Modernisierung herauszuholen.","og_url":"https:\/\/www.cyberark.com\/services-support\/cloud-native-consulting\/","og_site_name":"CyberArk","article_publisher":"https:\/\/www.facebook.com\/CyberArk\/","article_modified_time":"2025-08-12T06:36:10+00:00","twitter_card":"summary_large_image","twitter_site":"@CyberArk","twitter_misc":{"Gesch\u00e4tzte Lesezeit":"3 Minuten"},"schema":{"@context":"https:\/\/schema.org","@graph":[{"@type":"WebPage","@id":"https:\/\/www.cyberark.com\/services-support\/cloud-native-consulting\/","url":"https:\/\/www.cyberark.com\/services-support\/cloud-native-consulting\/","name":"Cloud-native Beratung | CyberArk","isPartOf":{"@id":"https:\/\/www.cyberark.com\/#website"},"primaryImageOfPage":{"@id":"https:\/\/www.cyberark.com\/services-support\/cloud-native-consulting\/#primaryimage"},"image":{"@id":"https:\/\/www.cyberark.com\/services-support\/cloud-native-consulting\/#primaryimage"},"thumbnailUrl":"https:\/\/www.cyberark.com\/wp-content\/uploads\/2025\/01\/double-quotes.svg","datePublished":"2025-03-28T18:33:00+00:00","dateModified":"2025-08-12T06:36:10+00:00","description":"Optimieren Sie Ihre Cloud-nativen Projekte mit strategischer Beratung, Field Engineering und Schulungen, um Ihnen zu helfen, das Beste aus der Kubernetes- und OpenShift-Modernisierung herauszuholen.","breadcrumb":{"@id":"https:\/\/www.cyberark.com\/services-support\/cloud-native-consulting\/#breadcrumb"},"inLanguage":"de-DE","potentialAction":[{"@type":"ReadAction","target":["https:\/\/www.cyberark.com\/services-support\/cloud-native-consulting\/"]}]},{"@type":"ImageObject","inLanguage":"de-DE","@id":"https:\/\/www.cyberark.com\/services-support\/cloud-native-consulting\/#primaryimage","url":"https:\/\/www.cyberark.com\/wp-content\/uploads\/2025\/01\/double-quotes.svg","contentUrl":"https:\/\/www.cyberark.com\/wp-content\/uploads\/2025\/01\/double-quotes.svg"},{"@type":"BreadcrumbList","@id":"https:\/\/www.cyberark.com\/services-support\/cloud-native-consulting\/#breadcrumb","itemListElement":[{"@type":"ListItem","position":1,"name":"Home","item":"https:\/\/www.cyberark.com\/"},{"@type":"ListItem","position":2,"name":"Service und Support","item":"https:\/\/www.cyberark.com\/services-support\/"},{"@type":"ListItem","position":3,"name":"Cloud-native Beratung"}]},{"@type":"WebSite","@id":"https:\/\/www.cyberark.com\/#website","url":"https:\/\/www.cyberark.com\/","name":"CyberArk","description":"","publisher":{"@id":"https:\/\/www.cyberark.com\/#organization"},"potentialAction":[{"@type":"SearchAction","target":{"@type":"EntryPoint","urlTemplate":"https:\/\/www.cyberark.com\/?s={search_term_string}"},"query-input":{"@type":"PropertyValueSpecification","valueRequired":true,"valueName":"search_term_string"}}],"inLanguage":"de-DE"},{"@type":"Organization","@id":"https:\/\/www.cyberark.com\/#organization","name":"CyberArk Software","url":"https:\/\/www.cyberark.com\/","logo":{"@type":"ImageObject","inLanguage":"de-DE","@id":"https:\/\/www.cyberark.com\/#\/schema\/logo\/image\/","url":"https:\/\/www.cyberark.com\/wp-content\/uploads\/2021\/02\/cyberark-logo-dark.svg","contentUrl":"https:\/\/www.cyberark.com\/wp-content\/uploads\/2021\/02\/cyberark-logo-dark.svg","width":"1024","height":"1024","caption":"CyberArk Software"},"image":{"@id":"https:\/\/www.cyberark.com\/#\/schema\/logo\/image\/"},"sameAs":["https:\/\/www.facebook.com\/CyberArk\/","https:\/\/x.com\/CyberArk","https:\/\/www.linkedin.com\/company\/cyber-ark-software\/"]}]}},"_links":{"self":[{"href":"https:\/\/www.cyberark.com\/de\/wp-json\/wp\/v2\/pages\/206830","targetHints":{"allow":["GET"]}}],"collection":[{"href":"https:\/\/www.cyberark.com\/de\/wp-json\/wp\/v2\/pages"}],"about":[{"href":"https:\/\/www.cyberark.com\/de\/wp-json\/wp\/v2\/types\/page"}],"author":[{"embeddable":true,"href":"https:\/\/www.cyberark.com\/de\/wp-json\/wp\/v2\/users\/164"}],"replies":[{"embeddable":true,"href":"https:\/\/www.cyberark.com\/de\/wp-json\/wp\/v2\/comments?post=206830"}],"version-history":[{"count":0,"href":"https:\/\/www.cyberark.com\/de\/wp-json\/wp\/v2\/pages\/206830\/revisions"}],"up":[{"embeddable":true,"href":"https:\/\/www.cyberark.com\/de\/wp-json\/wp\/v2\/pages\/32307"}],"wp:attachment":[{"href":"https:\/\/www.cyberark.com\/de\/wp-json\/wp\/v2\/media?parent=206830"}],"wp:term":[{"taxonomy":"product_category","embeddable":true,"href":"https:\/\/www.cyberark.com\/de\/wp-json\/wp\/v2\/product_category?post=206830"}],"curies":[{"name":"wp","href":"https:\/\/api.w.org\/{rel}","templated":true}]}}