{"id":220370,"date":"2021-07-20T10:53:46","date_gmt":"2021-07-20T14:53:46","guid":{"rendered":"https:\/\/www.cyberark.com\/trust\/privacy\/"},"modified":"2026-02-11T12:36:02","modified_gmt":"2026-02-11T17:36:02","slug":"privacy","status":"publish","type":"page","link":"https:\/\/www.cyberark.com\/de\/trust\/privacy\/","title":{"rendered":"Privacy"},"content":{"rendered":"<div class=\"wpb-content-wrapper\"><p>[vc_row full_width=&#8220;stretch_row&#8220; el_class=&#8220;cybv2 int-hero-noimg dark&#8220;][vc_column width=&#8220;3\/4&#8243; el_class=&#8220;column-1&#8243;][vc_column_text el_class=&#8220;cyb-breadcrumb&#8220;]<i class=\"fa fa-long-arrow-left\"><\/i><a href=\"https:\/\/www.cyberark.com\/de\/trust\/\">Zur\u00fcck zum Trust Center<\/a>[\/vc_column_text][vc_column_text]<\/p>\n<h1>Datenschutz und Datensicherheit<\/h1>\n<p><\/p>\n<h2>CyberArk verpflichtet sich, Ihre Daten vor unbefugtem Zugriff zu sch\u00fctzen und Ihr Unternehmen bei der Einhaltung von Datenschutz- und Compliance-Vorgaben zu unterst\u00fctzen.<\/h2>\n<p>[\/vc_column_text][\/vc_column][\/vc_row][vc_row full_width=&#8220;stretch_row&#8220; el_class=&#8220;cybv2 cybv2-pad privacy&#8220;][vc_column width=&#8220;2\/3&#8243; offset=&#8220;vc_col-sm-offset-2&#8243;][vc_column_text css=&#8220;&#8220;]CyberArk ist ein Unternehmen von Palo Alto Networks. Informationen dar\u00fcber, wie Palo Alto Networks personenbezogene Daten verarbeitet, finden Sie unter <a href=\"https:\/\/www.paloaltonetworks.com\/legal-notices\/trust-center\/privacy\">https:\/\/www.paloaltonetworks.com\/legal-notices\/trust-center\/privacy<\/a>.<\/p>\n<p>&nbsp;<\/p>\n<p>&nbsp;<\/p>\n<p class=\"text-center\"><strong>Unser Ansatz zum Datenschutz und zur Datensicherheit<\/strong><\/p>\n<p>Bei CyberArk verpflichten wir uns ausdr\u00fccklich, Ihre Privatsph\u00e4re und die Ihrer Mitarbeiter zu respektieren. Erfahren Sie unten mehr \u00fcber unsere Verpflichtungen zum Datenschutz und zur Datensicherheit.<\/p>\n<p><strong>Datenschutzerkl\u00e4rung <\/strong><\/p>\n<p>Wir verpflichten uns zu Transparenz, damit Sie wissen, wie wir personenbezogene Daten in unseren Gesch\u00e4ftsprozessen verwenden. <a href=\"https:\/\/www.cyberark.com\/de\/privacy-notice\/\">Unsere Datenschutzerkl\u00e4rung<\/a> informiert Sie dar\u00fcber, welche Daten wir von Ihnen erheben, wie wir diese verwenden und wie wir sie sch\u00fctzen.<\/p>\n<p><strong>H\u00e4ufig gestellte Fragen zu Datenschutz und Datensicherheit <\/strong><\/p>\n<p>Wir verpflichten uns zu Klarheit dar\u00fcber, wie wir die personenbezogenen Daten der Endnutzer unserer Kunden in deren Auftrag verarbeiten \u2013 wie in unseren <a href=\"https:\/\/www.cyberark.com\/privacy-and-data-protection-faqs\/\">FAQs zum Datenschutz und zur Datensicherheit f\u00fcr Kunden<\/a>dargelegt.<\/p>\n<p><strong>DSGVO und andere geltende Datenschutzgesetze <\/strong><\/p>\n<p>Wir verpflichten uns zur Einhaltung der DSGVO, des CCPA, des CPRA und anderer geltender Datenschutzgesetze weltweit. Dazu geh\u00f6rt die Aufrechterhaltung eines globalen Datenschutz-Compliance-Programms und die Schulung unserer Mitarbeiter im Umgang mit den Daten unserer Kunden und Partner.<\/p>\n<p><strong>Datenverarbeitungszusatz <\/strong><\/p>\n<p>Wir verpflichten uns, Ihnen die Kontrolle \u00fcber Ihre Daten zu geben. Wir verarbeiten personenbezogene Daten von Kunden nur auf Ihre Anweisung hin und in \u00dcbereinstimmung mit unserem <a href=\"https:\/\/www.cyberark.com\/CyberArk-Data-Processing-Addendum.pdf\" target=\"_blank\" rel=\"noopener\">Zusatz zur Datenverarbeitung<\/a>.<\/p>\n<p><strong>Unterauftragsverarbeiter <\/strong><\/p>\n<p>Wir verpflichten uns, unseren Kunden mitzuteilen, an wen wir ihre Daten weitergeben, und diese nur an unsere <a href=\"https:\/\/www.cyberark.com\/de\/sub-processors\/\" target=\"_blank\" rel=\"noopener\">Unterauftragsverarbeiter<\/a> weitergeben \u2013 also an Dritte, die uns bei der Erbringung unserer Dienstleistungen unterst\u00fctzen.<\/p>\n<p>Unsere Standard-Rechtsvereinbarungen, die f\u00fcr unsere Produkte und Dienstleistungen gelten, finden Sie auf unserer Seite mit den Vertragsbedingungen.<\/p>\n<p><strong>H\u00e4ufig gestellte Fragen zum Digital Operational Resilience Act (DORA)<\/strong><\/p>\n<p>Als Anbieter von Informations- und Kommunikationstechnologie (IKT) sind wir uns unserer Verantwortung bewusst, Finanzunternehmen bei ihren eigenen Compliance-Bem\u00fchungen zur Einhaltung der DORA-Vorschriften zu unterst\u00fctzen. Diese <a href=\"https:\/\/www.cyberark.com\/digital-operational-resilience-act\/\"> FAQs zum Digital Operational Resilience Act (DORA)<\/a> geben Aufschluss dar\u00fcber, wie wir unsere Kunden aus dem Finanzsektor bei diesen Bem\u00fchungen unterst\u00fctzen k\u00f6nnen.[\/vc_column_text][\/vc_column][\/vc_row]<\/p>\n<\/div>","protected":false},"excerpt":{"rendered":"<p>[vc_row full_width=&#8220;stretch_row&#8220; el_class=&#8220;cybv2 int-hero-noimg dark&#8220;][vc_column width=&#8220;3\/4&#8243; el_class=&#8220;column-1&#8243;][vc_column_text el_class=&#8220;cyb-breadcrumb&#8220;]Zur\u00fcck zum Trust Center[\/vc_column_text][vc_column_text] Datenschutz und Datensicherheit CyberArk verpflichtet sich, Ihre Daten vor unbefugtem Zugriff zu sch\u00fctzen und Ihr Unternehmen bei der Einhaltung von Datenschutz- und Compliance-Vorgaben zu&#8230;<\/p>\n","protected":false},"author":164,"featured_media":0,"parent":131028,"menu_order":0,"comment_status":"closed","ping_status":"closed","template":"","meta":{"_acf_changed":false,"inline_featured_image":false,"footnotes":""},"product_category":[],"class_list":["post-220370","page","type-page","status-publish","hentry"],"acf":[],"yoast_head":"<!-- This site is optimized with the Yoast SEO Premium plugin v27.2 (Yoast SEO v27.2) - https:\/\/yoast.com\/product\/yoast-seo-premium-wordpress\/ -->\n<title>Privacy | CyberArk<\/title>\n<meta name=\"description\" content=\"CyberArk verpflichtet sich, Ihre Daten vor unbefugtem Zugriff zu sch\u00fctzen und Ihr Unternehmen bei der Einhaltung der Compliance zu unterst\u00fctzen.\" \/>\n<meta name=\"robots\" content=\"index, follow, max-snippet:-1, max-image-preview:large, max-video-preview:-1\" \/>\n<link rel=\"canonical\" href=\"https:\/\/www.cyberark.com\/de\/trust\/privacy\/\" \/>\n<meta property=\"og:locale\" content=\"de_DE\" \/>\n<meta property=\"og:type\" content=\"article\" \/>\n<meta property=\"og:title\" content=\"Privacy\" \/>\n<meta property=\"og:description\" content=\"CyberArk verpflichtet sich, Ihre Daten vor unbefugtem Zugriff zu sch\u00fctzen und Ihr Unternehmen bei der Einhaltung der Compliance zu unterst\u00fctzen.\" \/>\n<meta property=\"og:url\" content=\"https:\/\/www.cyberark.com\/de\/trust\/privacy\/\" \/>\n<meta property=\"og:site_name\" content=\"CyberArk\" \/>\n<meta property=\"article:publisher\" content=\"https:\/\/www.facebook.com\/CyberArk\/\" \/>\n<meta property=\"article:modified_time\" content=\"2026-02-11T17:36:02+00:00\" \/>\n<meta property=\"og:image\" content=\"https:\/\/www.cyberark.com\/wp-content\/uploads\/2022\/09\/CYBR-gradient-bg-og-120x627-01-1024x535.png\" \/>\n\t<meta property=\"og:image:width\" content=\"1024\" \/>\n\t<meta property=\"og:image:height\" content=\"535\" \/>\n\t<meta property=\"og:image:type\" content=\"image\/png\" \/>\n<meta name=\"twitter:card\" content=\"summary_large_image\" \/>\n<meta name=\"twitter:site\" content=\"@CyberArk\" \/>\n<meta name=\"twitter:label1\" content=\"Gesch\u00e4tzte Lesezeit\" \/>\n\t<meta name=\"twitter:data1\" content=\"2 Minuten\" \/>\n<script type=\"application\/ld+json\" class=\"yoast-schema-graph\">{\"@context\":\"https:\/\/schema.org\",\"@graph\":[{\"@type\":\"WebPage\",\"@id\":\"https:\/\/www.cyberark.com\/de\/trust\/privacy\/\",\"url\":\"https:\/\/www.cyberark.com\/de\/trust\/privacy\/\",\"name\":\"Privacy | CyberArk\",\"isPartOf\":{\"@id\":\"https:\/\/www.cyberark.com\/de\/#website\"},\"datePublished\":\"2021-07-20T14:53:46+00:00\",\"dateModified\":\"2026-02-11T17:36:02+00:00\",\"description\":\"CyberArk verpflichtet sich, Ihre Daten vor unbefugtem Zugriff zu sch\u00fctzen und Ihr Unternehmen bei der Einhaltung der Compliance zu unterst\u00fctzen.\",\"breadcrumb\":{\"@id\":\"https:\/\/www.cyberark.com\/de\/trust\/privacy\/#breadcrumb\"},\"inLanguage\":\"de-DE\",\"potentialAction\":[{\"@type\":\"ReadAction\",\"target\":[\"https:\/\/www.cyberark.com\/de\/trust\/privacy\/\"]}]},{\"@type\":\"BreadcrumbList\",\"@id\":\"https:\/\/www.cyberark.com\/de\/trust\/privacy\/#breadcrumb\",\"itemListElement\":[{\"@type\":\"ListItem\",\"position\":1,\"name\":\"Home\",\"item\":\"https:\/\/www.cyberark.com\/de\/\"},{\"@type\":\"ListItem\",\"position\":2,\"name\":\"Trust Center\",\"item\":\"https:\/\/www.cyberark.com\/de\/trust\/\"},{\"@type\":\"ListItem\",\"position\":3,\"name\":\"Privacy\"}]},{\"@type\":\"WebSite\",\"@id\":\"https:\/\/www.cyberark.com\/de\/#website\",\"url\":\"https:\/\/www.cyberark.com\/de\/\",\"name\":\"CyberArk\",\"description\":\"\",\"publisher\":{\"@id\":\"https:\/\/www.cyberark.com\/de\/#organization\"},\"potentialAction\":[{\"@type\":\"SearchAction\",\"target\":{\"@type\":\"EntryPoint\",\"urlTemplate\":\"https:\/\/www.cyberark.com\/de\/?s={search_term_string}\"},\"query-input\":{\"@type\":\"PropertyValueSpecification\",\"valueRequired\":true,\"valueName\":\"search_term_string\"}}],\"inLanguage\":\"de-DE\"},{\"@type\":\"Organization\",\"@id\":\"https:\/\/www.cyberark.com\/de\/#organization\",\"name\":\"CyberArk Software\",\"url\":\"https:\/\/www.cyberark.com\/de\/\",\"logo\":{\"@type\":\"ImageObject\",\"inLanguage\":\"de-DE\",\"@id\":\"https:\/\/www.cyberark.com\/de\/#\/schema\/logo\/image\/\",\"url\":\"https:\/\/www.cyberark.com\/wp-content\/uploads\/2021\/02\/cyberark-logo-dark.svg\",\"contentUrl\":\"https:\/\/www.cyberark.com\/wp-content\/uploads\/2021\/02\/cyberark-logo-dark.svg\",\"width\":\"1024\",\"height\":\"1024\",\"caption\":\"CyberArk Software\"},\"image\":{\"@id\":\"https:\/\/www.cyberark.com\/de\/#\/schema\/logo\/image\/\"},\"sameAs\":[\"https:\/\/www.facebook.com\/CyberArk\/\",\"https:\/\/x.com\/CyberArk\",\"https:\/\/www.linkedin.com\/company\/cyber-ark-software\/\"]}]}<\/script>\n<!-- \/ Yoast SEO Premium plugin. -->","yoast_head_json":{"title":"Privacy | CyberArk","description":"CyberArk verpflichtet sich, Ihre Daten vor unbefugtem Zugriff zu sch\u00fctzen und Ihr Unternehmen bei der Einhaltung der Compliance zu unterst\u00fctzen.","robots":{"index":"index","follow":"follow","max-snippet":"max-snippet:-1","max-image-preview":"max-image-preview:large","max-video-preview":"max-video-preview:-1"},"canonical":"https:\/\/www.cyberark.com\/de\/trust\/privacy\/","og_locale":"de_DE","og_type":"article","og_title":"Privacy","og_description":"CyberArk verpflichtet sich, Ihre Daten vor unbefugtem Zugriff zu sch\u00fctzen und Ihr Unternehmen bei der Einhaltung der Compliance zu unterst\u00fctzen.","og_url":"https:\/\/www.cyberark.com\/de\/trust\/privacy\/","og_site_name":"CyberArk","article_publisher":"https:\/\/www.facebook.com\/CyberArk\/","article_modified_time":"2026-02-11T17:36:02+00:00","og_image":[{"width":1024,"height":535,"url":"https:\/\/www.cyberark.com\/wp-content\/uploads\/2022\/09\/CYBR-gradient-bg-og-120x627-01-1024x535.png","type":"image\/png"}],"twitter_card":"summary_large_image","twitter_site":"@CyberArk","twitter_misc":{"Gesch\u00e4tzte Lesezeit":"2 Minuten"},"schema":{"@context":"https:\/\/schema.org","@graph":[{"@type":"WebPage","@id":"https:\/\/www.cyberark.com\/de\/trust\/privacy\/","url":"https:\/\/www.cyberark.com\/de\/trust\/privacy\/","name":"Privacy | CyberArk","isPartOf":{"@id":"https:\/\/www.cyberark.com\/de\/#website"},"datePublished":"2021-07-20T14:53:46+00:00","dateModified":"2026-02-11T17:36:02+00:00","description":"CyberArk verpflichtet sich, Ihre Daten vor unbefugtem Zugriff zu sch\u00fctzen und Ihr Unternehmen bei der Einhaltung der Compliance zu unterst\u00fctzen.","breadcrumb":{"@id":"https:\/\/www.cyberark.com\/de\/trust\/privacy\/#breadcrumb"},"inLanguage":"de-DE","potentialAction":[{"@type":"ReadAction","target":["https:\/\/www.cyberark.com\/de\/trust\/privacy\/"]}]},{"@type":"BreadcrumbList","@id":"https:\/\/www.cyberark.com\/de\/trust\/privacy\/#breadcrumb","itemListElement":[{"@type":"ListItem","position":1,"name":"Home","item":"https:\/\/www.cyberark.com\/de\/"},{"@type":"ListItem","position":2,"name":"Trust Center","item":"https:\/\/www.cyberark.com\/de\/trust\/"},{"@type":"ListItem","position":3,"name":"Privacy"}]},{"@type":"WebSite","@id":"https:\/\/www.cyberark.com\/de\/#website","url":"https:\/\/www.cyberark.com\/de\/","name":"CyberArk","description":"","publisher":{"@id":"https:\/\/www.cyberark.com\/de\/#organization"},"potentialAction":[{"@type":"SearchAction","target":{"@type":"EntryPoint","urlTemplate":"https:\/\/www.cyberark.com\/de\/?s={search_term_string}"},"query-input":{"@type":"PropertyValueSpecification","valueRequired":true,"valueName":"search_term_string"}}],"inLanguage":"de-DE"},{"@type":"Organization","@id":"https:\/\/www.cyberark.com\/de\/#organization","name":"CyberArk Software","url":"https:\/\/www.cyberark.com\/de\/","logo":{"@type":"ImageObject","inLanguage":"de-DE","@id":"https:\/\/www.cyberark.com\/de\/#\/schema\/logo\/image\/","url":"https:\/\/www.cyberark.com\/wp-content\/uploads\/2021\/02\/cyberark-logo-dark.svg","contentUrl":"https:\/\/www.cyberark.com\/wp-content\/uploads\/2021\/02\/cyberark-logo-dark.svg","width":"1024","height":"1024","caption":"CyberArk Software"},"image":{"@id":"https:\/\/www.cyberark.com\/de\/#\/schema\/logo\/image\/"},"sameAs":["https:\/\/www.facebook.com\/CyberArk\/","https:\/\/x.com\/CyberArk","https:\/\/www.linkedin.com\/company\/cyber-ark-software\/"]}]}},"_links":{"self":[{"href":"https:\/\/www.cyberark.com\/de\/wp-json\/wp\/v2\/pages\/220370","targetHints":{"allow":["GET"]}}],"collection":[{"href":"https:\/\/www.cyberark.com\/de\/wp-json\/wp\/v2\/pages"}],"about":[{"href":"https:\/\/www.cyberark.com\/de\/wp-json\/wp\/v2\/types\/page"}],"author":[{"embeddable":true,"href":"https:\/\/www.cyberark.com\/de\/wp-json\/wp\/v2\/users\/164"}],"replies":[{"embeddable":true,"href":"https:\/\/www.cyberark.com\/de\/wp-json\/wp\/v2\/comments?post=220370"}],"version-history":[{"count":0,"href":"https:\/\/www.cyberark.com\/de\/wp-json\/wp\/v2\/pages\/220370\/revisions"}],"up":[{"embeddable":true,"href":"https:\/\/www.cyberark.com\/de\/wp-json\/wp\/v2\/pages\/131028"}],"wp:attachment":[{"href":"https:\/\/www.cyberark.com\/de\/wp-json\/wp\/v2\/media?parent=220370"}],"wp:term":[{"taxonomy":"product_category","embeddable":true,"href":"https:\/\/www.cyberark.com\/de\/wp-json\/wp\/v2\/product_category?post=220370"}],"curies":[{"name":"wp","href":"https:\/\/api.w.org\/{rel}","templated":true}]}}