{"id":32170,"date":"2018-05-16T09:16:36","date_gmt":"2018-05-16T13:16:36","guid":{"rendered":"https:\/\/www.cyberark.com\/equal-opportunities-statement\/"},"modified":"2020-04-01T13:15:27","modified_gmt":"2020-04-01T17:15:27","slug":"equal-opportunities-statement","status":"publish","type":"page","link":"https:\/\/www.cyberark.com\/de\/careers\/equal-opportunities-statement\/","title":{"rendered":"Erkl\u00e4rung zur Gleichstellung"},"content":{"rendered":"<div class=\"wpb-content-wrapper\"><p>[vc_row full_width=&#8220;stretch_row&#8220; content_placement=&#8220;top&#8220; css=&#8220;.vc_custom_1537199219328{background-image: url(https:\/\/www.cyberark.com\/wp-content\/uploads\/2018\/09\/CYB_GEN_Hero_2880x1536.jpg) !important;background-position: center !important;background-repeat: no-repeat !important;background-size: cover !important;}&#8220; el_class=&#8220;cyb-hero-section&#8220;][vc_column][vc_row_inner content_placement=&#8220;middle&#8220; el_class=&#8220;cyb-hero-header&#8220;][vc_column_inner el_class=&#8220;cyb-hero-header-text&#8220;][vc_custom_heading text=&#8220;Erkl\u00e4rung zur Gleichstellung&#8220; font_container=&#8220;tag:h1|text_align:left&#8220; use_theme_fonts=&#8220;yes&#8220;][\/vc_column_inner][\/vc_row_inner][\/vc_column][\/vc_row][vc_row css=&#8220;.vc_custom_1541175722226{padding-top: 2.5rem !important;padding-bottom: 2.5rem !important;}&#8220;][vc_column][vc_column_text]CyberArk bietet allen Mitarbeitenden, Bewerbern und qualifizierten Personen gleiche Chancen in Bezug auf Besch\u00e4ftigung, Entwicklung und Aufstieg, unabh\u00e4ngig von Ethnizit\u00e4t, Hautfarbe, Geschlecht, Schwangerschaft, Alter, Religion und Weltanschauung, nationaler Herkunft, Abstammung, sexueller Orientierung, Geschlechtsidentit\u00e4t, k\u00f6rperlicher oder geistiger Behinderung, Veteranenstatus, Milit\u00e4rdienst, Antrag auf Milit\u00e4rdienst, genetischen Daten oder anderen Merkmalen, die nach geltendem Recht gegen Diskriminierung gesch\u00fctzt sind.\u00a0 Diese Richtlinie gilt f\u00fcr alle Besch\u00e4ftigungsbedingungen, einschlie\u00dflich Bewerbungsverfahren, Einstellung, Stellenzuweisung, Bef\u00f6rderung, K\u00fcndigung, Entlassung, Versetzung, Beurlaubung, Entlohnung und Ausbildung.[\/vc_column_text][\/vc_column][\/vc_row]<\/p>\n<\/div>","protected":false},"excerpt":{"rendered":"<p>[vc_row full_width=&#8220;stretch_row&#8220; content_placement=&#8220;top&#8220; css=&#8220;.vc_custom_1537199219328{background-image: url(https:\/\/www.cyberark.com\/wp-content\/uploads\/2018\/09\/CYB_GEN_Hero_2880x1536.jpg) !important;background-position: center !important;background-repeat: no-repeat !important;background-size: cover !important;}&#8220; el_class=&#8220;cyb-hero-section&#8220;][vc_column][vc_row_inner content_placement=&#8220;middle&#8220; el_class=&#8220;cyb-hero-header&#8220;][vc_column_inner el_class=&#8220;cyb-hero-header-text&#8220;][vc_custom_heading text=&#8220;Erkl\u00e4rung zur Gleichstellung&#8220; font_container=&#8220;tag:h1|text_align:left&#8220; use_theme_fonts=&#8220;yes&#8220;][\/vc_column_inner][\/vc_row_inner][\/vc_column][\/vc_row][vc_row css=&#8220;.vc_custom_1541175722226{padding-top: 2.5rem !important;padding-bottom: 2.5rem !important;}&#8220;][vc_column][vc_column_text]CyberArk bietet allen Mitarbeitenden, Bewerbern und qualifizierten Personen gleiche Chancen&#8230;<\/p>\n","protected":false},"author":4,"featured_media":0,"parent":32208,"menu_order":0,"comment_status":"closed","ping_status":"closed","template":"","meta":{"_acf_changed":false,"inline_featured_image":false,"footnotes":""},"product_category":[],"class_list":["post-32170","page","type-page","status-publish","hentry"],"acf":[],"yoast_head":"<!-- This site is optimized with the Yoast SEO Premium plugin v27.2 (Yoast SEO v27.2) - https:\/\/yoast.com\/product\/yoast-seo-premium-wordpress\/ -->\n<title>Erkl\u00e4rung zur Gleichstellung | CyberArk<\/title>\n<meta name=\"robots\" content=\"index, follow, max-snippet:-1, max-image-preview:large, max-video-preview:-1\" \/>\n<link rel=\"canonical\" href=\"https:\/\/www.cyberark.com\/careers\/equal-opportunities-statement\/\" \/>\n<meta property=\"og:locale\" content=\"de_DE\" \/>\n<meta property=\"og:type\" content=\"article\" \/>\n<meta property=\"og:title\" content=\"Erkl\u00e4rung zur Gleichstellung\" \/>\n<meta property=\"og:description\" content=\"[vc_row full_width=&#8220;stretch_row&#8220; content_placement=&#8220;top&#8220; css=&#8220;.vc_custom_1537199219328{background-image: url(https:\/\/www.cyberark.com\/wp-content\/uploads\/2018\/09\/CYB_GEN_Hero_2880x1536.jpg) !important;background-position: center !important;background-repeat: no-repeat !important;background-size: cover !important;}&#8220; el_class=&#8220;cyb-hero-section&#8220;][vc_column][vc_row_inner content_placement=&#8220;middle&#8220; el_class=&#8220;cyb-hero-header&#8220;][vc_column_inner el_class=&#8220;cyb-hero-header-text&#8220;][vc_custom_heading text=&#8220;Erkl\u00e4rung zur Gleichstellung&#8220; font_container=&#8220;tag:h1|text_align:left&#8220; use_theme_fonts=&#8220;yes&#8220;][\/vc_column_inner][\/vc_row_inner][\/vc_column][\/vc_row][vc_row css=&#8220;.vc_custom_1541175722226{padding-top: 2.5rem !important;padding-bottom: 2.5rem !important;}&#8220;][vc_column][vc_column_text]CyberArk bietet allen Mitarbeitenden, Bewerbern und qualifizierten Personen gleiche Chancen...\" \/>\n<meta property=\"og:url\" content=\"https:\/\/www.cyberark.com\/careers\/equal-opportunities-statement\/\" \/>\n<meta property=\"og:site_name\" content=\"CyberArk\" \/>\n<meta property=\"article:publisher\" content=\"https:\/\/www.facebook.com\/CyberArk\/\" \/>\n<meta property=\"article:modified_time\" content=\"2020-04-01T17:15:27+00:00\" \/>\n<meta property=\"og:image\" content=\"https:\/\/www.cyberark.com\/wp-content\/uploads\/2022\/09\/CYBR-gradient-bg-og-120x627-01-1024x535.png\" \/>\n\t<meta property=\"og:image:width\" content=\"1024\" \/>\n\t<meta property=\"og:image:height\" content=\"535\" \/>\n\t<meta property=\"og:image:type\" content=\"image\/png\" \/>\n<meta name=\"twitter:card\" content=\"summary_large_image\" \/>\n<meta name=\"twitter:site\" content=\"@CyberArk\" \/>\n<meta name=\"twitter:label1\" content=\"Gesch\u00e4tzte Lesezeit\" \/>\n\t<meta name=\"twitter:data1\" content=\"1 Minute\" \/>\n<script type=\"application\/ld+json\" class=\"yoast-schema-graph\">{\"@context\":\"https:\/\/schema.org\",\"@graph\":[{\"@type\":\"WebPage\",\"@id\":\"https:\/\/www.cyberark.com\/careers\/equal-opportunities-statement\/\",\"url\":\"https:\/\/www.cyberark.com\/careers\/equal-opportunities-statement\/\",\"name\":\"Erkl\u00e4rung zur Gleichstellung | CyberArk\",\"isPartOf\":{\"@id\":\"https:\/\/www.cyberark.com\/#website\"},\"datePublished\":\"2018-05-16T13:16:36+00:00\",\"dateModified\":\"2020-04-01T17:15:27+00:00\",\"breadcrumb\":{\"@id\":\"https:\/\/www.cyberark.com\/careers\/equal-opportunities-statement\/#breadcrumb\"},\"inLanguage\":\"de-DE\",\"potentialAction\":[{\"@type\":\"ReadAction\",\"target\":[\"https:\/\/www.cyberark.com\/careers\/equal-opportunities-statement\/\"]}]},{\"@type\":\"BreadcrumbList\",\"@id\":\"https:\/\/www.cyberark.com\/careers\/equal-opportunities-statement\/#breadcrumb\",\"itemListElement\":[{\"@type\":\"ListItem\",\"position\":1,\"name\":\"Home\",\"item\":\"https:\/\/www.cyberark.com\/\"},{\"@type\":\"ListItem\",\"position\":2,\"name\":\"Karrieren\",\"item\":\"https:\/\/www.cyberark.com\/careers\/\"},{\"@type\":\"ListItem\",\"position\":3,\"name\":\"Erkl\u00e4rung zur Gleichstellung\"}]},{\"@type\":\"WebSite\",\"@id\":\"https:\/\/www.cyberark.com\/#website\",\"url\":\"https:\/\/www.cyberark.com\/\",\"name\":\"CyberArk\",\"description\":\"\",\"publisher\":{\"@id\":\"https:\/\/www.cyberark.com\/#organization\"},\"potentialAction\":[{\"@type\":\"SearchAction\",\"target\":{\"@type\":\"EntryPoint\",\"urlTemplate\":\"https:\/\/www.cyberark.com\/?s={search_term_string}\"},\"query-input\":{\"@type\":\"PropertyValueSpecification\",\"valueRequired\":true,\"valueName\":\"search_term_string\"}}],\"inLanguage\":\"de-DE\"},{\"@type\":\"Organization\",\"@id\":\"https:\/\/www.cyberark.com\/#organization\",\"name\":\"CyberArk Software\",\"url\":\"https:\/\/www.cyberark.com\/\",\"logo\":{\"@type\":\"ImageObject\",\"inLanguage\":\"de-DE\",\"@id\":\"https:\/\/www.cyberark.com\/#\/schema\/logo\/image\/\",\"url\":\"https:\/\/www.cyberark.com\/wp-content\/uploads\/2021\/02\/cyberark-logo-dark.svg\",\"contentUrl\":\"https:\/\/www.cyberark.com\/wp-content\/uploads\/2021\/02\/cyberark-logo-dark.svg\",\"width\":\"1024\",\"height\":\"1024\",\"caption\":\"CyberArk Software\"},\"image\":{\"@id\":\"https:\/\/www.cyberark.com\/#\/schema\/logo\/image\/\"},\"sameAs\":[\"https:\/\/www.facebook.com\/CyberArk\/\",\"https:\/\/x.com\/CyberArk\",\"https:\/\/www.linkedin.com\/company\/cyber-ark-software\/\"]}]}<\/script>\n<!-- \/ Yoast SEO Premium plugin. -->","yoast_head_json":{"title":"Erkl\u00e4rung zur Gleichstellung | CyberArk","robots":{"index":"index","follow":"follow","max-snippet":"max-snippet:-1","max-image-preview":"max-image-preview:large","max-video-preview":"max-video-preview:-1"},"canonical":"https:\/\/www.cyberark.com\/careers\/equal-opportunities-statement\/","og_locale":"de_DE","og_type":"article","og_title":"Erkl\u00e4rung zur Gleichstellung","og_description":"[vc_row full_width=&#8220;stretch_row&#8220; content_placement=&#8220;top&#8220; css=&#8220;.vc_custom_1537199219328{background-image: url(https:\/\/www.cyberark.com\/wp-content\/uploads\/2018\/09\/CYB_GEN_Hero_2880x1536.jpg) !important;background-position: center !important;background-repeat: no-repeat !important;background-size: cover !important;}&#8220; el_class=&#8220;cyb-hero-section&#8220;][vc_column][vc_row_inner content_placement=&#8220;middle&#8220; el_class=&#8220;cyb-hero-header&#8220;][vc_column_inner el_class=&#8220;cyb-hero-header-text&#8220;][vc_custom_heading text=&#8220;Erkl\u00e4rung zur Gleichstellung&#8220; font_container=&#8220;tag:h1|text_align:left&#8220; use_theme_fonts=&#8220;yes&#8220;][\/vc_column_inner][\/vc_row_inner][\/vc_column][\/vc_row][vc_row css=&#8220;.vc_custom_1541175722226{padding-top: 2.5rem !important;padding-bottom: 2.5rem !important;}&#8220;][vc_column][vc_column_text]CyberArk bietet allen Mitarbeitenden, Bewerbern und qualifizierten Personen gleiche Chancen...","og_url":"https:\/\/www.cyberark.com\/careers\/equal-opportunities-statement\/","og_site_name":"CyberArk","article_publisher":"https:\/\/www.facebook.com\/CyberArk\/","article_modified_time":"2020-04-01T17:15:27+00:00","og_image":[{"width":1024,"height":535,"url":"https:\/\/www.cyberark.com\/wp-content\/uploads\/2022\/09\/CYBR-gradient-bg-og-120x627-01-1024x535.png","type":"image\/png"}],"twitter_card":"summary_large_image","twitter_site":"@CyberArk","twitter_misc":{"Gesch\u00e4tzte Lesezeit":"1 Minute"},"schema":{"@context":"https:\/\/schema.org","@graph":[{"@type":"WebPage","@id":"https:\/\/www.cyberark.com\/careers\/equal-opportunities-statement\/","url":"https:\/\/www.cyberark.com\/careers\/equal-opportunities-statement\/","name":"Erkl\u00e4rung zur Gleichstellung | CyberArk","isPartOf":{"@id":"https:\/\/www.cyberark.com\/#website"},"datePublished":"2018-05-16T13:16:36+00:00","dateModified":"2020-04-01T17:15:27+00:00","breadcrumb":{"@id":"https:\/\/www.cyberark.com\/careers\/equal-opportunities-statement\/#breadcrumb"},"inLanguage":"de-DE","potentialAction":[{"@type":"ReadAction","target":["https:\/\/www.cyberark.com\/careers\/equal-opportunities-statement\/"]}]},{"@type":"BreadcrumbList","@id":"https:\/\/www.cyberark.com\/careers\/equal-opportunities-statement\/#breadcrumb","itemListElement":[{"@type":"ListItem","position":1,"name":"Home","item":"https:\/\/www.cyberark.com\/"},{"@type":"ListItem","position":2,"name":"Karrieren","item":"https:\/\/www.cyberark.com\/careers\/"},{"@type":"ListItem","position":3,"name":"Erkl\u00e4rung zur Gleichstellung"}]},{"@type":"WebSite","@id":"https:\/\/www.cyberark.com\/#website","url":"https:\/\/www.cyberark.com\/","name":"CyberArk","description":"","publisher":{"@id":"https:\/\/www.cyberark.com\/#organization"},"potentialAction":[{"@type":"SearchAction","target":{"@type":"EntryPoint","urlTemplate":"https:\/\/www.cyberark.com\/?s={search_term_string}"},"query-input":{"@type":"PropertyValueSpecification","valueRequired":true,"valueName":"search_term_string"}}],"inLanguage":"de-DE"},{"@type":"Organization","@id":"https:\/\/www.cyberark.com\/#organization","name":"CyberArk Software","url":"https:\/\/www.cyberark.com\/","logo":{"@type":"ImageObject","inLanguage":"de-DE","@id":"https:\/\/www.cyberark.com\/#\/schema\/logo\/image\/","url":"https:\/\/www.cyberark.com\/wp-content\/uploads\/2021\/02\/cyberark-logo-dark.svg","contentUrl":"https:\/\/www.cyberark.com\/wp-content\/uploads\/2021\/02\/cyberark-logo-dark.svg","width":"1024","height":"1024","caption":"CyberArk Software"},"image":{"@id":"https:\/\/www.cyberark.com\/#\/schema\/logo\/image\/"},"sameAs":["https:\/\/www.facebook.com\/CyberArk\/","https:\/\/x.com\/CyberArk","https:\/\/www.linkedin.com\/company\/cyber-ark-software\/"]}]}},"_links":{"self":[{"href":"https:\/\/www.cyberark.com\/de\/wp-json\/wp\/v2\/pages\/32170","targetHints":{"allow":["GET"]}}],"collection":[{"href":"https:\/\/www.cyberark.com\/de\/wp-json\/wp\/v2\/pages"}],"about":[{"href":"https:\/\/www.cyberark.com\/de\/wp-json\/wp\/v2\/types\/page"}],"author":[{"embeddable":true,"href":"https:\/\/www.cyberark.com\/de\/wp-json\/wp\/v2\/users\/4"}],"replies":[{"embeddable":true,"href":"https:\/\/www.cyberark.com\/de\/wp-json\/wp\/v2\/comments?post=32170"}],"version-history":[{"count":0,"href":"https:\/\/www.cyberark.com\/de\/wp-json\/wp\/v2\/pages\/32170\/revisions"}],"up":[{"embeddable":true,"href":"https:\/\/www.cyberark.com\/de\/wp-json\/wp\/v2\/pages\/32208"}],"wp:attachment":[{"href":"https:\/\/www.cyberark.com\/de\/wp-json\/wp\/v2\/media?parent=32170"}],"wp:term":[{"taxonomy":"product_category","embeddable":true,"href":"https:\/\/www.cyberark.com\/de\/wp-json\/wp\/v2\/product_category?post=32170"}],"curies":[{"name":"wp","href":"https:\/\/api.w.org\/{rel}","templated":true}]}}