{"id":32217,"date":"2017-06-22T09:39:11","date_gmt":"2017-06-22T13:39:11","guid":{"rendered":"https:\/\/www.cyberark.com\/terms-conditions\/"},"modified":"2024-07-17T06:04:39","modified_gmt":"2024-07-17T10:04:39","slug":"terms-conditions","status":"publish","type":"page","link":"https:\/\/www.cyberark.com\/de\/terms-conditions\/","title":{"rendered":"Allgemeine Nutzungsbedingungen f\u00fcr diese Website"},"content":{"rendered":"<div class=\"wpb-content-wrapper\"><p>[vc_row full_width=&#8220;stretch_row&#8220; el_class=&#8220;cybv2 int-hero-noimg dark&#8220;][vc_column width=&#8220;3\/4&#8243; el_class=&#8220;column-1&#8243;][vc_column_text]<\/p>\n<h1>Allgemeine nutzungsbedingungen f\u00fcr diese website<\/h1>\n<p>[\/vc_column_text][\/vc_column][\/vc_row][vc_row el_class=&#8220;cybv2 cybv2-pad&#8220;][vc_column width=&#8220;5\/6&#8243; offset=&#8220;vc_col-sm-offset-1&#8243;][vc_column_text]Die folgenden Bedingungen regeln Ihre Nutzung einer Website, die CyberArk\u00ae Software Ltd. und CyberArk Software, Inc. oder einem ihrer verbundenen Unternehmen (&#8222;CyberArk&#8220;) geh\u00f6rt und von ihnen betrieben wird. Durch die Nutzung dieser Website oder das Herunterladen von Materialien von dieser Website erkl\u00e4ren Sie, dass Sie diese Bedingungen gelesen und verstanden haben. Des Weiteren erkl\u00e4ren Sie sich damit einverstanden, an diese gebunden zu sein und alle geltenden Gesetze und Vorschriften bez\u00fcglich der Nutzung dieser Website einzuhalten. Wenn Sie mit diesen Bedingungen nicht einverstanden sind, nutzen Sie diese Website bitte nicht.<\/p>\n<p>CyberArk beh\u00e4lt sich das Recht vor, jederzeit \u00c4nderungen an dieser Website und an diesen Bedingungen vorzunehmen. Durch die weitere Nutzung dieser Website stimmen Sie allen neuen oder ge\u00e4nderten Bedingungen und Konditionen zu.<\/p>\n<p><strong>NUTZUNGSBESCHR\u00c4NKUNGEN<\/strong><br \/>\nDie auf dieser Website verf\u00fcgbaren Informationen, Dokumentationen, Daten und zugeh\u00f6rigen Grafiken (&#8222;Materialien&#8220;) werden von CyberArk oder seinen Lizenzgebern bereitgestellt. Die auf dieser Website enthaltenen Materialien sind durch Urheberrechtsgesetze, internationale Urheberrechtsvertr\u00e4ge und andere Gesetze und Vertr\u00e4ge \u00fcber geistiges Eigentum gesch\u00fctzt. CyberArk und seine Lizenzgeber behalten alle Urheberrechte an den Materialien. Nichts auf dieser Website darf so ausgelegt werden, dass es eine Lizenz im Rahmen von Rechten an geistigem Eigentum \u00fcbertr\u00e4gt, sei es durch Rechtsverwirkung, stillschweigend oder anderweitig. Sofern in diesen Bedingungen nicht anders angegeben, d\u00fcrfen Sie die Materialien ohne vorherige schriftliche Zustimmung von CyberArk in keiner Form und mit keinen Mitteln vervielf\u00e4ltigen, bearbeiten, \u00e4ndern, ausstellen, verteilen oder anderweitig nutzen.<\/p>\n<p>CyberArk gew\u00e4hrt Ihnen die Erlaubnis, die auf dieser Website ver\u00f6ffentlichten Materialien ausschlie\u00dflich zu Informationszwecken und f\u00fcr nicht-kommerzielle oder pers\u00f6nliche Zwecke herunterzuladen, zu vervielf\u00e4ltigen, darzustellen und zu verbreiten, vorausgesetzt, Sie \u00e4ndern diese Materialien nicht und behalten alle Urheberrechts- und Eigentumsvermerke bei, die in diesen Materialien erscheinen. CyberArk gew\u00e4hrt Bildungseinrichtungen (insbesondere Schulen, Universit\u00e4ten und Volkshochschulen) die Erlaubnis, die auf dieser Website ver\u00f6ffentlichten Materialien ausschlie\u00dflich zur Verwendung im Unterricht herunterzuladen, zu vervielf\u00e4ltigen, anzuzeigen und zu verteilen, vorausgesetzt, diese Einrichtungen geben CyberArk als Quelle an und f\u00fcgen folgenden Vermerk hinzu: \u201eMit freundlicher Genehmigung von CyberArk\u201c.<\/p>\n<p>Die Ihnen hierin erteilte Erlaubnis erlischt, wenn Sie gegen eine dieser Bedingungen versto\u00dfen. Sie verpflichten sich, bei Beendigung des Vertragsverh\u00e4ltnisses alle von dieser Website heruntergeladenen Materialien zu vernichten. Die unbefugte Nutzung dieser Materialien ist ausdr\u00fccklich gesetzlich verboten und kann zivil- und strafrechtliche Folgen haben.<\/p>\n<p>Sie d\u00fcrfen die in den Materialien enthaltenen Inhalte nicht in einer Weise verwenden, die einen falschen oder irref\u00fchrenden Eindruck oder eine falsche Aussage \u00fcber CyberArk oder einen Dritten erwecken k\u00f6nnte, auf den in den Materialien verwiesen wird. Sie verpflichten sich, die Website und die \u00fcber die Website zug\u00e4nglichen Materialien nur f\u00fcr rechtm\u00e4\u00dfige Zwecke zu verwenden.<\/p>\n<p><strong>GEW\u00c4HRLEISTUNGEN UND HAFTUNGSAUSSCHL\u00dcSSE<\/strong><br \/>\nCyberArk ist bestrebt, dass die auf dieser Website enthaltenen Materialien genau und zuverl\u00e4ssig sind. Diese Materialien k\u00f6nnen jedoch technische Ungenauigkeiten, typografische oder andere Fehler enthalten. CyberArk kann jederzeit Korrekturen oder andere \u00c4nderungen an diesen Materialien vornehmen. CyberArk beh\u00e4lt sich das Recht vor, jederzeit Korrekturen, Modifikationen, Erweiterungen, Verbesserungen und andere \u00c4nderungen an seinen Produkten, Programmen und Dienstleistungen vorzunehmen oder Produkte, Programme oder Dienstleistungen ohne vorherige Ank\u00fcndigung einzustellen.<\/p>\n<p>DIE MATERIALIEN AUF DIESER WEBSITE WERDEN OHNE GEW\u00c4HRLEISTUNG BEREITGESTELLT. SIE ERKENNEN AN , DASS DIE HIER ENTHALTENEN ANWENDUNGSHINWEISE, REFERENZDESIGNS UND ANDERE DERARTIGE DESIGNMATERIALIEN NUR ALS BEISPIEL DIENEN. DES WEITEREN ERKL\u00c4REN SIE SICH DAMIT EINVERSTANDEN, DASS SIE BEI DER VERWENDUNG DIESER MATERIALIEN IHRE EIGENE UNABH\u00c4NGIGE ANALYSE UND IHR EIGENES URTEILSVERM\u00d6GEN ANWENDEN WERDEN. CYBERARK \u00dcBERNIMMT KEINE HAFTUNG F\u00dcR DIE VERWENDUNG DIESER MATERIALIEN, IHRER PRODUKTDESIGNS ODER DER VON CYBERARK BEREITGESTELLTEN ANWENDUNGSUNTERST\u00dcTZUNG. DIE NUTZUNG DER AUF DIESER WEBSITE ZUR VERF\u00dcGUNG GESTELLTEN INFORMATIONEN KANN EINE LIZENZ VON CYBERARK ODER EINER DRITTEN PARTEI IM RAHMEN VON PATENTEN ODER ANDEREN GEISTIGEN EIGENTUMSRECHTEN VON CYBERARK ODER DIESER DRITTEN PARTEI ERFORDERN.<\/p>\n<p>IN JEDEM FALL UNTERLIEGT JEDES VON CYBERARK ODER SEINEN H\u00c4NDLERN ERWORBENE PRODUKT DEN VERKAUFSBEDINGUNGEN VON CYBERARK, DIE VOR DER BESTELLUNG EINES SOLCHEN PRODUKTS SORGF\u00c4LTIG GEPR\u00dcFT WERDEN SOLLTEN. DIE AUF DIESER SITE BEREITGESTELLTEN MATERIALIEN STELLEN KEINE GARANTIE ODER ZUSICHERUNG \u00dcBER DIE EIGNUNG DER CYBERARK-PRODUKTE ODER DIESER MATERIALIEN F\u00dcR EINEN BESTIMMTEN ZWECK DAR, EINSCHLIESSLICH, ABER NICHT BESCHR\u00c4NKT AUF ALLE STILLSCHWEIGENDEN GARANTIEN UND BEDINGUNGEN DER MARKTG\u00c4NGIGKEIT, DER EIGNUNG F\u00dcR EINEN BESTIMMTEN ZWECK, DES EIGENTUMSRECHTS UND DER NICHTVERLETZUNG VON GEISTIGEN EIGENTUMSRECHTEN DRITTER.<\/p>\n<p>HAFTUNGSBESCHR\u00c4NKUNG<\/p>\n<p>IN KEINEM FALL HAFTEN CYBERARK ODER SEINE LIEFERANTEN F\u00dcR SCH\u00c4DEN JEGLICHER ART, EINSCHLIESSLICH, ABER NICHT BESCHR\u00c4NKT AUF INDIREKTE, SPEZIELLE, ZUF\u00c4LLIGE ODER FOLGESCH\u00c4DEN, SEI ES DURCH VERTRAG, FAHRL\u00c4SSIGKEIT ODER ANDERE UNERLAUBTE HANDLUNGEN, DIE SICH AUS DER NUTZUNG DIESER SITE ODER AUS DER NUTZUNG ODER LEISTUNG DER AUF DIESER SITE VERF\u00dcGBAREN MATERIALIEN ERGEBEN. UND ZWAR UNABH\u00c4NGIG DAVON, OB CYBERARK ODER EIN AUTORISIERTER VERTRETER VON CYBERARK \u00dcBER DIE M\u00d6GLICHKEIT SOLCHER SCH\u00c4DEN INFORMIERT WURDE.<\/p>\n<p><strong>BESONDERER HINWEIS ZUR AUF DIESER SITE VERF\u00dcGBAREN SOFTWARE<\/strong><br \/>\nS\u00e4mtliche Software und die dazugeh\u00f6rige Dokumentation, die zum Herunterladen von dieser Website zur Verf\u00fcgung gestellt wird (\u201eSoftware\u201c), ist urheberrechtlich gesch\u00fctzt. Die Nutzung dieser Software unterliegt den Bedingungen des Lizenzvertrags, der dieser Software beigef\u00fcgt oder in ihr enthalten ist (\u201eLizenzvertrag\u201c). Ein Benutzer kann keine Software installieren, der ein Lizenzvertrag beiliegt oder die einen Lizenzvertrag enth\u00e4lt, bevor er den Bedingungen dieses Vertrages zugestimmt hat. Jegliche Vervielf\u00e4ltigung oder Weitergabe der Software, die nicht mit dem Lizenzvertrag \u00fcbereinstimmt, ist ausdr\u00fccklich untersagt und kann zivil- und strafrechtliche Konsequenzen nach sich ziehen.<\/p>\n<p>OHNE EINSCHR\u00c4NKUNG DES VORSTEHENDEN IST DAS KOPIEREN ODER DIE VERVIELF\u00c4LTIGUNG DER SOFTWARE ZUR WEITEREN VERVIELF\u00c4LTIGUNG ODER ZUM WEITERVERTRIEB VERBOTEN, ES SEI DENN, EINE SOLCHE VERVIELF\u00c4LTIGUNG ODER EIN SOLCHER WEITERVERTRIEB IST DURCH DIE LIZENZVEREINBARUNG, DIE DER SOFTWARE BEILIEGT, AUSDR\u00dcCKLICH GESTATTET.<br \/>\nBESONDERER HINWEIS \u00dcBER LINKS ZU WEBSITES VON DRITTANBIETERN.<\/p>\n<p>Bestimmte Links auf dieser Website erm\u00f6glichen es Ihnen, diese Website zu verlassen und auf Websites zu gelangen, die nicht zu CyberArk geh\u00f6ren. Diese verlinkten Websites unterliegen nicht der Kontrolle von CyberArk. CyberArk ist nicht verantwortlich f\u00fcr den Inhalt, f\u00fcr \u00c4nderungen oder Aktualisierungen der verlinkten Websites. CyberArk stellt Ihnen diese Links nur als Erleichterung zur Verf\u00fcgung. Die Aufnahme eines Links bedeutet nicht, dass CyberArk eine verlinkte Website unterst\u00fctzt. DIE VER\u00d6FFENTLICHUNG VON INFORMATIONEN \u00dcBER PRODUKTE ODER DIENSTLEISTUNGEN DRITTER DURCH CYBERARK BEDEUTET KEINE ZUSTIMMUNG DER EIGNUNG DIESER PRODUKTE ODER DIENSTLEISTUNGEN. AUCH BEDEUTET SIE KEINE GARANTIE, REPR\u00c4SENTATION ODER BEF\u00dcRWORTUNG DIESER PRODUKTE ODER DIENSTLEISTUNGEN, WEDER ALLEIN NOCH IN KOMBINATION MIT EINEM PRODUKT ODER EINER DIENSTLEISTUNG VON CyberArk. Die Verlinkung zu dieser Website unterliegt der Verlinkungsrichtlinie von CyberArk. Wenn Sie einen Link zur Webseite von CyberArk Website einrichten m\u00f6chten, kontaktieren Sie uns bitte unter:<\/p>\n<p><u><a href=\"mailto:Webmaster@CyberArk.com\">Webmaster@CyberArk.com<\/a><\/u><\/p>\n<p><strong>MARKEN<\/strong><br \/>\nDie auf dieser Website verwendeten und dargestellten Marken, Dienstleistungsmarken und Logos sind eingetragene und nicht eingetragene Marken und Dienstleistungsmarken von CyberArk und anderen. CyberArk\u00ae, Network Vault\u00ae, Inter-Business Vault\u2122, Visual Security\u2122, LAN Experience over the Web\u2122, Vaulted Solutions-Always Secure Always Accessible\u2122, Vaulted Zones\u2122, Vaulted by CyberArk\u2122,CyberArk Shared Technology Platform\u2122, Enterprise Password Vault\u00ae, Privileged Session Manager\u00ae, Privileged Threat Analytics\u2122 , Application Identity Manager\u2122, On-Demand Privileges Manager\u2122, CyberArk DNA\u2122 und andere Marken, die auf dieser Website erscheinen, sind Marken oder eingetragene Marken von CyberArk in den USA und anderen L\u00e4ndern. Alle anderen eingetragenen und nicht eingetragenen Marken, die auf der Website verwendet werden, sind Eigentum ihrer jeweiligen Eigent\u00fcmer. Mit Ausnahme der hierin enthaltenen Bestimmungen wird Ihnen ohne vorherige ausdr\u00fcckliche schriftliche Genehmigung von CyberArk weder ausdr\u00fccklich noch stillschweigend, durch Rechtsverwirkung oder auf andere Weise eine Lizenz oder ein Recht zur Nutzung von Marken, Dienstleistungsmarken oder Logos von CyberArk gew\u00e4hrt, die auf der Website verwendet oder angezeigt werden. Wenn sie mit der Erlaubnis von CyberArk verwendet werden, m\u00fcssen alle Marken mit dem entsprechenden Symbol (z. B. \u2122 oder \u00ae) als Marken von CyberArk gekennzeichnet werden, und zwar beim ersten Vorkommen im Text in jeglicher ver\u00f6ffentlichter gedruckter oder elektronischer Kommunikation, einschlie\u00dflich Werbung, Verkaufsf\u00f6rderung, Verpackung und technischer Dokumentation, in jedem Verkaufs- und Marketingmaterial und auf Produktetiketten. <\/p>\n<p><strong>PATENTE<\/strong><br \/>\nTechnologie und Produkte von CyberArk sind durch ein oder mehrere US-amerikanische und\/oder internationale Patente gesch\u00fctzt oder durch Patente, die angemeldet sind.<\/p>\n<p><strong>EXPORTKONTROLLE<\/strong><br \/>\nDer Export der Software und der zugeh\u00f6rigen Dokumentation unterliegt der Einhaltung von: (i) dem U.S. Export Administration Act in seiner jeweils g\u00fcltigen Fassung und den darin von Zeit zu Zeit erlassenen Regeln und Vorschriften, einschlie\u00dflich der Export Administration Regulations, (ii) den Gesetzen des Staates Israel und (iii) den Gesetzen eines Landes oder einer Organisation von Nationen, in deren Gerichtsbarkeit Sie arbeiten oder gesch\u00e4ftlich t\u00e4tig sind. Sie d\u00fcrfen die Software, die zugeh\u00f6rige Dokumentation oder Teile davon nicht direkt oder indirekt exportieren oder reexportieren, au\u00dfer in \u00dcbereinstimmung mit dem geltenden Exportkontrollrecht.<\/p>\n<p><strong>GERICHTSSTAND UND ANWENDBARES RECHT<\/strong><br \/>\nAlle Anspr\u00fcche im Zusammenhang mit dieser Website oder der Nutzung dieser Website unterliegen den Gesetzen des US-Bundesstaates Massachusetts und werden gem\u00e4\u00df diesen ausgelegt, ohne Bezugnahme auf die Grunds\u00e4tze des Kollisionsrechts. Alle Streitigkeiten, die sich aus oder im Zusammenhang mit Ihrer Nutzung dieser Website ergeben, werden bei den zust\u00e4ndigen Gerichten von Boston, MA, USA ausgetragen. Sie erkl\u00e4ren sich hiermit mit der ausschlie\u00dflichen Zust\u00e4ndigkeit und dem dortigen Gerichtsstand einverstanden. Sie erkl\u00e4ren sich damit einverstanden, auf alle Einw\u00e4nde wegen mangelnder pers\u00f6nlicher Zust\u00e4ndigkeit und des forum non conveniens zu verzichten und stimmen zu, dass dieser Vorgang auf eine Art und Weise erfolgen kann, die nach geltendem Recht oder gerichtlichen Vorschriften zul\u00e4ssig ist.<\/p>\n<p><strong>DATENSCHUTZERKL\u00c4RUNG<\/strong><br \/>\nIhre Nutzung dieser Website und die Daten, die Sie \u00fcber diese Website an CyberArk \u00fcbermitteln, unterliegen der Datenschutzerkl\u00e4rung von CyberArk. <a href=\"https:\/\/www.cyberark.com\/de\/privacy-notice\/\">Klicken Sie hier, um die Datenschutzerkl\u00e4rung<\/a>von CyberArk zu lesen.<\/p>\n<p>URHEBERRECHTLSHINWEIS. Copyright \u00a9 2000\u20132019\u00a0CyberArk Software, Ltd. Alle hier nicht ausdr\u00fccklich gew\u00e4hrten Rechte sind vorbehalten.<\/p>\n<p><strong>KONTAKTINFORMATIONEN<\/strong><br \/>\nAlle Anfragen nach weiteren Informationen oder bez\u00fcglich der Erlaubnis zur Vervielf\u00e4ltigung von Teilen der Materialien zus\u00e4tzlich zu der oben erteilten Genehmigung sind zu richten an:<\/p>\n<p><u><a href=\"mailto:Webmaster@CyberArk.com\">Webmaster@CyberArk.com<\/a><\/u>[\/vc_column_text][\/vc_column][\/vc_row]<\/p>\n<\/div>","protected":false},"excerpt":{"rendered":"<p>[vc_row full_width=&#8220;stretch_row&#8220; el_class=&#8220;cybv2 int-hero-noimg dark&#8220;][vc_column width=&#8220;3\/4&#8243; el_class=&#8220;column-1&#8243;][vc_column_text] Allgemeine nutzungsbedingungen f\u00fcr diese website [\/vc_column_text][\/vc_column][\/vc_row][vc_row el_class=&#8220;cybv2 cybv2-pad&#8220;][vc_column width=&#8220;5\/6&#8243; offset=&#8220;vc_col-sm-offset-1&#8243;][vc_column_text]Die folgenden Bedingungen regeln Ihre Nutzung einer Website, die CyberArk\u00ae Software Ltd. und CyberArk Software, Inc. oder einem ihrer&#8230;<\/p>\n","protected":false},"author":17,"featured_media":0,"parent":0,"menu_order":0,"comment_status":"closed","ping_status":"closed","template":"","meta":{"_acf_changed":false,"inline_featured_image":false,"footnotes":""},"product_category":[27776],"class_list":["post-32217","page","type-page","status-publish","hentry","product_category-identity-security"],"acf":[],"yoast_head":"<!-- This site is optimized with the Yoast SEO Premium plugin v27.2 (Yoast SEO v27.2) - https:\/\/yoast.com\/product\/yoast-seo-premium-wordpress\/ -->\n<title>Allgemeine Nutzungsbedingungen f\u00fcr diese Website | CyberArk<\/title>\n<meta name=\"robots\" content=\"index, follow, max-snippet:-1, max-image-preview:large, max-video-preview:-1\" \/>\n<link rel=\"canonical\" href=\"https:\/\/www.cyberark.com\/terms-conditions\/\" \/>\n<meta property=\"og:locale\" content=\"de_DE\" \/>\n<meta property=\"og:type\" content=\"article\" \/>\n<meta property=\"og:title\" content=\"Allgemeine Nutzungsbedingungen f\u00fcr diese Website\" \/>\n<meta property=\"og:description\" content=\"[vc_row full_width=&#8220;stretch_row&#8220; el_class=&#8220;cybv2 int-hero-noimg dark&#8220;][vc_column width=&#8220;3\/4&#8243; el_class=&#8220;column-1&#8243;][vc_column_text] Allgemeine nutzungsbedingungen f\u00fcr diese website [\/vc_column_text][\/vc_column][\/vc_row][vc_row el_class=&#8220;cybv2 cybv2-pad&#8220;][vc_column width=&#8220;5\/6&#8243; offset=&#8220;vc_col-sm-offset-1&#8243;][vc_column_text]Die folgenden Bedingungen regeln Ihre Nutzung einer Website, die CyberArk\u00ae Software Ltd. und CyberArk Software, Inc. oder einem ihrer...\" \/>\n<meta property=\"og:url\" content=\"https:\/\/www.cyberark.com\/terms-conditions\/\" \/>\n<meta property=\"og:site_name\" content=\"CyberArk\" \/>\n<meta property=\"article:publisher\" content=\"https:\/\/www.facebook.com\/CyberArk\/\" \/>\n<meta property=\"article:modified_time\" content=\"2024-07-17T10:04:39+00:00\" \/>\n<meta property=\"og:image\" content=\"https:\/\/www.cyberark.com\/wp-content\/uploads\/2022\/09\/CYBR-gradient-bg-og-120x627-01-1024x535.png\" \/>\n\t<meta property=\"og:image:width\" content=\"1024\" \/>\n\t<meta property=\"og:image:height\" content=\"535\" \/>\n\t<meta property=\"og:image:type\" content=\"image\/png\" \/>\n<meta name=\"twitter:card\" content=\"summary_large_image\" \/>\n<meta name=\"twitter:site\" content=\"@CyberArk\" \/>\n<meta name=\"twitter:label1\" content=\"Gesch\u00e4tzte Lesezeit\" \/>\n\t<meta name=\"twitter:data1\" content=\"7 Minuten\" \/>\n<script type=\"application\/ld+json\" class=\"yoast-schema-graph\">{\"@context\":\"https:\/\/schema.org\",\"@graph\":[{\"@type\":\"WebPage\",\"@id\":\"https:\/\/www.cyberark.com\/terms-conditions\/\",\"url\":\"https:\/\/www.cyberark.com\/terms-conditions\/\",\"name\":\"Allgemeine Nutzungsbedingungen f\u00fcr diese Website | CyberArk\",\"isPartOf\":{\"@id\":\"https:\/\/www.cyberark.com\/#website\"},\"datePublished\":\"2017-06-22T13:39:11+00:00\",\"dateModified\":\"2024-07-17T10:04:39+00:00\",\"breadcrumb\":{\"@id\":\"https:\/\/www.cyberark.com\/terms-conditions\/#breadcrumb\"},\"inLanguage\":\"de-DE\",\"potentialAction\":[{\"@type\":\"ReadAction\",\"target\":[\"https:\/\/www.cyberark.com\/terms-conditions\/\"]}]},{\"@type\":\"BreadcrumbList\",\"@id\":\"https:\/\/www.cyberark.com\/terms-conditions\/#breadcrumb\",\"itemListElement\":[{\"@type\":\"ListItem\",\"position\":1,\"name\":\"Home\",\"item\":\"https:\/\/www.cyberark.com\/\"},{\"@type\":\"ListItem\",\"position\":2,\"name\":\"Allgemeine Nutzungsbedingungen f\u00fcr diese Website\"}]},{\"@type\":\"WebSite\",\"@id\":\"https:\/\/www.cyberark.com\/#website\",\"url\":\"https:\/\/www.cyberark.com\/\",\"name\":\"CyberArk\",\"description\":\"\",\"publisher\":{\"@id\":\"https:\/\/www.cyberark.com\/#organization\"},\"potentialAction\":[{\"@type\":\"SearchAction\",\"target\":{\"@type\":\"EntryPoint\",\"urlTemplate\":\"https:\/\/www.cyberark.com\/?s={search_term_string}\"},\"query-input\":{\"@type\":\"PropertyValueSpecification\",\"valueRequired\":true,\"valueName\":\"search_term_string\"}}],\"inLanguage\":\"de-DE\"},{\"@type\":\"Organization\",\"@id\":\"https:\/\/www.cyberark.com\/#organization\",\"name\":\"CyberArk Software\",\"url\":\"https:\/\/www.cyberark.com\/\",\"logo\":{\"@type\":\"ImageObject\",\"inLanguage\":\"de-DE\",\"@id\":\"https:\/\/www.cyberark.com\/#\/schema\/logo\/image\/\",\"url\":\"https:\/\/www.cyberark.com\/wp-content\/uploads\/2021\/02\/cyberark-logo-dark.svg\",\"contentUrl\":\"https:\/\/www.cyberark.com\/wp-content\/uploads\/2021\/02\/cyberark-logo-dark.svg\",\"width\":\"1024\",\"height\":\"1024\",\"caption\":\"CyberArk Software\"},\"image\":{\"@id\":\"https:\/\/www.cyberark.com\/#\/schema\/logo\/image\/\"},\"sameAs\":[\"https:\/\/www.facebook.com\/CyberArk\/\",\"https:\/\/x.com\/CyberArk\",\"https:\/\/www.linkedin.com\/company\/cyber-ark-software\/\"]}]}<\/script>\n<!-- \/ Yoast SEO Premium plugin. -->","yoast_head_json":{"title":"Allgemeine Nutzungsbedingungen f\u00fcr diese Website | CyberArk","robots":{"index":"index","follow":"follow","max-snippet":"max-snippet:-1","max-image-preview":"max-image-preview:large","max-video-preview":"max-video-preview:-1"},"canonical":"https:\/\/www.cyberark.com\/terms-conditions\/","og_locale":"de_DE","og_type":"article","og_title":"Allgemeine Nutzungsbedingungen f\u00fcr diese Website","og_description":"[vc_row full_width=&#8220;stretch_row&#8220; el_class=&#8220;cybv2 int-hero-noimg dark&#8220;][vc_column width=&#8220;3\/4&#8243; el_class=&#8220;column-1&#8243;][vc_column_text] Allgemeine nutzungsbedingungen f\u00fcr diese website [\/vc_column_text][\/vc_column][\/vc_row][vc_row el_class=&#8220;cybv2 cybv2-pad&#8220;][vc_column width=&#8220;5\/6&#8243; offset=&#8220;vc_col-sm-offset-1&#8243;][vc_column_text]Die folgenden Bedingungen regeln Ihre Nutzung einer Website, die CyberArk\u00ae Software Ltd. und CyberArk Software, Inc. oder einem ihrer...","og_url":"https:\/\/www.cyberark.com\/terms-conditions\/","og_site_name":"CyberArk","article_publisher":"https:\/\/www.facebook.com\/CyberArk\/","article_modified_time":"2024-07-17T10:04:39+00:00","og_image":[{"width":1024,"height":535,"url":"https:\/\/www.cyberark.com\/wp-content\/uploads\/2022\/09\/CYBR-gradient-bg-og-120x627-01-1024x535.png","type":"image\/png"}],"twitter_card":"summary_large_image","twitter_site":"@CyberArk","twitter_misc":{"Gesch\u00e4tzte Lesezeit":"7 Minuten"},"schema":{"@context":"https:\/\/schema.org","@graph":[{"@type":"WebPage","@id":"https:\/\/www.cyberark.com\/terms-conditions\/","url":"https:\/\/www.cyberark.com\/terms-conditions\/","name":"Allgemeine Nutzungsbedingungen f\u00fcr diese Website | CyberArk","isPartOf":{"@id":"https:\/\/www.cyberark.com\/#website"},"datePublished":"2017-06-22T13:39:11+00:00","dateModified":"2024-07-17T10:04:39+00:00","breadcrumb":{"@id":"https:\/\/www.cyberark.com\/terms-conditions\/#breadcrumb"},"inLanguage":"de-DE","potentialAction":[{"@type":"ReadAction","target":["https:\/\/www.cyberark.com\/terms-conditions\/"]}]},{"@type":"BreadcrumbList","@id":"https:\/\/www.cyberark.com\/terms-conditions\/#breadcrumb","itemListElement":[{"@type":"ListItem","position":1,"name":"Home","item":"https:\/\/www.cyberark.com\/"},{"@type":"ListItem","position":2,"name":"Allgemeine Nutzungsbedingungen f\u00fcr diese Website"}]},{"@type":"WebSite","@id":"https:\/\/www.cyberark.com\/#website","url":"https:\/\/www.cyberark.com\/","name":"CyberArk","description":"","publisher":{"@id":"https:\/\/www.cyberark.com\/#organization"},"potentialAction":[{"@type":"SearchAction","target":{"@type":"EntryPoint","urlTemplate":"https:\/\/www.cyberark.com\/?s={search_term_string}"},"query-input":{"@type":"PropertyValueSpecification","valueRequired":true,"valueName":"search_term_string"}}],"inLanguage":"de-DE"},{"@type":"Organization","@id":"https:\/\/www.cyberark.com\/#organization","name":"CyberArk Software","url":"https:\/\/www.cyberark.com\/","logo":{"@type":"ImageObject","inLanguage":"de-DE","@id":"https:\/\/www.cyberark.com\/#\/schema\/logo\/image\/","url":"https:\/\/www.cyberark.com\/wp-content\/uploads\/2021\/02\/cyberark-logo-dark.svg","contentUrl":"https:\/\/www.cyberark.com\/wp-content\/uploads\/2021\/02\/cyberark-logo-dark.svg","width":"1024","height":"1024","caption":"CyberArk Software"},"image":{"@id":"https:\/\/www.cyberark.com\/#\/schema\/logo\/image\/"},"sameAs":["https:\/\/www.facebook.com\/CyberArk\/","https:\/\/x.com\/CyberArk","https:\/\/www.linkedin.com\/company\/cyber-ark-software\/"]}]}},"_links":{"self":[{"href":"https:\/\/www.cyberark.com\/de\/wp-json\/wp\/v2\/pages\/32217","targetHints":{"allow":["GET"]}}],"collection":[{"href":"https:\/\/www.cyberark.com\/de\/wp-json\/wp\/v2\/pages"}],"about":[{"href":"https:\/\/www.cyberark.com\/de\/wp-json\/wp\/v2\/types\/page"}],"author":[{"embeddable":true,"href":"https:\/\/www.cyberark.com\/de\/wp-json\/wp\/v2\/users\/17"}],"replies":[{"embeddable":true,"href":"https:\/\/www.cyberark.com\/de\/wp-json\/wp\/v2\/comments?post=32217"}],"version-history":[{"count":0,"href":"https:\/\/www.cyberark.com\/de\/wp-json\/wp\/v2\/pages\/32217\/revisions"}],"wp:attachment":[{"href":"https:\/\/www.cyberark.com\/de\/wp-json\/wp\/v2\/media?parent=32217"}],"wp:term":[{"taxonomy":"product_category","embeddable":true,"href":"https:\/\/www.cyberark.com\/de\/wp-json\/wp\/v2\/product_category?post=32217"}],"curies":[{"name":"wp","href":"https:\/\/api.w.org\/{rel}","templated":true}]}}