{"id":32218,"date":"2017-06-22T08:35:50","date_gmt":"2017-06-22T12:35:50","guid":{"rendered":"https:\/\/www.cyberark.com\/nerc-cip\/"},"modified":"2020-07-27T16:18:57","modified_gmt":"2020-07-27T20:18:57","slug":"nerc-cip","status":"publish","type":"page","link":"https:\/\/www.cyberark.com\/de\/solutions\/nerc-cip\/","title":{"rendered":"NERC CIP"},"content":{"rendered":"<div class=\"wpb-content-wrapper\"><p>[vc_row full_width=&#8220;stretch_row&#8220; content_placement=&#8220;top&#8220; css=&#8220;.vc_custom_1537199219328{background-image: url(https:\/\/www.cyberark.com\/wp-content\/uploads\/2018\/09\/CYB_GEN_Hero_2880x1536.jpg) !important;background-position: center !important;background-repeat: no-repeat !important;background-size: cover !important;}&#8220; el_class=&#8220;cyb-hero-section&#8220;][vc_column][vc_row_inner content_placement=&#8220;middle&#8220; el_class=&#8220;cyb-hero-header&#8220;][vc_column_inner el_class=&#8220;cyb-hero-header-text&#8220;][vc_custom_heading text=&#8220;NERC CIP&#8220; font_container=&#8220;tag:h1|text_align:left&#8220; use_theme_fonts=&#8220;yes&#8220;][vc_btn title=&#8220;WHITEPAPER&#8220; style=&#8220;custom&#8220; custom_background=&#8220;&#8220; custom_text=&#8220;#ffffff&#8220; shape=&#8220;square&#8220; link=&#8220;url:https%3A%2F%2Fwww.cyberark.com%2Fresources%2Fwhite-papers%2Fprotecting-the-grid-addressing-nerc-cip-requirements-for-securing-privileged-access|&#8220; el_class=&#8220;cyb-button large event-click&#8220; el_id=&#8220;NERC CIP Page: Download Whitepaper&#8220;][\/vc_column_inner][\/vc_row_inner][\/vc_column][\/vc_row][vc_row][vc_column css=&#8220;.vc_custom_1538259099844{padding-top: 2rem !important;padding-bottom: 2rem !important;}&#8220;][vc_column_text]<\/p>\n<h4>Privilegierten und Remote-Zugriff auf Stromnetz und Systeme von Stromversorgern sichern<\/h4>\n<p>Aufgrund der Gr\u00f6\u00dfe und Komplexit\u00e4t industrieller Steuerungssysteme kann es f\u00fcr Energieversorger eine Herausforderung bedeuten, NERC-Compliance f\u00fcr privilegierte Accounts zu erreichen. In Version 5 des Standards wurde der Umfang um neue Elemente und Anforderungen bei der Verwendung von privilegierten Accounts in kritischen Cyber-Systemen erweitert.<\/p>\n<p>CyberArk hat die richtigen L\u00f6sungen f\u00fcr Stromversorger im Angebot, damit sie die NERC-Anforderungen an die Kontrolle privilegierter Zugriffe, die Remote-Zugriff-Verwaltung und den Zugriffsentzug erf\u00fcllen k\u00f6nnen.\u00a0 In industriellen Steuerungssystemen (ICS) sch\u00fctzt <a href=\"https:\/\/www.cyberark.com\/de\/products\/privileged-account-security-solution\/privileged-session-manager\/\">CyberArk Privileged Account Security<\/a> sowohl den internen Zugriff als auch den Zugriff von Remote-Anbietern, damit alle Beteiligten sicher auf die Zielsysteme zugreifen k\u00f6nnen, ohne die Anmeldedaten privilegierter Accounts offenzulegen und neue Risiken in das Unternehmen einzuf\u00fchren. <a href=\"https:\/\/www.cyberark.com\/de\/products\/privileged-account-security-solution\/privileged-session-manager\/\">Die L\u00f6sung<\/a> l\u00e4sst sich in die verschiedenen Systeme, Ger\u00e4te und Anwendungen im Unternehmen integrieren und sorgt f\u00fcr Verantwortlichkeit, Betriebseffizienz und einen zugriffssicheren Audit-Trail in der gesamten industriellen Steuerungsinfrastruktur.<\/p>\n<p><strong>Vorteile<\/strong>:<\/p>\n<ul>\n<li>Erreichen von NERC-CIP-Compliance durch Gew\u00e4hrleistung von Verantwortlichkeit bei jeder Verwendung von privilegierten oder gemeinsamen Accounts<\/li>\n<li>Sicherer Remote-Zugriff f\u00fcr externe Auftragnehmer mit <a href=\"https:\/\/www.cyberark.com\/de\/products\/privileged-account-security-solution\/privileged-session-manager\/\"> Echtzeit-Session-Monitoring<\/a><\/li>\n<li>Aufzeichnung privilegierter Sessions f\u00fcr kontextbasierte Wiedergabe<\/li>\n<li><a href=\"https:\/\/www.cyberark.com\/de\/products\/privileged-account-security-solution\/privileged-session-manager\/\">Isolieren Sie privilegierte Sessions<\/a> und sch\u00fctzen sie gezielt vor ausgekl\u00fcgelten Angriffen ohne Offenlegung der privilegierten Anmeldedaten<\/li>\n<li>Sichere Speicherung von privilegierten Anmeldedaten und Session-Aufzeichnungen in einem zugriffssicheren, patentierten <a href=\"https:\/\/www.cyberark.com\/de\/products\/privileged-account-security-solution\/\">Digital Vault<\/a><\/li>\n<li>Zentrale Durchsetzung von Richtlinien und Workflows f\u00fcr Zugriffe mit flexibler Unterst\u00fctzung unterschiedlichster Gesch\u00e4ftsprozesse<\/li>\n<li>Pr\u00fcfung und \u00dcberwachung privilegierter Accounts und Aktivit\u00e4ten mit integrierten oder benutzerdefinierten Berichten<\/li>\n<\/ul>\n<p>[\/vc_column_text][\/vc_column][\/vc_row][vc_row full_width=&#8220;stretch_row&#8220; css=&#8220;.vc_custom_1537546226715{padding-top: 2rem !important;}&#8220;][vc_column width=&#8220;1\/12&#8243;][\/vc_column][vc_column width=&#8220;5\/6&#8243; css=&#8220;.vc_custom_1534353344275{padding-bottom: 1.25rem !important;}&#8220;][vc_custom_heading text=&#8220;RESSOURCEN&#8220; font_container=&#8220;tag:h2|text_align:center|color:%23414042&#8243; use_theme_fonts=&#8220;yes&#8220; el_class=&#8220;cyb-ltr-spc-6&#8243;][\/vc_column][vc_column width=&#8220;1\/12&#8243;][\/vc_column][\/vc_row][vc_row][vc_column][vc_raw_html]PCEtLSBVYmVyZmxpcCBFbWJlZGRlZCBIdWIgV2lkZ2V0IC0tPg0KDQo8ZGl2IGlkPSJVZkVtYmVkZGVkSHViMTU5NTAxMjI5OTI3OCI+PC9kaXY+DQoNCjxzY3JpcHQ+DQp3aW5kb3cuX3VmSHViQ29uZmlnID0gd2luZG93Ll91Zkh1YkNvbmZpZyB8fCBbXTsNCndpbmRvdy5fdWZIdWJDb25maWcucHVzaCh7DQogICdjb250YWluZXJzJzp7J2FwcCc6JyNVZkVtYmVkZGVkSHViMTU5NTAxMjI5OTI3OCd9LA0KICAnY29sbGVjdGlvbic6ICc3MDIwMjEzJywNCiAgJ29wZW5MaW5rJzpmdW5jdGlvbih1cmwpew0KICAgIHdpbmRvdy50b3AubG9jYXRpb24uaHJlZj11cmw7DQogIH0sDQogICdsYXp5bG9hZGVyJzp7DQogICAgJ2l0ZW1EaXNwbGF5TGltaXQnOjIwLA0KICAgICdtYXhUaWxlc1BlclJvdyc6NCwNCiAgICAnbWF4SXRlbXNUb3RhbCc6IDQNCiAgfSwNCiAgJ3RpbGVTaXplJzogJ21lZGl1bScsDQogICdlbmFibGVQYWdlVHJhY2tpbmcnOmZhbHNlLA0KICAnYmFzZVVybCc6ICdodHRwczovL3d3dy5jeWJlcmFyay5jb20vZGUvcmVzb3VyY2VzLycsDQogICdmaWxlc1VybCc6ICdodHRwczovL3d3dy5jeWJlcmFyay5jb20vZGUvcmVzb3VyY2VzLycsDQogICdnZW5lcmF0ZWRBdFVUQyc6ICcyMDIwLTA3LTE3IDE4OjU3OjQ1JywNCn0pOw0KPC9zY3JpcHQ+DQoNCjxzY3JpcHQ+KGZ1bmN0aW9uKGQsdCx1KSB7DQogIGZ1bmN0aW9uIGxvYWQoKXsNCiAgICB2YXIgcz1kLmNyZWF0ZUVsZW1lbnQodCk7cy5zcmM9dTtkLmJvZHkuYXBwZW5kQ2hpbGQocyk7DQogIH0NCiAgaWYgKHdpbmRvdy5hZGRFdmVudExpc3RlbmVyKSB7DQogICAgd2luZG93LmFkZEV2ZW50TGlzdGVuZXIoJ2xvYWQnLGxvYWQsZmFsc2UpOw0KICB9DQogIGVsc2UgaWYgKHdpbmRvdy5hdHRhY2hFdmVudCkgew0KICAgIHdpbmRvdy5hdHRhY2hFdmVudCgnb25sb2FkJyxsb2FkKTsNCiAgfQ0KICBlbHNlew0KICAgIHdpbmRvdy5vbmxvYWQ9bG9hZDsNCiAgfQ0KfShkb2N1bWVudCwnc2NyaXB0JywnaHR0cHM6Ly93d3cuY3liZXJhcmsuY29tL2RlL3Jlc291cmNlcy9odWJzRnJvbnQvZW1iZWRfY29sbGVjdGlvbicpKTsNCjwvc2NyaXB0Pg0KPCEtLSAvRW5kIFViZXJmbGlwIEVtYmVkZGVkIEh1YiBXaWRnZXQgLS0+[\/vc_raw_html][\/vc_column][\/vc_row][vc_row full_width=&#8220;stretch_row&#8220;][vc_column css=&#8220;.vc_custom_1537546542206{padding-bottom: 3.125rem !important;}&#8220; el_class=&#8220;cyb-center&#8220;][vc_btn title=&#8220;WEITERE RESSOURCEN&#8220; style=&#8220;custom&#8220; custom_background=&#8220;&#8220; custom_text=&#8220;#414042&#8243; shape=&#8220;square&#8220; link=&#8220;url:https%3A%2F%2Fwww.cyberark.com%2Fde%2Fresources%2F|&#8220; el_class=&#8220;cyb-button&#8220;][\/vc_column][\/vc_row]<\/p>\n<\/div>","protected":false},"excerpt":{"rendered":"<p>[vc_row full_width=&#8220;stretch_row&#8220; content_placement=&#8220;top&#8220; css=&#8220;.vc_custom_1537199219328{background-image: url(https:\/\/www.cyberark.com\/wp-content\/uploads\/2018\/09\/CYB_GEN_Hero_2880x1536.jpg) !important;background-position: center !important;background-repeat: no-repeat !important;background-size: cover !important;}&#8220; el_class=&#8220;cyb-hero-section&#8220;][vc_column][vc_row_inner content_placement=&#8220;middle&#8220; el_class=&#8220;cyb-hero-header&#8220;][vc_column_inner el_class=&#8220;cyb-hero-header-text&#8220;][vc_custom_heading text=&#8220;NERC CIP&#8220; font_container=&#8220;tag:h1|text_align:left&#8220; use_theme_fonts=&#8220;yes&#8220;][vc_btn title=&#8220;WHITEPAPER&#8220; style=&#8220;custom&#8220; custom_background=&#8220;&#8220; custom_text=&#8220;#ffffff&#8220; shape=&#8220;square&#8220; link=&#8220;url:https%3A%2F%2Fwww.cyberark.com%2Fresources%2Fwhite-papers%2Fprotecting-the-grid-addressing-nerc-cip-requirements-for-securing-privileged-access|&#8220; el_class=&#8220;cyb-button large event-click&#8220; el_id=&#8220;NERC CIP Page: Download Whitepaper&#8220;][\/vc_column_inner][\/vc_row_inner][\/vc_column][\/vc_row][vc_row][vc_column css=&#8220;.vc_custom_1538259099844{padding-top:&#8230;<\/p>\n","protected":false},"author":17,"featured_media":0,"parent":32302,"menu_order":0,"comment_status":"closed","ping_status":"closed","template":"","meta":{"_acf_changed":false,"inline_featured_image":false,"footnotes":""},"product_category":[],"class_list":["post-32218","page","type-page","status-publish","hentry"],"acf":[],"yoast_head":"<!-- This site is optimized with the Yoast SEO Premium plugin v27.2 (Yoast SEO v27.2) - https:\/\/yoast.com\/product\/yoast-seo-premium-wordpress\/ -->\n<title>NERC-CIP-Compliance: CyberArk L\u00f6sungen f\u00fcr NERC CIP<\/title>\n<meta name=\"description\" content=\"Die CyberArk-L\u00f6sungen f\u00fcr Versorgungsunternehmen bieten sicheren privilegierten und Remote-Zugriff auf Stromnetz und Systeme zur Erf\u00fcllung der NERC-CIP-Anforderungen.\" \/>\n<meta name=\"robots\" content=\"index, follow, max-snippet:-1, max-image-preview:large, max-video-preview:-1\" \/>\n<link rel=\"canonical\" href=\"https:\/\/www.cyberark.com\/solutions\/federal-government-solutions__trashed\/nerc-cip\/\" \/>\n<meta property=\"og:locale\" content=\"de_DE\" \/>\n<meta property=\"og:type\" content=\"article\" \/>\n<meta property=\"og:title\" content=\"NERC CIP\" \/>\n<meta property=\"og:description\" content=\"Die CyberArk-L\u00f6sungen f\u00fcr Versorgungsunternehmen bieten sicheren privilegierten und Remote-Zugriff auf Stromnetz und Systeme zur Erf\u00fcllung der NERC-CIP-Anforderungen.\" \/>\n<meta property=\"og:url\" content=\"https:\/\/www.cyberark.com\/solutions\/federal-government-solutions__trashed\/nerc-cip\/\" \/>\n<meta property=\"og:site_name\" content=\"CyberArk\" \/>\n<meta property=\"article:publisher\" content=\"https:\/\/www.facebook.com\/CyberArk\/\" \/>\n<meta property=\"article:modified_time\" content=\"2020-07-27T20:18:57+00:00\" \/>\n<meta property=\"og:image\" content=\"https:\/\/www.cyberark.com\/wp-content\/uploads\/2022\/09\/CYBR-gradient-bg-og-120x627-01-1024x535.png\" \/>\n\t<meta property=\"og:image:width\" content=\"1024\" \/>\n\t<meta property=\"og:image:height\" content=\"535\" \/>\n\t<meta property=\"og:image:type\" content=\"image\/png\" \/>\n<meta name=\"twitter:card\" content=\"summary_large_image\" \/>\n<meta name=\"twitter:site\" content=\"@CyberArk\" \/>\n<meta name=\"twitter:label1\" content=\"Gesch\u00e4tzte Lesezeit\" \/>\n\t<meta name=\"twitter:data1\" content=\"3 Minuten\" \/>\n<script type=\"application\/ld+json\" class=\"yoast-schema-graph\">{\"@context\":\"https:\/\/schema.org\",\"@graph\":[{\"@type\":\"WebPage\",\"@id\":\"https:\/\/www.cyberark.com\/solutions\/federal-government-solutions__trashed\/nerc-cip\/\",\"url\":\"https:\/\/www.cyberark.com\/solutions\/federal-government-solutions__trashed\/nerc-cip\/\",\"name\":\"NERC-CIP-Compliance: CyberArk L\u00f6sungen f\u00fcr NERC CIP\",\"isPartOf\":{\"@id\":\"https:\/\/www.cyberark.com\/#website\"},\"datePublished\":\"2017-06-22T12:35:50+00:00\",\"dateModified\":\"2020-07-27T20:18:57+00:00\",\"description\":\"Die CyberArk-L\u00f6sungen f\u00fcr Versorgungsunternehmen bieten sicheren privilegierten und Remote-Zugriff auf Stromnetz und Systeme zur Erf\u00fcllung der NERC-CIP-Anforderungen.\",\"breadcrumb\":{\"@id\":\"https:\/\/www.cyberark.com\/solutions\/federal-government-solutions__trashed\/nerc-cip\/#breadcrumb\"},\"inLanguage\":\"de-DE\",\"potentialAction\":[{\"@type\":\"ReadAction\",\"target\":[\"https:\/\/www.cyberark.com\/solutions\/federal-government-solutions__trashed\/nerc-cip\/\"]}]},{\"@type\":\"BreadcrumbList\",\"@id\":\"https:\/\/www.cyberark.com\/solutions\/federal-government-solutions__trashed\/nerc-cip\/#breadcrumb\",\"itemListElement\":[{\"@type\":\"ListItem\",\"position\":1,\"name\":\"Home\",\"item\":\"https:\/\/www.cyberark.com\/\"},{\"@type\":\"ListItem\",\"position\":2,\"name\":\"L\u00f6sungen f\u00fcr Identity Security\",\"item\":\"https:\/\/www.cyberark.com\/solutions\/\"},{\"@type\":\"ListItem\",\"position\":3,\"name\":\"NERC CIP\"}]},{\"@type\":\"WebSite\",\"@id\":\"https:\/\/www.cyberark.com\/#website\",\"url\":\"https:\/\/www.cyberark.com\/\",\"name\":\"CyberArk\",\"description\":\"\",\"publisher\":{\"@id\":\"https:\/\/www.cyberark.com\/#organization\"},\"potentialAction\":[{\"@type\":\"SearchAction\",\"target\":{\"@type\":\"EntryPoint\",\"urlTemplate\":\"https:\/\/www.cyberark.com\/?s={search_term_string}\"},\"query-input\":{\"@type\":\"PropertyValueSpecification\",\"valueRequired\":true,\"valueName\":\"search_term_string\"}}],\"inLanguage\":\"de-DE\"},{\"@type\":\"Organization\",\"@id\":\"https:\/\/www.cyberark.com\/#organization\",\"name\":\"CyberArk Software\",\"url\":\"https:\/\/www.cyberark.com\/\",\"logo\":{\"@type\":\"ImageObject\",\"inLanguage\":\"de-DE\",\"@id\":\"https:\/\/www.cyberark.com\/#\/schema\/logo\/image\/\",\"url\":\"https:\/\/www.cyberark.com\/wp-content\/uploads\/2021\/02\/cyberark-logo-dark.svg\",\"contentUrl\":\"https:\/\/www.cyberark.com\/wp-content\/uploads\/2021\/02\/cyberark-logo-dark.svg\",\"width\":\"1024\",\"height\":\"1024\",\"caption\":\"CyberArk Software\"},\"image\":{\"@id\":\"https:\/\/www.cyberark.com\/#\/schema\/logo\/image\/\"},\"sameAs\":[\"https:\/\/www.facebook.com\/CyberArk\/\",\"https:\/\/x.com\/CyberArk\",\"https:\/\/www.linkedin.com\/company\/cyber-ark-software\/\"]}]}<\/script>\n<!-- \/ Yoast SEO Premium plugin. -->","yoast_head_json":{"title":"NERC-CIP-Compliance: CyberArk L\u00f6sungen f\u00fcr NERC CIP","description":"Die CyberArk-L\u00f6sungen f\u00fcr Versorgungsunternehmen bieten sicheren privilegierten und Remote-Zugriff auf Stromnetz und Systeme zur Erf\u00fcllung der NERC-CIP-Anforderungen.","robots":{"index":"index","follow":"follow","max-snippet":"max-snippet:-1","max-image-preview":"max-image-preview:large","max-video-preview":"max-video-preview:-1"},"canonical":"https:\/\/www.cyberark.com\/solutions\/federal-government-solutions__trashed\/nerc-cip\/","og_locale":"de_DE","og_type":"article","og_title":"NERC CIP","og_description":"Die CyberArk-L\u00f6sungen f\u00fcr Versorgungsunternehmen bieten sicheren privilegierten und Remote-Zugriff auf Stromnetz und Systeme zur Erf\u00fcllung der NERC-CIP-Anforderungen.","og_url":"https:\/\/www.cyberark.com\/solutions\/federal-government-solutions__trashed\/nerc-cip\/","og_site_name":"CyberArk","article_publisher":"https:\/\/www.facebook.com\/CyberArk\/","article_modified_time":"2020-07-27T20:18:57+00:00","og_image":[{"width":1024,"height":535,"url":"https:\/\/www.cyberark.com\/wp-content\/uploads\/2022\/09\/CYBR-gradient-bg-og-120x627-01-1024x535.png","type":"image\/png"}],"twitter_card":"summary_large_image","twitter_site":"@CyberArk","twitter_misc":{"Gesch\u00e4tzte Lesezeit":"3 Minuten"},"schema":{"@context":"https:\/\/schema.org","@graph":[{"@type":"WebPage","@id":"https:\/\/www.cyberark.com\/solutions\/federal-government-solutions__trashed\/nerc-cip\/","url":"https:\/\/www.cyberark.com\/solutions\/federal-government-solutions__trashed\/nerc-cip\/","name":"NERC-CIP-Compliance: CyberArk L\u00f6sungen f\u00fcr NERC CIP","isPartOf":{"@id":"https:\/\/www.cyberark.com\/#website"},"datePublished":"2017-06-22T12:35:50+00:00","dateModified":"2020-07-27T20:18:57+00:00","description":"Die CyberArk-L\u00f6sungen f\u00fcr Versorgungsunternehmen bieten sicheren privilegierten und Remote-Zugriff auf Stromnetz und Systeme zur Erf\u00fcllung der NERC-CIP-Anforderungen.","breadcrumb":{"@id":"https:\/\/www.cyberark.com\/solutions\/federal-government-solutions__trashed\/nerc-cip\/#breadcrumb"},"inLanguage":"de-DE","potentialAction":[{"@type":"ReadAction","target":["https:\/\/www.cyberark.com\/solutions\/federal-government-solutions__trashed\/nerc-cip\/"]}]},{"@type":"BreadcrumbList","@id":"https:\/\/www.cyberark.com\/solutions\/federal-government-solutions__trashed\/nerc-cip\/#breadcrumb","itemListElement":[{"@type":"ListItem","position":1,"name":"Home","item":"https:\/\/www.cyberark.com\/"},{"@type":"ListItem","position":2,"name":"L\u00f6sungen f\u00fcr Identity Security","item":"https:\/\/www.cyberark.com\/solutions\/"},{"@type":"ListItem","position":3,"name":"NERC CIP"}]},{"@type":"WebSite","@id":"https:\/\/www.cyberark.com\/#website","url":"https:\/\/www.cyberark.com\/","name":"CyberArk","description":"","publisher":{"@id":"https:\/\/www.cyberark.com\/#organization"},"potentialAction":[{"@type":"SearchAction","target":{"@type":"EntryPoint","urlTemplate":"https:\/\/www.cyberark.com\/?s={search_term_string}"},"query-input":{"@type":"PropertyValueSpecification","valueRequired":true,"valueName":"search_term_string"}}],"inLanguage":"de-DE"},{"@type":"Organization","@id":"https:\/\/www.cyberark.com\/#organization","name":"CyberArk Software","url":"https:\/\/www.cyberark.com\/","logo":{"@type":"ImageObject","inLanguage":"de-DE","@id":"https:\/\/www.cyberark.com\/#\/schema\/logo\/image\/","url":"https:\/\/www.cyberark.com\/wp-content\/uploads\/2021\/02\/cyberark-logo-dark.svg","contentUrl":"https:\/\/www.cyberark.com\/wp-content\/uploads\/2021\/02\/cyberark-logo-dark.svg","width":"1024","height":"1024","caption":"CyberArk Software"},"image":{"@id":"https:\/\/www.cyberark.com\/#\/schema\/logo\/image\/"},"sameAs":["https:\/\/www.facebook.com\/CyberArk\/","https:\/\/x.com\/CyberArk","https:\/\/www.linkedin.com\/company\/cyber-ark-software\/"]}]}},"_links":{"self":[{"href":"https:\/\/www.cyberark.com\/de\/wp-json\/wp\/v2\/pages\/32218","targetHints":{"allow":["GET"]}}],"collection":[{"href":"https:\/\/www.cyberark.com\/de\/wp-json\/wp\/v2\/pages"}],"about":[{"href":"https:\/\/www.cyberark.com\/de\/wp-json\/wp\/v2\/types\/page"}],"author":[{"embeddable":true,"href":"https:\/\/www.cyberark.com\/de\/wp-json\/wp\/v2\/users\/17"}],"replies":[{"embeddable":true,"href":"https:\/\/www.cyberark.com\/de\/wp-json\/wp\/v2\/comments?post=32218"}],"version-history":[{"count":0,"href":"https:\/\/www.cyberark.com\/de\/wp-json\/wp\/v2\/pages\/32218\/revisions"}],"up":[{"embeddable":true,"href":"https:\/\/www.cyberark.com\/de\/wp-json\/wp\/v2\/pages\/32302"}],"wp:attachment":[{"href":"https:\/\/www.cyberark.com\/de\/wp-json\/wp\/v2\/media?parent=32218"}],"wp:term":[{"taxonomy":"product_category","embeddable":true,"href":"https:\/\/www.cyberark.com\/de\/wp-json\/wp\/v2\/product_category?post=32218"}],"curies":[{"name":"wp","href":"https:\/\/api.w.org\/{rel}","templated":true}]}}