{"id":32242,"date":"2017-06-22T07:52:31","date_gmt":"2017-06-22T11:52:31","guid":{"rendered":"https:\/\/www.cyberark.com\/sarbanes-oxley\/"},"modified":"2020-07-17T10:37:21","modified_gmt":"2020-07-17T14:37:21","slug":"sarbanes-oxley","status":"publish","type":"page","link":"https:\/\/www.cyberark.com\/de\/solutions\/audit-compliance\/sarbanes-oxley\/","title":{"rendered":"Sarbanes Oxley (SOX)"},"content":{"rendered":"<div class=\"wpb-content-wrapper\"><p>[vc_row full_width=&#8220;stretch_row&#8220; content_placement=&#8220;top&#8220; css=&#8220;.vc_custom_1537365138136{background-image: url(https:\/\/www.cyberark.com\/wp-content\/uploads\/2018\/09\/mas-trm-hero.jpg?id=26780) !important;background-position: center !important;background-repeat: no-repeat !important;background-size: cover !important;}&#8220; el_class=&#8220;cyb-hero-section&#8220;][vc_column][vc_row_inner content_placement=&#8220;middle&#8220; el_class=&#8220;cyb-hero-header&#8220;][vc_column_inner el_class=&#8220;cyb-hero-header-text&#8220;][vc_custom_heading text=&#8220;SARBANES OXLEY (SOX)&#8220; font_container=&#8220;tag:h1|text_align:left&#8220; use_theme_fonts=&#8220;yes&#8220;][vc_custom_heading text=&#8220;Interne Kontrollen und Berichterstattungsanforderungen f\u00fcr SOX-Compliance durchsetzen.&#8220; font_container=&#8220;tag:h3|text_align:left&#8220; use_theme_fonts=&#8220;yes&#8220; el_class=&#8220;light&#8220;][vc_btn title=&#8220;WHITEPAPER HERUNTERLADEN&#8220; style=&#8220;custom&#8220; custom_background=&#8220;&#8220; custom_text=&#8220;#ffffff&#8220; shape=&#8220;square&#8220; link=&#8220;url:https%3A%2F%2Fwww.cyberark.com%2Fde%2Fresource%2Fprotecting-financial-information-sarbanes-oxley%2F|&#8220; el_class=&#8220;cyb-button xlarge event-click&#8220; el_id=&#8220;SOX Page: Download Whitepaper&#8220;][\/vc_column_inner][\/vc_row_inner][\/vc_column][\/vc_row][vc_row][vc_column css=&#8220;.vc_custom_1537365220235{padding-top: 2.25rem !important;padding-bottom: 2.25rem !important;}&#8220;][vc_column_text css=&#8220;.vc_custom_1538666077508{padding-bottom: 1.875rem !important;}&#8220;]<\/p>\n<p>Unternehmen, die dem Sarbanes-Oxley-Gesetz (SOX) unterliegen, sehen sich hinsichtlich Compliance mit noch nie dagewesenen Herausforderungen konfrontiert. Auch wenn die Einhaltung des Sarbanes-Oxley-Gesetzes mehr umfasst als nur die Implementierung von Technologie, bieten die CyberArk L\u00f6sungen f\u00fcr Privileged-Account-Schutz, Verantwortlichkeit und Informationen nachweislich die Beweise und Kontrollen, die laut Abschnitt\u00a0404 erforderlich sind, und werden von internen Bewertungs-Frameworks wie COSO und COBIT unterst\u00fctzt.<\/p>\n<p>Um die Wirksamkeit interner Kontrollen bei Finanzberichten zu gew\u00e4hrleisten, m\u00fcssen Unternehmen Betrug, Materialschw\u00e4che und interne Kontrolldefizite im Lebenszyklus von Informationen im Zusammenhang mit Sarbanes Oxley aufdecken und kontrollieren. Diese Art von Informationen ist h\u00e4ufig einem Risiko ausgesetzt, da viele Mitarbeiter innerhalb des Unternehmens privilegierten Zugriff auf die Systeme genie\u00dfen, in denen diese Daten gespeichert werden. Neben den Insidern, die Zugriff haben, haben es Angreifer auf diese privilegierten Anmeldedaten abgesehen, um sich Zugriff auf entscheidende Gesch\u00e4ftsbereiche zu verschaffen und Daten zu stehlen.<\/p>\n<p>Die CyberArk L\u00f6sungen setzen die internen Kontrollen und Berichterstattungsanforderungen zur Erf\u00fcllung der SOX-Compliance durch und gehen \u00fcber die simple Einhaltung der Rollen hinaus, indem von innen heraus ein Sicherheitsansatz implementiert wird, der beim Schutz der gesch\u00e4ftskritischen Informationen zu einem wesentlichen Teil des Unternehmens wird.<\/p>\n<p>[\/vc_column_text][vc_custom_heading text=&#8220;VORTEILE DER INTEGRIERTEN L\u00d6SUNG.&#8220; font_container=&#8220;tag:h3|text_align:left&#8220; use_theme_fonts=&#8220;yes&#8220; el_class=&#8220;cyb-ltr-spc-6&#8243;][vc_column_text el_class=&#8220;cyb-ltr-spc-6&#8243;]<\/p>\n<ul>\n<li>Durchsetzung strenger und gezielter Zugriffssteuerungen und Workflows basierend auf einer Pflichtentrennung<\/li>\n<li>Verantwortlichkeit und manipulationssicherer, detaillierter Audit-Trail f\u00fcr SOX-Berichte zu privilegierter Aktivit\u00e4t<\/li>\n<li>\u00dcberwachung und Aufzeichnung der privilegierten Aktivit\u00e4t f\u00fcr Echtzeitwarnungen oder forensische Analysen<\/li>\n<li>Mehrschichtiges, sicheres Repository zum Schutz von Daten bei der \u00dcbertragung und im Ruhezustand<\/li>\n<\/ul>\n<p>[\/vc_column_text][\/vc_column][\/vc_row][vc_row full_width=&#8220;stretch_row&#8220; css=&#8220;.vc_custom_1537206690510{padding-top: 2rem !important;background-color: #f1f2f2 !important;}&#8220;][vc_column width=&#8220;1\/12&#8243;][\/vc_column][vc_column width=&#8220;5\/6&#8243; css=&#8220;.vc_custom_1534353344275{padding-bottom: 1.25rem !important;}&#8220;][vc_custom_heading text=&#8220;LIVE-DEMO ANFORDERN&#8220; font_container=&#8220;tag:h2|text_align:center|color:%23414042&#8243; use_theme_fonts=&#8220;yes&#8220; el_class=&#8220;cyb-ltr-spc-6&#8243;][\/vc_column][vc_column width=&#8220;1\/12&#8243;][\/vc_column][\/vc_row][vc_row full_width=&#8220;stretch_row&#8220; css=&#8220;.vc_custom_1537206699923{padding-bottom: 2.5rem !important;background-color: #f1f2f2 !important;}&#8220;][vc_column][vc_raw_html]W3JlcXVlc3RfZGVtb10=[\/vc_raw_html][\/vc_column][\/vc_row]<\/p>\n<\/div>","protected":false},"excerpt":{"rendered":"<p>[vc_row full_width=&#8220;stretch_row&#8220; content_placement=&#8220;top&#8220; css=&#8220;.vc_custom_1537365138136{background-image: url(https:\/\/www.cyberark.com\/wp-content\/uploads\/2018\/09\/mas-trm-hero.jpg?id=26780) !important;background-position: center !important;background-repeat: no-repeat !important;background-size: cover !important;}&#8220; el_class=&#8220;cyb-hero-section&#8220;][vc_column][vc_row_inner content_placement=&#8220;middle&#8220; el_class=&#8220;cyb-hero-header&#8220;][vc_column_inner el_class=&#8220;cyb-hero-header-text&#8220;][vc_custom_heading text=&#8220;SARBANES OXLEY (SOX)&#8220; font_container=&#8220;tag:h1|text_align:left&#8220; use_theme_fonts=&#8220;yes&#8220;][vc_custom_heading text=&#8220;Interne Kontrollen und Berichterstattungsanforderungen f\u00fcr SOX-Compliance durchsetzen.&#8220; font_container=&#8220;tag:h3|text_align:left&#8220; use_theme_fonts=&#8220;yes&#8220; el_class=&#8220;light&#8220;][vc_btn title=&#8220;WHITEPAPER HERUNTERLADEN&#8220; style=&#8220;custom&#8220; custom_background=&#8220;&#8220;&#8230;<\/p>\n","protected":false},"author":17,"featured_media":0,"parent":32278,"menu_order":0,"comment_status":"closed","ping_status":"closed","template":"","meta":{"_acf_changed":false,"inline_featured_image":false,"footnotes":""},"product_category":[],"class_list":["post-32242","page","type-page","status-publish","hentry"],"acf":[],"yoast_head":"<!-- This site is optimized with the Yoast SEO Premium plugin v27.2 (Yoast SEO v27.2) - https:\/\/yoast.com\/product\/yoast-seo-premium-wordpress\/ -->\n<title>SOX-Compliance: CyberArk Sicherheitsl\u00f6sungen f\u00fcr SOX<\/title>\n<meta name=\"description\" content=\"Die CyberArk Sarbanes Oxley Compliance-L\u00f6sungen setzen interne Kontrollen und Berichterstattungspflichten f\u00fcr SOX-Compliance durch.\" \/>\n<meta name=\"robots\" content=\"index, follow, max-snippet:-1, max-image-preview:large, max-video-preview:-1\" \/>\n<link rel=\"canonical\" href=\"https:\/\/www.cyberark.com\/de\/solutions\/audit-compliance\/sarbanes-oxley\/\" \/>\n<meta property=\"og:locale\" content=\"de_DE\" \/>\n<meta property=\"og:type\" content=\"article\" \/>\n<meta property=\"og:title\" content=\"Sarbanes Oxley (SOX)\" \/>\n<meta property=\"og:description\" content=\"Die CyberArk Sarbanes Oxley Compliance-L\u00f6sungen setzen interne Kontrollen und Berichterstattungspflichten f\u00fcr SOX-Compliance durch.\" \/>\n<meta property=\"og:url\" content=\"https:\/\/www.cyberark.com\/de\/solutions\/audit-compliance\/sarbanes-oxley\/\" \/>\n<meta property=\"og:site_name\" content=\"CyberArk\" \/>\n<meta property=\"article:publisher\" content=\"https:\/\/www.facebook.com\/CyberArk\/\" \/>\n<meta property=\"article:modified_time\" content=\"2020-07-17T14:37:21+00:00\" \/>\n<meta property=\"og:image\" content=\"https:\/\/www.cyberark.com\/wp-content\/uploads\/2022\/09\/CYBR-gradient-bg-og-120x627-01-1024x535.png\" \/>\n\t<meta property=\"og:image:width\" content=\"1024\" \/>\n\t<meta property=\"og:image:height\" content=\"535\" \/>\n\t<meta property=\"og:image:type\" content=\"image\/png\" \/>\n<meta name=\"twitter:card\" content=\"summary_large_image\" \/>\n<meta name=\"twitter:site\" content=\"@CyberArk\" \/>\n<meta name=\"twitter:label1\" content=\"Gesch\u00e4tzte Lesezeit\" \/>\n\t<meta name=\"twitter:data1\" content=\"3 Minuten\" \/>\n<script type=\"application\/ld+json\" class=\"yoast-schema-graph\">{\"@context\":\"https:\/\/schema.org\",\"@graph\":[{\"@type\":\"WebPage\",\"@id\":\"https:\/\/www.cyberark.com\/de\/solutions\/audit-compliance\/sarbanes-oxley\/\",\"url\":\"https:\/\/www.cyberark.com\/de\/solutions\/audit-compliance\/sarbanes-oxley\/\",\"name\":\"SOX-Compliance: CyberArk Sicherheitsl\u00f6sungen f\u00fcr SOX\",\"isPartOf\":{\"@id\":\"https:\/\/www.cyberark.com\/de\/#website\"},\"datePublished\":\"2017-06-22T11:52:31+00:00\",\"dateModified\":\"2020-07-17T14:37:21+00:00\",\"description\":\"Die CyberArk Sarbanes Oxley Compliance-L\u00f6sungen setzen interne Kontrollen und Berichterstattungspflichten f\u00fcr SOX-Compliance durch.\",\"breadcrumb\":{\"@id\":\"https:\/\/www.cyberark.com\/de\/solutions\/audit-compliance\/sarbanes-oxley\/#breadcrumb\"},\"inLanguage\":\"de-DE\",\"potentialAction\":[{\"@type\":\"ReadAction\",\"target\":[\"https:\/\/www.cyberark.com\/de\/solutions\/audit-compliance\/sarbanes-oxley\/\"]}]},{\"@type\":\"BreadcrumbList\",\"@id\":\"https:\/\/www.cyberark.com\/de\/solutions\/audit-compliance\/sarbanes-oxley\/#breadcrumb\",\"itemListElement\":[{\"@type\":\"ListItem\",\"position\":1,\"name\":\"Home\",\"item\":\"https:\/\/www.cyberark.com\/de\/\"},{\"@type\":\"ListItem\",\"position\":2,\"name\":\"L\u00f6sungen f\u00fcr Identity Security\",\"item\":\"https:\/\/www.cyberark.com\/de\/solutions\/\"},{\"@type\":\"ListItem\",\"position\":3,\"name\":\"Audit und Compliance\",\"item\":\"https:\/\/www.cyberark.com\/de\/solutions\/audit-compliance\/\"},{\"@type\":\"ListItem\",\"position\":4,\"name\":\"Sarbanes Oxley (SOX)\"}]},{\"@type\":\"WebSite\",\"@id\":\"https:\/\/www.cyberark.com\/de\/#website\",\"url\":\"https:\/\/www.cyberark.com\/de\/\",\"name\":\"CyberArk\",\"description\":\"\",\"publisher\":{\"@id\":\"https:\/\/www.cyberark.com\/de\/#organization\"},\"potentialAction\":[{\"@type\":\"SearchAction\",\"target\":{\"@type\":\"EntryPoint\",\"urlTemplate\":\"https:\/\/www.cyberark.com\/de\/?s={search_term_string}\"},\"query-input\":{\"@type\":\"PropertyValueSpecification\",\"valueRequired\":true,\"valueName\":\"search_term_string\"}}],\"inLanguage\":\"de-DE\"},{\"@type\":\"Organization\",\"@id\":\"https:\/\/www.cyberark.com\/de\/#organization\",\"name\":\"CyberArk Software\",\"url\":\"https:\/\/www.cyberark.com\/de\/\",\"logo\":{\"@type\":\"ImageObject\",\"inLanguage\":\"de-DE\",\"@id\":\"https:\/\/www.cyberark.com\/de\/#\/schema\/logo\/image\/\",\"url\":\"https:\/\/www.cyberark.com\/wp-content\/uploads\/2021\/02\/cyberark-logo-dark.svg\",\"contentUrl\":\"https:\/\/www.cyberark.com\/wp-content\/uploads\/2021\/02\/cyberark-logo-dark.svg\",\"width\":\"1024\",\"height\":\"1024\",\"caption\":\"CyberArk Software\"},\"image\":{\"@id\":\"https:\/\/www.cyberark.com\/de\/#\/schema\/logo\/image\/\"},\"sameAs\":[\"https:\/\/www.facebook.com\/CyberArk\/\",\"https:\/\/x.com\/CyberArk\",\"https:\/\/www.linkedin.com\/company\/cyber-ark-software\/\"]}]}<\/script>\n<!-- \/ Yoast SEO Premium plugin. -->","yoast_head_json":{"title":"SOX-Compliance: CyberArk Sicherheitsl\u00f6sungen f\u00fcr SOX","description":"Die CyberArk Sarbanes Oxley Compliance-L\u00f6sungen setzen interne Kontrollen und Berichterstattungspflichten f\u00fcr SOX-Compliance durch.","robots":{"index":"index","follow":"follow","max-snippet":"max-snippet:-1","max-image-preview":"max-image-preview:large","max-video-preview":"max-video-preview:-1"},"canonical":"https:\/\/www.cyberark.com\/de\/solutions\/audit-compliance\/sarbanes-oxley\/","og_locale":"de_DE","og_type":"article","og_title":"Sarbanes Oxley (SOX)","og_description":"Die CyberArk Sarbanes Oxley Compliance-L\u00f6sungen setzen interne Kontrollen und Berichterstattungspflichten f\u00fcr SOX-Compliance durch.","og_url":"https:\/\/www.cyberark.com\/de\/solutions\/audit-compliance\/sarbanes-oxley\/","og_site_name":"CyberArk","article_publisher":"https:\/\/www.facebook.com\/CyberArk\/","article_modified_time":"2020-07-17T14:37:21+00:00","og_image":[{"width":1024,"height":535,"url":"https:\/\/www.cyberark.com\/wp-content\/uploads\/2022\/09\/CYBR-gradient-bg-og-120x627-01-1024x535.png","type":"image\/png"}],"twitter_card":"summary_large_image","twitter_site":"@CyberArk","twitter_misc":{"Gesch\u00e4tzte Lesezeit":"3 Minuten"},"schema":{"@context":"https:\/\/schema.org","@graph":[{"@type":"WebPage","@id":"https:\/\/www.cyberark.com\/de\/solutions\/audit-compliance\/sarbanes-oxley\/","url":"https:\/\/www.cyberark.com\/de\/solutions\/audit-compliance\/sarbanes-oxley\/","name":"SOX-Compliance: CyberArk Sicherheitsl\u00f6sungen f\u00fcr SOX","isPartOf":{"@id":"https:\/\/www.cyberark.com\/de\/#website"},"datePublished":"2017-06-22T11:52:31+00:00","dateModified":"2020-07-17T14:37:21+00:00","description":"Die CyberArk Sarbanes Oxley Compliance-L\u00f6sungen setzen interne Kontrollen und Berichterstattungspflichten f\u00fcr SOX-Compliance durch.","breadcrumb":{"@id":"https:\/\/www.cyberark.com\/de\/solutions\/audit-compliance\/sarbanes-oxley\/#breadcrumb"},"inLanguage":"de-DE","potentialAction":[{"@type":"ReadAction","target":["https:\/\/www.cyberark.com\/de\/solutions\/audit-compliance\/sarbanes-oxley\/"]}]},{"@type":"BreadcrumbList","@id":"https:\/\/www.cyberark.com\/de\/solutions\/audit-compliance\/sarbanes-oxley\/#breadcrumb","itemListElement":[{"@type":"ListItem","position":1,"name":"Home","item":"https:\/\/www.cyberark.com\/de\/"},{"@type":"ListItem","position":2,"name":"L\u00f6sungen f\u00fcr Identity Security","item":"https:\/\/www.cyberark.com\/de\/solutions\/"},{"@type":"ListItem","position":3,"name":"Audit und Compliance","item":"https:\/\/www.cyberark.com\/de\/solutions\/audit-compliance\/"},{"@type":"ListItem","position":4,"name":"Sarbanes Oxley (SOX)"}]},{"@type":"WebSite","@id":"https:\/\/www.cyberark.com\/de\/#website","url":"https:\/\/www.cyberark.com\/de\/","name":"CyberArk","description":"","publisher":{"@id":"https:\/\/www.cyberark.com\/de\/#organization"},"potentialAction":[{"@type":"SearchAction","target":{"@type":"EntryPoint","urlTemplate":"https:\/\/www.cyberark.com\/de\/?s={search_term_string}"},"query-input":{"@type":"PropertyValueSpecification","valueRequired":true,"valueName":"search_term_string"}}],"inLanguage":"de-DE"},{"@type":"Organization","@id":"https:\/\/www.cyberark.com\/de\/#organization","name":"CyberArk Software","url":"https:\/\/www.cyberark.com\/de\/","logo":{"@type":"ImageObject","inLanguage":"de-DE","@id":"https:\/\/www.cyberark.com\/de\/#\/schema\/logo\/image\/","url":"https:\/\/www.cyberark.com\/wp-content\/uploads\/2021\/02\/cyberark-logo-dark.svg","contentUrl":"https:\/\/www.cyberark.com\/wp-content\/uploads\/2021\/02\/cyberark-logo-dark.svg","width":"1024","height":"1024","caption":"CyberArk Software"},"image":{"@id":"https:\/\/www.cyberark.com\/de\/#\/schema\/logo\/image\/"},"sameAs":["https:\/\/www.facebook.com\/CyberArk\/","https:\/\/x.com\/CyberArk","https:\/\/www.linkedin.com\/company\/cyber-ark-software\/"]}]}},"_links":{"self":[{"href":"https:\/\/www.cyberark.com\/de\/wp-json\/wp\/v2\/pages\/32242","targetHints":{"allow":["GET"]}}],"collection":[{"href":"https:\/\/www.cyberark.com\/de\/wp-json\/wp\/v2\/pages"}],"about":[{"href":"https:\/\/www.cyberark.com\/de\/wp-json\/wp\/v2\/types\/page"}],"author":[{"embeddable":true,"href":"https:\/\/www.cyberark.com\/de\/wp-json\/wp\/v2\/users\/17"}],"replies":[{"embeddable":true,"href":"https:\/\/www.cyberark.com\/de\/wp-json\/wp\/v2\/comments?post=32242"}],"version-history":[{"count":0,"href":"https:\/\/www.cyberark.com\/de\/wp-json\/wp\/v2\/pages\/32242\/revisions"}],"up":[{"embeddable":true,"href":"https:\/\/www.cyberark.com\/de\/wp-json\/wp\/v2\/pages\/32278"}],"wp:attachment":[{"href":"https:\/\/www.cyberark.com\/de\/wp-json\/wp\/v2\/media?parent=32242"}],"wp:term":[{"taxonomy":"product_category","embeddable":true,"href":"https:\/\/www.cyberark.com\/de\/wp-json\/wp\/v2\/product_category?post=32242"}],"curies":[{"name":"wp","href":"https:\/\/api.w.org\/{rel}","templated":true}]}}