{"id":32243,"date":"2017-06-22T07:51:19","date_gmt":"2017-06-22T11:51:19","guid":{"rendered":"https:\/\/www.cyberark.com\/mas-trm\/"},"modified":"2020-07-27T15:14:10","modified_gmt":"2020-07-27T19:14:10","slug":"mas-trm","status":"publish","type":"page","link":"https:\/\/www.cyberark.com\/de\/solutions\/audit-compliance\/mas-trm\/","title":{"rendered":"MAS TRM"},"content":{"rendered":"<div class=\"wpb-content-wrapper\"><p>[vc_row full_width=&#8220;stretch_row&#8220; content_placement=&#8220;top&#8220; css=&#8220;.vc_custom_1537365138136{background-image: url(https:\/\/www.cyberark.com\/wp-content\/uploads\/2018\/09\/aud-comp-hero.jpg?id=26743) !important;background-position: center !important;background-repeat: no-repeat !important;background-size: cover !important;}&#8220; el_class=&#8220;cyb-hero-section&#8220;][vc_column][vc_row_inner content_placement=&#8220;middle&#8220; el_class=&#8220;cyb-hero-header&#8220;][vc_column_inner el_class=&#8220;cyb-hero-header-text&#8220;][vc_custom_heading text=&#8220;MAS TRM&#8220; font_container=&#8220;tag:h1|text_align:left&#8220; use_theme_fonts=&#8220;yes&#8220;][vc_custom_heading text=&#8220;Sichern, verwalten und \u00fcberwachen Sie privilegierte Accounts zur Erf\u00fcllung der MAS-TRM-Richtlinien.&#8220; font_container=&#8220;tag:h3|text_align:left&#8220; use_theme_fonts=&#8220;yes&#8220;][vc_btn title=&#8220;WHITEPAPER HERUNTERLADEN&#8220; style=&#8220;custom&#8220; custom_background=&#8220;&#8220; custom_text=&#8220;#ffffff&#8220; shape=&#8220;square&#8220; link=&#8220;url:https%3A%2F%2Fwww.cyberark.com%2Fde%2Fresource%2Faddressing-monetary-authority-singapore-mas-technology-risk-management-trm-guidelines-cyberark-solutions%2F|&#8220; el_class=&#8220;cyb-button xlarge event-click&#8220; el_id=&#8220;MAS TRM Page: Download Whitepaper&#8220;][\/vc_column_inner][\/vc_row_inner][\/vc_column][\/vc_row][vc_row][vc_column css=&#8220;.vc_custom_1537365220235{padding-top: 2.25rem !important;padding-bottom: 2.25rem !important;}&#8220;][vc_column_text css=&#8220;.vc_custom_1537370496322{padding-bottom: 1.875rem !important;}&#8220;]Die Monetary Authority of Singapore (MAS) hat die IBTRM-Richtlinien (Risikomanagement f\u00fcr Internet-Banking-Technologien) angepasst und erweitert. Die Richtlinien wurden erstmals 2001 ver\u00f6ffentlicht, um Banken einen Risikomanagement-Framework f\u00fcr das Internet-Banking bereitzustellen. Aufgrund der Fortschritte bei der Informationstechnologie und der sich schnell ver\u00e4ndernden Gefahrenlandschaft hat die MAS die Richtlinien \u00fcberarbeitet, verbessert und in Technology-Risiko-Management-Richtlinien (TRM) umbenannt.<\/p>\n<p>Zu den Aktualisierungen bei MAS TRM geh\u00f6ren:<\/p>\n<ul>\n<li>Erweiterung auf alle Finanzinstitutionen, nicht nur Banken<\/li>\n<li>Anwendung auf alle IT-Systeme; dies ist eine Ausweitung der IBTRM, die nur f\u00fcr Systeme mit Online-Services galten<\/li>\n<li>Anwendung eines Hinweises, der rechtliche Anforderungen f\u00fcr Finanzinstitutionen (FIs) im Zusammenhang mit dem Technology Risiko Management enth\u00e4lt<\/li>\n<\/ul>\n<p>[\/vc_column_text][vc_custom_heading text=&#8220;MAS TRM UND PRIVILEGED-ACCOUNT-SICHERHEIT.&#8220; font_container=&#8220;tag:h3|text_align:left&#8220; use_theme_fonts=&#8220;yes&#8220; el_class=&#8220;cyb-ltr-spc-6&#8243;][vc_column_text el_class=&#8220;cyb-ltr-spc-6&#8243; css=&#8220;.vc_custom_1538745140873{padding-bottom: 1.875rem !important;}&#8220;]Privileged Accounts sind in allen IT-Systemen vorhanden und stellen eine der gr\u00f6\u00dften Sicherheitsl\u00fccken dar, mit denen Unternehmen heutzutage konfrontiert sind. Die MAS-TRM-Richtlinien enthalten einen speziellen Abschnitt zum Privileged-Access-Management mit Kontrollen wie der Einschr\u00e4nkung der Anzahl privilegierter Benutzer, der Erstellung eines Audit-Protokolls zu den Aktivit\u00e4ten privilegierter Benutzer und dem Verbot des Teilens von Privileged Accounts.<\/p>\n<p><a href=\"https:\/\/www.cyberark.com\/de\/products\/privileged-account-security-solution\/privileged-session-manager\/\">CyberArk L\u00f6sungen<\/a> sind an den MAS-TRM-Richtlinien f\u00fcr Privileged-Access-Management ausgerichtet und erm\u00f6glichen es FIs, starke Kontrollen f\u00fcr Privileged-Account-Sicherheit zu implementieren.[\/vc_column_text][vc_custom_heading text=&#8220;VORTEILE DER INTEGRIERTEN L\u00d6SUNG.&#8220; font_container=&#8220;tag:h3|text_align:left&#8220; use_theme_fonts=&#8220;yes&#8220; el_class=&#8220;cyb-ltr-spc-6&#8243;][vc_column_text el_class=&#8220;cyb-ltr-spc-6&#8243;]<\/p>\n<ul>\n<li>Manipulationssichere Audit-Protokolle und Session-\u00dcberwachung<\/li>\n<li>Flexibles Passwortrichtlinienmanagement, einschlie\u00dflich Alter und Komplexit\u00e4t von Passw\u00f6rtern sowie Versionierungsrichtlinien und Archivierung<\/li>\n<li>Anpassbare Anfrage-Workflows zur Genehmigung des Zugriffs auf Anmeldedaten, einschlie\u00dflich doppelter Kontrollen und Integration in Helpdesk-Ticketing-Systeme<\/li>\n<li>Automatisiertes Privileged Identity Management, einschlie\u00dflich Erkennung und Bereitstellung, strategiebasierte Passwort\u00e4nderungen und Zugriffskontrollen<\/li>\n<li>Kontinuierliche \u00dcberwachung f\u00fcr Schutz und Compliance ohne Auswirkungen auf das Gesch\u00e4ft<\/li>\n<li>Isolierte privilegierte Sessions f\u00fcr eine bessere Sicherheitsposition gegen Cyber-Angriffe<\/li>\n<\/ul>\n<p>[\/vc_column_text][\/vc_column][\/vc_row][vc_row full_width=&#8220;stretch_row&#8220; css=&#8220;.vc_custom_1537206690510{padding-top: 2rem !important;background-color: #f1f2f2 !important;}&#8220;][vc_column width=&#8220;1\/12&#8243;][\/vc_column][vc_column width=&#8220;5\/6&#8243; css=&#8220;.vc_custom_1534353344275{padding-bottom: 1.25rem !important;}&#8220;][vc_custom_heading text=&#8220;LIVE-DEMO ANFORDERN&#8220; font_container=&#8220;tag:h2|text_align:center|color:%23414042&#8243; use_theme_fonts=&#8220;yes&#8220; el_class=&#8220;cyb-ltr-spc-6&#8243;][\/vc_column][vc_column width=&#8220;1\/12&#8243;][\/vc_column][\/vc_row][vc_row full_width=&#8220;stretch_row&#8220; css=&#8220;.vc_custom_1537206699923{padding-bottom: 2.5rem !important;background-color: #f1f2f2 !important;}&#8220;][vc_column][vc_raw_html]W3JlcXVlc3RfZGVtb10=[\/vc_raw_html][\/vc_column][\/vc_row]<\/p>\n<\/div>","protected":false},"excerpt":{"rendered":"<p>[vc_row full_width=&#8220;stretch_row&#8220; content_placement=&#8220;top&#8220; css=&#8220;.vc_custom_1537365138136{background-image: url(https:\/\/www.cyberark.com\/wp-content\/uploads\/2018\/09\/aud-comp-hero.jpg?id=26743) !important;background-position: center !important;background-repeat: no-repeat !important;background-size: cover !important;}&#8220; el_class=&#8220;cyb-hero-section&#8220;][vc_column][vc_row_inner content_placement=&#8220;middle&#8220; el_class=&#8220;cyb-hero-header&#8220;][vc_column_inner el_class=&#8220;cyb-hero-header-text&#8220;][vc_custom_heading text=&#8220;MAS TRM&#8220; font_container=&#8220;tag:h1|text_align:left&#8220; use_theme_fonts=&#8220;yes&#8220;][vc_custom_heading text=&#8220;Sichern, verwalten und \u00fcberwachen Sie privilegierte Accounts zur Erf\u00fcllung der MAS-TRM-Richtlinien.&#8220; font_container=&#8220;tag:h3|text_align:left&#8220; use_theme_fonts=&#8220;yes&#8220;][vc_btn title=&#8220;WHITEPAPER HERUNTERLADEN&#8220;&#8230;<\/p>\n","protected":false},"author":17,"featured_media":0,"parent":32278,"menu_order":0,"comment_status":"closed","ping_status":"closed","template":"","meta":{"_acf_changed":false,"inline_featured_image":false,"footnotes":""},"product_category":[],"class_list":["post-32243","page","type-page","status-publish","hentry"],"acf":[],"yoast_head":"<!-- This site is optimized with the Yoast SEO Premium plugin v27.2 (Yoast SEO v27.2) - https:\/\/yoast.com\/product\/yoast-seo-premium-wordpress\/ -->\n<title>MAS-TRM: Privileged-Access-Management und -Sicherheit<\/title>\n<meta name=\"description\" content=\"Mit den CyberArk L\u00f6sungen k\u00f6nnen Finanzinstitutionen die MAS-TRM-Anforderungsrichtlinien im Zusammenhang mit Privileged-Access-Management erf\u00fcllen.\" \/>\n<meta name=\"robots\" content=\"index, follow, max-snippet:-1, max-image-preview:large, max-video-preview:-1\" \/>\n<link rel=\"canonical\" href=\"https:\/\/www.cyberark.com\/solutions\/audit-compliance\/mas-trm\/\" \/>\n<meta property=\"og:locale\" content=\"de_DE\" \/>\n<meta property=\"og:type\" content=\"article\" \/>\n<meta property=\"og:title\" content=\"MAS TRM\" \/>\n<meta property=\"og:description\" content=\"Mit den CyberArk L\u00f6sungen k\u00f6nnen Finanzinstitutionen die MAS-TRM-Anforderungsrichtlinien im Zusammenhang mit Privileged-Access-Management erf\u00fcllen.\" \/>\n<meta property=\"og:url\" content=\"https:\/\/www.cyberark.com\/solutions\/audit-compliance\/mas-trm\/\" \/>\n<meta property=\"og:site_name\" content=\"CyberArk\" \/>\n<meta property=\"article:publisher\" content=\"https:\/\/www.facebook.com\/CyberArk\/\" \/>\n<meta property=\"article:modified_time\" content=\"2020-07-27T19:14:10+00:00\" \/>\n<meta property=\"og:image\" content=\"https:\/\/www.cyberark.com\/wp-content\/uploads\/2022\/09\/CYBR-gradient-bg-og-120x627-01-1024x535.png\" \/>\n\t<meta property=\"og:image:width\" content=\"1024\" \/>\n\t<meta property=\"og:image:height\" content=\"535\" \/>\n\t<meta property=\"og:image:type\" content=\"image\/png\" \/>\n<meta name=\"twitter:card\" content=\"summary_large_image\" \/>\n<meta name=\"twitter:site\" content=\"@CyberArk\" \/>\n<meta name=\"twitter:label1\" content=\"Gesch\u00e4tzte Lesezeit\" \/>\n\t<meta name=\"twitter:data1\" content=\"3 Minuten\" \/>\n<script type=\"application\/ld+json\" class=\"yoast-schema-graph\">{\"@context\":\"https:\/\/schema.org\",\"@graph\":[{\"@type\":\"WebPage\",\"@id\":\"https:\/\/www.cyberark.com\/solutions\/audit-compliance\/mas-trm\/\",\"url\":\"https:\/\/www.cyberark.com\/solutions\/audit-compliance\/mas-trm\/\",\"name\":\"MAS-TRM: Privileged-Access-Management und -Sicherheit\",\"isPartOf\":{\"@id\":\"https:\/\/www.cyberark.com\/#website\"},\"datePublished\":\"2017-06-22T11:51:19+00:00\",\"dateModified\":\"2020-07-27T19:14:10+00:00\",\"description\":\"Mit den CyberArk L\u00f6sungen k\u00f6nnen Finanzinstitutionen die MAS-TRM-Anforderungsrichtlinien im Zusammenhang mit Privileged-Access-Management erf\u00fcllen.\",\"breadcrumb\":{\"@id\":\"https:\/\/www.cyberark.com\/solutions\/audit-compliance\/mas-trm\/#breadcrumb\"},\"inLanguage\":\"de-DE\",\"potentialAction\":[{\"@type\":\"ReadAction\",\"target\":[\"https:\/\/www.cyberark.com\/solutions\/audit-compliance\/mas-trm\/\"]}]},{\"@type\":\"BreadcrumbList\",\"@id\":\"https:\/\/www.cyberark.com\/solutions\/audit-compliance\/mas-trm\/#breadcrumb\",\"itemListElement\":[{\"@type\":\"ListItem\",\"position\":1,\"name\":\"Home\",\"item\":\"https:\/\/www.cyberark.com\/\"},{\"@type\":\"ListItem\",\"position\":2,\"name\":\"L\u00f6sungen f\u00fcr Identity Security\",\"item\":\"https:\/\/www.cyberark.com\/solutions\/\"},{\"@type\":\"ListItem\",\"position\":3,\"name\":\"Audit und Compliance\",\"item\":\"https:\/\/www.cyberark.com\/solutions\/audit-compliance\/\"},{\"@type\":\"ListItem\",\"position\":4,\"name\":\"MAS TRM\"}]},{\"@type\":\"WebSite\",\"@id\":\"https:\/\/www.cyberark.com\/#website\",\"url\":\"https:\/\/www.cyberark.com\/\",\"name\":\"CyberArk\",\"description\":\"\",\"publisher\":{\"@id\":\"https:\/\/www.cyberark.com\/#organization\"},\"potentialAction\":[{\"@type\":\"SearchAction\",\"target\":{\"@type\":\"EntryPoint\",\"urlTemplate\":\"https:\/\/www.cyberark.com\/?s={search_term_string}\"},\"query-input\":{\"@type\":\"PropertyValueSpecification\",\"valueRequired\":true,\"valueName\":\"search_term_string\"}}],\"inLanguage\":\"de-DE\"},{\"@type\":\"Organization\",\"@id\":\"https:\/\/www.cyberark.com\/#organization\",\"name\":\"CyberArk Software\",\"url\":\"https:\/\/www.cyberark.com\/\",\"logo\":{\"@type\":\"ImageObject\",\"inLanguage\":\"de-DE\",\"@id\":\"https:\/\/www.cyberark.com\/#\/schema\/logo\/image\/\",\"url\":\"https:\/\/www.cyberark.com\/wp-content\/uploads\/2021\/02\/cyberark-logo-dark.svg\",\"contentUrl\":\"https:\/\/www.cyberark.com\/wp-content\/uploads\/2021\/02\/cyberark-logo-dark.svg\",\"width\":\"1024\",\"height\":\"1024\",\"caption\":\"CyberArk Software\"},\"image\":{\"@id\":\"https:\/\/www.cyberark.com\/#\/schema\/logo\/image\/\"},\"sameAs\":[\"https:\/\/www.facebook.com\/CyberArk\/\",\"https:\/\/x.com\/CyberArk\",\"https:\/\/www.linkedin.com\/company\/cyber-ark-software\/\"]}]}<\/script>\n<!-- \/ Yoast SEO Premium plugin. -->","yoast_head_json":{"title":"MAS-TRM: Privileged-Access-Management und -Sicherheit","description":"Mit den CyberArk L\u00f6sungen k\u00f6nnen Finanzinstitutionen die MAS-TRM-Anforderungsrichtlinien im Zusammenhang mit Privileged-Access-Management erf\u00fcllen.","robots":{"index":"index","follow":"follow","max-snippet":"max-snippet:-1","max-image-preview":"max-image-preview:large","max-video-preview":"max-video-preview:-1"},"canonical":"https:\/\/www.cyberark.com\/solutions\/audit-compliance\/mas-trm\/","og_locale":"de_DE","og_type":"article","og_title":"MAS TRM","og_description":"Mit den CyberArk L\u00f6sungen k\u00f6nnen Finanzinstitutionen die MAS-TRM-Anforderungsrichtlinien im Zusammenhang mit Privileged-Access-Management erf\u00fcllen.","og_url":"https:\/\/www.cyberark.com\/solutions\/audit-compliance\/mas-trm\/","og_site_name":"CyberArk","article_publisher":"https:\/\/www.facebook.com\/CyberArk\/","article_modified_time":"2020-07-27T19:14:10+00:00","og_image":[{"width":1024,"height":535,"url":"https:\/\/www.cyberark.com\/wp-content\/uploads\/2022\/09\/CYBR-gradient-bg-og-120x627-01-1024x535.png","type":"image\/png"}],"twitter_card":"summary_large_image","twitter_site":"@CyberArk","twitter_misc":{"Gesch\u00e4tzte Lesezeit":"3 Minuten"},"schema":{"@context":"https:\/\/schema.org","@graph":[{"@type":"WebPage","@id":"https:\/\/www.cyberark.com\/solutions\/audit-compliance\/mas-trm\/","url":"https:\/\/www.cyberark.com\/solutions\/audit-compliance\/mas-trm\/","name":"MAS-TRM: Privileged-Access-Management und -Sicherheit","isPartOf":{"@id":"https:\/\/www.cyberark.com\/#website"},"datePublished":"2017-06-22T11:51:19+00:00","dateModified":"2020-07-27T19:14:10+00:00","description":"Mit den CyberArk L\u00f6sungen k\u00f6nnen Finanzinstitutionen die MAS-TRM-Anforderungsrichtlinien im Zusammenhang mit Privileged-Access-Management erf\u00fcllen.","breadcrumb":{"@id":"https:\/\/www.cyberark.com\/solutions\/audit-compliance\/mas-trm\/#breadcrumb"},"inLanguage":"de-DE","potentialAction":[{"@type":"ReadAction","target":["https:\/\/www.cyberark.com\/solutions\/audit-compliance\/mas-trm\/"]}]},{"@type":"BreadcrumbList","@id":"https:\/\/www.cyberark.com\/solutions\/audit-compliance\/mas-trm\/#breadcrumb","itemListElement":[{"@type":"ListItem","position":1,"name":"Home","item":"https:\/\/www.cyberark.com\/"},{"@type":"ListItem","position":2,"name":"L\u00f6sungen f\u00fcr Identity Security","item":"https:\/\/www.cyberark.com\/solutions\/"},{"@type":"ListItem","position":3,"name":"Audit und Compliance","item":"https:\/\/www.cyberark.com\/solutions\/audit-compliance\/"},{"@type":"ListItem","position":4,"name":"MAS TRM"}]},{"@type":"WebSite","@id":"https:\/\/www.cyberark.com\/#website","url":"https:\/\/www.cyberark.com\/","name":"CyberArk","description":"","publisher":{"@id":"https:\/\/www.cyberark.com\/#organization"},"potentialAction":[{"@type":"SearchAction","target":{"@type":"EntryPoint","urlTemplate":"https:\/\/www.cyberark.com\/?s={search_term_string}"},"query-input":{"@type":"PropertyValueSpecification","valueRequired":true,"valueName":"search_term_string"}}],"inLanguage":"de-DE"},{"@type":"Organization","@id":"https:\/\/www.cyberark.com\/#organization","name":"CyberArk Software","url":"https:\/\/www.cyberark.com\/","logo":{"@type":"ImageObject","inLanguage":"de-DE","@id":"https:\/\/www.cyberark.com\/#\/schema\/logo\/image\/","url":"https:\/\/www.cyberark.com\/wp-content\/uploads\/2021\/02\/cyberark-logo-dark.svg","contentUrl":"https:\/\/www.cyberark.com\/wp-content\/uploads\/2021\/02\/cyberark-logo-dark.svg","width":"1024","height":"1024","caption":"CyberArk Software"},"image":{"@id":"https:\/\/www.cyberark.com\/#\/schema\/logo\/image\/"},"sameAs":["https:\/\/www.facebook.com\/CyberArk\/","https:\/\/x.com\/CyberArk","https:\/\/www.linkedin.com\/company\/cyber-ark-software\/"]}]}},"_links":{"self":[{"href":"https:\/\/www.cyberark.com\/de\/wp-json\/wp\/v2\/pages\/32243","targetHints":{"allow":["GET"]}}],"collection":[{"href":"https:\/\/www.cyberark.com\/de\/wp-json\/wp\/v2\/pages"}],"about":[{"href":"https:\/\/www.cyberark.com\/de\/wp-json\/wp\/v2\/types\/page"}],"author":[{"embeddable":true,"href":"https:\/\/www.cyberark.com\/de\/wp-json\/wp\/v2\/users\/17"}],"replies":[{"embeddable":true,"href":"https:\/\/www.cyberark.com\/de\/wp-json\/wp\/v2\/comments?post=32243"}],"version-history":[{"count":0,"href":"https:\/\/www.cyberark.com\/de\/wp-json\/wp\/v2\/pages\/32243\/revisions"}],"up":[{"embeddable":true,"href":"https:\/\/www.cyberark.com\/de\/wp-json\/wp\/v2\/pages\/32278"}],"wp:attachment":[{"href":"https:\/\/www.cyberark.com\/de\/wp-json\/wp\/v2\/media?parent=32243"}],"wp:term":[{"taxonomy":"product_category","embeddable":true,"href":"https:\/\/www.cyberark.com\/de\/wp-json\/wp\/v2\/product_category?post=32243"}],"curies":[{"name":"wp","href":"https:\/\/api.w.org\/{rel}","templated":true}]}}