{"id":39442,"date":"2019-02-20T11:35:04","date_gmt":"2019-02-20T16:35:04","guid":{"rendered":"https:\/\/www.cyberark.com\/product-security\/"},"modified":"2023-12-08T08:09:04","modified_gmt":"2023-12-08T13:09:04","slug":"product-security","status":"publish","type":"page","link":"https:\/\/www.cyberark.com\/de\/product-security\/","title":{"rendered":"Produktsicherheit"},"content":{"rendered":"<div class=\"wpb-content-wrapper\"><p>[vc_row full_width=&#8220;stretch_row&#8220; el_class=&#8220;cybv2 int-hero-noimg dark&#8220;][vc_column width=&#8220;3\/4&#8243; el_class=&#8220;column-1&#8243;][vc_column_text]<\/p>\n<h1>CyberArk bulletins zur produktsicherheit<\/h1>\n<p>[\/vc_column_text][\/vc_column][\/vc_row][vc_row el_class=&#8220;cybv2 cybv2-pad-top text-md-center&#8220;][vc_column][vc_column_text el_class=&#8220;cybv2-pad-btm&#8220; css=&#8220;.vc_custom_1701169393494{padding-bottom: 20px !important;}&#8220;]<\/p>\n<h3 class=\"vc_custom_heading cyb-ltr-spc-6 vc_custom_1550095646903\">Bleiben sie auf dem laufenden<\/h3>\n<div class=\"wpb_text_column wpb_content_element vc_custom_1550871538546\">\n<div class=\"wpb_wrapper\">\n<p>Diese Seite enth\u00e4lt Informationen zu Sicherheitsl\u00fccken, die sich auf CyberArk-Produkte auswirken k\u00f6nnen. CyberArk ermutigt Benutzer nachdr\u00fccklich, sicherzustellen, dass sie relevante Patches rechtzeitig aktualisieren oder anwenden.<\/p>\n<p>CyberArk nimmt Produktsicherheit sehr ernst. Wenn Sie meinen, eine Sicherheitsl\u00fccke in einem unserer Produkte gefunden zu haben, bitten wir Sie, die Richtlinien zur verantwortungsvollen Offenlegung zu befolgen und <a class=\"ext-url\" href=\"mailto:product_security@cyberark.com\">product_security@cyberark.com<\/a>\u00a0zu kontaktieren, um mit uns an einer schnellen L\u00f6sung zum Schutz unserer Kunden zu arbeiten.<\/p>\n<\/div>\n<\/div>\n<p>[\/vc_column_text][vc_btn title=&#8220;Lesen Sie unsere Richtlinien&#8220; style=&#8220;custom&#8220; custom_background=&#8220;&#8220; custom_text=&#8220;&#8220; shape=&#8220;square&#8220; link=&#8220;url:https%3A%2F%2Fwww.cyberark.com%2Fcyberark-security-vulinerability-policy.pdf|&#8220; el_class=&#8220;cybv2-button-solid&#8220;][\/vc_column][\/vc_row][vc_row full_width=&#8220;stretch_row&#8220; el_class=&#8220;cybv2 cybv2-pad text-center&#8220;][vc_column][vc_column_text css=&#8220;.vc_custom_1701169516508{padding-bottom: 20px !important;}&#8220;]<\/p>\n<h3 class=\"vc_custom_heading vc_custom_1550858186777\">Neueste sicherheitsbulletins<\/h3>\n<div class=\"wpb_text_column wpb_content_element vc_custom_1550859075590\">\n<div class=\"wpb_wrapper\">\n<p>F\u00fcr weitere Details zu unseren Sicherheitsbulletins\u00a0<a class=\"ext-url\" href=\"https:\/\/cyberark.my.site.com\/s\/login\/\" target=\"_blank\" rel=\"noopener noreferrer\">melden Sie sich bitte an oder werden Sie Mitglied<\/a>\u00a0unserer technischen Community.<\/p>\n<\/div>\n<\/div>\n<p>[\/vc_column_text][vc_row_inner][vc_column_inner width=&#8220;1\/6&#8243; offset=&#8220;vc_col-sm-offset-4 vc_col-xs-6&#8243; css=&#8220;.vc_custom_1561728971210{padding-right: 0px !important;}&#8220;][vc_column_text css=&#8220;.vc_custom_1701169432891{padding-bottom: 20px !important;}&#8220;]<\/p>\n<h4 class=\"vc_custom_heading vc_custom_1550858186777\">Date<\/h4>\n<p>[\/vc_column_text][\/vc_column_inner][vc_column_inner width=&#8220;1\/6&#8243; css=&#8220;.vc_custom_1561728983798{padding-left: 0px !important;}&#8220; offset=&#8220;vc_col-xs-6&#8243;][vc_column_text css=&#8220;.vc_custom_1655316673613{padding-bottom: 20px !important;}&#8220;]<\/p>\n<h4 class=\"vc_custom_heading vc_custom_1550858186777\">ID<\/h4>\n<p>[\/vc_column_text][\/vc_column_inner][\/vc_row_inner][vc_row_inner][vc_column_inner width=&#8220;1\/3&#8243; offset=&#8220;vc_col-sm-offset-4&#8243;][vc_basic_grid post_type=&#8220;security_bulletin&#8220; max_items=&#8220;10&#8243; element_width=&#8220;12&#8243; gap=&#8220;1&#8243; item=&#8220;36838&#8243; initial_loading_animation=&#8220;none&#8220; grid_id=&#8220;vc_gid:1701169469098-42e0d8be-29de-0&#8243;][\/vc_column_inner][\/vc_row_inner][\/vc_column][\/vc_row][vc_row full_width=&#8220;stretch_row&#8220; el_class=&#8220;cybv2 cybv2_talk_to_an_expert&#8220; css=&#8220;.vc_custom_1608677118624{background-color: #061b2b !important;}&#8220;][vc_column][vc_column_text el_class=&#8220;extra-space&#8220;]<\/p>\n<h2 style=\"text-align: center;\">Anmelden oder unserer technischen community beitreten<\/h2>\n<p>[\/vc_column_text][vc_btn title=&#8220;Anmeldung&#8220; style=&#8220;custom&#8220; custom_background=&#8220;&#8220; custom_text=&#8220;&#8220; shape=&#8220;square&#8220; align=&#8220;center&#8220; link=&#8220;url:https%3A%2F%2Fcyberark.my.site.com%2Fs%2Flogin%2F|target:_blank|&#8220; el_class=&#8220;cybv2-button-solid cyb-button-hpstyle_section5&#8243;][\/vc_column][\/vc_row]<\/p>\n<\/div>","protected":false},"excerpt":{"rendered":"<p>[vc_row full_width=&#8220;stretch_row&#8220; el_class=&#8220;cybv2 int-hero-noimg dark&#8220;][vc_column width=&#8220;3\/4&#8243; el_class=&#8220;column-1&#8243;][vc_column_text] CyberArk bulletins zur produktsicherheit [\/vc_column_text][\/vc_column][\/vc_row][vc_row el_class=&#8220;cybv2 cybv2-pad-top text-md-center&#8220;][vc_column][vc_column_text el_class=&#8220;cybv2-pad-btm&#8220; css=&#8220;.vc_custom_1701169393494{padding-bottom: 20px !important;}&#8220;] Bleiben sie auf dem laufenden Diese Seite enth\u00e4lt Informationen zu Sicherheitsl\u00fccken, die sich auf CyberArk-Produkte auswirken&#8230;<\/p>\n","protected":false},"author":125,"featured_media":0,"parent":0,"menu_order":0,"comment_status":"closed","ping_status":"closed","template":"","meta":{"_acf_changed":false,"inline_featured_image":false,"footnotes":""},"product_category":[],"class_list":["post-39442","page","type-page","status-publish","hentry"],"acf":[],"yoast_head":"<!-- This site is optimized with the Yoast SEO Premium plugin v27.2 (Yoast SEO v27.2) - https:\/\/yoast.com\/product\/yoast-seo-premium-wordpress\/ -->\n<title>Produktsicherheit | CyberArk<\/title>\n<meta name=\"robots\" content=\"index, follow, max-snippet:-1, max-image-preview:large, max-video-preview:-1\" \/>\n<link rel=\"canonical\" href=\"https:\/\/www.cyberark.com\/de\/product-security\/\" \/>\n<meta property=\"og:locale\" content=\"de_DE\" \/>\n<meta property=\"og:type\" content=\"article\" \/>\n<meta property=\"og:title\" content=\"Produktsicherheit\" \/>\n<meta property=\"og:description\" content=\"[vc_row full_width=&#8220;stretch_row&#8220; el_class=&#8220;cybv2 int-hero-noimg dark&#8220;][vc_column width=&#8220;3\/4&#8243; el_class=&#8220;column-1&#8243;][vc_column_text] CyberArk bulletins zur produktsicherheit [\/vc_column_text][\/vc_column][\/vc_row][vc_row el_class=&#8220;cybv2 cybv2-pad-top text-md-center&#8220;][vc_column][vc_column_text el_class=&#8220;cybv2-pad-btm&#8220; css=&#8220;.vc_custom_1701169393494{padding-bottom: 20px !important;}&#8220;] Bleiben sie auf dem laufenden Diese Seite enth\u00e4lt Informationen zu Sicherheitsl\u00fccken, die sich auf CyberArk-Produkte auswirken...\" \/>\n<meta property=\"og:url\" content=\"https:\/\/www.cyberark.com\/de\/product-security\/\" \/>\n<meta property=\"og:site_name\" content=\"CyberArk\" \/>\n<meta property=\"article:publisher\" content=\"https:\/\/www.facebook.com\/CyberArk\/\" \/>\n<meta property=\"article:modified_time\" content=\"2023-12-08T13:09:04+00:00\" \/>\n<meta property=\"og:image\" content=\"https:\/\/www.cyberark.com\/wp-content\/uploads\/2022\/09\/CYBR-gradient-bg-og-120x627-01-1024x535.png\" \/>\n\t<meta property=\"og:image:width\" content=\"1024\" \/>\n\t<meta property=\"og:image:height\" content=\"535\" \/>\n\t<meta property=\"og:image:type\" content=\"image\/png\" \/>\n<meta name=\"twitter:card\" content=\"summary_large_image\" \/>\n<meta name=\"twitter:site\" content=\"@CyberArk\" \/>\n<meta name=\"twitter:label1\" content=\"Gesch\u00e4tzte Lesezeit\" \/>\n\t<meta name=\"twitter:data1\" content=\"1 Minute\" \/>\n<script type=\"application\/ld+json\" class=\"yoast-schema-graph\">{\"@context\":\"https:\/\/schema.org\",\"@graph\":[{\"@type\":\"WebPage\",\"@id\":\"https:\/\/www.cyberark.com\/de\/product-security\/\",\"url\":\"https:\/\/www.cyberark.com\/de\/product-security\/\",\"name\":\"Produktsicherheit | CyberArk\",\"isPartOf\":{\"@id\":\"https:\/\/www.cyberark.com\/#website\"},\"datePublished\":\"2019-02-20T16:35:04+00:00\",\"dateModified\":\"2023-12-08T13:09:04+00:00\",\"breadcrumb\":{\"@id\":\"https:\/\/www.cyberark.com\/de\/product-security\/#breadcrumb\"},\"inLanguage\":\"de-DE\",\"potentialAction\":[{\"@type\":\"ReadAction\",\"target\":[\"https:\/\/www.cyberark.com\/de\/product-security\/\"]}]},{\"@type\":\"BreadcrumbList\",\"@id\":\"https:\/\/www.cyberark.com\/de\/product-security\/#breadcrumb\",\"itemListElement\":[{\"@type\":\"ListItem\",\"position\":1,\"name\":\"Home\",\"item\":\"https:\/\/www.cyberark.com\/\"},{\"@type\":\"ListItem\",\"position\":2,\"name\":\"Produktsicherheit\"}]},{\"@type\":\"WebSite\",\"@id\":\"https:\/\/www.cyberark.com\/#website\",\"url\":\"https:\/\/www.cyberark.com\/\",\"name\":\"CyberArk\",\"description\":\"\",\"publisher\":{\"@id\":\"https:\/\/www.cyberark.com\/#organization\"},\"potentialAction\":[{\"@type\":\"SearchAction\",\"target\":{\"@type\":\"EntryPoint\",\"urlTemplate\":\"https:\/\/www.cyberark.com\/?s={search_term_string}\"},\"query-input\":{\"@type\":\"PropertyValueSpecification\",\"valueRequired\":true,\"valueName\":\"search_term_string\"}}],\"inLanguage\":\"de-DE\"},{\"@type\":\"Organization\",\"@id\":\"https:\/\/www.cyberark.com\/#organization\",\"name\":\"CyberArk Software\",\"url\":\"https:\/\/www.cyberark.com\/\",\"logo\":{\"@type\":\"ImageObject\",\"inLanguage\":\"de-DE\",\"@id\":\"https:\/\/www.cyberark.com\/#\/schema\/logo\/image\/\",\"url\":\"https:\/\/www.cyberark.com\/wp-content\/uploads\/2021\/02\/cyberark-logo-dark.svg\",\"contentUrl\":\"https:\/\/www.cyberark.com\/wp-content\/uploads\/2021\/02\/cyberark-logo-dark.svg\",\"width\":\"1024\",\"height\":\"1024\",\"caption\":\"CyberArk Software\"},\"image\":{\"@id\":\"https:\/\/www.cyberark.com\/#\/schema\/logo\/image\/\"},\"sameAs\":[\"https:\/\/www.facebook.com\/CyberArk\/\",\"https:\/\/x.com\/CyberArk\",\"https:\/\/www.linkedin.com\/company\/cyber-ark-software\/\"]}]}<\/script>\n<!-- \/ Yoast SEO Premium plugin. -->","yoast_head_json":{"title":"Produktsicherheit | CyberArk","robots":{"index":"index","follow":"follow","max-snippet":"max-snippet:-1","max-image-preview":"max-image-preview:large","max-video-preview":"max-video-preview:-1"},"canonical":"https:\/\/www.cyberark.com\/de\/product-security\/","og_locale":"de_DE","og_type":"article","og_title":"Produktsicherheit","og_description":"[vc_row full_width=&#8220;stretch_row&#8220; el_class=&#8220;cybv2 int-hero-noimg dark&#8220;][vc_column width=&#8220;3\/4&#8243; el_class=&#8220;column-1&#8243;][vc_column_text] CyberArk bulletins zur produktsicherheit [\/vc_column_text][\/vc_column][\/vc_row][vc_row el_class=&#8220;cybv2 cybv2-pad-top text-md-center&#8220;][vc_column][vc_column_text el_class=&#8220;cybv2-pad-btm&#8220; css=&#8220;.vc_custom_1701169393494{padding-bottom: 20px !important;}&#8220;] Bleiben sie auf dem laufenden Diese Seite enth\u00e4lt Informationen zu Sicherheitsl\u00fccken, die sich auf CyberArk-Produkte auswirken...","og_url":"https:\/\/www.cyberark.com\/de\/product-security\/","og_site_name":"CyberArk","article_publisher":"https:\/\/www.facebook.com\/CyberArk\/","article_modified_time":"2023-12-08T13:09:04+00:00","og_image":[{"width":1024,"height":535,"url":"https:\/\/www.cyberark.com\/wp-content\/uploads\/2022\/09\/CYBR-gradient-bg-og-120x627-01-1024x535.png","type":"image\/png"}],"twitter_card":"summary_large_image","twitter_site":"@CyberArk","twitter_misc":{"Gesch\u00e4tzte Lesezeit":"1 Minute"},"schema":{"@context":"https:\/\/schema.org","@graph":[{"@type":"WebPage","@id":"https:\/\/www.cyberark.com\/de\/product-security\/","url":"https:\/\/www.cyberark.com\/de\/product-security\/","name":"Produktsicherheit | CyberArk","isPartOf":{"@id":"https:\/\/www.cyberark.com\/#website"},"datePublished":"2019-02-20T16:35:04+00:00","dateModified":"2023-12-08T13:09:04+00:00","breadcrumb":{"@id":"https:\/\/www.cyberark.com\/de\/product-security\/#breadcrumb"},"inLanguage":"de-DE","potentialAction":[{"@type":"ReadAction","target":["https:\/\/www.cyberark.com\/de\/product-security\/"]}]},{"@type":"BreadcrumbList","@id":"https:\/\/www.cyberark.com\/de\/product-security\/#breadcrumb","itemListElement":[{"@type":"ListItem","position":1,"name":"Home","item":"https:\/\/www.cyberark.com\/"},{"@type":"ListItem","position":2,"name":"Produktsicherheit"}]},{"@type":"WebSite","@id":"https:\/\/www.cyberark.com\/#website","url":"https:\/\/www.cyberark.com\/","name":"CyberArk","description":"","publisher":{"@id":"https:\/\/www.cyberark.com\/#organization"},"potentialAction":[{"@type":"SearchAction","target":{"@type":"EntryPoint","urlTemplate":"https:\/\/www.cyberark.com\/?s={search_term_string}"},"query-input":{"@type":"PropertyValueSpecification","valueRequired":true,"valueName":"search_term_string"}}],"inLanguage":"de-DE"},{"@type":"Organization","@id":"https:\/\/www.cyberark.com\/#organization","name":"CyberArk Software","url":"https:\/\/www.cyberark.com\/","logo":{"@type":"ImageObject","inLanguage":"de-DE","@id":"https:\/\/www.cyberark.com\/#\/schema\/logo\/image\/","url":"https:\/\/www.cyberark.com\/wp-content\/uploads\/2021\/02\/cyberark-logo-dark.svg","contentUrl":"https:\/\/www.cyberark.com\/wp-content\/uploads\/2021\/02\/cyberark-logo-dark.svg","width":"1024","height":"1024","caption":"CyberArk Software"},"image":{"@id":"https:\/\/www.cyberark.com\/#\/schema\/logo\/image\/"},"sameAs":["https:\/\/www.facebook.com\/CyberArk\/","https:\/\/x.com\/CyberArk","https:\/\/www.linkedin.com\/company\/cyber-ark-software\/"]}]}},"_links":{"self":[{"href":"https:\/\/www.cyberark.com\/de\/wp-json\/wp\/v2\/pages\/39442","targetHints":{"allow":["GET"]}}],"collection":[{"href":"https:\/\/www.cyberark.com\/de\/wp-json\/wp\/v2\/pages"}],"about":[{"href":"https:\/\/www.cyberark.com\/de\/wp-json\/wp\/v2\/types\/page"}],"author":[{"embeddable":true,"href":"https:\/\/www.cyberark.com\/de\/wp-json\/wp\/v2\/users\/125"}],"replies":[{"embeddable":true,"href":"https:\/\/www.cyberark.com\/de\/wp-json\/wp\/v2\/comments?post=39442"}],"version-history":[{"count":0,"href":"https:\/\/www.cyberark.com\/de\/wp-json\/wp\/v2\/pages\/39442\/revisions"}],"wp:attachment":[{"href":"https:\/\/www.cyberark.com\/de\/wp-json\/wp\/v2\/media?parent=39442"}],"wp:term":[{"taxonomy":"product_category","embeddable":true,"href":"https:\/\/www.cyberark.com\/de\/wp-json\/wp\/v2\/product_category?post=39442"}],"curies":[{"name":"wp","href":"https:\/\/api.w.org\/{rel}","templated":true}]}}