{"id":75558,"date":"2019-10-11T09:21:09","date_gmt":"2019-10-11T13:21:09","guid":{"rendered":"https:\/\/www.cyberark.com\/corporate-responsibility\/health-wellness-culture\/"},"modified":"2021-07-29T12:10:42","modified_gmt":"2021-07-29T16:10:42","slug":"health-wellness-culture","status":"publish","type":"page","link":"https:\/\/www.cyberark.com\/de\/health-wellness-culture\/","title":{"rendered":"Gesundheit, Wohlergehen und Kultur"},"content":{"rendered":"<div class=\"wpb-content-wrapper\"><p>[vc_row full_width=&#8220;stretch_row&#8220; content_placement=&#8220;top&#8220; css=&#8220;.vc_custom_1570560243841{background-image: url(https:\/\/www.cyberark.com\/wp-content\/uploads\/2019\/10\/wellness-hero.jpg?id=75258) !important;background-position: center !important;background-repeat: no-repeat !important;background-size: cover !important;}&#8220; el_class=&#8220;cyb-hero-section&#8220;][vc_column][vc_row_inner content_placement=&#8220;middle&#8220; el_class=&#8220;cyb-hero-header&#8220;][vc_column_inner el_class=&#8220;cyb-hero-header-text&#8220;][vc_custom_heading text=&#8220;GESUNDHEIT, WOHLERGEHEN UND KULTUR&#8220; font_container=&#8220;tag:h1|text_align:left&#8220; use_theme_fonts=&#8220;yes&#8220;][vc_custom_heading text=&#8220;K\u00f6rperliches, emotionales und finanzielles Wohlergehen.&#8220; font_container=&#8220;tag:h3|text_align:left&#8220; use_theme_fonts=&#8220;yes&#8220;][\/vc_column_inner][\/vc_row_inner][\/vc_column][\/vc_row][vc_row css=&#8220;.vc_custom_1570561014086{padding-bottom: 2.5rem !important;}&#8220;][vc_column width=&#8220;2\/3&#8243; css=&#8220;.vc_custom_1570554206386{padding-top: 2.125rem !important;padding-right: 0px !important;padding-left: 0px !important;}&#8220; offset=&#8220;vc_col-sm-offset-2&#8243;][vc_column_text]<\/p>\n<p style=\"text-align: center;\">Unsere Mitarbeiter sind unser wertvollstes Kapital und daher haben die Kultur, die Entwicklung und das Wohlergehen der Mitarbeiter f\u00fcr uns oberste Priorit\u00e4t. Die Schaffung und Pflege einer starken Unternehmenskultur stehen bei uns im Mittelpunkt und bilden die Grundlage f\u00fcr unseren Erfolg.<\/p>\n<p style=\"text-align: center;\">Wir wissen, dass wir mit gl\u00fccklichen, gesunden Mitarbeitern einen hervorragenden Service, ein h\u00f6heres Ma\u00df an Innovation und letztendlich mehr Erfolg erreichen k\u00f6nnen. Von unseren Bonusleistungen und Arbeitsbereichen \u00fcber unser Mitarbeiter-Engagement bis hin zu unseren Grundwerten sorgen wir f\u00fcr ein Umfeld, in dem Kommunikation, Zusammenarbeit und Gemeinschaft gef\u00f6rdert werden. Wir investieren in unsere Mitarbeiter im Rahmen verschiedener Schulungs- und Gesundheitsprogramme mit dem Ziel, das k\u00f6rperliche, emotionale und finanzielle Wohlergehen aller zu verbessern.<\/p>\n<p style=\"text-align: center;\">Unsere weltweiten Mitarbeiter sind mit viel Leidenschaft bei der Sache und identifizieren sich mit ihrem Arbeitgeber!<\/p>\n<p>[\/vc_column_text][\/vc_column][\/vc_row][vc_row gap=&#8220;20&#8243; equal_height=&#8220;yes&#8220; content_placement=&#8220;middle&#8220;][vc_column width=&#8220;1\/5&#8243; css=&#8220;.vc_custom_1570561048289{padding-bottom: 1.25rem !important;}&#8220;][vc_single_image image=&#8220;75267&#8243; img_size=&#8220;full&#8220; alignment=&#8220;center&#8220;][\/vc_column][vc_column width=&#8220;1\/5&#8243; css=&#8220;.vc_custom_1570561089140{padding-bottom: 1.25rem !important;}&#8220;][vc_single_image image=&#8220;75276&#8243; img_size=&#8220;full&#8220; alignment=&#8220;center&#8220;][\/vc_column][vc_column width=&#8220;1\/5&#8243; css=&#8220;.vc_custom_1570561094245{padding-bottom: 1.25rem !important;}&#8220;][vc_single_image image=&#8220;75285&#8243; img_size=&#8220;full&#8220; alignment=&#8220;center&#8220;][\/vc_column][vc_column width=&#8220;1\/5&#8243; css=&#8220;.vc_custom_1570561099955{padding-bottom: 1.25rem !important;}&#8220;][vc_single_image image=&#8220;75294&#8243; img_size=&#8220;full&#8220; alignment=&#8220;center&#8220;][\/vc_column][vc_column width=&#8220;1\/5&#8243; css=&#8220;.vc_custom_1570561107946{padding-bottom: 1.25rem !important;}&#8220;][vc_single_image image=&#8220;75303&#8243; img_size=&#8220;full&#8220; alignment=&#8220;center&#8220;][\/vc_column][\/vc_row][vc_row full_width=&#8220;stretch_row&#8220; content_placement=&#8220;middle&#8220; css=&#8220;.vc_custom_1570556298592{padding-top: 2.5rem !important;padding-bottom: 2.5rem !important;}&#8220;][vc_column width=&#8220;1\/2&#8243;][vc_single_image image=&#8220;75312&#8243; img_size=&#8220;full&#8220; el_class=&#8220;cyb-ken-img&#8220;][\/vc_column][vc_column width=&#8220;5\/12&#8243; offset=&#8220;vc_col-sm-offset-1&#8243;][vc_custom_heading text=&#8220;KULTUR&#8220; font_container=&#8220;tag:h3|text_align:left&#8220; use_theme_fonts=&#8220;yes&#8220;][vc_column_text css=&#8220;.vc_custom_1570732845887{padding-bottom: 0.375rem !important;}&#8220;]Unsere Kultur ist eine der Geheimzutaten f\u00fcr unseren Erfolg. Wir suchen talentierte, intelligente (aber bescheidene) Mitarbeiter, die sich gerne neuen Herausforderungen stellen.<\/p>\n<p>Wir verf\u00fcgen \u00fcber verschiedene Initiativen, mit denen wir eine starke Unternehmenskultur f\u00f6rdern, darunter Mitarbeiteranerkennung und -engagement, Programme f\u00fcr formelle und anlassbezogene Anerkennung, Spenden f\u00fcr wohlt\u00e4tige Zwecke, verschiedene M\u00f6glichkeiten f\u00fcr ehrenamtliche Eins\u00e4tze, Teambuilding-Events und Ausfl\u00fcge, regelm\u00e4\u00dfige Round-Table-Diskussionen sowie Umfragen zum Mitarbeiterengagement.[\/vc_column_text][\/vc_column][\/vc_row][vc_row full_width=&#8220;stretch_row&#8220; content_placement=&#8220;middle&#8220; css=&#8220;.vc_custom_1570556328128{padding-top: 2.5rem !important;padding-bottom: 2.5rem !important;}&#8220; el_class=&#8220;cyb-reverse&#8220;][vc_column width=&#8220;5\/12&#8243;][vc_custom_heading text=&#8220;K\u00d6RPERLICHES WOHLERGEHEN&#8220; font_container=&#8220;tag:h3|text_align:left&#8220; use_theme_fonts=&#8220;yes&#8220;][vc_column_text css=&#8220;.vc_custom_1570732907267{padding-bottom: 0.375rem !important;}&#8220;]Wir f\u00f6rdern k\u00f6rperliche Aktivit\u00e4ten, die zu unseren Mitarbeitern passen und ihnen helfen, Stress abzubauen, aktiv zu bleiben und ein gesundes Leben zu f\u00fchren. Je nach Standort bieten wir unter anderem folgende Leistungen: Fitnesseinrichtungen vor Ort, \u00dcbungsm\u00f6glichkeiten, Yoga- und Pilates-Kurse, Sportmannschaften und Lauftreffs, M\u00f6glichkeiten f\u00fcr gesunde Snacks, ergonomische Stehtische, j\u00e4hrlich stattfindenden Grippeimpfungen, Achtsamkeitskurse, Wellnessbehandlungen und mehr.[\/vc_column_text][\/vc_column][vc_column width=&#8220;1\/2&#8243; offset=&#8220;vc_col-sm-offset-1&#8243;][vc_single_image image=&#8220;75321&#8243; img_size=&#8220;full&#8220; alignment=&#8220;right&#8220; el_class=&#8220;cyb-ken-img&#8220;][\/vc_column][\/vc_row][vc_row full_width=&#8220;stretch_row&#8220; content_placement=&#8220;middle&#8220; css=&#8220;.vc_custom_1570556349154{padding-top: 2.5rem !important;padding-bottom: 2.5rem !important;}&#8220;][vc_column width=&#8220;1\/2&#8243;][vc_single_image image=&#8220;75330&#8243; img_size=&#8220;full&#8220; el_class=&#8220;cyb-ken-img&#8220;][\/vc_column][vc_column width=&#8220;5\/12&#8243; offset=&#8220;vc_col-sm-offset-1&#8243;][vc_custom_heading text=&#8220;EMOTIONALES WOHLERGEHEN&#8220; font_container=&#8220;tag:h3|text_align:left&#8220; use_theme_fonts=&#8220;yes&#8220;][vc_column_text css=&#8220;.vc_custom_1570648568329{padding-bottom: 0.375rem !important;}&#8220;]In Zeiten von Herausforderungen, Krisen und wichtigen Lebensereignissen gibt es Mitarbeiter, die Unterst\u00fctzung brauchen.<\/p>\n<p>Je nach Standort bieten wir unseren Mitarbeitern unter anderem folgende Leistungen und Ressourcen zur F\u00f6rderung des emotionalen Wohlergehens:<\/p>\n<ul>\n<li>Employee Assistance Program (EAP), eine rund um die Uhr erreichbare Hotline mit folgenden Schwerpunkten:\n<ul>\n<li>Vertrauliche Beratung<\/li>\n<li>Finanzplanung und -auskunft<\/li>\n<li>Rechtliche Unterst\u00fctzung und Ressourcen<\/li>\n<li>F\u00f6rderung der Work-Life-Balance<\/li>\n<\/ul>\n<\/li>\n<li>Achtsamkeit und Workshops<\/li>\n<li>Meditationssitzungen<\/li>\n<li>Bezahlte Elternzeit und Pflegezeit<\/li>\n<\/ul>\n<p>[\/vc_column_text][\/vc_column][\/vc_row][vc_row full_width=&#8220;stretch_row&#8220; content_placement=&#8220;middle&#8220; css=&#8220;.vc_custom_1570554074455{padding-top: 3.125rem !important;padding-bottom: 3.125rem !important;}&#8220; el_class=&#8220;cyb-reverse&#8220;][vc_column width=&#8220;5\/12&#8243;][vc_custom_heading text=&#8220;FINANZIELLES WOHLERGEHEN&#8220; font_container=&#8220;tag:h3|text_align:left&#8220; use_theme_fonts=&#8220;yes&#8220;][vc_column_text css=&#8220;.vc_custom_1570732970893{padding-bottom: 0.375rem !important;}&#8220;]Bei CyberArk haben wir verstanden, dass finanzielle Sorgen Stress erzeugen k\u00f6nnen. Wir helfen unseren Mitarbeitern, fundierte Finanzentscheidungen zu treffen, die ihr langfristiges finanzielles Wohlergehen unterst\u00fctzen. Unser Angebot in diesem Bereich umfasst:<\/p>\n<ul>\n<li>Marktgerechte Verg\u00fctungspakete<\/li>\n<li>Zusch\u00fcsse zu Renten-, Lebens- und Erwerbsunf\u00e4higkeitsversicherungen<\/li>\n<li>Gro\u00dfz\u00fcgige Urlaubsregelungen<\/li>\n<li>Unterst\u00fctzung bei der Finanzplanung<\/li>\n<li>Krankenversicherung<\/li>\n<li>Aktienanteile am Unternehmen<\/li>\n<\/ul>\n<p>[\/vc_column_text][\/vc_column][vc_column width=&#8220;1\/2&#8243; offset=&#8220;vc_col-sm-offset-1&#8243;][vc_single_image image=&#8220;75339&#8243; img_size=&#8220;full&#8220; alignment=&#8220;right&#8220; el_class=&#8220;cyb-ken-img&#8220;][\/vc_column][\/vc_row][vc_row full_width=&#8220;stretch_row&#8220; content_placement=&#8220;middle&#8220; css=&#8220;.vc_custom_1570556356757{padding-top: 2.5rem !important;padding-bottom: 2.5rem !important;}&#8220;][vc_column width=&#8220;1\/2&#8243;][vc_single_image image=&#8220;75348&#8243; img_size=&#8220;full&#8220; el_class=&#8220;cyb-ken-img&#8220;][\/vc_column][vc_column width=&#8220;5\/12&#8243; offset=&#8220;vc_col-sm-offset-1&#8243;][vc_custom_heading text=&#8220;ARBEITSUMFELD&#8220; font_container=&#8220;tag:h3|text_align:left&#8220; use_theme_fonts=&#8220;yes&#8220;][vc_column_text css=&#8220;.vc_custom_1570733128749{padding-bottom: 0.375rem !important;}&#8220;]Ein optimales Arbeitsumfeld f\u00f6rdert Innovation, Zusammenhalt und eine starke Kultur. Jeder Standort teilt die positive Atmosph\u00e4re, die durch unsere begeisterten und engagierten Mitarbeiter entsteht! Je nach Standort bieten wir unter anderem folgende Annehmlichkeiten:<\/p>\n<ul>\n<li>Bereiche f\u00fcr Unterhaltung und Kreativit\u00e4t<\/li>\n<li>Massagen und Manik\u00fcre vor Ort<\/li>\n<li>Meditationsbereiche<\/li>\n<li>R\u00fcckzugsm\u00f6glichkeit zum Wickeln und Stillen<\/li>\n<li>Zusch\u00fcsse zu gesunden Mahlzeiten und Snacks<\/li>\n<li>Nachhaltige und \u00f6kologische Speiseangebote<\/li>\n<li>Lockere Kleiderordnung<\/li>\n<\/ul>\n<p>[\/vc_column_text][\/vc_column][\/vc_row][vc_row full_width=&#8220;stretch_row&#8220; content_placement=&#8220;middle&#8220; css=&#8220;.vc_custom_1570556363537{padding-top: 2.5rem !important;padding-bottom: 2.5rem !important;}&#8220; el_class=&#8220;cyb-reverse&#8220;][vc_column width=&#8220;5\/12&#8243;][vc_custom_heading text=&#8220;UMFASSENDES SCHULUNGS- UND WEITERBILDUNGSPROGRAMM&#8220; font_container=&#8220;tag:h3|text_align:left&#8220; use_theme_fonts=&#8220;yes&#8220;][vc_column_text css=&#8220;.vc_custom_1627574864163{padding-bottom: 0.375rem !important;}&#8220;]Wir bieten ma\u00dfgeschneiderte Schulungsprogramme wie zum Beispiel:<\/p>\n<ul>\n<li>Viertelj\u00e4hrliche Besprechungen mit allen Mitarbeitern<\/li>\n<li>J\u00e4hrliche Leistungsbeurteilungen mit allen Mitarbeitern<\/li>\n<li>Regelm\u00e4\u00dfige Mitarbeiterbefragungen<\/li>\n<li>Umfangreiches Schulungsangebot \u00fcber unser Learning-Management-System<\/li>\n<li>Schulungen zu Themen wie Technologie, Wirtschaft und Soft Skills<\/li>\n<li>Compliance-Schulungen<\/li>\n<li>Vortragsschulungen<\/li>\n<li>F\u00fchrungskompetenzschulungen<\/li>\n<li>Zusch\u00fcsse zu Weiterbildung<\/li>\n<\/ul>\n<p>[\/vc_column_text][\/vc_column][vc_column width=&#8220;1\/2&#8243; offset=&#8220;vc_col-sm-offset-1&#8243;][vc_single_image image=&#8220;75357&#8243; img_size=&#8220;full&#8220; alignment=&#8220;right&#8220; el_class=&#8220;cyb-ken-img&#8220;][\/vc_column][\/vc_row][vc_row full_width=&#8220;stretch_row&#8220; gap=&#8220;20&#8243; css=&#8220;.vc_custom_1570558697635{padding-top: 1.25rem !important;padding-bottom: 1.25rem !important;}&#8220;][vc_column el_class=&#8220;cyb-center&#8220;][vc_custom_heading text=&#8220;EINEN SINNVOLLEN BEITRAG LEISTEN&#8220; font_container=&#8220;tag:h2|text_align:center&#8220; use_theme_fonts=&#8220;yes&#8220;][vc_column_text css=&#8220;.vc_custom_1570558705796{padding-bottom: 2.5rem !important;}&#8220;]<\/p>\n<p style=\"text-align: center;\">Wir sind Marktf\u00fchrer in unserer Branche und in einem der am schnellsten wachsenden Segmente der Cybersicherheit. Unsere Mitarbeiter und L\u00f6sungen leisten einen sinnvollen Beitrag, indem sie die Sicherheitslage unserer Kunden insgesamt st\u00e4rken.<\/p>\n<p>[\/vc_column_text][vc_btn title=&#8220;TEIL DES TEAMS WERDEN&#8220; style=&#8220;custom&#8220; custom_background=&#8220;&#8220; custom_text=&#8220;#414042&#8243; shape=&#8220;square&#8220; link=&#8220;url:https%3A%2F%2Fcareers.cyberark.com%2F|target:%20_blank|&#8220; el_class=&#8220;cyb-button xlarge&#8220;][\/vc_column][\/vc_row]<\/p>\n<\/div>","protected":false},"excerpt":{"rendered":"<p>[vc_row full_width=&#8220;stretch_row&#8220; content_placement=&#8220;top&#8220; css=&#8220;.vc_custom_1570560243841{background-image: url(https:\/\/www.cyberark.com\/wp-content\/uploads\/2019\/10\/wellness-hero.jpg?id=75258) !important;background-position: center !important;background-repeat: no-repeat !important;background-size: cover !important;}&#8220; el_class=&#8220;cyb-hero-section&#8220;][vc_column][vc_row_inner content_placement=&#8220;middle&#8220; el_class=&#8220;cyb-hero-header&#8220;][vc_column_inner el_class=&#8220;cyb-hero-header-text&#8220;][vc_custom_heading text=&#8220;GESUNDHEIT, WOHLERGEHEN UND KULTUR&#8220; font_container=&#8220;tag:h1|text_align:left&#8220; use_theme_fonts=&#8220;yes&#8220;][vc_custom_heading text=&#8220;K\u00f6rperliches, emotionales und finanzielles Wohlergehen.&#8220; font_container=&#8220;tag:h3|text_align:left&#8220; use_theme_fonts=&#8220;yes&#8220;][\/vc_column_inner][\/vc_row_inner][\/vc_column][\/vc_row][vc_row css=&#8220;.vc_custom_1570561014086{padding-bottom: 2.5rem !important;}&#8220;][vc_column width=&#8220;2\/3&#8243; css=&#8220;.vc_custom_1570554206386{padding-top: 2.125rem&#8230;<\/p>\n","protected":false},"author":125,"featured_media":0,"parent":0,"menu_order":0,"comment_status":"closed","ping_status":"closed","template":"","meta":{"_acf_changed":false,"inline_featured_image":false,"footnotes":""},"product_category":[],"class_list":["post-75558","page","type-page","status-publish","hentry"],"acf":[],"yoast_head":"<!-- This site is optimized with the Yoast SEO Premium plugin v27.2 (Yoast SEO v27.2) - https:\/\/yoast.com\/product\/yoast-seo-premium-wordpress\/ -->\n<title>Gesundheit, Wohlergehen und Kultur | CyberArk<\/title>\n<meta name=\"robots\" content=\"index, follow, max-snippet:-1, max-image-preview:large, max-video-preview:-1\" \/>\n<link rel=\"canonical\" href=\"https:\/\/www.cyberark.com\/de\/health-wellness-culture\/\" \/>\n<meta property=\"og:locale\" content=\"de_DE\" \/>\n<meta property=\"og:type\" content=\"article\" \/>\n<meta property=\"og:title\" content=\"Gesundheit, Wohlergehen und Kultur\" \/>\n<meta property=\"og:description\" content=\"[vc_row full_width=&#8220;stretch_row&#8220; content_placement=&#8220;top&#8220; css=&#8220;.vc_custom_1570560243841{background-image: url(https:\/\/www.cyberark.com\/wp-content\/uploads\/2019\/10\/wellness-hero.jpg?id=75258) !important;background-position: center !important;background-repeat: no-repeat !important;background-size: cover !important;}&#8220; el_class=&#8220;cyb-hero-section&#8220;][vc_column][vc_row_inner content_placement=&#8220;middle&#8220; el_class=&#8220;cyb-hero-header&#8220;][vc_column_inner el_class=&#8220;cyb-hero-header-text&#8220;][vc_custom_heading text=&#8220;GESUNDHEIT, WOHLERGEHEN UND KULTUR&#8220; font_container=&#8220;tag:h1|text_align:left&#8220; use_theme_fonts=&#8220;yes&#8220;][vc_custom_heading text=&#8220;K\u00f6rperliches, emotionales und finanzielles Wohlergehen.&#8220; font_container=&#8220;tag:h3|text_align:left&#8220; use_theme_fonts=&#8220;yes&#8220;][\/vc_column_inner][\/vc_row_inner][\/vc_column][\/vc_row][vc_row css=&#8220;.vc_custom_1570561014086{padding-bottom: 2.5rem !important;}&#8220;][vc_column width=&#8220;2\/3&#8243; css=&#8220;.vc_custom_1570554206386{padding-top: 2.125rem...\" \/>\n<meta property=\"og:url\" content=\"https:\/\/www.cyberark.com\/de\/health-wellness-culture\/\" \/>\n<meta property=\"og:site_name\" content=\"CyberArk\" \/>\n<meta property=\"article:publisher\" content=\"https:\/\/www.facebook.com\/CyberArk\/\" \/>\n<meta property=\"article:modified_time\" content=\"2021-07-29T16:10:42+00:00\" \/>\n<meta property=\"og:image\" content=\"https:\/\/www.cyberark.com\/wp-content\/uploads\/2022\/09\/CYBR-gradient-bg-og-120x627-01-1024x535.png\" \/>\n\t<meta property=\"og:image:width\" content=\"1024\" \/>\n\t<meta property=\"og:image:height\" content=\"535\" \/>\n\t<meta property=\"og:image:type\" content=\"image\/png\" \/>\n<meta name=\"twitter:card\" content=\"summary_large_image\" \/>\n<meta name=\"twitter:site\" content=\"@CyberArk\" \/>\n<meta name=\"twitter:label1\" content=\"Gesch\u00e4tzte Lesezeit\" \/>\n\t<meta name=\"twitter:data1\" content=\"7 Minuten\" \/>\n<script type=\"application\/ld+json\" class=\"yoast-schema-graph\">{\"@context\":\"https:\/\/schema.org\",\"@graph\":[{\"@type\":\"WebPage\",\"@id\":\"https:\/\/www.cyberark.com\/de\/health-wellness-culture\/\",\"url\":\"https:\/\/www.cyberark.com\/de\/health-wellness-culture\/\",\"name\":\"Gesundheit, Wohlergehen und Kultur | CyberArk\",\"isPartOf\":{\"@id\":\"https:\/\/www.cyberark.com\/de\/#website\"},\"datePublished\":\"2019-10-11T13:21:09+00:00\",\"dateModified\":\"2021-07-29T16:10:42+00:00\",\"breadcrumb\":{\"@id\":\"https:\/\/www.cyberark.com\/de\/health-wellness-culture\/#breadcrumb\"},\"inLanguage\":\"de-DE\",\"potentialAction\":[{\"@type\":\"ReadAction\",\"target\":[\"https:\/\/www.cyberark.com\/de\/health-wellness-culture\/\"]}]},{\"@type\":\"BreadcrumbList\",\"@id\":\"https:\/\/www.cyberark.com\/de\/health-wellness-culture\/#breadcrumb\",\"itemListElement\":[{\"@type\":\"ListItem\",\"position\":1,\"name\":\"Home\",\"item\":\"https:\/\/www.cyberark.com\/de\/\"},{\"@type\":\"ListItem\",\"position\":2,\"name\":\"Gesundheit, Wohlergehen und Kultur\"}]},{\"@type\":\"WebSite\",\"@id\":\"https:\/\/www.cyberark.com\/de\/#website\",\"url\":\"https:\/\/www.cyberark.com\/de\/\",\"name\":\"CyberArk\",\"description\":\"\",\"publisher\":{\"@id\":\"https:\/\/www.cyberark.com\/de\/#organization\"},\"potentialAction\":[{\"@type\":\"SearchAction\",\"target\":{\"@type\":\"EntryPoint\",\"urlTemplate\":\"https:\/\/www.cyberark.com\/de\/?s={search_term_string}\"},\"query-input\":{\"@type\":\"PropertyValueSpecification\",\"valueRequired\":true,\"valueName\":\"search_term_string\"}}],\"inLanguage\":\"de-DE\"},{\"@type\":\"Organization\",\"@id\":\"https:\/\/www.cyberark.com\/de\/#organization\",\"name\":\"CyberArk Software\",\"url\":\"https:\/\/www.cyberark.com\/de\/\",\"logo\":{\"@type\":\"ImageObject\",\"inLanguage\":\"de-DE\",\"@id\":\"https:\/\/www.cyberark.com\/de\/#\/schema\/logo\/image\/\",\"url\":\"https:\/\/www.cyberark.com\/wp-content\/uploads\/2021\/02\/cyberark-logo-dark.svg\",\"contentUrl\":\"https:\/\/www.cyberark.com\/wp-content\/uploads\/2021\/02\/cyberark-logo-dark.svg\",\"width\":\"1024\",\"height\":\"1024\",\"caption\":\"CyberArk Software\"},\"image\":{\"@id\":\"https:\/\/www.cyberark.com\/de\/#\/schema\/logo\/image\/\"},\"sameAs\":[\"https:\/\/www.facebook.com\/CyberArk\/\",\"https:\/\/x.com\/CyberArk\",\"https:\/\/www.linkedin.com\/company\/cyber-ark-software\/\"]}]}<\/script>\n<!-- \/ Yoast SEO Premium plugin. -->","yoast_head_json":{"title":"Gesundheit, Wohlergehen und Kultur | CyberArk","robots":{"index":"index","follow":"follow","max-snippet":"max-snippet:-1","max-image-preview":"max-image-preview:large","max-video-preview":"max-video-preview:-1"},"canonical":"https:\/\/www.cyberark.com\/de\/health-wellness-culture\/","og_locale":"de_DE","og_type":"article","og_title":"Gesundheit, Wohlergehen und Kultur","og_description":"[vc_row full_width=&#8220;stretch_row&#8220; content_placement=&#8220;top&#8220; css=&#8220;.vc_custom_1570560243841{background-image: url(https:\/\/www.cyberark.com\/wp-content\/uploads\/2019\/10\/wellness-hero.jpg?id=75258) !important;background-position: center !important;background-repeat: no-repeat !important;background-size: cover !important;}&#8220; el_class=&#8220;cyb-hero-section&#8220;][vc_column][vc_row_inner content_placement=&#8220;middle&#8220; el_class=&#8220;cyb-hero-header&#8220;][vc_column_inner el_class=&#8220;cyb-hero-header-text&#8220;][vc_custom_heading text=&#8220;GESUNDHEIT, WOHLERGEHEN UND KULTUR&#8220; font_container=&#8220;tag:h1|text_align:left&#8220; use_theme_fonts=&#8220;yes&#8220;][vc_custom_heading text=&#8220;K\u00f6rperliches, emotionales und finanzielles Wohlergehen.&#8220; font_container=&#8220;tag:h3|text_align:left&#8220; use_theme_fonts=&#8220;yes&#8220;][\/vc_column_inner][\/vc_row_inner][\/vc_column][\/vc_row][vc_row css=&#8220;.vc_custom_1570561014086{padding-bottom: 2.5rem !important;}&#8220;][vc_column width=&#8220;2\/3&#8243; css=&#8220;.vc_custom_1570554206386{padding-top: 2.125rem...","og_url":"https:\/\/www.cyberark.com\/de\/health-wellness-culture\/","og_site_name":"CyberArk","article_publisher":"https:\/\/www.facebook.com\/CyberArk\/","article_modified_time":"2021-07-29T16:10:42+00:00","og_image":[{"width":1024,"height":535,"url":"https:\/\/www.cyberark.com\/wp-content\/uploads\/2022\/09\/CYBR-gradient-bg-og-120x627-01-1024x535.png","type":"image\/png"}],"twitter_card":"summary_large_image","twitter_site":"@CyberArk","twitter_misc":{"Gesch\u00e4tzte Lesezeit":"7 Minuten"},"schema":{"@context":"https:\/\/schema.org","@graph":[{"@type":"WebPage","@id":"https:\/\/www.cyberark.com\/de\/health-wellness-culture\/","url":"https:\/\/www.cyberark.com\/de\/health-wellness-culture\/","name":"Gesundheit, Wohlergehen und Kultur | CyberArk","isPartOf":{"@id":"https:\/\/www.cyberark.com\/de\/#website"},"datePublished":"2019-10-11T13:21:09+00:00","dateModified":"2021-07-29T16:10:42+00:00","breadcrumb":{"@id":"https:\/\/www.cyberark.com\/de\/health-wellness-culture\/#breadcrumb"},"inLanguage":"de-DE","potentialAction":[{"@type":"ReadAction","target":["https:\/\/www.cyberark.com\/de\/health-wellness-culture\/"]}]},{"@type":"BreadcrumbList","@id":"https:\/\/www.cyberark.com\/de\/health-wellness-culture\/#breadcrumb","itemListElement":[{"@type":"ListItem","position":1,"name":"Home","item":"https:\/\/www.cyberark.com\/de\/"},{"@type":"ListItem","position":2,"name":"Gesundheit, Wohlergehen und Kultur"}]},{"@type":"WebSite","@id":"https:\/\/www.cyberark.com\/de\/#website","url":"https:\/\/www.cyberark.com\/de\/","name":"CyberArk","description":"","publisher":{"@id":"https:\/\/www.cyberark.com\/de\/#organization"},"potentialAction":[{"@type":"SearchAction","target":{"@type":"EntryPoint","urlTemplate":"https:\/\/www.cyberark.com\/de\/?s={search_term_string}"},"query-input":{"@type":"PropertyValueSpecification","valueRequired":true,"valueName":"search_term_string"}}],"inLanguage":"de-DE"},{"@type":"Organization","@id":"https:\/\/www.cyberark.com\/de\/#organization","name":"CyberArk Software","url":"https:\/\/www.cyberark.com\/de\/","logo":{"@type":"ImageObject","inLanguage":"de-DE","@id":"https:\/\/www.cyberark.com\/de\/#\/schema\/logo\/image\/","url":"https:\/\/www.cyberark.com\/wp-content\/uploads\/2021\/02\/cyberark-logo-dark.svg","contentUrl":"https:\/\/www.cyberark.com\/wp-content\/uploads\/2021\/02\/cyberark-logo-dark.svg","width":"1024","height":"1024","caption":"CyberArk Software"},"image":{"@id":"https:\/\/www.cyberark.com\/de\/#\/schema\/logo\/image\/"},"sameAs":["https:\/\/www.facebook.com\/CyberArk\/","https:\/\/x.com\/CyberArk","https:\/\/www.linkedin.com\/company\/cyber-ark-software\/"]}]}},"_links":{"self":[{"href":"https:\/\/www.cyberark.com\/de\/wp-json\/wp\/v2\/pages\/75558","targetHints":{"allow":["GET"]}}],"collection":[{"href":"https:\/\/www.cyberark.com\/de\/wp-json\/wp\/v2\/pages"}],"about":[{"href":"https:\/\/www.cyberark.com\/de\/wp-json\/wp\/v2\/types\/page"}],"author":[{"embeddable":true,"href":"https:\/\/www.cyberark.com\/de\/wp-json\/wp\/v2\/users\/125"}],"replies":[{"embeddable":true,"href":"https:\/\/www.cyberark.com\/de\/wp-json\/wp\/v2\/comments?post=75558"}],"version-history":[{"count":0,"href":"https:\/\/www.cyberark.com\/de\/wp-json\/wp\/v2\/pages\/75558\/revisions"}],"wp:attachment":[{"href":"https:\/\/www.cyberark.com\/de\/wp-json\/wp\/v2\/media?parent=75558"}],"wp:term":[{"taxonomy":"product_category","embeddable":true,"href":"https:\/\/www.cyberark.com\/de\/wp-json\/wp\/v2\/product_category?post=75558"}],"curies":[{"name":"wp","href":"https:\/\/api.w.org\/{rel}","templated":true}]}}