{"id":104121,"date":"2020-10-30T10:49:29","date_gmt":"2020-10-30T14:49:29","guid":{"rendered":"https:\/\/www.cyberark.com\/factores-de-autenticacion\/"},"modified":"2020-10-30T10:52:02","modified_gmt":"2020-10-30T14:52:02","slug":"authentication-factors","status":"publish","type":"page","link":"https:\/\/www.cyberark.com\/es\/products\/authentication-factors\/","title":{"rendered":"Factores de autenticaci\u00f3n"},"content":{"rendered":"<div class=\"wpb-content-wrapper\"><p>[vc_row full_width=\u00bbstretch_row\u00bb content_placement=\u00bbmiddle\u00bb css=\u00bb.vc_custom_1600884341333{background-image: url(https:\/\/www.cyberark.com\/wp-content\/uploads\/2020\/09\/app-gateway-hero.jpg?id=99689) !important;background-position: center !important;background-repeat: no-repeat !important;background-size: cover !important;}\u00bb el_class=\u00bbcyb-hero cyb-desktop\u00bb][vc_column el_class=\u00bbcyb-center cyb-white cyb-pad-btm\u00bb][vc_column_text el_class=\u00bbcyb-white\u00bb css=\u00bb.vc_custom_1600711713693{margin-top: 5.3125rem !important;margin-bottom: 20px !important;}\u00bb]<\/p>\n<h1>FACTORES DE AUTENTICACI\u00d3N<\/h1>\n<p>[\/vc_column_text][\/vc_column][\/vc_row][vc_row full_width=\u00bbstretch_row\u00bb content_placement=\u00bbmiddle\u00bb css=\u00bb.vc_custom_1600884402608{background-image: url(https:\/\/www.cyberark.com\/wp-content\/uploads\/2020\/09\/app-gateway-hero.jpg?id=99689) !important;background-position: center !important;background-repeat: no-repeat !important;background-size: cover !important;}\u00bb el_class=\u00bbcyb-hero cyb-mobile\u00bb][vc_column el_class=\u00bbcyb-center cyb-white cyb-pad-btm\u00bb][vc_column_text el_class=\u00bbcyb-white\u00bb css=\u00bb.vc_custom_1600711713693{margin-top: 5.3125rem !important;margin-bottom: 20px !important;}\u00bb]<\/p>\n<h1>FACTORES DE AUTENTICACI\u00d3N<\/h1>\n<p>[\/vc_column_text][\/vc_column][\/vc_row][vc_row full_width=\u00bbstretch_row\u00bb equal_height=\u00bbyes\u00bb el_class=\u00bbcyb-card-no-hover\u00bb][vc_column width=\u00bb1\/4&#8243; css=\u00bb.vc_custom_1600800672764{border-top-width: 2px !important;border-right-width: 2px !important;border-bottom-width: 2px !important;border-left-width: 2px !important;}\u00bb][vc_single_image image=\u00bb100194&#8243; img_size=\u00bbfull\u00bb][vc_column_text]<\/p>\n<h3>OTP de correo electr\u00f3nico<\/h3>\n<p>El factor OTP de correo electr\u00f3nico le permite recibir por correo electr\u00f3nico un c\u00f3digo de acceso de un solo uso (OTP) para completar un proceso de autenticaci\u00f3n secundaria.[\/vc_column_text][\/vc_column][vc_column width=\u00bb1\/4&#8243;][vc_single_image image=\u00bb100202&#8243; img_size=\u00bbfull\u00bb][vc_column_text]<\/p>\n<h3>Llaves f\u00edsicas basadas en FIDO U2F<\/h3>\n<p>Las llaves de autenticaci\u00f3n FIDO Universal 2nd Factor (U2F) le permiten utilizar dispositivos f\u00edsicos de seguridad, los cuales se conectan a un puerto USB, para realizar la autenticaci\u00f3n.[\/vc_column_text][\/vc_column][vc_column width=\u00bb1\/4&#8243;][vc_single_image image=\u00bb100210&#8243; img_size=\u00bbfull\u00bb][vc_column_text]<\/p>\n<h3>Tokens OTP de hardware<\/h3>\n<p>Pueden utilizarse dispositivos f\u00edsicos de seguridad capaces de generar contrase\u00f1as de un solo uso o c\u00f3digos PIN para completar un proceso de autenticaci\u00f3n secundaria.[\/vc_column_text][\/vc_column][vc_column width=\u00bb1\/4&#8243;][vc_single_image image=\u00bb100218&#8243; img_size=\u00bbfull\u00bb][vc_column_text]<\/p>\n<h3>Claves FIDO2<\/h3>\n<p>Es posible utilizar autenticadores FIDO2 integrados en el dispositivo, como Windows Hello, Mac OS TouchID y Yubico YubiKeys, para autenticarse en la plataforma Idaptive a trav\u00e9s de los exploradores Firefox, Microsoft Edge, Google Chrome y Apple Safari.[\/vc_column_text][\/vc_column][vc_column width=\u00bb1\/4&#8243;][vc_single_image image=\u00bb100226&#8243; img_size=\u00bbfull\u00bb][vc_column_text]<\/p>\n<h3>KBA (preguntas de seguridad)<\/h3>\n<p>El factor de autenticaci\u00f3n basada en el conocimiento (KBA) le permite superar el desaf\u00edo de autenticaci\u00f3n secundaria proporcionando una respuesta a una pregunta de seguridad predeterminada.[\/vc_column_text][\/vc_column][vc_column width=\u00bb1\/4&#8243;][vc_single_image image=\u00bb100234&#8243; img_size=\u00bbfull\u00bb][vc_column_text]<\/p>\n<h3>Aplicaciones de autenticaci\u00f3n m\u00f3vil basadas en OATH<\/h3>\n<p>Los autenticadores m\u00f3viles basados en OATH son aplicaciones para smartphones, como Idaptive Mobile App o la aplicaci\u00f3n Google Authenticator, que generan c\u00f3digos de acceso de un solo uso necesarios para la verificaci\u00f3n de la identidad.[\/vc_column_text][\/vc_column][vc_column width=\u00bb1\/4&#8243;][vc_single_image image=\u00bb100242&#8243; img_size=\u00bbfull\u00bb][vc_column_text]<\/p>\n<h3>Notificaciones push m\u00f3viles<\/h3>\n<p>La Idaptive Movile App puede usarse para recibir y aprobar solicitudes de autenticaci\u00f3n secundaria en su smartphone.[\/vc_column_text][\/vc_column][vc_column width=\u00bb1\/4&#8243;][vc_single_image image=\u00bb100250&#8243; img_size=\u00bbfull\u00bb][vc_column_text]<\/p>\n<h3>Credenciales derivadas<\/h3>\n<p>Pueden utilizarse credenciales derivadas (credenciales criptogr\u00e1ficas derivadas de las obtenidas a partir de tarjetas de verificaci\u00f3n de identidad personal (PIV) o de tarjetas de acceso com\u00fan (CAC) y almacenadas en dispositivos m\u00f3viles) para satisfacer los estrictos requisitos de la autenticaci\u00f3n de segundo factor.[\/vc_column_text][\/vc_column][vc_column width=\u00bb1\/4&#8243;][vc_single_image image=\u00bb100258&#8243; img_size=\u00bbfull\u00bb][vc_column_text]<\/p>\n<h3>OTP sin conexi\u00f3n<\/h3>\n<p>Pueden utilizarse c\u00f3digos de acceso de un solo uso (OTP) sin conexi\u00f3n para iniciar sesi\u00f3n en dispositivos Windows y Mac protegidos mediante la autenticaci\u00f3n multifactor adaptativa, aun cuando no est\u00e9n conectados a internet.[\/vc_column_text][\/vc_column][vc_column width=\u00bb1\/4&#8243;][vc_single_image image=\u00bb100266&#8243; img_size=\u00bbfull\u00bb][vc_column_text]<\/p>\n<h3>OTP basado en SMS<\/h3>\n<p>Puede recibir en su tel\u00e9fono m\u00f3vil registrado mensajes de texto con c\u00f3digos de acceso de un solo uso (OTP) o enlaces de aprobaci\u00f3n del acceso a trav\u00e9s de los cuales acceder a aplicaciones protegidas mediante MFA.[\/vc_column_text][\/vc_column][vc_column width=\u00bb1\/4&#8243;][vc_single_image image=\u00bb100274&#8243; img_size=\u00bbfull\u00bb][vc_column_text]<\/p>\n<h3>Llamada telef\u00f3nica<\/h3>\n<p>Los usuarios pueden recibir a trav\u00e9s de una llamada telef\u00f3nica instrucciones para completar el proceso de autenticaci\u00f3n secundaria.[\/vc_column_text][\/vc_column][vc_column width=\u00bb1\/4&#8243;][vc_single_image image=\u00bb100282&#8243; img_size=\u00bbfull\u00bb][vc_column_text]<\/p>\n<h3>Transportable como token<\/h3>\n<p>Puede utilizarse Apple iWatch para recibir notificaciones que contengan c\u00f3digos de acceso de un solo uso o enlaces URL de aprobaci\u00f3n para completar el proceso de autenticaci\u00f3n secundario.[\/vc_column_text][\/vc_column][\/vc_row]<\/p>\n<\/div>","protected":false},"excerpt":{"rendered":"<p>[vc_row full_width=\u00bbstretch_row\u00bb content_placement=\u00bbmiddle\u00bb css=\u00bb.vc_custom_1600884341333{background-image: url(https:\/\/www.cyberark.com\/wp-content\/uploads\/2020\/09\/app-gateway-hero.jpg?id=99689) !important;background-position: center !important;background-repeat: no-repeat !important;background-size: cover !important;}\u00bb el_class=\u00bbcyb-hero cyb-desktop\u00bb][vc_column el_class=\u00bbcyb-center cyb-white cyb-pad-btm\u00bb][vc_column_text el_class=\u00bbcyb-white\u00bb css=\u00bb.vc_custom_1600711713693{margin-top: 5.3125rem !important;margin-bottom: 20px !important;}\u00bb] FACTORES DE AUTENTICACI\u00d3N [\/vc_column_text][\/vc_column][\/vc_row][vc_row full_width=\u00bbstretch_row\u00bb content_placement=\u00bbmiddle\u00bb css=\u00bb.vc_custom_1600884402608{background-image: url(https:\/\/www.cyberark.com\/wp-content\/uploads\/2020\/09\/app-gateway-hero.jpg?id=99689) !important;background-position: center !important;background-repeat: no-repeat&#8230;<\/p>\n","protected":false},"author":164,"featured_media":0,"parent":53045,"menu_order":0,"comment_status":"closed","ping_status":"closed","template":"","meta":{"_acf_changed":false,"inline_featured_image":false,"footnotes":""},"product_category":[],"class_list":["post-104121","page","type-page","status-publish","hentry"],"acf":[],"yoast_head":"<!-- This site is optimized with the Yoast SEO Premium plugin v27.2 (Yoast SEO v27.2) - https:\/\/yoast.com\/product\/yoast-seo-premium-wordpress\/ -->\n<title>Factores de autenticaci\u00f3n | CyberArk<\/title>\n<meta name=\"robots\" content=\"index, follow, max-snippet:-1, max-image-preview:large, max-video-preview:-1\" \/>\n<link rel=\"canonical\" href=\"https:\/\/www.cyberark.com\/products\/authentication-factors\/\" \/>\n<meta property=\"og:locale\" content=\"es_ES\" \/>\n<meta property=\"og:type\" content=\"article\" \/>\n<meta property=\"og:title\" content=\"Factores de autenticaci\u00f3n\" \/>\n<meta property=\"og:description\" content=\"[vc_row full_width=\u00bbstretch_row\u00bb content_placement=\u00bbmiddle\u00bb css=\u00bb.vc_custom_1600884341333{background-image: url(https:\/\/www.cyberark.com\/wp-content\/uploads\/2020\/09\/app-gateway-hero.jpg?id=99689) !important;background-position: center !important;background-repeat: no-repeat !important;background-size: cover !important;}\u00bb el_class=\u00bbcyb-hero cyb-desktop\u00bb][vc_column el_class=\u00bbcyb-center cyb-white cyb-pad-btm\u00bb][vc_column_text el_class=\u00bbcyb-white\u00bb css=\u00bb.vc_custom_1600711713693{margin-top: 5.3125rem !important;margin-bottom: 20px !important;}\u00bb] FACTORES DE AUTENTICACI\u00d3N [\/vc_column_text][\/vc_column][\/vc_row][vc_row full_width=\u00bbstretch_row\u00bb content_placement=\u00bbmiddle\u00bb css=\u00bb.vc_custom_1600884402608{background-image: url(https:\/\/www.cyberark.com\/wp-content\/uploads\/2020\/09\/app-gateway-hero.jpg?id=99689) !important;background-position: center !important;background-repeat: no-repeat...\" \/>\n<meta property=\"og:url\" content=\"https:\/\/www.cyberark.com\/products\/authentication-factors\/\" \/>\n<meta property=\"og:site_name\" content=\"CyberArk\" \/>\n<meta property=\"article:publisher\" content=\"https:\/\/www.facebook.com\/CyberArk\/\" \/>\n<meta property=\"article:modified_time\" content=\"2020-10-30T14:52:02+00:00\" \/>\n<meta property=\"og:image\" content=\"https:\/\/www.cyberark.com\/wp-content\/uploads\/2022\/09\/CYBR-gradient-bg-og-120x627-01-1024x535.png\" \/>\n\t<meta property=\"og:image:width\" content=\"1024\" \/>\n\t<meta property=\"og:image:height\" content=\"535\" \/>\n\t<meta property=\"og:image:type\" content=\"image\/png\" \/>\n<meta name=\"twitter:card\" content=\"summary_large_image\" \/>\n<meta name=\"twitter:site\" content=\"@CyberArk\" \/>\n<meta name=\"twitter:label1\" content=\"Tiempo de lectura\" \/>\n\t<meta name=\"twitter:data1\" content=\"4 minutos\" \/>\n<script type=\"application\/ld+json\" class=\"yoast-schema-graph\">{\"@context\":\"https:\/\/schema.org\",\"@graph\":[{\"@type\":\"WebPage\",\"@id\":\"https:\/\/www.cyberark.com\/products\/authentication-factors\/\",\"url\":\"https:\/\/www.cyberark.com\/products\/authentication-factors\/\",\"name\":\"Factores de autenticaci\u00f3n | CyberArk\",\"isPartOf\":{\"@id\":\"https:\/\/www.cyberark.com\/#website\"},\"datePublished\":\"2020-10-30T14:49:29+00:00\",\"dateModified\":\"2020-10-30T14:52:02+00:00\",\"breadcrumb\":{\"@id\":\"https:\/\/www.cyberark.com\/products\/authentication-factors\/#breadcrumb\"},\"inLanguage\":\"es\",\"potentialAction\":[{\"@type\":\"ReadAction\",\"target\":[\"https:\/\/www.cyberark.com\/products\/authentication-factors\/\"]}]},{\"@type\":\"BreadcrumbList\",\"@id\":\"https:\/\/www.cyberark.com\/products\/authentication-factors\/#breadcrumb\",\"itemListElement\":[{\"@type\":\"ListItem\",\"position\":1,\"name\":\"Home\",\"item\":\"https:\/\/www.cyberark.com\/\"},{\"@type\":\"ListItem\",\"position\":2,\"name\":\"Productos\",\"item\":\"https:\/\/www.cyberark.com\/products\/\"},{\"@type\":\"ListItem\",\"position\":3,\"name\":\"Factores de autenticaci\u00f3n\"}]},{\"@type\":\"WebSite\",\"@id\":\"https:\/\/www.cyberark.com\/#website\",\"url\":\"https:\/\/www.cyberark.com\/\",\"name\":\"CyberArk\",\"description\":\"\",\"publisher\":{\"@id\":\"https:\/\/www.cyberark.com\/#organization\"},\"potentialAction\":[{\"@type\":\"SearchAction\",\"target\":{\"@type\":\"EntryPoint\",\"urlTemplate\":\"https:\/\/www.cyberark.com\/?s={search_term_string}\"},\"query-input\":{\"@type\":\"PropertyValueSpecification\",\"valueRequired\":true,\"valueName\":\"search_term_string\"}}],\"inLanguage\":\"es\"},{\"@type\":\"Organization\",\"@id\":\"https:\/\/www.cyberark.com\/#organization\",\"name\":\"CyberArk Software\",\"url\":\"https:\/\/www.cyberark.com\/\",\"logo\":{\"@type\":\"ImageObject\",\"inLanguage\":\"es\",\"@id\":\"https:\/\/www.cyberark.com\/#\/schema\/logo\/image\/\",\"url\":\"https:\/\/www.cyberark.com\/wp-content\/uploads\/2021\/02\/cyberark-logo-dark.svg\",\"contentUrl\":\"https:\/\/www.cyberark.com\/wp-content\/uploads\/2021\/02\/cyberark-logo-dark.svg\",\"width\":\"1024\",\"height\":\"1024\",\"caption\":\"CyberArk Software\"},\"image\":{\"@id\":\"https:\/\/www.cyberark.com\/#\/schema\/logo\/image\/\"},\"sameAs\":[\"https:\/\/www.facebook.com\/CyberArk\/\",\"https:\/\/x.com\/CyberArk\",\"https:\/\/www.linkedin.com\/company\/cyber-ark-software\/\"]}]}<\/script>\n<!-- \/ Yoast SEO Premium plugin. -->","yoast_head_json":{"title":"Factores de autenticaci\u00f3n | CyberArk","robots":{"index":"index","follow":"follow","max-snippet":"max-snippet:-1","max-image-preview":"max-image-preview:large","max-video-preview":"max-video-preview:-1"},"canonical":"https:\/\/www.cyberark.com\/products\/authentication-factors\/","og_locale":"es_ES","og_type":"article","og_title":"Factores de autenticaci\u00f3n","og_description":"[vc_row full_width=\u00bbstretch_row\u00bb content_placement=\u00bbmiddle\u00bb css=\u00bb.vc_custom_1600884341333{background-image: url(https:\/\/www.cyberark.com\/wp-content\/uploads\/2020\/09\/app-gateway-hero.jpg?id=99689) !important;background-position: center !important;background-repeat: no-repeat !important;background-size: cover !important;}\u00bb el_class=\u00bbcyb-hero cyb-desktop\u00bb][vc_column el_class=\u00bbcyb-center cyb-white cyb-pad-btm\u00bb][vc_column_text el_class=\u00bbcyb-white\u00bb css=\u00bb.vc_custom_1600711713693{margin-top: 5.3125rem !important;margin-bottom: 20px !important;}\u00bb] FACTORES DE AUTENTICACI\u00d3N [\/vc_column_text][\/vc_column][\/vc_row][vc_row full_width=\u00bbstretch_row\u00bb content_placement=\u00bbmiddle\u00bb css=\u00bb.vc_custom_1600884402608{background-image: url(https:\/\/www.cyberark.com\/wp-content\/uploads\/2020\/09\/app-gateway-hero.jpg?id=99689) !important;background-position: center !important;background-repeat: no-repeat...","og_url":"https:\/\/www.cyberark.com\/products\/authentication-factors\/","og_site_name":"CyberArk","article_publisher":"https:\/\/www.facebook.com\/CyberArk\/","article_modified_time":"2020-10-30T14:52:02+00:00","og_image":[{"width":1024,"height":535,"url":"https:\/\/www.cyberark.com\/wp-content\/uploads\/2022\/09\/CYBR-gradient-bg-og-120x627-01-1024x535.png","type":"image\/png"}],"twitter_card":"summary_large_image","twitter_site":"@CyberArk","twitter_misc":{"Tiempo de lectura":"4 minutos"},"schema":{"@context":"https:\/\/schema.org","@graph":[{"@type":"WebPage","@id":"https:\/\/www.cyberark.com\/products\/authentication-factors\/","url":"https:\/\/www.cyberark.com\/products\/authentication-factors\/","name":"Factores de autenticaci\u00f3n | CyberArk","isPartOf":{"@id":"https:\/\/www.cyberark.com\/#website"},"datePublished":"2020-10-30T14:49:29+00:00","dateModified":"2020-10-30T14:52:02+00:00","breadcrumb":{"@id":"https:\/\/www.cyberark.com\/products\/authentication-factors\/#breadcrumb"},"inLanguage":"es","potentialAction":[{"@type":"ReadAction","target":["https:\/\/www.cyberark.com\/products\/authentication-factors\/"]}]},{"@type":"BreadcrumbList","@id":"https:\/\/www.cyberark.com\/products\/authentication-factors\/#breadcrumb","itemListElement":[{"@type":"ListItem","position":1,"name":"Home","item":"https:\/\/www.cyberark.com\/"},{"@type":"ListItem","position":2,"name":"Productos","item":"https:\/\/www.cyberark.com\/products\/"},{"@type":"ListItem","position":3,"name":"Factores de autenticaci\u00f3n"}]},{"@type":"WebSite","@id":"https:\/\/www.cyberark.com\/#website","url":"https:\/\/www.cyberark.com\/","name":"CyberArk","description":"","publisher":{"@id":"https:\/\/www.cyberark.com\/#organization"},"potentialAction":[{"@type":"SearchAction","target":{"@type":"EntryPoint","urlTemplate":"https:\/\/www.cyberark.com\/?s={search_term_string}"},"query-input":{"@type":"PropertyValueSpecification","valueRequired":true,"valueName":"search_term_string"}}],"inLanguage":"es"},{"@type":"Organization","@id":"https:\/\/www.cyberark.com\/#organization","name":"CyberArk Software","url":"https:\/\/www.cyberark.com\/","logo":{"@type":"ImageObject","inLanguage":"es","@id":"https:\/\/www.cyberark.com\/#\/schema\/logo\/image\/","url":"https:\/\/www.cyberark.com\/wp-content\/uploads\/2021\/02\/cyberark-logo-dark.svg","contentUrl":"https:\/\/www.cyberark.com\/wp-content\/uploads\/2021\/02\/cyberark-logo-dark.svg","width":"1024","height":"1024","caption":"CyberArk Software"},"image":{"@id":"https:\/\/www.cyberark.com\/#\/schema\/logo\/image\/"},"sameAs":["https:\/\/www.facebook.com\/CyberArk\/","https:\/\/x.com\/CyberArk","https:\/\/www.linkedin.com\/company\/cyber-ark-software\/"]}]}},"_links":{"self":[{"href":"https:\/\/www.cyberark.com\/es\/wp-json\/wp\/v2\/pages\/104121","targetHints":{"allow":["GET"]}}],"collection":[{"href":"https:\/\/www.cyberark.com\/es\/wp-json\/wp\/v2\/pages"}],"about":[{"href":"https:\/\/www.cyberark.com\/es\/wp-json\/wp\/v2\/types\/page"}],"author":[{"embeddable":true,"href":"https:\/\/www.cyberark.com\/es\/wp-json\/wp\/v2\/users\/164"}],"replies":[{"embeddable":true,"href":"https:\/\/www.cyberark.com\/es\/wp-json\/wp\/v2\/comments?post=104121"}],"version-history":[{"count":0,"href":"https:\/\/www.cyberark.com\/es\/wp-json\/wp\/v2\/pages\/104121\/revisions"}],"up":[{"embeddable":true,"href":"https:\/\/www.cyberark.com\/es\/wp-json\/wp\/v2\/pages\/53045"}],"wp:attachment":[{"href":"https:\/\/www.cyberark.com\/es\/wp-json\/wp\/v2\/media?parent=104121"}],"wp:term":[{"taxonomy":"product_category","embeddable":true,"href":"https:\/\/www.cyberark.com\/es\/wp-json\/wp\/v2\/product_category?post=104121"}],"curies":[{"name":"wp","href":"https:\/\/api.w.org\/{rel}","templated":true}]}}