{"id":117232,"date":"2021-04-12T15:48:46","date_gmt":"2021-04-12T19:48:46","guid":{"rendered":"https:\/\/www.cyberark.com\/services-support\/certification\/"},"modified":"2023-12-08T08:18:37","modified_gmt":"2023-12-08T13:18:37","slug":"certification","status":"publish","type":"page","link":"https:\/\/www.cyberark.com\/es\/services-support\/certification\/","title":{"rendered":"Certificaci\u00f3n"},"content":{"rendered":"<div class=\"wpb-content-wrapper\"><p>[vc_row full_width=\u00bbstretch_row\u00bb el_class=\u00bbcybv2 int-hero slate\u00bb][vc_column width=\u00bb1\/2&#8243; el_class=\u00bbcolumn-1&#8243;][vc_column_text]<\/p>\n<h1>Certificaciones<\/h1>\n<h2>Prepare a su equipo para gestionar con \u00e9xito su soluci\u00f3n de Seguridad de la Identidad. El programa de certificaci\u00f3n de CyberArk ayuda a mejorar los conocimientos y las habilidades en lo que se trata de esta capa fundamental de seguridad.<\/h2>\n<p>[\/vc_column_text][vc_btn title=\u00bbAgende un examen\u00bb style=\u00bbcustom\u00bb custom_background=\u00bb\u00bb custom_text=\u00bb\u00bb shape=\u00bbsquare\u00bb link=\u00bburl:https%3A%2F%2Fhome.pearsonvue.com%2Fcyberark%2F|target:_blank|\u00bb el_class=\u00bbcybv2-button-solid\u00bb][vc_column_text el_class=\u00bblink-arrow-right\u00bb]<a href=\"https:\/\/training.cyberark.com\/\" target=\"_blank\" rel=\"noopener\">F\u00f3rmese<\/a><i class=\"fa fa-long-arrow-right\"><\/i>[\/vc_column_text][\/vc_column][vc_column width=\u00bb1\/2&#8243; el_class=\u00bbcolumn-2&#8243;][vc_column_text]<\/p>\n<div class=\"video-window\">    <script src=\"https:\/\/fast.wistia.com\/assets\/external\/E-v1.js\" async><\/script>\r\n            <div class=\"wistia_embed wistia_async_lrt2sah103 videoFoam=true\" style=\"width:580px;height:397px;\">&nbsp;<\/div>\r\n        <\/div>\n<p>[\/vc_column_text][\/vc_column][\/vc_row][vc_row full_width=\u00bbstretch_row\u00bb el_class=\u00bbcybv2 cybv2-pad-top overview-vt\u00bb css=\u00bb.vc_custom_1611617874123{background-color: #f7f7f7 !important;}\u00bb][vc_column width=\u00bb5\/12&#8243; el_class=\u00bbhead-box\u00bb][vc_column_text]<\/p>\n<h3>Preparados para el \u00e9xito<\/h3>\n<p>Ayude a su equipo a demostrar su experiencia con la Seguridad de la Identidad en general y las soluciones de CyberArk en particular.[\/vc_column_text][\/vc_column][vc_column width=\u00bb5\/12&#8243; offset=\u00bbvc_col-sm-offset-1&#8243;][vc_row_inner][vc_column_inner el_class=\u00bbcta-box\u00bb][vc_column_text]<img decoding=\"async\" class=\"alignnone size-full wp-image-114765\" src=\"https:\/\/www.cyberark.com\/wp-content\/uploads\/2021\/03\/Get-Ready.svg\" alt=\"Icono Prep\u00e1rese\" \/>[\/vc_column_text][vc_column_text]<\/p>\n<h4>Prep\u00e1rese<\/h4>\n<p>Tenga la certeza de que los miembros del equipo est\u00e1n preparados para operar y gestionar las soluciones de CyberArk.[\/vc_column_text][\/vc_column_inner][\/vc_row_inner][vc_row_inner][vc_column_inner el_class=\u00bbcta-box\u00bb][vc_column_text]<img decoding=\"async\" class=\"alignnone size-full wp-image-114773\" src=\"https:\/\/www.cyberark.com\/wp-content\/uploads\/2021\/03\/Move-Up.svg\" alt=\"Icono Suba de categor\u00eda\" \/>[\/vc_column_text][vc_column_text]<\/p>\n<h4>Suba de categor\u00eda<\/h4>\n<p>Consiga los diferentes niveles de las certificaciones de CyberArk a lo largo del tiempo.[\/vc_column_text][\/vc_column_inner][\/vc_row_inner][vc_row_inner][vc_column_inner el_class=\u00bbcta-box\u00bb][vc_column_text]<img decoding=\"async\" class=\"alignnone size-full wp-image-114781\" src=\"https:\/\/www.cyberark.com\/wp-content\/uploads\/2021\/03\/Open-Door.svg\" alt=\"Icono Abra nuevas puertas\" \/>[\/vc_column_text][vc_column_text]<\/p>\n<h4>Abra nuevas puertas<\/h4>\n<p>Valide su experiencia y ampl\u00ede sus oportunidades profesionales.[\/vc_column_text][\/vc_column_inner][\/vc_row_inner][\/vc_column][\/vc_row][vc_row el_class=\u00bbcybv2 cybv2-pad-top text-md-center\u00bb][vc_column][vc_column_text]<\/p>\n<h2>Opciones de certificaci\u00f3n<\/h2>\n<p>[\/vc_column_text][\/vc_column][\/vc_row][vc_row el_class=\u00bbcybv2 cybv2-pad-btm text-md-center\u00bb][vc_column width=\u00bb2\/3&#8243; offset=\u00bbvc_col-sm-offset-2&#8243;][vc_column_text]<\/p>\n<h5>Avance hasta el nivel que mejor se adapte a sus responsabilidades y ambiciones profesionales.<\/h5>\n<p>[\/vc_column_text][vc_btn title=\u00bbM\u00e1s informaci\u00f3n\u00bb style=\u00bbcustom\u00bb custom_background=\u00bb\u00bb custom_text=\u00bb\u00bb shape=\u00bbsquare\u00bb link=\u00bburl:https%3A%2F%2Fhome.pearsonvue.com%2FClients%2FCyberArk.aspx|target:_blank|\u00bb el_class=\u00bbcybv2-button-solid\u00bb css=\u00bb.vc_custom_1660680749686{margin-top: 20px !important;}\u00bb][\/vc_column][\/vc_row][vc_row el_class=\u00bbcybv2 seesaw cyb-reverse\u00bb][vc_column width=\u00bb7\/12&#8243; el_class=\u00bbbelow-left\u00bb][vc_column_text el_class=\u00bbdark\u00bb]<\/p>\n<h4>Defender<\/h4>\n<p>El titular de esta certificaci\u00f3n ha demostrado sus conocimientos te\u00f3ricos y experiencia pr\u00e1ctica en tareas diarias de mantenimiento y funcionamiento de la soluci\u00f3n de Seguridad de la Identidad.[\/vc_column_text][\/vc_column][vc_column width=\u00bb5\/12&#8243; el_class=\u00bbabove\u00bb][vc_column_text]<img loading=\"lazy\" decoding=\"async\" class=\"alignnone size-full wp-image-114797\" src=\"https:\/\/www.cyberark.com\/wp-content\/uploads\/2021\/03\/Certifications-SeeSaw-Defender.jpeg\" alt=\"Defender\" width=\"770\" height=\"515\" srcset=\"https:\/\/www.cyberark.com\/wp-content\/uploads\/2021\/03\/Certifications-SeeSaw-Defender.jpeg 770w, https:\/\/www.cyberark.com\/wp-content\/uploads\/2021\/03\/Certifications-SeeSaw-Defender-300x201.jpeg 300w, https:\/\/www.cyberark.com\/wp-content\/uploads\/2021\/03\/Certifications-SeeSaw-Defender-768x514.jpeg 768w, https:\/\/www.cyberark.com\/wp-content\/uploads\/2021\/03\/Certifications-SeeSaw-Defender-150x100.jpeg 150w\" sizes=\"auto, (max-width: 770px) 100vw, 770px\" \/>[\/vc_column_text][\/vc_column][\/vc_row][vc_row el_class=\u00bbcybv2 seesaw\u00bb][vc_column width=\u00bb5\/12&#8243; el_class=\u00bbabove\u00bb][vc_column_text]<img loading=\"lazy\" decoding=\"async\" class=\"alignnone size-full wp-image-114805\" src=\"https:\/\/www.cyberark.com\/wp-content\/uploads\/2021\/03\/Certifications-SeeSaw-Sentry.jpeg\" alt=\"Sentry\" width=\"770\" height=\"515\" srcset=\"https:\/\/www.cyberark.com\/wp-content\/uploads\/2021\/03\/Certifications-SeeSaw-Sentry.jpeg 770w, https:\/\/www.cyberark.com\/wp-content\/uploads\/2021\/03\/Certifications-SeeSaw-Sentry-300x201.jpeg 300w, https:\/\/www.cyberark.com\/wp-content\/uploads\/2021\/03\/Certifications-SeeSaw-Sentry-768x514.jpeg 768w, https:\/\/www.cyberark.com\/wp-content\/uploads\/2021\/03\/Certifications-SeeSaw-Sentry-150x100.jpeg 150w\" sizes=\"auto, (max-width: 770px) 100vw, 770px\" \/>[\/vc_column_text][\/vc_column][vc_column width=\u00bb7\/12&#8243; el_class=\u00bbbelow-right\u00bb][vc_column_text el_class=\u00bbdark\u00bb]<\/p>\n<h4>Sentry<\/h4>\n<p>El titular de la certificaci\u00f3n Sentry ha demostrado sus habilidades, tanto te\u00f3ricas como pr\u00e1cticas, con la implementaci\u00f3n y configuraci\u00f3n de la soluci\u00f3n de CyberArk.[\/vc_column_text][\/vc_column][\/vc_row][vc_row el_class=\u00bbcybv2 seesaw cyb-reverse\u00bb][vc_column width=\u00bb7\/12&#8243; el_class=\u00bbbelow-left\u00bb][vc_column_text el_class=\u00bbdark\u00bb]<\/p>\n<h4>Guardian<\/h4>\n<p>Los titulares de esta certificaci\u00f3n han demostrado habilidades avanzadas con las distintas soluciones de CyberArk y su capacidad para combinar la arquitectura organizacional con la estrategia de la Seguridad de la Identidad.[\/vc_column_text][\/vc_column][vc_column width=\u00bb5\/12&#8243; el_class=\u00bbabove\u00bb][vc_column_text]<img loading=\"lazy\" decoding=\"async\" class=\"alignnone size-full wp-image-114813\" src=\"https:\/\/www.cyberark.com\/wp-content\/uploads\/2021\/03\/Certifications-SeeSaw-Guardian.jpeg\" alt=\"Guardian\" width=\"770\" height=\"515\" srcset=\"https:\/\/www.cyberark.com\/wp-content\/uploads\/2021\/03\/Certifications-SeeSaw-Guardian.jpeg 770w, https:\/\/www.cyberark.com\/wp-content\/uploads\/2021\/03\/Certifications-SeeSaw-Guardian-300x201.jpeg 300w, https:\/\/www.cyberark.com\/wp-content\/uploads\/2021\/03\/Certifications-SeeSaw-Guardian-768x514.jpeg 768w, https:\/\/www.cyberark.com\/wp-content\/uploads\/2021\/03\/Certifications-SeeSaw-Guardian-150x100.jpeg 150w\" sizes=\"auto, (max-width: 770px) 100vw, 770px\" \/>[\/vc_column_text][\/vc_column][\/vc_row][vc_row full_width=\u00bbstretch_row\u00bb content_placement=\u00bbmiddle\u00bb el_class=\u00bbcybv2 cyberark-blueprint dark\u00bb][vc_column width=\u00bb1\/4&#8243;][vc_column_text el_class=\u00bbnew_hpstyle_section3_h4&#8243;]<\/p>\n<h3>Certif\u00edquese hoy mismo<\/h3>\n<p>[\/vc_column_text][\/vc_column][vc_column width=\u00bb5\/12&#8243; offset=\u00bbvc_col-sm-offset-1&#8243;][vc_column_text el_class=\u00bbnew_hpstyle_section3_text\u00bb]<\/p>\n<h4>Inicie el camino de su equipo hacia la excelencia en Seguridad de la Identidad.<\/h4>\n<p>[\/vc_column_text][\/vc_column][vc_column width=\u00bb1\/4&#8243;][vc_btn title=\u00bbComenzar\u00bb style=\u00bbcustom\u00bb custom_background=\u00bb\u00bb custom_text=\u00bb\u00bb shape=\u00bbsquare\u00bb align=\u00bbright\u00bb link=\u00bburl:https%3A%2F%2Ftraining.cyberark.com%2Fexams|target:_blank|\u00bb el_class=\u00bbcybv2-button-solid\u00bb][\/vc_column][\/vc_row][vc_row full_width=\u00bbstretch_row\u00bb el_class=\u00bbcybv2-pad cybv2 cybv2-background-oval tour\u00bb][vc_column][vc_row_inner el_class=\u00bbcyb-center\u00bb][vc_column_inner el_class=\u00bbcyb-pad-btm\u00bb][vc_column_text el_class=\u00bbleft-mobile\u00bb]<\/p>\n<h3>Preguntas frecuentes<\/h3>\n<p>[\/vc_column_text][\/vc_column_inner][\/vc_row_inner][vc_tta_tour shape=\u00bbsquare\u00bb active_section=\u00bb1&#8243; css_animation=\u00bbnone\u00bb][vc_tta_section i_position=\u00bbright\u00bb i_icon_fontawesome=\u00bbfas fa-chevron-circle-down\u00bb add_icon=\u00bbtrue\u00bb title=\u00bb\u00bfD\u00f3nde est\u00e1n disponibles las clases de CyberArk y d\u00f3nde puedo ver los horarios de los cursos?\u00bb tab_id=\u00bbquestion-1&#8243;][vc_row_inner el_class=\u00bbcybv2&#8243;][vc_column_inner offset=\u00bbvc_col-md-offset-1 vc_col-md-10 vc_col-sm-offset-0&#8243;][vc_column_text]<\/p>\n<h4>\u00bfD\u00f3nde est\u00e1n disponibles las clases de CyberArk y d\u00f3nde puedo ver los horarios de los cursos?<\/h4>\n<p>La formaci\u00f3n est\u00e1 disponible en todo el mundo en varias zonas horarias. Puede buscar clases en nuestro <a href=\"https:\/\/training.cyberark.com\/#upcoming-events\" target=\"_blank\" rel=\"noopener\">calendario de formaci\u00f3n<\/a> o seleccionar cualquier curso impartido por un instructor para ver los pr\u00f3ximos eventos de la clase.[\/vc_column_text][\/vc_column_inner][\/vc_row_inner][\/vc_tta_section][vc_tta_section i_position=\u00bbright\u00bb i_icon_fontawesome=\u00bbfas fa-chevron-circle-down\u00bb add_icon=\u00bbtrue\u00bb title=\u00bb\u00bfC\u00f3mo creo una cuenta de formaci\u00f3n?\u00bb tab_id=\u00bbquestion-2&#8243;][vc_row_inner el_class=\u00bbcybv2&#8243;][vc_column_inner offset=\u00bbvc_col-md-offset-1 vc_col-md-10&#8243;][vc_column_text]<\/p>\n<h4>\u00bfC\u00f3mo creo una cuenta de formaci\u00f3n?<\/h4>\n<p>Si es cliente o socio, puede acceder a la CyberArk University desde la <a href=\"https:\/\/cyberark.my.site.com\/s\" target=\"_blank\" rel=\"noopener\">Comunidad t\u00e9cnica de CyberArk<\/a>. Los usuarios p\u00fablicos pueden crear una cuenta con acceso limitado a la formaci\u00f3n a trav\u00e9s de la p\u00e1gina de inicio de sesi\u00f3n.[\/vc_column_text][\/vc_column_inner][\/vc_row_inner][\/vc_tta_section][vc_tta_section i_position=\u00bbright\u00bb i_icon_fontawesome=\u00bbfas fa-chevron-circle-down\u00bb add_icon=\u00bbtrue\u00bb title=\u00bb\u00bfC\u00f3mo funciona la formaci\u00f3n en l\u00ednea en directo (virtual)?\u00bb tab_id=\u00bbquestion-3&#8243;][vc_row_inner el_class=\u00bbcybv2&#8243;][vc_column_inner offset=\u00bbvc_col-md-offset-1 vc_col-md-10&#8243;][vc_column_text]<\/p>\n<h4>\u00bfC\u00f3mo funciona la formaci\u00f3n en l\u00ednea en directo (virtual)?<\/h4>\n<p>Todos nuestros cursos en l\u00ednea son impartidos por un instructor en directo. Tendr\u00e1 la posibilidad de interactuar directamente con el formador; utilizamos reuniones en l\u00ednea as\u00ed como laboratorios virtuales pr\u00e1cticos. Una vez inscrito en una clase, recibir\u00e1 instrucciones detalladas sobre c\u00f3mo acceder a ella.[\/vc_column_text][\/vc_column_inner][\/vc_row_inner][\/vc_tta_section][vc_tta_section i_position=\u00bbright\u00bb i_icon_fontawesome=\u00bbfas fa-chevron-circle-down\u00bb add_icon=\u00bbtrue\u00bb title=\u00bb\u00bfSirven los cursos de CyberArk para obtener cr\u00e9ditos CPE?\u00bb tab_id=\u00bbquestion-4&#8243;][vc_row_inner el_class=\u00bbcybv2&#8243;][vc_column_inner offset=\u00bbvc_col-md-offset-1 vc_col-md-10&#8243;][vc_column_text]<\/p>\n<h4>\u00bfSirven los cursos de CyberArk para obtener cr\u00e9ditos CPE?<\/h4>\n<p>S\u00ed. Puede utilizar el certificado de finalizaci\u00f3n para presentar cr\u00e9ditos CPE en cualquiera de nuestros cursos de CyberArk.[\/vc_column_text][\/vc_column_inner][\/vc_row_inner][\/vc_tta_section][vc_tta_section i_position=\u00bbright\u00bb i_icon_fontawesome=\u00bbfas fa-chevron-circle-up\u00bb add_icon=\u00bbtrue\u00bb title=\u00bb\u00bfD\u00f3nde puedo realizar los ex\u00e1menes de certificaci\u00f3n Defender y Sentry?\u00bb tab_id=\u00bbquestion-5&#8243;][vc_row_inner el_class=\u00bbcybv2&#8243;][vc_column_inner offset=\u00bbvc_col-md-offset-1 vc_col-md-10&#8243;][vc_column_text]<\/p>\n<h4>\u00bfD\u00f3nde puedo realizar los ex\u00e1menes de certificaci\u00f3n Defender y Sentry?<\/h4>\n<p>Pearson VUE gestiona los ex\u00e1menes supervisados de CyberArk. Ahora podemos realizar el examen supervisado en l\u00ednea, lo que significa que puede realizarlo en casa o en la oficina. Dondequiera que realice la prueba, debe estar en una habitaci\u00f3n con la puerta cerrada y sin distracciones. No se permite que nadie m\u00e1s est\u00e9 en la habitaci\u00f3n con usted mientras realiza la prueba.[\/vc_column_text][\/vc_column_inner][\/vc_row_inner][\/vc_tta_section][\/vc_tta_tour][vc_raw_js]JTNDc2NyaXB0JTNFJTBBaWYlMjAlMjhqUXVlcnklMjh3aW5kb3clMjkud2lkdGglMjglMjklMjAlM0MlMjA3NjglMjklMjAlN0IlMEFqUXVlcnklMjglMjIudG91ciUyMC52Y190dGEtcGFuZWwlMjIlMjkub24lMjglMjJjbGljayUyMiUyQ2Z1bmN0aW9uJTI4JTI5JTIwJTdCJTBBJTA5JTBBJTA5aWYlMjhqUXVlcnklMjh0aGlzJTI5Lmhhc0NsYXNzJTI4JTIydmNfYWN0aXZlJTIyJTI5JTI5JTdCJTBBJTA5JTA5JTBBJTA5JTA5c2V0VGltZW91dCUyOGZ1bmN0aW9uJTI4JTI5JTdCJTBBJTA5JTA5JTA5alF1ZXJ5JTI4JTIyLnRvdXIlMjAudmNfdHRhLXBhbmVsJTIyJTI5LnJlbW92ZUNsYXNzJTI4JTIydmNfYWN0aXZlJTIyJTI5JTNCJTIwJTBBJTA5JTA5JTdEJTJDMTAwJTI5JTBBJTA5JTA5JTBBJTA5JTA5cmV0dXJuJTIwZmFsc2UlM0IlMEElMDklN0QlMEElN0QlMjklM0IlMEElN0QlMEElMEFqUXVlcnklMjglMjIudG91ciUyMC52Y190dGEtcGFuZWwlMjAud3BiX3RleHRfY29sdW1uJTIwYSUyMiUyOS5jbGljayUyOGZ1bmN0aW9uJTI4ZSUyOSUyMCU3QiUwQSUyMCUyMCUyMCUyRiUyRiUyMERvJTIwc29tZXRoaW5nJTBBJTIwJTIwJTIwZS5zdG9wUHJvcGFnYXRpb24lMjglMjklM0IlMEElN0QlMjklM0IlMEElM0MlMkZzY3JpcHQlM0U=[\/vc_raw_js][\/vc_column][\/vc_row]<\/p>\n<\/div>","protected":false},"excerpt":{"rendered":"<p>[vc_row full_width=\u00bbstretch_row\u00bb el_class=\u00bbcybv2 int-hero slate\u00bb][vc_column width=\u00bb1\/2&#8243; el_class=\u00bbcolumn-1&#8243;][vc_column_text] Certificaciones Prepare a su equipo para gestionar con \u00e9xito su soluci\u00f3n de Seguridad de la Identidad. El programa de certificaci\u00f3n de CyberArk ayuda a mejorar los conocimientos y&#8230;<\/p>\n","protected":false},"author":164,"featured_media":0,"parent":53047,"menu_order":0,"comment_status":"closed","ping_status":"closed","template":"","meta":{"_acf_changed":false,"inline_featured_image":false,"footnotes":""},"product_category":[],"class_list":["post-117232","page","type-page","status-publish","hentry"],"acf":[],"yoast_head":"<!-- This site is optimized with the Yoast SEO Premium plugin v27.2 (Yoast SEO v27.2) - https:\/\/yoast.com\/product\/yoast-seo-premium-wordpress\/ -->\n<title>Programa de certificaci\u00f3n de Seguridad de la Identidad | CyberArk<\/title>\n<meta name=\"description\" content=\"Aumente sus conocimientos y habilidades sobre la capa fundamental de seguridad de la gesti\u00f3n del acceso y la identidad. Obtenga la certificaci\u00f3n para preparar a su equipo para el \u00e9xito\" \/>\n<meta name=\"robots\" content=\"index, follow, max-snippet:-1, max-image-preview:large, max-video-preview:-1\" \/>\n<link rel=\"canonical\" href=\"https:\/\/www.cyberark.com\/services-support\/certification\/\" \/>\n<meta property=\"og:locale\" content=\"es_ES\" \/>\n<meta property=\"og:type\" content=\"article\" \/>\n<meta property=\"og:title\" content=\"Certificaci\u00f3n\" \/>\n<meta property=\"og:description\" content=\"Aumente sus conocimientos y habilidades sobre la capa fundamental de seguridad de la gesti\u00f3n del acceso y la identidad. Obtenga la certificaci\u00f3n para preparar a su equipo para el \u00e9xito\" \/>\n<meta property=\"og:url\" content=\"https:\/\/www.cyberark.com\/services-support\/certification\/\" \/>\n<meta property=\"og:site_name\" content=\"CyberArk\" \/>\n<meta property=\"article:publisher\" content=\"https:\/\/www.facebook.com\/CyberArk\/\" \/>\n<meta property=\"article:modified_time\" content=\"2023-12-08T13:18:37+00:00\" \/>\n<meta property=\"og:image\" content=\"https:\/\/www.cyberark.com\/wp-content\/uploads\/2021\/03\/Get-Ready.svg\" \/>\n<meta name=\"twitter:card\" content=\"summary_large_image\" \/>\n<meta name=\"twitter:site\" content=\"@CyberArk\" \/>\n<meta name=\"twitter:label1\" content=\"Tiempo de lectura\" \/>\n\t<meta name=\"twitter:data1\" content=\"5 minutos\" \/>\n<script type=\"application\/ld+json\" class=\"yoast-schema-graph\">{\"@context\":\"https:\/\/schema.org\",\"@graph\":[{\"@type\":\"WebPage\",\"@id\":\"https:\/\/www.cyberark.com\/services-support\/certification\/\",\"url\":\"https:\/\/www.cyberark.com\/services-support\/certification\/\",\"name\":\"Programa de certificaci\u00f3n de Seguridad de la Identidad | CyberArk\",\"isPartOf\":{\"@id\":\"https:\/\/www.cyberark.com\/#website\"},\"primaryImageOfPage\":{\"@id\":\"https:\/\/www.cyberark.com\/services-support\/certification\/#primaryimage\"},\"image\":{\"@id\":\"https:\/\/www.cyberark.com\/services-support\/certification\/#primaryimage\"},\"thumbnailUrl\":\"https:\/\/www.cyberark.com\/wp-content\/uploads\/2021\/03\/Get-Ready.svg\",\"datePublished\":\"2021-04-12T19:48:46+00:00\",\"dateModified\":\"2023-12-08T13:18:37+00:00\",\"description\":\"Aumente sus conocimientos y habilidades sobre la capa fundamental de seguridad de la gesti\u00f3n del acceso y la identidad. Obtenga la certificaci\u00f3n para preparar a su equipo para el \u00e9xito\",\"breadcrumb\":{\"@id\":\"https:\/\/www.cyberark.com\/services-support\/certification\/#breadcrumb\"},\"inLanguage\":\"es\",\"potentialAction\":[{\"@type\":\"ReadAction\",\"target\":[\"https:\/\/www.cyberark.com\/services-support\/certification\/\"]}]},{\"@type\":\"ImageObject\",\"inLanguage\":\"es\",\"@id\":\"https:\/\/www.cyberark.com\/services-support\/certification\/#primaryimage\",\"url\":\"https:\/\/www.cyberark.com\/wp-content\/uploads\/2021\/03\/Get-Ready.svg\",\"contentUrl\":\"https:\/\/www.cyberark.com\/wp-content\/uploads\/2021\/03\/Get-Ready.svg\"},{\"@type\":\"BreadcrumbList\",\"@id\":\"https:\/\/www.cyberark.com\/services-support\/certification\/#breadcrumb\",\"itemListElement\":[{\"@type\":\"ListItem\",\"position\":1,\"name\":\"Home\",\"item\":\"https:\/\/www.cyberark.com\/\"},{\"@type\":\"ListItem\",\"position\":2,\"name\":\"Servicios y asistencia\",\"item\":\"https:\/\/www.cyberark.com\/services-support\/\"},{\"@type\":\"ListItem\",\"position\":3,\"name\":\"Certificaci\u00f3n\"}]},{\"@type\":\"WebSite\",\"@id\":\"https:\/\/www.cyberark.com\/#website\",\"url\":\"https:\/\/www.cyberark.com\/\",\"name\":\"CyberArk\",\"description\":\"\",\"publisher\":{\"@id\":\"https:\/\/www.cyberark.com\/#organization\"},\"potentialAction\":[{\"@type\":\"SearchAction\",\"target\":{\"@type\":\"EntryPoint\",\"urlTemplate\":\"https:\/\/www.cyberark.com\/?s={search_term_string}\"},\"query-input\":{\"@type\":\"PropertyValueSpecification\",\"valueRequired\":true,\"valueName\":\"search_term_string\"}}],\"inLanguage\":\"es\"},{\"@type\":\"Organization\",\"@id\":\"https:\/\/www.cyberark.com\/#organization\",\"name\":\"CyberArk Software\",\"url\":\"https:\/\/www.cyberark.com\/\",\"logo\":{\"@type\":\"ImageObject\",\"inLanguage\":\"es\",\"@id\":\"https:\/\/www.cyberark.com\/#\/schema\/logo\/image\/\",\"url\":\"https:\/\/www.cyberark.com\/wp-content\/uploads\/2021\/02\/cyberark-logo-dark.svg\",\"contentUrl\":\"https:\/\/www.cyberark.com\/wp-content\/uploads\/2021\/02\/cyberark-logo-dark.svg\",\"width\":\"1024\",\"height\":\"1024\",\"caption\":\"CyberArk Software\"},\"image\":{\"@id\":\"https:\/\/www.cyberark.com\/#\/schema\/logo\/image\/\"},\"sameAs\":[\"https:\/\/www.facebook.com\/CyberArk\/\",\"https:\/\/x.com\/CyberArk\",\"https:\/\/www.linkedin.com\/company\/cyber-ark-software\/\"]}]}<\/script>\n<!-- \/ Yoast SEO Premium plugin. -->","yoast_head_json":{"title":"Programa de certificaci\u00f3n de Seguridad de la Identidad | CyberArk","description":"Aumente sus conocimientos y habilidades sobre la capa fundamental de seguridad de la gesti\u00f3n del acceso y la identidad. Obtenga la certificaci\u00f3n para preparar a su equipo para el \u00e9xito","robots":{"index":"index","follow":"follow","max-snippet":"max-snippet:-1","max-image-preview":"max-image-preview:large","max-video-preview":"max-video-preview:-1"},"canonical":"https:\/\/www.cyberark.com\/services-support\/certification\/","og_locale":"es_ES","og_type":"article","og_title":"Certificaci\u00f3n","og_description":"Aumente sus conocimientos y habilidades sobre la capa fundamental de seguridad de la gesti\u00f3n del acceso y la identidad. Obtenga la certificaci\u00f3n para preparar a su equipo para el \u00e9xito","og_url":"https:\/\/www.cyberark.com\/services-support\/certification\/","og_site_name":"CyberArk","article_publisher":"https:\/\/www.facebook.com\/CyberArk\/","article_modified_time":"2023-12-08T13:18:37+00:00","og_image":[{"url":"https:\/\/www.cyberark.com\/wp-content\/uploads\/2021\/03\/Get-Ready.svg","type":"","width":"","height":""}],"twitter_card":"summary_large_image","twitter_site":"@CyberArk","twitter_misc":{"Tiempo de lectura":"5 minutos"},"schema":{"@context":"https:\/\/schema.org","@graph":[{"@type":"WebPage","@id":"https:\/\/www.cyberark.com\/services-support\/certification\/","url":"https:\/\/www.cyberark.com\/services-support\/certification\/","name":"Programa de certificaci\u00f3n de Seguridad de la Identidad | CyberArk","isPartOf":{"@id":"https:\/\/www.cyberark.com\/#website"},"primaryImageOfPage":{"@id":"https:\/\/www.cyberark.com\/services-support\/certification\/#primaryimage"},"image":{"@id":"https:\/\/www.cyberark.com\/services-support\/certification\/#primaryimage"},"thumbnailUrl":"https:\/\/www.cyberark.com\/wp-content\/uploads\/2021\/03\/Get-Ready.svg","datePublished":"2021-04-12T19:48:46+00:00","dateModified":"2023-12-08T13:18:37+00:00","description":"Aumente sus conocimientos y habilidades sobre la capa fundamental de seguridad de la gesti\u00f3n del acceso y la identidad. Obtenga la certificaci\u00f3n para preparar a su equipo para el \u00e9xito","breadcrumb":{"@id":"https:\/\/www.cyberark.com\/services-support\/certification\/#breadcrumb"},"inLanguage":"es","potentialAction":[{"@type":"ReadAction","target":["https:\/\/www.cyberark.com\/services-support\/certification\/"]}]},{"@type":"ImageObject","inLanguage":"es","@id":"https:\/\/www.cyberark.com\/services-support\/certification\/#primaryimage","url":"https:\/\/www.cyberark.com\/wp-content\/uploads\/2021\/03\/Get-Ready.svg","contentUrl":"https:\/\/www.cyberark.com\/wp-content\/uploads\/2021\/03\/Get-Ready.svg"},{"@type":"BreadcrumbList","@id":"https:\/\/www.cyberark.com\/services-support\/certification\/#breadcrumb","itemListElement":[{"@type":"ListItem","position":1,"name":"Home","item":"https:\/\/www.cyberark.com\/"},{"@type":"ListItem","position":2,"name":"Servicios y asistencia","item":"https:\/\/www.cyberark.com\/services-support\/"},{"@type":"ListItem","position":3,"name":"Certificaci\u00f3n"}]},{"@type":"WebSite","@id":"https:\/\/www.cyberark.com\/#website","url":"https:\/\/www.cyberark.com\/","name":"CyberArk","description":"","publisher":{"@id":"https:\/\/www.cyberark.com\/#organization"},"potentialAction":[{"@type":"SearchAction","target":{"@type":"EntryPoint","urlTemplate":"https:\/\/www.cyberark.com\/?s={search_term_string}"},"query-input":{"@type":"PropertyValueSpecification","valueRequired":true,"valueName":"search_term_string"}}],"inLanguage":"es"},{"@type":"Organization","@id":"https:\/\/www.cyberark.com\/#organization","name":"CyberArk Software","url":"https:\/\/www.cyberark.com\/","logo":{"@type":"ImageObject","inLanguage":"es","@id":"https:\/\/www.cyberark.com\/#\/schema\/logo\/image\/","url":"https:\/\/www.cyberark.com\/wp-content\/uploads\/2021\/02\/cyberark-logo-dark.svg","contentUrl":"https:\/\/www.cyberark.com\/wp-content\/uploads\/2021\/02\/cyberark-logo-dark.svg","width":"1024","height":"1024","caption":"CyberArk Software"},"image":{"@id":"https:\/\/www.cyberark.com\/#\/schema\/logo\/image\/"},"sameAs":["https:\/\/www.facebook.com\/CyberArk\/","https:\/\/x.com\/CyberArk","https:\/\/www.linkedin.com\/company\/cyber-ark-software\/"]}]}},"_links":{"self":[{"href":"https:\/\/www.cyberark.com\/es\/wp-json\/wp\/v2\/pages\/117232","targetHints":{"allow":["GET"]}}],"collection":[{"href":"https:\/\/www.cyberark.com\/es\/wp-json\/wp\/v2\/pages"}],"about":[{"href":"https:\/\/www.cyberark.com\/es\/wp-json\/wp\/v2\/types\/page"}],"author":[{"embeddable":true,"href":"https:\/\/www.cyberark.com\/es\/wp-json\/wp\/v2\/users\/164"}],"replies":[{"embeddable":true,"href":"https:\/\/www.cyberark.com\/es\/wp-json\/wp\/v2\/comments?post=117232"}],"version-history":[{"count":0,"href":"https:\/\/www.cyberark.com\/es\/wp-json\/wp\/v2\/pages\/117232\/revisions"}],"up":[{"embeddable":true,"href":"https:\/\/www.cyberark.com\/es\/wp-json\/wp\/v2\/pages\/53047"}],"wp:attachment":[{"href":"https:\/\/www.cyberark.com\/es\/wp-json\/wp\/v2\/media?parent=117232"}],"wp:term":[{"taxonomy":"product_category","embeddable":true,"href":"https:\/\/www.cyberark.com\/es\/wp-json\/wp\/v2\/product_category?post=117232"}],"curies":[{"name":"wp","href":"https:\/\/api.w.org\/{rel}","templated":true}]}}