{"id":134362,"date":"2022-09-15T14:56:52","date_gmt":"2022-09-15T18:56:52","guid":{"rendered":"https:\/\/www.cyberark.com\/services-support\/contacto-de-asistencia-tecnica\/"},"modified":"2024-06-21T14:01:11","modified_gmt":"2024-06-21T18:01:11","slug":"technical-support-contact","status":"publish","type":"page","link":"https:\/\/www.cyberark.com\/es\/services-support\/technical-support-contact\/","title":{"rendered":"Technical Support Contact"},"content":{"rendered":"<div class=\"wpb-content-wrapper\"><p>[vc_row full_width=\u00bbstretch_row\u00bb el_class=\u00bbcybv2 int-hero-noimg slate\u00bb][vc_column width=\u00bb3\/4&#8243; el_class=\u00bbcolumn-1&#8243;][vc_column_text]<\/p>\n<h1>P\u00f3ngase en contacto con la asistencia t\u00e9cnica<\/h1>\n<h2>Nuestro equipo est\u00e1 a su disposici\u00f3n para ayudarle a garantizar un rendimiento \u00f3ptimo de sus soluciones CyberArk.<\/h2>\n<p>[\/vc_column_text][vc_btn title=\u00bbRegistrar un caso\u00bb style=\u00bbcustom\u00bb custom_background=\u00bb\u00bb custom_text=\u00bb\u00bb shape=\u00bbsquare\u00bb link=\u00bburl:https%3A%2F%2Fcyberark.my.site.com%2Fs%2Flogin%2F|target:_blank|\u00bb el_class=\u00bbcybv2-button-solid\u00bb][vc_column_text el_class=\u00bblink-arrow-right\u00bb]<a href=\"https:\/\/www.cyberark.com\/resources\/product-datasheets\/cyberark-technical-support-guide\">Gu\u00eda de asistencia t\u00e9cnica<\/a><i class=\"fa fa-long-arrow-right\"><\/i>[\/vc_column_text][\/vc_column][\/vc_row][vc_row el_class=\u00bbcybv2 cybv2-pad-top overview-hz\u00bb][vc_column width=\u00bb1\/4&#8243; el_class=\u00bbhead-box\u00bb][vc_column_text]<\/p>\n<h3>Recursos de asistencia<\/h3>\n<p>Entre bastidores, todas nuestras ofertas de asistencia est\u00e1n respaldadas por una plantilla especializada formada por ingenieros de asistencia y directores de servicio al cliente que se comprometen a ayudarle a garantizar un rendimiento \u00f3ptimo de sus soluciones CyberArk.[\/vc_column_text][\/vc_column][vc_column width=\u00bb2\/3&#8243; offset=\u00bbvc_col-sm-offset-1&#8243;][vc_row_inner equal_height=\u00bbyes\u00bb][vc_column_inner el_class=\u00bbcta-box\u00bb width=\u00bb5\/12&#8243;][vc_column_text]<img decoding=\"async\" class=\"alignnone size-full wp-image-121717\" src=\"https:\/\/www.cyberark.com\/wp-content\/uploads\/2021\/07\/ContactSupport-techsupportaccess-icon.svg\" alt=\"Contact CyberArk Support\" \/>[\/vc_column_text][vc_column_text css=\u00bb.vc_custom_1696828160183{padding-bottom: 20px !important;}\u00bb]<\/p>\n<h4>Acceso a la asistencia t\u00e9cnica<\/h4>\n<p>Pregunte por correo electr\u00f3nico sobre las pr\u00e1cticas recomendadas para la funcionalidad de los productos.[\/vc_column_text][vc_column_text el_class=\u00bblink-arrow-right\u00bb]<a href=\"mailto:support@cyberark.com\">Correo electr\u00f3nico<\/a><i class=\"fa fa-long-arrow-right\"><\/i>[\/vc_column_text][\/vc_column_inner][vc_column_inner el_class=\u00bbcta-box\u00bb width=\u00bb5\/12&#8243; offset=\u00bbvc_col-sm-offset-1&#8243;][vc_column_text]<img decoding=\"async\" class=\"alignnone size-full wp-image-121928\" src=\"https:\/\/www.cyberark.com\/wp-content\/uploads\/2021\/08\/ContactSupport-supportportal.svg\" alt=\"Submit a Case\" \/>[\/vc_column_text][vc_column_text css=\u00bb.vc_custom_1696828167482{padding-bottom: 20px !important;}\u00bb]<\/p>\n<h4>Portal de asistencia<\/h4>\n<p>Registre casos y obtenga una visi\u00f3n general inmediata de todas sus consultas a trav\u00e9s del m\u00f3dulo de casos de la Comunidad T\u00e9cnica.[\/vc_column_text][vc_column_text el_class=\u00bblink-arrow-right\u00bb]<a href=\"https:\/\/cyberark.my.site.com\/s\/login\/\" target=\"_blank\" rel=\"noopener\">Presentar un caso<\/a><i class=\"fa fa-long-arrow-right\"><\/i>[\/vc_column_text][\/vc_column_inner][vc_column_inner el_class=\u00bbcta-box\u00bb width=\u00bb5\/12&#8243;][vc_column_text]<img decoding=\"async\" class=\"alignnone size-full wp-image-121768\" src=\"https:\/\/www.cyberark.com\/wp-content\/uploads\/2021\/08\/ContactSupport-technicalcommunity-icon.svg\" alt=\"Engage Technical Community\" \/>[\/vc_column_text][vc_column_text css=\u00bb.vc_custom_1696828175940{padding-bottom: 20px !important;}\u00bb]<\/p>\n<h4>Comunidad T\u00e9cnica<\/h4>\n<p>Aproveche el servicio integral de CyberArk para obtener recursos de autoservicio y para que los usuarios obtengan respuestas r\u00e1pidamente.[\/vc_column_text][vc_column_text el_class=\u00bblink-arrow-right\u00bb]<a href=\"https:\/\/cyberark.my.site.com\/s\/login\/\" target=\"_blank\" rel=\"noopener\">Comunidad T\u00e9cnica<\/a><i class=\"fa fa-long-arrow-right\"><\/i>[\/vc_column_text][\/vc_column_inner][vc_column_inner el_class=\u00bbcta-box\u00bb width=\u00bb5\/12&#8243; offset=\u00bbvc_col-sm-offset-1&#8243;][vc_column_text]<img decoding=\"async\" class=\"alignnone size-full wp-image-121936\" src=\"https:\/\/www.cyberark.com\/wp-content\/uploads\/2021\/08\/ContactSupport-supportfaq-icon.svg\" alt=\"View Support FAQ\" \/>[\/vc_column_text][vc_column_text css=\u00bb.vc_custom_1628018691461{padding-bottom: 20px !important;}\u00bb]<\/p>\n<h4>Preguntas frecuentes de asistencia<\/h4>\n<p>Descubra c\u00f3mo aprovechar el amplio equipo de Asistencia T\u00e9cnica y los diversos recursos de CyberArk.[\/vc_column_text][vc_column_text el_class=\u00bblink-arrow-right\u00bb]<a href=\"https:\/\/www.cyberark.com\/es\/services-support\/technical-support-faq\/\">Ver las Preguntas frecuentes de asistencia<\/a><i class=\"fa fa-long-arrow-right\"><\/i>[\/vc_column_text][\/vc_column_inner][\/vc_row_inner][\/vc_column][\/vc_row][vc_row full_width=\u00bbstretch_row\u00bb equal_height=\u00bbyes\u00bb el_class=\u00bbcybv2 cybv2-pad-top overview-more-col\u00bb css=\u00bb.vc_custom_1628019872936{background-color: #f7f7f7 !important;}\u00bb][vc_column width=\u00bb5\/6&#8243; el_class=\u00bbheading\u00bb][vc_column_text]<\/p>\n<h3>Asistencia por tel\u00e9fono<\/h3>\n<p>[\/vc_column_text][\/vc_column][vc_column width=\u00bb1\/3&#8243; el_class=\u00bbcta-box\u00bb][vc_column_text]<img decoding=\"async\" class=\"alignnone wp-image-129790 size-full\" src=\"https:\/\/www.cyberark.com\/wp-content\/uploads\/2022\/04\/user-phone-icon.svg\" alt=\"Phone support icon\" \/>[\/vc_column_text][vc_column_text el_class=\u00bblink-arrow-right\u00bb]<\/p>\n<h4>Americas<\/h4>\n<p>+1-855-636-1536<br \/>\n+1-617-430-5875[\/vc_column_text][\/vc_column][vc_column width=\u00bb1\/3&#8243; el_class=\u00bbcta-box\u00bb][vc_column_text]<img decoding=\"async\" class=\"alignnone wp-image-129790 size-full\" src=\"https:\/\/www.cyberark.com\/wp-content\/uploads\/2022\/04\/user-phone-icon.svg\" alt=\"Phone support icon\" \/>[\/vc_column_text][vc_column_text el_class=\u00bblink-arrow-right\u00bb]<\/p>\n<h4>Europa, Oriente Medio y \u00c1frica<\/h4>\n<p>+44-800-0668865[\/vc_column_text][\/vc_column][vc_column width=\u00bb1\/3&#8243; el_class=\u00bbcta-box\u00bb][vc_column_text]<img decoding=\"async\" class=\"alignnone wp-image-129790 size-full\" src=\"https:\/\/www.cyberark.com\/wp-content\/uploads\/2022\/04\/user-phone-icon.svg\" alt=\"Phone support icon\" \/>[\/vc_column_text][vc_column_text el_class=\u00bblink-arrow-right\u00bb]<\/p>\n<h4>Asia-Pac\u00edfico y Jap\u00f3n<\/h4>\n<p>+65-6460-4254[\/vc_column_text][\/vc_column][vc_column width=\u00bb1\/3&#8243; el_class=\u00bbcta-box\u00bb][vc_column_text]<img decoding=\"async\" class=\"alignnone wp-image-129790 size-full\" src=\"https:\/\/www.cyberark.com\/wp-content\/uploads\/2022\/04\/user-phone-icon.svg\" alt=\"Phone support icon\" \/>[\/vc_column_text][vc_column_text el_class=\u00bblink-arrow-right\u00bb]<\/p>\n<h4>Israel<\/h4>\n<p>+972-1809-344-251[\/vc_column_text][\/vc_column][vc_column width=\u00bb1\/3&#8243; el_class=\u00bbcta-box\u00bb][vc_column_text]<img decoding=\"async\" class=\"alignnone wp-image-129790 size-full\" src=\"https:\/\/www.cyberark.com\/wp-content\/uploads\/2022\/04\/user-phone-icon.svg\" alt=\"Phone support icon\" \/>[\/vc_column_text][vc_column_text el_class=\u00bblink-arrow-right\u00bb]<\/p>\n<h4>Australia<\/h4>\n<p>+61-1-800-867-206[\/vc_column_text][\/vc_column][vc_column width=\u00bb1\/3&#8243; el_class=\u00bbcta-box\u00bb][vc_column_text]<img decoding=\"async\" class=\"alignnone wp-image-129790 size-full\" src=\"https:\/\/www.cyberark.com\/wp-content\/uploads\/2022\/04\/user-phone-icon.svg\" alt=\"Phone support icon\" \/>[\/vc_column_text][vc_column_text el_class=\u00bblink-arrow-right\u00bb]<\/p>\n<h4>India<\/h4>\n<p>000800 919 1790[\/vc_column_text][\/vc_column][\/vc_row][vc_row full_width=\u00bbstretch_row\u00bb el_class=\u00bbcybv2 cybv2_talk_to_an_expert dark\u00bb][vc_column][vc_column_text el_class=\u00bbextra-space\u00bb]<\/p>\n<h2 style=\"text-align: center;\">\u00bfBusca ayuda para el mantenimiento?<\/h2>\n<p>[\/vc_column_text][vc_column_text el_class=\u00bbnew_hpstyle_section9_text\u00bb css=\u00bb.vc_custom_1696828248490{padding-bottom: 20px !important;}\u00bb]<\/p>\n<p style=\"text-align: center;\">Convi\u00e9rtase en un usuario de acceso total para aprovechar los beneficios de nuestro equipo de Asistencia T\u00e9cnica Global.<\/p>\n<p>[\/vc_column_text][vc_column_text el_class=\u00bblink-arrow-right\u00bb]<a href=\"mailto:users.access@cyberark.com\">Contacto<\/a><i class=\"fa fa-long-arrow-right\"><\/i>[\/vc_column_text][\/vc_column][\/vc_row]<\/p>\n<\/div>","protected":false},"excerpt":{"rendered":"<p>[vc_row full_width=\u00bbstretch_row\u00bb el_class=\u00bbcybv2 int-hero-noimg slate\u00bb][vc_column width=\u00bb3\/4&#8243; el_class=\u00bbcolumn-1&#8243;][vc_column_text] P\u00f3ngase en contacto con la asistencia t\u00e9cnica Nuestro equipo est\u00e1 a su disposici\u00f3n para ayudarle a garantizar un rendimiento \u00f3ptimo de sus soluciones CyberArk. [\/vc_column_text][vc_btn title=\u00bbRegistrar un caso\u00bb&#8230;<\/p>\n","protected":false},"author":164,"featured_media":0,"parent":53047,"menu_order":0,"comment_status":"closed","ping_status":"closed","template":"","meta":{"_acf_changed":false,"inline_featured_image":false,"footnotes":""},"product_category":[27776],"class_list":["post-134362","page","type-page","status-publish","hentry","product_category-identity-security"],"acf":[],"yoast_head":"<!-- This site is optimized with the Yoast SEO Premium plugin v27.2 (Yoast SEO v27.2) - https:\/\/yoast.com\/product\/yoast-seo-premium-wordpress\/ -->\n<title>Technical Support Contact | CyberArk<\/title>\n<meta name=\"description\" content=\"El equipo de Asistencia T\u00e9cnica de CyberArk est\u00e1 a su disposici\u00f3n para ayudarle.\u00a0 P\u00f3ngase en contacto con nosotros para que le ayudemos a garantizar un rendimiento \u00f3ptimo de sus soluciones de Seguridad de la Identidad de CyberArk.\" \/>\n<meta name=\"robots\" content=\"index, follow, max-snippet:-1, max-image-preview:large, max-video-preview:-1\" \/>\n<link rel=\"canonical\" href=\"https:\/\/www.cyberark.com\/services-support\/technical-support-contact\/\" \/>\n<meta property=\"og:locale\" content=\"es_ES\" \/>\n<meta property=\"og:type\" content=\"article\" \/>\n<meta property=\"og:title\" content=\"Technical Support Contact\" \/>\n<meta property=\"og:description\" content=\"El equipo de Asistencia T\u00e9cnica de CyberArk est\u00e1 a su disposici\u00f3n para ayudarle.\u00a0 P\u00f3ngase en contacto con nosotros para que le ayudemos a garantizar un rendimiento \u00f3ptimo de sus soluciones de Seguridad de la Identidad de CyberArk.\" \/>\n<meta property=\"og:url\" content=\"https:\/\/www.cyberark.com\/services-support\/technical-support-contact\/\" \/>\n<meta property=\"og:site_name\" content=\"CyberArk\" \/>\n<meta property=\"article:publisher\" content=\"https:\/\/www.facebook.com\/CyberArk\/\" \/>\n<meta property=\"article:modified_time\" content=\"2024-06-21T18:01:11+00:00\" \/>\n<meta property=\"og:image\" content=\"https:\/\/www.cyberark.com\/wp-content\/uploads\/2021\/07\/ContactSupport-techsupportaccess-icon.svg\" \/>\n<meta name=\"twitter:card\" content=\"summary_large_image\" \/>\n<meta name=\"twitter:site\" content=\"@CyberArk\" \/>\n<meta name=\"twitter:label1\" content=\"Tiempo de lectura\" \/>\n\t<meta name=\"twitter:data1\" content=\"4 minutos\" \/>\n<script type=\"application\/ld+json\" class=\"yoast-schema-graph\">{\"@context\":\"https:\/\/schema.org\",\"@graph\":[{\"@type\":\"WebPage\",\"@id\":\"https:\/\/www.cyberark.com\/services-support\/technical-support-contact\/\",\"url\":\"https:\/\/www.cyberark.com\/services-support\/technical-support-contact\/\",\"name\":\"Technical Support Contact | CyberArk\",\"isPartOf\":{\"@id\":\"https:\/\/www.cyberark.com\/#website\"},\"primaryImageOfPage\":{\"@id\":\"https:\/\/www.cyberark.com\/services-support\/technical-support-contact\/#primaryimage\"},\"image\":{\"@id\":\"https:\/\/www.cyberark.com\/services-support\/technical-support-contact\/#primaryimage\"},\"thumbnailUrl\":\"https:\/\/www.cyberark.com\/wp-content\/uploads\/2021\/07\/ContactSupport-techsupportaccess-icon.svg\",\"datePublished\":\"2022-09-15T18:56:52+00:00\",\"dateModified\":\"2024-06-21T18:01:11+00:00\",\"description\":\"El equipo de Asistencia T\u00e9cnica de CyberArk est\u00e1 a su disposici\u00f3n para ayudarle.\u00a0 P\u00f3ngase en contacto con nosotros para que le ayudemos a garantizar un rendimiento \u00f3ptimo de sus soluciones de Seguridad de la Identidad de CyberArk.\",\"breadcrumb\":{\"@id\":\"https:\/\/www.cyberark.com\/services-support\/technical-support-contact\/#breadcrumb\"},\"inLanguage\":\"es\",\"potentialAction\":[{\"@type\":\"ReadAction\",\"target\":[\"https:\/\/www.cyberark.com\/services-support\/technical-support-contact\/\"]}]},{\"@type\":\"ImageObject\",\"inLanguage\":\"es\",\"@id\":\"https:\/\/www.cyberark.com\/services-support\/technical-support-contact\/#primaryimage\",\"url\":\"https:\/\/www.cyberark.com\/wp-content\/uploads\/2021\/07\/ContactSupport-techsupportaccess-icon.svg\",\"contentUrl\":\"https:\/\/www.cyberark.com\/wp-content\/uploads\/2021\/07\/ContactSupport-techsupportaccess-icon.svg\"},{\"@type\":\"BreadcrumbList\",\"@id\":\"https:\/\/www.cyberark.com\/services-support\/technical-support-contact\/#breadcrumb\",\"itemListElement\":[{\"@type\":\"ListItem\",\"position\":1,\"name\":\"Home\",\"item\":\"https:\/\/www.cyberark.com\/\"},{\"@type\":\"ListItem\",\"position\":2,\"name\":\"Servicios y asistencia\",\"item\":\"https:\/\/www.cyberark.com\/services-support\/\"},{\"@type\":\"ListItem\",\"position\":3,\"name\":\"Technical Support Contact\"}]},{\"@type\":\"WebSite\",\"@id\":\"https:\/\/www.cyberark.com\/#website\",\"url\":\"https:\/\/www.cyberark.com\/\",\"name\":\"CyberArk\",\"description\":\"\",\"publisher\":{\"@id\":\"https:\/\/www.cyberark.com\/#organization\"},\"potentialAction\":[{\"@type\":\"SearchAction\",\"target\":{\"@type\":\"EntryPoint\",\"urlTemplate\":\"https:\/\/www.cyberark.com\/?s={search_term_string}\"},\"query-input\":{\"@type\":\"PropertyValueSpecification\",\"valueRequired\":true,\"valueName\":\"search_term_string\"}}],\"inLanguage\":\"es\"},{\"@type\":\"Organization\",\"@id\":\"https:\/\/www.cyberark.com\/#organization\",\"name\":\"CyberArk Software\",\"url\":\"https:\/\/www.cyberark.com\/\",\"logo\":{\"@type\":\"ImageObject\",\"inLanguage\":\"es\",\"@id\":\"https:\/\/www.cyberark.com\/#\/schema\/logo\/image\/\",\"url\":\"https:\/\/www.cyberark.com\/wp-content\/uploads\/2021\/02\/cyberark-logo-dark.svg\",\"contentUrl\":\"https:\/\/www.cyberark.com\/wp-content\/uploads\/2021\/02\/cyberark-logo-dark.svg\",\"width\":\"1024\",\"height\":\"1024\",\"caption\":\"CyberArk Software\"},\"image\":{\"@id\":\"https:\/\/www.cyberark.com\/#\/schema\/logo\/image\/\"},\"sameAs\":[\"https:\/\/www.facebook.com\/CyberArk\/\",\"https:\/\/x.com\/CyberArk\",\"https:\/\/www.linkedin.com\/company\/cyber-ark-software\/\"]}]}<\/script>\n<!-- \/ Yoast SEO Premium plugin. -->","yoast_head_json":{"title":"Technical Support Contact | CyberArk","description":"El equipo de Asistencia T\u00e9cnica de CyberArk est\u00e1 a su disposici\u00f3n para ayudarle.\u00a0 P\u00f3ngase en contacto con nosotros para que le ayudemos a garantizar un rendimiento \u00f3ptimo de sus soluciones de Seguridad de la Identidad de CyberArk.","robots":{"index":"index","follow":"follow","max-snippet":"max-snippet:-1","max-image-preview":"max-image-preview:large","max-video-preview":"max-video-preview:-1"},"canonical":"https:\/\/www.cyberark.com\/services-support\/technical-support-contact\/","og_locale":"es_ES","og_type":"article","og_title":"Technical Support Contact","og_description":"El equipo de Asistencia T\u00e9cnica de CyberArk est\u00e1 a su disposici\u00f3n para ayudarle.\u00a0 P\u00f3ngase en contacto con nosotros para que le ayudemos a garantizar un rendimiento \u00f3ptimo de sus soluciones de Seguridad de la Identidad de CyberArk.","og_url":"https:\/\/www.cyberark.com\/services-support\/technical-support-contact\/","og_site_name":"CyberArk","article_publisher":"https:\/\/www.facebook.com\/CyberArk\/","article_modified_time":"2024-06-21T18:01:11+00:00","og_image":[{"url":"https:\/\/www.cyberark.com\/wp-content\/uploads\/2021\/07\/ContactSupport-techsupportaccess-icon.svg","type":"","width":"","height":""}],"twitter_card":"summary_large_image","twitter_site":"@CyberArk","twitter_misc":{"Tiempo de lectura":"4 minutos"},"schema":{"@context":"https:\/\/schema.org","@graph":[{"@type":"WebPage","@id":"https:\/\/www.cyberark.com\/services-support\/technical-support-contact\/","url":"https:\/\/www.cyberark.com\/services-support\/technical-support-contact\/","name":"Technical Support Contact | CyberArk","isPartOf":{"@id":"https:\/\/www.cyberark.com\/#website"},"primaryImageOfPage":{"@id":"https:\/\/www.cyberark.com\/services-support\/technical-support-contact\/#primaryimage"},"image":{"@id":"https:\/\/www.cyberark.com\/services-support\/technical-support-contact\/#primaryimage"},"thumbnailUrl":"https:\/\/www.cyberark.com\/wp-content\/uploads\/2021\/07\/ContactSupport-techsupportaccess-icon.svg","datePublished":"2022-09-15T18:56:52+00:00","dateModified":"2024-06-21T18:01:11+00:00","description":"El equipo de Asistencia T\u00e9cnica de CyberArk est\u00e1 a su disposici\u00f3n para ayudarle.\u00a0 P\u00f3ngase en contacto con nosotros para que le ayudemos a garantizar un rendimiento \u00f3ptimo de sus soluciones de Seguridad de la Identidad de CyberArk.","breadcrumb":{"@id":"https:\/\/www.cyberark.com\/services-support\/technical-support-contact\/#breadcrumb"},"inLanguage":"es","potentialAction":[{"@type":"ReadAction","target":["https:\/\/www.cyberark.com\/services-support\/technical-support-contact\/"]}]},{"@type":"ImageObject","inLanguage":"es","@id":"https:\/\/www.cyberark.com\/services-support\/technical-support-contact\/#primaryimage","url":"https:\/\/www.cyberark.com\/wp-content\/uploads\/2021\/07\/ContactSupport-techsupportaccess-icon.svg","contentUrl":"https:\/\/www.cyberark.com\/wp-content\/uploads\/2021\/07\/ContactSupport-techsupportaccess-icon.svg"},{"@type":"BreadcrumbList","@id":"https:\/\/www.cyberark.com\/services-support\/technical-support-contact\/#breadcrumb","itemListElement":[{"@type":"ListItem","position":1,"name":"Home","item":"https:\/\/www.cyberark.com\/"},{"@type":"ListItem","position":2,"name":"Servicios y asistencia","item":"https:\/\/www.cyberark.com\/services-support\/"},{"@type":"ListItem","position":3,"name":"Technical Support Contact"}]},{"@type":"WebSite","@id":"https:\/\/www.cyberark.com\/#website","url":"https:\/\/www.cyberark.com\/","name":"CyberArk","description":"","publisher":{"@id":"https:\/\/www.cyberark.com\/#organization"},"potentialAction":[{"@type":"SearchAction","target":{"@type":"EntryPoint","urlTemplate":"https:\/\/www.cyberark.com\/?s={search_term_string}"},"query-input":{"@type":"PropertyValueSpecification","valueRequired":true,"valueName":"search_term_string"}}],"inLanguage":"es"},{"@type":"Organization","@id":"https:\/\/www.cyberark.com\/#organization","name":"CyberArk Software","url":"https:\/\/www.cyberark.com\/","logo":{"@type":"ImageObject","inLanguage":"es","@id":"https:\/\/www.cyberark.com\/#\/schema\/logo\/image\/","url":"https:\/\/www.cyberark.com\/wp-content\/uploads\/2021\/02\/cyberark-logo-dark.svg","contentUrl":"https:\/\/www.cyberark.com\/wp-content\/uploads\/2021\/02\/cyberark-logo-dark.svg","width":"1024","height":"1024","caption":"CyberArk Software"},"image":{"@id":"https:\/\/www.cyberark.com\/#\/schema\/logo\/image\/"},"sameAs":["https:\/\/www.facebook.com\/CyberArk\/","https:\/\/x.com\/CyberArk","https:\/\/www.linkedin.com\/company\/cyber-ark-software\/"]}]}},"_links":{"self":[{"href":"https:\/\/www.cyberark.com\/es\/wp-json\/wp\/v2\/pages\/134362","targetHints":{"allow":["GET"]}}],"collection":[{"href":"https:\/\/www.cyberark.com\/es\/wp-json\/wp\/v2\/pages"}],"about":[{"href":"https:\/\/www.cyberark.com\/es\/wp-json\/wp\/v2\/types\/page"}],"author":[{"embeddable":true,"href":"https:\/\/www.cyberark.com\/es\/wp-json\/wp\/v2\/users\/164"}],"replies":[{"embeddable":true,"href":"https:\/\/www.cyberark.com\/es\/wp-json\/wp\/v2\/comments?post=134362"}],"version-history":[{"count":0,"href":"https:\/\/www.cyberark.com\/es\/wp-json\/wp\/v2\/pages\/134362\/revisions"}],"up":[{"embeddable":true,"href":"https:\/\/www.cyberark.com\/es\/wp-json\/wp\/v2\/pages\/53047"}],"wp:attachment":[{"href":"https:\/\/www.cyberark.com\/es\/wp-json\/wp\/v2\/media?parent=134362"}],"wp:term":[{"taxonomy":"product_category","embeddable":true,"href":"https:\/\/www.cyberark.com\/es\/wp-json\/wp\/v2\/product_category?post=134362"}],"curies":[{"name":"wp","href":"https:\/\/api.w.org\/{rel}","templated":true}]}}