{"id":134366,"date":"2022-09-15T14:57:19","date_gmt":"2022-09-15T18:57:19","guid":{"rendered":"https:\/\/www.cyberark.com\/experiencias-de-clientes\/"},"modified":"2025-10-16T06:03:38","modified_gmt":"2025-10-16T10:03:38","slug":"customer-stories","status":"publish","type":"page","link":"https:\/\/www.cyberark.com\/es\/customer-stories\/","title":{"rendered":"Experiencias de clientes"},"content":{"rendered":"<div class=\"wpb-content-wrapper\"><p>[vc_row full_width=\u00bbstretch_row\u00bb el_class=\u00bbcybv2 int-hero-noimg dark\u00bb][vc_column width=\u00bb7\/12&#8243; el_class=\u00bbcolumn-1&#8243;][vc_column_text css=\u00bb\u00bb]<\/p>\n<h1 class=\"chartreuse\">Protecci\u00f3n en el futuro, juntos<\/h1>\n<p><\/p>\n<h2>Descubra c\u00f3mo las empresas l\u00edderes est\u00e1n resolviendo retos de seguridad complejos con CyberArk.<\/h2>\n<p>\n[\/vc_column_text][\/vc_column][\/vc_row][vc_row equal_height=\u00bbyes\u00bb el_class=\u00bbcybv2 cybv2_customer_stories vc_tta-o-non-responsive mt-12&#8243; css=\u00bb.vc_custom_1714763180252{background-color: #ffffff !important;}\u00bb][vc_column][vc_tta_tabs style=\u00bbflat\u00bb shape=\u00bbsquare\u00bb color=\u00bbwhite\u00bb spacing=\u00bb\u00bb gap=\u00bb20&#8243; alignment=\u00bbcenter\u00bb active_section=\u00bb\u00bb el_class=\u00bbcybv2_customer_stories_tabs\u00bb css=\u00bb.vc_custom_1608676900675{background-color: #ffffff !important;}\u00bb][vc_tta_section title=\u00bbCarnival Corporation\u00bb tab_id=\u00bbcarnival-corporation\u00bb el_class=\u00bbnew_hpstyle_section6_tab2_icon vc_active\u00bb][vc_row_inner equal_height=\u00bbyes\u00bb content_placement=\u00bbmiddle\u00bb el_class=\u00bbnew_hpstyle_section6_maintab_row\u00bb][vc_column_inner el_class=\u00bbimage-column\u00bb width=\u00bb1\/2&#8243; css=\u00bb.vc_custom_1607653500231{background-position: center !important;background-repeat: no-repeat !important;background-size: cover !important;}\u00bb][vc_single_image image=\u00bb211117&#8243; img_size=\u00bbfull\u00bb alignment=\u00bbright\u00bb css=\u00bb\u00bb el_class=\u00bbnew_hpstyle_section6_tab1_left_image\u00bb][\/vc_column_inner][vc_column_inner el_class=\u00bbnew_hpstyle_section6_tab1_right_bckgrd\u00bb width=\u00bb1\/2&#8243;][vc_column_text css=\u00bb\u00bb el_class=\u00bbnew_hpstyle_section6_tab1_text1 text\u00bb]<\/p>\n<h4>Carnival Corporation traza un rumbo m\u00e1s seguro<\/h4>\n<p>Cada barco es una ciudad en el mar. Carnival Corporation se asocia con CyberArk para proteger las identidades, generar confianza e impulsar operaciones seguras en toda la flota.[\/vc_column_text][vc_column_text css=\u00bb.vc_custom_1749232337744{margin-top: 45px !important;}\u00bb el_class=\u00bblink-arrow-right mt-4&#8243;]<a href=\"https:\/\/www.cyberark.com\/resources\/fearlessly-forward-customer-spotlight-series\/security-matters-fearlessly-forward-with-carnival-corporation\">Ver video<\/a><i class=\"fa fa-long-arrow-right\"><\/i>[\/vc_column_text][\/vc_column_inner][\/vc_row_inner][\/vc_tta_section][vc_tta_section title=\u00bbWebster Bank\u00bb tab_id=\u00bbwebster-bank\u00bb el_class=\u00bbnew_hpstyle_section6_tab3_icon\u00bb][vc_row_inner equal_height=\u00bbyes\u00bb content_placement=\u00bbmiddle\u00bb el_class=\u00bbnew_hpstyle_section6_maintab_row\u00bb][vc_column_inner el_class=\u00bbimage-column\u00bb width=\u00bb1\/2&#8243; css=\u00bb.vc_custom_1607653503563{background-position: center !important;background-repeat: no-repeat !important;background-size: cover !important;}\u00bb][vc_single_image image=\u00bb217395&#8243; img_size=\u00bbfull\u00bb alignment=\u00bbright\u00bb css=\u00bb\u00bb el_class=\u00bbnew_hpstyle_section6_tab1_left_image\u00bb][\/vc_column_inner][vc_column_inner el_class=\u00bbnew_hpstyle_section6_tab1_right_bckgrd\u00bb width=\u00bb1\/2&#8243;][vc_column_text css=\u00bb.vc_custom_1759731226291{margin-top: 20px !important;}\u00bb el_class=\u00bbnew_hpstyle_section6_tab1_text1 text\u00bb]<\/p>\n<h4>90 a\u00f1os de confianza, innovaci\u00f3n y crecimiento<\/h4>\n<p>Bas\u00e1ndose en la confianza y la innovaci\u00f3n, Webster Bank se ha asociado con CyberArk para centrarse en lo que realmente importa: ofrecer soluciones financieras que empoderen a los clientes y a las comunidades.[\/vc_column_text][vc_column_text css=\u00bb\u00bb el_class=\u00bblink-arrow-right\u00bb]<a href=\"https:\/\/www.cyberark.com\/resources\/videos\/security-matters-fearlessly-forward-with-webster-bank\">Ver video<\/a><i class=\"fa fa-long-arrow-right\"><\/i>[\/vc_column_text][\/vc_column_inner][\/vc_row_inner][\/vc_tta_section][vc_tta_section title=\u00bbPDS Health\u00bb tab_id=\u00bb1759730859602-45fadbcd-f717&#8243; el_class=\u00bbnew_hpstyle_section6_tab4_icon\u00bb][vc_row_inner equal_height=\u00bbyes\u00bb content_placement=\u00bbmiddle\u00bb el_class=\u00bbnew_hpstyle_section6_maintab_row\u00bb][vc_column_inner el_class=\u00bbimage-column\u00bb width=\u00bb1\/2&#8243; css=\u00bb.vc_custom_1607653503563{background-position: center !important;background-repeat: no-repeat !important;background-size: cover !important;}\u00bb][vc_single_image image=\u00bb211126&#8243; img_size=\u00bbfull\u00bb alignment=\u00bbright\u00bb css=\u00bb\u00bb el_class=\u00bbnew_hpstyle_section6_tab1_left_image\u00bb][\/vc_column_inner][vc_column_inner el_class=\u00bbnew_hpstyle_section6_tab1_right_bckgrd\u00bb width=\u00bb1\/2&#8243;][vc_column_text css=\u00bb.vc_custom_1749219915540{margin-top: 20px !important;}\u00bb el_class=\u00bbnew_hpstyle_section6_tab1_text1 text\u00bb]<\/p>\n<h4>\u00abLa identidad es el nuevo firewall. Es el nuevo per\u00edmetro. Es la nueva frontera. Es lo nuevo en todo\u00bb.<\/h4>\n<p>\n[\/vc_column_text][vc_column_text css=\u00bb\u00bb el_class=\u00bbnew_hpstyle_section6_tab1_text2&#8243;]Nemi George, vicepresidente\u200b <strong>Information Security Officer &amp; IT Service Operations en PDS Health<\/strong>[\/vc_column_text][vc_column_text css=\u00bb\u00bb el_class=\u00bblink-arrow-right\u00bb]<a href=\"https:\/\/www.cyberark.com\/resources\/fearlessly-forward-customer-spotlight-series\/security-matters-fearlessly-forward-with-pds-health\">Ver video<\/a><i class=\"fa fa-long-arrow-right\"><\/i>[\/vc_column_text][\/vc_column_inner][\/vc_row_inner][\/vc_tta_section][vc_tta_section title=\u00bbPanasonic\u00bb tab_id=\u00bbpanasonic\u00bb el_class=\u00bbnew_hpstyle_section6_tab5_icon\u00bb][vc_row_inner equal_height=\u00bbyes\u00bb content_placement=\u00bbmiddle\u00bb el_class=\u00bbnew_hpstyle_section6_maintab_row\u00bb][vc_column_inner el_class=\u00bbimage-column\u00bb width=\u00bb1\/2&#8243; css=\u00bb.vc_custom_1607653481888{background-position: center !important;background-repeat: no-repeat !important;background-size: cover !important;}\u00bb][vc_single_image image=\u00bb211136&#8243; img_size=\u00bbfull\u00bb alignment=\u00bbright\u00bb css=\u00bb\u00bb el_class=\u00bbnew_hpstyle_section6_tab1_left_image\u00bb][\/vc_column_inner][vc_column_inner el_class=\u00bbnew_hpstyle_section6_tab1_right_bckgrd\u00bb width=\u00bb1\/2&#8243;][vc_column_text css=\u00bb\u00bb el_class=\u00bbnew_hpstyle_section6_tab1_text1 text\u00bb]<\/p>\n<h4>Garantizar la innovaci\u00f3n a escala global<\/h4>\n<p>Panasonic se asocia con CyberArk para proteger identidades, sistemas e IP, asegurando la confianza detr\u00e1s de cada innovaci\u00f3n.[\/vc_column_text][vc_column_text css=\u00bb.vc_custom_1749232380271{margin-top: 45px !important;}\u00bb el_class=\u00bblink-arrow-right mt-4&#8243;]<a href=\"https:\/\/www.cyberark.com\/resources\/fearlessly-forward-customer-spotlight-series\/security-matters-fearlessly-forward-with-panasonic\">Ver video<\/a><i class=\"fa fa-long-arrow-right\"><\/i>[\/vc_column_text][\/vc_column_inner][\/vc_row_inner][\/vc_tta_section][vc_tta_section title=\u00bbHealthfirst\u00bb tab_id=\u00bbhealthfirst\u00bb el_class=\u00bbnew_hpstyle_section6_tab5_icon\u00bb][vc_row_inner equal_height=\u00bbyes\u00bb content_placement=\u00bbmiddle\u00bb el_class=\u00bbnew_hpstyle_section6_maintab_row\u00bb][vc_column_inner el_class=\u00bbimage-column\u00bb width=\u00bb1\/2&#8243;][vc_single_image image=\u00bb211145&#8243; img_size=\u00bbfull\u00bb alignment=\u00bbright\u00bb css=\u00bb\u00bb el_class=\u00bbnew_hpstyle_section6_tab1_left_image\u00bb][\/vc_column_inner][vc_column_inner el_class=\u00bbnew_hpstyle_section6_tab1_right_bckgrd\u00bb width=\u00bb1\/2&#8243;][vc_column_text css=\u00bb\u00bb el_class=\u00bbnew_hpstyle_section6_tab1_text1 text\u00bb]<\/p>\n<h4>La confianza en el coraz\u00f3n de la atenci\u00f3n de salud<\/h4>\n<p>Con CyberArk como socio estrat\u00e9gico, Healthfirst refuerza la seguridad y garantiza un acceso fiable para las personas que m\u00e1s conf\u00edan en ellos.[\/vc_column_text][vc_column_text css=\u00bb.vc_custom_1749232399260{margin-top: 45px !important;}\u00bb el_class=\u00bblink-arrow-right mt-4&#8243;]<a href=\"https:\/\/www.cyberark.com\/resources\/fearlessly-forward-customer-spotlight-series\/security-matters-fearlessly-forward-with-healthfirst\">Ver video<\/a><i class=\"fa fa-long-arrow-right\"><\/i>[\/vc_column_text][\/vc_column_inner][\/vc_row_inner][\/vc_tta_section][vc_tta_section title=\u00bbAflac\u00bb tab_id=\u00bbaflac\u00bb el_class=\u00bbnew_hpstyle_section6_tab1_icon\u00bb][vc_row_inner equal_height=\u00bbyes\u00bb content_placement=\u00bbmiddle\u00bb el_class=\u00bbnew_hpstyle_section6_maintab_row\u00bb][vc_column_inner el_class=\u00bbimage-column\u00bb width=\u00bb1\/2&#8243;][vc_single_image image=\u00bb210923&#8243; img_size=\u00bbfull\u00bb alignment=\u00bbright\u00bb css=\u00bb\u00bb el_class=\u00bbnew_hpstyle_section6_tab1_left_image\u00bb][\/vc_column_inner][vc_column_inner el_class=\u00bbnew_hpstyle_section6_tab1_right_bckgrd\u00bb width=\u00bb1\/2&#8243;][vc_column_text css=\u00bb\u00bb el_class=\u00bbnew_hpstyle_section6_tab1_text1 text\u00bb]<\/p>\n<h4>Cumplir las promesas con seguridad<\/h4>\n<p>En colaboraci\u00f3n con CyberArk, el equipo de TI de Aflac protege la confianza de millones de personas, defendiendo lo que m\u00e1s importa, todos los d\u00edas.[\/vc_column_text][vc_column_text css=\u00bb.vc_custom_1749220404034{margin-top: 45px !important;}\u00bb el_class=\u00bblink-arrow-right mt-4&#8243;]<a href=\"https:\/\/www.cyberark.com\/resources\/privileged-access-management\/security-matters-fearlessly-forward-with-aflac\">Ver video<\/a> <i class=\"fa fa-long-arrow-right\"><\/i>[\/vc_column_text][\/vc_column_inner][\/vc_row_inner][\/vc_tta_section][\/vc_tta_tabs][vc_raw_js]JTNDc2NyaXB0JTNFJTBBalF1ZXJ5JTI4ZG9jdW1lbnQlMjkucmVhZHklMjhmdW5jdGlvbiUyOCUyOSU3QiUwQSUyMCUyMCUyMCUyMCUyRiUyRkFkZCUyMEFjdGl2ZSUyMHRvJTIwdGFiJTIwb24lMjBwYWdlJTIwbG9hZCUwQSUyMCUyMCUyMCUyMCUyNHBhbmVscyUyMCUzRCUyMGpRdWVyeSUyOCUyNy5jeWJ2Ml9jdXN0b21lcl9zdG9yaWVzX3RhYnMlMjAudmNfdHRhLXBhbmVscyUyMC52Y190dGEtcGFuZWwlMjclMjklM0IlMEElMjAlMjAlMjAlMjAlMjR0YWJzJTIwJTNEJTIwalF1ZXJ5JTI4JTI3LmN5YnYyX2N1c3RvbWVyX3N0b3JpZXNfdGFicyUyMC52Y190dGEtdGFicy1saXN0JTIwLnZjX3R0YS10YWIlMjclMjklM0IlMEElMjAlMjAlMjAlMjB2YXIlMjBpbmRleCUyMCUzRCUyMDAlM0IlMEElMEElMjAlMjAlMjAlMjAlMkYlMkZBbGlnbiUyMFRhYnMlMjB3aXRoJTIwcGFuZWxzJTBBJTIwJTIwJTIwJTIwJTI0cGFuZWxzLmVhY2glMjhmdW5jdGlvbiUyOCUyOSU3QiUwQSUyMCUyMCUyMCUyMCUyMCUyMCUyMCUyMGpRdWVyeSUyOHRoaXMlMjkuaGFzQ2xhc3MlMjglMjd2Y19hY3RpdmUlMjclMjklM0IlMEElMjAlMjAlMjAlMjAlMjAlMjAlMjAlMjByZXR1cm4lMjBmYWxzZSUzQiUwQSUyMCUyMCUyMCUyMCUyMCUyMCUyMCUyMGluZGV4JTJCJTJCJTNCJTBBJTIwJTIwJTIwJTIwJTdEJTI5JTBBJTIwJTIwJTIwJTIwdmFyJTIwbmV3SW5kZXglMjAlM0QlMjAwJTNCJTBBJTIwJTIwJTIwJTIwJTI0dGFicy5lYWNoJTI4ZnVuY3Rpb24lMjglMjklN0IlMEElMjAlMjAlMjAlMjAlMjAlMjAlMjAlMjBpZiUyOGluZGV4JTIwJTNEJTNEJTIwbmV3SW5kZXglMjklN0IlMEElMjAlMjAlMjAlMjAlMjAlMjAlMjAlMjAlMjAlMjAlMjAlMjBqUXVlcnklMjh0aGlzJTI5LmFkZENsYXNzJTI4JTI3dmNfYWN0aXZlJTI3JTI5JTNCJTBBJTIwJTIwJTIwJTIwJTIwJTIwJTIwJTIwJTdEJTBBJTIwJTIwJTIwJTIwJTIwJTIwJTIwJTIwbmV3SW5kZXglMkIlMkIlM0IlMEElMjAlMjAlMjAlMjAlN0QlMjklMEElN0QlMjklM0IlMEElM0MlMkZzY3JpcHQlM0U=[\/vc_raw_js][\/vc_column][\/vc_row][vc_row el_class=\u00bbpb-4&#8243;][vc_column][vc_column_text css=\u00bb\u00bb]<\/p>\n<h2 style=\"text-align: center;\">Descubra m\u00e1s experiencias de clientes<\/h2>\n<p>\n[\/vc_column_text][\/vc_column][\/vc_row][vc_row][vc_column][vc_raw_html]W2N5YnYyX3N0b3J5X2h1YiBzaG93X2xvYWRfbW9yZT0idHJ1ZSIgcG9zdHNfcGVyX3BhZ2U9IjE2Il0=[\/vc_raw_html][\/vc_column][\/vc_row][vc_row el_class=\u00bbcybv2 cyb-pad-btm\u00bb][vc_column][vc_column_text el_class=\u00bbcyb-top\u00bb]<\/p>\n<p style=\"text-align: right;\"><i class=\"fa fa-long-arrow-up\"><\/i><a class=\"top\" href=\"#\">Volver arriba<\/a><\/p>\n<p>\n[\/vc_column_text][\/vc_column][\/vc_row][vc_row][vc_column][vc_raw_js]JTNDc2NyaXB0JTNFJTBBalF1ZXJ5JTI4ZnVuY3Rpb24lMjglMjklMjAlN0IlMEElMjAlMjAlMjAlMjBqUXVlcnklMjglMjIudG9wJTIyJTI5Lm9uJTI4JTI3Y2xpY2slMjclMkMlMjBmdW5jdGlvbiUyOCUyOSUyMCU3QiUwQSUyMCUyMCUyMCUyMCUyMCUyMCUyMCUyMGpRdWVyeSUyOCUyMkhUTUwlMkMlMjBCT0RZJTIyJTI5LmFuaW1hdGUlMjglN0IlMEElMjAlMjAlMjAlMjAlMjAlMjAlMjAlMjAlMjAlMjAlMjAlMjBzY3JvbGxUb3AlM0ElMjAwJTBBJTIwJTIwJTIwJTIwJTIwJTIwJTIwJTIwJTdEJTJDJTIwMTAwMCUyOSUzQiUwQSUyMCUyMCUyMCUyMCU3RCUyOSUzQiUwQSU3RCUyOSUzQiUwQSUzQyUyRnNjcmlwdCUzRQ==[\/vc_raw_js][\/vc_column][\/vc_row][vc_row full_width=\u00bbstretch_row\u00bb el_class=\u00bbcybv2 cybv2_talk_to_an_expert\u00bb css=\u00bb.vc_custom_1608677118624{background-color: #061b2b !important;}\u00bb][vc_column][vc_column_text el_class=\u00bbextra-space\u00bb]<\/p>\n<h2 style=\"text-align: center;\">\u00bfEst\u00e1 listo para compartir su experiencia?<\/h2>\n<p>\n[\/vc_column_text][vc_column_text el_class=\u00bbnew_hpstyle_section9_text\u00bb]<\/p>\n<p style=\"text-align: center;\">\u00danase al programa de promoci\u00f3n de CyberArk para mostrar el \u00e9xito que ha logrado, establecer una red junto a otros compa\u00f1eros con visi\u00f3n de futuro y ayudar a transformar los pr\u00f3ximos pasos de la Seguridad de la Identidad.<\/p>\n<p>\n[\/vc_column_text][vc_btn title=\u00bbComenzar\u00bb style=\u00bbcustom\u00bb custom_background=\u00bb\u00bb custom_text=\u00bb\u00bb shape=\u00bbsquare\u00bb align=\u00bbcenter\u00bb link=\u00bburl:https%3A%2F%2Fwww.cyberark.com%2Fes%2Fadvocacy-program%2F|\u00bb el_class=\u00bbcybv2-button-solid cyb-button-hpstyle_section5&#8243;][\/vc_column][\/vc_row]<\/p>\n<\/div>","protected":false},"excerpt":{"rendered":"<p>[vc_row full_width=\u00bbstretch_row\u00bb el_class=\u00bbcybv2 int-hero-noimg dark\u00bb][vc_column width=\u00bb7\/12&#8243; el_class=\u00bbcolumn-1&#8243;][vc_column_text css=\u00bb\u00bb] Protecci\u00f3n en el futuro, juntos Descubra c\u00f3mo las empresas l\u00edderes est\u00e1n resolviendo retos de seguridad complejos con CyberArk. [\/vc_column_text][\/vc_column][\/vc_row][vc_row equal_height=\u00bbyes\u00bb el_class=\u00bbcybv2 cybv2_customer_stories vc_tta-o-non-responsive mt-12&#8243; css=\u00bb.vc_custom_1714763180252{background-color: #ffffff !important;}\u00bb][vc_column][vc_tta_tabs&#8230;<\/p>\n","protected":false},"author":125,"featured_media":0,"parent":0,"menu_order":0,"comment_status":"closed","ping_status":"closed","template":"","meta":{"_acf_changed":false,"inline_featured_image":false,"footnotes":""},"product_category":[27776],"class_list":["post-134366","page","type-page","status-publish","hentry","product_category-identity-security"],"acf":[],"yoast_head":"<!-- This site is optimized with the Yoast SEO Premium plugin v27.2 (Yoast SEO v27.2) - https:\/\/yoast.com\/product\/yoast-seo-premium-wordpress\/ -->\n<title>Historias de \u00e9xito y casos pr\u00e1cticos de clientes | CyberArk<\/title>\n<meta name=\"description\" content=\"Escuche los casos pr\u00e1cticos de clientes y socios y las historias de \u00e9xito con los productos y soluciones l\u00edderes en seguridad de la identidad y gesti\u00f3n del acceso con privilegios de CyberArk.\" \/>\n<meta name=\"robots\" content=\"index, follow, max-snippet:-1, max-image-preview:large, max-video-preview:-1\" \/>\n<link rel=\"canonical\" href=\"https:\/\/www.cyberark.com\/customer-stories\/\" \/>\n<meta property=\"og:locale\" content=\"es_ES\" \/>\n<meta property=\"og:type\" content=\"article\" \/>\n<meta property=\"og:title\" content=\"Experiencias de clientes\" \/>\n<meta property=\"og:description\" content=\"Escuche los casos pr\u00e1cticos de clientes y socios y las historias de \u00e9xito con los productos y soluciones l\u00edderes en seguridad de la identidad y gesti\u00f3n del acceso con privilegios de CyberArk.\" \/>\n<meta property=\"og:url\" content=\"https:\/\/www.cyberark.com\/customer-stories\/\" \/>\n<meta property=\"og:site_name\" content=\"CyberArk\" \/>\n<meta property=\"article:publisher\" content=\"https:\/\/www.facebook.com\/CyberArk\/\" \/>\n<meta property=\"article:modified_time\" content=\"2025-10-16T10:03:38+00:00\" \/>\n<meta property=\"og:image\" content=\"https:\/\/www.cyberark.com\/wp-content\/uploads\/2022\/09\/CYBR-gradient-bg-og-120x627-01-1024x535.png\" \/>\n\t<meta property=\"og:image:width\" content=\"1024\" \/>\n\t<meta property=\"og:image:height\" content=\"535\" \/>\n\t<meta property=\"og:image:type\" content=\"image\/png\" \/>\n<meta name=\"twitter:card\" content=\"summary_large_image\" \/>\n<meta name=\"twitter:site\" content=\"@CyberArk\" \/>\n<meta name=\"twitter:label1\" content=\"Tiempo de lectura\" \/>\n\t<meta name=\"twitter:data1\" content=\"1 minuto\" \/>\n<script type=\"application\/ld+json\" class=\"yoast-schema-graph\">{\"@context\":\"https:\/\/schema.org\",\"@graph\":[{\"@type\":\"WebPage\",\"@id\":\"https:\/\/www.cyberark.com\/customer-stories\/\",\"url\":\"https:\/\/www.cyberark.com\/customer-stories\/\",\"name\":\"Historias de \u00e9xito y casos pr\u00e1cticos de clientes | CyberArk\",\"isPartOf\":{\"@id\":\"https:\/\/www.cyberark.com\/#website\"},\"datePublished\":\"2022-09-15T18:57:19+00:00\",\"dateModified\":\"2025-10-16T10:03:38+00:00\",\"description\":\"Escuche los casos pr\u00e1cticos de clientes y socios y las historias de \u00e9xito con los productos y soluciones l\u00edderes en seguridad de la identidad y gesti\u00f3n del acceso con privilegios de CyberArk.\",\"breadcrumb\":{\"@id\":\"https:\/\/www.cyberark.com\/customer-stories\/#breadcrumb\"},\"inLanguage\":\"es\",\"potentialAction\":[{\"@type\":\"ReadAction\",\"target\":[\"https:\/\/www.cyberark.com\/customer-stories\/\"]}]},{\"@type\":\"BreadcrumbList\",\"@id\":\"https:\/\/www.cyberark.com\/customer-stories\/#breadcrumb\",\"itemListElement\":[{\"@type\":\"ListItem\",\"position\":1,\"name\":\"Home\",\"item\":\"https:\/\/www.cyberark.com\/\"},{\"@type\":\"ListItem\",\"position\":2,\"name\":\"Experiencias de clientes\"}]},{\"@type\":\"WebSite\",\"@id\":\"https:\/\/www.cyberark.com\/#website\",\"url\":\"https:\/\/www.cyberark.com\/\",\"name\":\"CyberArk\",\"description\":\"\",\"publisher\":{\"@id\":\"https:\/\/www.cyberark.com\/#organization\"},\"potentialAction\":[{\"@type\":\"SearchAction\",\"target\":{\"@type\":\"EntryPoint\",\"urlTemplate\":\"https:\/\/www.cyberark.com\/?s={search_term_string}\"},\"query-input\":{\"@type\":\"PropertyValueSpecification\",\"valueRequired\":true,\"valueName\":\"search_term_string\"}}],\"inLanguage\":\"es\"},{\"@type\":\"Organization\",\"@id\":\"https:\/\/www.cyberark.com\/#organization\",\"name\":\"CyberArk Software\",\"url\":\"https:\/\/www.cyberark.com\/\",\"logo\":{\"@type\":\"ImageObject\",\"inLanguage\":\"es\",\"@id\":\"https:\/\/www.cyberark.com\/#\/schema\/logo\/image\/\",\"url\":\"https:\/\/www.cyberark.com\/wp-content\/uploads\/2021\/02\/cyberark-logo-dark.svg\",\"contentUrl\":\"https:\/\/www.cyberark.com\/wp-content\/uploads\/2021\/02\/cyberark-logo-dark.svg\",\"width\":\"1024\",\"height\":\"1024\",\"caption\":\"CyberArk Software\"},\"image\":{\"@id\":\"https:\/\/www.cyberark.com\/#\/schema\/logo\/image\/\"},\"sameAs\":[\"https:\/\/www.facebook.com\/CyberArk\/\",\"https:\/\/x.com\/CyberArk\",\"https:\/\/www.linkedin.com\/company\/cyber-ark-software\/\"]}]}<\/script>\n<!-- \/ Yoast SEO Premium plugin. -->","yoast_head_json":{"title":"Historias de \u00e9xito y casos pr\u00e1cticos de clientes | CyberArk","description":"Escuche los casos pr\u00e1cticos de clientes y socios y las historias de \u00e9xito con los productos y soluciones l\u00edderes en seguridad de la identidad y gesti\u00f3n del acceso con privilegios de CyberArk.","robots":{"index":"index","follow":"follow","max-snippet":"max-snippet:-1","max-image-preview":"max-image-preview:large","max-video-preview":"max-video-preview:-1"},"canonical":"https:\/\/www.cyberark.com\/customer-stories\/","og_locale":"es_ES","og_type":"article","og_title":"Experiencias de clientes","og_description":"Escuche los casos pr\u00e1cticos de clientes y socios y las historias de \u00e9xito con los productos y soluciones l\u00edderes en seguridad de la identidad y gesti\u00f3n del acceso con privilegios de CyberArk.","og_url":"https:\/\/www.cyberark.com\/customer-stories\/","og_site_name":"CyberArk","article_publisher":"https:\/\/www.facebook.com\/CyberArk\/","article_modified_time":"2025-10-16T10:03:38+00:00","og_image":[{"width":1024,"height":535,"url":"https:\/\/www.cyberark.com\/wp-content\/uploads\/2022\/09\/CYBR-gradient-bg-og-120x627-01-1024x535.png","type":"image\/png"}],"twitter_card":"summary_large_image","twitter_site":"@CyberArk","twitter_misc":{"Tiempo de lectura":"1 minuto"},"schema":{"@context":"https:\/\/schema.org","@graph":[{"@type":"WebPage","@id":"https:\/\/www.cyberark.com\/customer-stories\/","url":"https:\/\/www.cyberark.com\/customer-stories\/","name":"Historias de \u00e9xito y casos pr\u00e1cticos de clientes | CyberArk","isPartOf":{"@id":"https:\/\/www.cyberark.com\/#website"},"datePublished":"2022-09-15T18:57:19+00:00","dateModified":"2025-10-16T10:03:38+00:00","description":"Escuche los casos pr\u00e1cticos de clientes y socios y las historias de \u00e9xito con los productos y soluciones l\u00edderes en seguridad de la identidad y gesti\u00f3n del acceso con privilegios de CyberArk.","breadcrumb":{"@id":"https:\/\/www.cyberark.com\/customer-stories\/#breadcrumb"},"inLanguage":"es","potentialAction":[{"@type":"ReadAction","target":["https:\/\/www.cyberark.com\/customer-stories\/"]}]},{"@type":"BreadcrumbList","@id":"https:\/\/www.cyberark.com\/customer-stories\/#breadcrumb","itemListElement":[{"@type":"ListItem","position":1,"name":"Home","item":"https:\/\/www.cyberark.com\/"},{"@type":"ListItem","position":2,"name":"Experiencias de clientes"}]},{"@type":"WebSite","@id":"https:\/\/www.cyberark.com\/#website","url":"https:\/\/www.cyberark.com\/","name":"CyberArk","description":"","publisher":{"@id":"https:\/\/www.cyberark.com\/#organization"},"potentialAction":[{"@type":"SearchAction","target":{"@type":"EntryPoint","urlTemplate":"https:\/\/www.cyberark.com\/?s={search_term_string}"},"query-input":{"@type":"PropertyValueSpecification","valueRequired":true,"valueName":"search_term_string"}}],"inLanguage":"es"},{"@type":"Organization","@id":"https:\/\/www.cyberark.com\/#organization","name":"CyberArk Software","url":"https:\/\/www.cyberark.com\/","logo":{"@type":"ImageObject","inLanguage":"es","@id":"https:\/\/www.cyberark.com\/#\/schema\/logo\/image\/","url":"https:\/\/www.cyberark.com\/wp-content\/uploads\/2021\/02\/cyberark-logo-dark.svg","contentUrl":"https:\/\/www.cyberark.com\/wp-content\/uploads\/2021\/02\/cyberark-logo-dark.svg","width":"1024","height":"1024","caption":"CyberArk Software"},"image":{"@id":"https:\/\/www.cyberark.com\/#\/schema\/logo\/image\/"},"sameAs":["https:\/\/www.facebook.com\/CyberArk\/","https:\/\/x.com\/CyberArk","https:\/\/www.linkedin.com\/company\/cyber-ark-software\/"]}]}},"_links":{"self":[{"href":"https:\/\/www.cyberark.com\/es\/wp-json\/wp\/v2\/pages\/134366","targetHints":{"allow":["GET"]}}],"collection":[{"href":"https:\/\/www.cyberark.com\/es\/wp-json\/wp\/v2\/pages"}],"about":[{"href":"https:\/\/www.cyberark.com\/es\/wp-json\/wp\/v2\/types\/page"}],"author":[{"embeddable":true,"href":"https:\/\/www.cyberark.com\/es\/wp-json\/wp\/v2\/users\/125"}],"replies":[{"embeddable":true,"href":"https:\/\/www.cyberark.com\/es\/wp-json\/wp\/v2\/comments?post=134366"}],"version-history":[{"count":0,"href":"https:\/\/www.cyberark.com\/es\/wp-json\/wp\/v2\/pages\/134366\/revisions"}],"wp:attachment":[{"href":"https:\/\/www.cyberark.com\/es\/wp-json\/wp\/v2\/media?parent=134366"}],"wp:term":[{"taxonomy":"product_category","embeddable":true,"href":"https:\/\/www.cyberark.com\/es\/wp-json\/wp\/v2\/product_category?post=134366"}],"curies":[{"name":"wp","href":"https:\/\/api.w.org\/{rel}","templated":true}]}}