{"id":136158,"date":"2022-11-04T08:45:04","date_gmt":"2022-11-04T12:45:04","guid":{"rendered":"https:\/\/www.cyberark.com\/?page_id=136158"},"modified":"2023-09-11T13:21:04","modified_gmt":"2023-09-11T17:21:04","slug":"gartner-magic-quadrant-reports-for-pam-and-access-management","status":"publish","type":"page","link":"https:\/\/www.cyberark.com\/es\/gartner-magic-quadrant-reports-for-pam-and-access-management\/","title":{"rendered":"Gartner Magic Quadrant Reports for PAM and Access Management"},"content":{"rendered":"<div class=\"wpb-content-wrapper\"><p>[vc_row full_width=\u00bbstretch_row\u00bb equal_height=\u00bbyes\u00bb el_class=\u00bbcybv2 cybv2-pad-top hv-cta\u00bb][vc_column width=\u00bb7\/12&#8243; el_class=\u00bbleft-clmn\u00bb][vc_column_text]ANALYST REPORTS<\/p>\n<h1>CyberArk es el \u00fanico proveedor posicionado como un l\u00edder en los informes de Gartner<sup>\u00ae<\/sup> Magic Quadrant\u2122 para PAM y Access Management<\/h1>\n<h5>Gartner Magic Quadrant de 2023 para Privileged Access Management<br \/>\n2022 Gartner Magic Quadrant for Access Management<\/h5>\n<p><strong>En el panorama de amenazas actual, la Seguridad de la Identidad requiere liderazgo en todas las categor\u00edas.<\/strong><\/p>\n<p>El nuevo Gartner Magic Quadrant de 2023 para Privileged Access Management ya est\u00e1 aqu\u00ed, y CyberArk ha sido nombrado un L\u00edder. \u00a1Pero eso no es todo! CyberArk tambi\u00e9n fue nombrado un L\u00edder en el Gartner Magic Quadrant de 2022 para Access Management, por cuarta vez consecutiva. CyberArk es la \u00fanica empresa que ha sido nombrada como un L\u00edder en ambos informes.<\/p>\n<p>Creemos que esto destaca la estrategia de CyberArk de desarrollar la plataforma de Seguridad de Identidad m\u00e1s completa de la industria, permitiendo una protecci\u00f3n sin igual para todas las identidades, humanas y de m\u00e1quinas, en todos los dispositivos, en entornos h\u00edbridos y en la nube.<\/p>\n<p><strong>No solo administre identidades. Aseg\u00farelas.<\/strong>[\/vc_column_text][vc_column_text el_class=\u00bbtiny cybv2-pad-top\u00bb]<em>*GARTNER es una marca comercial registrada y una marca de servicio, y MAGIC QUADRANT es una marca comercial registrada de Gartner, Inc. y\/o sus filiales en los EE. UU. e internacionalmente y se utilizan aqu\u00ed con permiso. Todos los derechos reservados.<\/em><\/p>\n<p><em>Gartner no apoya a ninguna compa\u00f1\u00eda, producto o servicio mencionado en los estudios publicados y no aconseja a los usuarios de tecnolog\u00edas que elijan solamente a los proveedores con las clasificaciones m\u00e1s altas. Los estudios publicados por Gartner est\u00e1n compuestos por las opiniones de su equipo de investigaciones y no deben considerarse declaraciones de hecho. Gartner renuncia a todas las responsabilidades, expl\u00edcitas o impl\u00edcitas, con respecto a este estudio, incluida cualquier garant\u00eda de comercializaci\u00f3n o conveniencia para fines particulares.<\/em><\/p>\n<p><em>Gartner\u00ae Magic Quadrant\u2122 for Privileged Access Management, by Felix Gaehtgens, James Hoover, Michael Kelley, Brian Guthrie, Abhyuday Data, 5 September 2023<\/em><\/p>\n<p><em>Gartner\u00ae Magic Quadrant\u2122 for Access Management, by Henrique Teixeira, Abhyuday Data, Michael Kelley, James Hoover, Brian Guthrie, 1 November 2022<\/em>[\/vc_column_text][\/vc_column][vc_column width=\u00bb1\/12&#8243; css=\u00bb.vc_custom_1663681871597{margin-right: 45px !important;border-right-width: 1px !important;}\u00bb][\/vc_column][vc_column width=\u00bb1\/3&#8243; el_class=\u00bbright-clmn cybv2-form\u00bb][vc_column_text el_class=\u00bbcyb-pad-btm\u00bb]<\/p>\n<h5>Leer los informes<\/h5>\n<p>[\/vc_column_text][vc_raw_html]W21hcmtldG9fZm9ybSBpZD0iOTE5MSIgdHlfcGFnZV91cmw9Imh0dHBzOi8vd3d3LmN5YmVyYXJrLmNvbS9lcy90aGFuay15b3UtZ2FydG5lci1tYWdpYy1xdWFkcmFudC1yZXBvcnRzLWZvci1wYW0tYW5kLWFjY2Vzcy1tYW5hZ2VtZW50LyJd[\/vc_raw_html][\/vc_column][\/vc_row]<\/p>\n<\/div>","protected":false},"excerpt":{"rendered":"<p>[vc_row full_width=\u00bbstretch_row\u00bb equal_height=\u00bbyes\u00bb el_class=\u00bbcybv2 cybv2-pad-top hv-cta\u00bb][vc_column width=\u00bb7\/12&#8243; el_class=\u00bbleft-clmn\u00bb][vc_column_text]ANALYST REPORTS CyberArk es el \u00fanico proveedor posicionado como un l\u00edder en los informes de Gartner\u00ae Magic Quadrant\u2122 para PAM y Access Management Gartner Magic Quadrant de 2023&#8230;<\/p>\n","protected":false},"author":125,"featured_media":0,"parent":0,"menu_order":0,"comment_status":"closed","ping_status":"closed","template":"t_cybv2_nomenus.php","meta":{"_acf_changed":false,"inline_featured_image":false,"footnotes":""},"product_category":[],"class_list":["post-136158","page","type-page","status-publish","hentry"],"acf":[],"yoast_head":"<!-- This site is optimized with the Yoast SEO Premium plugin v27.2 (Yoast SEO v27.2) - https:\/\/yoast.com\/product\/yoast-seo-premium-wordpress\/ -->\n<title>CyberArk es el \u00fanico l\u00edder en los informes del Gartner\u00ae Magic Quadrant\u2122 para Access Management y para PAM | CyberArk<\/title>\n<meta name=\"description\" content=\"El nuevo Gartner\u00ae Magic Quadrant\u2122 2023 para Privileged Access Management acaba de ser publicado, y CyberArk ha sido nombrado un l\u00edder.\" \/>\n<meta name=\"robots\" content=\"index, follow, max-snippet:-1, max-image-preview:large, max-video-preview:-1\" \/>\n<link rel=\"canonical\" href=\"https:\/\/www.cyberark.com\/gartner-magic-quadrant-reports-for-pam-and-access-management\/\" \/>\n<meta property=\"og:locale\" content=\"es_ES\" \/>\n<meta property=\"og:type\" content=\"article\" \/>\n<meta property=\"og:title\" content=\"Gartner Magic Quadrant Reports for PAM and Access Management\" \/>\n<meta property=\"og:description\" content=\"El nuevo Gartner\u00ae Magic Quadrant\u2122 2023 para Privileged Access Management acaba de ser publicado, y CyberArk ha sido nombrado un l\u00edder.\" \/>\n<meta property=\"og:url\" content=\"https:\/\/www.cyberark.com\/gartner-magic-quadrant-reports-for-pam-and-access-management\/\" \/>\n<meta property=\"og:site_name\" content=\"CyberArk\" \/>\n<meta property=\"article:publisher\" content=\"https:\/\/www.facebook.com\/CyberArk\/\" \/>\n<meta property=\"article:modified_time\" content=\"2023-09-11T17:21:04+00:00\" \/>\n<meta property=\"og:image\" content=\"https:\/\/www.cyberark.com\/wp-content\/uploads\/2022\/09\/CYBR-gradient-bg-og-120x627-01-1024x535.png\" \/>\n\t<meta property=\"og:image:width\" content=\"1024\" \/>\n\t<meta property=\"og:image:height\" content=\"535\" \/>\n\t<meta property=\"og:image:type\" content=\"image\/png\" \/>\n<meta name=\"twitter:card\" content=\"summary_large_image\" \/>\n<meta name=\"twitter:site\" content=\"@CyberArk\" \/>\n<meta name=\"twitter:label1\" content=\"Tiempo de lectura\" \/>\n\t<meta name=\"twitter:data1\" content=\"2 minutos\" \/>\n<script type=\"application\/ld+json\" class=\"yoast-schema-graph\">{\"@context\":\"https:\/\/schema.org\",\"@graph\":[{\"@type\":\"WebPage\",\"@id\":\"https:\/\/www.cyberark.com\/gartner-magic-quadrant-reports-for-pam-and-access-management\/\",\"url\":\"https:\/\/www.cyberark.com\/gartner-magic-quadrant-reports-for-pam-and-access-management\/\",\"name\":\"CyberArk es el \u00fanico l\u00edder en los informes del Gartner\u00ae Magic Quadrant\u2122 para Access Management y para PAM | CyberArk\",\"isPartOf\":{\"@id\":\"https:\/\/www.cyberark.com\/#website\"},\"datePublished\":\"2022-11-04T12:45:04+00:00\",\"dateModified\":\"2023-09-11T17:21:04+00:00\",\"description\":\"El nuevo Gartner\u00ae Magic Quadrant\u2122 2023 para Privileged Access Management acaba de ser publicado, y CyberArk ha sido nombrado un l\u00edder.\",\"breadcrumb\":{\"@id\":\"https:\/\/www.cyberark.com\/gartner-magic-quadrant-reports-for-pam-and-access-management\/#breadcrumb\"},\"inLanguage\":\"es\",\"potentialAction\":[{\"@type\":\"ReadAction\",\"target\":[\"https:\/\/www.cyberark.com\/gartner-magic-quadrant-reports-for-pam-and-access-management\/\"]}]},{\"@type\":\"BreadcrumbList\",\"@id\":\"https:\/\/www.cyberark.com\/gartner-magic-quadrant-reports-for-pam-and-access-management\/#breadcrumb\",\"itemListElement\":[{\"@type\":\"ListItem\",\"position\":1,\"name\":\"Home\",\"item\":\"https:\/\/www.cyberark.com\/\"},{\"@type\":\"ListItem\",\"position\":2,\"name\":\"Gartner Magic Quadrant Reports for PAM and Access Management\"}]},{\"@type\":\"WebSite\",\"@id\":\"https:\/\/www.cyberark.com\/#website\",\"url\":\"https:\/\/www.cyberark.com\/\",\"name\":\"CyberArk\",\"description\":\"\",\"publisher\":{\"@id\":\"https:\/\/www.cyberark.com\/#organization\"},\"potentialAction\":[{\"@type\":\"SearchAction\",\"target\":{\"@type\":\"EntryPoint\",\"urlTemplate\":\"https:\/\/www.cyberark.com\/?s={search_term_string}\"},\"query-input\":{\"@type\":\"PropertyValueSpecification\",\"valueRequired\":true,\"valueName\":\"search_term_string\"}}],\"inLanguage\":\"es\"},{\"@type\":\"Organization\",\"@id\":\"https:\/\/www.cyberark.com\/#organization\",\"name\":\"CyberArk Software\",\"url\":\"https:\/\/www.cyberark.com\/\",\"logo\":{\"@type\":\"ImageObject\",\"inLanguage\":\"es\",\"@id\":\"https:\/\/www.cyberark.com\/#\/schema\/logo\/image\/\",\"url\":\"https:\/\/www.cyberark.com\/wp-content\/uploads\/2021\/02\/cyberark-logo-dark.svg\",\"contentUrl\":\"https:\/\/www.cyberark.com\/wp-content\/uploads\/2021\/02\/cyberark-logo-dark.svg\",\"width\":\"1024\",\"height\":\"1024\",\"caption\":\"CyberArk Software\"},\"image\":{\"@id\":\"https:\/\/www.cyberark.com\/#\/schema\/logo\/image\/\"},\"sameAs\":[\"https:\/\/www.facebook.com\/CyberArk\/\",\"https:\/\/x.com\/CyberArk\",\"https:\/\/www.linkedin.com\/company\/cyber-ark-software\/\"]}]}<\/script>\n<!-- \/ Yoast SEO Premium plugin. -->","yoast_head_json":{"title":"CyberArk es el \u00fanico l\u00edder en los informes del Gartner\u00ae Magic Quadrant\u2122 para Access Management y para PAM | CyberArk","description":"El nuevo Gartner\u00ae Magic Quadrant\u2122 2023 para Privileged Access Management acaba de ser publicado, y CyberArk ha sido nombrado un l\u00edder.","robots":{"index":"index","follow":"follow","max-snippet":"max-snippet:-1","max-image-preview":"max-image-preview:large","max-video-preview":"max-video-preview:-1"},"canonical":"https:\/\/www.cyberark.com\/gartner-magic-quadrant-reports-for-pam-and-access-management\/","og_locale":"es_ES","og_type":"article","og_title":"Gartner Magic Quadrant Reports for PAM and Access Management","og_description":"El nuevo Gartner\u00ae Magic Quadrant\u2122 2023 para Privileged Access Management acaba de ser publicado, y CyberArk ha sido nombrado un l\u00edder.","og_url":"https:\/\/www.cyberark.com\/gartner-magic-quadrant-reports-for-pam-and-access-management\/","og_site_name":"CyberArk","article_publisher":"https:\/\/www.facebook.com\/CyberArk\/","article_modified_time":"2023-09-11T17:21:04+00:00","og_image":[{"width":1024,"height":535,"url":"https:\/\/www.cyberark.com\/wp-content\/uploads\/2022\/09\/CYBR-gradient-bg-og-120x627-01-1024x535.png","type":"image\/png"}],"twitter_card":"summary_large_image","twitter_site":"@CyberArk","twitter_misc":{"Tiempo de lectura":"2 minutos"},"schema":{"@context":"https:\/\/schema.org","@graph":[{"@type":"WebPage","@id":"https:\/\/www.cyberark.com\/gartner-magic-quadrant-reports-for-pam-and-access-management\/","url":"https:\/\/www.cyberark.com\/gartner-magic-quadrant-reports-for-pam-and-access-management\/","name":"CyberArk es el \u00fanico l\u00edder en los informes del Gartner\u00ae Magic Quadrant\u2122 para Access Management y para PAM | CyberArk","isPartOf":{"@id":"https:\/\/www.cyberark.com\/#website"},"datePublished":"2022-11-04T12:45:04+00:00","dateModified":"2023-09-11T17:21:04+00:00","description":"El nuevo Gartner\u00ae Magic Quadrant\u2122 2023 para Privileged Access Management acaba de ser publicado, y CyberArk ha sido nombrado un l\u00edder.","breadcrumb":{"@id":"https:\/\/www.cyberark.com\/gartner-magic-quadrant-reports-for-pam-and-access-management\/#breadcrumb"},"inLanguage":"es","potentialAction":[{"@type":"ReadAction","target":["https:\/\/www.cyberark.com\/gartner-magic-quadrant-reports-for-pam-and-access-management\/"]}]},{"@type":"BreadcrumbList","@id":"https:\/\/www.cyberark.com\/gartner-magic-quadrant-reports-for-pam-and-access-management\/#breadcrumb","itemListElement":[{"@type":"ListItem","position":1,"name":"Home","item":"https:\/\/www.cyberark.com\/"},{"@type":"ListItem","position":2,"name":"Gartner Magic Quadrant Reports for PAM and Access Management"}]},{"@type":"WebSite","@id":"https:\/\/www.cyberark.com\/#website","url":"https:\/\/www.cyberark.com\/","name":"CyberArk","description":"","publisher":{"@id":"https:\/\/www.cyberark.com\/#organization"},"potentialAction":[{"@type":"SearchAction","target":{"@type":"EntryPoint","urlTemplate":"https:\/\/www.cyberark.com\/?s={search_term_string}"},"query-input":{"@type":"PropertyValueSpecification","valueRequired":true,"valueName":"search_term_string"}}],"inLanguage":"es"},{"@type":"Organization","@id":"https:\/\/www.cyberark.com\/#organization","name":"CyberArk Software","url":"https:\/\/www.cyberark.com\/","logo":{"@type":"ImageObject","inLanguage":"es","@id":"https:\/\/www.cyberark.com\/#\/schema\/logo\/image\/","url":"https:\/\/www.cyberark.com\/wp-content\/uploads\/2021\/02\/cyberark-logo-dark.svg","contentUrl":"https:\/\/www.cyberark.com\/wp-content\/uploads\/2021\/02\/cyberark-logo-dark.svg","width":"1024","height":"1024","caption":"CyberArk Software"},"image":{"@id":"https:\/\/www.cyberark.com\/#\/schema\/logo\/image\/"},"sameAs":["https:\/\/www.facebook.com\/CyberArk\/","https:\/\/x.com\/CyberArk","https:\/\/www.linkedin.com\/company\/cyber-ark-software\/"]}]}},"_links":{"self":[{"href":"https:\/\/www.cyberark.com\/es\/wp-json\/wp\/v2\/pages\/136158","targetHints":{"allow":["GET"]}}],"collection":[{"href":"https:\/\/www.cyberark.com\/es\/wp-json\/wp\/v2\/pages"}],"about":[{"href":"https:\/\/www.cyberark.com\/es\/wp-json\/wp\/v2\/types\/page"}],"author":[{"embeddable":true,"href":"https:\/\/www.cyberark.com\/es\/wp-json\/wp\/v2\/users\/125"}],"replies":[{"embeddable":true,"href":"https:\/\/www.cyberark.com\/es\/wp-json\/wp\/v2\/comments?post=136158"}],"version-history":[{"count":0,"href":"https:\/\/www.cyberark.com\/es\/wp-json\/wp\/v2\/pages\/136158\/revisions"}],"wp:attachment":[{"href":"https:\/\/www.cyberark.com\/es\/wp-json\/wp\/v2\/media?parent=136158"}],"wp:term":[{"taxonomy":"product_category","embeddable":true,"href":"https:\/\/www.cyberark.com\/es\/wp-json\/wp\/v2\/product_category?post=136158"}],"curies":[{"name":"wp","href":"https:\/\/api.w.org\/{rel}","templated":true}]}}