{"id":201016,"date":"2025-01-07T02:31:51","date_gmt":"2025-01-07T07:31:51","guid":{"rendered":"https:\/\/www.cyberark.com\/reformule-la-gestion-del-acceso\/"},"modified":"2025-01-07T02:32:04","modified_gmt":"2025-01-07T07:32:04","slug":"reimagine-access-management","status":"publish","type":"page","link":"https:\/\/www.cyberark.com\/es\/reimagine-access-management\/","title":{"rendered":"Reformule la gesti\u00f3n del acceso"},"content":{"rendered":"<div class=\"wpb-content-wrapper\"><p>[vc_row full_width=\u00bbstretch_row\u00bb equal_height=\u00bbyes\u00bb content_placement=\u00bbmiddle\u00bb el_class=\u00bbcybv2 hero dark\u00bb][vc_column width=\u00bb1\/2&#8243; el_class=\u00bbcolumn-1&#8243; offset=\u00bbvc_col-md-6&#8243;][vc_column_text css=\u00bb\u00bb]<\/p>\n<h1>Reformule la gesti\u00f3n del acceso.<\/h1>\n<h2>Consiga una protecci\u00f3n integral desde el endpoint hasta la aplicaci\u00f3n con Workforce Identity Security.<\/h2>\n<p>Los modelos de seguridad tradicionales est\u00e1n fallando. Los atacantes lo saben, y usted tambi\u00e9n. CyberArk reinventa la gesti\u00f3n del acceso con controles inteligentes de privilegios por capas que protegen los recursos cr\u00edticos a medida que va evolucionando el panorama de amenazas. Todo ello sin ralentizar la velocidad de su personal. Comience a proteger su futuro ahora. [\/vc_column_text][vc_btn title=\u00bbSolicitar una demostraci\u00f3n\u00bb style=\u00bbcustom\u00bb custom_background=\u00bb\u00bb custom_text=\u00bb\u00bb shape=\u00bbsquare\u00bb css=\u00bb\u00bb link=\u00bburl:%23form|title:Solicitar%20una%20demostraci%C3%B3n|\u00bb el_class=\u00bbcybv2-button-solid\u00bb][\/vc_column][vc_column width=\u00bb1\/2&#8243; el_class=\u00bbcybv2 impact-cards column-2&#8243;][vc_row_inner el_class=\u00bbjustify-content-center\u00bb][vc_column_inner el_class=\u00bbsingle-card\u00bb width=\u00bb2\/3&#8243; offset=\u00bbvc_col-sm-offset-2&#8243;][vc_column_text css=\u00bb\u00bb]<img loading=\"lazy\" decoding=\"async\" class=\"alignnone wp-image-199646 size-full\" src=\"https:\/\/www.cyberark.com\/wp-content\/uploads\/2024\/11\/resource-image-hero.jpg\" alt=\"hombre trabajando en la computadora\" width=\"768\" height=\"393\" srcset=\"https:\/\/www.cyberark.com\/wp-content\/uploads\/2024\/11\/resource-image-hero.jpg 768w, https:\/\/www.cyberark.com\/wp-content\/uploads\/2024\/11\/resource-image-hero-300x154.jpg 300w, https:\/\/www.cyberark.com\/wp-content\/uploads\/2024\/11\/resource-image-hero-150x77.jpg 150w\" sizes=\"auto, (max-width: 768px) 100vw, 768px\" \/>[\/vc_column_text][vc_column_text css=\u00bb\u00bb el_class=\u00bbdate\u00bb]Monogr\u00e1fico[\/vc_column_text][vc_column_text css=\u00bb\u00bb el_class=\u00bblocation mb-8&#8243;]<\/p>\n<h4>Reformule el acceso del personal con una estrategia de seguridad centrada en la identidad<\/h4>\n<p>[\/vc_column_text][vc_column_text css=\u00bb\u00bb el_class=\u00bblink-arrow-right location\u00bb]<a href=\"https:\/\/www.cyberark.com\/resources\/white-papers\/reimagine-workforce-access-with-an-identity-first-security-strategy\">Consultar el monogr\u00e1fico<\/a><i class=\"fa fa-long-arrow-right\"><\/i>[\/vc_column_text][\/vc_column_inner][\/vc_row_inner][\/vc_column][\/vc_row][vc_row el_class=\u00bbcybv2 cybv2_resources_uberflip cybv2_resources_uberflip_4_column cybv2-pad\u00bb][vc_column el_class=\u00bbnew_hpstyle_section8_col1 cybv2 cybv2-pad\u00bb][vc_row_inner][vc_column_inner width=\u00bb5\/6&#8243;][vc_column_text css=\u00bb\u00bb el_class=\u00bbpy-4&#8243;]<\/p>\n<h3>El riesgo no termina en el inicio de sesi\u00f3n. Su seguridad tampoco deber\u00eda hacerlo.<\/h3>\n<p>[\/vc_column_text][\/vc_column_inner][\/vc_row_inner][vc_raw_html css=\u00bb.vc_custom_1732169946747{background-position: center !important;background-repeat: no-repeat !important;background-size: cover !important;}\u00bb el_class=\u00bbnew_hpstyle_section8_uberflip\u00bb]PCEtLSBVYmVyZmxpcCBFbWJlZGRlZCBIdWIgV2lkZ2V0IC0tPgoKICA8ZGl2IGlkPSJVZkVtYmVkZGVkSHViMTczMjE2OTkxODA4MSI+PC9kaXY+CgogIDxzY3JpcHQgbm9uY2U9Ijw\/PSAkbm9uY2UgPz4iPgogIHdpbmRvdy5fdWZIdWJDb25maWcgPSB3aW5kb3cuX3VmSHViQ29uZmlnIHx8IFtdOwogIHdpbmRvdy5fdWZIdWJDb25maWcucHVzaCh7CiAgICAnY29udGFpbmVycyc6eydhcHAnOicjVWZFbWJlZGRlZEh1YjE3MzIxNjk5MTgwODEnfSwKICAgICdjb2xsZWN0aW9uJzogJzExOTA4MzkzJywKICAgICdvcGVuTGluayc6ZnVuY3Rpb24odXJsKXsKICAgICAgd2luZG93LnRvcC5sb2NhdGlvbi5ocmVmPXVybDsKICAgIH0sCiAgICAnbGF6eWxvYWRlcic6ewogICAgICAnaXRlbURpc3BsYXlMaW1pdCc6MjAsCiAgICAgICdtYXhUaWxlc1BlclJvdyc6MCwKICAgICAgJ21heEl0ZW1zVG90YWwnOiAwCiAgICB9LAogICAgJ3RpbGVTaXplJzogJ2xhcmdlJywKICAgICdlbmFibGVQYWdlVHJhY2tpbmcnOmZhbHNlLAogICAgJ2Jhc2VVcmwnOiAnaHR0cHM6Ly93d3cuY3liZXJhcmsuY29tL3Jlc291cmNlcy8nLAogICAgJ2ZpbGVzVXJsJzogJ2h0dHBzOi8vd3d3LmN5YmVyYXJrLmNvbS9yZXNvdXJjZXMvJywKICAgICdnZW5lcmF0ZWRBdFVUQyc6ICcyMDI0LTExLTIxIDA2OjE4OjIxJywKICB9KTsKICA8L3NjcmlwdD4KCiAgPHNjcmlwdCBub25jZT0iPD89ICRub25jZSA\/PiI+KGZ1bmN0aW9uKGQsdCx1KSB7CiAgICBmdW5jdGlvbiBsb2FkKCl7CiAgICAgIHZhciBzPWQuY3JlYXRlRWxlbWVudCh0KTtzLnNyYz11O2QuYm9keS5hcHBlbmRDaGlsZChzKTsKICAgIH0KICAgIGlmICh3aW5kb3cuYWRkRXZlbnRMaXN0ZW5lcikgewogICAgICB3aW5kb3cuYWRkRXZlbnRMaXN0ZW5lcignbG9hZCcsbG9hZCxmYWxzZSk7CiAgICB9CiAgICBlbHNlIGlmICh3aW5kb3cuYXR0YWNoRXZlbnQpIHsKICAgICAgd2luZG93LmF0dGFjaEV2ZW50KCdvbmxvYWQnLGxvYWQpOwogICAgfQogICAgZWxzZXsKICAgICAgd2luZG93Lm9ubG9hZD1sb2FkOwogICAgfQogIH0oZG9jdW1lbnQsJ3NjcmlwdCcsJ2h0dHBzOi8vd3d3LmN5YmVyYXJrLmNvbS9yZXNvdXJjZXMvaHVic0Zyb250L2VtYmVkX2NvbGxlY3Rpb24nKSk7CiAgPC9zY3JpcHQ+CiAgPCEtLSAvRW5kIFViZXJmbGlwIEVtYmVkZGVkIEh1YiBXaWRnZXQgLS0+[\/vc_raw_html][\/vc_column][\/vc_row][vc_row][vc_column][vc_raw_js]JTNDc2NyaXB0JTNFJTBBJTA5alF1ZXJ5JTI4JTI3LmN5YnYyX3Jlc291cmNlc191YmVyZmxpcCUyNyUyOS5vbiUyOCUyN0RPTVN1YnRyZWVNb2RpZmllZCUyNyUyQyUyMGZ1bmN0aW9uJTI4JTI5JTdCJTBBJTA5JTA5JTJGJTJGR2V0JTIwdGlsZXMlMEElMDklMDklMjR0aWxlcyUyMCUzRCUyMGpRdWVyeSUyOCUyNy5jeWJ2Ml9yZXNvdXJjZXNfdWJlcmZsaXAlMjAudGlsZS5zaW5nbGUlMjclMjklM0IlMEElMDklMDl2YXIlMjB1cGRhdGVkJTIwJTNEJTIwZmFsc2UlM0IlMEElMDklMDklMkYlMkZNYWtlJTIwc3VyZSUyMHRpbGVzJTIwZXhpc3QlMEElMDklMDlpZiUyOCUyNHRpbGVzLmxlbmd0aCUyMCUzRSUyMDAlMjklN0IlMEElMDklMDklMDl2YXIlMjBhbGxBdmFpbGFibGUlMjAlM0QlMjB0cnVlJTNCJTBBJTA5JTA5JTA5JTJGJTJGQ2hlY2slMjBpZiUyMGFsbCUyMHRpbGVzJTIwbG9hZGVkJTIwaW4lMEElMDklMDklMDlqUXVlcnkuZWFjaCUyOCUyNHRpbGVzJTJDJTIwZnVuY3Rpb24lMjglMjBpbmRleCUyQyUyMGVsZW0lMjAlMjklMjAlN0IlMEElMDklMDklMDklMDklMjR0aWxlJTIwJTNEJTIwalF1ZXJ5JTI4ZWxlbSUyOSUzQiUwQSUwOSUwOSUwOSUwOWlmJTI4JTI0dGlsZS5maW5kJTI4JTI3Lm9iLWN1c3RvbS1sYWJlbCUyNyUyOS5odG1sJTI4JTI5JTIwJTNEJTNEJTIwdW5kZWZpbmVkJTIwJTI2JTI2JTIwJTI0dGlsZS5hdHRyJTI4JTI3aWQlMjclMjklMjAlMjElM0QlMjAlMjdsb2FkaW5nLW5vdGlmaWVyJTI3JTI5JTdCJTBBJTA5JTA5JTA5JTA5JTA5YWxsQXZhaWxhYmxlJTIwJTNEJTIwZmFsc2UlM0IlMEElMDklMDklMDklMDklN0QlMEElMDklMDklMDklN0QlMjklM0IlMEElMDklMDklMDklMkYlMkZDaGVjayUyMGlmJTIwbG9hZGVkJTIwaW4lMEElMDklMDklMDlpZiUyOGFsbEF2YWlsYWJsZSUyOSU3QiUwQSUwOSUwOSUwOSUwOWpRdWVyeS5lYWNoJTI4JTI0dGlsZXMlMkMlMjBmdW5jdGlvbiUyOCUyMGluZGV4JTJDJTIwZWxlbSUyMCUyOSUyMCU3QiUwQSUwOSUwOSUwOSUwOSUwOSUyNHRpbGUlMjAlM0QlMjBqUXVlcnklMjhlbGVtJTI5JTNCJTBBJTA5JTA5JTA5JTA5JTA5dmFyJTIwdXBkYXRlZCUyMCUzRCUyMGZhbHNlJTNCJTBBJTA5JTA5JTA5JTA5JTA5JTJGJTJGQ2hlY2slMjBpZiUyMHRpbGUlMjB0byUyMHVwZGF0ZSUwQSUwOSUwOSUwOSUwOSUwOWlmJTI4JTI0dGlsZS5maW5kJTI4JTI3Lm9iLWN1c3RvbS1sYWJlbCUyNyUyOS5odG1sJTI4JTI5JTIwJTIxJTNEJTIwdW5kZWZpbmVkJTIwJTI2JTI2JTIwJTI0dGlsZS5kYXRhJTI4JTI3dXBkYXRlZCUyNyUyOSUyMCUzRCUzRCUyMHVuZGVmaW5lZCUyOSU3QiUwQSUwOSUwOSUwOSUwOSUwOSUwOWpRdWVyeSUyOCUyNy5jeWJ2Ml9yZXNvdXJjZXNfdWJlcmZsaXAlMjclMjkub2ZmJTI4JTI3RE9NU3VidHJlZU1vZGlmaWVkJTI3JTI5JTNCJTBBJTA5JTA5JTA5JTA5JTA5JTA5JTI0dGFncyUyMCUzRCUyMCUyNHRpbGUuZGF0YSUyOCUyN3RhZ3MlMjclMjkuc3BsaXQlMjglMjclMkMlMjclMjklM0IlMEElMEElMDklMDklMDklMDklMDklMDklMkYlMkZHcmFiJTIwdGFnJTBBJTA5JTA5JTA5JTA5JTA5JTA5JTI0dGFnJTIwJTNEJTIwJTI0dGlsZS5maW5kJTI4JTI3Lm9iLWN1c3RvbS1sYWJlbCUyNyUyOS5odG1sJTI4JTI5JTNCJTBBJTBBJTA5JTA5JTA5JTA5JTA5JTA5JTJGJTJGQ2hlY2slMjB0YWdzJTIwYW5kJTIwY2hhbmdlJTIwbGluayUyMGFjY29yZGluZ2x5JTBBJTA5JTA5JTA5JTA5JTA5JTA5aWYlMjhzdHJpbmdfdG9fc2x1ZyUyOCUyNHRhZyUyOSUyMCUzRCUzRCUyMCUyN2FuYWx5c3QtcmVwb3J0JTI3JTI5JTdCJTBBJTA5JTA5JTA5JTA5JTA5JTA5JTA5JTI0dGlsZS5maW5kJTI4JTI3Lml0ZW0tbGluay52aWV3JTI3JTI5Lmh0bWwlMjglMjdEb3dubG9hZCUyMEFuYWx5c3QlMjBSZXBvcnQlMjclMjklM0IlMEElMDklMDklMDklMDklMDklMDklN0QlMEElMEElMDklMDklMDklMDklMDklMDlpZiUyOHN0cmluZ190b19zbHVnJTI4JTI0dGFnJTI5JTIwJTNEJTNEJTIwJTI3YmxvZyUyNyUyOSU3QiUwQSUwOSUwOSUwOSUwOSUwOSUwOSUwOSUyNHRpbGUuZmluZCUyOCUyNy5pdGVtLWxpbmsudmlldyUyNyUyOS5odG1sJTI4JTI3UmVhZCUyMEJsb2clMjclMjklM0IlMEElMDklMDklMDklMDklMDklMDklN0QlMEElMEElMDklMDklMDklMDklMDklMDlpZiUyOHN0cmluZ190b19zbHVnJTI4JTI0dGFnJTI5JTIwJTNEJTNEJTIwJTI3Y2FzZS1zdHVkeSUyNyUyOSU3QiUwQSUwOSUwOSUwOSUwOSUwOSUwOSUwOSUyNHRpbGUuZmluZCUyOCUyNy5pdGVtLWxpbmsudmlldyUyNyUyOS5odG1sJTI4JTI3RG93bmxvYWQlMjBDYXNlJTIwU3R1ZHklMjclMjklM0IlMEElMDklMDklMDklMDklMDklMDklN0QlMEElMEElMDklMDklMDklMDklMDklMDlpZiUyOHN0cmluZ190b19zbHVnJTI4JTI0dGFnJTI5JTIwJTNEJTNEJTIwJTI3ZWJvb2slMjclMjklN0IlMEElMDklMDklMDklMDklMDklMDklMDklMjR0aWxlLmZpbmQlMjglMjcuaXRlbS1saW5rLnZpZXclMjclMjkuY3NzJTI4JTI3dGV4dC10cmFuc2Zvcm0lMjclMkMlMjAlMjdub25lJTI3JTI5JTNCJTBBJTA5JTA5JTA5JTA5JTA5JTA5JTA5JTI0dGlsZS5maW5kJTI4JTI3Lm9iLWN1c3RvbS1sYWJlbCUyNyUyOS5jc3MlMjglMjd0ZXh0LXRyYW5zZm9ybSUyNyUyQyUyMCUyN25vbmUlMjclMjklM0IlMEElMDklMDklMDklMDklMDklMDklMDklMjR0aWxlLmZpbmQlMjglMjcuaXRlbS1saW5rLnZpZXclMjclMjkuaHRtbCUyOCUyN0Rvd25sb2FkJTIwZUJvb2slMjclMjklM0IlMEElMDklMDklMDklMDklMDklMDklMDklMjR0YWclMjAlM0QlMjAlMjR0aWxlLmZpbmQlMjglMjcub2ItY3VzdG9tLWxhYmVsJTI3JTI5Lmh0bWwlMjglMjdlQm9vayUyNyUyOSUzQiUwQSUwOSUwOSUwOSUwOSUwOSUwOSU3RCUwQSUwQSUwOSUwOSUwOSUwOSUwOSUwOWlmJTI4c3RyaW5nX3RvX3NsdWclMjglMjR0YWclMjklMjAlM0QlM0QlMjAlMjdpbmZvZ3JhcGhpYyUyNyUyOSU3QiUwQSUwOSUwOSUwOSUwOSUwOSUwOSUwOSUyNHRpbGUuZmluZCUyOCUyNy5pdGVtLWxpbmsudmlldyUyNyUyOS5odG1sJTI4JTI3RG93bmxvYWQlMjBJbmZvZ3JhcGhpYyUyNyUyOSUzQiUwQSUwOSUwOSUwOSUwOSUwOSUwOSU3RCUwQSUwQSUwOSUwOSUwOSUwOSUwOSUwOWlmJTI4c3RyaW5nX3RvX3NsdWclMjglMjR0YWclMjklMjAlM0QlM0QlMjAlMjd3ZWJpbmFyJTI3JTI5JTdCJTBBJTA5JTA5JTA5JTA5JTA5JTA5JTA5JTI0dGlsZS5maW5kJTI4JTI3Lml0ZW0tbGluay52aWV3JTI3JTI5Lmh0bWwlMjglMjdXYXRjaCUyMFdlYmluYXIlMjclMjklM0IlMEElMDklMDklMDklMDklMDklMDklN0QlMEElMEElMDklMDklMDklMDklMDklMDlpZiUyOHN0cmluZ190b19zbHVnJTI4JTI0dGFnJTI5JTIwJTNEJTNEJTIwJTI3cHJvZHVjdC1kYXRhc2hlZXQlMjclMjklN0IlMEElMDklMDklMDklMDklMDklMDklMDklMjR0aWxlLmZpbmQlMjglMjcuaXRlbS1saW5rLnZpZXclMjclMjkuaHRtbCUyOCUyN0Rvd25sb2FkJTIwUHJvZHVjdCUyMERhdGFzaGVldCUyNyUyOSUzQiUwQSUwOSUwOSUwOSUwOSUwOSUwOSU3RCUwQSUwQSUwOSUwOSUwOSUwOSUwOSUwOWlmJTI4c3RyaW5nX3RvX3NsdWclMjglMjR0YWclMjklMjAlM0QlM0QlMjAlMjdzb2x1dGlvbi1icmllZiUyNyUyOSU3QiUwQSUwOSUwOSUwOSUwOSUwOSUwOSUwOSUyNHRpbGUuZmluZCUyOCUyNy5pdGVtLWxpbmsudmlldyUyNyUyOS5odG1sJTI4JTI3RG93bmxvYWQlMjBTb2x1dGlvbiUyMEJyaWVmJTI3JTI5JTNCJTBBJTA5JTA5JTA5JTA5JTA5JTA5JTdEJTBBJTBBJTA5JTA5JTA5JTA5JTA5JTA5aWYlMjhzdHJpbmdfdG9fc2x1ZyUyOCUyNHRhZyUyOSUyMCUzRCUzRCUyMCUyN3ZpZGVvJTI3JTI5JTdCJTBBJTA5JTA5JTA5JTA5JTA5JTA5JTA5JTI0dGlsZS5maW5kJTI4JTI3Lml0ZW0tbGluay52aWV3JTI3JTI5Lmh0bWwlMjglMjdXYXRjaCUyMFZpZGVvJTI3JTI5JTNCJTBBJTA5JTA5JTA5JTA5JTA5JTA5JTdEJTBBJTBBJTA5JTA5JTA5JTA5JTA5JTA5aWYlMjhzdHJpbmdfdG9fc2x1ZyUyOCUyNHRhZyUyOSUyMCUzRCUzRCUyMCUyN3doaXRlcGFwZXIlMjclMjklN0IlMEElMDklMDklMDklMDklMDklMDklMDklMjR0aWxlLmZpbmQlMjglMjcuaXRlbS1saW5rLnZpZXclMjclMjkuaHRtbCUyOCUyN0Rvd25sb2FkJTIwV2hpdGVwYXBlciUyNyUyOSUzQiUwQSUwOSUwOSUwOSUwOSUwOSUwOSU3RCUwQSUwQSUwOSUwOSUwOSUwOSUwOSUwOWlmJTI4JTI0dGlsZS5oYXNDbGFzcyUyOCUyN2Jsb2dwb3N0JTI3JTI5JTI5JTdCJTBBJTA5JTA5JTA5JTA5JTA5JTA5JTA5JTI0dGlsZS5maW5kJTI4JTI3Lml0ZW0tbGluay52aWV3JTI3JTI5Lmh0bWwlMjglMjdSZWFkJTIwQmxvZyUyNyUyOSUzQiUwQSUwOSUwOSUwOSUwOSUwOSUwOSU3RCUwQSUwQSUwOSUwOSUwOSUwOSUwOSUwOWlmJTI4dXBkYXRlZCUyMCUzRCUzRCUyMGZhbHNlJTI5JTdCJTBBJTA5JTA5JTA5JTA5JTA5JTA5JTA5dXBkYXRlZCUyMCUzRCUyMHRydWUlM0IlMEElMDklMDklMDklMDklMDklMDklMDklMjR0aWxlLmRhdGElMjglMjd1cGRhdGVkJTI3JTJDJTIwdHJ1ZSUyOSUzQiUwQSUwOSUwOSUwOSUwOSUwOSUwOSU3RCUwQSUwOSUwOSUwOSUwOSUwOSU3RCUwQSUwOSUwOSUwOSUwOSU3RCUyOSUzQiUwQSUwOSUwOSUwOSU3RCUwQSUwOSUwOSU3RCUwQSUwOSU3RCUyOSUzQiUwQSUwQSUwOWZ1bmN0aW9uJTIwc3RyaW5nX3RvX3NsdWclMjAlMjhzdHIlMjklMjAlN0IlMEElMDklMDlpZiUyMCUyOHR5cGVvZiUyMHN0ciUyMCUzRCUzRCUzRCUyMCUyN3N0cmluZyUyNyUyMCU3QyU3QyUyMHN0ciUyMGluc3RhbmNlb2YlMjBTdHJpbmclMjklN0IlMEElMDklMDklMDlzdHIlMjAlM0QlMjBzdHIucmVwbGFjZSUyOCUyRiU1RSU1Q3MlMkIlN0MlNUNzJTJCJTI0JTJGZyUyQyUyMCUyNyUyNyUyOSUzQiUyMCUyRiUyRiUyMHRyaW0lMEElMDklMDklMjAlMjAlMjAlMjBzdHIlMjAlM0QlMjBzdHIudG9Mb3dlckNhc2UlMjglMjklM0IlMEElMDklMDklMjAlMjAlMEElMDklMDklMjAlMjAlMjAlMjAlMkYlMkYlMjByZW1vdmUlMjBhY2NlbnRzJTJDJTIwc3dhcCUyMCVDMyVCMSUyMGZvciUyMG4lMkMlMjBldGMlMEElMDklMDklMjAlMjAlMjAlMjB2YXIlMjBmcm9tJTIwJTNEJTIwJTIyJUMzJUEwJUMzJUExJUMzJUE0JUMzJUEyJUMzJUE4JUMzJUE5JUMzJUFCJUMzJUFBJUMzJUFDJUMzJUFEJUMzJUFGJUMzJUFFJUMzJUIyJUMzJUIzJUMzJUI2JUMzJUI0JUMzJUI5JUMzJUJBJUMzJUJDJUMzJUJCJUMzJUIxJUMzJUE3JUMyJUI3JTJGXyUyQyUzQSUzQiUyMiUzQiUwQSUwOSUwOSUyMCUyMCUyMCUyMHZhciUyMHRvJTIwJTIwJTIwJTNEJTIwJTIyYWFhYWVlZWVpaWlpb29vb3V1dXVuYy0tLS0tLSUyMiUzQiUwQSUwOSUwOSUyMCUyMCUyMCUyMGZvciUyMCUyOHZhciUyMGklM0QwJTJDJTIwbCUzRGZyb20ubGVuZ3RoJTIwJTNCJTIwaSUzQ2wlMjAlM0IlMjBpJTJCJTJCJTI5JTIwJTdCJTBBJTA5JTA5JTIwJTIwJTIwJTIwJTIwJTIwJTIwJTIwc3RyJTIwJTNEJTIwc3RyLnJlcGxhY2UlMjhuZXclMjBSZWdFeHAlMjhmcm9tLmNoYXJBdCUyOGklMjklMkMlMjAlMjdnJTI3JTI5JTJDJTIwdG8uY2hhckF0JTI4aSUyOSUyOSUzQiUwQSUwOSUwOSUyMCUyMCUyMCUyMCU3RCUwQSUwQSUwOSUwOSUyMCUyMCUyMCUyMHN0ciUyMCUzRCUyMHN0ci5yZXBsYWNlJTI4JTJGJTVCJTVFYS16MC05JTIwLSU1RCUyRmclMkMlMjAlMjclMjclMjklMjAlMkYlMkYlMjByZW1vdmUlMjBpbnZhbGlkJTIwY2hhcnMlMEElMDklMDklMjAlMjAlMjAlMjAlMjAlMjAlMjAlMjAucmVwbGFjZSUyOCUyRiU1Q3MlMkIlMkZnJTJDJTIwJTI3LSUyNyUyOSUyMCUyRiUyRiUyMGNvbGxhcHNlJTIwd2hpdGVzcGFjZSUyMGFuZCUyMHJlcGxhY2UlMjBieSUyMC0lMEElMDklMDklMjAlMjAlMjAlMjAlMjAlMjAlMjAlMjAucmVwbGFjZSUyOCUyRi0lMkIlMkZnJTJDJTIwJTI3LSUyNyUyOSUzQiUyMCUyRiUyRiUyMGNvbGxhcHNlJTIwZGFzaGVzJTBBJTA5JTA5JTdEJTBBJTBBJTA5JTIwJTIwJTIwJTIwcmV0dXJuJTIwc3RyJTNCJTBBJTA5JTdEJTBBJTNDJTJGc2NyaXB0JTNF[\/vc_raw_js][\/vc_column][\/vc_row][vc_row][vc_column][vc_raw_html css=\u00bb\u00bb]PGEgY2xhc3M9ImFuY2hvciIgbmFtZT0iZm9ybSI+PC9hPg==[\/vc_raw_html][\/vc_column][\/vc_row][vc_row full_width=\u00bbstretch_row\u00bb equal_height=\u00bbyes\u00bb css=\u00bb.vc_custom_1609868130755{background-color: #f7f7f7 !important;}\u00bb el_class=\u00bbcybv2 cybv2-pad-top hv-cta\u00bb][vc_column width=\u00bb7\/12&#8243; el_class=\u00bbleft-clmn\u00bb][vc_column_text css=\u00bb\u00bb]<\/p>\n<h2>Solicitud de demostraci\u00f3n de Workforce Identity Security<\/h2>\n<h5>En CyberArk, desafiamos el <i>statu quo<\/i> en la gesti\u00f3n del acceso.<\/h5>\n<p>La soluci\u00f3n Workforce Identity Security incluye funciones de seguridad fundamentales, como MFA, SSO y automatizaci\u00f3n del ciclo de vida, con capas adicionales de seguridad para endpoints, navegadores, contrase\u00f1as y sesiones web que permiten una protecci\u00f3n integral contra amenazas basadas en la identidad, tanto antes como despu\u00e9s de la autenticaci\u00f3n.<\/p>\n<p>Est\u00e1 dise\u00f1ada para hacer frente a las ciberamenazas en constante evoluci\u00f3n mediante la protecci\u00f3n de la identidad de cada usuario del personal a trav\u00e9s de un acceso personalizado y el nivel adecuado de controles inteligentes de privilegios basados en el riesgo del usuario, con lo que se protege todo su recorrido, desde el inicio de sesi\u00f3n del endpoint inicial hasta la \u00faltima interacci\u00f3n de la sesi\u00f3n<\/p>\n<p>No se f\u00ede solo de nuestra palabra. Compru\u00e9belo usted mismo. Solicite una demostraci\u00f3n personalizada hoy.[\/vc_column_text][\/vc_column][vc_column width=\u00bb1\/12&#8243; css=\u00bb.vc_custom_1609282896657{margin-right: 45px !important;border-right-width: 1px !important;border-right-color: #717171 !important;border-right-style: solid !important;}\u00bb][\/vc_column][vc_column width=\u00bb1\/3&#8243; el_class=\u00bbright-clmn cybv2-form\u00bb][vc_column_text css=\u00bb\u00bb el_class=\u00bbbold\u00bb]<\/p>\n<h4>Reg\u00edstrese y obtenga una demostraci\u00f3n personalizada<\/h4>\n<p>[\/vc_column_text][vc_raw_html css=\u00bb\u00bb]W21hcmtldG9fZm9ybSBpZD0iMTMxMzYiIHR5X3BhZ2VfdXJsPSJodHRwczovL3d3dy5jeWJlcmFyay5jb20vdHJ5LWJ1eS90aGFuay15b3Utd29ya2ZvcmNlLWlkZW50aXR5LXNlY3VyaXR5LWRlbW8vIl0=[\/vc_raw_html][\/vc_column][\/vc_row]<\/p>\n<\/div>","protected":false},"excerpt":{"rendered":"<p>[vc_row full_width=\u00bbstretch_row\u00bb equal_height=\u00bbyes\u00bb content_placement=\u00bbmiddle\u00bb el_class=\u00bbcybv2 hero dark\u00bb][vc_column width=\u00bb1\/2&#8243; el_class=\u00bbcolumn-1&#8243; offset=\u00bbvc_col-md-6&#8243;][vc_column_text css=\u00bb\u00bb] Reformule la gesti\u00f3n del acceso. Consiga una protecci\u00f3n integral desde el endpoint hasta la aplicaci\u00f3n con Workforce Identity Security. Los modelos de seguridad tradicionales&#8230;<\/p>\n","protected":false},"author":253,"featured_media":0,"parent":0,"menu_order":0,"comment_status":"closed","ping_status":"closed","template":"","meta":{"_acf_changed":false,"inline_featured_image":false,"footnotes":""},"product_category":[],"class_list":["post-201016","page","type-page","status-publish","hentry"],"acf":[],"yoast_head":"<!-- This site is optimized with the Yoast SEO Premium plugin v27.2 (Yoast SEO v27.2) - https:\/\/yoast.com\/product\/yoast-seo-premium-wordpress\/ -->\n<title>Reformule la gesti\u00f3n del acceso | CyberArk<\/title>\n<meta name=\"description\" content=\"Consiga una protecci\u00f3n integral desde el endpoint hasta la aplicaci\u00f3n con Workforce Identity Security.\" \/>\n<meta name=\"robots\" content=\"index, follow, max-snippet:-1, max-image-preview:large, max-video-preview:-1\" \/>\n<link rel=\"canonical\" href=\"https:\/\/www.cyberark.com\/reimagine-access-management\/\" \/>\n<meta property=\"og:locale\" content=\"es_ES\" \/>\n<meta property=\"og:type\" content=\"article\" \/>\n<meta property=\"og:title\" content=\"Reformule la gesti\u00f3n del acceso\" \/>\n<meta property=\"og:description\" content=\"Consiga una protecci\u00f3n integral desde el endpoint hasta la aplicaci\u00f3n con Workforce Identity Security.\" \/>\n<meta property=\"og:url\" content=\"https:\/\/www.cyberark.com\/reimagine-access-management\/\" \/>\n<meta property=\"og:site_name\" content=\"CyberArk\" \/>\n<meta property=\"article:publisher\" content=\"https:\/\/www.facebook.com\/CyberArk\/\" \/>\n<meta property=\"article:modified_time\" content=\"2025-01-07T07:32:04+00:00\" \/>\n<meta property=\"og:image\" content=\"https:\/\/www.cyberark.com\/wp-content\/uploads\/2024\/11\/resource-image-hero.jpg\" \/>\n\t<meta property=\"og:image:width\" content=\"768\" \/>\n\t<meta property=\"og:image:height\" content=\"393\" \/>\n\t<meta property=\"og:image:type\" content=\"image\/jpeg\" \/>\n<meta name=\"twitter:card\" content=\"summary_large_image\" \/>\n<meta name=\"twitter:site\" content=\"@CyberArk\" \/>\n<meta name=\"twitter:label1\" content=\"Tiempo de lectura\" \/>\n\t<meta name=\"twitter:data1\" content=\"7 minutos\" \/>\n<script type=\"application\/ld+json\" class=\"yoast-schema-graph\">{\"@context\":\"https:\/\/schema.org\",\"@graph\":[{\"@type\":\"WebPage\",\"@id\":\"https:\/\/www.cyberark.com\/reimagine-access-management\/\",\"url\":\"https:\/\/www.cyberark.com\/reimagine-access-management\/\",\"name\":\"Reformule la gesti\u00f3n del acceso | CyberArk\",\"isPartOf\":{\"@id\":\"https:\/\/www.cyberark.com\/#website\"},\"primaryImageOfPage\":{\"@id\":\"https:\/\/www.cyberark.com\/reimagine-access-management\/#primaryimage\"},\"image\":{\"@id\":\"https:\/\/www.cyberark.com\/reimagine-access-management\/#primaryimage\"},\"thumbnailUrl\":\"https:\/\/www.cyberark.com\/wp-content\/uploads\/2024\/11\/resource-image-hero.jpg\",\"datePublished\":\"2025-01-07T07:31:51+00:00\",\"dateModified\":\"2025-01-07T07:32:04+00:00\",\"description\":\"Consiga una protecci\u00f3n integral desde el endpoint hasta la aplicaci\u00f3n con Workforce Identity Security.\",\"breadcrumb\":{\"@id\":\"https:\/\/www.cyberark.com\/reimagine-access-management\/#breadcrumb\"},\"inLanguage\":\"es\",\"potentialAction\":[{\"@type\":\"ReadAction\",\"target\":[\"https:\/\/www.cyberark.com\/reimagine-access-management\/\"]}]},{\"@type\":\"ImageObject\",\"inLanguage\":\"es\",\"@id\":\"https:\/\/www.cyberark.com\/reimagine-access-management\/#primaryimage\",\"url\":\"https:\/\/www.cyberark.com\/wp-content\/uploads\/2024\/11\/resource-image-hero.jpg\",\"contentUrl\":\"https:\/\/www.cyberark.com\/wp-content\/uploads\/2024\/11\/resource-image-hero.jpg\"},{\"@type\":\"BreadcrumbList\",\"@id\":\"https:\/\/www.cyberark.com\/reimagine-access-management\/#breadcrumb\",\"itemListElement\":[{\"@type\":\"ListItem\",\"position\":1,\"name\":\"Home\",\"item\":\"https:\/\/www.cyberark.com\/\"},{\"@type\":\"ListItem\",\"position\":2,\"name\":\"Reformule la gesti\u00f3n del acceso\"}]},{\"@type\":\"WebSite\",\"@id\":\"https:\/\/www.cyberark.com\/#website\",\"url\":\"https:\/\/www.cyberark.com\/\",\"name\":\"CyberArk\",\"description\":\"\",\"publisher\":{\"@id\":\"https:\/\/www.cyberark.com\/#organization\"},\"potentialAction\":[{\"@type\":\"SearchAction\",\"target\":{\"@type\":\"EntryPoint\",\"urlTemplate\":\"https:\/\/www.cyberark.com\/?s={search_term_string}\"},\"query-input\":{\"@type\":\"PropertyValueSpecification\",\"valueRequired\":true,\"valueName\":\"search_term_string\"}}],\"inLanguage\":\"es\"},{\"@type\":\"Organization\",\"@id\":\"https:\/\/www.cyberark.com\/#organization\",\"name\":\"CyberArk Software\",\"url\":\"https:\/\/www.cyberark.com\/\",\"logo\":{\"@type\":\"ImageObject\",\"inLanguage\":\"es\",\"@id\":\"https:\/\/www.cyberark.com\/#\/schema\/logo\/image\/\",\"url\":\"https:\/\/www.cyberark.com\/wp-content\/uploads\/2021\/02\/cyberark-logo-dark.svg\",\"contentUrl\":\"https:\/\/www.cyberark.com\/wp-content\/uploads\/2021\/02\/cyberark-logo-dark.svg\",\"width\":\"1024\",\"height\":\"1024\",\"caption\":\"CyberArk Software\"},\"image\":{\"@id\":\"https:\/\/www.cyberark.com\/#\/schema\/logo\/image\/\"},\"sameAs\":[\"https:\/\/www.facebook.com\/CyberArk\/\",\"https:\/\/x.com\/CyberArk\",\"https:\/\/www.linkedin.com\/company\/cyber-ark-software\/\"]}]}<\/script>\n<!-- \/ Yoast SEO Premium plugin. -->","yoast_head_json":{"title":"Reformule la gesti\u00f3n del acceso | CyberArk","description":"Consiga una protecci\u00f3n integral desde el endpoint hasta la aplicaci\u00f3n con Workforce Identity Security.","robots":{"index":"index","follow":"follow","max-snippet":"max-snippet:-1","max-image-preview":"max-image-preview:large","max-video-preview":"max-video-preview:-1"},"canonical":"https:\/\/www.cyberark.com\/reimagine-access-management\/","og_locale":"es_ES","og_type":"article","og_title":"Reformule la gesti\u00f3n del acceso","og_description":"Consiga una protecci\u00f3n integral desde el endpoint hasta la aplicaci\u00f3n con Workforce Identity Security.","og_url":"https:\/\/www.cyberark.com\/reimagine-access-management\/","og_site_name":"CyberArk","article_publisher":"https:\/\/www.facebook.com\/CyberArk\/","article_modified_time":"2025-01-07T07:32:04+00:00","og_image":[{"width":768,"height":393,"url":"https:\/\/www.cyberark.com\/wp-content\/uploads\/2024\/11\/resource-image-hero.jpg","type":"image\/jpeg"}],"twitter_card":"summary_large_image","twitter_site":"@CyberArk","twitter_misc":{"Tiempo de lectura":"7 minutos"},"schema":{"@context":"https:\/\/schema.org","@graph":[{"@type":"WebPage","@id":"https:\/\/www.cyberark.com\/reimagine-access-management\/","url":"https:\/\/www.cyberark.com\/reimagine-access-management\/","name":"Reformule la gesti\u00f3n del acceso | CyberArk","isPartOf":{"@id":"https:\/\/www.cyberark.com\/#website"},"primaryImageOfPage":{"@id":"https:\/\/www.cyberark.com\/reimagine-access-management\/#primaryimage"},"image":{"@id":"https:\/\/www.cyberark.com\/reimagine-access-management\/#primaryimage"},"thumbnailUrl":"https:\/\/www.cyberark.com\/wp-content\/uploads\/2024\/11\/resource-image-hero.jpg","datePublished":"2025-01-07T07:31:51+00:00","dateModified":"2025-01-07T07:32:04+00:00","description":"Consiga una protecci\u00f3n integral desde el endpoint hasta la aplicaci\u00f3n con Workforce Identity Security.","breadcrumb":{"@id":"https:\/\/www.cyberark.com\/reimagine-access-management\/#breadcrumb"},"inLanguage":"es","potentialAction":[{"@type":"ReadAction","target":["https:\/\/www.cyberark.com\/reimagine-access-management\/"]}]},{"@type":"ImageObject","inLanguage":"es","@id":"https:\/\/www.cyberark.com\/reimagine-access-management\/#primaryimage","url":"https:\/\/www.cyberark.com\/wp-content\/uploads\/2024\/11\/resource-image-hero.jpg","contentUrl":"https:\/\/www.cyberark.com\/wp-content\/uploads\/2024\/11\/resource-image-hero.jpg"},{"@type":"BreadcrumbList","@id":"https:\/\/www.cyberark.com\/reimagine-access-management\/#breadcrumb","itemListElement":[{"@type":"ListItem","position":1,"name":"Home","item":"https:\/\/www.cyberark.com\/"},{"@type":"ListItem","position":2,"name":"Reformule la gesti\u00f3n del acceso"}]},{"@type":"WebSite","@id":"https:\/\/www.cyberark.com\/#website","url":"https:\/\/www.cyberark.com\/","name":"CyberArk","description":"","publisher":{"@id":"https:\/\/www.cyberark.com\/#organization"},"potentialAction":[{"@type":"SearchAction","target":{"@type":"EntryPoint","urlTemplate":"https:\/\/www.cyberark.com\/?s={search_term_string}"},"query-input":{"@type":"PropertyValueSpecification","valueRequired":true,"valueName":"search_term_string"}}],"inLanguage":"es"},{"@type":"Organization","@id":"https:\/\/www.cyberark.com\/#organization","name":"CyberArk Software","url":"https:\/\/www.cyberark.com\/","logo":{"@type":"ImageObject","inLanguage":"es","@id":"https:\/\/www.cyberark.com\/#\/schema\/logo\/image\/","url":"https:\/\/www.cyberark.com\/wp-content\/uploads\/2021\/02\/cyberark-logo-dark.svg","contentUrl":"https:\/\/www.cyberark.com\/wp-content\/uploads\/2021\/02\/cyberark-logo-dark.svg","width":"1024","height":"1024","caption":"CyberArk Software"},"image":{"@id":"https:\/\/www.cyberark.com\/#\/schema\/logo\/image\/"},"sameAs":["https:\/\/www.facebook.com\/CyberArk\/","https:\/\/x.com\/CyberArk","https:\/\/www.linkedin.com\/company\/cyber-ark-software\/"]}]}},"_links":{"self":[{"href":"https:\/\/www.cyberark.com\/es\/wp-json\/wp\/v2\/pages\/201016","targetHints":{"allow":["GET"]}}],"collection":[{"href":"https:\/\/www.cyberark.com\/es\/wp-json\/wp\/v2\/pages"}],"about":[{"href":"https:\/\/www.cyberark.com\/es\/wp-json\/wp\/v2\/types\/page"}],"author":[{"embeddable":true,"href":"https:\/\/www.cyberark.com\/es\/wp-json\/wp\/v2\/users\/253"}],"replies":[{"embeddable":true,"href":"https:\/\/www.cyberark.com\/es\/wp-json\/wp\/v2\/comments?post=201016"}],"version-history":[{"count":0,"href":"https:\/\/www.cyberark.com\/es\/wp-json\/wp\/v2\/pages\/201016\/revisions"}],"wp:attachment":[{"href":"https:\/\/www.cyberark.com\/es\/wp-json\/wp\/v2\/media?parent=201016"}],"wp:term":[{"taxonomy":"product_category","embeddable":true,"href":"https:\/\/www.cyberark.com\/es\/wp-json\/wp\/v2\/product_category?post=201016"}],"curies":[{"name":"wp","href":"https:\/\/api.w.org\/{rel}","templated":true}]}}