{"id":206834,"date":"2025-03-28T14:33:00","date_gmt":"2025-03-28T18:33:00","guid":{"rendered":"https:\/\/www.cyberark.com\/services-support\/cloud-native-consulting\/"},"modified":"2025-05-05T03:23:14","modified_gmt":"2025-05-05T07:23:14","slug":"cloud-native-consulting","status":"publish","type":"page","link":"https:\/\/www.cyberark.com\/es\/services-support\/cloud-native-consulting\/","title":{"rendered":"Consultor\u00eda nativa en la nube"},"content":{"rendered":"<div class=\"wpb-content-wrapper\"><p>[vc_row full_width=\u00bbstretch_row\u00bb equal_height=\u00bbyes\u00bb content_placement=\u00bbmiddle\u00bb el_class=\u00bbcybv2 hero dark\u00bb][vc_column width=\u00bb1\/2&#8243; el_class=\u00bbcolumn-1&#8243; offset=\u00bbvc_col-md-6&#8243;][vc_column_text css=\u00bb\u00bb]<\/p>\n<h1>Experiencia y servicios de consultor\u00eda nativos en la nube<\/h1>\n<p><\/p>\n<h2>Optimice sus proyectos nativos en la nube por medio del asesoramiento estrat\u00e9gico, la ingenier\u00eda de campo y la formaci\u00f3n para ayudarle a sacar el m\u00e1ximo partido a la modernizaci\u00f3n de Kubernetes y OpenShift.<\/h2>\n<p>\n[\/vc_column_text][vc_btn title=\u00bbHable con un experto\u00bb style=\u00bbcustom\u00bb custom_background=\u00bb\u00bb custom_text=\u00bb\u00bb shape=\u00bbsquare\u00bb css=\u00bb\u00bb link=\u00bburl:https%3A%2F%2Fwww.cyberark.com%2Fes%2Ftry-buy%2Fcloud-native-consulting-talk-with-us%2F|title:Hable%20con%20nosotros|\u00bb el_class=\u00bbcybv2-button-solid\u00bb][\/vc_column][vc_column width=\u00bb1\/2&#8243; el_class=\u00bbcolumn-2&#8243;][vc_single_image image=\u00bb206251&#8243; img_size=\u00bbfull\u00bb alignment=\u00bbcenter\u00bb css=\u00bb\u00bb][\/vc_column][\/vc_row][vc_row full_width=\u00bbstretch_row\u00bb el_class=\u00bbcybv2 v3 products cybv2-pad box-row\u00bb][vc_column el_class=\u00bbtext-center\u00bb][vc_row_inner el_class=\u00bbd-flex justify-content-center\u00bb][vc_column_inner el_class=\u00bbcyb-center\u00bb width=\u00bb5\/6&#8243; offset=\u00bbvc_col-lg-offset-1&#8243;][vc_column_text css=\u00bb\u00bb]<\/p>\n<h2>Soporte estrat\u00e9gico para acelerar la seguridad y optimizaci\u00f3n nativas en la nube<\/h2>\n<p><\/p>\n<h5>Las tecnolog\u00edas nativas en la nube han cambiado el panorama. Los desarrolladores est\u00e1n adoptando las mejores herramientas de c\u00f3digo abierto para impulsar la automatizaci\u00f3n, y los equipos de plataformas est\u00e1n utilizando servicios altamente distribuidos que se ejecutan en infraestructuras multinube.<\/h5>\n<p><\/p>\n<h5>Jetstack Consult aporta abundante experiencia t\u00e9cnica, amplios conocimientos y una \u00e9tica profesional \u00fanica que contribuyen al funcionamiento, el desarrollo de aplicaciones y la seguridad de su plataforma nativa en la nube.<\/h5>\n<p>\n[\/vc_column_text][\/vc_column_inner][\/vc_row_inner][\/vc_column][\/vc_row][vc_row full_width=\u00bbstretch_row\u00bb equal_height=\u00bbyes\u00bb el_class=\u00bbcybv2 cybv2-pad quote-component white\u00bb css=\u00bb.vc_custom_1737658121182{background-image: url(https:\/\/www.cyberark.com\/wp-content\/uploads\/2025\/01\/blue-dota-background.jpg?id=201917) !important;background-position: center !important;background-repeat: no-repeat !important;background-size: cover !important;}\u00bb][vc_column width=\u00bb1\/2&#8243; el_class=\u00bbimg-box\u00bb css=\u00bb.vc_custom_1743175648003{background-image: url(https:\/\/www.cyberark.com\/wp-content\/uploads\/2025\/03\/ebury-logo-img.jpg?id=206404) !important;background-position: center !important;background-repeat: no-repeat !important;background-size: cover !important;}\u00bb][\/vc_column][vc_column width=\u00bb1\/2&#8243; el_class=\u00bbcontent-column\u00bb][vc_row_inner][vc_column_inner el_class=\u00bbhead-box\u00bb width=\u00bb11\/12&#8243;][vc_column_text css=\u00bb\u00bb]<img loading=\"lazy\" decoding=\"async\" class=\"alignnone size-full wp-image-201899\" src=\"https:\/\/www.cyberark.com\/wp-content\/uploads\/2025\/01\/double-quotes.svg\" alt=\"comillas dobles\" width=\"87\" height=\"64\" \/><\/p>\n<h4>\u00abLa pericia y el soporte de campo de Jetstack Consult fueron fundamentales para garantizar que nuestra plataforma nativa en la nube fuera resiliente y lograra una calidad excepcionalmente alta\u00bb.<\/h4>\n<p>Victor Tuson Palau\u200b <strong>Chief Technology Officer, Ebury\u200b<\/strong>[\/vc_column_text][\/vc_column_inner][\/vc_row_inner][\/vc_column][\/vc_row][vc_row full_width=\u00bbstretch_row\u00bb el_class=\u00bbseesaw-v2&#8243; css=\u00bb.vc_custom_1743096171666{margin-top: 80px !important;}\u00bb][vc_column width=\u00bb1\/2&#8243; el_class=\u00bbd-flex align-items-start cybv2-pad-top\u00bb][vc_single_image image=\u00bb205275&#8243; img_size=\u00bbfull\u00bb css=\u00bb\u00bb][\/vc_column][vc_column width=\u00bb5\/12&#8243; offset=\u00bbvc_col-lg-offset-1&#8243; el_class=\u00bbcolumn\u00bb][vc_column_text css=\u00bb\u00bb]<\/p>\n<h3>Experiencia en seguridad<\/h3>\n<p><strong>Prevenci\u00f3n avanzada de amenazas y seguridad de la cadena de suministro de software<\/strong> Refuerce su postura de seguridad empresarial centr\u00e1ndose en la seguridad de la cadena de suministro de software y las t\u00e9cnicas de modelado de amenazas.<\/p>\n<p><i class=\"fa-solid fa-check\" style=\"color: #8974ff;\"><\/i> <strong>Reducci\u00f3n de la superficie de ataque<\/strong> <br \/><i class=\"fa-solid fa-check\" style=\"color: #8974ff;\"><\/i> <strong>Respuestas m\u00e1s r\u00e1pidas a las amenazas<\/strong> <br \/><i class=\"fa-solid fa-check\" style=\"color: #8974ff;\"><\/i> <strong>Seguridad eficaz de la cadena de suministro_<\/strong>[\/vc_column_text][\/vc_column][\/vc_row][vc_row full_width=\u00bbstretch_row\u00bb el_class=\u00bbseesaw-v2 cybv2-pad-120 cyb-reverse\u00bb][vc_column width=\u00bb5\/12&#8243; el_class=\u00bbcolumn\u00bb][vc_column_text css=\u00bb\u00bb]<\/p>\n<h3>Aceleraci\u00f3n nativa en la nube<\/h3>\n<p><strong>Infraestructura de Kubernetes optimizada en materia de costos para permitir el escalado y la innovaci\u00f3n<\/strong> Mejore el grado de madurez y resiliencia de su plataforma de Kubernetes para obtener el m\u00e1ximo rendimiento con un soporte constante.<\/p>\n<p><i class=\"fa-solid fa-check\" style=\"color: #8974ff;\"><\/i> <strong>Evaluaci\u00f3n y revisi\u00f3n del nivel de madurez_<\/strong> <br \/><i class=\"fa-solid fa-check\" style=\"color: #8974ff;\"><\/i> <strong>Dise\u00f1o moderno de arquitectura de plataforma\u200b\u200b<\/strong> <br \/><i class=\"fa-solid fa-check\" style=\"color: #8974ff;\"><\/i> <strong>Planificaci\u00f3n de la preparaci\u00f3n para la producci\u00f3n y soporte\u200b\u200b<\/strong>[\/vc_column_text][\/vc_column][vc_column width=\u00bb1\/2&#8243; offset=\u00bbvc_col-lg-offset-1&#8243;][vc_single_image image=\u00bb205257&#8243; img_size=\u00bbfull\u00bb css=\u00bb\u00bb][\/vc_column][\/vc_row][vc_row full_width=\u00bbstretch_row\u00bb el_class=\u00bbseesaw-v2&#8243; css=\u00bb.vc_custom_1743096171666{margin-top: 80px !important;}\u00bb][vc_column width=\u00bb1\/2&#8243; el_class=\u00bbd-flex align-items-start cybv2-pad-top\u00bb][vc_single_image image=\u00bb206634&#8243; img_size=\u00bbfull\u00bb css=\u00bb\u00bb][\/vc_column][vc_column width=\u00bb5\/12&#8243; offset=\u00bbvc_col-lg-offset-1&#8243; el_class=\u00bbcolumn\u00bb][vc_column_text css=\u00bb\u00bb]<\/p>\n<h3>Intercambio de conocimientos<\/h3>\n<p><strong>Habilidades y conocimientos necesarios para equipos de plataformas r\u00e1pidos y seguros<\/strong> Mejore las habilidades de sus equipos de ingenier\u00eda y seguridad, desarrolle la experiencia y los conocimientos y ofrezca eficiencia a trav\u00e9s de la consistencia.<\/p>\n<p><i class=\"fa-solid fa-check\" style=\"color: #8974ff;\"><\/i> <strong>Mejor conocimiento de las herramientas de c\u00f3digo abierto<\/strong><br \/><i class=\"fa-solid fa-check\" style=\"color: #8974ff;\"><\/i> <strong>Mayor experiencia t\u00e9cnica de los equipos de plataformas<\/strong><br \/><i class=\"fa-solid fa-check\" style=\"color: #8974ff;\"><\/i> <strong>Planes de formaci\u00f3n personalizados para todos los niveles de ingenier\u00eda<\/strong>[\/vc_column_text][\/vc_column][\/vc_row][vc_row full_width=\u00bbstretch_row\u00bb el_class=\u00bbcybv2 cybv2_talk_to_an_expert dark\u00bb css=\u00bb.vc_custom_1743096203117{margin-top: 80px !important;background-color: #061b2b !important;}\u00bb][vc_column width=\u00bb2\/3&#8243; el_class=\u00bbtext-center\u00bb offset=\u00bbvc_col-lg-offset-2&#8243;][vc_column_text css=\u00bb\u00bb el_class=\u00bbextra-space\u00bb]<\/p>\n<h3>\u00bfEst\u00e1 listo para aprovechar el verdadero poder de la tecnolog\u00eda nativa en la nube? Empiece hoy mismo.<\/h3>\n<p>\n[\/vc_column_text][vc_btn title=\u00bbHable con nosotros\u00bb style=\u00bbcustom\u00bb custom_background=\u00bb\u00bb custom_text=\u00bb\u00bb shape=\u00bbsquare\u00bb align=\u00bbcenter\u00bb css=\u00bb\u00bb link=\u00bburl:https%3A%2F%2Fwww.cyberark.com%2Fes%2Ftry-buy%2Fcloud-native-consulting-talk-with-us%2F|title:Hablar|\u00bb el_class=\u00bbcybv2-button-solid cyb-button-hpstyle_section5&#8243;][\/vc_column][\/vc_row]<\/p>\n<\/div>","protected":false},"excerpt":{"rendered":"<p>[vc_row full_width=\u00bbstretch_row\u00bb equal_height=\u00bbyes\u00bb content_placement=\u00bbmiddle\u00bb el_class=\u00bbcybv2 hero dark\u00bb][vc_column width=\u00bb1\/2&#8243; el_class=\u00bbcolumn-1&#8243; offset=\u00bbvc_col-md-6&#8243;][vc_column_text css=\u00bb\u00bb] Experiencia y servicios de consultor\u00eda nativos en la nube Optimice sus proyectos nativos en la nube por medio del asesoramiento estrat\u00e9gico, la ingenier\u00eda de&#8230;<\/p>\n","protected":false},"author":164,"featured_media":0,"parent":53047,"menu_order":0,"comment_status":"closed","ping_status":"closed","template":"","meta":{"_acf_changed":false,"inline_featured_image":false,"footnotes":""},"product_category":[],"class_list":["post-206834","page","type-page","status-publish","hentry"],"acf":[],"yoast_head":"<!-- This site is optimized with the Yoast SEO Premium plugin v27.2 (Yoast SEO v27.2) - https:\/\/yoast.com\/product\/yoast-seo-premium-wordpress\/ -->\n<title>Consultor\u00eda nativa en la nube | CyberArk<\/title>\n<meta name=\"description\" content=\"Optimice sus proyectos nativos en la nube por medio del asesoramiento estrat\u00e9gico, la ingenier\u00eda de campo y la formaci\u00f3n para ayudarle a sacar el m\u00e1ximo partido a la modernizaci\u00f3n de Kubernetes y OpenShift.\" \/>\n<meta name=\"robots\" content=\"index, follow, max-snippet:-1, max-image-preview:large, max-video-preview:-1\" \/>\n<link rel=\"canonical\" href=\"https:\/\/www.cyberark.com\/services-support\/cloud-native-consulting\/\" \/>\n<meta property=\"og:locale\" content=\"es_ES\" \/>\n<meta property=\"og:type\" content=\"article\" \/>\n<meta property=\"og:title\" content=\"Consultor\u00eda nativa en la nube\" \/>\n<meta property=\"og:description\" content=\"Optimice sus proyectos nativos en la nube por medio del asesoramiento estrat\u00e9gico, la ingenier\u00eda de campo y la formaci\u00f3n para ayudarle a sacar el m\u00e1ximo partido a la modernizaci\u00f3n de Kubernetes y OpenShift.\" \/>\n<meta property=\"og:url\" content=\"https:\/\/www.cyberark.com\/services-support\/cloud-native-consulting\/\" \/>\n<meta property=\"og:site_name\" content=\"CyberArk\" \/>\n<meta property=\"article:publisher\" content=\"https:\/\/www.facebook.com\/CyberArk\/\" \/>\n<meta property=\"article:modified_time\" content=\"2025-05-05T07:23:14+00:00\" \/>\n<meta property=\"og:image\" content=\"https:\/\/www.cyberark.com\/wp-content\/uploads\/2025\/01\/double-quotes.svg\" \/>\n<meta name=\"twitter:card\" content=\"summary_large_image\" \/>\n<meta name=\"twitter:site\" content=\"@CyberArk\" \/>\n<meta name=\"twitter:label1\" content=\"Tiempo de lectura\" \/>\n\t<meta name=\"twitter:data1\" content=\"3 minutos\" \/>\n<script type=\"application\/ld+json\" class=\"yoast-schema-graph\">{\"@context\":\"https:\/\/schema.org\",\"@graph\":[{\"@type\":\"WebPage\",\"@id\":\"https:\/\/www.cyberark.com\/services-support\/cloud-native-consulting\/\",\"url\":\"https:\/\/www.cyberark.com\/services-support\/cloud-native-consulting\/\",\"name\":\"Consultor\u00eda nativa en la nube | CyberArk\",\"isPartOf\":{\"@id\":\"https:\/\/www.cyberark.com\/#website\"},\"primaryImageOfPage\":{\"@id\":\"https:\/\/www.cyberark.com\/services-support\/cloud-native-consulting\/#primaryimage\"},\"image\":{\"@id\":\"https:\/\/www.cyberark.com\/services-support\/cloud-native-consulting\/#primaryimage\"},\"thumbnailUrl\":\"https:\/\/www.cyberark.com\/wp-content\/uploads\/2025\/01\/double-quotes.svg\",\"datePublished\":\"2025-03-28T18:33:00+00:00\",\"dateModified\":\"2025-05-05T07:23:14+00:00\",\"description\":\"Optimice sus proyectos nativos en la nube por medio del asesoramiento estrat\u00e9gico, la ingenier\u00eda de campo y la formaci\u00f3n para ayudarle a sacar el m\u00e1ximo partido a la modernizaci\u00f3n de Kubernetes y OpenShift.\",\"breadcrumb\":{\"@id\":\"https:\/\/www.cyberark.com\/services-support\/cloud-native-consulting\/#breadcrumb\"},\"inLanguage\":\"es\",\"potentialAction\":[{\"@type\":\"ReadAction\",\"target\":[\"https:\/\/www.cyberark.com\/services-support\/cloud-native-consulting\/\"]}]},{\"@type\":\"ImageObject\",\"inLanguage\":\"es\",\"@id\":\"https:\/\/www.cyberark.com\/services-support\/cloud-native-consulting\/#primaryimage\",\"url\":\"https:\/\/www.cyberark.com\/wp-content\/uploads\/2025\/01\/double-quotes.svg\",\"contentUrl\":\"https:\/\/www.cyberark.com\/wp-content\/uploads\/2025\/01\/double-quotes.svg\"},{\"@type\":\"BreadcrumbList\",\"@id\":\"https:\/\/www.cyberark.com\/services-support\/cloud-native-consulting\/#breadcrumb\",\"itemListElement\":[{\"@type\":\"ListItem\",\"position\":1,\"name\":\"Home\",\"item\":\"https:\/\/www.cyberark.com\/\"},{\"@type\":\"ListItem\",\"position\":2,\"name\":\"Servicios y asistencia\",\"item\":\"https:\/\/www.cyberark.com\/services-support\/\"},{\"@type\":\"ListItem\",\"position\":3,\"name\":\"Consultor\u00eda nativa en la nube\"}]},{\"@type\":\"WebSite\",\"@id\":\"https:\/\/www.cyberark.com\/#website\",\"url\":\"https:\/\/www.cyberark.com\/\",\"name\":\"CyberArk\",\"description\":\"\",\"publisher\":{\"@id\":\"https:\/\/www.cyberark.com\/#organization\"},\"potentialAction\":[{\"@type\":\"SearchAction\",\"target\":{\"@type\":\"EntryPoint\",\"urlTemplate\":\"https:\/\/www.cyberark.com\/?s={search_term_string}\"},\"query-input\":{\"@type\":\"PropertyValueSpecification\",\"valueRequired\":true,\"valueName\":\"search_term_string\"}}],\"inLanguage\":\"es\"},{\"@type\":\"Organization\",\"@id\":\"https:\/\/www.cyberark.com\/#organization\",\"name\":\"CyberArk Software\",\"url\":\"https:\/\/www.cyberark.com\/\",\"logo\":{\"@type\":\"ImageObject\",\"inLanguage\":\"es\",\"@id\":\"https:\/\/www.cyberark.com\/#\/schema\/logo\/image\/\",\"url\":\"https:\/\/www.cyberark.com\/wp-content\/uploads\/2021\/02\/cyberark-logo-dark.svg\",\"contentUrl\":\"https:\/\/www.cyberark.com\/wp-content\/uploads\/2021\/02\/cyberark-logo-dark.svg\",\"width\":\"1024\",\"height\":\"1024\",\"caption\":\"CyberArk Software\"},\"image\":{\"@id\":\"https:\/\/www.cyberark.com\/#\/schema\/logo\/image\/\"},\"sameAs\":[\"https:\/\/www.facebook.com\/CyberArk\/\",\"https:\/\/x.com\/CyberArk\",\"https:\/\/www.linkedin.com\/company\/cyber-ark-software\/\"]}]}<\/script>\n<!-- \/ Yoast SEO Premium plugin. -->","yoast_head_json":{"title":"Consultor\u00eda nativa en la nube | CyberArk","description":"Optimice sus proyectos nativos en la nube por medio del asesoramiento estrat\u00e9gico, la ingenier\u00eda de campo y la formaci\u00f3n para ayudarle a sacar el m\u00e1ximo partido a la modernizaci\u00f3n de Kubernetes y OpenShift.","robots":{"index":"index","follow":"follow","max-snippet":"max-snippet:-1","max-image-preview":"max-image-preview:large","max-video-preview":"max-video-preview:-1"},"canonical":"https:\/\/www.cyberark.com\/services-support\/cloud-native-consulting\/","og_locale":"es_ES","og_type":"article","og_title":"Consultor\u00eda nativa en la nube","og_description":"Optimice sus proyectos nativos en la nube por medio del asesoramiento estrat\u00e9gico, la ingenier\u00eda de campo y la formaci\u00f3n para ayudarle a sacar el m\u00e1ximo partido a la modernizaci\u00f3n de Kubernetes y OpenShift.","og_url":"https:\/\/www.cyberark.com\/services-support\/cloud-native-consulting\/","og_site_name":"CyberArk","article_publisher":"https:\/\/www.facebook.com\/CyberArk\/","article_modified_time":"2025-05-05T07:23:14+00:00","og_image":[{"url":"https:\/\/www.cyberark.com\/wp-content\/uploads\/2025\/01\/double-quotes.svg","type":"","width":"","height":""}],"twitter_card":"summary_large_image","twitter_site":"@CyberArk","twitter_misc":{"Tiempo de lectura":"3 minutos"},"schema":{"@context":"https:\/\/schema.org","@graph":[{"@type":"WebPage","@id":"https:\/\/www.cyberark.com\/services-support\/cloud-native-consulting\/","url":"https:\/\/www.cyberark.com\/services-support\/cloud-native-consulting\/","name":"Consultor\u00eda nativa en la nube | CyberArk","isPartOf":{"@id":"https:\/\/www.cyberark.com\/#website"},"primaryImageOfPage":{"@id":"https:\/\/www.cyberark.com\/services-support\/cloud-native-consulting\/#primaryimage"},"image":{"@id":"https:\/\/www.cyberark.com\/services-support\/cloud-native-consulting\/#primaryimage"},"thumbnailUrl":"https:\/\/www.cyberark.com\/wp-content\/uploads\/2025\/01\/double-quotes.svg","datePublished":"2025-03-28T18:33:00+00:00","dateModified":"2025-05-05T07:23:14+00:00","description":"Optimice sus proyectos nativos en la nube por medio del asesoramiento estrat\u00e9gico, la ingenier\u00eda de campo y la formaci\u00f3n para ayudarle a sacar el m\u00e1ximo partido a la modernizaci\u00f3n de Kubernetes y OpenShift.","breadcrumb":{"@id":"https:\/\/www.cyberark.com\/services-support\/cloud-native-consulting\/#breadcrumb"},"inLanguage":"es","potentialAction":[{"@type":"ReadAction","target":["https:\/\/www.cyberark.com\/services-support\/cloud-native-consulting\/"]}]},{"@type":"ImageObject","inLanguage":"es","@id":"https:\/\/www.cyberark.com\/services-support\/cloud-native-consulting\/#primaryimage","url":"https:\/\/www.cyberark.com\/wp-content\/uploads\/2025\/01\/double-quotes.svg","contentUrl":"https:\/\/www.cyberark.com\/wp-content\/uploads\/2025\/01\/double-quotes.svg"},{"@type":"BreadcrumbList","@id":"https:\/\/www.cyberark.com\/services-support\/cloud-native-consulting\/#breadcrumb","itemListElement":[{"@type":"ListItem","position":1,"name":"Home","item":"https:\/\/www.cyberark.com\/"},{"@type":"ListItem","position":2,"name":"Servicios y asistencia","item":"https:\/\/www.cyberark.com\/services-support\/"},{"@type":"ListItem","position":3,"name":"Consultor\u00eda nativa en la nube"}]},{"@type":"WebSite","@id":"https:\/\/www.cyberark.com\/#website","url":"https:\/\/www.cyberark.com\/","name":"CyberArk","description":"","publisher":{"@id":"https:\/\/www.cyberark.com\/#organization"},"potentialAction":[{"@type":"SearchAction","target":{"@type":"EntryPoint","urlTemplate":"https:\/\/www.cyberark.com\/?s={search_term_string}"},"query-input":{"@type":"PropertyValueSpecification","valueRequired":true,"valueName":"search_term_string"}}],"inLanguage":"es"},{"@type":"Organization","@id":"https:\/\/www.cyberark.com\/#organization","name":"CyberArk Software","url":"https:\/\/www.cyberark.com\/","logo":{"@type":"ImageObject","inLanguage":"es","@id":"https:\/\/www.cyberark.com\/#\/schema\/logo\/image\/","url":"https:\/\/www.cyberark.com\/wp-content\/uploads\/2021\/02\/cyberark-logo-dark.svg","contentUrl":"https:\/\/www.cyberark.com\/wp-content\/uploads\/2021\/02\/cyberark-logo-dark.svg","width":"1024","height":"1024","caption":"CyberArk Software"},"image":{"@id":"https:\/\/www.cyberark.com\/#\/schema\/logo\/image\/"},"sameAs":["https:\/\/www.facebook.com\/CyberArk\/","https:\/\/x.com\/CyberArk","https:\/\/www.linkedin.com\/company\/cyber-ark-software\/"]}]}},"_links":{"self":[{"href":"https:\/\/www.cyberark.com\/es\/wp-json\/wp\/v2\/pages\/206834","targetHints":{"allow":["GET"]}}],"collection":[{"href":"https:\/\/www.cyberark.com\/es\/wp-json\/wp\/v2\/pages"}],"about":[{"href":"https:\/\/www.cyberark.com\/es\/wp-json\/wp\/v2\/types\/page"}],"author":[{"embeddable":true,"href":"https:\/\/www.cyberark.com\/es\/wp-json\/wp\/v2\/users\/164"}],"replies":[{"embeddable":true,"href":"https:\/\/www.cyberark.com\/es\/wp-json\/wp\/v2\/comments?post=206834"}],"version-history":[{"count":0,"href":"https:\/\/www.cyberark.com\/es\/wp-json\/wp\/v2\/pages\/206834\/revisions"}],"up":[{"embeddable":true,"href":"https:\/\/www.cyberark.com\/es\/wp-json\/wp\/v2\/pages\/53047"}],"wp:attachment":[{"href":"https:\/\/www.cyberark.com\/es\/wp-json\/wp\/v2\/media?parent=206834"}],"wp:term":[{"taxonomy":"product_category","embeddable":true,"href":"https:\/\/www.cyberark.com\/es\/wp-json\/wp\/v2\/product_category?post=206834"}],"curies":[{"name":"wp","href":"https:\/\/api.w.org\/{rel}","templated":true}]}}