{"id":213037,"date":"2022-10-27T12:39:23","date_gmt":"2022-10-27T16:39:23","guid":{"rendered":"https:\/\/www.cyberark.com\/try-buy\/vendor-privileged-access-manager-demo\/"},"modified":"2025-08-01T12:30:13","modified_gmt":"2025-08-01T16:30:13","slug":"vendor-privileged-access-manager-demo","status":"publish","type":"page","link":"https:\/\/www.cyberark.com\/es\/try-buy\/vendor-privileged-access-manager-demo\/","title":{"rendered":"Demostraci\u00f3n de Vendor Privileged Access Manager"},"content":{"rendered":"<div class=\"wpb-content-wrapper\"><p>[vc_row full_width=\u00bbstretch_row\u00bb equal_height=\u00bbyes\u00bb css=\u00bb.vc_custom_1609868130755{background-color: #f7f7f7 !important;}\u00bb el_class=\u00bbcybv2 cybv2-pad-top hv-cta\u00bb][vc_column width=\u00bb7\/12&#8243; el_class=\u00bbleft-clmn\u00bb][vc_column_text]<\/p>\n<h1>Solicitud de demostraci\u00f3n de Vendor PAM<\/h1>\n<h5>CyberArk Vendor PAM ayuda a las organizaciones a defenderse de los ataques dirigidos al acceso de terceros. En esta demostraci\u00f3n, conocer\u00e1 las principales ventajas de esta soluci\u00f3n, entre las que se incluyen:<\/h5>\n<p>[\/vc_column_text][vc_row_inner][vc_column_inner el_class=\u00bbhead-box\u00bb][vc_column_text]<img loading=\"lazy\" decoding=\"async\" width=\"48\" height=\"48\" class=\"alignnone wp-image-106504 size-medium\" style=\"width: 48px;\" src=\"https:\/\/www.cyberark.com\/wp-content\/uploads\/2020\/12\/cybv2-checkmark-orange.svg\" alt=\"\" \/>[\/vc_column_text][vc_column_text el_class=\u00bbhead-box-text\u00bb]Simplificar el acceso de aprovisionamiento y desaprovisionamiento just-in-time para proveedores externos[\/vc_column_text][\/vc_column_inner][\/vc_row_inner][vc_row_inner][vc_column_inner el_class=\u00bbhead-box\u00bb][vc_column_text]<img loading=\"lazy\" decoding=\"async\" width=\"48\" height=\"48\" class=\"alignnone wp-image-106504 size-medium\" style=\"width: 48px;\" src=\"https:\/\/www.cyberark.com\/wp-content\/uploads\/2020\/12\/cybv2-checkmark-orange.svg\" alt=\"\" \/>[\/vc_column_text][vc_column_text el_class=\u00bbhead-box-text\u00bb]Mejorar la seguridad para terceros sin necesidad de VPN, agentes ni contrase\u00f1as[\/vc_column_text][\/vc_column_inner][\/vc_row_inner][vc_row_inner][vc_column_inner el_class=\u00bbhead-box\u00bb][vc_column_text]<img loading=\"lazy\" decoding=\"async\" width=\"48\" height=\"48\" class=\"alignnone wp-image-106504 size-medium\" style=\"width: 48px;\" src=\"https:\/\/www.cyberark.com\/wp-content\/uploads\/2020\/12\/cybv2-checkmark-orange.svg\" alt=\"\" \/>[\/vc_column_text][vc_column_text el_class=\u00bbhead-box-text\u00bb]Satisfacer las auditor\u00edas y la conformidad con el aislamiento y el registro completos de las sesiones de los proveedores[\/vc_column_text][\/vc_column_inner][\/vc_row_inner][vc_row_inner][vc_column_inner el_class=\u00bbhead-box\u00bb][vc_column_text]<img loading=\"lazy\" decoding=\"async\" width=\"48\" height=\"48\" class=\"alignnone wp-image-106504 size-medium\" style=\"width: 48px;\" src=\"https:\/\/www.cyberark.com\/wp-content\/uploads\/2020\/12\/cybv2-checkmark-orange.svg\" alt=\"\" \/>[\/vc_column_text][vc_column_text el_class=\u00bbhead-box-text\u00bb]Proporcionar de forma segura credenciales de acceso sin conexi\u00f3n a terceros autorizados en entornos aislados (air gap)[\/vc_column_text][\/vc_column_inner][\/vc_row_inner][vc_single_image image=\u00bb135927&#8243; img_size=\u00bbfull\u00bb el_class=\u00bbd-none d-md-block\u00bb][\/vc_column][vc_column width=\u00bb1\/12&#8243; css=\u00bb.vc_custom_1609282896657{margin-right: 45px !important;border-right-width: 1px !important;border-right-color: #717171 !important;border-right-style: solid !important;}\u00bb][\/vc_column][vc_column width=\u00bb1\/3&#8243; el_class=\u00bbright-clmn cybv2-form\u00bb][vc_column_text el_class=\u00bbbold\u00bb]<\/p>\n<h4>Reg\u00edstrese y obtenga una demostraci\u00f3n personalizada<\/h4>\n<p>[\/vc_column_text][vc_raw_html]W21hcmtldG9fZm9ybSBpZD0iOTE0MyIgdHlfcGFnZV91cmw9Imh0dHBzOi8vd3d3LmN5YmVyYXJrLmNvbS90cnktYnV5L3RoYW5rLXlvdS12ZW5kb3ItcHJpdmlsZWdlZC1hY2Nlc3MtbWFuYWdlci1kZW1vLyJd[\/vc_raw_html][\/vc_column][\/vc_row]<\/p>\n<\/div>","protected":false},"excerpt":{"rendered":"<p>[vc_row full_width=\u00bbstretch_row\u00bb equal_height=\u00bbyes\u00bb css=\u00bb.vc_custom_1609868130755{background-color: #f7f7f7 !important;}\u00bb el_class=\u00bbcybv2 cybv2-pad-top hv-cta\u00bb][vc_column width=\u00bb7\/12&#8243; el_class=\u00bbleft-clmn\u00bb][vc_column_text] Solicitud de demostraci\u00f3n de Vendor PAM CyberArk Vendor PAM ayuda a las organizaciones a defenderse de los ataques dirigidos al acceso de terceros. En&#8230;<\/p>\n","protected":false},"author":125,"featured_media":0,"parent":115044,"menu_order":0,"comment_status":"closed","ping_status":"closed","template":"t_cybv2_nomenus.php","meta":{"_acf_changed":false,"inline_featured_image":false,"footnotes":""},"product_category":[],"class_list":["post-213037","page","type-page","status-publish","hentry"],"acf":[],"yoast_head":"<!-- This site is optimized with the Yoast SEO Premium plugin v27.2 (Yoast SEO v27.2) - https:\/\/yoast.com\/product\/yoast-seo-premium-wordpress\/ -->\n<title>Solicitud de demostraci\u00f3n gratuita de Vendor Privileged Access Manager | CyberArk<\/title>\n<meta name=\"description\" content=\"Reg\u00edstrese hoy mismo para obtener una demostraci\u00f3n personalizada de Vendor Privileged Access Manager y saber c\u00f3mo puede garantizar un acceso seguro a los proveedores.\" \/>\n<meta name=\"robots\" content=\"index, follow, max-snippet:-1, max-image-preview:large, max-video-preview:-1\" \/>\n<link rel=\"canonical\" href=\"https:\/\/www.cyberark.com\/try-buy\/vendor-privileged-access-manager-demo\/\" \/>\n<meta property=\"og:locale\" content=\"es_ES\" \/>\n<meta property=\"og:type\" content=\"article\" \/>\n<meta property=\"og:title\" content=\"Demostraci\u00f3n de Vendor Privileged Access Manager\" \/>\n<meta property=\"og:description\" content=\"Reg\u00edstrese hoy mismo para obtener una demostraci\u00f3n personalizada de Vendor Privileged Access Manager y saber c\u00f3mo puede garantizar un acceso seguro a los proveedores.\" \/>\n<meta property=\"og:url\" content=\"https:\/\/www.cyberark.com\/try-buy\/vendor-privileged-access-manager-demo\/\" \/>\n<meta property=\"og:site_name\" content=\"CyberArk\" \/>\n<meta property=\"article:publisher\" content=\"https:\/\/www.facebook.com\/CyberArk\/\" \/>\n<meta property=\"article:modified_time\" content=\"2025-08-01T16:30:13+00:00\" \/>\n<meta name=\"twitter:card\" content=\"summary_large_image\" \/>\n<meta name=\"twitter:site\" content=\"@CyberArk\" \/>\n<meta name=\"twitter:label1\" content=\"Tiempo de lectura\" \/>\n\t<meta name=\"twitter:data1\" content=\"2 minutos\" \/>\n<script type=\"application\/ld+json\" class=\"yoast-schema-graph\">{\"@context\":\"https:\/\/schema.org\",\"@graph\":[{\"@type\":\"WebPage\",\"@id\":\"https:\/\/www.cyberark.com\/try-buy\/vendor-privileged-access-manager-demo\/\",\"url\":\"https:\/\/www.cyberark.com\/try-buy\/vendor-privileged-access-manager-demo\/\",\"name\":\"Solicitud de demostraci\u00f3n gratuita de Vendor Privileged Access Manager | CyberArk\",\"isPartOf\":{\"@id\":\"https:\/\/www.cyberark.com\/#website\"},\"primaryImageOfPage\":{\"@id\":\"https:\/\/www.cyberark.com\/try-buy\/vendor-privileged-access-manager-demo\/#primaryimage\"},\"image\":{\"@id\":\"https:\/\/www.cyberark.com\/try-buy\/vendor-privileged-access-manager-demo\/#primaryimage\"},\"thumbnailUrl\":\"https:\/\/www.cyberark.com\/wp-content\/uploads\/2020\/12\/cybv2-checkmark-orange.svg\",\"datePublished\":\"2022-10-27T16:39:23+00:00\",\"dateModified\":\"2025-08-01T16:30:13+00:00\",\"description\":\"Reg\u00edstrese hoy mismo para obtener una demostraci\u00f3n personalizada de Vendor Privileged Access Manager y saber c\u00f3mo puede garantizar un acceso seguro a los proveedores.\",\"breadcrumb\":{\"@id\":\"https:\/\/www.cyberark.com\/try-buy\/vendor-privileged-access-manager-demo\/#breadcrumb\"},\"inLanguage\":\"es\",\"potentialAction\":[{\"@type\":\"ReadAction\",\"target\":[\"https:\/\/www.cyberark.com\/try-buy\/vendor-privileged-access-manager-demo\/\"]}]},{\"@type\":\"ImageObject\",\"inLanguage\":\"es\",\"@id\":\"https:\/\/www.cyberark.com\/try-buy\/vendor-privileged-access-manager-demo\/#primaryimage\",\"url\":\"https:\/\/www.cyberark.com\/wp-content\/uploads\/2020\/12\/cybv2-checkmark-orange.svg\",\"contentUrl\":\"https:\/\/www.cyberark.com\/wp-content\/uploads\/2020\/12\/cybv2-checkmark-orange.svg\"},{\"@type\":\"BreadcrumbList\",\"@id\":\"https:\/\/www.cyberark.com\/try-buy\/vendor-privileged-access-manager-demo\/#breadcrumb\",\"itemListElement\":[{\"@type\":\"ListItem\",\"position\":1,\"name\":\"Home\",\"item\":\"https:\/\/www.cyberark.com\/\"},{\"@type\":\"ListItem\",\"position\":2,\"name\":\"Pruebe y compre\",\"item\":\"https:\/\/www.cyberark.com\/try-buy\/\"},{\"@type\":\"ListItem\",\"position\":3,\"name\":\"Demostraci\u00f3n de Vendor Privileged Access Manager\"}]},{\"@type\":\"WebSite\",\"@id\":\"https:\/\/www.cyberark.com\/#website\",\"url\":\"https:\/\/www.cyberark.com\/\",\"name\":\"CyberArk\",\"description\":\"\",\"publisher\":{\"@id\":\"https:\/\/www.cyberark.com\/#organization\"},\"potentialAction\":[{\"@type\":\"SearchAction\",\"target\":{\"@type\":\"EntryPoint\",\"urlTemplate\":\"https:\/\/www.cyberark.com\/?s={search_term_string}\"},\"query-input\":{\"@type\":\"PropertyValueSpecification\",\"valueRequired\":true,\"valueName\":\"search_term_string\"}}],\"inLanguage\":\"es\"},{\"@type\":\"Organization\",\"@id\":\"https:\/\/www.cyberark.com\/#organization\",\"name\":\"CyberArk Software\",\"url\":\"https:\/\/www.cyberark.com\/\",\"logo\":{\"@type\":\"ImageObject\",\"inLanguage\":\"es\",\"@id\":\"https:\/\/www.cyberark.com\/#\/schema\/logo\/image\/\",\"url\":\"https:\/\/www.cyberark.com\/wp-content\/uploads\/2021\/02\/cyberark-logo-dark.svg\",\"contentUrl\":\"https:\/\/www.cyberark.com\/wp-content\/uploads\/2021\/02\/cyberark-logo-dark.svg\",\"width\":\"1024\",\"height\":\"1024\",\"caption\":\"CyberArk Software\"},\"image\":{\"@id\":\"https:\/\/www.cyberark.com\/#\/schema\/logo\/image\/\"},\"sameAs\":[\"https:\/\/www.facebook.com\/CyberArk\/\",\"https:\/\/x.com\/CyberArk\",\"https:\/\/www.linkedin.com\/company\/cyber-ark-software\/\"]}]}<\/script>\n<!-- \/ Yoast SEO Premium plugin. -->","yoast_head_json":{"title":"Solicitud de demostraci\u00f3n gratuita de Vendor Privileged Access Manager | CyberArk","description":"Reg\u00edstrese hoy mismo para obtener una demostraci\u00f3n personalizada de Vendor Privileged Access Manager y saber c\u00f3mo puede garantizar un acceso seguro a los proveedores.","robots":{"index":"index","follow":"follow","max-snippet":"max-snippet:-1","max-image-preview":"max-image-preview:large","max-video-preview":"max-video-preview:-1"},"canonical":"https:\/\/www.cyberark.com\/try-buy\/vendor-privileged-access-manager-demo\/","og_locale":"es_ES","og_type":"article","og_title":"Demostraci\u00f3n de Vendor Privileged Access Manager","og_description":"Reg\u00edstrese hoy mismo para obtener una demostraci\u00f3n personalizada de Vendor Privileged Access Manager y saber c\u00f3mo puede garantizar un acceso seguro a los proveedores.","og_url":"https:\/\/www.cyberark.com\/try-buy\/vendor-privileged-access-manager-demo\/","og_site_name":"CyberArk","article_publisher":"https:\/\/www.facebook.com\/CyberArk\/","article_modified_time":"2025-08-01T16:30:13+00:00","twitter_card":"summary_large_image","twitter_site":"@CyberArk","twitter_misc":{"Tiempo de lectura":"2 minutos"},"schema":{"@context":"https:\/\/schema.org","@graph":[{"@type":"WebPage","@id":"https:\/\/www.cyberark.com\/try-buy\/vendor-privileged-access-manager-demo\/","url":"https:\/\/www.cyberark.com\/try-buy\/vendor-privileged-access-manager-demo\/","name":"Solicitud de demostraci\u00f3n gratuita de Vendor Privileged Access Manager | CyberArk","isPartOf":{"@id":"https:\/\/www.cyberark.com\/#website"},"primaryImageOfPage":{"@id":"https:\/\/www.cyberark.com\/try-buy\/vendor-privileged-access-manager-demo\/#primaryimage"},"image":{"@id":"https:\/\/www.cyberark.com\/try-buy\/vendor-privileged-access-manager-demo\/#primaryimage"},"thumbnailUrl":"https:\/\/www.cyberark.com\/wp-content\/uploads\/2020\/12\/cybv2-checkmark-orange.svg","datePublished":"2022-10-27T16:39:23+00:00","dateModified":"2025-08-01T16:30:13+00:00","description":"Reg\u00edstrese hoy mismo para obtener una demostraci\u00f3n personalizada de Vendor Privileged Access Manager y saber c\u00f3mo puede garantizar un acceso seguro a los proveedores.","breadcrumb":{"@id":"https:\/\/www.cyberark.com\/try-buy\/vendor-privileged-access-manager-demo\/#breadcrumb"},"inLanguage":"es","potentialAction":[{"@type":"ReadAction","target":["https:\/\/www.cyberark.com\/try-buy\/vendor-privileged-access-manager-demo\/"]}]},{"@type":"ImageObject","inLanguage":"es","@id":"https:\/\/www.cyberark.com\/try-buy\/vendor-privileged-access-manager-demo\/#primaryimage","url":"https:\/\/www.cyberark.com\/wp-content\/uploads\/2020\/12\/cybv2-checkmark-orange.svg","contentUrl":"https:\/\/www.cyberark.com\/wp-content\/uploads\/2020\/12\/cybv2-checkmark-orange.svg"},{"@type":"BreadcrumbList","@id":"https:\/\/www.cyberark.com\/try-buy\/vendor-privileged-access-manager-demo\/#breadcrumb","itemListElement":[{"@type":"ListItem","position":1,"name":"Home","item":"https:\/\/www.cyberark.com\/"},{"@type":"ListItem","position":2,"name":"Pruebe y compre","item":"https:\/\/www.cyberark.com\/try-buy\/"},{"@type":"ListItem","position":3,"name":"Demostraci\u00f3n de Vendor Privileged Access Manager"}]},{"@type":"WebSite","@id":"https:\/\/www.cyberark.com\/#website","url":"https:\/\/www.cyberark.com\/","name":"CyberArk","description":"","publisher":{"@id":"https:\/\/www.cyberark.com\/#organization"},"potentialAction":[{"@type":"SearchAction","target":{"@type":"EntryPoint","urlTemplate":"https:\/\/www.cyberark.com\/?s={search_term_string}"},"query-input":{"@type":"PropertyValueSpecification","valueRequired":true,"valueName":"search_term_string"}}],"inLanguage":"es"},{"@type":"Organization","@id":"https:\/\/www.cyberark.com\/#organization","name":"CyberArk Software","url":"https:\/\/www.cyberark.com\/","logo":{"@type":"ImageObject","inLanguage":"es","@id":"https:\/\/www.cyberark.com\/#\/schema\/logo\/image\/","url":"https:\/\/www.cyberark.com\/wp-content\/uploads\/2021\/02\/cyberark-logo-dark.svg","contentUrl":"https:\/\/www.cyberark.com\/wp-content\/uploads\/2021\/02\/cyberark-logo-dark.svg","width":"1024","height":"1024","caption":"CyberArk Software"},"image":{"@id":"https:\/\/www.cyberark.com\/#\/schema\/logo\/image\/"},"sameAs":["https:\/\/www.facebook.com\/CyberArk\/","https:\/\/x.com\/CyberArk","https:\/\/www.linkedin.com\/company\/cyber-ark-software\/"]}]}},"_links":{"self":[{"href":"https:\/\/www.cyberark.com\/es\/wp-json\/wp\/v2\/pages\/213037","targetHints":{"allow":["GET"]}}],"collection":[{"href":"https:\/\/www.cyberark.com\/es\/wp-json\/wp\/v2\/pages"}],"about":[{"href":"https:\/\/www.cyberark.com\/es\/wp-json\/wp\/v2\/types\/page"}],"author":[{"embeddable":true,"href":"https:\/\/www.cyberark.com\/es\/wp-json\/wp\/v2\/users\/125"}],"replies":[{"embeddable":true,"href":"https:\/\/www.cyberark.com\/es\/wp-json\/wp\/v2\/comments?post=213037"}],"version-history":[{"count":0,"href":"https:\/\/www.cyberark.com\/es\/wp-json\/wp\/v2\/pages\/213037\/revisions"}],"up":[{"embeddable":true,"href":"https:\/\/www.cyberark.com\/es\/wp-json\/wp\/v2\/pages\/115044"}],"wp:attachment":[{"href":"https:\/\/www.cyberark.com\/es\/wp-json\/wp\/v2\/media?parent=213037"}],"wp:term":[{"taxonomy":"product_category","embeddable":true,"href":"https:\/\/www.cyberark.com\/es\/wp-json\/wp\/v2\/product_category?post=213037"}],"curies":[{"name":"wp","href":"https:\/\/api.w.org\/{rel}","templated":true}]}}