{"id":213162,"date":"2025-07-18T09:05:31","date_gmt":"2025-07-18T13:05:31","guid":{"rendered":"https:\/\/www.cyberark.com\/products\/provisioning\/"},"modified":"2025-08-29T03:02:42","modified_gmt":"2025-08-29T07:02:42","slug":"provisioning","status":"publish","type":"page","link":"https:\/\/www.cyberark.com\/es\/products\/provisioning\/","title":{"rendered":"Aprovisionamiento"},"content":{"rendered":"<div class=\"wpb-content-wrapper\"><p>[vc_row full_width=\u00bbstretch_row\u00bb content_placement=\u00bbmiddle\u00bb el_class=\u00bbcybv2 int-hero dark\u00bb][vc_column width=\u00bb1\/2&#8243; el_class=\u00bbcolumn-1&#8243;][vc_column_text css=\u00bb\u00bb]<\/p>\n<h1>Aprovisionamiento<\/h1>\n<p><\/p>\n<h2>Simplifique la gesti\u00f3n del ciclo de vida de las identidades y los derechos.<\/h2>\n<p>\n[\/vc_column_text][vc_btn title=\u00bbLea el informe de la soluci\u00f3n\u00bb style=\u00bbcustom\u00bb custom_background=\u00bb\u00bb custom_text=\u00bb\u00bb css=\u00bb\u00bb el_class=\u00bbcybv2-button-solid\u00bb link=\u00bburl:https%3A%2F%2Fwww.cyberark.com%2Fresources%2Fsolution-briefs%2Fcyberark-provisioning|title:leer%20ahora|\u00bb][vc_column_text css=\u00bb\u00bb el_class=\u00bblink-arrow-right\u00bb]<a href=\"https:\/\/www.cyberark.com\/es\/try-buy\/modern-iga-demo\/\">Solicite una demo<\/a><i class=\"fa fa-long-arrow-right\"><\/i>[\/vc_column_text][\/vc_column][vc_column width=\u00bb1\/2&#8243; el_class=\u00bbcolumn-2&#8243;][vc_column_text css=\u00bb\u00bb]<img loading=\"lazy\" decoding=\"async\" class=\"alignnone size-full wp-image-212876\" src=\"https:\/\/www.cyberark.com\/wp-content\/uploads\/2024\/10\/man-with-glasses-at-desk.jpg\" alt=\"hombre con gafas trabajando\" width=\"640\" height=\"457\" srcset=\"https:\/\/www.cyberark.com\/wp-content\/uploads\/2024\/10\/man-with-glasses-at-desk.jpg 640w, https:\/\/www.cyberark.com\/wp-content\/uploads\/2024\/10\/man-with-glasses-at-desk-300x214.jpg 300w, https:\/\/www.cyberark.com\/wp-content\/uploads\/2024\/10\/man-with-glasses-at-desk-150x107.jpg 150w\" sizes=\"auto, (max-width: 640px) 100vw, 640px\" \/>[\/vc_column_text][\/vc_column][\/vc_row][vc_row el_class=\u00bbcybv2 cybv2-pad-top\u00bb][vc_column el_class=\u00bbtext-center\u00bb offset=\u00bbvc_col-lg-offset-2 vc_col-lg-8&#8243;][vc_column_text css=\u00bb\u00bb]<\/p>\n<h3>Automatice la gesti\u00f3n del ciclo de vida de las identidades para mejorar la velocidad, la seguridad y la eficiencia<\/h3>\n<p>Utilice los perfiles de IA de CyberArk junto con pol\u00edticas basadas en eventos para aprovisionar o retirar el acceso a los nuevos empleados, a los que cambian de puesto y a los que abandonan la empresa. Ah\u00f3rrese la tediosa tarea de definir y mantener cientos de roles o reglas de pertenencia a grupos para aprovisionar el acceso de los usuarios.[\/vc_column_text][\/vc_column][\/vc_row][vc_row equal_height=\u00bbyes\u00bb el_class=\u00bbcybv2 impact-cards pt-16 pm-16&#8243;][vc_column width=\u00bb1\/3&#8243; el_class=\u00bbsingle-card mb-8&#8243;][vc_single_image image=\u00bb212976&#8243; img_size=\u00bbfull\u00bb css=\u00bb\u00bb][vc_column_text css=\u00bb.vc_custom_1752004788323{padding-top: 20px !important;padding-right: 20px !important;padding-left: 20px !important;}\u00bb]<\/p>\n<h4>Los cambios en el estado de RR. HH. activan pol\u00edticas y flujos de trabajo de JML<\/h4>\n<p>Detecte eventos del ciclo de vida a trav\u00e9s de una integraci\u00f3n perfecta con los sistemas y directorios de RR. HH.[\/vc_column_text][vc_btn title=\u00bbInforme de la soluci\u00f3n Aprovisionamiento de CyberArk\u00bb style=\u00bbcustom\u00bb custom_background=\u00bb\u00bb custom_text=\u00bb\u00bb css=\u00bb\u00bb el_class=\u00bbcybv2-button-solid\u00bb link=\u00bburl:https%3A%2F%2Fwww.cyberark.com%2Fresources%2Fsolution-briefs%2Fcyberark-provisioning|\u00bb][\/vc_column][vc_column width=\u00bb1\/3&#8243; el_class=\u00bbsingle-card mb-8&#8243;][vc_single_image image=\u00bb212994&#8243; img_size=\u00bbfull\u00bb css=\u00bb\u00bb][vc_column_text css=\u00bb.vc_custom_1752004774190{padding-top: 20px !important;padding-right: 20px !important;padding-left: 20px !important;}\u00bb]<\/p>\n<h4>Los perfiles de IA de CyberArk proporcionan un acceso preaprobado preciso<\/h4>\n<p>Utilice las aprobaciones previas de los perfiles de IA de CyberArk para reducir las aprobaciones y revisiones de acceso en un 61%, adem\u00e1s de garantizar el acceso con el m\u00ednimo privilegio.[\/vc_column_text][vc_btn title=\u00bbInforme de la soluci\u00f3n Perfiles de IA de CyberArk\u00bb style=\u00bbcustom\u00bb custom_background=\u00bb\u00bb custom_text=\u00bb\u00bb css=\u00bb\u00bb el_class=\u00bbcybv2-button-solid\u00bb link=\u00bburl:https%3A%2F%2Fwww.cyberark.com%2Fresources%2Fsolution-briefs%2Fcyberark-ai-profiles|title:Leer%20ahora|\u00bb][\/vc_column][vc_column width=\u00bb1\/3&#8243; el_class=\u00bbsingle-card mb-8&#8243;][vc_single_image image=\u00bb212985&#8243; img_size=\u00bbfull\u00bb css=\u00bb\u00bb][vc_column_text css=\u00bb.vc_custom_1752004781582{padding-top: 20px !important;padding-right: 20px !important;padding-left: 20px !important;}\u00bb]<\/p>\n<h4>Cambios de acceso automatizados con conciliaci\u00f3n<\/h4>\n<p>Automatice el cumplimiento en los sistemas en la nube y locales. Coordine los cambios mediante incidencias ITSM y la remediaci\u00f3n de bucle cerrado.[\/vc_column_text][vc_btn title=\u00bbInforme de la soluci\u00f3n Aprovisionamiento de CyberArk\u00bb style=\u00bbcustom\u00bb custom_background=\u00bb\u00bb custom_text=\u00bb\u00bb css=\u00bb\u00bb el_class=\u00bbcybv2-button-solid\u00bb link=\u00bburl:https%3A%2F%2Fwww.cyberark.com%2Fresources%2Fsolution-briefs%2Fcyberark-provisioning|\u00bb][\/vc_column][\/vc_row][vc_row full_width=\u00bbstretch_row\u00bb css=\u00bb.vc_custom_1752005217530{background-color: #082233 !important;}\u00bb el_class=\u00bbcybv2 dark\u00bb][vc_column][vc_row_inner el_class=\u00bbcybv2-pad\u00bb][vc_column_inner width=\u00bb1\/6&#8243; offset=\u00bbvc_col-lg-offset-1&#8243;][vc_single_image image=\u00bb212914&#8243; img_size=\u00bbfull\u00bb css=\u00bb\u00bb][\/vc_column_inner][vc_column_inner width=\u00bb7\/12&#8243; css=\u00bb.vc_custom_1752005172659{padding-left: 20px !important;}\u00bb][vc_column_text css=\u00bb\u00bb]<\/p>\n<h3><span style=\"color: #d6f77a;\">Acelere el aprovisionamiento<\/span> con IA<\/h3>\n<p>Impulse su organizaci\u00f3n con la moderna y sencilla soluci\u00f3n de gesti\u00f3n del ciclo de vida basada en IA de CyberArk. Olv\u00eddese del caos de roles de la IGA tradicional y del engorro de la gesti\u00f3n del ciclo de vida basada en grupos que ofrecen los proveedores de identidades.<\/p>\n<p>Conf\u00ede en la IA y las pol\u00edticas de CyberArk para gestionar los procesos de incorporaci\u00f3n y baja de usuarios en colaboraci\u00f3n con los propietarios de sus aplicaciones y datos. Saque partido de las integraciones ITSM con sistemas como ServiceNow y Jira Service Management para implementar un sistema de registro para la auditor\u00eda de cambios.[\/vc_column_text][\/vc_column_inner][\/vc_row_inner][\/vc_column][\/vc_row]<\/p>\n<\/div>","protected":false},"excerpt":{"rendered":"<p>[vc_row full_width=\u00bbstretch_row\u00bb content_placement=\u00bbmiddle\u00bb el_class=\u00bbcybv2 int-hero dark\u00bb][vc_column width=\u00bb1\/2&#8243; el_class=\u00bbcolumn-1&#8243;][vc_column_text css=\u00bb\u00bb] Aprovisionamiento Simplifique la gesti\u00f3n del ciclo de vida de las identidades y los derechos. [\/vc_column_text][vc_btn title=\u00bbLea el informe de la soluci\u00f3n\u00bb style=\u00bbcustom\u00bb custom_background=\u00bb\u00bb custom_text=\u00bb\u00bb css=\u00bb\u00bb el_class=\u00bbcybv2-button-solid\u00bb&#8230;<\/p>\n","protected":false},"author":164,"featured_media":0,"parent":53045,"menu_order":0,"comment_status":"closed","ping_status":"closed","template":"","meta":{"_acf_changed":false,"inline_featured_image":false,"footnotes":""},"product_category":[],"class_list":["post-213162","page","type-page","status-publish","hentry"],"acf":[],"yoast_head":"<!-- This site is optimized with the Yoast SEO Premium plugin v27.2 (Yoast SEO v27.2) - https:\/\/yoast.com\/product\/yoast-seo-premium-wordpress\/ -->\n<title>Aprovisionamiento | CyberArk<\/title>\n<meta name=\"description\" content=\"Simplifique el aprovisionamiento con la gesti\u00f3n del ciclo de vida basada en IA de CyberArk. Automatice la incorporaci\u00f3n y la baja de usuarios y los cambios de acceso con controles basados en pol\u00edticas.\" \/>\n<meta name=\"robots\" content=\"index, follow, max-snippet:-1, max-image-preview:large, max-video-preview:-1\" \/>\n<link rel=\"canonical\" href=\"https:\/\/www.cyberark.com\/products\/provisioning\/\" \/>\n<meta property=\"og:locale\" content=\"es_ES\" \/>\n<meta property=\"og:type\" content=\"article\" \/>\n<meta property=\"og:title\" content=\"Aprovisionamiento\" \/>\n<meta property=\"og:description\" content=\"Simplifique el aprovisionamiento con la gesti\u00f3n del ciclo de vida basada en IA de CyberArk. Automatice la incorporaci\u00f3n y la baja de usuarios y los cambios de acceso con controles basados en pol\u00edticas.\" \/>\n<meta property=\"og:url\" content=\"https:\/\/www.cyberark.com\/products\/provisioning\/\" \/>\n<meta property=\"og:site_name\" content=\"CyberArk\" \/>\n<meta property=\"article:publisher\" content=\"https:\/\/www.facebook.com\/CyberArk\/\" \/>\n<meta property=\"article:modified_time\" content=\"2025-08-29T07:02:42+00:00\" \/>\n<meta property=\"og:image\" content=\"https:\/\/www.cyberark.com\/wp-content\/uploads\/2024\/10\/man-with-glasses-at-desk.jpg\" \/>\n\t<meta property=\"og:image:width\" content=\"640\" \/>\n\t<meta property=\"og:image:height\" content=\"457\" \/>\n\t<meta property=\"og:image:type\" content=\"image\/jpeg\" \/>\n<meta name=\"twitter:card\" content=\"summary_large_image\" \/>\n<meta name=\"twitter:site\" content=\"@CyberArk\" \/>\n<meta name=\"twitter:label1\" content=\"Tiempo de lectura\" \/>\n\t<meta name=\"twitter:data1\" content=\"3 minutos\" \/>\n<script type=\"application\/ld+json\" class=\"yoast-schema-graph\">{\"@context\":\"https:\/\/schema.org\",\"@graph\":[{\"@type\":\"WebPage\",\"@id\":\"https:\/\/www.cyberark.com\/products\/provisioning\/\",\"url\":\"https:\/\/www.cyberark.com\/products\/provisioning\/\",\"name\":\"Aprovisionamiento | CyberArk\",\"isPartOf\":{\"@id\":\"https:\/\/www.cyberark.com\/#website\"},\"primaryImageOfPage\":{\"@id\":\"https:\/\/www.cyberark.com\/products\/provisioning\/#primaryimage\"},\"image\":{\"@id\":\"https:\/\/www.cyberark.com\/products\/provisioning\/#primaryimage\"},\"thumbnailUrl\":\"https:\/\/www.cyberark.com\/wp-content\/uploads\/2024\/10\/man-with-glasses-at-desk.jpg\",\"datePublished\":\"2025-07-18T13:05:31+00:00\",\"dateModified\":\"2025-08-29T07:02:42+00:00\",\"description\":\"Simplifique el aprovisionamiento con la gesti\u00f3n del ciclo de vida basada en IA de CyberArk. Automatice la incorporaci\u00f3n y la baja de usuarios y los cambios de acceso con controles basados en pol\u00edticas.\",\"breadcrumb\":{\"@id\":\"https:\/\/www.cyberark.com\/products\/provisioning\/#breadcrumb\"},\"inLanguage\":\"es\",\"potentialAction\":[{\"@type\":\"ReadAction\",\"target\":[\"https:\/\/www.cyberark.com\/products\/provisioning\/\"]}]},{\"@type\":\"ImageObject\",\"inLanguage\":\"es\",\"@id\":\"https:\/\/www.cyberark.com\/products\/provisioning\/#primaryimage\",\"url\":\"https:\/\/www.cyberark.com\/wp-content\/uploads\/2024\/10\/man-with-glasses-at-desk.jpg\",\"contentUrl\":\"https:\/\/www.cyberark.com\/wp-content\/uploads\/2024\/10\/man-with-glasses-at-desk.jpg\"},{\"@type\":\"BreadcrumbList\",\"@id\":\"https:\/\/www.cyberark.com\/products\/provisioning\/#breadcrumb\",\"itemListElement\":[{\"@type\":\"ListItem\",\"position\":1,\"name\":\"Home\",\"item\":\"https:\/\/www.cyberark.com\/\"},{\"@type\":\"ListItem\",\"position\":2,\"name\":\"Productos\",\"item\":\"https:\/\/www.cyberark.com\/products\/\"},{\"@type\":\"ListItem\",\"position\":3,\"name\":\"Aprovisionamiento\"}]},{\"@type\":\"WebSite\",\"@id\":\"https:\/\/www.cyberark.com\/#website\",\"url\":\"https:\/\/www.cyberark.com\/\",\"name\":\"CyberArk\",\"description\":\"\",\"publisher\":{\"@id\":\"https:\/\/www.cyberark.com\/#organization\"},\"potentialAction\":[{\"@type\":\"SearchAction\",\"target\":{\"@type\":\"EntryPoint\",\"urlTemplate\":\"https:\/\/www.cyberark.com\/?s={search_term_string}\"},\"query-input\":{\"@type\":\"PropertyValueSpecification\",\"valueRequired\":true,\"valueName\":\"search_term_string\"}}],\"inLanguage\":\"es\"},{\"@type\":\"Organization\",\"@id\":\"https:\/\/www.cyberark.com\/#organization\",\"name\":\"CyberArk Software\",\"url\":\"https:\/\/www.cyberark.com\/\",\"logo\":{\"@type\":\"ImageObject\",\"inLanguage\":\"es\",\"@id\":\"https:\/\/www.cyberark.com\/#\/schema\/logo\/image\/\",\"url\":\"https:\/\/www.cyberark.com\/wp-content\/uploads\/2021\/02\/cyberark-logo-dark.svg\",\"contentUrl\":\"https:\/\/www.cyberark.com\/wp-content\/uploads\/2021\/02\/cyberark-logo-dark.svg\",\"width\":\"1024\",\"height\":\"1024\",\"caption\":\"CyberArk Software\"},\"image\":{\"@id\":\"https:\/\/www.cyberark.com\/#\/schema\/logo\/image\/\"},\"sameAs\":[\"https:\/\/www.facebook.com\/CyberArk\/\",\"https:\/\/x.com\/CyberArk\",\"https:\/\/www.linkedin.com\/company\/cyber-ark-software\/\"]}]}<\/script>\n<!-- \/ Yoast SEO Premium plugin. -->","yoast_head_json":{"title":"Aprovisionamiento | CyberArk","description":"Simplifique el aprovisionamiento con la gesti\u00f3n del ciclo de vida basada en IA de CyberArk. Automatice la incorporaci\u00f3n y la baja de usuarios y los cambios de acceso con controles basados en pol\u00edticas.","robots":{"index":"index","follow":"follow","max-snippet":"max-snippet:-1","max-image-preview":"max-image-preview:large","max-video-preview":"max-video-preview:-1"},"canonical":"https:\/\/www.cyberark.com\/products\/provisioning\/","og_locale":"es_ES","og_type":"article","og_title":"Aprovisionamiento","og_description":"Simplifique el aprovisionamiento con la gesti\u00f3n del ciclo de vida basada en IA de CyberArk. Automatice la incorporaci\u00f3n y la baja de usuarios y los cambios de acceso con controles basados en pol\u00edticas.","og_url":"https:\/\/www.cyberark.com\/products\/provisioning\/","og_site_name":"CyberArk","article_publisher":"https:\/\/www.facebook.com\/CyberArk\/","article_modified_time":"2025-08-29T07:02:42+00:00","og_image":[{"width":640,"height":457,"url":"https:\/\/www.cyberark.com\/wp-content\/uploads\/2024\/10\/man-with-glasses-at-desk.jpg","type":"image\/jpeg"}],"twitter_card":"summary_large_image","twitter_site":"@CyberArk","twitter_misc":{"Tiempo de lectura":"3 minutos"},"schema":{"@context":"https:\/\/schema.org","@graph":[{"@type":"WebPage","@id":"https:\/\/www.cyberark.com\/products\/provisioning\/","url":"https:\/\/www.cyberark.com\/products\/provisioning\/","name":"Aprovisionamiento | CyberArk","isPartOf":{"@id":"https:\/\/www.cyberark.com\/#website"},"primaryImageOfPage":{"@id":"https:\/\/www.cyberark.com\/products\/provisioning\/#primaryimage"},"image":{"@id":"https:\/\/www.cyberark.com\/products\/provisioning\/#primaryimage"},"thumbnailUrl":"https:\/\/www.cyberark.com\/wp-content\/uploads\/2024\/10\/man-with-glasses-at-desk.jpg","datePublished":"2025-07-18T13:05:31+00:00","dateModified":"2025-08-29T07:02:42+00:00","description":"Simplifique el aprovisionamiento con la gesti\u00f3n del ciclo de vida basada en IA de CyberArk. Automatice la incorporaci\u00f3n y la baja de usuarios y los cambios de acceso con controles basados en pol\u00edticas.","breadcrumb":{"@id":"https:\/\/www.cyberark.com\/products\/provisioning\/#breadcrumb"},"inLanguage":"es","potentialAction":[{"@type":"ReadAction","target":["https:\/\/www.cyberark.com\/products\/provisioning\/"]}]},{"@type":"ImageObject","inLanguage":"es","@id":"https:\/\/www.cyberark.com\/products\/provisioning\/#primaryimage","url":"https:\/\/www.cyberark.com\/wp-content\/uploads\/2024\/10\/man-with-glasses-at-desk.jpg","contentUrl":"https:\/\/www.cyberark.com\/wp-content\/uploads\/2024\/10\/man-with-glasses-at-desk.jpg"},{"@type":"BreadcrumbList","@id":"https:\/\/www.cyberark.com\/products\/provisioning\/#breadcrumb","itemListElement":[{"@type":"ListItem","position":1,"name":"Home","item":"https:\/\/www.cyberark.com\/"},{"@type":"ListItem","position":2,"name":"Productos","item":"https:\/\/www.cyberark.com\/products\/"},{"@type":"ListItem","position":3,"name":"Aprovisionamiento"}]},{"@type":"WebSite","@id":"https:\/\/www.cyberark.com\/#website","url":"https:\/\/www.cyberark.com\/","name":"CyberArk","description":"","publisher":{"@id":"https:\/\/www.cyberark.com\/#organization"},"potentialAction":[{"@type":"SearchAction","target":{"@type":"EntryPoint","urlTemplate":"https:\/\/www.cyberark.com\/?s={search_term_string}"},"query-input":{"@type":"PropertyValueSpecification","valueRequired":true,"valueName":"search_term_string"}}],"inLanguage":"es"},{"@type":"Organization","@id":"https:\/\/www.cyberark.com\/#organization","name":"CyberArk Software","url":"https:\/\/www.cyberark.com\/","logo":{"@type":"ImageObject","inLanguage":"es","@id":"https:\/\/www.cyberark.com\/#\/schema\/logo\/image\/","url":"https:\/\/www.cyberark.com\/wp-content\/uploads\/2021\/02\/cyberark-logo-dark.svg","contentUrl":"https:\/\/www.cyberark.com\/wp-content\/uploads\/2021\/02\/cyberark-logo-dark.svg","width":"1024","height":"1024","caption":"CyberArk Software"},"image":{"@id":"https:\/\/www.cyberark.com\/#\/schema\/logo\/image\/"},"sameAs":["https:\/\/www.facebook.com\/CyberArk\/","https:\/\/x.com\/CyberArk","https:\/\/www.linkedin.com\/company\/cyber-ark-software\/"]}]}},"_links":{"self":[{"href":"https:\/\/www.cyberark.com\/es\/wp-json\/wp\/v2\/pages\/213162","targetHints":{"allow":["GET"]}}],"collection":[{"href":"https:\/\/www.cyberark.com\/es\/wp-json\/wp\/v2\/pages"}],"about":[{"href":"https:\/\/www.cyberark.com\/es\/wp-json\/wp\/v2\/types\/page"}],"author":[{"embeddable":true,"href":"https:\/\/www.cyberark.com\/es\/wp-json\/wp\/v2\/users\/164"}],"replies":[{"embeddable":true,"href":"https:\/\/www.cyberark.com\/es\/wp-json\/wp\/v2\/comments?post=213162"}],"version-history":[{"count":0,"href":"https:\/\/www.cyberark.com\/es\/wp-json\/wp\/v2\/pages\/213162\/revisions"}],"up":[{"embeddable":true,"href":"https:\/\/www.cyberark.com\/es\/wp-json\/wp\/v2\/pages\/53045"}],"wp:attachment":[{"href":"https:\/\/www.cyberark.com\/es\/wp-json\/wp\/v2\/media?parent=213162"}],"wp:term":[{"taxonomy":"product_category","embeddable":true,"href":"https:\/\/www.cyberark.com\/es\/wp-json\/wp\/v2\/product_category?post=213162"}],"curies":[{"name":"wp","href":"https:\/\/api.w.org\/{rel}","templated":true}]}}