{"id":219226,"date":"2025-11-18T03:03:13","date_gmt":"2025-11-18T08:03:13","guid":{"rendered":"https:\/\/www.cyberark.com\/trust\/conformidad-legal-y-codigo-de-conducta\/"},"modified":"2025-11-21T08:15:09","modified_gmt":"2025-11-21T13:15:09","slug":"legal-compliance-and-code-of-conduct","status":"publish","type":"page","link":"https:\/\/www.cyberark.com\/es\/trust\/legal-compliance-and-code-of-conduct\/","title":{"rendered":"Conformidad legal y c\u00f3digo de conducta"},"content":{"rendered":"<div class=\"wpb-content-wrapper\"><p>[vc_row full_width=\u00bbstretch_row\u00bb el_class=\u00bbcybv2 int-hero-noimg dark\u00bb][vc_column width=\u00bb3\/4&#8243; el_class=\u00bbcolumn-1&#8243;][vc_column_text el_class=\u00bbcyb-breadcrumb\u00bb]<i class=\"fa fa-long-arrow-left\"><\/i><a href=\"https:\/\/www.cyberark.com\/es\/trust\/\">Volver al Centro de confianza<\/a>[\/vc_column_text][vc_column_text]<\/p>\n<h1>Conformidad legal y c\u00f3digo de conducta<\/h1>\n<p>[\/vc_column_text][\/vc_column][\/vc_row][vc_row full_width=\u00bbstretch_row\u00bb el_class=\u00bbcybv2 cybv2-pad privacy\u00bb][vc_column][vc_column_text css=\u00bb\u00bb]El director jur\u00eddico de CyberArk supervisa el programa de conformidad normativa global de la empresa, que cuenta con la asistencia continua tanto de nuestro equipo jur\u00eddico interno como de asesores externos. Como empresa que cotiza en bolsa a nivel mundial (NASDAQ:CYBR), nuestro programa de conformidad normativa abarca m\u00faltiples \u00e1reas de riesgo, lo que incluye el cumplimiento de la ley SOX. Las pol\u00edticas de conformidad normativa clave incluyen el <a href=\"https:\/\/www.cyberark.com\/wp-content\/uploads\/2024\/10\/Code-of-Conduct-2025.pdf\" target=\"_blank\" rel=\"noopener\">C\u00f3digo \u00c9tico y Corporativo de Conducta<\/a>, la Pol\u00edtica de Divulgaci\u00f3n Justa, la Pol\u00edtica de Denuncia de Irregularidades y nuestra Pol\u00edtica Anticorrupci\u00f3n. Puede encontrar m\u00e1s informaci\u00f3n sobre estas pol\u00edticas en nuestra p\u00e1gina de Gobernanza Corporativa e informaci\u00f3n adicional sobre nuestro compromiso con la buena gobernanza corporativa en nuestra p\u00e1gina de Relaciones con los Inversores.<br \/>\n[\/vc_column_text][\/vc_column][\/vc_row]<\/p>\n<\/div>","protected":false},"excerpt":{"rendered":"<p>[vc_row full_width=\u00bbstretch_row\u00bb el_class=\u00bbcybv2 int-hero-noimg dark\u00bb][vc_column width=\u00bb3\/4&#8243; el_class=\u00bbcolumn-1&#8243;][vc_column_text el_class=\u00bbcyb-breadcrumb\u00bb]Volver al Centro de confianza[\/vc_column_text][vc_column_text] Conformidad legal y c\u00f3digo de conducta [\/vc_column_text][\/vc_column][\/vc_row][vc_row full_width=\u00bbstretch_row\u00bb el_class=\u00bbcybv2 cybv2-pad privacy\u00bb][vc_column][vc_column_text css=\u00bb\u00bb]El director jur\u00eddico de CyberArk supervisa el programa de conformidad normativa global&#8230;<\/p>\n","protected":false},"author":164,"featured_media":0,"parent":131031,"menu_order":0,"comment_status":"closed","ping_status":"closed","template":"","meta":{"_acf_changed":false,"inline_featured_image":false,"footnotes":""},"product_category":[],"class_list":["post-219226","page","type-page","status-publish","hentry"],"acf":[],"yoast_head":"<!-- This site is optimized with the Yoast SEO Premium plugin v27.2 (Yoast SEO v27.2) - https:\/\/yoast.com\/product\/yoast-seo-premium-wordpress\/ -->\n<title>Conformidad legal y c\u00f3digo de conducta | CyberArk<\/title>\n<meta name=\"robots\" content=\"index, follow, max-snippet:-1, max-image-preview:large, max-video-preview:-1\" \/>\n<link rel=\"canonical\" href=\"https:\/\/www.cyberark.com\/es\/trust\/legal-compliance-and-code-of-conduct\/\" \/>\n<meta property=\"og:locale\" content=\"es_ES\" \/>\n<meta property=\"og:type\" content=\"article\" \/>\n<meta property=\"og:title\" content=\"Conformidad legal y c\u00f3digo de conducta\" \/>\n<meta property=\"og:description\" content=\"[vc_row full_width=\u00bbstretch_row\u00bb el_class=\u00bbcybv2 int-hero-noimg dark\u00bb][vc_column width=\u00bb3\/4&#8243; el_class=\u00bbcolumn-1&#8243;][vc_column_text el_class=\u00bbcyb-breadcrumb\u00bb]Volver al Centro de confianza[\/vc_column_text][vc_column_text] Conformidad legal y c\u00f3digo de conducta [\/vc_column_text][\/vc_column][\/vc_row][vc_row full_width=\u00bbstretch_row\u00bb el_class=\u00bbcybv2 cybv2-pad privacy\u00bb][vc_column][vc_column_text css=\u00bb\u00bb]El director jur\u00eddico de CyberArk supervisa el programa de conformidad normativa global...\" \/>\n<meta property=\"og:url\" content=\"https:\/\/www.cyberark.com\/es\/trust\/legal-compliance-and-code-of-conduct\/\" \/>\n<meta property=\"og:site_name\" content=\"CyberArk\" \/>\n<meta property=\"article:publisher\" content=\"https:\/\/www.facebook.com\/CyberArk\/\" \/>\n<meta property=\"article:modified_time\" content=\"2025-11-21T13:15:09+00:00\" \/>\n<meta property=\"og:image\" content=\"https:\/\/www.cyberark.com\/wp-content\/uploads\/2022\/09\/CYBR-gradient-bg-og-120x627-01-1024x535.png\" \/>\n\t<meta property=\"og:image:width\" content=\"1024\" \/>\n\t<meta property=\"og:image:height\" content=\"535\" \/>\n\t<meta property=\"og:image:type\" content=\"image\/png\" \/>\n<meta name=\"twitter:card\" content=\"summary_large_image\" \/>\n<meta name=\"twitter:site\" content=\"@CyberArk\" \/>\n<meta name=\"twitter:label1\" content=\"Tiempo de lectura\" \/>\n\t<meta name=\"twitter:data1\" content=\"1 minuto\" \/>\n<script type=\"application\/ld+json\" class=\"yoast-schema-graph\">{\"@context\":\"https:\/\/schema.org\",\"@graph\":[{\"@type\":\"WebPage\",\"@id\":\"https:\/\/www.cyberark.com\/es\/trust\/legal-compliance-and-code-of-conduct\/\",\"url\":\"https:\/\/www.cyberark.com\/es\/trust\/legal-compliance-and-code-of-conduct\/\",\"name\":\"Conformidad legal y c\u00f3digo de conducta | CyberArk\",\"isPartOf\":{\"@id\":\"https:\/\/www.cyberark.com\/#website\"},\"datePublished\":\"2025-11-18T08:03:13+00:00\",\"dateModified\":\"2025-11-21T13:15:09+00:00\",\"breadcrumb\":{\"@id\":\"https:\/\/www.cyberark.com\/es\/trust\/legal-compliance-and-code-of-conduct\/#breadcrumb\"},\"inLanguage\":\"es\",\"potentialAction\":[{\"@type\":\"ReadAction\",\"target\":[\"https:\/\/www.cyberark.com\/es\/trust\/legal-compliance-and-code-of-conduct\/\"]}]},{\"@type\":\"BreadcrumbList\",\"@id\":\"https:\/\/www.cyberark.com\/es\/trust\/legal-compliance-and-code-of-conduct\/#breadcrumb\",\"itemListElement\":[{\"@type\":\"ListItem\",\"position\":1,\"name\":\"Home\",\"item\":\"https:\/\/www.cyberark.com\/\"},{\"@type\":\"ListItem\",\"position\":2,\"name\":\"Centro de confianza\",\"item\":\"https:\/\/www.cyberark.com\/trust\/\"},{\"@type\":\"ListItem\",\"position\":3,\"name\":\"Conformidad legal y c\u00f3digo de conducta\"}]},{\"@type\":\"WebSite\",\"@id\":\"https:\/\/www.cyberark.com\/#website\",\"url\":\"https:\/\/www.cyberark.com\/\",\"name\":\"CyberArk\",\"description\":\"\",\"publisher\":{\"@id\":\"https:\/\/www.cyberark.com\/#organization\"},\"potentialAction\":[{\"@type\":\"SearchAction\",\"target\":{\"@type\":\"EntryPoint\",\"urlTemplate\":\"https:\/\/www.cyberark.com\/?s={search_term_string}\"},\"query-input\":{\"@type\":\"PropertyValueSpecification\",\"valueRequired\":true,\"valueName\":\"search_term_string\"}}],\"inLanguage\":\"es\"},{\"@type\":\"Organization\",\"@id\":\"https:\/\/www.cyberark.com\/#organization\",\"name\":\"CyberArk Software\",\"url\":\"https:\/\/www.cyberark.com\/\",\"logo\":{\"@type\":\"ImageObject\",\"inLanguage\":\"es\",\"@id\":\"https:\/\/www.cyberark.com\/#\/schema\/logo\/image\/\",\"url\":\"https:\/\/www.cyberark.com\/wp-content\/uploads\/2021\/02\/cyberark-logo-dark.svg\",\"contentUrl\":\"https:\/\/www.cyberark.com\/wp-content\/uploads\/2021\/02\/cyberark-logo-dark.svg\",\"width\":\"1024\",\"height\":\"1024\",\"caption\":\"CyberArk Software\"},\"image\":{\"@id\":\"https:\/\/www.cyberark.com\/#\/schema\/logo\/image\/\"},\"sameAs\":[\"https:\/\/www.facebook.com\/CyberArk\/\",\"https:\/\/x.com\/CyberArk\",\"https:\/\/www.linkedin.com\/company\/cyber-ark-software\/\"]}]}<\/script>\n<!-- \/ Yoast SEO Premium plugin. -->","yoast_head_json":{"title":"Conformidad legal y c\u00f3digo de conducta | CyberArk","robots":{"index":"index","follow":"follow","max-snippet":"max-snippet:-1","max-image-preview":"max-image-preview:large","max-video-preview":"max-video-preview:-1"},"canonical":"https:\/\/www.cyberark.com\/es\/trust\/legal-compliance-and-code-of-conduct\/","og_locale":"es_ES","og_type":"article","og_title":"Conformidad legal y c\u00f3digo de conducta","og_description":"[vc_row full_width=\u00bbstretch_row\u00bb el_class=\u00bbcybv2 int-hero-noimg dark\u00bb][vc_column width=\u00bb3\/4&#8243; el_class=\u00bbcolumn-1&#8243;][vc_column_text el_class=\u00bbcyb-breadcrumb\u00bb]Volver al Centro de confianza[\/vc_column_text][vc_column_text] Conformidad legal y c\u00f3digo de conducta [\/vc_column_text][\/vc_column][\/vc_row][vc_row full_width=\u00bbstretch_row\u00bb el_class=\u00bbcybv2 cybv2-pad privacy\u00bb][vc_column][vc_column_text css=\u00bb\u00bb]El director jur\u00eddico de CyberArk supervisa el programa de conformidad normativa global...","og_url":"https:\/\/www.cyberark.com\/es\/trust\/legal-compliance-and-code-of-conduct\/","og_site_name":"CyberArk","article_publisher":"https:\/\/www.facebook.com\/CyberArk\/","article_modified_time":"2025-11-21T13:15:09+00:00","og_image":[{"width":1024,"height":535,"url":"https:\/\/www.cyberark.com\/wp-content\/uploads\/2022\/09\/CYBR-gradient-bg-og-120x627-01-1024x535.png","type":"image\/png"}],"twitter_card":"summary_large_image","twitter_site":"@CyberArk","twitter_misc":{"Tiempo de lectura":"1 minuto"},"schema":{"@context":"https:\/\/schema.org","@graph":[{"@type":"WebPage","@id":"https:\/\/www.cyberark.com\/es\/trust\/legal-compliance-and-code-of-conduct\/","url":"https:\/\/www.cyberark.com\/es\/trust\/legal-compliance-and-code-of-conduct\/","name":"Conformidad legal y c\u00f3digo de conducta | CyberArk","isPartOf":{"@id":"https:\/\/www.cyberark.com\/#website"},"datePublished":"2025-11-18T08:03:13+00:00","dateModified":"2025-11-21T13:15:09+00:00","breadcrumb":{"@id":"https:\/\/www.cyberark.com\/es\/trust\/legal-compliance-and-code-of-conduct\/#breadcrumb"},"inLanguage":"es","potentialAction":[{"@type":"ReadAction","target":["https:\/\/www.cyberark.com\/es\/trust\/legal-compliance-and-code-of-conduct\/"]}]},{"@type":"BreadcrumbList","@id":"https:\/\/www.cyberark.com\/es\/trust\/legal-compliance-and-code-of-conduct\/#breadcrumb","itemListElement":[{"@type":"ListItem","position":1,"name":"Home","item":"https:\/\/www.cyberark.com\/"},{"@type":"ListItem","position":2,"name":"Centro de confianza","item":"https:\/\/www.cyberark.com\/trust\/"},{"@type":"ListItem","position":3,"name":"Conformidad legal y c\u00f3digo de conducta"}]},{"@type":"WebSite","@id":"https:\/\/www.cyberark.com\/#website","url":"https:\/\/www.cyberark.com\/","name":"CyberArk","description":"","publisher":{"@id":"https:\/\/www.cyberark.com\/#organization"},"potentialAction":[{"@type":"SearchAction","target":{"@type":"EntryPoint","urlTemplate":"https:\/\/www.cyberark.com\/?s={search_term_string}"},"query-input":{"@type":"PropertyValueSpecification","valueRequired":true,"valueName":"search_term_string"}}],"inLanguage":"es"},{"@type":"Organization","@id":"https:\/\/www.cyberark.com\/#organization","name":"CyberArk Software","url":"https:\/\/www.cyberark.com\/","logo":{"@type":"ImageObject","inLanguage":"es","@id":"https:\/\/www.cyberark.com\/#\/schema\/logo\/image\/","url":"https:\/\/www.cyberark.com\/wp-content\/uploads\/2021\/02\/cyberark-logo-dark.svg","contentUrl":"https:\/\/www.cyberark.com\/wp-content\/uploads\/2021\/02\/cyberark-logo-dark.svg","width":"1024","height":"1024","caption":"CyberArk Software"},"image":{"@id":"https:\/\/www.cyberark.com\/#\/schema\/logo\/image\/"},"sameAs":["https:\/\/www.facebook.com\/CyberArk\/","https:\/\/x.com\/CyberArk","https:\/\/www.linkedin.com\/company\/cyber-ark-software\/"]}]}},"_links":{"self":[{"href":"https:\/\/www.cyberark.com\/es\/wp-json\/wp\/v2\/pages\/219226","targetHints":{"allow":["GET"]}}],"collection":[{"href":"https:\/\/www.cyberark.com\/es\/wp-json\/wp\/v2\/pages"}],"about":[{"href":"https:\/\/www.cyberark.com\/es\/wp-json\/wp\/v2\/types\/page"}],"author":[{"embeddable":true,"href":"https:\/\/www.cyberark.com\/es\/wp-json\/wp\/v2\/users\/164"}],"replies":[{"embeddable":true,"href":"https:\/\/www.cyberark.com\/es\/wp-json\/wp\/v2\/comments?post=219226"}],"version-history":[{"count":0,"href":"https:\/\/www.cyberark.com\/es\/wp-json\/wp\/v2\/pages\/219226\/revisions"}],"up":[{"embeddable":true,"href":"https:\/\/www.cyberark.com\/es\/wp-json\/wp\/v2\/pages\/131031"}],"wp:attachment":[{"href":"https:\/\/www.cyberark.com\/es\/wp-json\/wp\/v2\/media?parent=219226"}],"wp:term":[{"taxonomy":"product_category","embeddable":true,"href":"https:\/\/www.cyberark.com\/es\/wp-json\/wp\/v2\/product_category?post=219226"}],"curies":[{"name":"wp","href":"https:\/\/api.w.org\/{rel}","templated":true}]}}