{"id":52943,"date":"2018-10-01T13:48:10","date_gmt":"2018-10-01T17:48:10","guid":{"rendered":"https:\/\/www.cyberark.com\/banking-solution\/"},"modified":"2020-07-16T14:52:28","modified_gmt":"2020-07-16T18:52:28","slug":"banking-solution","status":"publish","type":"page","link":"https:\/\/www.cyberark.com\/es\/solutions\/banking-solution\/","title":{"rendered":"Soluci\u00f3n para el sector bancario"},"content":{"rendered":"<div class=\"wpb-content-wrapper\"><p>[vc_row full_width=\u00bbstretch_row\u00bb content_placement=\u00bbtop\u00bb css=\u00bb.vc_custom_1538416720799{background-image: url(https:\/\/www.cyberark.com\/wp-content\/uploads\/2018\/10\/banking-hero.jpg?id=28953) !important;background-position: center !important;background-repeat: no-repeat !important;background-size: cover !important;}\u00bb el_class=\u00bbcyb-hero-section\u00bb][vc_column][vc_row_inner content_placement=\u00bbmiddle\u00bb el_class=\u00bbcyb-hero-header\u00bb][vc_column_inner el_class=\u00bbcyb-hero-header-text\u00bb][vc_custom_heading text=\u00bbLA SOLUCI\u00d3N DE CYBERARK PARA EL SECTOR BANCARIO\u00bb font_container=\u00bbtag:h1|text_align:left\u00bb use_theme_fonts=\u00bbyes\u00bb][vc_custom_heading text=\u00bbGarantice una mayor fidelidad de sus clientes\u00bb font_container=\u00bbtag:h3|text_align:left\u00bb use_theme_fonts=\u00bbyes\u00bb][vc_btn title=\u00bbDESCARGAR INFORME DE LA SOLUCI\u00d3N\u00bb style=\u00bbcustom\u00bb custom_background=\u00bb\u00bb custom_text=\u00bb#ffffff\u00bb shape=\u00bbsquare\u00bb link=\u00bburl:https%3A%2F%2Fwww.cyberark.com%2Fes%2Fresource%2Fcyberark-banking-solution-brief-2018%2F|\u00bb el_class=\u00bbcyb-button xlarge event-click\u00bb el_id=\u00bbBanking Page: Download Solution Brief\u00bb][\/vc_column_inner][\/vc_row_inner][\/vc_column][\/vc_row][vc_row css=\u00bb.vc_custom_1538417233419{padding-bottom: 1.875rem !important;}\u00bb][vc_column css=\u00bb.vc_custom_1538417056108{padding-top: 2.5rem !important;}\u00bb][vc_column_text]<\/p>\n<h3>LOS DESAF\u00cdOS DE LA TRANSFORMACI\u00d3N DIGITAL PARA LA PROTECCI\u00d3N DEL ACCESO PRIVILEGIADO:<\/h3>\n<ul>\n<li>La disrupci\u00f3n digital obliga a las entidades a conciliar la innovaci\u00f3n y unas pr\u00e1cticas eficaces de seguridad que salvaguarden su reputaci\u00f3n.<\/li>\n<li>El hecho de que las entidades recopilen datos sensibles de sus clientes est\u00e1 disparando los ataques contra este sector.<\/li>\n<li>Sigue aumentando la cantidad de aplicaciones y de empleados, tanto los internos como los de los contratistas.<\/li>\n<\/ul>\n<h3>LOS BANCOS Y LAS ENTIDADES FINANCIERAS M\u00c1S IMPORTANTES CONF\u00cdAN EN CYBERARK PORQUE:<\/h3>\n<ul>\n<li>La oferta de CyberArk sigue siendo la soluci\u00f3n de gesti\u00f3n del acceso con privilegios n\u00famero uno en todo el mundo para los principales analistas.<\/li>\n<li>Las soluciones de CyberArk ayudan a cumplir las normativas tan importantes como la ley Sarbanes-Oxley, el Est\u00e1ndar de Seguridad de Datos para la Industria de las Tarjetas de Pago, las directrices de gesti\u00f3n del riesgo tecnol\u00f3gico de la autoridad monetaria de Singapur y el RGPD.<\/li>\n<li>CyberArk ha seguido invirtiendo en su plataforma para proteger los privilegios en todos los entornos de h\u00edbridos y de nube y en los de operaciones de desarrollo m\u00e1s importantes.<\/li>\n<\/ul>\n<p>[\/vc_column_text][\/vc_column][\/vc_row][vc_row full_width=\u00bbstretch_row\u00bb equal_height=\u00bbyes\u00bb content_placement=\u00bbmiddle\u00bb parallax=\u00bbcontent-moving\u00bb parallax_speed_bg=\u00bb1.6&#8243; css=\u00bb.vc_custom_1565617146694{background-image: url(https:\/\/www.cyberark.com\/wp-content\/uploads\/2018\/10\/banking.jpg?id=28954) !important;background-position: center;background-repeat: no-repeat !important;background-size: cover !important;}\u00bb el_class=\u00bbcyb-min-hgt-620&#8243;][vc_column width=\u00bb1\/2&#8243; css=\u00bb.vc_custom_1565617162173{padding-top: 5rem !important;padding-right: 10% !important;padding-bottom: 2.5rem !important;padding-left: 10% !important;background-color: #1d4b73 !important;background-position: center !important;background-repeat: no-repeat !important;background-size: cover !important;}\u00bb el_class=\u00bbcyb-opac-blue\u00bb offset=\u00bbvc_col-sm-offset-6&#8243;][vc_custom_heading text=\u00bbEs esencial para nuestra estrategia global de seguridad, porque la mayor\u00eda de los ataques se realizan con credenciales robadas. Los atacantes tienen m\u00e1s dificultades para acceder gracias a las capas de seguridad adicionales de CyberArk.\u00bb font_container=\u00bbtag:h2|font_size:2.125rem|text_align:left|color:%23ffffff|line_height:2.5625rem\u00bb use_theme_fonts=\u00bbyes\u00bb el_class=\u00bbcyb-ltr-spc-6 blockquote\u00bb css=\u00bb.vc_custom_1541786642317{padding-bottom: 0.9375rem !important;}\u00bb][vc_column_text el_class=\u00bbcyb-white\u00bb css=\u00bb.vc_custom_1541786650628{padding-bottom: 2.1875rem !important;}\u00bb]<strong>Analista inform\u00e1tico<\/strong> de una entidad bancaria para grandes empresas[\/vc_column_text][\/vc_column][\/vc_row][vc_row css=\u00bb.vc_custom_1534869861269{padding-top: 2rem !important;}\u00bb][vc_column css=\u00bb.vc_custom_1534353344275{padding-bottom: 1.25rem !important;}\u00bb][vc_custom_heading text=\u00bbSOLICITE UNA DEMOSTRACI\u00d3N EN PERSONA\u00bb font_container=\u00bbtag:h2|text_align:center|color:%23414042&#8243; use_theme_fonts=\u00bbyes\u00bb el_class=\u00bbcyb-ltr-spc-6&#8243;][\/vc_column][\/vc_row][vc_row css=\u00bb.vc_custom_1534881520756{padding-bottom: 2.5rem !important;}\u00bb][vc_column][vc_raw_html]W3JlcXVlc3RfZGVtb10=[\/vc_raw_html][\/vc_column][\/vc_row]<\/p>\n<\/div>","protected":false},"excerpt":{"rendered":"<p>[vc_row full_width=\u00bbstretch_row\u00bb content_placement=\u00bbtop\u00bb css=\u00bb.vc_custom_1538416720799{background-image: url(https:\/\/www.cyberark.com\/wp-content\/uploads\/2018\/10\/banking-hero.jpg?id=28953) !important;background-position: center !important;background-repeat: no-repeat !important;background-size: cover !important;}\u00bb el_class=\u00bbcyb-hero-section\u00bb][vc_column][vc_row_inner content_placement=\u00bbmiddle\u00bb el_class=\u00bbcyb-hero-header\u00bb][vc_column_inner el_class=\u00bbcyb-hero-header-text\u00bb][vc_custom_heading text=\u00bbLA SOLUCI\u00d3N DE CYBERARK PARA EL SECTOR BANCARIO\u00bb font_container=\u00bbtag:h1|text_align:left\u00bb use_theme_fonts=\u00bbyes\u00bb][vc_custom_heading text=\u00bbGarantice una mayor fidelidad de sus clientes\u00bb font_container=\u00bbtag:h3|text_align:left\u00bb use_theme_fonts=\u00bbyes\u00bb][vc_btn&#8230;<\/p>\n","protected":false},"author":125,"featured_media":0,"parent":53044,"menu_order":0,"comment_status":"closed","ping_status":"closed","template":"","meta":{"_acf_changed":false,"inline_featured_image":false,"footnotes":""},"product_category":[],"class_list":["post-52943","page","type-page","status-publish","hentry"],"acf":[],"yoast_head":"<!-- This site is optimized with the Yoast SEO Premium plugin v27.2 (Yoast SEO v27.2) - https:\/\/yoast.com\/product\/yoast-seo-premium-wordpress\/ -->\n<title>Seguridad financiera y bancaria con las soluciones PAM de CyberArk<\/title>\n<meta name=\"robots\" content=\"index, follow, max-snippet:-1, max-image-preview:large, max-video-preview:-1\" \/>\n<link rel=\"canonical\" href=\"https:\/\/www.cyberark.com\/solutions\/banking-solution\/\" \/>\n<meta property=\"og:locale\" content=\"es_ES\" \/>\n<meta property=\"og:type\" content=\"article\" \/>\n<meta property=\"og:title\" content=\"Soluci\u00f3n para el sector bancario\" \/>\n<meta property=\"og:description\" content=\"[vc_row full_width=\u00bbstretch_row\u00bb content_placement=\u00bbtop\u00bb css=\u00bb.vc_custom_1538416720799{background-image: url(https:\/\/www.cyberark.com\/wp-content\/uploads\/2018\/10\/banking-hero.jpg?id=28953) !important;background-position: center !important;background-repeat: no-repeat !important;background-size: cover !important;}\u00bb el_class=\u00bbcyb-hero-section\u00bb][vc_column][vc_row_inner content_placement=\u00bbmiddle\u00bb el_class=\u00bbcyb-hero-header\u00bb][vc_column_inner el_class=\u00bbcyb-hero-header-text\u00bb][vc_custom_heading text=\u00bbLA SOLUCI\u00d3N DE CYBERARK PARA EL SECTOR BANCARIO\u00bb font_container=\u00bbtag:h1|text_align:left\u00bb use_theme_fonts=\u00bbyes\u00bb][vc_custom_heading text=\u00bbGarantice una mayor fidelidad de sus clientes\u00bb font_container=\u00bbtag:h3|text_align:left\u00bb use_theme_fonts=\u00bbyes\u00bb][vc_btn...\" \/>\n<meta property=\"og:url\" content=\"https:\/\/www.cyberark.com\/solutions\/banking-solution\/\" \/>\n<meta property=\"og:site_name\" content=\"CyberArk\" \/>\n<meta property=\"article:publisher\" content=\"https:\/\/www.facebook.com\/CyberArk\/\" \/>\n<meta property=\"article:modified_time\" content=\"2020-07-16T18:52:28+00:00\" \/>\n<meta property=\"og:image\" content=\"https:\/\/www.cyberark.com\/wp-content\/uploads\/2022\/09\/CYBR-gradient-bg-og-120x627-01-1024x535.png\" \/>\n\t<meta property=\"og:image:width\" content=\"1024\" \/>\n\t<meta property=\"og:image:height\" content=\"535\" \/>\n\t<meta property=\"og:image:type\" content=\"image\/png\" \/>\n<meta name=\"twitter:card\" content=\"summary_large_image\" \/>\n<meta name=\"twitter:site\" content=\"@CyberArk\" \/>\n<meta name=\"twitter:label1\" content=\"Tiempo de lectura\" \/>\n\t<meta name=\"twitter:data1\" content=\"3 minutos\" \/>\n<script type=\"application\/ld+json\" class=\"yoast-schema-graph\">{\"@context\":\"https:\/\/schema.org\",\"@graph\":[{\"@type\":\"WebPage\",\"@id\":\"https:\/\/www.cyberark.com\/solutions\/banking-solution\/\",\"url\":\"https:\/\/www.cyberark.com\/solutions\/banking-solution\/\",\"name\":\"Seguridad financiera y bancaria con las soluciones PAM de CyberArk\",\"isPartOf\":{\"@id\":\"https:\/\/www.cyberark.com\/#website\"},\"datePublished\":\"2018-10-01T17:48:10+00:00\",\"dateModified\":\"2020-07-16T18:52:28+00:00\",\"breadcrumb\":{\"@id\":\"https:\/\/www.cyberark.com\/solutions\/banking-solution\/#breadcrumb\"},\"inLanguage\":\"es\",\"potentialAction\":[{\"@type\":\"ReadAction\",\"target\":[\"https:\/\/www.cyberark.com\/solutions\/banking-solution\/\"]}]},{\"@type\":\"BreadcrumbList\",\"@id\":\"https:\/\/www.cyberark.com\/solutions\/banking-solution\/#breadcrumb\",\"itemListElement\":[{\"@type\":\"ListItem\",\"position\":1,\"name\":\"Home\",\"item\":\"https:\/\/www.cyberark.com\/\"},{\"@type\":\"ListItem\",\"position\":2,\"name\":\"Soluciones de Seguridad de la Identidad\",\"item\":\"https:\/\/www.cyberark.com\/solutions\/\"},{\"@type\":\"ListItem\",\"position\":3,\"name\":\"Soluci\u00f3n para el sector bancario\"}]},{\"@type\":\"WebSite\",\"@id\":\"https:\/\/www.cyberark.com\/#website\",\"url\":\"https:\/\/www.cyberark.com\/\",\"name\":\"CyberArk\",\"description\":\"\",\"publisher\":{\"@id\":\"https:\/\/www.cyberark.com\/#organization\"},\"potentialAction\":[{\"@type\":\"SearchAction\",\"target\":{\"@type\":\"EntryPoint\",\"urlTemplate\":\"https:\/\/www.cyberark.com\/?s={search_term_string}\"},\"query-input\":{\"@type\":\"PropertyValueSpecification\",\"valueRequired\":true,\"valueName\":\"search_term_string\"}}],\"inLanguage\":\"es\"},{\"@type\":\"Organization\",\"@id\":\"https:\/\/www.cyberark.com\/#organization\",\"name\":\"CyberArk Software\",\"url\":\"https:\/\/www.cyberark.com\/\",\"logo\":{\"@type\":\"ImageObject\",\"inLanguage\":\"es\",\"@id\":\"https:\/\/www.cyberark.com\/#\/schema\/logo\/image\/\",\"url\":\"https:\/\/www.cyberark.com\/wp-content\/uploads\/2021\/02\/cyberark-logo-dark.svg\",\"contentUrl\":\"https:\/\/www.cyberark.com\/wp-content\/uploads\/2021\/02\/cyberark-logo-dark.svg\",\"width\":\"1024\",\"height\":\"1024\",\"caption\":\"CyberArk Software\"},\"image\":{\"@id\":\"https:\/\/www.cyberark.com\/#\/schema\/logo\/image\/\"},\"sameAs\":[\"https:\/\/www.facebook.com\/CyberArk\/\",\"https:\/\/x.com\/CyberArk\",\"https:\/\/www.linkedin.com\/company\/cyber-ark-software\/\"]}]}<\/script>\n<!-- \/ Yoast SEO Premium plugin. -->","yoast_head_json":{"title":"Seguridad financiera y bancaria con las soluciones PAM de CyberArk","robots":{"index":"index","follow":"follow","max-snippet":"max-snippet:-1","max-image-preview":"max-image-preview:large","max-video-preview":"max-video-preview:-1"},"canonical":"https:\/\/www.cyberark.com\/solutions\/banking-solution\/","og_locale":"es_ES","og_type":"article","og_title":"Soluci\u00f3n para el sector bancario","og_description":"[vc_row full_width=\u00bbstretch_row\u00bb content_placement=\u00bbtop\u00bb css=\u00bb.vc_custom_1538416720799{background-image: url(https:\/\/www.cyberark.com\/wp-content\/uploads\/2018\/10\/banking-hero.jpg?id=28953) !important;background-position: center !important;background-repeat: no-repeat !important;background-size: cover !important;}\u00bb el_class=\u00bbcyb-hero-section\u00bb][vc_column][vc_row_inner content_placement=\u00bbmiddle\u00bb el_class=\u00bbcyb-hero-header\u00bb][vc_column_inner el_class=\u00bbcyb-hero-header-text\u00bb][vc_custom_heading text=\u00bbLA SOLUCI\u00d3N DE CYBERARK PARA EL SECTOR BANCARIO\u00bb font_container=\u00bbtag:h1|text_align:left\u00bb use_theme_fonts=\u00bbyes\u00bb][vc_custom_heading text=\u00bbGarantice una mayor fidelidad de sus clientes\u00bb font_container=\u00bbtag:h3|text_align:left\u00bb use_theme_fonts=\u00bbyes\u00bb][vc_btn...","og_url":"https:\/\/www.cyberark.com\/solutions\/banking-solution\/","og_site_name":"CyberArk","article_publisher":"https:\/\/www.facebook.com\/CyberArk\/","article_modified_time":"2020-07-16T18:52:28+00:00","og_image":[{"width":1024,"height":535,"url":"https:\/\/www.cyberark.com\/wp-content\/uploads\/2022\/09\/CYBR-gradient-bg-og-120x627-01-1024x535.png","type":"image\/png"}],"twitter_card":"summary_large_image","twitter_site":"@CyberArk","twitter_misc":{"Tiempo de lectura":"3 minutos"},"schema":{"@context":"https:\/\/schema.org","@graph":[{"@type":"WebPage","@id":"https:\/\/www.cyberark.com\/solutions\/banking-solution\/","url":"https:\/\/www.cyberark.com\/solutions\/banking-solution\/","name":"Seguridad financiera y bancaria con las soluciones PAM de CyberArk","isPartOf":{"@id":"https:\/\/www.cyberark.com\/#website"},"datePublished":"2018-10-01T17:48:10+00:00","dateModified":"2020-07-16T18:52:28+00:00","breadcrumb":{"@id":"https:\/\/www.cyberark.com\/solutions\/banking-solution\/#breadcrumb"},"inLanguage":"es","potentialAction":[{"@type":"ReadAction","target":["https:\/\/www.cyberark.com\/solutions\/banking-solution\/"]}]},{"@type":"BreadcrumbList","@id":"https:\/\/www.cyberark.com\/solutions\/banking-solution\/#breadcrumb","itemListElement":[{"@type":"ListItem","position":1,"name":"Home","item":"https:\/\/www.cyberark.com\/"},{"@type":"ListItem","position":2,"name":"Soluciones de Seguridad de la Identidad","item":"https:\/\/www.cyberark.com\/solutions\/"},{"@type":"ListItem","position":3,"name":"Soluci\u00f3n para el sector bancario"}]},{"@type":"WebSite","@id":"https:\/\/www.cyberark.com\/#website","url":"https:\/\/www.cyberark.com\/","name":"CyberArk","description":"","publisher":{"@id":"https:\/\/www.cyberark.com\/#organization"},"potentialAction":[{"@type":"SearchAction","target":{"@type":"EntryPoint","urlTemplate":"https:\/\/www.cyberark.com\/?s={search_term_string}"},"query-input":{"@type":"PropertyValueSpecification","valueRequired":true,"valueName":"search_term_string"}}],"inLanguage":"es"},{"@type":"Organization","@id":"https:\/\/www.cyberark.com\/#organization","name":"CyberArk Software","url":"https:\/\/www.cyberark.com\/","logo":{"@type":"ImageObject","inLanguage":"es","@id":"https:\/\/www.cyberark.com\/#\/schema\/logo\/image\/","url":"https:\/\/www.cyberark.com\/wp-content\/uploads\/2021\/02\/cyberark-logo-dark.svg","contentUrl":"https:\/\/www.cyberark.com\/wp-content\/uploads\/2021\/02\/cyberark-logo-dark.svg","width":"1024","height":"1024","caption":"CyberArk Software"},"image":{"@id":"https:\/\/www.cyberark.com\/#\/schema\/logo\/image\/"},"sameAs":["https:\/\/www.facebook.com\/CyberArk\/","https:\/\/x.com\/CyberArk","https:\/\/www.linkedin.com\/company\/cyber-ark-software\/"]}]}},"_links":{"self":[{"href":"https:\/\/www.cyberark.com\/es\/wp-json\/wp\/v2\/pages\/52943","targetHints":{"allow":["GET"]}}],"collection":[{"href":"https:\/\/www.cyberark.com\/es\/wp-json\/wp\/v2\/pages"}],"about":[{"href":"https:\/\/www.cyberark.com\/es\/wp-json\/wp\/v2\/types\/page"}],"author":[{"embeddable":true,"href":"https:\/\/www.cyberark.com\/es\/wp-json\/wp\/v2\/users\/125"}],"replies":[{"embeddable":true,"href":"https:\/\/www.cyberark.com\/es\/wp-json\/wp\/v2\/comments?post=52943"}],"version-history":[{"count":0,"href":"https:\/\/www.cyberark.com\/es\/wp-json\/wp\/v2\/pages\/52943\/revisions"}],"up":[{"embeddable":true,"href":"https:\/\/www.cyberark.com\/es\/wp-json\/wp\/v2\/pages\/53044"}],"wp:attachment":[{"href":"https:\/\/www.cyberark.com\/es\/wp-json\/wp\/v2\/media?parent=52943"}],"wp:term":[{"taxonomy":"product_category","embeddable":true,"href":"https:\/\/www.cyberark.com\/es\/wp-json\/wp\/v2\/product_category?post=52943"}],"curies":[{"name":"wp","href":"https:\/\/api.w.org\/{rel}","templated":true}]}}