{"id":52954,"date":"2018-04-25T15:45:35","date_gmt":"2018-04-25T19:45:35","guid":{"rendered":"https:\/\/www.cyberark.com\/endpoint-privilege-manager-software-service\/"},"modified":"2024-10-25T14:33:16","modified_gmt":"2024-10-25T18:33:16","slug":"login","status":"publish","type":"page","link":"https:\/\/www.cyberark.com\/es\/products\/endpoint-privilege-manager\/login\/","title":{"rendered":"Endpoint Privilege Manager en formato de software como servicio"},"content":{"rendered":"<div class=\"wpb-content-wrapper\"><p>[vc_row full_width=\u00bbstretch_row\u00bb el_class=\u00bbcybv2 int-hero-noimg dark\u00bb][vc_column width=\u00bb3\/4&#8243; el_class=\u00bbcolumn-1&#8243;][vc_column_text]<\/p>\n<h1>Endpoint Privilege Manager en formato de software como servicio<\/h1>\n<p>[\/vc_column_text][\/vc_column][\/vc_row][vc_row el_class=\u00bbcybv2 cybv2-pad text-md-center\u00bb][vc_column][vc_column_text]<\/p>\n<h3>\u00bfEn qu\u00e9 consiste este servicio?<\/h3>\n<p>Endpoint Privilege Manager de CyberArk es un servicio alojado por CyberArk que ayuda a eliminar los obst\u00e1culos que impiden aplicar el m\u00ednimo privilegio y permite a las organizaciones bloquear y contener los ataques en los puntos finales, reduciendo as\u00ed el riesgo de que se robe y cifre informaci\u00f3n y se exija un rescate por ella. La combinaci\u00f3n de la seguridad de privilegios, el control de aplicaciones y la prevenci\u00f3n del robo de credenciales reduce el riesgo de infecciones de software malicioso.[\/vc_column_text][\/vc_column][\/vc_row][vc_row full_width=\u00bbstretch_row\u00bb equal_height=\u00bbyes\u00bb el_class=\u00bbcybv2 cybv2-pad-top office-details\u00bb css=\u00bb.vc_custom_1637767072712{background-color: #f7f7f7 !important;}\u00bb][vc_column width=\u00bb5\/6&#8243; el_class=\u00bbtext-md-center heading\u00bb offset=\u00bbvc_col-md-offset-1 vc_col-sm-offset-1&#8243;][vc_column_text]<\/p>\n<h3>\u00bfYa tiene una cuenta en endpoint privilege manager SAAS?<\/h3>\n<p>[\/vc_column_text][\/vc_column][vc_column width=\u00bb1\/4&#8243; el_class=\u00bbcta-box\u00bb][vc_column_text]<img loading=\"lazy\" decoding=\"async\" class=\"alignnone size-full wp-image-107301\" src=\"https:\/\/www.cyberark.com\/wp-content\/uploads\/2021\/01\/icon-circle-manual.svg\" alt=\"icon circle\" width=\"94\" height=\"81\" \/>[\/vc_column_text][vc_column_text el_class=\u00bblink-arrow-right\u00bb]<\/p>\n<h4>Estados Unidos<\/h4>\n<p><a href=\"https:\/\/login.epm.cyberark.com\/login\" target=\"_blank\" rel=\"noopener\">Iniciar Sesi\u00f3n<\/a><i class=\"fa fa-long-arrow-right\"><\/i>[\/vc_column_text][\/vc_column][vc_column width=\u00bb1\/4&#8243; el_class=\u00bbcta-box\u00bb][vc_column_text]<img loading=\"lazy\" decoding=\"async\" class=\"alignnone size-full wp-image-107301\" src=\"https:\/\/www.cyberark.com\/wp-content\/uploads\/2021\/01\/icon-circle-manual.svg\" alt=\"icon circle\" width=\"94\" height=\"81\" \/>[\/vc_column_text][vc_column_text el_class=\u00bblink-arrow-right\u00bb]<\/p>\n<h4>Australia<\/h4>\n<p><a href=\"https:\/\/au.epm.cyberark.com\/\" target=\"_blank\" rel=\"noopener\">Iniciar Sesi\u00f3n<\/a><i class=\"fa fa-long-arrow-right\"><\/i>[\/vc_column_text][\/vc_column][vc_column width=\u00bb1\/4&#8243; el_class=\u00bbcta-box\u00bb][vc_column_text]<img loading=\"lazy\" decoding=\"async\" class=\"alignnone size-full wp-image-107301\" src=\"https:\/\/www.cyberark.com\/wp-content\/uploads\/2021\/01\/icon-circle-manual.svg\" alt=\"icon circle\" width=\"94\" height=\"81\" \/>[\/vc_column_text][vc_column_text el_class=\u00bblink-arrow-right\u00bb]<\/p>\n<h4>Canad\u00e1<\/h4>\n<p><a href=\"https:\/\/ca.epm.cyberark.com\/\" target=\"_blank\" rel=\"noopener\">Iniciar Sesi\u00f3n<\/a><i class=\"fa fa-long-arrow-right\"><\/i>[\/vc_column_text][\/vc_column][vc_column width=\u00bb1\/4&#8243; el_class=\u00bbcta-box\u00bb][vc_column_text]<img loading=\"lazy\" decoding=\"async\" class=\"alignnone size-full wp-image-107301\" src=\"https:\/\/www.cyberark.com\/wp-content\/uploads\/2021\/01\/icon-circle-manual.svg\" alt=\"icon circle\" width=\"94\" height=\"81\" \/>[\/vc_column_text][vc_column_text el_class=\u00bblink-arrow-right\u00bb]<\/p>\n<h4>Inglaterra<\/h4>\n<p><a href=\"https:\/\/uk.epm.cyberark.com\/\" target=\"_blank\" rel=\"noopener\">Iniciar Sesi\u00f3n<\/a><i class=\"fa fa-long-arrow-right\"><\/i>[\/vc_column_text][\/vc_column][vc_column width=\u00bb1\/4&#8243; el_class=\u00bbcta-box\u00bb][vc_column_text]<img loading=\"lazy\" decoding=\"async\" class=\"alignnone size-full wp-image-107301\" src=\"https:\/\/www.cyberark.com\/wp-content\/uploads\/2021\/01\/icon-circle-manual.svg\" alt=\"icon circle\" width=\"94\" height=\"81\" \/>[\/vc_column_text][vc_column_text el_class=\u00bblink-arrow-right\u00bb]<\/p>\n<h4>Alemania<\/h4>\n<p><a href=\"https:\/\/eu.epm.cyberark.com\/\" target=\"_blank\" rel=\"noopener\">Iniciar Sesi\u00f3n<\/a><i class=\"fa fa-long-arrow-right\"><\/i>[\/vc_column_text][\/vc_column][vc_column width=\u00bb1\/4&#8243; el_class=\u00bbcta-box\u00bb][vc_column_text]<img loading=\"lazy\" decoding=\"async\" class=\"alignnone size-full wp-image-107301\" src=\"https:\/\/www.cyberark.com\/wp-content\/uploads\/2021\/01\/icon-circle-manual.svg\" alt=\"icon circle\" width=\"94\" height=\"81\" \/>[\/vc_column_text][vc_column_text el_class=\u00bblink-arrow-right\u00bb]<\/p>\n<h4>India<\/h4>\n<p><a href=\"https:\/\/in.epm.cyberark.com\/\" target=\"_blank\" rel=\"noopener\">Iniciar Sesi\u00f3n<\/a><i class=\"fa fa-long-arrow-right\"><\/i>[\/vc_column_text][\/vc_column][vc_column width=\u00bb1\/4&#8243; el_class=\u00bbcta-box\u00bb][vc_column_text]<img loading=\"lazy\" decoding=\"async\" class=\"alignnone size-full wp-image-107301\" src=\"https:\/\/www.cyberark.com\/wp-content\/uploads\/2021\/01\/icon-circle-manual.svg\" alt=\"icon circle\" width=\"94\" height=\"81\" \/>[\/vc_column_text][vc_column_text el_class=\u00bblink-arrow-right\u00bb]<\/p>\n<h4>Italia<\/h4>\n<p><a href=\"https:\/\/it.epm.cyberark.com\" target=\"_blank\" rel=\"noopener\">Iniciar Sesi\u00f3n<\/a><i class=\"fa fa-long-arrow-right\"><\/i>[\/vc_column_text][\/vc_column][vc_column width=\u00bb1\/4&#8243; el_class=\u00bbcta-box\u00bb][vc_column_text]<img loading=\"lazy\" decoding=\"async\" class=\"alignnone size-full wp-image-107301\" src=\"https:\/\/www.cyberark.com\/wp-content\/uploads\/2021\/01\/icon-circle-manual.svg\" alt=\"icon circle\" width=\"94\" height=\"81\" \/>[\/vc_column_text][vc_column_text el_class=\u00bblink-arrow-right\u00bb]<\/p>\n<h4>Jap\u00f3n<\/h4>\n<p><a href=\"https:\/\/jp.epm.cyberark.com\/\" target=\"_blank\" rel=\"noopener\">Iniciar Sesi\u00f3n<\/a><i class=\"fa fa-long-arrow-right\"><\/i>[\/vc_column_text][\/vc_column][vc_column width=\u00bb1\/4&#8243; el_class=\u00bbcta-box\u00bb][vc_column_text]<img loading=\"lazy\" decoding=\"async\" class=\"alignnone size-full wp-image-107301\" src=\"https:\/\/www.cyberark.com\/wp-content\/uploads\/2021\/01\/icon-circle-manual.svg\" alt=\"icon circle\" width=\"94\" height=\"81\" \/>[\/vc_column_text][vc_column_text el_class=\u00bblink-arrow-right\u00bb]<\/p>\n<h4>Singapur<\/h4>\n<p><a href=\"https:\/\/sg.epm.cyberark.com\/\" target=\"_blank\" rel=\"noopener\">Iniciar Sesi\u00f3n<\/a><i class=\"fa fa-long-arrow-right\"><\/i>[\/vc_column_text][\/vc_column][vc_column width=\u00bb1\/4&#8243; el_class=\u00bbcta-box\u00bb][vc_column_text]<img loading=\"lazy\" decoding=\"async\" class=\"alignnone size-full wp-image-107301\" src=\"https:\/\/www.cyberark.com\/wp-content\/uploads\/2021\/01\/icon-circle-manual.svg\" alt=\"icon circle\" width=\"94\" height=\"81\" \/>[\/vc_column_text][vc_column_text el_class=\u00bblink-arrow-right\u00bb]<\/p>\n<h4>Suiza<\/h4>\n<p><a href=\"https:\/\/ch.epm.cyberark.com\/\" target=\"_blank\" rel=\"noopener\">Iniciar Sesi\u00f3n<\/a><i class=\"fa fa-long-arrow-right\"><\/i>[\/vc_column_text][\/vc_column][vc_column width=\u00bb1\/4&#8243; el_class=\u00bbcta-box\u00bb][vc_column_text]<img loading=\"lazy\" decoding=\"async\" class=\"alignnone size-full wp-image-107301\" src=\"https:\/\/www.cyberark.com\/wp-content\/uploads\/2021\/01\/icon-circle-manual.svg\" alt=\"icon circle\" width=\"94\" height=\"81\" \/>[\/vc_column_text][vc_column_text el_class=\u00bblink-arrow-right\u00bb]<\/p>\n<h4>Emiratos \u00c1rabes Unidos<\/h4>\n<p><a href=\"https:\/\/ae.epm.cyberark.com\" target=\"_blank\" rel=\"noopener\">Iniciar Sesi\u00f3n<\/a><i class=\"fa fa-long-arrow-right\"><\/i>[\/vc_column_text][\/vc_column][\/vc_row][vc_row full_width=\u00bbstretch_row\u00bb el_class=\u00bbcybv2 cybv2_talk_to_an_expert\u00bb css=\u00bb.vc_custom_1608677118624{background-color: #061b2b !important;}\u00bb][vc_column][vc_column_text el_class=\u00bbextra-space\u00bb]<\/p>\n<h2 style=\"text-align: center;\">Solicite una demo<\/h2>\n<p>[\/vc_column_text][vc_column_text el_class=\u00bbnew_hpstyle_section9_text\u00bb]<\/p>\n<p style=\"text-align: center;\">\u00bfQuiere probar Endpoint Privilege Manager de CyberArk?<\/p>\n<p>[\/vc_column_text][vc_btn title=\u00bbPrueba Gratuita\u00bb style=\u00bbcustom\u00bb custom_background=\u00bb\u00bb custom_text=\u00bb\u00bb shape=\u00bbsquare\u00bb align=\u00bbcenter\u00bb link=\u00bburl:https%3A%2F%2Fwww.cyberark.com%2Fes%2Ftry-buy%2Fendpoint-privilege-manager-trial%2F|\u00bb el_class=\u00bbcybv2-button-solid cyb-button-hpstyle_section5&#8243;][\/vc_column][\/vc_row]<\/p>\n<\/div>","protected":false},"excerpt":{"rendered":"<p>[vc_row full_width=\u00bbstretch_row\u00bb el_class=\u00bbcybv2 int-hero-noimg dark\u00bb][vc_column width=\u00bb3\/4&#8243; el_class=\u00bbcolumn-1&#8243;][vc_column_text] Endpoint Privilege Manager en formato de software como servicio [\/vc_column_text][\/vc_column][\/vc_row][vc_row el_class=\u00bbcybv2 cybv2-pad text-md-center\u00bb][vc_column][vc_column_text] \u00bfEn qu\u00e9 consiste este servicio? Endpoint Privilege Manager de CyberArk es un servicio alojado por&#8230;<\/p>\n","protected":false},"author":4,"featured_media":0,"parent":115291,"menu_order":0,"comment_status":"closed","ping_status":"closed","template":"","meta":{"_acf_changed":false,"inline_featured_image":false,"footnotes":""},"product_category":[27775],"class_list":["post-52954","page","type-page","status-publish","hentry","product_category-epm"],"acf":[],"yoast_head":"<!-- This site is optimized with the Yoast SEO Premium plugin v27.2 (Yoast SEO v27.2) - https:\/\/yoast.com\/product\/yoast-seo-premium-wordpress\/ -->\n<title>Endpoint Privilege Manager: Endpoint PAM basada en SaaS<\/title>\n<meta name=\"robots\" content=\"index, follow, max-snippet:-1, max-image-preview:large, max-video-preview:-1\" \/>\n<link rel=\"canonical\" href=\"https:\/\/www.cyberark.com\/products\/endpoint-privilege-manager\/login\/\" \/>\n<meta property=\"og:locale\" content=\"es_ES\" \/>\n<meta property=\"og:type\" content=\"article\" \/>\n<meta property=\"og:title\" content=\"Endpoint Privilege Manager en formato de software como servicio\" \/>\n<meta property=\"og:description\" content=\"[vc_row full_width=\u00bbstretch_row\u00bb el_class=\u00bbcybv2 int-hero-noimg dark\u00bb][vc_column width=\u00bb3\/4&#8243; el_class=\u00bbcolumn-1&#8243;][vc_column_text] Endpoint Privilege Manager en formato de software como servicio [\/vc_column_text][\/vc_column][\/vc_row][vc_row el_class=\u00bbcybv2 cybv2-pad text-md-center\u00bb][vc_column][vc_column_text] \u00bfEn qu\u00e9 consiste este servicio? Endpoint Privilege Manager de CyberArk es un servicio alojado por...\" \/>\n<meta property=\"og:url\" content=\"https:\/\/www.cyberark.com\/products\/endpoint-privilege-manager\/login\/\" \/>\n<meta property=\"og:site_name\" content=\"CyberArk\" \/>\n<meta property=\"article:publisher\" content=\"https:\/\/www.facebook.com\/CyberArk\/\" \/>\n<meta property=\"article:modified_time\" content=\"2024-10-25T18:33:16+00:00\" \/>\n<meta property=\"og:image\" content=\"https:\/\/www.cyberark.com\/wp-content\/uploads\/2021\/01\/icon-circle-manual.svg\" \/>\n<meta name=\"twitter:card\" content=\"summary_large_image\" \/>\n<meta name=\"twitter:site\" content=\"@CyberArk\" \/>\n<meta name=\"twitter:label1\" content=\"Tiempo de lectura\" \/>\n\t<meta name=\"twitter:data1\" content=\"3 minutos\" \/>\n<script type=\"application\/ld+json\" class=\"yoast-schema-graph\">{\"@context\":\"https:\/\/schema.org\",\"@graph\":[{\"@type\":\"WebPage\",\"@id\":\"https:\/\/www.cyberark.com\/products\/endpoint-privilege-manager\/login\/\",\"url\":\"https:\/\/www.cyberark.com\/products\/endpoint-privilege-manager\/login\/\",\"name\":\"Endpoint Privilege Manager: Endpoint PAM basada en SaaS\",\"isPartOf\":{\"@id\":\"https:\/\/www.cyberark.com\/#website\"},\"primaryImageOfPage\":{\"@id\":\"https:\/\/www.cyberark.com\/products\/endpoint-privilege-manager\/login\/#primaryimage\"},\"image\":{\"@id\":\"https:\/\/www.cyberark.com\/products\/endpoint-privilege-manager\/login\/#primaryimage\"},\"thumbnailUrl\":\"https:\/\/www.cyberark.com\/wp-content\/uploads\/2021\/01\/icon-circle-manual.svg\",\"datePublished\":\"2018-04-25T19:45:35+00:00\",\"dateModified\":\"2024-10-25T18:33:16+00:00\",\"breadcrumb\":{\"@id\":\"https:\/\/www.cyberark.com\/products\/endpoint-privilege-manager\/login\/#breadcrumb\"},\"inLanguage\":\"es\",\"potentialAction\":[{\"@type\":\"ReadAction\",\"target\":[\"https:\/\/www.cyberark.com\/products\/endpoint-privilege-manager\/login\/\"]}]},{\"@type\":\"ImageObject\",\"inLanguage\":\"es\",\"@id\":\"https:\/\/www.cyberark.com\/products\/endpoint-privilege-manager\/login\/#primaryimage\",\"url\":\"https:\/\/www.cyberark.com\/wp-content\/uploads\/2021\/01\/icon-circle-manual.svg\",\"contentUrl\":\"https:\/\/www.cyberark.com\/wp-content\/uploads\/2021\/01\/icon-circle-manual.svg\"},{\"@type\":\"BreadcrumbList\",\"@id\":\"https:\/\/www.cyberark.com\/products\/endpoint-privilege-manager\/login\/#breadcrumb\",\"itemListElement\":[{\"@type\":\"ListItem\",\"position\":1,\"name\":\"Home\",\"item\":\"https:\/\/www.cyberark.com\/\"},{\"@type\":\"ListItem\",\"position\":2,\"name\":\"Productos\",\"item\":\"https:\/\/www.cyberark.com\/products\/\"},{\"@type\":\"ListItem\",\"position\":3,\"name\":\"Endpoint Privilege Manager\",\"item\":\"https:\/\/www.cyberark.com\/products\/endpoint-privilege-manager\/\"},{\"@type\":\"ListItem\",\"position\":4,\"name\":\"Endpoint Privilege Manager en formato de software como servicio\"}]},{\"@type\":\"WebSite\",\"@id\":\"https:\/\/www.cyberark.com\/#website\",\"url\":\"https:\/\/www.cyberark.com\/\",\"name\":\"CyberArk\",\"description\":\"\",\"publisher\":{\"@id\":\"https:\/\/www.cyberark.com\/#organization\"},\"potentialAction\":[{\"@type\":\"SearchAction\",\"target\":{\"@type\":\"EntryPoint\",\"urlTemplate\":\"https:\/\/www.cyberark.com\/?s={search_term_string}\"},\"query-input\":{\"@type\":\"PropertyValueSpecification\",\"valueRequired\":true,\"valueName\":\"search_term_string\"}}],\"inLanguage\":\"es\"},{\"@type\":\"Organization\",\"@id\":\"https:\/\/www.cyberark.com\/#organization\",\"name\":\"CyberArk Software\",\"url\":\"https:\/\/www.cyberark.com\/\",\"logo\":{\"@type\":\"ImageObject\",\"inLanguage\":\"es\",\"@id\":\"https:\/\/www.cyberark.com\/#\/schema\/logo\/image\/\",\"url\":\"https:\/\/www.cyberark.com\/wp-content\/uploads\/2021\/02\/cyberark-logo-dark.svg\",\"contentUrl\":\"https:\/\/www.cyberark.com\/wp-content\/uploads\/2021\/02\/cyberark-logo-dark.svg\",\"width\":\"1024\",\"height\":\"1024\",\"caption\":\"CyberArk Software\"},\"image\":{\"@id\":\"https:\/\/www.cyberark.com\/#\/schema\/logo\/image\/\"},\"sameAs\":[\"https:\/\/www.facebook.com\/CyberArk\/\",\"https:\/\/x.com\/CyberArk\",\"https:\/\/www.linkedin.com\/company\/cyber-ark-software\/\"]}]}<\/script>\n<!-- \/ Yoast SEO Premium plugin. -->","yoast_head_json":{"title":"Endpoint Privilege Manager: Endpoint PAM basada en SaaS","robots":{"index":"index","follow":"follow","max-snippet":"max-snippet:-1","max-image-preview":"max-image-preview:large","max-video-preview":"max-video-preview:-1"},"canonical":"https:\/\/www.cyberark.com\/products\/endpoint-privilege-manager\/login\/","og_locale":"es_ES","og_type":"article","og_title":"Endpoint Privilege Manager en formato de software como servicio","og_description":"[vc_row full_width=\u00bbstretch_row\u00bb el_class=\u00bbcybv2 int-hero-noimg dark\u00bb][vc_column width=\u00bb3\/4&#8243; el_class=\u00bbcolumn-1&#8243;][vc_column_text] Endpoint Privilege Manager en formato de software como servicio [\/vc_column_text][\/vc_column][\/vc_row][vc_row el_class=\u00bbcybv2 cybv2-pad text-md-center\u00bb][vc_column][vc_column_text] \u00bfEn qu\u00e9 consiste este servicio? Endpoint Privilege Manager de CyberArk es un servicio alojado por...","og_url":"https:\/\/www.cyberark.com\/products\/endpoint-privilege-manager\/login\/","og_site_name":"CyberArk","article_publisher":"https:\/\/www.facebook.com\/CyberArk\/","article_modified_time":"2024-10-25T18:33:16+00:00","og_image":[{"url":"https:\/\/www.cyberark.com\/wp-content\/uploads\/2021\/01\/icon-circle-manual.svg","type":"","width":"","height":""}],"twitter_card":"summary_large_image","twitter_site":"@CyberArk","twitter_misc":{"Tiempo de lectura":"3 minutos"},"schema":{"@context":"https:\/\/schema.org","@graph":[{"@type":"WebPage","@id":"https:\/\/www.cyberark.com\/products\/endpoint-privilege-manager\/login\/","url":"https:\/\/www.cyberark.com\/products\/endpoint-privilege-manager\/login\/","name":"Endpoint Privilege Manager: Endpoint PAM basada en SaaS","isPartOf":{"@id":"https:\/\/www.cyberark.com\/#website"},"primaryImageOfPage":{"@id":"https:\/\/www.cyberark.com\/products\/endpoint-privilege-manager\/login\/#primaryimage"},"image":{"@id":"https:\/\/www.cyberark.com\/products\/endpoint-privilege-manager\/login\/#primaryimage"},"thumbnailUrl":"https:\/\/www.cyberark.com\/wp-content\/uploads\/2021\/01\/icon-circle-manual.svg","datePublished":"2018-04-25T19:45:35+00:00","dateModified":"2024-10-25T18:33:16+00:00","breadcrumb":{"@id":"https:\/\/www.cyberark.com\/products\/endpoint-privilege-manager\/login\/#breadcrumb"},"inLanguage":"es","potentialAction":[{"@type":"ReadAction","target":["https:\/\/www.cyberark.com\/products\/endpoint-privilege-manager\/login\/"]}]},{"@type":"ImageObject","inLanguage":"es","@id":"https:\/\/www.cyberark.com\/products\/endpoint-privilege-manager\/login\/#primaryimage","url":"https:\/\/www.cyberark.com\/wp-content\/uploads\/2021\/01\/icon-circle-manual.svg","contentUrl":"https:\/\/www.cyberark.com\/wp-content\/uploads\/2021\/01\/icon-circle-manual.svg"},{"@type":"BreadcrumbList","@id":"https:\/\/www.cyberark.com\/products\/endpoint-privilege-manager\/login\/#breadcrumb","itemListElement":[{"@type":"ListItem","position":1,"name":"Home","item":"https:\/\/www.cyberark.com\/"},{"@type":"ListItem","position":2,"name":"Productos","item":"https:\/\/www.cyberark.com\/products\/"},{"@type":"ListItem","position":3,"name":"Endpoint Privilege Manager","item":"https:\/\/www.cyberark.com\/products\/endpoint-privilege-manager\/"},{"@type":"ListItem","position":4,"name":"Endpoint Privilege Manager en formato de software como servicio"}]},{"@type":"WebSite","@id":"https:\/\/www.cyberark.com\/#website","url":"https:\/\/www.cyberark.com\/","name":"CyberArk","description":"","publisher":{"@id":"https:\/\/www.cyberark.com\/#organization"},"potentialAction":[{"@type":"SearchAction","target":{"@type":"EntryPoint","urlTemplate":"https:\/\/www.cyberark.com\/?s={search_term_string}"},"query-input":{"@type":"PropertyValueSpecification","valueRequired":true,"valueName":"search_term_string"}}],"inLanguage":"es"},{"@type":"Organization","@id":"https:\/\/www.cyberark.com\/#organization","name":"CyberArk Software","url":"https:\/\/www.cyberark.com\/","logo":{"@type":"ImageObject","inLanguage":"es","@id":"https:\/\/www.cyberark.com\/#\/schema\/logo\/image\/","url":"https:\/\/www.cyberark.com\/wp-content\/uploads\/2021\/02\/cyberark-logo-dark.svg","contentUrl":"https:\/\/www.cyberark.com\/wp-content\/uploads\/2021\/02\/cyberark-logo-dark.svg","width":"1024","height":"1024","caption":"CyberArk Software"},"image":{"@id":"https:\/\/www.cyberark.com\/#\/schema\/logo\/image\/"},"sameAs":["https:\/\/www.facebook.com\/CyberArk\/","https:\/\/x.com\/CyberArk","https:\/\/www.linkedin.com\/company\/cyber-ark-software\/"]}]}},"_links":{"self":[{"href":"https:\/\/www.cyberark.com\/es\/wp-json\/wp\/v2\/pages\/52954","targetHints":{"allow":["GET"]}}],"collection":[{"href":"https:\/\/www.cyberark.com\/es\/wp-json\/wp\/v2\/pages"}],"about":[{"href":"https:\/\/www.cyberark.com\/es\/wp-json\/wp\/v2\/types\/page"}],"author":[{"embeddable":true,"href":"https:\/\/www.cyberark.com\/es\/wp-json\/wp\/v2\/users\/4"}],"replies":[{"embeddable":true,"href":"https:\/\/www.cyberark.com\/es\/wp-json\/wp\/v2\/comments?post=52954"}],"version-history":[{"count":0,"href":"https:\/\/www.cyberark.com\/es\/wp-json\/wp\/v2\/pages\/52954\/revisions"}],"up":[{"embeddable":true,"href":"https:\/\/www.cyberark.com\/es\/wp-json\/wp\/v2\/pages\/115291"}],"wp:attachment":[{"href":"https:\/\/www.cyberark.com\/es\/wp-json\/wp\/v2\/media?parent=52954"}],"wp:term":[{"taxonomy":"product_category","embeddable":true,"href":"https:\/\/www.cyberark.com\/es\/wp-json\/wp\/v2\/product_category?post=52954"}],"curies":[{"name":"wp","href":"https:\/\/api.w.org\/{rel}","templated":true}]}}