{"id":53009,"date":"2017-06-22T07:34:19","date_gmt":"2017-06-22T11:34:19","guid":{"rendered":"https:\/\/www.cyberark.com\/it-audit-and-reporting\/"},"modified":"2020-07-22T15:14:38","modified_gmt":"2020-07-22T19:14:38","slug":"it-audit-and-reporting","status":"publish","type":"page","link":"https:\/\/www.cyberark.com\/es\/solutions\/audit-compliance\/it-audit-and-reporting\/","title":{"rendered":"Auditor\u00eda e informes de TI"},"content":{"rendered":"<div class=\"wpb-content-wrapper\"><p>[vc_row full_width=\u00bbstretch_row\u00bb content_placement=\u00bbtop\u00bb css=\u00bb.vc_custom_1537199219328{background-image: url(https:\/\/www.cyberark.com\/wp-content\/uploads\/2018\/09\/aud-comp-hero.jpg?id=26743) !important;background-position: center !important;background-repeat: no-repeat !important;background-size: cover !important;}\u00bb el_class=\u00bbcyb-hero-section\u00bb][vc_column][vc_row_inner content_placement=\u00bbmiddle\u00bb el_class=\u00bbcyb-hero-header\u00bb][vc_column_inner el_class=\u00bbcyb-hero-header-text\u00bb][vc_custom_heading text=\u00bbAUDITOR\u00cdA E INFORMES DE TI\u00bb font_container=\u00bbtag:h1|text_align:left\u00bb use_theme_fonts=\u00bbyes\u00bb][vc_btn title=\u00bbDESCARGAR LIBRO BLANCO\u00bb style=\u00bbcustom\u00bb custom_background=\u00bb\u00bb custom_text=\u00bb#ffffff\u00bb shape=\u00bbsquare\u00bb link=\u00bburl:https%3A%2F%2Fwww.cyberark.com%2Fes%2Fresource%2Fnist-sp-800-53-revision-4-implementing-essential-security-controls-cyberark-solutions%2F|\u00bb el_class=\u00bbcyb-button xlarge event-click\u00bb el_id=\u00bbIT Audit &amp; Reporting Page: Download Whitepaper\u00bb][\/vc_column_inner][\/vc_row_inner][\/vc_column][\/vc_row][vc_row][vc_column css=\u00bb.vc_custom_1538258032452{padding-top: 2rem !important;padding-bottom: 2rem !important;}\u00bb][vc_column_text]<\/p>\n<h4>Cumpla los requisitos con fiabilidad, eficacia y facilidad<\/h4>\n<p>La proliferaci\u00f3n de las cuentas privilegiadas, sumada al hecho de que se suele acceder a ellas de forma an\u00f3nima e ilimitada, hace que a los auditores se les complique la hora de generar informes precisos y fiables que les permitan entender qu\u00e9 pasa en la empresa. Los auditores tienen que garantizar la existencia de controles en la red demostrando:<\/p>\n<ul>\n<li><em>Qui\u00e9n<\/em>accede a las cuentas privilegiadas<\/li>\n<li><em>Cu\u00e1ndo<\/em>se requiere acceso privilegiado<\/li>\n<li><em>Qu\u00e9<\/em>actividades se llevan a cabo con estas cuentas tan importantes<\/li>\n<\/ul>\n<p>Las organizaciones suelen recurrir a soluciones de gesti\u00f3n de contrase\u00f1as privilegiadas para controlar el uso de las credenciales privilegiadas <a href=\"https:\/\/www.cyberark.com\/es\/products\/privileged-account-security-solution\/privileged-session-manager\/\">supervisando la actividad de los usuarios<\/a>, grabando las sesiones y <a href=\"https:\/\/www.cyberark.com\/es\/products\/privileged-account-security-solution\/enterprise-password-vault\/\">garantizando la responsabilidad de cada usuario<\/a>con acceso privilegiado.<\/p>\n<p>La soluci\u00f3n de CyberArk ofrece la plataforma de seguridad para cuentas privilegiadas y las herramientas de generaci\u00f3n de informes m\u00e1s potentes, precisas y fiables para cumplir los requisitos de auditor\u00eda y cumplimiento de la normativa en materia de tecnolog\u00edas de la informaci\u00f3n.<\/p>\n<p>Principales ventajas:<\/p>\n<ul>\n<li>Cumpla con seguridad los requisitos de las auditor\u00edas de TI aplicando autom\u00e1ticamente las pol\u00edticas para cuentas privilegiadas (p.ej., frecuencia de rotaci\u00f3n de las contrase\u00f1as privilegiadas y complejidad de las contrase\u00f1as).<\/li>\n<li>Genere informes completos y detallados de las cuentas privilegiadas y la actividad durante las sesiones para resolver los problemas necesarios para superar las auditor\u00edas de TI<\/li>\n<li>Proteja sus registros de auditor\u00eda de cualquier acceso no autorizado, modificaci\u00f3n o eliminaci\u00f3n en un almac\u00e9n impenetrable<\/li>\n<li>Reduzca el tiempo que necesita para realizar las auditor\u00edas de TI con registros de auditor\u00eda detallados en los que se pueden realizar b\u00fasquedas<\/li>\n<li>Simplifique la generaci\u00f3n de informes para las auditor\u00edas de TI con una <a href=\"https:\/\/www.cyberark.com\/es\/products\/privileged-account-security-solution\/shared-technology-platform\/\">plataforma de gesti\u00f3n centralizada<\/a> y rentable<\/li>\n<\/ul>\n<p>[\/vc_column_text][\/vc_column][\/vc_row][vc_row full_width=\u00bbstretch_row\u00bb css=\u00bb.vc_custom_1537546226715{padding-top: 2rem !important;}\u00bb][vc_column width=\u00bb1\/12&#8243;][\/vc_column][vc_column width=\u00bb5\/6&#8243; css=\u00bb.vc_custom_1534353344275{padding-bottom: 1.25rem !important;}\u00bb][vc_custom_heading text=\u00bbRECURSOS\u00bb font_container=\u00bbtag:h2|text_align:center|color:%23414042&#8243; use_theme_fonts=\u00bbyes\u00bb el_class=\u00bbcyb-ltr-spc-6&#8243;][\/vc_column][vc_column width=\u00bb1\/12&#8243;][\/vc_column][\/vc_row][vc_row][vc_column][vc_raw_html]PCEtLSBVYmVyZmxpcCBFbWJlZGRlZCBIdWIgV2lkZ2V0IC0tPg0KDQo8ZGl2IGlkPSJVZkVtYmVkZGVkSHViMTU5NTAxMjYyMjc3MCI+PC9kaXY+DQoNCjxzY3JpcHQ+DQp3aW5kb3cuX3VmSHViQ29uZmlnID0gd2luZG93Ll91Zkh1YkNvbmZpZyB8fCBbXTsNCndpbmRvdy5fdWZIdWJDb25maWcucHVzaCh7DQogICdjb250YWluZXJzJzp7J2FwcCc6JyNVZkVtYmVkZGVkSHViMTU5NTAxMjYyMjc3MCd9LA0KICAnY29sbGVjdGlvbic6ICc3MDIwMjY3JywNCiAgJ29wZW5MaW5rJzpmdW5jdGlvbih1cmwpew0KICAgIHdpbmRvdy50b3AubG9jYXRpb24uaHJlZj11cmw7DQogIH0sDQogICdsYXp5bG9hZGVyJzp7DQogICAgJ2l0ZW1EaXNwbGF5TGltaXQnOjIwLA0KICAgICdtYXhUaWxlc1BlclJvdyc6NCwNCiAgICAnbWF4SXRlbXNUb3RhbCc6IDQNCiAgfSwNCiAgJ3RpbGVTaXplJzogJ21lZGl1bScsDQogICdlbmFibGVQYWdlVHJhY2tpbmcnOmZhbHNlLA0KICAnYmFzZVVybCc6ICdodHRwczovL3d3dy5jeWJlcmFyay5jb20vZXMvcmVzb3VyY2VzLycsDQogICdmaWxlc1VybCc6ICdodHRwczovL3d3dy5jeWJlcmFyay5jb20vZXMvcmVzb3VyY2VzLycsDQogICdnZW5lcmF0ZWRBdFVUQyc6ICcyMDIwLTA3LTE3IDE5OjAzOjM0JywNCn0pOw0KPC9zY3JpcHQ+DQoNCjxzY3JpcHQ+KGZ1bmN0aW9uKGQsdCx1KSB7DQogIGZ1bmN0aW9uIGxvYWQoKXsNCiAgICB2YXIgcz1kLmNyZWF0ZUVsZW1lbnQodCk7cy5zcmM9dTtkLmJvZHkuYXBwZW5kQ2hpbGQocyk7DQogIH0NCiAgaWYgKHdpbmRvdy5hZGRFdmVudExpc3RlbmVyKSB7DQogICAgd2luZG93LmFkZEV2ZW50TGlzdGVuZXIoJ2xvYWQnLGxvYWQsZmFsc2UpOw0KICB9DQogIGVsc2UgaWYgKHdpbmRvdy5hdHRhY2hFdmVudCkgew0KICAgIHdpbmRvdy5hdHRhY2hFdmVudCgnb25sb2FkJyxsb2FkKTsNCiAgfQ0KICBlbHNlew0KICAgIHdpbmRvdy5vbmxvYWQ9bG9hZDsNCiAgfQ0KfShkb2N1bWVudCwnc2NyaXB0JywnaHR0cHM6Ly93d3cuY3liZXJhcmsuY29tL2VzL3Jlc291cmNlcy9odWJzRnJvbnQvZW1iZWRfY29sbGVjdGlvbicpKTsNCjwvc2NyaXB0Pg0KPCEtLSAvRW5kIFViZXJmbGlwIEVtYmVkZGVkIEh1YiBXaWRnZXQgLS0+[\/vc_raw_html][\/vc_column][\/vc_row][vc_row full_width=\u00bbstretch_row\u00bb][vc_column css=\u00bb.vc_custom_1537546542206{padding-bottom: 3.125rem !important;}\u00bb el_class=\u00bbcyb-center\u00bb][vc_btn title=\u00bbM\u00c1S RECURSOS\u00bb style=\u00bbcustom\u00bb custom_background=\u00bb\u00bb custom_text=\u00bb#414042&#8243; shape=\u00bbsquare\u00bb link=\u00bburl:https%3A%2F%2Fwww.cyberark.com%2Fes%2Fresources%2F|\u00bb el_class=\u00bbcyb-button\u00bb][\/vc_column][\/vc_row]<\/p>\n<\/div>","protected":false},"excerpt":{"rendered":"<p>[vc_row full_width=\u00bbstretch_row\u00bb content_placement=\u00bbtop\u00bb css=\u00bb.vc_custom_1537199219328{background-image: url(https:\/\/www.cyberark.com\/wp-content\/uploads\/2018\/09\/aud-comp-hero.jpg?id=26743) !important;background-position: center !important;background-repeat: no-repeat !important;background-size: cover !important;}\u00bb el_class=\u00bbcyb-hero-section\u00bb][vc_column][vc_row_inner content_placement=\u00bbmiddle\u00bb el_class=\u00bbcyb-hero-header\u00bb][vc_column_inner el_class=\u00bbcyb-hero-header-text\u00bb][vc_custom_heading text=\u00bbAUDITOR\u00cdA E INFORMES DE TI\u00bb font_container=\u00bbtag:h1|text_align:left\u00bb use_theme_fonts=\u00bbyes\u00bb][vc_btn title=\u00bbDESCARGAR LIBRO BLANCO\u00bb style=\u00bbcustom\u00bb custom_background=\u00bb\u00bb custom_text=\u00bb#ffffff\u00bb shape=\u00bbsquare\u00bb link=\u00bburl:https%3A%2F%2Fwww.cyberark.com%2Fes%2Fresource%2Fnist-sp-800-53-revision-4-implementing-essential-security-controls-cyberark-solutions%2F|\u00bb el_class=\u00bbcyb-button xlarge event-click\u00bb el_id=\u00bbIT&#8230;<\/p>\n","protected":false},"author":17,"featured_media":0,"parent":53032,"menu_order":0,"comment_status":"closed","ping_status":"closed","template":"","meta":{"_acf_changed":false,"inline_featured_image":false,"footnotes":""},"product_category":[],"class_list":["post-53009","page","type-page","status-publish","hentry"],"acf":[],"yoast_head":"<!-- This site is optimized with the Yoast SEO Premium plugin v27.2 (Yoast SEO v27.2) - https:\/\/yoast.com\/product\/yoast-seo-premium-wordpress\/ -->\n<title>Informes para auditor\u00edas y cumplimiento de la normativa de seguridad para empresas | CyberArk<\/title>\n<meta name=\"description\" content=\"Las soluciones integradas de auditor\u00eda e informes de CyberArk permiten a las organizaciones cumplir la normativa en materia de tecnolog\u00edas de la informaci\u00f3n con facilidad, fiabilidad y eficacia.\" \/>\n<meta name=\"robots\" content=\"index, follow, max-snippet:-1, max-image-preview:large, max-video-preview:-1\" \/>\n<link rel=\"canonical\" href=\"https:\/\/www.cyberark.com\/solutions\/audit-compliance\/it-audit-and-reporting\/\" \/>\n<meta property=\"og:locale\" content=\"es_ES\" \/>\n<meta property=\"og:type\" content=\"article\" \/>\n<meta property=\"og:title\" content=\"Auditor\u00eda e informes de TI\" \/>\n<meta property=\"og:description\" content=\"Las soluciones integradas de auditor\u00eda e informes de CyberArk permiten a las organizaciones cumplir la normativa en materia de tecnolog\u00edas de la informaci\u00f3n con facilidad, fiabilidad y eficacia.\" \/>\n<meta property=\"og:url\" content=\"https:\/\/www.cyberark.com\/solutions\/audit-compliance\/it-audit-and-reporting\/\" \/>\n<meta property=\"og:site_name\" content=\"CyberArk\" \/>\n<meta property=\"article:publisher\" content=\"https:\/\/www.facebook.com\/CyberArk\/\" \/>\n<meta property=\"article:modified_time\" content=\"2020-07-22T19:14:38+00:00\" \/>\n<meta property=\"og:image\" content=\"https:\/\/www.cyberark.com\/wp-content\/uploads\/2022\/09\/CYBR-gradient-bg-og-120x627-01-1024x535.png\" \/>\n\t<meta property=\"og:image:width\" content=\"1024\" \/>\n\t<meta property=\"og:image:height\" content=\"535\" \/>\n\t<meta property=\"og:image:type\" content=\"image\/png\" \/>\n<meta name=\"twitter:card\" content=\"summary_large_image\" \/>\n<meta name=\"twitter:site\" content=\"@CyberArk\" \/>\n<meta name=\"twitter:label1\" content=\"Tiempo de lectura\" \/>\n\t<meta name=\"twitter:data1\" content=\"4 minutos\" \/>\n<script type=\"application\/ld+json\" class=\"yoast-schema-graph\">{\"@context\":\"https:\/\/schema.org\",\"@graph\":[{\"@type\":\"WebPage\",\"@id\":\"https:\/\/www.cyberark.com\/solutions\/audit-compliance\/it-audit-and-reporting\/\",\"url\":\"https:\/\/www.cyberark.com\/solutions\/audit-compliance\/it-audit-and-reporting\/\",\"name\":\"Informes para auditor\u00edas y cumplimiento de la normativa de seguridad para empresas | CyberArk\",\"isPartOf\":{\"@id\":\"https:\/\/www.cyberark.com\/#website\"},\"datePublished\":\"2017-06-22T11:34:19+00:00\",\"dateModified\":\"2020-07-22T19:14:38+00:00\",\"description\":\"Las soluciones integradas de auditor\u00eda e informes de CyberArk permiten a las organizaciones cumplir la normativa en materia de tecnolog\u00edas de la informaci\u00f3n con facilidad, fiabilidad y eficacia.\",\"breadcrumb\":{\"@id\":\"https:\/\/www.cyberark.com\/solutions\/audit-compliance\/it-audit-and-reporting\/#breadcrumb\"},\"inLanguage\":\"es\",\"potentialAction\":[{\"@type\":\"ReadAction\",\"target\":[\"https:\/\/www.cyberark.com\/solutions\/audit-compliance\/it-audit-and-reporting\/\"]}]},{\"@type\":\"BreadcrumbList\",\"@id\":\"https:\/\/www.cyberark.com\/solutions\/audit-compliance\/it-audit-and-reporting\/#breadcrumb\",\"itemListElement\":[{\"@type\":\"ListItem\",\"position\":1,\"name\":\"Home\",\"item\":\"https:\/\/www.cyberark.com\/\"},{\"@type\":\"ListItem\",\"position\":2,\"name\":\"Soluciones de Seguridad de la Identidad\",\"item\":\"https:\/\/www.cyberark.com\/solutions\/\"},{\"@type\":\"ListItem\",\"position\":3,\"name\":\"Auditor\u00eda y conformidad normativa\",\"item\":\"https:\/\/www.cyberark.com\/solutions\/audit-compliance\/\"},{\"@type\":\"ListItem\",\"position\":4,\"name\":\"Auditor\u00eda e informes de TI\"}]},{\"@type\":\"WebSite\",\"@id\":\"https:\/\/www.cyberark.com\/#website\",\"url\":\"https:\/\/www.cyberark.com\/\",\"name\":\"CyberArk\",\"description\":\"\",\"publisher\":{\"@id\":\"https:\/\/www.cyberark.com\/#organization\"},\"potentialAction\":[{\"@type\":\"SearchAction\",\"target\":{\"@type\":\"EntryPoint\",\"urlTemplate\":\"https:\/\/www.cyberark.com\/?s={search_term_string}\"},\"query-input\":{\"@type\":\"PropertyValueSpecification\",\"valueRequired\":true,\"valueName\":\"search_term_string\"}}],\"inLanguage\":\"es\"},{\"@type\":\"Organization\",\"@id\":\"https:\/\/www.cyberark.com\/#organization\",\"name\":\"CyberArk Software\",\"url\":\"https:\/\/www.cyberark.com\/\",\"logo\":{\"@type\":\"ImageObject\",\"inLanguage\":\"es\",\"@id\":\"https:\/\/www.cyberark.com\/#\/schema\/logo\/image\/\",\"url\":\"https:\/\/www.cyberark.com\/wp-content\/uploads\/2021\/02\/cyberark-logo-dark.svg\",\"contentUrl\":\"https:\/\/www.cyberark.com\/wp-content\/uploads\/2021\/02\/cyberark-logo-dark.svg\",\"width\":\"1024\",\"height\":\"1024\",\"caption\":\"CyberArk Software\"},\"image\":{\"@id\":\"https:\/\/www.cyberark.com\/#\/schema\/logo\/image\/\"},\"sameAs\":[\"https:\/\/www.facebook.com\/CyberArk\/\",\"https:\/\/x.com\/CyberArk\",\"https:\/\/www.linkedin.com\/company\/cyber-ark-software\/\"]}]}<\/script>\n<!-- \/ Yoast SEO Premium plugin. -->","yoast_head_json":{"title":"Informes para auditor\u00edas y cumplimiento de la normativa de seguridad para empresas | CyberArk","description":"Las soluciones integradas de auditor\u00eda e informes de CyberArk permiten a las organizaciones cumplir la normativa en materia de tecnolog\u00edas de la informaci\u00f3n con facilidad, fiabilidad y eficacia.","robots":{"index":"index","follow":"follow","max-snippet":"max-snippet:-1","max-image-preview":"max-image-preview:large","max-video-preview":"max-video-preview:-1"},"canonical":"https:\/\/www.cyberark.com\/solutions\/audit-compliance\/it-audit-and-reporting\/","og_locale":"es_ES","og_type":"article","og_title":"Auditor\u00eda e informes de TI","og_description":"Las soluciones integradas de auditor\u00eda e informes de CyberArk permiten a las organizaciones cumplir la normativa en materia de tecnolog\u00edas de la informaci\u00f3n con facilidad, fiabilidad y eficacia.","og_url":"https:\/\/www.cyberark.com\/solutions\/audit-compliance\/it-audit-and-reporting\/","og_site_name":"CyberArk","article_publisher":"https:\/\/www.facebook.com\/CyberArk\/","article_modified_time":"2020-07-22T19:14:38+00:00","og_image":[{"width":1024,"height":535,"url":"https:\/\/www.cyberark.com\/wp-content\/uploads\/2022\/09\/CYBR-gradient-bg-og-120x627-01-1024x535.png","type":"image\/png"}],"twitter_card":"summary_large_image","twitter_site":"@CyberArk","twitter_misc":{"Tiempo de lectura":"4 minutos"},"schema":{"@context":"https:\/\/schema.org","@graph":[{"@type":"WebPage","@id":"https:\/\/www.cyberark.com\/solutions\/audit-compliance\/it-audit-and-reporting\/","url":"https:\/\/www.cyberark.com\/solutions\/audit-compliance\/it-audit-and-reporting\/","name":"Informes para auditor\u00edas y cumplimiento de la normativa de seguridad para empresas | CyberArk","isPartOf":{"@id":"https:\/\/www.cyberark.com\/#website"},"datePublished":"2017-06-22T11:34:19+00:00","dateModified":"2020-07-22T19:14:38+00:00","description":"Las soluciones integradas de auditor\u00eda e informes de CyberArk permiten a las organizaciones cumplir la normativa en materia de tecnolog\u00edas de la informaci\u00f3n con facilidad, fiabilidad y eficacia.","breadcrumb":{"@id":"https:\/\/www.cyberark.com\/solutions\/audit-compliance\/it-audit-and-reporting\/#breadcrumb"},"inLanguage":"es","potentialAction":[{"@type":"ReadAction","target":["https:\/\/www.cyberark.com\/solutions\/audit-compliance\/it-audit-and-reporting\/"]}]},{"@type":"BreadcrumbList","@id":"https:\/\/www.cyberark.com\/solutions\/audit-compliance\/it-audit-and-reporting\/#breadcrumb","itemListElement":[{"@type":"ListItem","position":1,"name":"Home","item":"https:\/\/www.cyberark.com\/"},{"@type":"ListItem","position":2,"name":"Soluciones de Seguridad de la Identidad","item":"https:\/\/www.cyberark.com\/solutions\/"},{"@type":"ListItem","position":3,"name":"Auditor\u00eda y conformidad normativa","item":"https:\/\/www.cyberark.com\/solutions\/audit-compliance\/"},{"@type":"ListItem","position":4,"name":"Auditor\u00eda e informes de TI"}]},{"@type":"WebSite","@id":"https:\/\/www.cyberark.com\/#website","url":"https:\/\/www.cyberark.com\/","name":"CyberArk","description":"","publisher":{"@id":"https:\/\/www.cyberark.com\/#organization"},"potentialAction":[{"@type":"SearchAction","target":{"@type":"EntryPoint","urlTemplate":"https:\/\/www.cyberark.com\/?s={search_term_string}"},"query-input":{"@type":"PropertyValueSpecification","valueRequired":true,"valueName":"search_term_string"}}],"inLanguage":"es"},{"@type":"Organization","@id":"https:\/\/www.cyberark.com\/#organization","name":"CyberArk Software","url":"https:\/\/www.cyberark.com\/","logo":{"@type":"ImageObject","inLanguage":"es","@id":"https:\/\/www.cyberark.com\/#\/schema\/logo\/image\/","url":"https:\/\/www.cyberark.com\/wp-content\/uploads\/2021\/02\/cyberark-logo-dark.svg","contentUrl":"https:\/\/www.cyberark.com\/wp-content\/uploads\/2021\/02\/cyberark-logo-dark.svg","width":"1024","height":"1024","caption":"CyberArk Software"},"image":{"@id":"https:\/\/www.cyberark.com\/#\/schema\/logo\/image\/"},"sameAs":["https:\/\/www.facebook.com\/CyberArk\/","https:\/\/x.com\/CyberArk","https:\/\/www.linkedin.com\/company\/cyber-ark-software\/"]}]}},"_links":{"self":[{"href":"https:\/\/www.cyberark.com\/es\/wp-json\/wp\/v2\/pages\/53009","targetHints":{"allow":["GET"]}}],"collection":[{"href":"https:\/\/www.cyberark.com\/es\/wp-json\/wp\/v2\/pages"}],"about":[{"href":"https:\/\/www.cyberark.com\/es\/wp-json\/wp\/v2\/types\/page"}],"author":[{"embeddable":true,"href":"https:\/\/www.cyberark.com\/es\/wp-json\/wp\/v2\/users\/17"}],"replies":[{"embeddable":true,"href":"https:\/\/www.cyberark.com\/es\/wp-json\/wp\/v2\/comments?post=53009"}],"version-history":[{"count":0,"href":"https:\/\/www.cyberark.com\/es\/wp-json\/wp\/v2\/pages\/53009\/revisions"}],"up":[{"embeddable":true,"href":"https:\/\/www.cyberark.com\/es\/wp-json\/wp\/v2\/pages\/53032"}],"wp:attachment":[{"href":"https:\/\/www.cyberark.com\/es\/wp-json\/wp\/v2\/media?parent=53009"}],"wp:term":[{"taxonomy":"product_category","embeddable":true,"href":"https:\/\/www.cyberark.com\/es\/wp-json\/wp\/v2\/product_category?post=53009"}],"curies":[{"name":"wp","href":"https:\/\/api.w.org\/{rel}","templated":true}]}}