{"id":61803,"date":"2017-06-22T09:39:11","date_gmt":"2017-06-22T13:39:11","guid":{"rendered":"https:\/\/www.cyberark.com\/terms-conditions\/"},"modified":"2024-07-17T06:01:48","modified_gmt":"2024-07-17T10:01:48","slug":"terms-conditions","status":"publish","type":"page","link":"https:\/\/www.cyberark.com\/es\/terms-conditions\/","title":{"rendered":"T\u00e9rminos y condiciones del sitio web"},"content":{"rendered":"<div class=\"wpb-content-wrapper\"><p>[vc_row full_width=\u00bbstretch_row\u00bb el_class=\u00bbcybv2 int-hero-noimg dark\u00bb][vc_column width=\u00bb3\/4&#8243; el_class=\u00bbcolumn-1&#8243;][vc_column_text]<\/p>\n<h1>T\u00e9rminos y condiciones del sitio web<\/h1>\n<p>[\/vc_column_text][\/vc_column][\/vc_row][vc_row el_class=\u00bbcybv2 cybv2-pad\u00bb][vc_column width=\u00bb5\/6&#8243; offset=\u00bbvc_col-sm-offset-1&#8243;][vc_column_text]Los siguientes t\u00e9rminos y condiciones rigen el uso que usted haga de cualquier sitio que sea propiedad de CyberArk\u00ae Software Ltd. y CyberArk Software, Inc. o de una de sus entidades afiliadas (\u00abCyberArk\u00bb) o est\u00e9 operado por estos. Al utilizar este sitio o descargar cualquier material del mismo, usted acepta haber le\u00eddo y comprendido estos t\u00e9rminos y condiciones y se compromete a cumplirlos, as\u00ed como a cumplir con todas las leyes y reglamentos aplicables al uso de este sitio. Si no est\u00e1 de acuerdo con estos t\u00e9rminos y condiciones, no utilice este sitio.<\/p>\n<p>CyberArk se reserva el derecho a realizar cambios en este sitio y en estos t\u00e9rminos y condiciones en cualquier momento. Su uso continuado de este sitio implicar\u00e1 que usted acepta los t\u00e9rminos y condiciones nuevos o modificados.<\/p>\n<p><strong>RESTRICCIONES DE USO<\/strong><br \/>\nCyberArk o sus licenciatarios proporcionan la informaci\u00f3n, documentaci\u00f3n, datos, materiales y gr\u00e1ficos relacionados disponibles en este sitio (\u00abMateriales\u00bb). Los Materiales contenidos en este sitio est\u00e1n protegidos por leyes de derechos de autor, tratados internacionales de derechos de autor y otras leyes y tratados de propiedad intelectual. CyberArk y sus licenciatarios conservan todos los derechos de autor de los Materiales, y nada de lo que aparece en este sitio debe interpretarse como la concesi\u00f3n de una licencia en virtud de cualquier derecho de propiedad intelectual, ya sea por impedimento, implicaci\u00f3n o de otro modo. A excepci\u00f3n de lo establecido en estos t\u00e9rminos y condiciones, no puede reproducir, editar, modificar, mostrar, distribuir ni hacer ning\u00fan otro uso de los Materiales, en cualquier forma o por cualquier medio, sin el previo consentimiento por escrito de CyberArk.<\/p>\n<p>CyberArk le otorga permiso para descargar, reproducir, mostrar y distribuir los Materiales publicados en este sitio \u00fanicamente para uso personal o informativo y no comercial, siempre que no modifique dichos Materiales y siempre que conserve todos los avisos de derechos de autor y propiedad tal y como aparecen en dichos Materiales. Adem\u00e1s, CyberArk concede a las instituciones educativas (en concreto, a los centros de ense\u00f1anza primaria y secundaria, a las universidades y a los centros de formaci\u00f3n profesional) permiso para descargar, reproducir, mostrar y distribuir los materiales publicados en este sitio \u00fanicamente para su uso en el aula, siempre que dichas instituciones identifiquen a CyberArk como la fuente de los Materiales e incluyan el siguiente texto: \u00abPor cortes\u00eda de CyberArk\u00bb.<\/p>\n<p>El permiso que se le conceda en el presente documento se rescindir\u00e1 si incumple alguno de estos t\u00e9rminos y condiciones. Tras la rescisi\u00f3n, usted acepta destruir cualquier Material descargado de este sitio. El uso no autorizado de cualquiera de estos Materiales est\u00e1 expresamente prohibido por ley y puede dar lugar a sanciones civiles y penales.<\/p>\n<p>No puede utilizar ning\u00fan contenido de los Materiales de manera que pueda dar una impresi\u00f3n o declaraci\u00f3n falsa o enga\u00f1osa en cuanto a CyberArk o cualquier tercero al que se haga referencia en los Materiales. Usted se compromete a utilizar el sitio y los materiales accesibles a trav\u00e9s del mismo \u00fanicamente con fines l\u00edcitos.<\/p>\n<p><strong>GARANT\u00cdAS Y EXENCIONES DE RESPONSABILIDAD<\/strong><br \/>\nCyberArk pretende que los Materiales contenidos en este sitio sean precisos y fiables. Sin embargo, los Materiales pueden contener imprecisiones t\u00e9cnicas, errores tipogr\u00e1ficos o de otra \u00edndole. CyberArk puede realizar correcciones u otros cambios en estos Materiales en cualquier momento. CyberArk se reserva el derecho de realizar correcciones, modificaciones, mejoras y otros cambios en sus productos, programas y servicios en cualquier momento o de discontinuar cualquier producto, programa o servicio sin previo aviso.<\/p>\n<p>LOS MATERIALES DE ESTE SITIO SE PROPORCIONAN \u00abTAL CUAL\u00bb. USTED RECONOCE Y ACEPTA QUE LAS NOTAS DE APLICACI\u00d3N, LOS DISE\u00d1OS DE REFERENCIA Y OTROS MATERIALES DE DISE\u00d1O INCLUIDOS EN ESTE DOCUMENTO SE PROPORCIONAN \u00daNICAMENTE COMO EJEMPLO Y QUE USTED EJERCER\u00c1 SU PROPIO AN\u00c1LISIS Y JUICIO INDEPENDIENTE EN EL USO DE ESTOS MATERIALES. CYBERARK NO ASUME NINGUNA RESPONSABILIDAD POR EL USO QUE USTED HAGA DE ESTOS MATERIALES O DE LOS DISE\u00d1OS DE SUS PRODUCTOS, NI POR LA ASISTENCIA EN LAS APLICACIONES PROPORCIONADA POR CYBERARK. EL USO DE LA INFORMACI\u00d3N PROPORCIONADA EN ESTE SITIO PUEDE REQUERIR UNA LICENCIA DE CYBERARK O DE UN TERCERO SUJETA A LAS PATENTES U OTROS DERECHOS DE PROPIEDAD INTELECTUAL DE CYBERARK O DE ESE TERCERO.<\/p>\n<p>EN CUALQUIER CASO, CUALQUIER PRODUCTO COMPRADO A CYBERARK O SUS DISTRIBUIDORES EST\u00c1 SUJETO A LOS T\u00c9RMINOS Y CONDICIONES DE VENTA DE CYBERARK, QUE DEBEN REVISARSE CUIDADOSAMENTE ANTES DE REALIZAR CUALQUIER PEDIDO DE COMPRA DE DICHO PRODUCTO, Y LOS MATERIALES PROPORCIONADOS EN ESTE SITIO NO CONSTITUYEN NINGUNA GARANT\u00cdA O REPRESENTACI\u00d3N SOBRE LA IDONEIDAD DE LOS PRODUCTOS DE CYBERARK O DE ESTOS MATERIALES PARA CUALQUIER PROP\u00d3SITO, INCLUIDAS, ENTRE OTRAS, TODAS LAS GARANT\u00cdAS Y CONDICIONES IMPL\u00cdCITAS DE COMERCIABILIDAD, IDONEIDAD PARA UN DETERMINADO FIN, TITULARIDAD Y AUSENCIA DE INFRACCI\u00d3N DE LOS DERECHOS DE PROPIEDAD INTELECTUAL DE TERCEROS.<\/p>\n<p>LIMITACI\u00d3N DE RESPONSABILIDAD<\/p>\n<p>EN NING\u00daN CASO CYBERARK O SUS PROVEEDORES SER\u00c1N RESPONSABLES DE NING\u00daN DA\u00d1O, INCLUIDOS, ENTRE OTROS, DA\u00d1OS INDIRECTOS, ESPECIALES, INCIDENTALES O CONSECUENTES, YA SEA EN UNA ACCI\u00d3N CONTRACTUAL, NEGLIGENTE, O DE ALG\u00daN OTRO MODO IL\u00cdCITA PRODUCTO DEL USO DE ESTE SITIO O QUE SURJA DEL USO O DEL RENDIMIENTO DE LOS MATERIALES DISPONIBLES EN ESTE SITIO, INDEPENDIENTEMENTE DE SI CYBERARK O UN REPRESENTANTE AUTORIZADO DE CYBERARK HA SIDO ADVERTIDO DE LA POSIBILIDAD DE TALES DA\u00d1OS.<\/p>\n<p><strong>AVISO ESPEC\u00cdFICO SOBRE EL SOFTWARE DISPONIBLE EN ESTE SITIO<\/strong><br \/>\nCualquier software y documentaci\u00f3n relacionada que se ponga a disposici\u00f3n para su descarga desde este sitio (\u00abSoftware\u00bb) est\u00e1 protegido por derechos de autor. El uso de este Software se rige por los t\u00e9rminos del acuerdo de licencia, si los hubiera, que acompa\u00f1a o se incluye con dicho Software (\u00abAcuerdo de licencia\u00bb). Un usuario no podr\u00e1 instalar ning\u00fan Software que incluya un Acuerdo de licencia o que venga acompa\u00f1ado de uno antes de aceptar primero los t\u00e9rminos del Acuerdo de licencia. Cualquier reproducci\u00f3n o redistribuci\u00f3n del Software que no se ajuste al Acuerdo de licencia est\u00e1 expresamente prohibida y puede dar lugar a sanciones civiles y penales.<\/p>\n<p>SIN LIMITAR LO ANTERIOR, SE PROH\u00cdBE LA COPIA O REPRODUCCI\u00d3N DEL SOFTWARE A CUALQUIER OTRO LUGAR PARA SU POSTERIOR REPRODUCCI\u00d3N O REDISTRIBUCI\u00d3N, A MENOS QUE DICHA REPRODUCCI\u00d3N O REDISTRIBUCI\u00d3N EST\u00c9 EXPRESAMENTE PERMITIDA POR EL ACUERDO DE LICENCIA QUE ACOMPA\u00d1A A DICHO SOFTWARE.<br \/>\nAVISO ESPEC\u00cdFICO SOBRE LOS ENLACES A SITIOS DE TERCEROS.<\/p>\n<p>Ciertos enlaces proporcionados en este documento le permiten salir de este sitio y entrar en sitios que no son de CyberArk. Estos sitios vinculados no est\u00e1n bajo el control de CyberArk. CyberArk no es responsable del contenido de ning\u00fan sitio vinculado ni de ning\u00fan cambio o actualizaci\u00f3n de dichos sitios. CyberArk le proporciona estos enlaces solo para su comodidad. La inclusi\u00f3n de cualquier enlace no implica la aprobaci\u00f3n por parte de CyberArk de ning\u00fan sitio vinculado. LA PUBLICACI\u00d3N POR PARTE DE CYBERARK DE LA INFORMACI\u00d3N RELATIVA A LOS PRODUCTOS O SERVICIOS DE TERCEROS NO CONSTITUYE UNA APROBACI\u00d3N DE LA IDONEIDAD DE DICHOS PRODUCTOS O SERVICIOS NI UNA GARANT\u00cdA, REPRESENTACI\u00d3N O APROBACI\u00d3N DE DICHOS PRODUCTOS O SERVICIOS, TANTO POR S\u00cd MISMO COMO EN COMBINACI\u00d3N CON CUALQUIER PRODUCTO O SERVICIO DE CYBERARK. La vinculaci\u00f3n a este sitio est\u00e1 sujeta a la Pol\u00edtica de vinculaci\u00f3n de CyberArk. Si desea crear un enlace al sitio web de CyberArk, p\u00f3ngase en contacto con nosotros en:<\/p>\n<p><u><a href=\"mailto:Webmaster@CyberArk.com\">Webmaster@CyberArk.com<\/a><\/u><\/p>\n<p><strong>MARCAS REGISTRADAS<\/strong><br \/>\nLas marcas comerciales, marcas de servicio y logotipos utilizados y mostrados en este sitio son marcas comerciales registradas y no registradas, y marcas de servicio de CyberArk y otros. CyberArk\u00ae, Network Vault\u00ae, Inter-Business Vault\u2122, Visual Security\u2122, LAN Experience over the Web\u2122, Vaulted Solutions-Always Secure Always Accessible\u2122, Vaulted Zones\u2122, Vaulted by CyberArk\u2122,CyberArk Shared Technology Platform\u2122,\u00a0Enterprise Password Vault\u00ae,\u00a0Privileged Session Manager\u00ae,\u00a0Privileged Threat Analytics\u2122 ,\u00a0Application Identity Manager\u2122,\u00a0On-Demand Privileges Manager\u2122,\u00a0CyberArk DNA\u2122 y otras marcas que aparecen en este Sitio son marcas comerciales o marcas registradas de CyberArk en los Estados Unidos y en otros pa\u00edses. Todas las dem\u00e1s marcas comerciales registradas y no registradas utilizadas en el Sitio son propiedad de sus respectivos propietarios. Salvo lo dispuesto en el presente documento, no se le concede, de forma expresa o por implicaci\u00f3n, impedimento o de otro modo, ninguna licencia o derecho para utilizar cualquier marca comercial, marca de servicio o logotipo de CyberArk que se utilice o muestre en el sitio sin el permiso previo y expreso por escrito de CyberArk. Cuando se utilicen con el permiso de CyberArk, todas las marcas comerciales deben identificarse como marcas comerciales de CyberArk utilizando el s\u00edmbolo apropiado (por ejemplo, \u2122 o \u00ae) en la primera aparici\u00f3n del texto de cualquier comunicaci\u00f3n impresa o electr\u00f3nica publicada, incluida la publicidad, las promociones, el embalaje, la documentaci\u00f3n t\u00e9cnica, el material colateral de ventas y marketing y las etiquetas de los productos.<\/p>\n<p><strong>PATENTES<\/strong><br \/>\nLa tecnolog\u00eda y los productos de CyberArk est\u00e1n protegidos por una o m\u00e1s patentes en los Estados Unidos o en otros lugares del mundo o por patentes pendientes.<\/p>\n<p><strong>CONTROL DE EXPORTACI\u00d3N<\/strong><br \/>\nLa exportaci\u00f3n del Software y la documentaci\u00f3n relacionada est\u00e1 sujeta al cumplimiento de: (i) la Ley de Administraci\u00f3n de Exportaciones de los Estados Unidos, en su versi\u00f3n modificada, y las normas y reglamentos promulgados de vez en cuando en virtud de la misma, incluido el Reglamento de Administraci\u00f3n de Exportaciones, (ii) las leyes del Estado de Israel, y (iii) las leyes de cualquier pa\u00eds u organizaci\u00f3n de naciones dentro de cuya jurisdicci\u00f3n usted opera o hace negocios. Usted no podr\u00e1 exportar o reexportar el Software, su documentaci\u00f3n relacionada, o cualquier parte del mismo, directa o indirectamente, si no es en cumplimiento de la legislaci\u00f3n de control de exportaciones aplicable.<\/p>\n<p><strong>JURISDICCI\u00d3N Y LEY APLICABLE<\/strong><br \/>\nCualquier reclamaci\u00f3n relacionada con este sitio o con el uso de este sitio se regir\u00e1 e interpretar\u00e1 de acuerdo con las leyes del Estado de Massachusetts, sin referencia a sus principios de conflicto de leyes. Cualquier disputa que surja del uso que le d\u00e9 a este sitio web o que est\u00e9 relacionada con dicho uso ser\u00e1 presentada ante los tribunales competentes de Boston, MA, EE. UU., y en el presente documento usted acepta la jurisdicci\u00f3n y competencia exclusivas de dichos tribunales. Usted acepta renunciar a todas las defensas por falta de jurisdicci\u00f3n personal y de forum non conveniens, y acepta que el proceso pueda ser notificado de una manera autorizada por la ley aplicable o la norma judicial.<\/p>\n<p><strong>POL\u00cdTICA DE PRIVACIDAD<\/strong><br \/>\nSu uso de este sitio y la informaci\u00f3n que env\u00ede a CyberArk a trav\u00e9s de este sitio se rigen por la Pol\u00edtica de privacidad de CyberArk. <a href=\"https:\/\/www.cyberark.com\/es\/privacy-notice\/\">Haga clic aqu\u00ed para revisar la Pol\u00edtica de privacidad de CyberArk<\/a>.<\/p>\n<p>AVISO DE COPYRIGHT. Copyright \u00a9 2000-2019 CyberArk Software, Ltd. Todos los derechos no concedidos expresamente en el presente documento est\u00e1n reservados.<\/p>\n<p><strong>INFORMACI\u00d3N DE CONTACTO<\/strong><br \/>\nTodas las solicitudes de informaci\u00f3n adicional o de permiso para reproducir cualquier parte de los Materiales, adem\u00e1s del permiso otorgado anteriormente, deben dirigirse a:<\/p>\n<p><u><a href=\"mailto:Webmaster@CyberArk.com\">Webmaster@CyberArk.com<\/a><\/u>[\/vc_column_text][\/vc_column][\/vc_row]<\/p>\n<\/div>","protected":false},"excerpt":{"rendered":"<p>[vc_row full_width=\u00bbstretch_row\u00bb el_class=\u00bbcybv2 int-hero-noimg dark\u00bb][vc_column width=\u00bb3\/4&#8243; el_class=\u00bbcolumn-1&#8243;][vc_column_text] T\u00e9rminos y condiciones del sitio web [\/vc_column_text][\/vc_column][\/vc_row][vc_row el_class=\u00bbcybv2 cybv2-pad\u00bb][vc_column width=\u00bb5\/6&#8243; offset=\u00bbvc_col-sm-offset-1&#8243;][vc_column_text]Los siguientes t\u00e9rminos y condiciones rigen el uso que usted haga de cualquier sitio que sea propiedad de&#8230;<\/p>\n","protected":false},"author":17,"featured_media":0,"parent":0,"menu_order":0,"comment_status":"closed","ping_status":"closed","template":"","meta":{"_acf_changed":false,"inline_featured_image":false,"footnotes":""},"product_category":[27776],"class_list":["post-61803","page","type-page","status-publish","hentry","product_category-identity-security"],"acf":[],"yoast_head":"<!-- This site is optimized with the Yoast SEO Premium plugin v27.2 (Yoast SEO v27.2) - https:\/\/yoast.com\/product\/yoast-seo-premium-wordpress\/ -->\n<title>T\u00e9rminos y condiciones del sitio web | CyberArk<\/title>\n<meta name=\"robots\" content=\"index, follow, max-snippet:-1, max-image-preview:large, max-video-preview:-1\" \/>\n<link rel=\"canonical\" href=\"https:\/\/www.cyberark.com\/es\/terms-conditions\/\" \/>\n<meta property=\"og:locale\" content=\"es_ES\" \/>\n<meta property=\"og:type\" content=\"article\" \/>\n<meta property=\"og:title\" content=\"T\u00e9rminos y condiciones del sitio web\" \/>\n<meta property=\"og:description\" content=\"[vc_row full_width=\u00bbstretch_row\u00bb el_class=\u00bbcybv2 int-hero-noimg dark\u00bb][vc_column width=\u00bb3\/4&#8243; el_class=\u00bbcolumn-1&#8243;][vc_column_text] T\u00e9rminos y condiciones del sitio web [\/vc_column_text][\/vc_column][\/vc_row][vc_row el_class=\u00bbcybv2 cybv2-pad\u00bb][vc_column width=\u00bb5\/6&#8243; offset=\u00bbvc_col-sm-offset-1&#8243;][vc_column_text]Los siguientes t\u00e9rminos y condiciones rigen el uso que usted haga de cualquier sitio que sea propiedad de...\" \/>\n<meta property=\"og:url\" content=\"https:\/\/www.cyberark.com\/es\/terms-conditions\/\" \/>\n<meta property=\"og:site_name\" content=\"CyberArk\" \/>\n<meta property=\"article:publisher\" content=\"https:\/\/www.facebook.com\/CyberArk\/\" \/>\n<meta property=\"article:modified_time\" content=\"2024-07-17T10:01:48+00:00\" \/>\n<meta property=\"og:image\" content=\"https:\/\/www.cyberark.com\/wp-content\/uploads\/2022\/09\/CYBR-gradient-bg-og-120x627-01-1024x535.png\" \/>\n\t<meta property=\"og:image:width\" content=\"1024\" \/>\n\t<meta property=\"og:image:height\" content=\"535\" \/>\n\t<meta property=\"og:image:type\" content=\"image\/png\" \/>\n<meta name=\"twitter:card\" content=\"summary_large_image\" \/>\n<meta name=\"twitter:site\" content=\"@CyberArk\" \/>\n<meta name=\"twitter:label1\" content=\"Tiempo de lectura\" \/>\n\t<meta name=\"twitter:data1\" content=\"7 minutos\" \/>\n<script type=\"application\/ld+json\" class=\"yoast-schema-graph\">{\"@context\":\"https:\/\/schema.org\",\"@graph\":[{\"@type\":\"WebPage\",\"@id\":\"https:\/\/www.cyberark.com\/es\/terms-conditions\/\",\"url\":\"https:\/\/www.cyberark.com\/es\/terms-conditions\/\",\"name\":\"T\u00e9rminos y condiciones del sitio web | CyberArk\",\"isPartOf\":{\"@id\":\"https:\/\/www.cyberark.com\/es\/#website\"},\"datePublished\":\"2017-06-22T13:39:11+00:00\",\"dateModified\":\"2024-07-17T10:01:48+00:00\",\"breadcrumb\":{\"@id\":\"https:\/\/www.cyberark.com\/es\/terms-conditions\/#breadcrumb\"},\"inLanguage\":\"es\",\"potentialAction\":[{\"@type\":\"ReadAction\",\"target\":[\"https:\/\/www.cyberark.com\/es\/terms-conditions\/\"]}]},{\"@type\":\"BreadcrumbList\",\"@id\":\"https:\/\/www.cyberark.com\/es\/terms-conditions\/#breadcrumb\",\"itemListElement\":[{\"@type\":\"ListItem\",\"position\":1,\"name\":\"Home\",\"item\":\"https:\/\/www.cyberark.com\/es\/\"},{\"@type\":\"ListItem\",\"position\":2,\"name\":\"T\u00e9rminos y condiciones del sitio web\"}]},{\"@type\":\"WebSite\",\"@id\":\"https:\/\/www.cyberark.com\/es\/#website\",\"url\":\"https:\/\/www.cyberark.com\/es\/\",\"name\":\"CyberArk\",\"description\":\"\",\"publisher\":{\"@id\":\"https:\/\/www.cyberark.com\/es\/#organization\"},\"potentialAction\":[{\"@type\":\"SearchAction\",\"target\":{\"@type\":\"EntryPoint\",\"urlTemplate\":\"https:\/\/www.cyberark.com\/es\/?s={search_term_string}\"},\"query-input\":{\"@type\":\"PropertyValueSpecification\",\"valueRequired\":true,\"valueName\":\"search_term_string\"}}],\"inLanguage\":\"es\"},{\"@type\":\"Organization\",\"@id\":\"https:\/\/www.cyberark.com\/es\/#organization\",\"name\":\"CyberArk Software\",\"url\":\"https:\/\/www.cyberark.com\/es\/\",\"logo\":{\"@type\":\"ImageObject\",\"inLanguage\":\"es\",\"@id\":\"https:\/\/www.cyberark.com\/es\/#\/schema\/logo\/image\/\",\"url\":\"https:\/\/www.cyberark.com\/wp-content\/uploads\/2021\/02\/cyberark-logo-dark.svg\",\"contentUrl\":\"https:\/\/www.cyberark.com\/wp-content\/uploads\/2021\/02\/cyberark-logo-dark.svg\",\"width\":\"1024\",\"height\":\"1024\",\"caption\":\"CyberArk Software\"},\"image\":{\"@id\":\"https:\/\/www.cyberark.com\/es\/#\/schema\/logo\/image\/\"},\"sameAs\":[\"https:\/\/www.facebook.com\/CyberArk\/\",\"https:\/\/x.com\/CyberArk\",\"https:\/\/www.linkedin.com\/company\/cyber-ark-software\/\"]}]}<\/script>\n<!-- \/ Yoast SEO Premium plugin. -->","yoast_head_json":{"title":"T\u00e9rminos y condiciones del sitio web | CyberArk","robots":{"index":"index","follow":"follow","max-snippet":"max-snippet:-1","max-image-preview":"max-image-preview:large","max-video-preview":"max-video-preview:-1"},"canonical":"https:\/\/www.cyberark.com\/es\/terms-conditions\/","og_locale":"es_ES","og_type":"article","og_title":"T\u00e9rminos y condiciones del sitio web","og_description":"[vc_row full_width=\u00bbstretch_row\u00bb el_class=\u00bbcybv2 int-hero-noimg dark\u00bb][vc_column width=\u00bb3\/4&#8243; el_class=\u00bbcolumn-1&#8243;][vc_column_text] T\u00e9rminos y condiciones del sitio web [\/vc_column_text][\/vc_column][\/vc_row][vc_row el_class=\u00bbcybv2 cybv2-pad\u00bb][vc_column width=\u00bb5\/6&#8243; offset=\u00bbvc_col-sm-offset-1&#8243;][vc_column_text]Los siguientes t\u00e9rminos y condiciones rigen el uso que usted haga de cualquier sitio que sea propiedad de...","og_url":"https:\/\/www.cyberark.com\/es\/terms-conditions\/","og_site_name":"CyberArk","article_publisher":"https:\/\/www.facebook.com\/CyberArk\/","article_modified_time":"2024-07-17T10:01:48+00:00","og_image":[{"width":1024,"height":535,"url":"https:\/\/www.cyberark.com\/wp-content\/uploads\/2022\/09\/CYBR-gradient-bg-og-120x627-01-1024x535.png","type":"image\/png"}],"twitter_card":"summary_large_image","twitter_site":"@CyberArk","twitter_misc":{"Tiempo de lectura":"7 minutos"},"schema":{"@context":"https:\/\/schema.org","@graph":[{"@type":"WebPage","@id":"https:\/\/www.cyberark.com\/es\/terms-conditions\/","url":"https:\/\/www.cyberark.com\/es\/terms-conditions\/","name":"T\u00e9rminos y condiciones del sitio web | CyberArk","isPartOf":{"@id":"https:\/\/www.cyberark.com\/es\/#website"},"datePublished":"2017-06-22T13:39:11+00:00","dateModified":"2024-07-17T10:01:48+00:00","breadcrumb":{"@id":"https:\/\/www.cyberark.com\/es\/terms-conditions\/#breadcrumb"},"inLanguage":"es","potentialAction":[{"@type":"ReadAction","target":["https:\/\/www.cyberark.com\/es\/terms-conditions\/"]}]},{"@type":"BreadcrumbList","@id":"https:\/\/www.cyberark.com\/es\/terms-conditions\/#breadcrumb","itemListElement":[{"@type":"ListItem","position":1,"name":"Home","item":"https:\/\/www.cyberark.com\/es\/"},{"@type":"ListItem","position":2,"name":"T\u00e9rminos y condiciones del sitio web"}]},{"@type":"WebSite","@id":"https:\/\/www.cyberark.com\/es\/#website","url":"https:\/\/www.cyberark.com\/es\/","name":"CyberArk","description":"","publisher":{"@id":"https:\/\/www.cyberark.com\/es\/#organization"},"potentialAction":[{"@type":"SearchAction","target":{"@type":"EntryPoint","urlTemplate":"https:\/\/www.cyberark.com\/es\/?s={search_term_string}"},"query-input":{"@type":"PropertyValueSpecification","valueRequired":true,"valueName":"search_term_string"}}],"inLanguage":"es"},{"@type":"Organization","@id":"https:\/\/www.cyberark.com\/es\/#organization","name":"CyberArk Software","url":"https:\/\/www.cyberark.com\/es\/","logo":{"@type":"ImageObject","inLanguage":"es","@id":"https:\/\/www.cyberark.com\/es\/#\/schema\/logo\/image\/","url":"https:\/\/www.cyberark.com\/wp-content\/uploads\/2021\/02\/cyberark-logo-dark.svg","contentUrl":"https:\/\/www.cyberark.com\/wp-content\/uploads\/2021\/02\/cyberark-logo-dark.svg","width":"1024","height":"1024","caption":"CyberArk Software"},"image":{"@id":"https:\/\/www.cyberark.com\/es\/#\/schema\/logo\/image\/"},"sameAs":["https:\/\/www.facebook.com\/CyberArk\/","https:\/\/x.com\/CyberArk","https:\/\/www.linkedin.com\/company\/cyber-ark-software\/"]}]}},"_links":{"self":[{"href":"https:\/\/www.cyberark.com\/es\/wp-json\/wp\/v2\/pages\/61803","targetHints":{"allow":["GET"]}}],"collection":[{"href":"https:\/\/www.cyberark.com\/es\/wp-json\/wp\/v2\/pages"}],"about":[{"href":"https:\/\/www.cyberark.com\/es\/wp-json\/wp\/v2\/types\/page"}],"author":[{"embeddable":true,"href":"https:\/\/www.cyberark.com\/es\/wp-json\/wp\/v2\/users\/17"}],"replies":[{"embeddable":true,"href":"https:\/\/www.cyberark.com\/es\/wp-json\/wp\/v2\/comments?post=61803"}],"version-history":[{"count":0,"href":"https:\/\/www.cyberark.com\/es\/wp-json\/wp\/v2\/pages\/61803\/revisions"}],"wp:attachment":[{"href":"https:\/\/www.cyberark.com\/es\/wp-json\/wp\/v2\/media?parent=61803"}],"wp:term":[{"taxonomy":"product_category","embeddable":true,"href":"https:\/\/www.cyberark.com\/es\/wp-json\/wp\/v2\/product_category?post=61803"}],"curies":[{"name":"wp","href":"https:\/\/api.w.org\/{rel}","templated":true}]}}