{"id":75570,"date":"2019-10-11T09:21:09","date_gmt":"2019-10-11T13:21:09","guid":{"rendered":"https:\/\/www.cyberark.com\/corporate-responsibility\/environment\/"},"modified":"2024-08-06T03:37:10","modified_gmt":"2024-08-06T07:37:10","slug":"environment-1","status":"publish","type":"page","link":"https:\/\/www.cyberark.com\/es\/environment-1\/","title":{"rendered":"Medio ambiente"},"content":{"rendered":"<div class=\"wpb-content-wrapper\"><p>[vc_row full_width=\u00bbstretch_row\u00bb content_placement=\u00bbtop\u00bb css=\u00bb.vc_custom_1570630009815{background-image: url(https:\/\/www.cyberark.com\/wp-content\/uploads\/2019\/10\/environment-hero.jpg?id=75450) !important;background-position: center !important;background-repeat: no-repeat !important;background-size: cover !important;}\u00bb el_class=\u00bbcyb-hero-section\u00bb][vc_column][vc_row_inner content_placement=\u00bbmiddle\u00bb el_class=\u00bbcyb-hero-header\u00bb][vc_column_inner el_class=\u00bbcyb-hero-header-text\u00bb][vc_custom_heading text=\u00bbMEDIO AMBIENTE\u00bb font_container=\u00bbtag:h1|text_align:left\u00bb use_theme_fonts=\u00bbyes\u00bb][vc_custom_heading text=\u00bbUn enfoque moderno al negocio global, as\u00ed como seguro y sostenible.\u00bb font_container=\u00bbtag:h3|text_align:left\u00bb use_theme_fonts=\u00bbyes\u00bb][\/vc_column_inner][\/vc_row_inner][\/vc_column][\/vc_row][vc_row][vc_column width=\u00bb2\/3&#8243; css=\u00bb.vc_custom_1570554206386{padding-top: 2.125rem !important;padding-right: 0px !important;padding-left: 0px !important;}\u00bb offset=\u00bbvc_col-sm-offset-2&#8243;][vc_custom_heading text=\u00bbNuestro\u00abEquipo verd\u00ab fue fundado para identificar oportunidades a fin de reducir nuestro impacto en el medio ambiente, mejorar las comunidades en las que operamos y apoyar iniciativas que promuevan causas sociales importantes para los empleados, clientes y socios de CyberArk.\u00bb font_container=\u00bbtag:p|text_align:center\u00bb use_theme_fonts=\u00bbyes\u00bb css=\u00bb.vc_custom_1570738124013{margin-bottom: 0px !important;}\u00bb][\/vc_column][\/vc_row][vc_row full_width=\u00bbstretch_row\u00bb content_placement=\u00bbmiddle\u00bb css=\u00bb.vc_custom_1570556298592{padding-top: 2.5rem !important;padding-bottom: 2.5rem !important;}\u00bb][vc_column width=\u00bb1\/2&#8243;][vc_single_image image=\u00bb75459&#8243; img_size=\u00bbfull\u00bb el_class=\u00bbcyb-ken-img\u00bb][\/vc_column][vc_column width=\u00bb5\/12&#8243; offset=\u00bbvc_col-sm-offset-1&#8243;][vc_custom_heading text=\u00bbCOMO EMPRESA, NOS CENTRAMOS EN:\u00bb font_container=\u00bbtag:h3|text_align:left\u00bb use_theme_fonts=\u00bbyes\u00bb][vc_column_text css=\u00bb.vc_custom_1577463186998{padding-bottom: 0.375rem !important;}\u00bb]<\/p>\n<ul>\n<li>Reducir nuestro consumo de energ\u00eda al:\n<ul>\n<li>Introducir un nuevo sistema de calefacci\u00f3n y climatizaci\u00f3n en la sede de la compa\u00f1\u00eda;<\/li>\n<li>Promover los veh\u00edculos el\u00e9ctricos y el uso compartido de veh\u00edculos;<\/li>\n<li>Integrar temporizadores y sensores para desconectar la electricidad autom\u00e1ticamente.<\/li>\n<\/ul>\n<\/li>\n<li>Utilizar la tecnolog\u00eda para colaborar virtualmente siempre que sea posible para reducir los viajes innecesarios y las correspondientes emisiones de CO2.<\/li>\n<li>Reciclar equipos, embalajes y papel, residuos y agua.<\/li>\n<li>Elaborar compost y comprar suministros de oficina transformables en compost.<\/li>\n<li>Educar a los empleados sobre la sostenibilidad.<\/li>\n<li>Contribuir como voluntarios en eventos de sostenibilidad a nivel local.<\/li>\n<\/ul>\n<p>[\/vc_column_text][\/vc_column][\/vc_row][vc_row full_width=\u00bbstretch_row\u00bb content_placement=\u00bbmiddle\u00bb css=\u00bb.vc_custom_1570556328128{padding-top: 2.5rem !important;padding-bottom: 2.5rem !important;}\u00bb el_class=\u00bbcyb-reverse\u00bb][vc_column width=\u00bb5\/12&#8243;][vc_custom_heading text=\u00bbMIEMBRO GOLD DE LA GREEN BUSINESS BUREAU\u00bb font_container=\u00bbtag:h3|text_align:left\u00bb use_theme_fonts=\u00bbyes\u00bb][vc_column_text css=\u00bb.vc_custom_1570649256578{padding-bottom: 0.375rem !important;}\u00bb]La Green Business Bureau se dedica a ayudar a las empresas a comprender, priorizar, aplicar y certificar iniciativas ecol\u00f3gicas y pr\u00e1cticas comerciales sostenibles. Al comprometernos a implementar nuestro programa medioambiental, en los primeros 6 meses de afiliaci\u00f3n nuestra organizaci\u00f3n pas\u00f3 de nivel Silver a Gold.[\/vc_column_text][\/vc_column][vc_column width=\u00bb1\/2&#8243; offset=\u00bbvc_col-sm-offset-1&#8243;][vc_single_image image=\u00bb75468&#8243; img_size=\u00bbfull\u00bb alignment=\u00bbright\u00bb el_class=\u00bbcyb-ken-img\u00bb css=\u00bb.vc_custom_1570630511133{border: 1px solid #d0d2d3 !important;}\u00bb][\/vc_column][\/vc_row]<\/p>\n<\/div>","protected":false},"excerpt":{"rendered":"<p>[vc_row full_width=\u00bbstretch_row\u00bb content_placement=\u00bbtop\u00bb css=\u00bb.vc_custom_1570630009815{background-image: url(https:\/\/www.cyberark.com\/wp-content\/uploads\/2019\/10\/environment-hero.jpg?id=75450) !important;background-position: center !important;background-repeat: no-repeat !important;background-size: cover !important;}\u00bb el_class=\u00bbcyb-hero-section\u00bb][vc_column][vc_row_inner content_placement=\u00bbmiddle\u00bb el_class=\u00bbcyb-hero-header\u00bb][vc_column_inner el_class=\u00bbcyb-hero-header-text\u00bb][vc_custom_heading text=\u00bbMEDIO AMBIENTE\u00bb font_container=\u00bbtag:h1|text_align:left\u00bb use_theme_fonts=\u00bbyes\u00bb][vc_custom_heading text=\u00bbUn enfoque moderno al negocio global, as\u00ed como seguro y sostenible.\u00bb font_container=\u00bbtag:h3|text_align:left\u00bb use_theme_fonts=\u00bbyes\u00bb][\/vc_column_inner][\/vc_row_inner][\/vc_column][\/vc_row][vc_row][vc_column width=\u00bb2\/3&#8243; css=\u00bb.vc_custom_1570554206386{padding-top:&#8230;<\/p>\n","protected":false},"author":125,"featured_media":0,"parent":0,"menu_order":0,"comment_status":"closed","ping_status":"closed","template":"","meta":{"_acf_changed":false,"inline_featured_image":false,"footnotes":""},"product_category":[],"class_list":["post-75570","page","type-page","status-publish","hentry"],"acf":[],"yoast_head":"<!-- This site is optimized with the Yoast SEO Premium plugin v27.2 (Yoast SEO v27.2) - https:\/\/yoast.com\/product\/yoast-seo-premium-wordpress\/ -->\n<title>Medio ambiente | CyberArk<\/title>\n<meta name=\"robots\" content=\"index, follow, max-snippet:-1, max-image-preview:large, max-video-preview:-1\" \/>\n<link rel=\"canonical\" href=\"https:\/\/www.cyberark.com\/es\/corporate-responsibility__trashed\/environment-1\/\" \/>\n<meta property=\"og:locale\" content=\"es_ES\" \/>\n<meta property=\"og:type\" content=\"article\" \/>\n<meta property=\"og:title\" content=\"Medio ambiente\" \/>\n<meta property=\"og:description\" content=\"[vc_row full_width=\u00bbstretch_row\u00bb content_placement=\u00bbtop\u00bb css=\u00bb.vc_custom_1570630009815{background-image: url(https:\/\/www.cyberark.com\/wp-content\/uploads\/2019\/10\/environment-hero.jpg?id=75450) !important;background-position: center !important;background-repeat: no-repeat !important;background-size: cover !important;}\u00bb el_class=\u00bbcyb-hero-section\u00bb][vc_column][vc_row_inner content_placement=\u00bbmiddle\u00bb el_class=\u00bbcyb-hero-header\u00bb][vc_column_inner el_class=\u00bbcyb-hero-header-text\u00bb][vc_custom_heading text=\u00bbMEDIO AMBIENTE\u00bb font_container=\u00bbtag:h1|text_align:left\u00bb use_theme_fonts=\u00bbyes\u00bb][vc_custom_heading text=\u00bbUn enfoque moderno al negocio global, as\u00ed como seguro y sostenible.\u00bb font_container=\u00bbtag:h3|text_align:left\u00bb use_theme_fonts=\u00bbyes\u00bb][\/vc_column_inner][\/vc_row_inner][\/vc_column][\/vc_row][vc_row][vc_column width=\u00bb2\/3&#8243; css=\u00bb.vc_custom_1570554206386{padding-top:...\" \/>\n<meta property=\"og:url\" content=\"https:\/\/www.cyberark.com\/es\/corporate-responsibility__trashed\/environment-1\/\" \/>\n<meta property=\"og:site_name\" content=\"CyberArk\" \/>\n<meta property=\"article:publisher\" content=\"https:\/\/www.facebook.com\/CyberArk\/\" \/>\n<meta property=\"article:modified_time\" content=\"2024-08-06T07:37:10+00:00\" \/>\n<meta property=\"og:image\" content=\"https:\/\/www.cyberark.com\/wp-content\/uploads\/2022\/09\/CYBR-gradient-bg-og-120x627-01-1024x535.png\" \/>\n\t<meta property=\"og:image:width\" content=\"1024\" \/>\n\t<meta property=\"og:image:height\" content=\"535\" \/>\n\t<meta property=\"og:image:type\" content=\"image\/png\" \/>\n<meta name=\"twitter:card\" content=\"summary_large_image\" \/>\n<meta name=\"twitter:site\" content=\"@CyberArk\" \/>\n<meta name=\"twitter:label1\" content=\"Tiempo de lectura\" \/>\n\t<meta name=\"twitter:data1\" content=\"2 minutos\" \/>\n<script type=\"application\/ld+json\" class=\"yoast-schema-graph\">{\"@context\":\"https:\/\/schema.org\",\"@graph\":[{\"@type\":\"WebPage\",\"@id\":\"https:\/\/www.cyberark.com\/es\/corporate-responsibility__trashed\/environment-1\/\",\"url\":\"https:\/\/www.cyberark.com\/es\/corporate-responsibility__trashed\/environment-1\/\",\"name\":\"Medio ambiente | CyberArk\",\"isPartOf\":{\"@id\":\"https:\/\/www.cyberark.com\/#website\"},\"datePublished\":\"2019-10-11T13:21:09+00:00\",\"dateModified\":\"2024-08-06T07:37:10+00:00\",\"breadcrumb\":{\"@id\":\"https:\/\/www.cyberark.com\/es\/corporate-responsibility__trashed\/environment-1\/#breadcrumb\"},\"inLanguage\":\"es\",\"potentialAction\":[{\"@type\":\"ReadAction\",\"target\":[\"https:\/\/www.cyberark.com\/es\/corporate-responsibility__trashed\/environment-1\/\"]}]},{\"@type\":\"BreadcrumbList\",\"@id\":\"https:\/\/www.cyberark.com\/es\/corporate-responsibility__trashed\/environment-1\/#breadcrumb\",\"itemListElement\":[{\"@type\":\"ListItem\",\"position\":1,\"name\":\"Home\",\"item\":\"https:\/\/www.cyberark.com\/\"},{\"@type\":\"ListItem\",\"position\":2,\"name\":\"Medio ambiente\"}]},{\"@type\":\"WebSite\",\"@id\":\"https:\/\/www.cyberark.com\/#website\",\"url\":\"https:\/\/www.cyberark.com\/\",\"name\":\"CyberArk\",\"description\":\"\",\"publisher\":{\"@id\":\"https:\/\/www.cyberark.com\/#organization\"},\"potentialAction\":[{\"@type\":\"SearchAction\",\"target\":{\"@type\":\"EntryPoint\",\"urlTemplate\":\"https:\/\/www.cyberark.com\/?s={search_term_string}\"},\"query-input\":{\"@type\":\"PropertyValueSpecification\",\"valueRequired\":true,\"valueName\":\"search_term_string\"}}],\"inLanguage\":\"es\"},{\"@type\":\"Organization\",\"@id\":\"https:\/\/www.cyberark.com\/#organization\",\"name\":\"CyberArk Software\",\"url\":\"https:\/\/www.cyberark.com\/\",\"logo\":{\"@type\":\"ImageObject\",\"inLanguage\":\"es\",\"@id\":\"https:\/\/www.cyberark.com\/#\/schema\/logo\/image\/\",\"url\":\"https:\/\/www.cyberark.com\/wp-content\/uploads\/2021\/02\/cyberark-logo-dark.svg\",\"contentUrl\":\"https:\/\/www.cyberark.com\/wp-content\/uploads\/2021\/02\/cyberark-logo-dark.svg\",\"width\":\"1024\",\"height\":\"1024\",\"caption\":\"CyberArk Software\"},\"image\":{\"@id\":\"https:\/\/www.cyberark.com\/#\/schema\/logo\/image\/\"},\"sameAs\":[\"https:\/\/www.facebook.com\/CyberArk\/\",\"https:\/\/x.com\/CyberArk\",\"https:\/\/www.linkedin.com\/company\/cyber-ark-software\/\"]}]}<\/script>\n<!-- \/ Yoast SEO Premium plugin. -->","yoast_head_json":{"title":"Medio ambiente | CyberArk","robots":{"index":"index","follow":"follow","max-snippet":"max-snippet:-1","max-image-preview":"max-image-preview:large","max-video-preview":"max-video-preview:-1"},"canonical":"https:\/\/www.cyberark.com\/es\/corporate-responsibility__trashed\/environment-1\/","og_locale":"es_ES","og_type":"article","og_title":"Medio ambiente","og_description":"[vc_row full_width=\u00bbstretch_row\u00bb content_placement=\u00bbtop\u00bb css=\u00bb.vc_custom_1570630009815{background-image: url(https:\/\/www.cyberark.com\/wp-content\/uploads\/2019\/10\/environment-hero.jpg?id=75450) !important;background-position: center !important;background-repeat: no-repeat !important;background-size: cover !important;}\u00bb el_class=\u00bbcyb-hero-section\u00bb][vc_column][vc_row_inner content_placement=\u00bbmiddle\u00bb el_class=\u00bbcyb-hero-header\u00bb][vc_column_inner el_class=\u00bbcyb-hero-header-text\u00bb][vc_custom_heading text=\u00bbMEDIO AMBIENTE\u00bb font_container=\u00bbtag:h1|text_align:left\u00bb use_theme_fonts=\u00bbyes\u00bb][vc_custom_heading text=\u00bbUn enfoque moderno al negocio global, as\u00ed como seguro y sostenible.\u00bb font_container=\u00bbtag:h3|text_align:left\u00bb use_theme_fonts=\u00bbyes\u00bb][\/vc_column_inner][\/vc_row_inner][\/vc_column][\/vc_row][vc_row][vc_column width=\u00bb2\/3&#8243; css=\u00bb.vc_custom_1570554206386{padding-top:...","og_url":"https:\/\/www.cyberark.com\/es\/corporate-responsibility__trashed\/environment-1\/","og_site_name":"CyberArk","article_publisher":"https:\/\/www.facebook.com\/CyberArk\/","article_modified_time":"2024-08-06T07:37:10+00:00","og_image":[{"width":1024,"height":535,"url":"https:\/\/www.cyberark.com\/wp-content\/uploads\/2022\/09\/CYBR-gradient-bg-og-120x627-01-1024x535.png","type":"image\/png"}],"twitter_card":"summary_large_image","twitter_site":"@CyberArk","twitter_misc":{"Tiempo de lectura":"2 minutos"},"schema":{"@context":"https:\/\/schema.org","@graph":[{"@type":"WebPage","@id":"https:\/\/www.cyberark.com\/es\/corporate-responsibility__trashed\/environment-1\/","url":"https:\/\/www.cyberark.com\/es\/corporate-responsibility__trashed\/environment-1\/","name":"Medio ambiente | CyberArk","isPartOf":{"@id":"https:\/\/www.cyberark.com\/#website"},"datePublished":"2019-10-11T13:21:09+00:00","dateModified":"2024-08-06T07:37:10+00:00","breadcrumb":{"@id":"https:\/\/www.cyberark.com\/es\/corporate-responsibility__trashed\/environment-1\/#breadcrumb"},"inLanguage":"es","potentialAction":[{"@type":"ReadAction","target":["https:\/\/www.cyberark.com\/es\/corporate-responsibility__trashed\/environment-1\/"]}]},{"@type":"BreadcrumbList","@id":"https:\/\/www.cyberark.com\/es\/corporate-responsibility__trashed\/environment-1\/#breadcrumb","itemListElement":[{"@type":"ListItem","position":1,"name":"Home","item":"https:\/\/www.cyberark.com\/"},{"@type":"ListItem","position":2,"name":"Medio ambiente"}]},{"@type":"WebSite","@id":"https:\/\/www.cyberark.com\/#website","url":"https:\/\/www.cyberark.com\/","name":"CyberArk","description":"","publisher":{"@id":"https:\/\/www.cyberark.com\/#organization"},"potentialAction":[{"@type":"SearchAction","target":{"@type":"EntryPoint","urlTemplate":"https:\/\/www.cyberark.com\/?s={search_term_string}"},"query-input":{"@type":"PropertyValueSpecification","valueRequired":true,"valueName":"search_term_string"}}],"inLanguage":"es"},{"@type":"Organization","@id":"https:\/\/www.cyberark.com\/#organization","name":"CyberArk Software","url":"https:\/\/www.cyberark.com\/","logo":{"@type":"ImageObject","inLanguage":"es","@id":"https:\/\/www.cyberark.com\/#\/schema\/logo\/image\/","url":"https:\/\/www.cyberark.com\/wp-content\/uploads\/2021\/02\/cyberark-logo-dark.svg","contentUrl":"https:\/\/www.cyberark.com\/wp-content\/uploads\/2021\/02\/cyberark-logo-dark.svg","width":"1024","height":"1024","caption":"CyberArk Software"},"image":{"@id":"https:\/\/www.cyberark.com\/#\/schema\/logo\/image\/"},"sameAs":["https:\/\/www.facebook.com\/CyberArk\/","https:\/\/x.com\/CyberArk","https:\/\/www.linkedin.com\/company\/cyber-ark-software\/"]}]}},"_links":{"self":[{"href":"https:\/\/www.cyberark.com\/es\/wp-json\/wp\/v2\/pages\/75570","targetHints":{"allow":["GET"]}}],"collection":[{"href":"https:\/\/www.cyberark.com\/es\/wp-json\/wp\/v2\/pages"}],"about":[{"href":"https:\/\/www.cyberark.com\/es\/wp-json\/wp\/v2\/types\/page"}],"author":[{"embeddable":true,"href":"https:\/\/www.cyberark.com\/es\/wp-json\/wp\/v2\/users\/125"}],"replies":[{"embeddable":true,"href":"https:\/\/www.cyberark.com\/es\/wp-json\/wp\/v2\/comments?post=75570"}],"version-history":[{"count":0,"href":"https:\/\/www.cyberark.com\/es\/wp-json\/wp\/v2\/pages\/75570\/revisions"}],"wp:attachment":[{"href":"https:\/\/www.cyberark.com\/es\/wp-json\/wp\/v2\/media?parent=75570"}],"wp:term":[{"taxonomy":"product_category","embeddable":true,"href":"https:\/\/www.cyberark.com\/es\/wp-json\/wp\/v2\/product_category?post=75570"}],"curies":[{"name":"wp","href":"https:\/\/api.w.org\/{rel}","templated":true}]}}