{"id":76439,"date":"2019-10-28T12:46:37","date_gmt":"2019-10-28T16:46:37","guid":{"rendered":"https:\/\/www.cyberark.com\/herramienta-de-evaluacion-de-cyberark-privileged-access-security\/"},"modified":"2020-07-16T20:11:56","modified_gmt":"2020-07-17T00:11:56","slug":"cyberark-privileged-access-security-assessment-tool","status":"publish","type":"page","link":"https:\/\/www.cyberark.com\/es\/cyberark-privileged-access-security-assessment-tool\/","title":{"rendered":"Herramienta de evaluaci\u00f3n de CyberArk Privileged Access Security"},"content":{"rendered":"<div class=\"wpb-content-wrapper\"><p>[vc_row full_width=\u00bbstretch_row\u00bb content_placement=\u00bbtop\u00bb css=\u00bb.vc_custom_1557174916853{background-image: url(https:\/\/www.cyberark.com\/wp-content\/uploads\/2019\/05\/PAS_Assessment_hero.jpg?id=61637) !important;background-position: center !important;background-repeat: no-repeat !important;background-size: cover !important;}\u00bb el_class=\u00bbcyb-hero-section\u00bb][vc_column][vc_row_inner content_placement=\u00bbmiddle\u00bb el_class=\u00bbcyb-hero-header\u00bb][vc_column_inner el_class=\u00bbcyb-hero-header-text\u00bb][vc_custom_heading text=\u00bbHERRAMIENTA DE EVALUACI\u00d3N DE CYBERARK PRIVILEGED ACCESS SECURITY\u00bb font_container=\u00bbtag:h1|text_align:left\u00bb use_theme_fonts=\u00bbyes\u00bb][vc_custom_heading text=\u00bb\u00bfComprende el estado de su posici\u00f3n de seguridad respecto a los accesos privilegiados?\u00bb font_container=\u00bbtag:h3|text_align:left\u00bb use_theme_fonts=\u00bbyes\u00bb][\/vc_column_inner][\/vc_row_inner][\/vc_column][\/vc_row][vc_row][vc_column][vc_row_inner][vc_column_inner width=\u00bb1\/2&#8243; css=\u00bb.vc_custom_1538278407664{padding-top: 2rem !important;padding-right: 2rem !important;padding-bottom: 2rem !important;}\u00bb][vc_custom_heading text=\u00bbPrograme una evaluaci\u00f3n de la seguridad de los accesos privilegiados para:\u00bb font_container=\u00bbtag:h3|text_align:left\u00bb use_theme_fonts=\u00bbyes\u00bb css=\u00bb.vc_custom_1557174493614{margin-bottom: 30px !important;}\u00bb][vc_column_text]<\/p>\n<h4><span style=\"color: #4d8fcc;\">Evaluar y realizar un seguimiento<\/span><\/h4>\n<p>Del estado de la seguridad de los accesos privilegiados en sus organizaciones y reciba una calificaci\u00f3n de seguridad de accesos privilegiados sobre la que se puede realizar un seguimiento en el tiempo.<\/p>\n<h4><span style=\"color: #4d8fcc;\">Comparar<\/span><\/h4>\n<p>Su posici\u00f3n de seguridad en relaci\u00f3n con hom\u00f3logos respecto a una variedad de par\u00e1metros tales como industria, regi\u00f3n, tama\u00f1o de la organizaci\u00f3n y m\u00e1s.<\/p>\n<h4><span style=\"color: #4d8fcc;\">Priorizar<\/span><\/h4>\n<p>Los objetivos de la seguridad de accesos privilegiados y reciba recomendaciones de correcciones adaptadas espec\u00edficamente a su organizaci\u00f3n sobre la base de su evaluaci\u00f3n individual.[\/vc_column_text][vc_empty_space height=\u00bb40px\u00bb][vc_column_text]    <script src=\"https:\/\/fast.wistia.com\/assets\/external\/E-v1.js\" async><\/script>\r\n            <div class=\"wistia_embed wistia_async_9685ygwdoz videoFoam=true\" style=\"width:580px;height:397px;\">&nbsp;<\/div>\r\n        [\/vc_column_text][\/vc_column_inner][vc_column_inner width=\u00bb1\/2&#8243; css=\u00bb.vc_custom_1538278395940{padding-top: 2rem !important;padding-right: 0px !important;padding-bottom: 2rem !important;padding-left: 2rem !important;}\u00bb][vc_custom_heading text=\u00bbSolicite una evaluaci\u00f3n\u00bb font_container=\u00bbtag:h2|text_align:center\u00bb use_theme_fonts=\u00bbyes\u00bb][vc_raw_html]W21hcmtldG9fZm9ybSBpZD0iNDUzMyIgYXNzZXRfbmFtZT0iUEFTIEFzc2Vzc21lbnQgVG9vbCIgcHJvZ3JhbV9uYW1lPSJQQVMgQXNzZXNzbWVudCBUb29sIiBhc3NldF90eXBlPSJwYXNfYXNzZXNzbWVudF90b29sIiBkYXRhbGF5ZXJfZXZlbnQ9InBhc19hc3Nlc3NtZW50X3Rvb2wiIGRhdGFsYXllcl92YXI9ImZvcm1fc3VibWl0IiBkYXRhbGF5ZXJfbGFiZWw9IlBBUyBBc3Nlc3NtZW50IFRvb2wiIHR5X21lc3NhZ2U9IjxwPjxzdHJvbmc+VGhhbmsgeW91PC9zdHJvbmc+IGZvciB5b3VyIGludGVyZXN0LiA8YnIgLz48YnIgLz5XZSdsbCBiZSBpbiB0b3VjaCB3aXRoIHlvdSBzaG9ydGx5LjwvcD4iXQ==[\/vc_raw_html][\/vc_column_inner][\/vc_row_inner][\/vc_column][\/vc_row][vc_row][vc_column css=\u00bb.vc_custom_1557415297623{padding-top: 2rem !important;padding-bottom: 2rem !important;}\u00bb][vc_single_image image=\u00bb62607&#8243; img_size=\u00bbfull\u00bb alignment=\u00bbcenter\u00bb][\/vc_column][\/vc_row][vc_row full_width=\u00bbstretch_row\u00bb css=\u00bb.vc_custom_1538278815022{background-color: #f1f2f2 !important;}\u00bb][vc_column css=\u00bb.vc_custom_1538279372387{padding-top: 2rem !important;padding-bottom: 1.68rem !important;}\u00bb][vc_custom_heading text=\u00bbLAS GRANDES EMPRESAS CONF\u00cdAN EN NOSOTROS\u00bb font_container=\u00bbtag:h2|text_align:center\u00bb use_theme_fonts=\u00bbyes\u00bb][vc_row_inner equal_height=\u00bbyes\u00bb content_placement=\u00bbmiddle\u00bb el_class=\u00bblogos\u00bb css=\u00bb.vc_custom_1556896966721{padding-top: 0px !important;padding-right: 0px !important;padding-bottom: 0px !important;padding-left: 0px !important;}\u00bb][vc_column_inner css=\u00bb.vc_custom_1556897038220{padding-top: 2rem !important;padding-right: 0px !important;padding-bottom: 2rem !important;padding-left: 0px !important;}\u00bb][vc_single_image image=\u00bb61339&#8243; img_size=\u00bbfull\u00bb alignment=\u00bbcenter\u00bb][vc_single_image image=\u00bb61302&#8243; img_size=\u00bbfull\u00bb alignment=\u00bbcenter\u00bb][vc_single_image image=\u00bb61311&#8243; img_size=\u00bbfull\u00bb alignment=\u00bbcenter\u00bb][vc_single_image image=\u00bb61320&#8243; img_size=\u00bbfull\u00bb alignment=\u00bbcenter\u00bb][vc_single_image image=\u00bb61329&#8243; img_size=\u00bbfull\u00bb alignment=\u00bbcenter\u00bb][\/vc_column_inner][\/vc_row_inner][\/vc_column][\/vc_row]<\/p>\n<\/div>","protected":false},"excerpt":{"rendered":"<p>[vc_row full_width=\u00bbstretch_row\u00bb content_placement=\u00bbtop\u00bb css=\u00bb.vc_custom_1557174916853{background-image: url(https:\/\/www.cyberark.com\/wp-content\/uploads\/2019\/05\/PAS_Assessment_hero.jpg?id=61637) !important;background-position: center !important;background-repeat: no-repeat !important;background-size: cover !important;}\u00bb el_class=\u00bbcyb-hero-section\u00bb][vc_column][vc_row_inner content_placement=\u00bbmiddle\u00bb el_class=\u00bbcyb-hero-header\u00bb][vc_column_inner el_class=\u00bbcyb-hero-header-text\u00bb][vc_custom_heading text=\u00bbHERRAMIENTA DE EVALUACI\u00d3N DE CYBERARK PRIVILEGED ACCESS SECURITY\u00bb font_container=\u00bbtag:h1|text_align:left\u00bb use_theme_fonts=\u00bbyes\u00bb][vc_custom_heading text=\u00bb\u00bfComprende el estado de su posici\u00f3n de seguridad respecto&#8230;<\/p>\n","protected":false},"author":4,"featured_media":0,"parent":0,"menu_order":0,"comment_status":"closed","ping_status":"closed","template":"t_nomenu.php","meta":{"_acf_changed":false,"inline_featured_image":false,"footnotes":""},"product_category":[],"class_list":["post-76439","page","type-page","status-publish","hentry"],"acf":[],"yoast_head":"<!-- This site is optimized with the Yoast SEO Premium plugin v27.2 (Yoast SEO v27.2) - https:\/\/yoast.com\/product\/yoast-seo-premium-wordpress\/ -->\n<title>Herramienta de evaluaci\u00f3n de gesti\u00f3n del acceso con privilegios de CyberArk | CyberArk<\/title>\n<meta name=\"robots\" content=\"noindex, follow\" \/>\n<meta property=\"og:locale\" content=\"es_ES\" \/>\n<meta property=\"og:type\" content=\"article\" \/>\n<meta property=\"og:title\" content=\"Herramienta de evaluaci\u00f3n de CyberArk Privileged Access Security\" \/>\n<meta property=\"og:description\" content=\"[vc_row full_width=\u00bbstretch_row\u00bb content_placement=\u00bbtop\u00bb css=\u00bb.vc_custom_1557174916853{background-image: url(https:\/\/www.cyberark.com\/wp-content\/uploads\/2019\/05\/PAS_Assessment_hero.jpg?id=61637) !important;background-position: center !important;background-repeat: no-repeat !important;background-size: cover !important;}\u00bb el_class=\u00bbcyb-hero-section\u00bb][vc_column][vc_row_inner content_placement=\u00bbmiddle\u00bb el_class=\u00bbcyb-hero-header\u00bb][vc_column_inner el_class=\u00bbcyb-hero-header-text\u00bb][vc_custom_heading text=\u00bbHERRAMIENTA DE EVALUACI\u00d3N DE CYBERARK PRIVILEGED ACCESS SECURITY\u00bb font_container=\u00bbtag:h1|text_align:left\u00bb use_theme_fonts=\u00bbyes\u00bb][vc_custom_heading text=\u00bb\u00bfComprende el estado de su posici\u00f3n de seguridad respecto...\" \/>\n<meta property=\"og:url\" content=\"https:\/\/www.cyberark.com\/es\/cyberark-privileged-access-security-assessment-tool\/\" \/>\n<meta property=\"og:site_name\" content=\"CyberArk\" \/>\n<meta property=\"article:publisher\" content=\"https:\/\/www.facebook.com\/CyberArk\/\" \/>\n<meta property=\"article:modified_time\" content=\"2020-07-17T00:11:56+00:00\" \/>\n<meta property=\"og:image\" content=\"https:\/\/www.cyberark.com\/wp-content\/uploads\/2022\/09\/CYBR-gradient-bg-og-120x627-01-1024x535.png\" \/>\n\t<meta property=\"og:image:width\" content=\"1024\" \/>\n\t<meta property=\"og:image:height\" content=\"535\" \/>\n\t<meta property=\"og:image:type\" content=\"image\/png\" \/>\n<meta name=\"twitter:card\" content=\"summary_large_image\" \/>\n<meta name=\"twitter:site\" content=\"@CyberArk\" \/>\n<meta name=\"twitter:label1\" content=\"Tiempo de lectura\" \/>\n\t<meta name=\"twitter:data1\" content=\"3 minutos\" \/>\n<script type=\"application\/ld+json\" class=\"yoast-schema-graph\">{\"@context\":\"https:\/\/schema.org\",\"@graph\":[{\"@type\":\"WebPage\",\"@id\":\"https:\/\/www.cyberark.com\/es\/cyberark-privileged-access-security-assessment-tool\/\",\"url\":\"https:\/\/www.cyberark.com\/es\/cyberark-privileged-access-security-assessment-tool\/\",\"name\":\"Herramienta de evaluaci\u00f3n de gesti\u00f3n del acceso con privilegios de CyberArk | CyberArk\",\"isPartOf\":{\"@id\":\"https:\/\/www.cyberark.com\/#website\"},\"datePublished\":\"2019-10-28T16:46:37+00:00\",\"dateModified\":\"2020-07-17T00:11:56+00:00\",\"breadcrumb\":{\"@id\":\"https:\/\/www.cyberark.com\/es\/cyberark-privileged-access-security-assessment-tool\/#breadcrumb\"},\"inLanguage\":\"es\",\"potentialAction\":[{\"@type\":\"ReadAction\",\"target\":[\"https:\/\/www.cyberark.com\/es\/cyberark-privileged-access-security-assessment-tool\/\"]}]},{\"@type\":\"BreadcrumbList\",\"@id\":\"https:\/\/www.cyberark.com\/es\/cyberark-privileged-access-security-assessment-tool\/#breadcrumb\",\"itemListElement\":[{\"@type\":\"ListItem\",\"position\":1,\"name\":\"Home\",\"item\":\"https:\/\/www.cyberark.com\/\"},{\"@type\":\"ListItem\",\"position\":2,\"name\":\"Herramienta de evaluaci\u00f3n de CyberArk Privileged Access Security\"}]},{\"@type\":\"WebSite\",\"@id\":\"https:\/\/www.cyberark.com\/#website\",\"url\":\"https:\/\/www.cyberark.com\/\",\"name\":\"CyberArk\",\"description\":\"\",\"publisher\":{\"@id\":\"https:\/\/www.cyberark.com\/#organization\"},\"potentialAction\":[{\"@type\":\"SearchAction\",\"target\":{\"@type\":\"EntryPoint\",\"urlTemplate\":\"https:\/\/www.cyberark.com\/?s={search_term_string}\"},\"query-input\":{\"@type\":\"PropertyValueSpecification\",\"valueRequired\":true,\"valueName\":\"search_term_string\"}}],\"inLanguage\":\"es\"},{\"@type\":\"Organization\",\"@id\":\"https:\/\/www.cyberark.com\/#organization\",\"name\":\"CyberArk Software\",\"url\":\"https:\/\/www.cyberark.com\/\",\"logo\":{\"@type\":\"ImageObject\",\"inLanguage\":\"es\",\"@id\":\"https:\/\/www.cyberark.com\/#\/schema\/logo\/image\/\",\"url\":\"https:\/\/www.cyberark.com\/wp-content\/uploads\/2021\/02\/cyberark-logo-dark.svg\",\"contentUrl\":\"https:\/\/www.cyberark.com\/wp-content\/uploads\/2021\/02\/cyberark-logo-dark.svg\",\"width\":\"1024\",\"height\":\"1024\",\"caption\":\"CyberArk Software\"},\"image\":{\"@id\":\"https:\/\/www.cyberark.com\/#\/schema\/logo\/image\/\"},\"sameAs\":[\"https:\/\/www.facebook.com\/CyberArk\/\",\"https:\/\/x.com\/CyberArk\",\"https:\/\/www.linkedin.com\/company\/cyber-ark-software\/\"]}]}<\/script>\n<!-- \/ Yoast SEO Premium plugin. -->","yoast_head_json":{"title":"Herramienta de evaluaci\u00f3n de gesti\u00f3n del acceso con privilegios de CyberArk | CyberArk","robots":{"index":"noindex","follow":"follow"},"og_locale":"es_ES","og_type":"article","og_title":"Herramienta de evaluaci\u00f3n de CyberArk Privileged Access Security","og_description":"[vc_row full_width=\u00bbstretch_row\u00bb content_placement=\u00bbtop\u00bb css=\u00bb.vc_custom_1557174916853{background-image: url(https:\/\/www.cyberark.com\/wp-content\/uploads\/2019\/05\/PAS_Assessment_hero.jpg?id=61637) !important;background-position: center !important;background-repeat: no-repeat !important;background-size: cover !important;}\u00bb el_class=\u00bbcyb-hero-section\u00bb][vc_column][vc_row_inner content_placement=\u00bbmiddle\u00bb el_class=\u00bbcyb-hero-header\u00bb][vc_column_inner el_class=\u00bbcyb-hero-header-text\u00bb][vc_custom_heading text=\u00bbHERRAMIENTA DE EVALUACI\u00d3N DE CYBERARK PRIVILEGED ACCESS SECURITY\u00bb font_container=\u00bbtag:h1|text_align:left\u00bb use_theme_fonts=\u00bbyes\u00bb][vc_custom_heading text=\u00bb\u00bfComprende el estado de su posici\u00f3n de seguridad respecto...","og_url":"https:\/\/www.cyberark.com\/es\/cyberark-privileged-access-security-assessment-tool\/","og_site_name":"CyberArk","article_publisher":"https:\/\/www.facebook.com\/CyberArk\/","article_modified_time":"2020-07-17T00:11:56+00:00","og_image":[{"width":1024,"height":535,"url":"https:\/\/www.cyberark.com\/wp-content\/uploads\/2022\/09\/CYBR-gradient-bg-og-120x627-01-1024x535.png","type":"image\/png"}],"twitter_card":"summary_large_image","twitter_site":"@CyberArk","twitter_misc":{"Tiempo de lectura":"3 minutos"},"schema":{"@context":"https:\/\/schema.org","@graph":[{"@type":"WebPage","@id":"https:\/\/www.cyberark.com\/es\/cyberark-privileged-access-security-assessment-tool\/","url":"https:\/\/www.cyberark.com\/es\/cyberark-privileged-access-security-assessment-tool\/","name":"Herramienta de evaluaci\u00f3n de gesti\u00f3n del acceso con privilegios de CyberArk | CyberArk","isPartOf":{"@id":"https:\/\/www.cyberark.com\/#website"},"datePublished":"2019-10-28T16:46:37+00:00","dateModified":"2020-07-17T00:11:56+00:00","breadcrumb":{"@id":"https:\/\/www.cyberark.com\/es\/cyberark-privileged-access-security-assessment-tool\/#breadcrumb"},"inLanguage":"es","potentialAction":[{"@type":"ReadAction","target":["https:\/\/www.cyberark.com\/es\/cyberark-privileged-access-security-assessment-tool\/"]}]},{"@type":"BreadcrumbList","@id":"https:\/\/www.cyberark.com\/es\/cyberark-privileged-access-security-assessment-tool\/#breadcrumb","itemListElement":[{"@type":"ListItem","position":1,"name":"Home","item":"https:\/\/www.cyberark.com\/"},{"@type":"ListItem","position":2,"name":"Herramienta de evaluaci\u00f3n de CyberArk Privileged Access Security"}]},{"@type":"WebSite","@id":"https:\/\/www.cyberark.com\/#website","url":"https:\/\/www.cyberark.com\/","name":"CyberArk","description":"","publisher":{"@id":"https:\/\/www.cyberark.com\/#organization"},"potentialAction":[{"@type":"SearchAction","target":{"@type":"EntryPoint","urlTemplate":"https:\/\/www.cyberark.com\/?s={search_term_string}"},"query-input":{"@type":"PropertyValueSpecification","valueRequired":true,"valueName":"search_term_string"}}],"inLanguage":"es"},{"@type":"Organization","@id":"https:\/\/www.cyberark.com\/#organization","name":"CyberArk Software","url":"https:\/\/www.cyberark.com\/","logo":{"@type":"ImageObject","inLanguage":"es","@id":"https:\/\/www.cyberark.com\/#\/schema\/logo\/image\/","url":"https:\/\/www.cyberark.com\/wp-content\/uploads\/2021\/02\/cyberark-logo-dark.svg","contentUrl":"https:\/\/www.cyberark.com\/wp-content\/uploads\/2021\/02\/cyberark-logo-dark.svg","width":"1024","height":"1024","caption":"CyberArk Software"},"image":{"@id":"https:\/\/www.cyberark.com\/#\/schema\/logo\/image\/"},"sameAs":["https:\/\/www.facebook.com\/CyberArk\/","https:\/\/x.com\/CyberArk","https:\/\/www.linkedin.com\/company\/cyber-ark-software\/"]}]}},"_links":{"self":[{"href":"https:\/\/www.cyberark.com\/es\/wp-json\/wp\/v2\/pages\/76439","targetHints":{"allow":["GET"]}}],"collection":[{"href":"https:\/\/www.cyberark.com\/es\/wp-json\/wp\/v2\/pages"}],"about":[{"href":"https:\/\/www.cyberark.com\/es\/wp-json\/wp\/v2\/types\/page"}],"author":[{"embeddable":true,"href":"https:\/\/www.cyberark.com\/es\/wp-json\/wp\/v2\/users\/4"}],"replies":[{"embeddable":true,"href":"https:\/\/www.cyberark.com\/es\/wp-json\/wp\/v2\/comments?post=76439"}],"version-history":[{"count":0,"href":"https:\/\/www.cyberark.com\/es\/wp-json\/wp\/v2\/pages\/76439\/revisions"}],"wp:attachment":[{"href":"https:\/\/www.cyberark.com\/es\/wp-json\/wp\/v2\/media?parent=76439"}],"wp:term":[{"taxonomy":"product_category","embeddable":true,"href":"https:\/\/www.cyberark.com\/es\/wp-json\/wp\/v2\/product_category?post=76439"}],"curies":[{"name":"wp","href":"https:\/\/api.w.org\/{rel}","templated":true}]}}