{"id":97836,"date":"2020-08-12T14:19:37","date_gmt":"2020-08-12T18:19:37","guid":{"rendered":"https:\/\/www.cyberark.com\/codigo-de-conducta-de-la-comunidad-tecnica\/"},"modified":"2023-11-28T04:34:39","modified_gmt":"2023-11-28T09:34:39","slug":"tech-community-code-of-conduct","status":"publish","type":"page","link":"https:\/\/www.cyberark.com\/es\/tech-community-code-of-conduct\/","title":{"rendered":"C\u00f3digo de conducta de la Comunidad t\u00e9cnica"},"content":{"rendered":"<div class=\"wpb-content-wrapper\"><p>[vc_row full_width=\u00bbstretch_row\u00bb el_class=\u00bbcybv2 int-hero-noimg dark\u00bb][vc_column width=\u00bb3\/4&#8243; el_class=\u00bbcolumn-1&#8243;][vc_column_text]<\/p>\n<h1>C\u00f3digo de conducta de la Comunidad t\u00e9cnica 2023<\/h1>\n<p>[\/vc_column_text][vc_btn title=\u00bbComunidad t\u00e9cnica\u00bb style=\u00bbcustom\u00bb custom_background=\u00bb\u00bb custom_text=\u00bb\u00bb shape=\u00bbsquare\u00bb link=\u00bburl:https%3A%2F%2Fcyberark.my.site.com%2Fs%2F|\u00bb el_class=\u00bbcybv2-button-solid\u00bb][\/vc_column][\/vc_row][vc_row el_class=\u00bbcybv2&#8243;][vc_column css=\u00bb.vc_custom_1538598261432{padding-top: 2.5rem !important;padding-bottom: 2.5rem !important;}\u00bb][vc_column_text el_class=\u00bbcyb-pad-btm\u00bb]<strong>La Comunidad t\u00e9cnica de CyberArk (en adelante, la \u00abComunidad\u00bb) es el lugar ideal para formular preguntas, buscar asesoramiento y compartir soluciones y pr\u00e1cticas recomendadas con otros miembros de la comunidad de CyberArk. CyberArk anima a los miembros de su comunidad a aprender unos de otros y a compartir conocimientos, ya que queremos que la Comunidad sea el recurso al que acudir para obtener informaci\u00f3n sobre CyberArk. Teniendo esto en cuenta, tenemos algunas directrices que nuestros usuarios deben seguir.<\/strong>[\/vc_column_text][vc_column_text]<\/p>\n<h3>Normas de comunicaci\u00f3n para la Comunidad t\u00e9cnica<\/h3>\n<h4>Ayude a mejorar el debate<\/h4>\n<ul>\n<li>Si tiene alguna pregunta, dedique cierto tiempo a explorar los temas disponibles antes de iniciar el suyo propio. Tendr\u00e1 m\u00e1s posibilidades de conocer a otras personas que compartan sus intereses y sus respuestas tendr\u00e1n m\u00e1s sentido.<\/li>\n<li>No olvide incluir todos los detalles posibles en su mensaje inicial. Esto ayudar\u00e1 a los miembros del foro a dar una mejor respuesta, lo que le permitir\u00e1 recibir contestaci\u00f3n a sus consultas m\u00e1s r\u00e1pidamente.<\/li>\n<li>Ayude a que la Comunidad sea un gran lugar para el intercambio de conocimientos contribuyendo siempre a la mejora del debate con alg\u00fan tipo de aportaci\u00f3n, por peque\u00f1a que sea. Antes de publicar una entrada, preg\u00fantese si contribuye a la conversaci\u00f3n; de lo contrario, reflexione sobre el asunto y vuelva con \u00e9l m\u00e1s adelante.<\/li>\n<li>Los temas tratados nos interesan a todos. Sea respetuoso con los temas, el tiempo que se tarda en formular una pregunta y la gente que los debate, aunque no est\u00e9 de acuerdo.<\/li>\n<li>Tenga en cuenta que las conversaciones son de acceso p\u00fablico. Proteja su informaci\u00f3n personal y sensible.<\/li>\n<\/ul>\n<h4>\u00bfDetecta alg\u00fan problema? M\u00e1rquelo<\/h4>\n<ul>\n<li>Los moderadores son responsables de este foro, pero necesitan su ayuda. Con su ayuda, los moderadores pueden ser facilitadores de la Comunidad, no meros conserjes o polic\u00edas.<\/li>\n<li>Si ve una conducta incorrecta, no la fomente dando una respuesta. Basta con marcarla. Uno de nuestros moderadores tomar\u00e1 medidas inmediatas para corregirla.<\/li>\n<li>Con el fin de mantener nuestra Comunidad como un lugar de crecimiento y aprendizaje, los moderadores se reservan el derecho de eliminar cualquier contenido y suspender una cuenta de usuario en cualquier momento.<\/li>\n<li>Las publicaciones no se previsualizan ni se quedan en cola de espera. Los moderadores y operadores del sitio no se responsabilizan de ning\u00fan contenido publicado por los miembros de la Comunidad.<\/li>\n<\/ul>\n<h4>Participe para mejorar la comunidad<\/h4>\n<ul>\n<li>Comparta su experiencia con CyberArk para ayudar a hacer de la Comunidad un lugar mejor. Puede que tenga la respuesta correcta que est\u00e1 buscando otra persona, as\u00ed que no tenga reparos en aportar sus ideas a la conversaci\u00f3n.<\/li>\n<li>Utilice el bot\u00f3n \u00abMe gusta\u00bb para destacar las respuestas \u00fatiles de sus compa\u00f1eros.<\/li>\n<li>Utilice los botones \u00abMe gusta\u00bb (like) y \u00abMejor respuesta\u00bb (best answer) para destacar las respuestas \u00fatiles.<\/li>\n<li>Marque las entradas y art\u00edculos que necesitan mejorar.<\/li>\n<\/ul>\n<h4>No se permite discutir preguntas de ex\u00e1menes de certificaci\u00f3n<\/h4>\n<ul>\n<li>Somos conscientes de varios sitios que pretenden vender \u00abrepositorios de ex\u00e1menes\u00bb (exam dumps) o \u00abex\u00e1menes de pr\u00e1ctica\u00bb para los ex\u00e1menes de certificaci\u00f3n de CyberArk, as\u00ed como para muchos otros programas de certificaci\u00f3n conocidos. Queremos hacer una advertencia sobre la compra de estos productos.<\/li>\n<li>Actualmente no hay vendedores autorizados de materiales de preparaci\u00f3n de ex\u00e1menes de CyberArk. Nuestro objetivo al crear un programa de certificaci\u00f3n era crear ex\u00e1menes que evaluaran la experiencia en el mundo real. Los productos Cyberark son soluciones complejas que no se pueden dominar en una sola clase de formaci\u00f3n o estudi\u00e1ndolas r\u00e1pidamente para un examen. El uso de materiales que ense\u00f1an para el examen no garantizar\u00e1 la preparaci\u00f3n para un entorno de CyberArk del mundo real. Por lo tanto, CyberArk no ha creado este tipo de materiales ni ha autorizado a ning\u00fan proveedor externo a hacerlo.<\/li>\n<li>Le pedimos que ponga de su parte para mantener el valor que este programa proporciona a nuestros clientes, socios y personas certificadas:\n<ul>\n<li>No utilice material de estudio no autorizado.<\/li>\n<li>No divulgue a nadie lo que ha visto en un examen de certificaci\u00f3n de CyberArk.<\/li>\n<li>No proporcione respuestas a nadie que utilice la Comunidad de CyberArk u otros foros p\u00fablicos para buscar ayuda inapropiada para preparar ex\u00e1menes o entrevistas.<\/li>\n<li>Informe a los moderadores de las cuentas que busquen respuestas a preguntas de ex\u00e1menes o entrevistas.<\/li>\n<\/ul>\n<\/li>\n<\/ul>\n<h4>No se permiten promociones ni publicidad<\/h4>\n<ul>\n<li>Con el fin de preservar la integridad de la Comunidad, no se permite el contenido ni las actividades de publicidad, promoci\u00f3n (diferente de las soluciones de c\u00f3digo abierto) o reclamo (directo o indirecto), entre ellos:\n<ul>\n<li>Crear, modificar o publicar contenido sobre sus productos o servicios (o los de sus familiares, amigos cercanos, socios comerciales o empleadores).<\/li>\n<li>Crear, modificar o publicar contenido relacionado con los productos o servicios de la competencia.<\/li>\n<li>Crear, modificar o publicar contenido a cambio de compensaci\u00f3n de cualquier tipo (incluidos productos gratuitos o con descuento, reembolsos o devoluciones) o en nombre de cualquier otra persona.<\/li>\n<li>Ofrecer una compensaci\u00f3n o solicitar una compensaci\u00f3n (incluidos productos gratuitos o con descuento) a cambio de crear, modificar o publicar contenido.<\/li>\n<li>Publicar anuncios o reclamos, incluidas URL con etiquetas de referentes o c\u00f3digos de afiliados.<\/li>\n<\/ul>\n<\/li>\n<\/ul>\n<h4>Piense antes de publicar<\/h4>\n<ul>\n<li>Los comentarios razonables, bien planteados y detallados ayudan a los dem\u00e1s miembros de la Comunidad a entender lo que se pregunta o explica. Cuando exprese opiniones negativas, respire hondo y revise lo que se dice antes de publicarlo para asegurarse de que es constructivo y respetuoso con los dem\u00e1s.<\/li>\n<li>Al publicar un enlace, confirme que no es malicioso y que es v\u00e1lido.<\/li>\n<li>Cuando publique una pregunta, aseg\u00farese de incluir toda la informaci\u00f3n relevante. Esto incluye el producto, la versi\u00f3n y todos los detalles de lo que ocurre. Las preguntas de una sola frase no suelen ser las mejores.<\/li>\n<li>Cuando publique una respuesta, incluya todos los detalles relevantes; las respuestas de una frase rara vez ayudan a resolver una pregunta.<\/li>\n<\/ul>\n<h4>Proteja su informaci\u00f3n personal<\/h4>\n<ul>\n<li>Cuando publique en los foros de CyberArk, utilice el sentido com\u00fan al revelar informaci\u00f3n sobre usted.<\/li>\n<li>Los moderadores tratan de que el foro sea un entorno seguro para publicar, y pueden eliminar cualquier entrada que revele informaci\u00f3n sensible como direcciones, n\u00fameros de tel\u00e9fono, nombres u otra informaci\u00f3n de identificaci\u00f3n.<\/li>\n<\/ul>\n<h4>No publique entradas basura<\/h4>\n<ul>\n<li>Las entradas basura pueden incluir la difusi\u00f3n m\u00faltiple de la misma informaci\u00f3n en m\u00faltiples hilos en m\u00faltiples foros, anuncios repetidos en varias conversaciones o publicaciones que contengan contenido poco \u00fatil (como \u00ab+1\u00bb, \u00abprimera publicaci\u00f3n\u00bb o \u00abcomiendo palomitas\u00bb). Fomentamos las conversaciones significativas en nuestros foros y las publicaciones basura a menudo son contrarias a este objetivo.<\/li>\n<\/ul>\n<h4>Publique en el tema relevante<\/h4>\n<ul>\n<li>Publicar contenido en los foros pertinentes garantiza que las conversaciones sean vistas por los miembros de la Comunidad m\u00e1s interesados en el tema. Dedique algo de tiempo a revisar los distintos foros para asegurarse de publicar en la mejor secci\u00f3n.<\/li>\n<li>Etiquete su pregunta con los temas adecuados.<\/li>\n<li>Los moderadores ajustar\u00e1n los temas de publicaci\u00f3n seg\u00fan sea necesario.<\/li>\n<\/ul>\n<p>El equipo de administraci\u00f3n de la Comunidad t\u00e9cnica de CyberArk anima a todos los miembros activos de la Comunidad a que se remitan a estas directrices antes de formular o responder una pregunta y de marcar una entrada. Esta comunidad es realmente una comunidad impulsada por los usuarios en la que prima la calidad sobre la cantidad. Podemos mantener y seguir mejorando el valor de esta comunidad si comprobamos si se ha formulado o respondido a nuestra pregunta, y si solo publicamos una respuesta para proporcionar una soluci\u00f3n que resuelva realmente el problema discutido o para aportar un punto de vista valioso del tema tratado.<\/p>\n<p>Para cualquier otro asunto no cubierto aqu\u00ed, animamos a los miembros de nuestra Comunidad a que env\u00eden los comentarios directamente al equipo de administraci\u00f3n de la Comunidad t\u00e9cnica de CyberArk a la direcci\u00f3n <a href=\"mailto:KM@cyberark.com\">KM@cyberark.com<\/a>.<\/p>\n<p>Consulte las <a href=\"https:\/\/www.cyberark.com\/es\/communities-terms-of-use\/\">Normas de participaci\u00f3n de la Comunidad t\u00e9cnica de CyberArk<\/a> para estar informado de las reglas que rigen el acceso y el uso de las comunidades de CyberArk.[\/vc_column_text][\/vc_column][\/vc_row][vc_column width=\u00bb1\/12&#8243;][\/vc_column]<\/p>\n<\/div>","protected":false},"excerpt":{"rendered":"<p>[vc_row full_width=\u00bbstretch_row\u00bb el_class=\u00bbcybv2 int-hero-noimg dark\u00bb][vc_column width=\u00bb3\/4&#8243; el_class=\u00bbcolumn-1&#8243;][vc_column_text] C\u00f3digo de conducta de la Comunidad t\u00e9cnica 2023 [\/vc_column_text][vc_btn title=\u00bbComunidad t\u00e9cnica\u00bb style=\u00bbcustom\u00bb custom_background=\u00bb\u00bb custom_text=\u00bb\u00bb shape=\u00bbsquare\u00bb link=\u00bburl:https%3A%2F%2Fcyberark.my.site.com%2Fs%2F|\u00bb el_class=\u00bbcybv2-button-solid\u00bb][\/vc_column][\/vc_row][vc_row el_class=\u00bbcybv2&#8243;][vc_column css=\u00bb.vc_custom_1538598261432{padding-top: 2.5rem !important;padding-bottom: 2.5rem !important;}\u00bb][vc_column_text el_class=\u00bbcyb-pad-btm\u00bb]La Comunidad t\u00e9cnica de CyberArk&#8230;<\/p>\n","protected":false},"author":164,"featured_media":0,"parent":0,"menu_order":0,"comment_status":"closed","ping_status":"closed","template":"","meta":{"_acf_changed":false,"inline_featured_image":false,"footnotes":""},"product_category":[],"class_list":["post-97836","page","type-page","status-publish","hentry"],"acf":[],"yoast_head":"<!-- This site is optimized with the Yoast SEO Premium plugin v27.2 (Yoast SEO v27.2) - https:\/\/yoast.com\/product\/yoast-seo-premium-wordpress\/ -->\n<title>C\u00f3digo de conducta de la Comunidad t\u00e9cnica | CyberArk<\/title>\n<meta name=\"robots\" content=\"index, follow, max-snippet:-1, max-image-preview:large, max-video-preview:-1\" \/>\n<link rel=\"canonical\" href=\"https:\/\/www.cyberark.com\/es\/tech-community-code-of-conduct\/\" \/>\n<meta property=\"og:locale\" content=\"es_ES\" \/>\n<meta property=\"og:type\" content=\"article\" \/>\n<meta property=\"og:title\" content=\"C\u00f3digo de conducta de la Comunidad t\u00e9cnica\" \/>\n<meta property=\"og:description\" content=\"[vc_row full_width=\u00bbstretch_row\u00bb el_class=\u00bbcybv2 int-hero-noimg dark\u00bb][vc_column width=\u00bb3\/4&#8243; el_class=\u00bbcolumn-1&#8243;][vc_column_text] C\u00f3digo de conducta de la Comunidad t\u00e9cnica 2023 [\/vc_column_text][vc_btn title=\u00bbComunidad t\u00e9cnica\u00bb style=\u00bbcustom\u00bb custom_background=\u00bb\u00bb custom_text=\u00bb\u00bb shape=\u00bbsquare\u00bb link=\u00bburl:https%3A%2F%2Fcyberark.my.site.com%2Fs%2F|\u00bb el_class=\u00bbcybv2-button-solid\u00bb][\/vc_column][\/vc_row][vc_row el_class=\u00bbcybv2&#8243;][vc_column css=\u00bb.vc_custom_1538598261432{padding-top: 2.5rem !important;padding-bottom: 2.5rem !important;}\u00bb][vc_column_text el_class=\u00bbcyb-pad-btm\u00bb]La Comunidad t\u00e9cnica de CyberArk...\" \/>\n<meta property=\"og:url\" content=\"https:\/\/www.cyberark.com\/es\/tech-community-code-of-conduct\/\" \/>\n<meta property=\"og:site_name\" content=\"CyberArk\" \/>\n<meta property=\"article:publisher\" content=\"https:\/\/www.facebook.com\/CyberArk\/\" \/>\n<meta property=\"article:modified_time\" content=\"2023-11-28T09:34:39+00:00\" \/>\n<meta property=\"og:image\" content=\"https:\/\/www.cyberark.com\/wp-content\/uploads\/2022\/09\/CYBR-gradient-bg-og-120x627-01-1024x535.png\" \/>\n\t<meta property=\"og:image:width\" content=\"1024\" \/>\n\t<meta property=\"og:image:height\" content=\"535\" \/>\n\t<meta property=\"og:image:type\" content=\"image\/png\" \/>\n<meta name=\"twitter:card\" content=\"summary_large_image\" \/>\n<meta name=\"twitter:site\" content=\"@CyberArk\" \/>\n<meta name=\"twitter:label1\" content=\"Tiempo de lectura\" \/>\n\t<meta name=\"twitter:data1\" content=\"7 minutos\" \/>\n<script type=\"application\/ld+json\" class=\"yoast-schema-graph\">{\"@context\":\"https:\/\/schema.org\",\"@graph\":[{\"@type\":\"WebPage\",\"@id\":\"https:\/\/www.cyberark.com\/es\/tech-community-code-of-conduct\/\",\"url\":\"https:\/\/www.cyberark.com\/es\/tech-community-code-of-conduct\/\",\"name\":\"C\u00f3digo de conducta de la Comunidad t\u00e9cnica | CyberArk\",\"isPartOf\":{\"@id\":\"https:\/\/www.cyberark.com\/#website\"},\"datePublished\":\"2020-08-12T18:19:37+00:00\",\"dateModified\":\"2023-11-28T09:34:39+00:00\",\"breadcrumb\":{\"@id\":\"https:\/\/www.cyberark.com\/es\/tech-community-code-of-conduct\/#breadcrumb\"},\"inLanguage\":\"es\",\"potentialAction\":[{\"@type\":\"ReadAction\",\"target\":[\"https:\/\/www.cyberark.com\/es\/tech-community-code-of-conduct\/\"]}]},{\"@type\":\"BreadcrumbList\",\"@id\":\"https:\/\/www.cyberark.com\/es\/tech-community-code-of-conduct\/#breadcrumb\",\"itemListElement\":[{\"@type\":\"ListItem\",\"position\":1,\"name\":\"Home\",\"item\":\"https:\/\/www.cyberark.com\/\"},{\"@type\":\"ListItem\",\"position\":2,\"name\":\"C\u00f3digo de conducta de la Comunidad t\u00e9cnica\"}]},{\"@type\":\"WebSite\",\"@id\":\"https:\/\/www.cyberark.com\/#website\",\"url\":\"https:\/\/www.cyberark.com\/\",\"name\":\"CyberArk\",\"description\":\"\",\"publisher\":{\"@id\":\"https:\/\/www.cyberark.com\/#organization\"},\"potentialAction\":[{\"@type\":\"SearchAction\",\"target\":{\"@type\":\"EntryPoint\",\"urlTemplate\":\"https:\/\/www.cyberark.com\/?s={search_term_string}\"},\"query-input\":{\"@type\":\"PropertyValueSpecification\",\"valueRequired\":true,\"valueName\":\"search_term_string\"}}],\"inLanguage\":\"es\"},{\"@type\":\"Organization\",\"@id\":\"https:\/\/www.cyberark.com\/#organization\",\"name\":\"CyberArk Software\",\"url\":\"https:\/\/www.cyberark.com\/\",\"logo\":{\"@type\":\"ImageObject\",\"inLanguage\":\"es\",\"@id\":\"https:\/\/www.cyberark.com\/#\/schema\/logo\/image\/\",\"url\":\"https:\/\/www.cyberark.com\/wp-content\/uploads\/2021\/02\/cyberark-logo-dark.svg\",\"contentUrl\":\"https:\/\/www.cyberark.com\/wp-content\/uploads\/2021\/02\/cyberark-logo-dark.svg\",\"width\":\"1024\",\"height\":\"1024\",\"caption\":\"CyberArk Software\"},\"image\":{\"@id\":\"https:\/\/www.cyberark.com\/#\/schema\/logo\/image\/\"},\"sameAs\":[\"https:\/\/www.facebook.com\/CyberArk\/\",\"https:\/\/x.com\/CyberArk\",\"https:\/\/www.linkedin.com\/company\/cyber-ark-software\/\"]}]}<\/script>\n<!-- \/ Yoast SEO Premium plugin. -->","yoast_head_json":{"title":"C\u00f3digo de conducta de la Comunidad t\u00e9cnica | CyberArk","robots":{"index":"index","follow":"follow","max-snippet":"max-snippet:-1","max-image-preview":"max-image-preview:large","max-video-preview":"max-video-preview:-1"},"canonical":"https:\/\/www.cyberark.com\/es\/tech-community-code-of-conduct\/","og_locale":"es_ES","og_type":"article","og_title":"C\u00f3digo de conducta de la Comunidad t\u00e9cnica","og_description":"[vc_row full_width=\u00bbstretch_row\u00bb el_class=\u00bbcybv2 int-hero-noimg dark\u00bb][vc_column width=\u00bb3\/4&#8243; el_class=\u00bbcolumn-1&#8243;][vc_column_text] C\u00f3digo de conducta de la Comunidad t\u00e9cnica 2023 [\/vc_column_text][vc_btn title=\u00bbComunidad t\u00e9cnica\u00bb style=\u00bbcustom\u00bb custom_background=\u00bb\u00bb custom_text=\u00bb\u00bb shape=\u00bbsquare\u00bb link=\u00bburl:https%3A%2F%2Fcyberark.my.site.com%2Fs%2F|\u00bb el_class=\u00bbcybv2-button-solid\u00bb][\/vc_column][\/vc_row][vc_row el_class=\u00bbcybv2&#8243;][vc_column css=\u00bb.vc_custom_1538598261432{padding-top: 2.5rem !important;padding-bottom: 2.5rem !important;}\u00bb][vc_column_text el_class=\u00bbcyb-pad-btm\u00bb]La Comunidad t\u00e9cnica de CyberArk...","og_url":"https:\/\/www.cyberark.com\/es\/tech-community-code-of-conduct\/","og_site_name":"CyberArk","article_publisher":"https:\/\/www.facebook.com\/CyberArk\/","article_modified_time":"2023-11-28T09:34:39+00:00","og_image":[{"width":1024,"height":535,"url":"https:\/\/www.cyberark.com\/wp-content\/uploads\/2022\/09\/CYBR-gradient-bg-og-120x627-01-1024x535.png","type":"image\/png"}],"twitter_card":"summary_large_image","twitter_site":"@CyberArk","twitter_misc":{"Tiempo de lectura":"7 minutos"},"schema":{"@context":"https:\/\/schema.org","@graph":[{"@type":"WebPage","@id":"https:\/\/www.cyberark.com\/es\/tech-community-code-of-conduct\/","url":"https:\/\/www.cyberark.com\/es\/tech-community-code-of-conduct\/","name":"C\u00f3digo de conducta de la Comunidad t\u00e9cnica | CyberArk","isPartOf":{"@id":"https:\/\/www.cyberark.com\/#website"},"datePublished":"2020-08-12T18:19:37+00:00","dateModified":"2023-11-28T09:34:39+00:00","breadcrumb":{"@id":"https:\/\/www.cyberark.com\/es\/tech-community-code-of-conduct\/#breadcrumb"},"inLanguage":"es","potentialAction":[{"@type":"ReadAction","target":["https:\/\/www.cyberark.com\/es\/tech-community-code-of-conduct\/"]}]},{"@type":"BreadcrumbList","@id":"https:\/\/www.cyberark.com\/es\/tech-community-code-of-conduct\/#breadcrumb","itemListElement":[{"@type":"ListItem","position":1,"name":"Home","item":"https:\/\/www.cyberark.com\/"},{"@type":"ListItem","position":2,"name":"C\u00f3digo de conducta de la Comunidad t\u00e9cnica"}]},{"@type":"WebSite","@id":"https:\/\/www.cyberark.com\/#website","url":"https:\/\/www.cyberark.com\/","name":"CyberArk","description":"","publisher":{"@id":"https:\/\/www.cyberark.com\/#organization"},"potentialAction":[{"@type":"SearchAction","target":{"@type":"EntryPoint","urlTemplate":"https:\/\/www.cyberark.com\/?s={search_term_string}"},"query-input":{"@type":"PropertyValueSpecification","valueRequired":true,"valueName":"search_term_string"}}],"inLanguage":"es"},{"@type":"Organization","@id":"https:\/\/www.cyberark.com\/#organization","name":"CyberArk Software","url":"https:\/\/www.cyberark.com\/","logo":{"@type":"ImageObject","inLanguage":"es","@id":"https:\/\/www.cyberark.com\/#\/schema\/logo\/image\/","url":"https:\/\/www.cyberark.com\/wp-content\/uploads\/2021\/02\/cyberark-logo-dark.svg","contentUrl":"https:\/\/www.cyberark.com\/wp-content\/uploads\/2021\/02\/cyberark-logo-dark.svg","width":"1024","height":"1024","caption":"CyberArk Software"},"image":{"@id":"https:\/\/www.cyberark.com\/#\/schema\/logo\/image\/"},"sameAs":["https:\/\/www.facebook.com\/CyberArk\/","https:\/\/x.com\/CyberArk","https:\/\/www.linkedin.com\/company\/cyber-ark-software\/"]}]}},"_links":{"self":[{"href":"https:\/\/www.cyberark.com\/es\/wp-json\/wp\/v2\/pages\/97836","targetHints":{"allow":["GET"]}}],"collection":[{"href":"https:\/\/www.cyberark.com\/es\/wp-json\/wp\/v2\/pages"}],"about":[{"href":"https:\/\/www.cyberark.com\/es\/wp-json\/wp\/v2\/types\/page"}],"author":[{"embeddable":true,"href":"https:\/\/www.cyberark.com\/es\/wp-json\/wp\/v2\/users\/164"}],"replies":[{"embeddable":true,"href":"https:\/\/www.cyberark.com\/es\/wp-json\/wp\/v2\/comments?post=97836"}],"version-history":[{"count":0,"href":"https:\/\/www.cyberark.com\/es\/wp-json\/wp\/v2\/pages\/97836\/revisions"}],"wp:attachment":[{"href":"https:\/\/www.cyberark.com\/es\/wp-json\/wp\/v2\/media?parent=97836"}],"wp:term":[{"taxonomy":"product_category","embeddable":true,"href":"https:\/\/www.cyberark.com\/es\/wp-json\/wp\/v2\/product_category?post=97836"}],"curies":[{"name":"wp","href":"https:\/\/api.w.org\/{rel}","templated":true}]}}