{"id":115040,"date":"2021-02-03T19:01:12","date_gmt":"2021-02-04T00:01:12","guid":{"rendered":"https:\/\/www.cyberark.com\/try-buy\/"},"modified":"2026-01-15T00:44:21","modified_gmt":"2026-01-15T05:44:21","slug":"try-buy","status":"publish","type":"page","link":"https:\/\/www.cyberark.com\/fr\/try-buy\/","title":{"rendered":"Essayez et achetez"},"content":{"rendered":"<div class=\"wpb-content-wrapper\"><p>[vc_row el_class=\u00a0\u00bbcybv2 cybv2-pad box-row\u00a0\u00bb][vc_column][vc_column_text el_class=\u00a0\u00bbhead-box\u00a0\u00bb]<\/p>\n<h1>D\u00e9monstrations et essais gratuits<\/h1>\n<p>[\/vc_column_text][vc_row_inner equal_height=\u00a0\u00bbyes\u00a0\u00bb][vc_column_inner el_class=\u00a0\u00bbcta-box\u00a0\u00bb width=\u00a0\u00bb1\/2&Prime;][vc_column_text el_class=\u00a0\u00bbcta-box-text\u00a0\u00bb]<\/p>\n<h4>Privileged Access Manager<\/h4>\n<p><\/p>\n<p class=\"bold\">Emp\u00eachez l\u2019utilisation malveillante de comptes \u00e0 privil\u00e8ges et d\u2019identifiants.<\/p>\n<p>[\/vc_column_text][vc_column_text el_class=\u00a0\u00bblink-arrow-right\u00a0\u00bb]<a href=\"https:\/\/www.cyberark.com\/fr\/try-buy\/privileged-access-manager-demo\/\">Demander une d\u00e9monstration<\/a><i class=\"fa fa-long-arrow-right\"><\/i>[\/vc_column_text][\/vc_column_inner][vc_column_inner el_class=\u00a0\u00bbcta-box\u00a0\u00bb width=\u00a0\u00bb1\/2&Prime;][vc_column_text el_class=\u00a0\u00bbcta-box-text\u00a0\u00bb]<\/p>\n<h4>Workforce Identity<\/h4>\n<p><\/p>\n<p class=\"bold\">Donnez \u00e0 votre personnel un acc\u00e8s s\u00e9curis\u00e9 aux ressources de l\u2019entreprise.<\/p>\n<p>[\/vc_column_text][vc_column_text css=\u00a0\u00bb\u00a0\u00bb el_class=\u00a0\u00bblink-arrow-right\u00a0\u00bb]<a href=\"https:\/\/www.cyberark.com\/fr\/try-buy\/workforce-access-solutions-demo\/\" rel=\"noopener noreferrer\">Demander une d\u00e9monstration<\/a><i class=\"fa fa-long-arrow-right\"><\/i>[\/vc_column_text][\/vc_column_inner][\/vc_row_inner][vc_row_inner equal_height=\u00a0\u00bbyes\u00a0\u00bb][vc_column_inner el_class=\u00a0\u00bbcta-box\u00a0\u00bb width=\u00a0\u00bb1\/2&Prime;][vc_column_text el_class=\u00a0\u00bbcta-box-text\u00a0\u00bb]<\/p>\n<h4>Vendor Privileged Access Manager<\/h4>\n<p><\/p>\n<p class=\"bold\">S\u00e9curisez l\u2019acc\u00e8s des tiers sans VPN, agents ou mots de passe.<\/p>\n<p>\n[\/vc_column_text][vc_column_text el_class=\u00a0\u00bblink-arrow-right\u00a0\u00bb]<a href=\"https:\/\/www.cyberark.com\/fr\/try-buy\/vendor-privileged-access-manager-trial\/\">D\u00e9marrez un essai<\/a><i class=\"fa fa-long-arrow-right\"><\/i>[\/vc_column_text][\/vc_column_inner][vc_column_inner el_class=\u00a0\u00bbcta-box\u00a0\u00bb width=\u00a0\u00bb1\/2&Prime;][vc_column_text css=\u00a0\u00bb\u00a0\u00bb el_class=\u00a0\u00bbcta-box-text\u00a0\u00bb]<\/p>\n<h4>CyberArk Secrets Manager, SaaS<\/h4>\n<p><\/p>\n<p class=\"bold\">G\u00e9rez les acc\u00e8s non humains et les identit\u00e9s machines dans des environnements multicloud et hybrides avec une exp\u00e9rience uniforme pour la s\u00e9curit\u00e9 et les d\u00e9veloppeurs, o\u00f9 que se trouvent vos secrets.<br \/>\n[\/vc_column_text][vc_column_text css=\u00a0\u00bb\u00a0\u00bb el_class=\u00a0\u00bblink-arrow-right\u00a0\u00bb]<a href=\"https:\/\/www.cyberark.com\/fr\/try-buy\/secrets-manager-saas-demo\/\">Obtenir une d\u00e9monstration<\/a><i class=\"fa fa-long-arrow-right\"><\/i>[\/vc_column_text][\/vc_column_inner][\/vc_row_inner][vc_row_inner equal_height=\u00a0\u00bbyes\u00a0\u00bb][vc_column_inner el_class=\u00a0\u00bbcta-box\u00a0\u00bb width=\u00a0\u00bb1\/2&Prime;][vc_column_text css=\u00a0\u00bb\u00a0\u00bb el_class=\u00a0\u00bbcta-box-text\u00a0\u00bb]<\/p>\n<h4>CyberArk Certificate Manager, SaaS<\/h4>\n<p><\/p>\n<p class=\"bold\">Commencez d\u00e8s aujourd&rsquo;hui et d\u00e9couvrez \u00e0 quel point il est facile de g\u00e9rer tous les certificats TLS\/SSL sur votre r\u00e9seau.<br \/>\n[\/vc_column_text][vc_column_text css=\u00a0\u00bb\u00a0\u00bb el_class=\u00a0\u00bblink-arrow-right\u00a0\u00bb]<a href=\"https:\/\/www.cyberark.com\/fr\/try-buy\/certificate-manager-saas-trial\/\">Commencer un essai<\/a><i class=\"fa fa-long-arrow-right\"><\/i>[\/vc_column_text][\/vc_column_inner][vc_column_inner el_class=\u00a0\u00bbcta-box\u00a0\u00bb width=\u00a0\u00bb1\/2&Prime;][vc_column_text css=\u00a0\u00bb\u00a0\u00bb el_class=\u00a0\u00bbcta-box-text\u00a0\u00bb]<\/p>\n<h4>CyberArk Certificate Manager pour Kubernetes<\/h4>\n<p><\/p>\n<p class=\"bold\">S\u00e9curisez vos environnements cloud natifs gr\u00e2ce \u00e0 une gestion moderne et professionnelle des identit\u00e9s machines Kubernetes et utilisez cert-manager sur plusieurs clusters.<br \/>\n[\/vc_column_text][vc_column_text css=\u00a0\u00bb\u00a0\u00bb el_class=\u00a0\u00bblink-arrow-right\u00a0\u00bb]<a href=\"https:\/\/www.cyberark.com\/fr\/try-buy\/certificate-manager-kubernetes-trial\/\">Commencer un essai<\/a><i class=\"fa fa-long-arrow-right\"><\/i>[\/vc_column_text][\/vc_column_inner][\/vc_row_inner][vc_row_inner equal_height=\u00a0\u00bbyes\u00a0\u00bb][vc_column_inner el_class=\u00a0\u00bbcta-box\u00a0\u00bb width=\u00a0\u00bb1\/2&Prime;][vc_column_text css=\u00a0\u00bb\u00a0\u00bb el_class=\u00a0\u00bbcta-box-text\u00a0\u00bb]<\/p>\n<h4>Solutions Modern IGA<\/h4>\n<p><\/p>\n<p class=\"bold\">Demandez une d\u00e9mo personnalis\u00e9e pour d\u00e9couvrir comment les solutions Modern IGA de CyberArk automatisent les r\u00e9visions d&rsquo;acc\u00e8s et rationalisent la validation des autorisations au sein de votre organisation.<br \/>\n[\/vc_column_text][vc_column_text css=\u00a0\u00bb\u00a0\u00bb el_class=\u00a0\u00bblink-arrow-right\u00a0\u00bb]<a href=\"https:\/\/www.cyberark.com\/fr\/try-buy\/modern-iga-demo\/\">Obtenir une d\u00e9monstration<\/a><i class=\"fa fa-long-arrow-right\"><\/i>[\/vc_column_text][\/vc_column_inner][vc_column_inner el_class=\u00a0\u00bbcta-box\u00a0\u00bb width=\u00a0\u00bb1\/2&Prime;][vc_column_text el_class=\u00a0\u00bbcta-box-text\u00a0\u00bb]<\/p>\n<h4>Workforce Password Management<\/h4>\n<p><\/p>\n<p class=\"bold\">Stockez, g\u00e9rez et partagez en toute s\u00e9curit\u00e9 les identifiants des applications m\u00e9tier.<\/p>\n<p>\n[\/vc_column_text][vc_column_text css=\u00a0\u00bb\u00a0\u00bb el_class=\u00a0\u00bblink-arrow-right\u00a0\u00bb]<a href=\"https:\/\/www.cyberark.com\/fr\/try-buy\/workforce-password-management-demo\/\">Demander une d\u00e9monstration<\/a><i class=\"fa fa-long-arrow-right\"><\/i>[\/vc_column_text][\/vc_column_inner][\/vc_row_inner][vc_row_inner equal_height=\u00a0\u00bbyes\u00a0\u00bb][vc_column_inner el_class=\u00a0\u00bbcta-box\u00a0\u00bb width=\u00a0\u00bb1\/2&Prime;][vc_column_text css=\u00a0\u00bb\u00a0\u00bb el_class=\u00a0\u00bbcta-box-text\u00a0\u00bb]<\/p>\n<h4>CyberArk Workload Identity Manager<\/h4>\n<p><\/p>\n<p class=\"bold\">D\u00e9ployez efficacement des identit\u00e9s de charge de travail conformes et fiables pour le d\u00e9veloppement moderne.<br \/>\n[\/vc_column_text][vc_column_text css=\u00a0\u00bb\u00a0\u00bb el_class=\u00a0\u00bblink-arrow-right\u00a0\u00bb]<a href=\"https:\/\/www.cyberark.com\/fr\/try-buy\/workload-identity-manager-trial\/\">Commencer un essai<\/a><i class=\"fa fa-long-arrow-right\"><\/i>[\/vc_column_text][\/vc_column_inner][vc_column_inner el_class=\u00a0\u00bbcta-box\u00a0\u00bb width=\u00a0\u00bb1\/2&Prime;][vc_column_text el_class=\u00a0\u00bbcta-box-text\u00a0\u00bb]<\/p>\n<h4>Secrets Hub<\/h4>\n<p><\/p>\n<p class=\"bold\">Gestion centralis\u00e9e, visibilit\u00e9 et rotation pour vos secrets dans le cloud.<\/p>\n<p>\n[\/vc_column_text][vc_column_text el_class=\u00a0\u00bblink-arrow-right\u00a0\u00bb]<a href=\"https:\/\/www.cyberark.com\/try-buy\/secrets-hub\/\">Demander une d\u00e9monstration<\/a><i class=\"fa fa-long-arrow-right\"><\/i>[\/vc_column_text][\/vc_column_inner][\/vc_row_inner][vc_row_inner equal_height=\u00a0\u00bbyes\u00a0\u00bb][vc_column_inner el_class=\u00a0\u00bbcta-box\u00a0\u00bb width=\u00a0\u00bb1\/2&Prime;][vc_column_text el_class=\u00a0\u00bbcta-box-text\u00a0\u00bb]<\/p>\n<h4>Endpoint Privilege Manager<\/h4>\n<p><\/p>\n<p class=\"bold\">Verrouillez les privil\u00e8ges sur tous les terminaux et emp\u00eachez les mouvements lat\u00e9raux.<\/p>\n<p>[\/vc_column_text][vc_column_text css=\u00a0\u00bb\u00a0\u00bb el_class=\u00a0\u00bblink-arrow-right\u00a0\u00bb]<a href=\"https:\/\/www.cyberark.com\/fr\/try-buy\/endpoint-privilege-manager-demo\/\">Demander une d\u00e9mo personnalis\u00e9e<\/a><i class=\"fa fa-long-arrow-right\"><\/i><\/p>\n<p><a href=\"https:\/\/www.cyberark.com\/fr\/try-buy\/epm-interactive-tour\/\">Faites une visite interactive des produits<\/a><i class=\"fa fa-long-arrow-right\"><\/i>[\/vc_column_text][\/vc_column_inner][vc_column_inner el_class=\u00a0\u00bbcta-box\u00a0\u00bb width=\u00a0\u00bb1\/2&Prime;][vc_column_text el_class=\u00a0\u00bbcta-box-text\u00a0\u00bb]<\/p>\n<h4>\u00c9valuation rapide des risques<\/h4>\n<p><\/p>\n<p class=\"bold\">Reprenez le contr\u00f4le des acc\u00e8s \u00e0 privil\u00e8ges gr\u00e2ce \u00e0 une \u00e9valuation gratuite des risques.<\/p>\n<p>\n[\/vc_column_text][vc_column_text el_class=\u00a0\u00bblink-arrow-right\u00a0\u00bb]<a href=\"https:\/\/www.cyberark.com\/fr\/try-buy\/rapid-risk-assessment\/\">D\u00e9marrer une \u00e9valuation<\/a><i class=\"fa fa-long-arrow-right\"><\/i>[\/vc_column_text][\/vc_column_inner][\/vc_row_inner][vc_row_inner equal_height=\u00a0\u00bbyes\u00a0\u00bb][vc_column_inner el_class=\u00a0\u00bbcta-box\u00a0\u00bb width=\u00a0\u00bb1\/2&Prime;][vc_column_text el_class=\u00a0\u00bbcta-box-text\u00a0\u00bb]<\/p>\n<h4>Kit d\u2019outils CyberArk Blueprint<\/h4>\n<p><\/p>\n<p class=\"bold\">Un ensemble complet de ressources pour d\u00e9velopper un programme solide de s\u00e9curit\u00e9 des identit\u00e9s.<\/p>\n<p>\n[\/vc_column_text][vc_column_text el_class=\u00a0\u00bblink-arrow-right\u00a0\u00bb]<a href=\"https:\/\/www.cyberark.com\/fr\/try-buy\/blueprint-toolkit\/\">Demander le kit d\u2019outils<\/a><i class=\"fa fa-long-arrow-right\"><\/i>[\/vc_column_text][\/vc_column_inner][vc_column_inner el_class=\u00a0\u00bbcta-box\u00a0\u00bb width=\u00a0\u00bb1\/2&Prime;][vc_column_text el_class=\u00a0\u00bbcta-box-text\u00a0\u00bb]<\/p>\n<h4>CyberArk<sup>\u00ae<\/sup> Discovery &amp; Audit<sup>\u2122<\/sup><\/h4>\n<p><\/p>\n<p class=\"bold\">Faites le premier pas vers une meilleure strat\u00e9gie de s\u00e9curit\u00e9 avec une \u00e9valuation d\u00e9taill\u00e9e gratuite des risques li\u00e9s aux acc\u00e8s \u00e0 privil\u00e8ges.<\/p>\n<p>\n[\/vc_column_text][vc_column_text el_class=\u00a0\u00bblink-arrow-right\u00a0\u00bb]<a href=\"https:\/\/www.cyberark.com\/fr\/discovery-audit\/\">Commencez votre \u00e9valuation<\/a><i class=\"fa fa-long-arrow-right\"><\/i>[\/vc_column_text][\/vc_column_inner][\/vc_row_inner][vc_row_inner equal_height=\u00a0\u00bbyes\u00a0\u00bb][vc_column_inner el_class=\u00a0\u00bbcta-box\u00a0\u00bb width=\u00a0\u00bb1\/2&Prime;][vc_column_text css=\u00a0\u00bb\u00a0\u00bb el_class=\u00a0\u00bbcta-box-text\u00a0\u00bb]<\/p>\n<h4>Secure AI Agents<\/h4>\n<p><\/p>\n<p class=\"bold\">D\u00e9couvrez avec un expert comment s\u00e9curiser cette nouvelle cat\u00e9gorie d&rsquo;identit\u00e9s de privil\u00e8ges.<\/p>\n<p>\n[\/vc_column_text][vc_column_text css=\u00a0\u00bb\u00a0\u00bb el_class=\u00a0\u00bblink-arrow-right\u00a0\u00bb]<a href=\"https:\/\/www.cyberark.com\/fr\/try-buy\/secure-ai-agents\/\">Demande de consultation avec un expert<\/a><i class=\"fa fa-long-arrow-right\"><\/i>[\/vc_column_text][\/vc_column_inner][\/vc_row_inner][\/vc_column][\/vc_row][vc_row full_width=\u00a0\u00bbstretch_row\u00a0\u00bb equal_height=\u00a0\u00bbyes\u00a0\u00bb el_class=\u00a0\u00bbcybv2 cybv2-pad cybv2-oval-left-background hv-cta-list\u00a0\u00bb css=\u00a0\u00bb.vc_custom_1611885567532{background-color: #ff7600 !important;}\u00a0\u00bb][vc_column width=\u00a0\u00bb1\/2&Prime; el_class=\u00a0\u00bbimg-box\u00a0\u00bb css=\u00a0\u00bb.vc_custom_1612237020410{background-image: url(https:\/\/www.cyberark.com\/wp-content\/uploads\/2021\/01\/Homepage-highvalueCTA.jpg?id=108971) !important;background-position: center !important;background-repeat: no-repeat !important;background-size: cover !important;}\u00a0\u00bb][\/vc_column][vc_column width=\u00a0\u00bb1\/2&Prime; el_class=\u00a0\u00bbstat-column\u00a0\u00bb][vc_row_inner][vc_column_inner el_class=\u00a0\u00bbhead-box\u00a0\u00bb width=\u00a0\u00bb3\/4&Prime; offset=\u00a0\u00bbvc_col-sm-offset-1 vc_col-xs-offset-1 vc_col-xs-11&Prime;][vc_column_text]<\/p>\n<h2>Vous cherchez autre chose?<\/h2>\n<p>\n[\/vc_column_text][\/vc_column_inner][\/vc_row_inner][vc_row_inner][vc_column_inner el_class=\u00a0\u00bblist-box\u00a0\u00bb width=\u00a0\u00bb11\/12&Prime; offset=\u00a0\u00bbvc_col-sm-offset-1 vc_col-xs-offset-1 vc_col-xs-11&Prime;][vc_column_text el_class=\u00a0\u00bbbenefits-content-icon\u00a0\u00bb]<img loading=\"lazy\" decoding=\"async\" width=\"48\" height=\"48\" class=\"alignnone wp-image-106504 size-medium\" style=\"width: 48px;\" src=\"https:\/\/www.cyberark.com\/wp-content\/uploads\/2020\/12\/cybv2-checkmark-orange.svg\" alt=\"checkmark icon\" \/>[\/vc_column_text][vc_column_text el_class=\u00a0\u00bblist-text\u00a0\u00bb]Parlez des besoins de votre entreprise avec un expert[\/vc_column_text][\/vc_column_inner][\/vc_row_inner][vc_row_inner][vc_column_inner el_class=\u00a0\u00bblist-box\u00a0\u00bb width=\u00a0\u00bb11\/12&Prime; offset=\u00a0\u00bbvc_col-sm-offset-1 vc_col-xs-offset-1 vc_col-xs-11&Prime;][vc_column_text el_class=\u00a0\u00bbbenefits-content-icon\u00a0\u00bb]<img loading=\"lazy\" decoding=\"async\" width=\"48\" height=\"48\" class=\"alignnone wp-image-106504 size-medium\" style=\"width: 48px;\" src=\"https:\/\/www.cyberark.com\/wp-content\/uploads\/2020\/12\/cybv2-checkmark-orange.svg\" alt=\"checkmark icon\" \/>[\/vc_column_text][vc_column_text el_class=\u00a0\u00bblist-text\u00a0\u00bb]Comprenez les composants cl\u00e9s d\u2019une strat\u00e9gie de s\u00e9curit\u00e9 des identit\u00e9s[\/vc_column_text][\/vc_column_inner][\/vc_row_inner][vc_row_inner][vc_column_inner el_class=\u00a0\u00bblist-box\u00a0\u00bb width=\u00a0\u00bb11\/12&Prime; offset=\u00a0\u00bbvc_col-sm-offset-1 vc_col-xs-offset-1 vc_col-xs-11&Prime;][vc_column_text el_class=\u00a0\u00bbbenefits-content-icon\u00a0\u00bb]<img loading=\"lazy\" decoding=\"async\" width=\"48\" height=\"48\" class=\"alignnone wp-image-106504 size-medium\" style=\"width: 48px;\" src=\"https:\/\/www.cyberark.com\/wp-content\/uploads\/2020\/12\/cybv2-checkmark-orange.svg\" alt=\"checkmark icon\" \/>[\/vc_column_text][vc_column_text el_class=\u00a0\u00bblist-text\u00a0\u00bb]Demandez une d\u00e9monstration de produit[\/vc_column_text][\/vc_column_inner][\/vc_row_inner][vc_row_inner][vc_column_inner el_class=\u00a0\u00bblist-box\u00a0\u00bb width=\u00a0\u00bb11\/12&Prime; offset=\u00a0\u00bbvc_col-sm-offset-1 vc_col-xs-offset-1 vc_col-xs-11&Prime;][vc_btn title=\u00a0\u00bbContactez-nous\u00a0\u00bb style=\u00a0\u00bbcustom\u00a0\u00bb custom_background=\u00a0\u00bb\u00a0\u00bb custom_text=\u00a0\u00bb\u00a0\u00bb shape=\u00a0\u00bbsquare\u00a0\u00bb link=\u00a0\u00bburl:https%3A%2F%2Fwww.cyberark.com%2Ffr%2Fcontact%2F|\u00a0\u00bb el_class=\u00a0\u00bbcybv2-button-solid\u00a0\u00bb][\/vc_column_inner][\/vc_row_inner][\/vc_column][\/vc_row]<\/p>\n<\/div>","protected":false},"excerpt":{"rendered":"<p>[vc_row el_class=\u00a0\u00bbcybv2 cybv2-pad box-row\u00a0\u00bb][vc_column][vc_column_text el_class=\u00a0\u00bbhead-box\u00a0\u00bb] D\u00e9monstrations et essais gratuits [\/vc_column_text][vc_row_inner equal_height=\u00a0\u00bbyes\u00a0\u00bb][vc_column_inner el_class=\u00a0\u00bbcta-box\u00a0\u00bb width=\u00a0\u00bb1\/2&Prime;][vc_column_text el_class=\u00a0\u00bbcta-box-text\u00a0\u00bb] Privileged Access Manager Emp\u00eachez l\u2019utilisation malveillante de comptes \u00e0 privil\u00e8ges et d\u2019identifiants. [\/vc_column_text][vc_column_text el_class=\u00a0\u00bblink-arrow-right\u00a0\u00bb]Demander une d\u00e9monstration[\/vc_column_text][\/vc_column_inner][vc_column_inner el_class=\u00a0\u00bbcta-box\u00a0\u00bb width=\u00a0\u00bb1\/2&Prime;][vc_column_text el_class=\u00a0\u00bbcta-box-text\u00a0\u00bb] Workforce Identity&#8230;<\/p>\n","protected":false},"author":125,"featured_media":0,"parent":0,"menu_order":0,"comment_status":"closed","ping_status":"closed","template":"","meta":{"_acf_changed":false,"inline_featured_image":false,"footnotes":""},"product_category":[27776],"class_list":["post-115040","page","type-page","status-publish","hentry","product_category-identity-security"],"acf":[],"yoast_head":"<!-- This site is optimized with the Yoast SEO Premium plugin v27.2 (Yoast SEO v27.2) - https:\/\/yoast.com\/product\/yoast-seo-premium-wordpress\/ -->\n<title>D\u00e9monstrations et essais gratuits des solutions de s\u00e9curit\u00e9 des identit\u00e9s | CyberArk<\/title>\n<meta name=\"description\" content=\"D\u00e9couvrez la plateforme CyberArk Identity Security en action. Inscrivez-vous \u00e0 un essai gratuit ou \u00e0 une d\u00e9monstration personnalis\u00e9e, en direct sur site ou en ligne.\" \/>\n<meta name=\"robots\" content=\"index, follow, max-snippet:-1, max-image-preview:large, max-video-preview:-1\" \/>\n<link rel=\"canonical\" href=\"https:\/\/www.cyberark.com\/try-buy\/\" \/>\n<meta property=\"og:locale\" content=\"fr_FR\" \/>\n<meta property=\"og:type\" content=\"article\" \/>\n<meta property=\"og:title\" content=\"Essayez et achetez\" \/>\n<meta property=\"og:description\" content=\"D\u00e9couvrez la plateforme CyberArk Identity Security en action. Inscrivez-vous \u00e0 un essai gratuit ou \u00e0 une d\u00e9monstration personnalis\u00e9e, en direct sur site ou en ligne.\" \/>\n<meta property=\"og:url\" content=\"https:\/\/www.cyberark.com\/try-buy\/\" \/>\n<meta property=\"og:site_name\" content=\"CyberArk\" \/>\n<meta property=\"article:publisher\" content=\"https:\/\/www.facebook.com\/CyberArk\/\" \/>\n<meta property=\"article:modified_time\" content=\"2026-01-15T05:44:21+00:00\" \/>\n<meta name=\"twitter:card\" content=\"summary_large_image\" \/>\n<meta name=\"twitter:site\" content=\"@CyberArk\" \/>\n<meta name=\"twitter:label1\" content=\"Dur\u00e9e de lecture estim\u00e9e\" \/>\n\t<meta name=\"twitter:data1\" content=\"6 minutes\" \/>\n<script type=\"application\/ld+json\" class=\"yoast-schema-graph\">{\"@context\":\"https:\/\/schema.org\",\"@graph\":[{\"@type\":\"WebPage\",\"@id\":\"https:\/\/www.cyberark.com\/try-buy\/\",\"url\":\"https:\/\/www.cyberark.com\/try-buy\/\",\"name\":\"D\u00e9monstrations et essais gratuits des solutions de s\u00e9curit\u00e9 des identit\u00e9s | CyberArk\",\"isPartOf\":{\"@id\":\"https:\/\/www.cyberark.com\/#website\"},\"primaryImageOfPage\":{\"@id\":\"https:\/\/www.cyberark.com\/try-buy\/#primaryimage\"},\"image\":{\"@id\":\"https:\/\/www.cyberark.com\/try-buy\/#primaryimage\"},\"thumbnailUrl\":\"https:\/\/www.cyberark.com\/wp-content\/uploads\/2020\/12\/cybv2-checkmark-orange.svg\",\"datePublished\":\"2021-02-04T00:01:12+00:00\",\"dateModified\":\"2026-01-15T05:44:21+00:00\",\"description\":\"D\u00e9couvrez la plateforme CyberArk Identity Security en action. Inscrivez-vous \u00e0 un essai gratuit ou \u00e0 une d\u00e9monstration personnalis\u00e9e, en direct sur site ou en ligne.\",\"breadcrumb\":{\"@id\":\"https:\/\/www.cyberark.com\/try-buy\/#breadcrumb\"},\"inLanguage\":\"fr-FR\",\"potentialAction\":[{\"@type\":\"ReadAction\",\"target\":[\"https:\/\/www.cyberark.com\/try-buy\/\"]}]},{\"@type\":\"ImageObject\",\"inLanguage\":\"fr-FR\",\"@id\":\"https:\/\/www.cyberark.com\/try-buy\/#primaryimage\",\"url\":\"https:\/\/www.cyberark.com\/wp-content\/uploads\/2020\/12\/cybv2-checkmark-orange.svg\",\"contentUrl\":\"https:\/\/www.cyberark.com\/wp-content\/uploads\/2020\/12\/cybv2-checkmark-orange.svg\"},{\"@type\":\"BreadcrumbList\",\"@id\":\"https:\/\/www.cyberark.com\/try-buy\/#breadcrumb\",\"itemListElement\":[{\"@type\":\"ListItem\",\"position\":1,\"name\":\"Home\",\"item\":\"https:\/\/www.cyberark.com\/\"},{\"@type\":\"ListItem\",\"position\":2,\"name\":\"Essayez et achetez\"}]},{\"@type\":\"WebSite\",\"@id\":\"https:\/\/www.cyberark.com\/#website\",\"url\":\"https:\/\/www.cyberark.com\/\",\"name\":\"CyberArk\",\"description\":\"\",\"publisher\":{\"@id\":\"https:\/\/www.cyberark.com\/#organization\"},\"potentialAction\":[{\"@type\":\"SearchAction\",\"target\":{\"@type\":\"EntryPoint\",\"urlTemplate\":\"https:\/\/www.cyberark.com\/?s={search_term_string}\"},\"query-input\":{\"@type\":\"PropertyValueSpecification\",\"valueRequired\":true,\"valueName\":\"search_term_string\"}}],\"inLanguage\":\"fr-FR\"},{\"@type\":\"Organization\",\"@id\":\"https:\/\/www.cyberark.com\/#organization\",\"name\":\"CyberArk Software\",\"url\":\"https:\/\/www.cyberark.com\/\",\"logo\":{\"@type\":\"ImageObject\",\"inLanguage\":\"fr-FR\",\"@id\":\"https:\/\/www.cyberark.com\/#\/schema\/logo\/image\/\",\"url\":\"https:\/\/www.cyberark.com\/wp-content\/uploads\/2021\/02\/cyberark-logo-dark.svg\",\"contentUrl\":\"https:\/\/www.cyberark.com\/wp-content\/uploads\/2021\/02\/cyberark-logo-dark.svg\",\"width\":\"1024\",\"height\":\"1024\",\"caption\":\"CyberArk Software\"},\"image\":{\"@id\":\"https:\/\/www.cyberark.com\/#\/schema\/logo\/image\/\"},\"sameAs\":[\"https:\/\/www.facebook.com\/CyberArk\/\",\"https:\/\/x.com\/CyberArk\",\"https:\/\/www.linkedin.com\/company\/cyber-ark-software\/\"]}]}<\/script>\n<!-- \/ Yoast SEO Premium plugin. -->","yoast_head_json":{"title":"D\u00e9monstrations et essais gratuits des solutions de s\u00e9curit\u00e9 des identit\u00e9s | CyberArk","description":"D\u00e9couvrez la plateforme CyberArk Identity Security en action. Inscrivez-vous \u00e0 un essai gratuit ou \u00e0 une d\u00e9monstration personnalis\u00e9e, en direct sur site ou en ligne.","robots":{"index":"index","follow":"follow","max-snippet":"max-snippet:-1","max-image-preview":"max-image-preview:large","max-video-preview":"max-video-preview:-1"},"canonical":"https:\/\/www.cyberark.com\/try-buy\/","og_locale":"fr_FR","og_type":"article","og_title":"Essayez et achetez","og_description":"D\u00e9couvrez la plateforme CyberArk Identity Security en action. Inscrivez-vous \u00e0 un essai gratuit ou \u00e0 une d\u00e9monstration personnalis\u00e9e, en direct sur site ou en ligne.","og_url":"https:\/\/www.cyberark.com\/try-buy\/","og_site_name":"CyberArk","article_publisher":"https:\/\/www.facebook.com\/CyberArk\/","article_modified_time":"2026-01-15T05:44:21+00:00","twitter_card":"summary_large_image","twitter_site":"@CyberArk","twitter_misc":{"Dur\u00e9e de lecture estim\u00e9e":"6 minutes"},"schema":{"@context":"https:\/\/schema.org","@graph":[{"@type":"WebPage","@id":"https:\/\/www.cyberark.com\/try-buy\/","url":"https:\/\/www.cyberark.com\/try-buy\/","name":"D\u00e9monstrations et essais gratuits des solutions de s\u00e9curit\u00e9 des identit\u00e9s | CyberArk","isPartOf":{"@id":"https:\/\/www.cyberark.com\/#website"},"primaryImageOfPage":{"@id":"https:\/\/www.cyberark.com\/try-buy\/#primaryimage"},"image":{"@id":"https:\/\/www.cyberark.com\/try-buy\/#primaryimage"},"thumbnailUrl":"https:\/\/www.cyberark.com\/wp-content\/uploads\/2020\/12\/cybv2-checkmark-orange.svg","datePublished":"2021-02-04T00:01:12+00:00","dateModified":"2026-01-15T05:44:21+00:00","description":"D\u00e9couvrez la plateforme CyberArk Identity Security en action. Inscrivez-vous \u00e0 un essai gratuit ou \u00e0 une d\u00e9monstration personnalis\u00e9e, en direct sur site ou en ligne.","breadcrumb":{"@id":"https:\/\/www.cyberark.com\/try-buy\/#breadcrumb"},"inLanguage":"fr-FR","potentialAction":[{"@type":"ReadAction","target":["https:\/\/www.cyberark.com\/try-buy\/"]}]},{"@type":"ImageObject","inLanguage":"fr-FR","@id":"https:\/\/www.cyberark.com\/try-buy\/#primaryimage","url":"https:\/\/www.cyberark.com\/wp-content\/uploads\/2020\/12\/cybv2-checkmark-orange.svg","contentUrl":"https:\/\/www.cyberark.com\/wp-content\/uploads\/2020\/12\/cybv2-checkmark-orange.svg"},{"@type":"BreadcrumbList","@id":"https:\/\/www.cyberark.com\/try-buy\/#breadcrumb","itemListElement":[{"@type":"ListItem","position":1,"name":"Home","item":"https:\/\/www.cyberark.com\/"},{"@type":"ListItem","position":2,"name":"Essayez et achetez"}]},{"@type":"WebSite","@id":"https:\/\/www.cyberark.com\/#website","url":"https:\/\/www.cyberark.com\/","name":"CyberArk","description":"","publisher":{"@id":"https:\/\/www.cyberark.com\/#organization"},"potentialAction":[{"@type":"SearchAction","target":{"@type":"EntryPoint","urlTemplate":"https:\/\/www.cyberark.com\/?s={search_term_string}"},"query-input":{"@type":"PropertyValueSpecification","valueRequired":true,"valueName":"search_term_string"}}],"inLanguage":"fr-FR"},{"@type":"Organization","@id":"https:\/\/www.cyberark.com\/#organization","name":"CyberArk Software","url":"https:\/\/www.cyberark.com\/","logo":{"@type":"ImageObject","inLanguage":"fr-FR","@id":"https:\/\/www.cyberark.com\/#\/schema\/logo\/image\/","url":"https:\/\/www.cyberark.com\/wp-content\/uploads\/2021\/02\/cyberark-logo-dark.svg","contentUrl":"https:\/\/www.cyberark.com\/wp-content\/uploads\/2021\/02\/cyberark-logo-dark.svg","width":"1024","height":"1024","caption":"CyberArk Software"},"image":{"@id":"https:\/\/www.cyberark.com\/#\/schema\/logo\/image\/"},"sameAs":["https:\/\/www.facebook.com\/CyberArk\/","https:\/\/x.com\/CyberArk","https:\/\/www.linkedin.com\/company\/cyber-ark-software\/"]}]}},"_links":{"self":[{"href":"https:\/\/www.cyberark.com\/fr\/wp-json\/wp\/v2\/pages\/115040","targetHints":{"allow":["GET"]}}],"collection":[{"href":"https:\/\/www.cyberark.com\/fr\/wp-json\/wp\/v2\/pages"}],"about":[{"href":"https:\/\/www.cyberark.com\/fr\/wp-json\/wp\/v2\/types\/page"}],"author":[{"embeddable":true,"href":"https:\/\/www.cyberark.com\/fr\/wp-json\/wp\/v2\/users\/125"}],"replies":[{"embeddable":true,"href":"https:\/\/www.cyberark.com\/fr\/wp-json\/wp\/v2\/comments?post=115040"}],"version-history":[{"count":0,"href":"https:\/\/www.cyberark.com\/fr\/wp-json\/wp\/v2\/pages\/115040\/revisions"}],"wp:attachment":[{"href":"https:\/\/www.cyberark.com\/fr\/wp-json\/wp\/v2\/media?parent=115040"}],"wp:term":[{"taxonomy":"product_category","embeddable":true,"href":"https:\/\/www.cyberark.com\/fr\/wp-json\/wp\/v2\/product_category?post=115040"}],"curies":[{"name":"wp","href":"https:\/\/api.w.org\/{rel}","templated":true}]}}