{"id":134353,"date":"2022-09-15T14:38:01","date_gmt":"2022-09-15T18:38:01","guid":{"rendered":"https:\/\/www.cyberark.com\/partners\/devenir-partenaire\/"},"modified":"2023-12-07T07:58:29","modified_gmt":"2023-12-07T12:58:29","slug":"become-a-partner","status":"publish","type":"page","link":"https:\/\/www.cyberark.com\/fr\/partners\/become-a-partner\/","title":{"rendered":"Devenir partenaire"},"content":{"rendered":"<div class=\"wpb-content-wrapper\"><p>[vc_row full_width=\u00a0\u00bbstretch_row\u00a0\u00bb equal_height=\u00a0\u00bbyes\u00a0\u00bb css=\u00a0\u00bb.vc_custom_1609868130755{background-color: #f7f7f7 !important;}\u00a0\u00bb el_class=\u00a0\u00bbcybv2 cybv2-pad-top hv-cta\u00a0\u00bb][vc_column width=\u00a0\u00bb7\/12&Prime; el_class=\u00a0\u00bbleft-clmn\u00a0\u00bb][vc_column_text]<\/p>\n<h1>Devenez l\u2019un de nos partenaires<\/h1>\n<h4>Le programme de partenariat CyberArk vous offre une exp\u00e9rience de partenariat flexible, coh\u00e9rente et pr\u00e9visible.<\/h4>\n<p>[\/vc_column_text][vc_row_inner][vc_column_inner el_class=\u00a0\u00bbhead-box\u00a0\u00bb][vc_column_text]<img loading=\"lazy\" decoding=\"async\" width=\"48\" height=\"48\" class=\"alignnone wp-image-106504 size-medium\" style=\"width: 48px;\" src=\"https:\/\/www.cyberark.com\/wp-content\/uploads\/2020\/12\/cybv2-checkmark-orange.svg\" alt=\"\" \/>[\/vc_column_text][vc_column_text el_class=\u00a0\u00bbhead-box-text\u00a0\u00bb]Programme unifi\u00e9 avec un accord de partenariat unique con\u00e7u pour vous soutenir dans toutes vos approches du march\u00e9[\/vc_column_text][\/vc_column_inner][\/vc_row_inner][vc_row_inner][vc_column_inner el_class=\u00a0\u00bbhead-box\u00a0\u00bb][vc_column_text]<img loading=\"lazy\" decoding=\"async\" width=\"48\" height=\"48\" class=\"alignnone wp-image-106504 size-medium\" style=\"width: 48px;\" src=\"https:\/\/www.cyberark.com\/wp-content\/uploads\/2020\/12\/cybv2-checkmark-orange.svg\" alt=\"\" \/>[\/vc_column_text][vc_column_text el_class=\u00a0\u00bbhead-box-text\u00a0\u00bb]Habilitation active et support de vente, technique et marketing[\/vc_column_text][\/vc_column_inner][\/vc_row_inner][vc_row_inner][vc_column_inner el_class=\u00a0\u00bbhead-box\u00a0\u00bb][vc_column_text]<img loading=\"lazy\" decoding=\"async\" width=\"48\" height=\"48\" class=\"alignnone wp-image-106504 size-medium\" style=\"width: 48px;\" src=\"https:\/\/www.cyberark.com\/wp-content\/uploads\/2020\/12\/cybv2-checkmark-orange.svg\" alt=\"\" \/>[\/vc_column_text][vc_column_text el_class=\u00a0\u00bbhead-box-text\u00a0\u00bb]Avantages, incitants et r\u00e9compenses croissants \u00e0 mesure que votre offre CyberArk se d\u00e9veloppe [\/vc_column_text][\/vc_column_inner][\/vc_row_inner][vc_single_image image=\u00a0\u00bb123159&Prime; img_size=\u00a0\u00bbfull\u00a0\u00bb el_class=\u00a0\u00bbd-none d-md-block\u00a0\u00bb][\/vc_column][vc_column width=\u00a0\u00bb1\/12&Prime; css=\u00a0\u00bb.vc_custom_1609282896657{margin-right: 45px !important;border-right-width: 1px !important;border-right-color: #717171 !important;border-right-style: solid !important;}\u00a0\u00bb][\/vc_column][vc_column width=\u00a0\u00bb1\/3&Prime; el_class=\u00a0\u00bbright-clmn cybv2-form\u00a0\u00bb][vc_column_text el_class=\u00a0\u00bbbold\u00a0\u00bb]<\/p>\n<h4>Devenir partenaire<\/h4>\n<p>[\/vc_column_text][vc_raw_html]W21hcmtldG9fZm9ybSBpZD0iNzM2MyIgdHlfcGFnZV91cmw9Imh0dHBzOi8vd3d3LmN5YmVyYXJrLmNvbS9wYXJ0bmVycy90aGFuay15b3UtYmVjb21lLXBhcnRuZXIvIl0=[\/vc_raw_html][\/vc_column][\/vc_row]<\/p>\n<\/div>","protected":false},"excerpt":{"rendered":"<p>[vc_row full_width=\u00a0\u00bbstretch_row\u00a0\u00bb equal_height=\u00a0\u00bbyes\u00a0\u00bb css=\u00a0\u00bb.vc_custom_1609868130755{background-color: #f7f7f7 !important;}\u00a0\u00bb el_class=\u00a0\u00bbcybv2 cybv2-pad-top hv-cta\u00a0\u00bb][vc_column width=\u00a0\u00bb7\/12&Prime; el_class=\u00a0\u00bbleft-clmn\u00a0\u00bb][vc_column_text] Devenez l\u2019un de nos partenaires Le programme de partenariat CyberArk vous offre une exp\u00e9rience de partenariat flexible, coh\u00e9rente et pr\u00e9visible. [\/vc_column_text][vc_row_inner][vc_column_inner el_class=\u00a0\u00bbhead-box\u00a0\u00bb][vc_column_text][\/vc_column_text][vc_column_text el_class=\u00a0\u00bbhead-box-text\u00a0\u00bb]Programme unifi\u00e9&#8230;<\/p>\n","protected":false},"author":164,"featured_media":0,"parent":51587,"menu_order":0,"comment_status":"closed","ping_status":"closed","template":"","meta":{"_acf_changed":false,"inline_featured_image":false,"footnotes":""},"product_category":[27776],"class_list":["post-134353","page","type-page","status-publish","hentry","product_category-identity-security"],"acf":[],"yoast_head":"<!-- This site is optimized with the Yoast SEO Premium plugin v27.2 (Yoast SEO v27.2) - https:\/\/yoast.com\/product\/yoast-seo-premium-wordpress\/ -->\n<title>Devenir partenaire | CyberArk<\/title>\n<meta name=\"description\" content=\"Devenez un partenaire CyberArk pour acc\u00e9l\u00e9rer votre d\u00e9veloppement et prot\u00e9ger vos clients contre les cyberattaques ciblant les acc\u00e8s \u00e0 privil\u00e8ges et la s\u00e9curit\u00e9 des identit\u00e9s.\" \/>\n<meta name=\"robots\" content=\"index, follow, max-snippet:-1, max-image-preview:large, max-video-preview:-1\" \/>\n<link rel=\"canonical\" href=\"https:\/\/www.cyberark.com\/fr\/partners\/become-a-partner\/\" \/>\n<meta property=\"og:locale\" content=\"fr_FR\" \/>\n<meta property=\"og:type\" content=\"article\" \/>\n<meta property=\"og:title\" content=\"Devenir partenaire\" \/>\n<meta property=\"og:description\" content=\"Devenez un partenaire CyberArk pour acc\u00e9l\u00e9rer votre d\u00e9veloppement et prot\u00e9ger vos clients contre les cyberattaques ciblant les acc\u00e8s \u00e0 privil\u00e8ges et la s\u00e9curit\u00e9 des identit\u00e9s.\" \/>\n<meta property=\"og:url\" content=\"https:\/\/www.cyberark.com\/fr\/partners\/become-a-partner\/\" \/>\n<meta property=\"og:site_name\" content=\"CyberArk\" \/>\n<meta property=\"article:publisher\" content=\"https:\/\/www.facebook.com\/CyberArk\/\" \/>\n<meta property=\"article:modified_time\" content=\"2023-12-07T12:58:29+00:00\" \/>\n<meta property=\"og:image\" content=\"https:\/\/www.cyberark.com\/wp-content\/uploads\/2020\/12\/cybv2-checkmark-orange.svg\" \/>\n<meta name=\"twitter:card\" content=\"summary_large_image\" \/>\n<meta name=\"twitter:site\" content=\"@CyberArk\" \/>\n<meta name=\"twitter:label1\" content=\"Dur\u00e9e de lecture estim\u00e9e\" \/>\n\t<meta name=\"twitter:data1\" content=\"2 minutes\" \/>\n<script type=\"application\/ld+json\" class=\"yoast-schema-graph\">{\"@context\":\"https:\/\/schema.org\",\"@graph\":[{\"@type\":\"WebPage\",\"@id\":\"https:\/\/www.cyberark.com\/fr\/partners\/become-a-partner\/\",\"url\":\"https:\/\/www.cyberark.com\/fr\/partners\/become-a-partner\/\",\"name\":\"Devenir partenaire | CyberArk\",\"isPartOf\":{\"@id\":\"https:\/\/www.cyberark.com\/#website\"},\"primaryImageOfPage\":{\"@id\":\"https:\/\/www.cyberark.com\/fr\/partners\/become-a-partner\/#primaryimage\"},\"image\":{\"@id\":\"https:\/\/www.cyberark.com\/fr\/partners\/become-a-partner\/#primaryimage\"},\"thumbnailUrl\":\"https:\/\/www.cyberark.com\/wp-content\/uploads\/2020\/12\/cybv2-checkmark-orange.svg\",\"datePublished\":\"2022-09-15T18:38:01+00:00\",\"dateModified\":\"2023-12-07T12:58:29+00:00\",\"description\":\"Devenez un partenaire CyberArk pour acc\u00e9l\u00e9rer votre d\u00e9veloppement et prot\u00e9ger vos clients contre les cyberattaques ciblant les acc\u00e8s \u00e0 privil\u00e8ges et la s\u00e9curit\u00e9 des identit\u00e9s.\",\"breadcrumb\":{\"@id\":\"https:\/\/www.cyberark.com\/fr\/partners\/become-a-partner\/#breadcrumb\"},\"inLanguage\":\"fr-FR\",\"potentialAction\":[{\"@type\":\"ReadAction\",\"target\":[\"https:\/\/www.cyberark.com\/fr\/partners\/become-a-partner\/\"]}]},{\"@type\":\"ImageObject\",\"inLanguage\":\"fr-FR\",\"@id\":\"https:\/\/www.cyberark.com\/fr\/partners\/become-a-partner\/#primaryimage\",\"url\":\"https:\/\/www.cyberark.com\/wp-content\/uploads\/2020\/12\/cybv2-checkmark-orange.svg\",\"contentUrl\":\"https:\/\/www.cyberark.com\/wp-content\/uploads\/2020\/12\/cybv2-checkmark-orange.svg\"},{\"@type\":\"BreadcrumbList\",\"@id\":\"https:\/\/www.cyberark.com\/fr\/partners\/become-a-partner\/#breadcrumb\",\"itemListElement\":[{\"@type\":\"ListItem\",\"position\":1,\"name\":\"Home\",\"item\":\"https:\/\/www.cyberark.com\/\"},{\"@type\":\"ListItem\",\"position\":2,\"name\":\"Partenaires\",\"item\":\"https:\/\/www.cyberark.com\/fr\/partners\/\"},{\"@type\":\"ListItem\",\"position\":3,\"name\":\"Devenir partenaire\"}]},{\"@type\":\"WebSite\",\"@id\":\"https:\/\/www.cyberark.com\/#website\",\"url\":\"https:\/\/www.cyberark.com\/\",\"name\":\"CyberArk\",\"description\":\"\",\"publisher\":{\"@id\":\"https:\/\/www.cyberark.com\/#organization\"},\"potentialAction\":[{\"@type\":\"SearchAction\",\"target\":{\"@type\":\"EntryPoint\",\"urlTemplate\":\"https:\/\/www.cyberark.com\/?s={search_term_string}\"},\"query-input\":{\"@type\":\"PropertyValueSpecification\",\"valueRequired\":true,\"valueName\":\"search_term_string\"}}],\"inLanguage\":\"fr-FR\"},{\"@type\":\"Organization\",\"@id\":\"https:\/\/www.cyberark.com\/#organization\",\"name\":\"CyberArk Software\",\"url\":\"https:\/\/www.cyberark.com\/\",\"logo\":{\"@type\":\"ImageObject\",\"inLanguage\":\"fr-FR\",\"@id\":\"https:\/\/www.cyberark.com\/#\/schema\/logo\/image\/\",\"url\":\"https:\/\/www.cyberark.com\/wp-content\/uploads\/2021\/02\/cyberark-logo-dark.svg\",\"contentUrl\":\"https:\/\/www.cyberark.com\/wp-content\/uploads\/2021\/02\/cyberark-logo-dark.svg\",\"width\":\"1024\",\"height\":\"1024\",\"caption\":\"CyberArk Software\"},\"image\":{\"@id\":\"https:\/\/www.cyberark.com\/#\/schema\/logo\/image\/\"},\"sameAs\":[\"https:\/\/www.facebook.com\/CyberArk\/\",\"https:\/\/x.com\/CyberArk\",\"https:\/\/www.linkedin.com\/company\/cyber-ark-software\/\"]}]}<\/script>\n<!-- \/ Yoast SEO Premium plugin. -->","yoast_head_json":{"title":"Devenir partenaire | CyberArk","description":"Devenez un partenaire CyberArk pour acc\u00e9l\u00e9rer votre d\u00e9veloppement et prot\u00e9ger vos clients contre les cyberattaques ciblant les acc\u00e8s \u00e0 privil\u00e8ges et la s\u00e9curit\u00e9 des identit\u00e9s.","robots":{"index":"index","follow":"follow","max-snippet":"max-snippet:-1","max-image-preview":"max-image-preview:large","max-video-preview":"max-video-preview:-1"},"canonical":"https:\/\/www.cyberark.com\/fr\/partners\/become-a-partner\/","og_locale":"fr_FR","og_type":"article","og_title":"Devenir partenaire","og_description":"Devenez un partenaire CyberArk pour acc\u00e9l\u00e9rer votre d\u00e9veloppement et prot\u00e9ger vos clients contre les cyberattaques ciblant les acc\u00e8s \u00e0 privil\u00e8ges et la s\u00e9curit\u00e9 des identit\u00e9s.","og_url":"https:\/\/www.cyberark.com\/fr\/partners\/become-a-partner\/","og_site_name":"CyberArk","article_publisher":"https:\/\/www.facebook.com\/CyberArk\/","article_modified_time":"2023-12-07T12:58:29+00:00","og_image":[{"url":"https:\/\/www.cyberark.com\/wp-content\/uploads\/2020\/12\/cybv2-checkmark-orange.svg","type":"","width":"","height":""}],"twitter_card":"summary_large_image","twitter_site":"@CyberArk","twitter_misc":{"Dur\u00e9e de lecture estim\u00e9e":"2 minutes"},"schema":{"@context":"https:\/\/schema.org","@graph":[{"@type":"WebPage","@id":"https:\/\/www.cyberark.com\/fr\/partners\/become-a-partner\/","url":"https:\/\/www.cyberark.com\/fr\/partners\/become-a-partner\/","name":"Devenir partenaire | CyberArk","isPartOf":{"@id":"https:\/\/www.cyberark.com\/#website"},"primaryImageOfPage":{"@id":"https:\/\/www.cyberark.com\/fr\/partners\/become-a-partner\/#primaryimage"},"image":{"@id":"https:\/\/www.cyberark.com\/fr\/partners\/become-a-partner\/#primaryimage"},"thumbnailUrl":"https:\/\/www.cyberark.com\/wp-content\/uploads\/2020\/12\/cybv2-checkmark-orange.svg","datePublished":"2022-09-15T18:38:01+00:00","dateModified":"2023-12-07T12:58:29+00:00","description":"Devenez un partenaire CyberArk pour acc\u00e9l\u00e9rer votre d\u00e9veloppement et prot\u00e9ger vos clients contre les cyberattaques ciblant les acc\u00e8s \u00e0 privil\u00e8ges et la s\u00e9curit\u00e9 des identit\u00e9s.","breadcrumb":{"@id":"https:\/\/www.cyberark.com\/fr\/partners\/become-a-partner\/#breadcrumb"},"inLanguage":"fr-FR","potentialAction":[{"@type":"ReadAction","target":["https:\/\/www.cyberark.com\/fr\/partners\/become-a-partner\/"]}]},{"@type":"ImageObject","inLanguage":"fr-FR","@id":"https:\/\/www.cyberark.com\/fr\/partners\/become-a-partner\/#primaryimage","url":"https:\/\/www.cyberark.com\/wp-content\/uploads\/2020\/12\/cybv2-checkmark-orange.svg","contentUrl":"https:\/\/www.cyberark.com\/wp-content\/uploads\/2020\/12\/cybv2-checkmark-orange.svg"},{"@type":"BreadcrumbList","@id":"https:\/\/www.cyberark.com\/fr\/partners\/become-a-partner\/#breadcrumb","itemListElement":[{"@type":"ListItem","position":1,"name":"Home","item":"https:\/\/www.cyberark.com\/"},{"@type":"ListItem","position":2,"name":"Partenaires","item":"https:\/\/www.cyberark.com\/fr\/partners\/"},{"@type":"ListItem","position":3,"name":"Devenir partenaire"}]},{"@type":"WebSite","@id":"https:\/\/www.cyberark.com\/#website","url":"https:\/\/www.cyberark.com\/","name":"CyberArk","description":"","publisher":{"@id":"https:\/\/www.cyberark.com\/#organization"},"potentialAction":[{"@type":"SearchAction","target":{"@type":"EntryPoint","urlTemplate":"https:\/\/www.cyberark.com\/?s={search_term_string}"},"query-input":{"@type":"PropertyValueSpecification","valueRequired":true,"valueName":"search_term_string"}}],"inLanguage":"fr-FR"},{"@type":"Organization","@id":"https:\/\/www.cyberark.com\/#organization","name":"CyberArk Software","url":"https:\/\/www.cyberark.com\/","logo":{"@type":"ImageObject","inLanguage":"fr-FR","@id":"https:\/\/www.cyberark.com\/#\/schema\/logo\/image\/","url":"https:\/\/www.cyberark.com\/wp-content\/uploads\/2021\/02\/cyberark-logo-dark.svg","contentUrl":"https:\/\/www.cyberark.com\/wp-content\/uploads\/2021\/02\/cyberark-logo-dark.svg","width":"1024","height":"1024","caption":"CyberArk Software"},"image":{"@id":"https:\/\/www.cyberark.com\/#\/schema\/logo\/image\/"},"sameAs":["https:\/\/www.facebook.com\/CyberArk\/","https:\/\/x.com\/CyberArk","https:\/\/www.linkedin.com\/company\/cyber-ark-software\/"]}]}},"_links":{"self":[{"href":"https:\/\/www.cyberark.com\/fr\/wp-json\/wp\/v2\/pages\/134353","targetHints":{"allow":["GET"]}}],"collection":[{"href":"https:\/\/www.cyberark.com\/fr\/wp-json\/wp\/v2\/pages"}],"about":[{"href":"https:\/\/www.cyberark.com\/fr\/wp-json\/wp\/v2\/types\/page"}],"author":[{"embeddable":true,"href":"https:\/\/www.cyberark.com\/fr\/wp-json\/wp\/v2\/users\/164"}],"replies":[{"embeddable":true,"href":"https:\/\/www.cyberark.com\/fr\/wp-json\/wp\/v2\/comments?post=134353"}],"version-history":[{"count":0,"href":"https:\/\/www.cyberark.com\/fr\/wp-json\/wp\/v2\/pages\/134353\/revisions"}],"up":[{"embeddable":true,"href":"https:\/\/www.cyberark.com\/fr\/wp-json\/wp\/v2\/pages\/51587"}],"wp:attachment":[{"href":"https:\/\/www.cyberark.com\/fr\/wp-json\/wp\/v2\/media?parent=134353"}],"wp:term":[{"taxonomy":"product_category","embeddable":true,"href":"https:\/\/www.cyberark.com\/fr\/wp-json\/wp\/v2\/product_category?post=134353"}],"curies":[{"name":"wp","href":"https:\/\/api.w.org\/{rel}","templated":true}]}}