{"id":134356,"date":"2022-09-15T14:38:08","date_gmt":"2022-09-15T18:38:08","guid":{"rendered":"https:\/\/www.cyberark.com\/temoignages-de-clients\/"},"modified":"2025-10-16T06:26:14","modified_gmt":"2025-10-16T10:26:14","slug":"customer-stories","status":"publish","type":"page","link":"https:\/\/www.cyberark.com\/fr\/customer-stories\/","title":{"rendered":"T\u00e9moignages de clients"},"content":{"rendered":"<div class=\"wpb-content-wrapper\"><p>[vc_row full_width=\u00a0\u00bbstretch_row\u00a0\u00bb el_class=\u00a0\u00bbcybv2 int-hero-noimg dark\u00a0\u00bb][vc_column width=\u00a0\u00bb7\/12&Prime; el_class=\u00a0\u00bbcolumn-1&Prime;][vc_column_text css=\u00a0\u00bb\u00a0\u00bb]<\/p>\n<h1 class=\"chartreuse\">Prot\u00e9ger ce qui compte, ensemble<\/h1>\n<p><\/p>\n<h2>D\u00e9couvrez comment les grandes entreprises r\u00e9solvent des d\u00e9fis complexes avec CyberArk.<\/h2>\n<p>[\/vc_column_text][\/vc_column][\/vc_row][vc_row equal_height=\u00a0\u00bbyes\u00a0\u00bb el_class=\u00a0\u00bbcybv2 cybv2_customer_stories vc_tta-o-non-responsive mt-12&Prime; css=\u00a0\u00bb.vc_custom_1714763180252{background-color: #ffffff !important;}\u00a0\u00bb][vc_column][vc_tta_tabs style=\u00a0\u00bbflat\u00a0\u00bb shape=\u00a0\u00bbsquare\u00a0\u00bb color=\u00a0\u00bbwhite\u00a0\u00bb spacing=\u00a0\u00bb\u00a0\u00bb gap=\u00a0\u00bb20&Prime; alignment=\u00a0\u00bbcenter\u00a0\u00bb active_section=\u00a0\u00bb\u00a0\u00bb el_class=\u00a0\u00bbcybv2_customer_stories_tabs\u00a0\u00bb css=\u00a0\u00bb.vc_custom_1608676900675{background-color: #ffffff !important;}\u00a0\u00bb][vc_tta_section title=\u00a0\u00bbCarnival Corporation\u00a0\u00bb tab_id=\u00a0\u00bbcarnival-corporation\u00a0\u00bb el_class=\u00a0\u00bbnew_hpstyle_section6_tab2_icon vc_active\u00a0\u00bb][vc_row_inner equal_height=\u00a0\u00bbyes\u00a0\u00bb content_placement=\u00a0\u00bbmiddle\u00a0\u00bb el_class=\u00a0\u00bbnew_hpstyle_section6_maintab_row\u00a0\u00bb][vc_column_inner el_class=\u00a0\u00bbimage-column\u00a0\u00bb width=\u00a0\u00bb1\/2&Prime; css=\u00a0\u00bb.vc_custom_1607653500231{background-position: center !important;background-repeat: no-repeat !important;background-size: cover !important;}\u00a0\u00bb][vc_single_image image=\u00a0\u00bb211117&Prime; img_size=\u00a0\u00bbfull\u00a0\u00bb alignment=\u00a0\u00bbright\u00a0\u00bb css=\u00a0\u00bb\u00a0\u00bb el_class=\u00a0\u00bbnew_hpstyle_section6_tab1_left_image\u00a0\u00bb][\/vc_column_inner][vc_column_inner el_class=\u00a0\u00bbnew_hpstyle_section6_tab1_right_bckgrd\u00a0\u00bb width=\u00a0\u00bb1\/2&Prime;][vc_column_text css=\u00a0\u00bb\u00a0\u00bb el_class=\u00a0\u00bbnew_hpstyle_section6_tab1_text1 text\u00a0\u00bb]<\/p>\n<h4>Carnival Corporation met le cap sur la s\u00e9curit\u00e9<\/h4>\n<p>Chaque navire est une cit\u00e9 sur l\u2019oc\u00e9an. Carnival Corporation s\u2019associe \u00e0 CyberArk pour prot\u00e9ger les identit\u00e9s, b\u00e2tir la confiance et s\u00e9curiser les op\u00e9rations sur l\u2019ensemble de sa flotte.[\/vc_column_text][vc_column_text css=\u00a0\u00bb.vc_custom_1749232337744{margin-top: 45px !important;}\u00a0\u00bb el_class=\u00a0\u00bblink-arrow-right mt-4&Prime;]<a href=\"https:\/\/www.cyberark.com\/resources\/fearlessly-forward-customer-spotlight-series\/security-matters-fearlessly-forward-with-carnival-corporation\">Regarder la vid\u00e9o<\/a><i class=\"fa fa-long-arrow-right\"><\/i>[\/vc_column_text][\/vc_column_inner][\/vc_row_inner][\/vc_tta_section][vc_tta_section title=\u00a0\u00bbWebster Bank\u00a0\u00bb tab_id=\u00a0\u00bbwebster-bank\u00a0\u00bb el_class=\u00a0\u00bbnew_hpstyle_section6_tab3_icon\u00a0\u00bb][vc_row_inner equal_height=\u00a0\u00bbyes\u00a0\u00bb content_placement=\u00a0\u00bbmiddle\u00a0\u00bb el_class=\u00a0\u00bbnew_hpstyle_section6_maintab_row\u00a0\u00bb][vc_column_inner el_class=\u00a0\u00bbimage-column\u00a0\u00bb width=\u00a0\u00bb1\/2&Prime; css=\u00a0\u00bb.vc_custom_1607653503563{background-position: center !important;background-repeat: no-repeat !important;background-size: cover !important;}\u00a0\u00bb][vc_single_image image=\u00a0\u00bb217395&Prime; img_size=\u00a0\u00bbfull\u00a0\u00bb alignment=\u00a0\u00bbright\u00a0\u00bb css=\u00a0\u00bb\u00a0\u00bb el_class=\u00a0\u00bbnew_hpstyle_section6_tab1_left_image\u00a0\u00bb][\/vc_column_inner][vc_column_inner el_class=\u00a0\u00bbnew_hpstyle_section6_tab1_right_bckgrd\u00a0\u00bb width=\u00a0\u00bb1\/2&Prime;][vc_column_text css=\u00a0\u00bb.vc_custom_1759731226291{margin-top: 20px !important;}\u00a0\u00bb el_class=\u00a0\u00bbnew_hpstyle_section6_tab1_text1 text\u00a0\u00bb]<\/p>\n<h4>90 ans de confiance, d&rsquo;innovation et de croissance<\/h4>\n<p>Ancr\u00e9e dans la confiance et l&rsquo;innovation, Webster Bank s&rsquo;associe \u00e0 CyberArk pour se concentrer sur l&rsquo;essentiel : fournir des solutions financi\u00e8res qui donnent du pouvoir aux clients et aux communaut\u00e9s.[\/vc_column_text][vc_column_text css=\u00a0\u00bb\u00a0\u00bb el_class=\u00a0\u00bblink-arrow-right\u00a0\u00bb]<a href=\"https:\/\/www.cyberark.com\/resources\/videos\/security-matters-fearlessly-forward-with-webster-bank\">Regarder la vid\u00e9o<\/a><i class=\"fa fa-long-arrow-right\"><\/i>[\/vc_column_text][\/vc_column_inner][\/vc_row_inner][\/vc_tta_section][vc_tta_section title=\u00a0\u00bbPDS Health\u00a0\u00bb tab_id=\u00a0\u00bb1759730859602-45fadbcd-f717&Prime; el_class=\u00a0\u00bbnew_hpstyle_section6_tab4_icon\u00a0\u00bb][vc_row_inner equal_height=\u00a0\u00bbyes\u00a0\u00bb content_placement=\u00a0\u00bbmiddle\u00a0\u00bb el_class=\u00a0\u00bbnew_hpstyle_section6_maintab_row\u00a0\u00bb][vc_column_inner el_class=\u00a0\u00bbimage-column\u00a0\u00bb width=\u00a0\u00bb1\/2&Prime; css=\u00a0\u00bb.vc_custom_1607653503563{background-position: center !important;background-repeat: no-repeat !important;background-size: cover !important;}\u00a0\u00bb][vc_single_image image=\u00a0\u00bb211126&Prime; img_size=\u00a0\u00bbfull\u00a0\u00bb alignment=\u00a0\u00bbright\u00a0\u00bb css=\u00a0\u00bb\u00a0\u00bb el_class=\u00a0\u00bbnew_hpstyle_section6_tab1_left_image\u00a0\u00bb][\/vc_column_inner][vc_column_inner el_class=\u00a0\u00bbnew_hpstyle_section6_tab1_right_bckgrd\u00a0\u00bb width=\u00a0\u00bb1\/2&Prime;][vc_column_text css=\u00a0\u00bb.vc_custom_1749219915540{margin-top: 20px !important;}\u00a0\u00bb el_class=\u00a0\u00bbnew_hpstyle_section6_tab1_text1 text\u00a0\u00bb]<\/p>\n<h4>\u00ab\u00a0L\u2019identit\u00e9 est le nouveau pare-feu. C\u2019est le nouveau p\u00e9rim\u00e8tre. C\u2019est la nouvelle fronti\u00e8re. C\u2019est le nouveau fondement de tout.\u00a0\u00bb<\/h4>\n<p>[\/vc_column_text][vc_column_text css=\u00a0\u00bb\u00a0\u00bb el_class=\u00a0\u00bbnew_hpstyle_section6_tab1_text2&Prime;]Nemi George, vice-pr\u00e9sident\u200b <strong>Information Security Officer &amp; IT Service Operations chez PDS Health<\/strong>[\/vc_column_text][vc_column_text css=\u00a0\u00bb\u00a0\u00bb el_class=\u00a0\u00bblink-arrow-right\u00a0\u00bb]<a href=\"https:\/\/www.cyberark.com\/resources\/fearlessly-forward-customer-spotlight-series\/security-matters-fearlessly-forward-with-pds-health\">Regarder la vid\u00e9o<\/a><i class=\"fa fa-long-arrow-right\"><\/i>[\/vc_column_text][\/vc_column_inner][\/vc_row_inner][\/vc_tta_section][vc_tta_section title=\u00a0\u00bbPanasonic\u00a0\u00bb tab_id=\u00a0\u00bbpanasonic\u00a0\u00bb el_class=\u00a0\u00bbnew_hpstyle_section6_tab5_icon\u00a0\u00bb][vc_row_inner equal_height=\u00a0\u00bbyes\u00a0\u00bb content_placement=\u00a0\u00bbmiddle\u00a0\u00bb el_class=\u00a0\u00bbnew_hpstyle_section6_maintab_row\u00a0\u00bb][vc_column_inner el_class=\u00a0\u00bbimage-column\u00a0\u00bb width=\u00a0\u00bb1\/2&Prime; css=\u00a0\u00bb.vc_custom_1607653481888{background-position: center !important;background-repeat: no-repeat !important;background-size: cover !important;}\u00a0\u00bb][vc_single_image image=\u00a0\u00bb211136&Prime; img_size=\u00a0\u00bbfull\u00a0\u00bb alignment=\u00a0\u00bbright\u00a0\u00bb css=\u00a0\u00bb\u00a0\u00bb el_class=\u00a0\u00bbnew_hpstyle_section6_tab1_left_image\u00a0\u00bb][\/vc_column_inner][vc_column_inner el_class=\u00a0\u00bbnew_hpstyle_section6_tab1_right_bckgrd\u00a0\u00bb width=\u00a0\u00bb1\/2&Prime;][vc_column_text css=\u00a0\u00bb\u00a0\u00bb el_class=\u00a0\u00bbnew_hpstyle_section6_tab1_text1 text\u00a0\u00bb]<\/p>\n<h4>Innover en toute s\u00e9curit\u00e9 partout dans le monde<\/h4>\n<p>Panasonic fait \u00e9quipe avec CyberArk pour prot\u00e9ger ses identit\u00e9s, syst\u00e8mes et actifs de propri\u00e9t\u00e9 intellectuelle, garantissant la confiance \u00e0 chaque avanc\u00e9e.[\/vc_column_text][vc_column_text css=\u00a0\u00bb.vc_custom_1749232380271{margin-top: 45px !important;}\u00a0\u00bb el_class=\u00a0\u00bblink-arrow-right mt-4&Prime;]<a href=\"https:\/\/www.cyberark.com\/resources\/fearlessly-forward-customer-spotlight-series\/security-matters-fearlessly-forward-with-panasonic\">Regarder la vid\u00e9o<\/a><i class=\"fa fa-long-arrow-right\"><\/i>[\/vc_column_text][\/vc_column_inner][\/vc_row_inner][\/vc_tta_section][vc_tta_section title=\u00a0\u00bbHealthfirst\u00a0\u00bb tab_id=\u00a0\u00bbhealthfirst\u00a0\u00bb el_class=\u00a0\u00bbnew_hpstyle_section6_tab5_icon\u00a0\u00bb][vc_row_inner equal_height=\u00a0\u00bbyes\u00a0\u00bb content_placement=\u00a0\u00bbmiddle\u00a0\u00bb el_class=\u00a0\u00bbnew_hpstyle_section6_maintab_row\u00a0\u00bb][vc_column_inner el_class=\u00a0\u00bbimage-column\u00a0\u00bb width=\u00a0\u00bb1\/2&Prime;][vc_single_image image=\u00a0\u00bb211145&Prime; img_size=\u00a0\u00bbfull\u00a0\u00bb alignment=\u00a0\u00bbright\u00a0\u00bb css=\u00a0\u00bb\u00a0\u00bb el_class=\u00a0\u00bbnew_hpstyle_section6_tab1_left_image\u00a0\u00bb][\/vc_column_inner][vc_column_inner el_class=\u00a0\u00bbnew_hpstyle_section6_tab1_right_bckgrd\u00a0\u00bb width=\u00a0\u00bb1\/2&Prime;][vc_column_text css=\u00a0\u00bb\u00a0\u00bb el_class=\u00a0\u00bbnew_hpstyle_section6_tab1_text1 text\u00a0\u00bb]<\/p>\n<h4>La confiance au c\u0153ur des soins de sant\u00e9<\/h4>\n<p>Avec CyberArk en tant que partenaire strat\u00e9gique, Healthfirst renforce la s\u00e9curit\u00e9 et garantit un acc\u00e8s fiable \u00e0 chaque parcours.[\/vc_column_text][vc_column_text css=\u00a0\u00bb.vc_custom_1749232399260{margin-top: 45px !important;}\u00a0\u00bb el_class=\u00a0\u00bblink-arrow-right mt-4&Prime;]<a href=\"https:\/\/www.cyberark.com\/resources\/fearlessly-forward-customer-spotlight-series\/security-matters-fearlessly-forward-with-healthfirst\">Regarder la vid\u00e9o<\/a><i class=\"fa fa-long-arrow-right\"><\/i>[\/vc_column_text][\/vc_column_inner][\/vc_row_inner][\/vc_tta_section][vc_tta_section title=\u00a0\u00bbAflac\u00a0\u00bb tab_id=\u00a0\u00bbaflac\u00a0\u00bb el_class=\u00a0\u00bbnew_hpstyle_section6_tab1_icon\u00a0\u00bb][vc_row_inner equal_height=\u00a0\u00bbyes\u00a0\u00bb content_placement=\u00a0\u00bbmiddle\u00a0\u00bb el_class=\u00a0\u00bbnew_hpstyle_section6_maintab_row\u00a0\u00bb][vc_column_inner el_class=\u00a0\u00bbimage-column\u00a0\u00bb width=\u00a0\u00bb1\/2&Prime;][vc_single_image image=\u00a0\u00bb210923&Prime; img_size=\u00a0\u00bbfull\u00a0\u00bb alignment=\u00a0\u00bbright\u00a0\u00bb css=\u00a0\u00bb\u00a0\u00bb el_class=\u00a0\u00bbnew_hpstyle_section6_tab1_left_image\u00a0\u00bb][\/vc_column_inner][vc_column_inner el_class=\u00a0\u00bbnew_hpstyle_section6_tab1_right_bckgrd\u00a0\u00bb width=\u00a0\u00bb1\/2&Prime;][vc_column_text css=\u00a0\u00bb\u00a0\u00bb el_class=\u00a0\u00bbnew_hpstyle_section6_tab1_text1 text\u00a0\u00bb]<\/p>\n<h4>S\u2019engager pour la s\u00e9curit\u00e9<\/h4>\n<p>L\u2019\u00e9quipe de Aflac fait appel \u00e0 CyberArk pour pr\u00e9server la confiance de millions de personnes en prot\u00e9geant l\u2019essentiel chaque jour.[\/vc_column_text][vc_column_text css=\u00a0\u00bb.vc_custom_1749220404034{margin-top: 45px !important;}\u00a0\u00bb el_class=\u00a0\u00bblink-arrow-right mt-4&Prime;]<a href=\"https:\/\/www.cyberark.com\/resources\/privileged-access-management\/security-matters-fearlessly-forward-with-aflac\">Regarder la vid\u00e9o<\/a> <i class=\"fa fa-long-arrow-right\"><\/i>[\/vc_column_text][\/vc_column_inner][\/vc_row_inner][\/vc_tta_section][\/vc_tta_tabs][vc_raw_js]JTNDc2NyaXB0JTNFJTBBalF1ZXJ5JTI4ZG9jdW1lbnQlMjkucmVhZHklMjhmdW5jdGlvbiUyOCUyOSU3QiUwQSUyMCUyMCUyMCUyMCUyRiUyRkFkZCUyMEFjdGl2ZSUyMHRvJTIwdGFiJTIwb24lMjBwYWdlJTIwbG9hZCUwQSUyMCUyMCUyMCUyMCUyNHBhbmVscyUyMCUzRCUyMGpRdWVyeSUyOCUyNy5jeWJ2Ml9jdXN0b21lcl9zdG9yaWVzX3RhYnMlMjAudmNfdHRhLXBhbmVscyUyMC52Y190dGEtcGFuZWwlMjclMjklM0IlMEElMjAlMjAlMjAlMjAlMjR0YWJzJTIwJTNEJTIwalF1ZXJ5JTI4JTI3LmN5YnYyX2N1c3RvbWVyX3N0b3JpZXNfdGFicyUyMC52Y190dGEtdGFicy1saXN0JTIwLnZjX3R0YS10YWIlMjclMjklM0IlMEElMjAlMjAlMjAlMjB2YXIlMjBpbmRleCUyMCUzRCUyMDAlM0IlMEElMEElMjAlMjAlMjAlMjAlMkYlMkZBbGlnbiUyMFRhYnMlMjB3aXRoJTIwcGFuZWxzJTBBJTIwJTIwJTIwJTIwJTI0cGFuZWxzLmVhY2glMjhmdW5jdGlvbiUyOCUyOSU3QiUwQSUyMCUyMCUyMCUyMCUyMCUyMCUyMCUyMGpRdWVyeSUyOHRoaXMlMjkuaGFzQ2xhc3MlMjglMjd2Y19hY3RpdmUlMjclMjklM0IlMEElMjAlMjAlMjAlMjAlMjAlMjAlMjAlMjByZXR1cm4lMjBmYWxzZSUzQiUwQSUyMCUyMCUyMCUyMCUyMCUyMCUyMCUyMGluZGV4JTJCJTJCJTNCJTBBJTIwJTIwJTIwJTIwJTdEJTI5JTBBJTIwJTIwJTIwJTIwdmFyJTIwbmV3SW5kZXglMjAlM0QlMjAwJTNCJTBBJTIwJTIwJTIwJTIwJTI0dGFicy5lYWNoJTI4ZnVuY3Rpb24lMjglMjklN0IlMEElMjAlMjAlMjAlMjAlMjAlMjAlMjAlMjBpZiUyOGluZGV4JTIwJTNEJTNEJTIwbmV3SW5kZXglMjklN0IlMEElMjAlMjAlMjAlMjAlMjAlMjAlMjAlMjAlMjAlMjAlMjAlMjBqUXVlcnklMjh0aGlzJTI5LmFkZENsYXNzJTI4JTI3dmNfYWN0aXZlJTI3JTI5JTNCJTBBJTIwJTIwJTIwJTIwJTIwJTIwJTIwJTIwJTdEJTBBJTIwJTIwJTIwJTIwJTIwJTIwJTIwJTIwbmV3SW5kZXglMkIlMkIlM0IlMEElMjAlMjAlMjAlMjAlN0QlMjklMEElN0QlMjklM0IlMEElM0MlMkZzY3JpcHQlM0U=[\/vc_raw_js][\/vc_column][\/vc_row][vc_row el_class=\u00a0\u00bbpb-4&Prime;][vc_column][vc_column_text css=\u00a0\u00bb\u00a0\u00bb]<\/p>\n<h2 style=\"text-align: center;\">Voir plus de t\u00e9moignages clients<\/h2>\n<p>[\/vc_column_text][\/vc_column][\/vc_row][vc_row][vc_column][vc_raw_html]W2N5YnYyX3N0b3J5X2h1YiBzaG93X2xvYWRfbW9yZT0idHJ1ZSIgcG9zdHNfcGVyX3BhZ2U9IjE2Il0=[\/vc_raw_html][\/vc_column][\/vc_row][vc_row el_class=\u00a0\u00bbcybv2 cyb-pad-btm\u00a0\u00bb][vc_column][vc_column_text el_class=\u00a0\u00bbcyb-top\u00a0\u00bb]<\/p>\n<p style=\"text-align: right;\"><i class=\"fa fa-long-arrow-up\"><\/i><a class=\"top\" href=\"#\">Revenir en haut<\/a><\/p>\n<p>[\/vc_column_text][\/vc_column][\/vc_row][vc_row][vc_column][vc_raw_js]JTNDc2NyaXB0JTNFJTBBalF1ZXJ5JTI4ZnVuY3Rpb24lMjglMjklMjAlN0IlMEElMjAlMjAlMjAlMjBqUXVlcnklMjglMjIudG9wJTIyJTI5Lm9uJTI4JTI3Y2xpY2slMjclMkMlMjBmdW5jdGlvbiUyOCUyOSUyMCU3QiUwQSUyMCUyMCUyMCUyMCUyMCUyMCUyMCUyMGpRdWVyeSUyOCUyMkhUTUwlMkMlMjBCT0RZJTIyJTI5LmFuaW1hdGUlMjglN0IlMEElMjAlMjAlMjAlMjAlMjAlMjAlMjAlMjAlMjAlMjAlMjAlMjBzY3JvbGxUb3AlM0ElMjAwJTBBJTIwJTIwJTIwJTIwJTIwJTIwJTIwJTIwJTdEJTJDJTIwMTAwMCUyOSUzQiUwQSUyMCUyMCUyMCUyMCU3RCUyOSUzQiUwQSU3RCUyOSUzQiUwQSUzQyUyRnNjcmlwdCUzRQ==[\/vc_raw_js][\/vc_column][\/vc_row][vc_row full_width=\u00a0\u00bbstretch_row\u00a0\u00bb el_class=\u00a0\u00bbcybv2 cybv2_talk_to_an_expert\u00a0\u00bb css=\u00a0\u00bb.vc_custom_1608677118624{background-color: #061b2b !important;}\u00a0\u00bb][vc_column][vc_column_text el_class=\u00a0\u00bbextra-space\u00a0\u00bb]<\/p>\n<h2 style=\"text-align: center;\">Voulez-vous partager votre histoire\u00a0?<\/h2>\n<p>[\/vc_column_text][vc_column_text el_class=\u00a0\u00bbnew_hpstyle_section9_text\u00a0\u00bb]<\/p>\n<p style=\"text-align: center;\">Rejoignez le programme CyberArk Advocacy pour mettre en avant votre r\u00e9ussite, entrer en contact avec vos pairs \u00e0 la pointe de l\u2019innovation et contribuer \u00e0 fa\u00e7onner l\u2019avenir de la s\u00e9curit\u00e9 des identit\u00e9s.<\/p>\n<p>[\/vc_column_text][vc_btn title=\u00a0\u00bbD\u00e9marrer\u00a0\u00bb style=\u00a0\u00bbcustom\u00a0\u00bb custom_background=\u00a0\u00bb\u00a0\u00bb custom_text=\u00a0\u00bb\u00a0\u00bb shape=\u00a0\u00bbsquare\u00a0\u00bb align=\u00a0\u00bbcenter\u00a0\u00bb link=\u00a0\u00bburl:https%3A%2F%2Fwww.cyberark.com%2Ffr%2Fadvocacy-program%2F|\u00a0\u00bb el_class=\u00a0\u00bbcybv2-button-solid cyb-button-hpstyle_section5&Prime;][\/vc_column][\/vc_row]<\/p>\n<\/div>","protected":false},"excerpt":{"rendered":"<p>[vc_row full_width=\u00a0\u00bbstretch_row\u00a0\u00bb el_class=\u00a0\u00bbcybv2 int-hero-noimg dark\u00a0\u00bb][vc_column width=\u00a0\u00bb7\/12&Prime; el_class=\u00a0\u00bbcolumn-1&Prime;][vc_column_text css=\u00a0\u00bb\u00a0\u00bb] Prot\u00e9ger ce qui compte, ensemble D\u00e9couvrez comment les grandes entreprises r\u00e9solvent des d\u00e9fis complexes avec CyberArk. [\/vc_column_text][\/vc_column][\/vc_row][vc_row equal_height=\u00a0\u00bbyes\u00a0\u00bb el_class=\u00a0\u00bbcybv2 cybv2_customer_stories vc_tta-o-non-responsive mt-12&Prime; css=\u00a0\u00bb.vc_custom_1714763180252{background-color: #ffffff !important;}\u00a0\u00bb][vc_column][vc_tta_tabs style=\u00a0\u00bbflat\u00a0\u00bb shape=\u00a0\u00bbsquare\u00a0\u00bb&#8230;<\/p>\n","protected":false},"author":125,"featured_media":0,"parent":0,"menu_order":0,"comment_status":"closed","ping_status":"closed","template":"","meta":{"_acf_changed":false,"inline_featured_image":false,"footnotes":""},"product_category":[27776],"class_list":["post-134356","page","type-page","status-publish","hentry","product_category-identity-security"],"acf":[],"yoast_head":"<!-- This site is optimized with the Yoast SEO Premium plugin v27.2 (Yoast SEO v27.2) - https:\/\/yoast.com\/product\/yoast-seo-premium-wordpress\/ -->\n<title>T\u00e9moignages de clients et \u00e9tudes de cas | CyberArk<\/title>\n<meta name=\"description\" content=\"D\u00e9couvrez comment nos clients et nos partenaires ont d\u00e9ploy\u00e9 avec succ\u00e8s les produits et les solutions de pointe de CyberArk pour la s\u00e9curit\u00e9 des identit\u00e9s et la gestion des acc\u00e8s \u00e0 privil\u00e8ges.\" \/>\n<meta name=\"robots\" content=\"index, follow, max-snippet:-1, max-image-preview:large, max-video-preview:-1\" \/>\n<link rel=\"canonical\" href=\"https:\/\/www.cyberark.com\/customer-stories\/\" \/>\n<meta property=\"og:locale\" content=\"fr_FR\" \/>\n<meta property=\"og:type\" content=\"article\" \/>\n<meta property=\"og:title\" content=\"T\u00e9moignages de clients\" \/>\n<meta property=\"og:description\" content=\"D\u00e9couvrez comment nos clients et nos partenaires ont d\u00e9ploy\u00e9 avec succ\u00e8s les produits et les solutions de pointe de CyberArk pour la s\u00e9curit\u00e9 des identit\u00e9s et la gestion des acc\u00e8s \u00e0 privil\u00e8ges.\" \/>\n<meta property=\"og:url\" content=\"https:\/\/www.cyberark.com\/customer-stories\/\" \/>\n<meta property=\"og:site_name\" content=\"CyberArk\" \/>\n<meta property=\"article:publisher\" content=\"https:\/\/www.facebook.com\/CyberArk\/\" \/>\n<meta property=\"article:modified_time\" content=\"2025-10-16T10:26:14+00:00\" \/>\n<meta property=\"og:image\" content=\"https:\/\/www.cyberark.com\/wp-content\/uploads\/2022\/09\/CYBR-gradient-bg-og-120x627-01-1024x535.png\" \/>\n\t<meta property=\"og:image:width\" content=\"1024\" \/>\n\t<meta property=\"og:image:height\" content=\"535\" \/>\n\t<meta property=\"og:image:type\" content=\"image\/png\" \/>\n<meta name=\"twitter:card\" content=\"summary_large_image\" \/>\n<meta name=\"twitter:site\" content=\"@CyberArk\" \/>\n<meta name=\"twitter:label1\" content=\"Dur\u00e9e de lecture estim\u00e9e\" \/>\n\t<meta name=\"twitter:data1\" content=\"7 minutes\" \/>\n<script type=\"application\/ld+json\" class=\"yoast-schema-graph\">{\"@context\":\"https:\/\/schema.org\",\"@graph\":[{\"@type\":\"WebPage\",\"@id\":\"https:\/\/www.cyberark.com\/customer-stories\/\",\"url\":\"https:\/\/www.cyberark.com\/customer-stories\/\",\"name\":\"T\u00e9moignages de clients et \u00e9tudes de cas | CyberArk\",\"isPartOf\":{\"@id\":\"https:\/\/www.cyberark.com\/#website\"},\"datePublished\":\"2022-09-15T18:38:08+00:00\",\"dateModified\":\"2025-10-16T10:26:14+00:00\",\"description\":\"D\u00e9couvrez comment nos clients et nos partenaires ont d\u00e9ploy\u00e9 avec succ\u00e8s les produits et les solutions de pointe de CyberArk pour la s\u00e9curit\u00e9 des identit\u00e9s et la gestion des acc\u00e8s \u00e0 privil\u00e8ges.\",\"breadcrumb\":{\"@id\":\"https:\/\/www.cyberark.com\/customer-stories\/#breadcrumb\"},\"inLanguage\":\"fr-FR\",\"potentialAction\":[{\"@type\":\"ReadAction\",\"target\":[\"https:\/\/www.cyberark.com\/customer-stories\/\"]}]},{\"@type\":\"BreadcrumbList\",\"@id\":\"https:\/\/www.cyberark.com\/customer-stories\/#breadcrumb\",\"itemListElement\":[{\"@type\":\"ListItem\",\"position\":1,\"name\":\"Home\",\"item\":\"https:\/\/www.cyberark.com\/\"},{\"@type\":\"ListItem\",\"position\":2,\"name\":\"T\u00e9moignages de clients\"}]},{\"@type\":\"WebSite\",\"@id\":\"https:\/\/www.cyberark.com\/#website\",\"url\":\"https:\/\/www.cyberark.com\/\",\"name\":\"CyberArk\",\"description\":\"\",\"publisher\":{\"@id\":\"https:\/\/www.cyberark.com\/#organization\"},\"potentialAction\":[{\"@type\":\"SearchAction\",\"target\":{\"@type\":\"EntryPoint\",\"urlTemplate\":\"https:\/\/www.cyberark.com\/?s={search_term_string}\"},\"query-input\":{\"@type\":\"PropertyValueSpecification\",\"valueRequired\":true,\"valueName\":\"search_term_string\"}}],\"inLanguage\":\"fr-FR\"},{\"@type\":\"Organization\",\"@id\":\"https:\/\/www.cyberark.com\/#organization\",\"name\":\"CyberArk Software\",\"url\":\"https:\/\/www.cyberark.com\/\",\"logo\":{\"@type\":\"ImageObject\",\"inLanguage\":\"fr-FR\",\"@id\":\"https:\/\/www.cyberark.com\/#\/schema\/logo\/image\/\",\"url\":\"https:\/\/www.cyberark.com\/wp-content\/uploads\/2021\/02\/cyberark-logo-dark.svg\",\"contentUrl\":\"https:\/\/www.cyberark.com\/wp-content\/uploads\/2021\/02\/cyberark-logo-dark.svg\",\"width\":\"1024\",\"height\":\"1024\",\"caption\":\"CyberArk Software\"},\"image\":{\"@id\":\"https:\/\/www.cyberark.com\/#\/schema\/logo\/image\/\"},\"sameAs\":[\"https:\/\/www.facebook.com\/CyberArk\/\",\"https:\/\/x.com\/CyberArk\",\"https:\/\/www.linkedin.com\/company\/cyber-ark-software\/\"]}]}<\/script>\n<!-- \/ Yoast SEO Premium plugin. -->","yoast_head_json":{"title":"T\u00e9moignages de clients et \u00e9tudes de cas | CyberArk","description":"D\u00e9couvrez comment nos clients et nos partenaires ont d\u00e9ploy\u00e9 avec succ\u00e8s les produits et les solutions de pointe de CyberArk pour la s\u00e9curit\u00e9 des identit\u00e9s et la gestion des acc\u00e8s \u00e0 privil\u00e8ges.","robots":{"index":"index","follow":"follow","max-snippet":"max-snippet:-1","max-image-preview":"max-image-preview:large","max-video-preview":"max-video-preview:-1"},"canonical":"https:\/\/www.cyberark.com\/customer-stories\/","og_locale":"fr_FR","og_type":"article","og_title":"T\u00e9moignages de clients","og_description":"D\u00e9couvrez comment nos clients et nos partenaires ont d\u00e9ploy\u00e9 avec succ\u00e8s les produits et les solutions de pointe de CyberArk pour la s\u00e9curit\u00e9 des identit\u00e9s et la gestion des acc\u00e8s \u00e0 privil\u00e8ges.","og_url":"https:\/\/www.cyberark.com\/customer-stories\/","og_site_name":"CyberArk","article_publisher":"https:\/\/www.facebook.com\/CyberArk\/","article_modified_time":"2025-10-16T10:26:14+00:00","og_image":[{"width":1024,"height":535,"url":"https:\/\/www.cyberark.com\/wp-content\/uploads\/2022\/09\/CYBR-gradient-bg-og-120x627-01-1024x535.png","type":"image\/png"}],"twitter_card":"summary_large_image","twitter_site":"@CyberArk","twitter_misc":{"Dur\u00e9e de lecture estim\u00e9e":"7 minutes"},"schema":{"@context":"https:\/\/schema.org","@graph":[{"@type":"WebPage","@id":"https:\/\/www.cyberark.com\/customer-stories\/","url":"https:\/\/www.cyberark.com\/customer-stories\/","name":"T\u00e9moignages de clients et \u00e9tudes de cas | CyberArk","isPartOf":{"@id":"https:\/\/www.cyberark.com\/#website"},"datePublished":"2022-09-15T18:38:08+00:00","dateModified":"2025-10-16T10:26:14+00:00","description":"D\u00e9couvrez comment nos clients et nos partenaires ont d\u00e9ploy\u00e9 avec succ\u00e8s les produits et les solutions de pointe de CyberArk pour la s\u00e9curit\u00e9 des identit\u00e9s et la gestion des acc\u00e8s \u00e0 privil\u00e8ges.","breadcrumb":{"@id":"https:\/\/www.cyberark.com\/customer-stories\/#breadcrumb"},"inLanguage":"fr-FR","potentialAction":[{"@type":"ReadAction","target":["https:\/\/www.cyberark.com\/customer-stories\/"]}]},{"@type":"BreadcrumbList","@id":"https:\/\/www.cyberark.com\/customer-stories\/#breadcrumb","itemListElement":[{"@type":"ListItem","position":1,"name":"Home","item":"https:\/\/www.cyberark.com\/"},{"@type":"ListItem","position":2,"name":"T\u00e9moignages de clients"}]},{"@type":"WebSite","@id":"https:\/\/www.cyberark.com\/#website","url":"https:\/\/www.cyberark.com\/","name":"CyberArk","description":"","publisher":{"@id":"https:\/\/www.cyberark.com\/#organization"},"potentialAction":[{"@type":"SearchAction","target":{"@type":"EntryPoint","urlTemplate":"https:\/\/www.cyberark.com\/?s={search_term_string}"},"query-input":{"@type":"PropertyValueSpecification","valueRequired":true,"valueName":"search_term_string"}}],"inLanguage":"fr-FR"},{"@type":"Organization","@id":"https:\/\/www.cyberark.com\/#organization","name":"CyberArk Software","url":"https:\/\/www.cyberark.com\/","logo":{"@type":"ImageObject","inLanguage":"fr-FR","@id":"https:\/\/www.cyberark.com\/#\/schema\/logo\/image\/","url":"https:\/\/www.cyberark.com\/wp-content\/uploads\/2021\/02\/cyberark-logo-dark.svg","contentUrl":"https:\/\/www.cyberark.com\/wp-content\/uploads\/2021\/02\/cyberark-logo-dark.svg","width":"1024","height":"1024","caption":"CyberArk Software"},"image":{"@id":"https:\/\/www.cyberark.com\/#\/schema\/logo\/image\/"},"sameAs":["https:\/\/www.facebook.com\/CyberArk\/","https:\/\/x.com\/CyberArk","https:\/\/www.linkedin.com\/company\/cyber-ark-software\/"]}]}},"_links":{"self":[{"href":"https:\/\/www.cyberark.com\/fr\/wp-json\/wp\/v2\/pages\/134356","targetHints":{"allow":["GET"]}}],"collection":[{"href":"https:\/\/www.cyberark.com\/fr\/wp-json\/wp\/v2\/pages"}],"about":[{"href":"https:\/\/www.cyberark.com\/fr\/wp-json\/wp\/v2\/types\/page"}],"author":[{"embeddable":true,"href":"https:\/\/www.cyberark.com\/fr\/wp-json\/wp\/v2\/users\/125"}],"replies":[{"embeddable":true,"href":"https:\/\/www.cyberark.com\/fr\/wp-json\/wp\/v2\/comments?post=134356"}],"version-history":[{"count":0,"href":"https:\/\/www.cyberark.com\/fr\/wp-json\/wp\/v2\/pages\/134356\/revisions"}],"wp:attachment":[{"href":"https:\/\/www.cyberark.com\/fr\/wp-json\/wp\/v2\/media?parent=134356"}],"wp:term":[{"taxonomy":"product_category","embeddable":true,"href":"https:\/\/www.cyberark.com\/fr\/wp-json\/wp\/v2\/product_category?post=134356"}],"curies":[{"name":"wp","href":"https:\/\/api.w.org\/{rel}","templated":true}]}}