{"id":190592,"date":"2024-05-10T08:30:10","date_gmt":"2024-05-10T12:30:10","guid":{"rendered":"https:\/\/www.cyberark.com\/try-buy\/conjur-cloud\/"},"modified":"2025-04-03T22:12:17","modified_gmt":"2025-04-04T02:12:17","slug":"secrets-manager-self-hosted-demo","status":"publish","type":"page","link":"https:\/\/www.cyberark.com\/fr\/try-buy\/secrets-manager-self-hosted-demo\/","title":{"rendered":"Secrets Manager Self Hosted Demo"},"content":{"rendered":"<div class=\"wpb-content-wrapper\"><p>[vc_row full_width=\u00a0\u00bbstretch_row\u00a0\u00bb equal_height=\u00a0\u00bbyes\u00a0\u00bb css=\u00a0\u00bb.vc_custom_1609868130755{background-color: #f7f7f7 !important;}\u00a0\u00bb el_class=\u00a0\u00bbcybv2 cybv2-pad-top hv-cta\u00a0\u00bb][vc_column width=\u00a0\u00bb7\/12&Prime; el_class=\u00a0\u00bbleft-clmn\u00a0\u00bb][vc_column_text css=\u00a0\u00bb\u00a0\u00bb]<\/p>\n<h1>Formulaire de d\u00e9monstration pour CyberArk Secrets Manager, Self-Hosted<\/h1>\n<p>\n[\/vc_column_text][vc_row_inner][vc_column_inner el_class=\u00a0\u00bbhead-box\u00a0\u00bb][vc_column_text]<img loading=\"lazy\" decoding=\"async\" width=\"48\" height=\"48\" class=\"alignnone wp-image-106504 size-medium\" style=\"width: 48px;\" src=\"https:\/\/cyberark.com\/wp-content\/uploads\/2020\/12\/cybv2-checkmark-orange.svg\" alt=\"\" \/>[\/vc_column_text][vc_column_text el_class=\u00a0\u00bbhead-box-text\u00a0\u00bb]Supprimez les secrets cod\u00e9s en dur des outils DevOps[\/vc_column_text][\/vc_column_inner][\/vc_row_inner][vc_row_inner][vc_column_inner el_class=\u00a0\u00bbhead-box\u00a0\u00bb][vc_column_text]<img loading=\"lazy\" decoding=\"async\" width=\"48\" height=\"48\" class=\"alignnone wp-image-106504 size-medium\" style=\"width: 48px;\" src=\"https:\/\/cyberark.com\/wp-content\/uploads\/2020\/12\/cybv2-checkmark-orange.svg\" alt=\"\" \/>[\/vc_column_text][vc_column_text el_class=\u00a0\u00bbhead-box-text\u00a0\u00bb]S\u00e9curisez rapidement les applications\u202fgr\u00e2ce \u00e0 des options orient\u00e9es d\u00e9veloppeur[\/vc_column_text][\/vc_column_inner][\/vc_row_inner][vc_row_inner][vc_column_inner el_class=\u00a0\u00bbhead-box\u00a0\u00bb][vc_column_text]<img loading=\"lazy\" decoding=\"async\" width=\"48\" height=\"48\" class=\"alignnone wp-image-106504 size-medium\" style=\"width: 48px;\" src=\"https:\/\/cyberark.com\/wp-content\/uploads\/2020\/12\/cybv2-checkmark-orange.svg\" alt=\"\" \/>[\/vc_column_text][vc_column_text el_class=\u00a0\u00bbhead-box-text\u00a0\u00bb]Utilisez les int\u00e9grations\u202fdans une large gamme de logiciels commerciaux, d\u2019applications, de robots, de scripts d\u2019automatisation et d\u2019outils DevOps[\/vc_column_text][\/vc_column_inner][\/vc_row_inner][vc_row_inner][vc_column_inner el_class=\u00a0\u00bbhead-box\u00a0\u00bb][vc_column_text]<img loading=\"lazy\" decoding=\"async\" width=\"48\" height=\"48\" class=\"alignnone wp-image-106504 size-medium\" style=\"width: 48px;\" src=\"https:\/\/cyberark.com\/wp-content\/uploads\/2020\/12\/cybv2-checkmark-orange.svg\" alt=\"\" \/>[\/vc_column_text][vc_column_text el_class=\u00a0\u00bbhead-box-text\u00a0\u00bb]G\u00e9n\u00e9rez facilement des journaux d\u2019audit[\/vc_column_text][\/vc_column_inner][\/vc_row_inner][vc_single_image image=\u00a0\u00bb108954&Prime; img_size=\u00a0\u00bbfull\u00a0\u00bb el_class=\u00a0\u00bbd-none d-md-block\u00a0\u00bb][\/vc_column][vc_column width=\u00a0\u00bb1\/12&Prime; css=\u00a0\u00bb.vc_custom_1609282896657{margin-right: 45px !important;border-right-width: 1px !important;border-right-color: #717171 !important;border-right-style: solid !important;}\u00a0\u00bb][\/vc_column][vc_column width=\u00a0\u00bb1\/3&Prime; el_class=\u00a0\u00bbright-clmn cybv2-form\u00a0\u00bb][vc_column_text el_class=\u00a0\u00bbbold\u00a0\u00bb]<\/p>\n<h4>Inscrivez-vous ici pour une d\u00e9monstration personnalis\u00e9e<\/h4>\n<p>\n[\/vc_column_text][vc_raw_html css=\u00a0\u00bb\u00a0\u00bb]W21hcmtldG9fZm9ybSBpZD0iODQ4NCIgdHlfcGFnZV91cmw9Imh0dHBzOi8vd3d3LmN5YmVyYXJrLmNvbS9mci90cnktYnV5L3RoYW5rLXlvdS1zZWNyZXRzLW1hbmFnZXItZW50ZXJwcmlzZS8iXQ==[\/vc_raw_html][\/vc_column][\/vc_row][vc_row][vc_column][\/vc_column][\/vc_row][vc_row][vc_column][\/vc_column][\/vc_row]<\/p>\n<\/div>","protected":false},"excerpt":{"rendered":"<p>&#8230;<\/p>\n","protected":false},"author":164,"featured_media":0,"parent":115040,"menu_order":0,"comment_status":"closed","ping_status":"closed","template":"","meta":{"_acf_changed":false,"inline_featured_image":false,"footnotes":""},"product_category":[],"class_list":["post-190592","page","type-page","status-publish","hentry"],"acf":[],"yoast_head":"<!-- This site is optimized with the Yoast SEO Premium plugin v27.2 (Yoast SEO v27.2) - https:\/\/yoast.com\/product\/yoast-seo-premium-wordpress\/ -->\n<title>Demande d\u2019essai gratuit de la b\u00eata de Conjur Cloud | CyberArk<\/title>\n<meta name=\"description\" content=\"Inscrivez-vous \u00e0 la version d\u2019essai gratuite de 30\u00a0jours de la version b\u00eata de CyberArk Conjur Cloud pour s\u00e9curiser tous les secrets d\u2019application dans les environnements de votre entreprise et de vos d\u00e9veloppeurs.\" \/>\n<meta name=\"robots\" content=\"index, follow, max-snippet:-1, max-image-preview:large, max-video-preview:-1\" \/>\n<link rel=\"canonical\" href=\"https:\/\/www.cyberark.com\/fr\/try-buy\/secrets-manager-self-hosted-demo\/\" \/>\n<meta property=\"og:locale\" content=\"fr_FR\" \/>\n<meta property=\"og:type\" content=\"article\" \/>\n<meta property=\"og:title\" content=\"Secrets Manager Self Hosted Demo\" \/>\n<meta property=\"og:description\" content=\"Inscrivez-vous \u00e0 la version d\u2019essai gratuite de 30\u00a0jours de la version b\u00eata de CyberArk Conjur Cloud pour s\u00e9curiser tous les secrets d\u2019application dans les environnements de votre entreprise et de vos d\u00e9veloppeurs.\" \/>\n<meta property=\"og:url\" content=\"https:\/\/www.cyberark.com\/fr\/try-buy\/secrets-manager-self-hosted-demo\/\" \/>\n<meta property=\"og:site_name\" content=\"CyberArk\" \/>\n<meta property=\"article:publisher\" content=\"https:\/\/www.facebook.com\/CyberArk\/\" \/>\n<meta property=\"article:modified_time\" content=\"2025-04-04T02:12:17+00:00\" \/>\n<meta name=\"twitter:card\" content=\"summary_large_image\" \/>\n<meta name=\"twitter:site\" content=\"@CyberArk\" \/>\n<meta name=\"twitter:label1\" content=\"Dur\u00e9e de lecture estim\u00e9e\" \/>\n\t<meta name=\"twitter:data1\" content=\"2 minutes\" \/>\n<script type=\"application\/ld+json\" class=\"yoast-schema-graph\">{\"@context\":\"https:\/\/schema.org\",\"@graph\":[{\"@type\":\"WebPage\",\"@id\":\"https:\/\/www.cyberark.com\/fr\/try-buy\/secrets-manager-self-hosted-demo\/\",\"url\":\"https:\/\/www.cyberark.com\/fr\/try-buy\/secrets-manager-self-hosted-demo\/\",\"name\":\"Demande d\u2019essai gratuit de la b\u00eata de Conjur Cloud | CyberArk\",\"isPartOf\":{\"@id\":\"https:\/\/www.cyberark.com\/fr\/#website\"},\"primaryImageOfPage\":{\"@id\":\"https:\/\/www.cyberark.com\/fr\/try-buy\/secrets-manager-self-hosted-demo\/#primaryimage\"},\"image\":{\"@id\":\"https:\/\/www.cyberark.com\/fr\/try-buy\/secrets-manager-self-hosted-demo\/#primaryimage\"},\"thumbnailUrl\":\"https:\/\/cyberark.com\/wp-content\/uploads\/2020\/12\/cybv2-checkmark-orange.svg\",\"datePublished\":\"2024-05-10T12:30:10+00:00\",\"dateModified\":\"2025-04-04T02:12:17+00:00\",\"description\":\"Inscrivez-vous \u00e0 la version d\u2019essai gratuite de 30\u00a0jours de la version b\u00eata de CyberArk Conjur Cloud pour s\u00e9curiser tous les secrets d\u2019application dans les environnements de votre entreprise et de vos d\u00e9veloppeurs.\",\"breadcrumb\":{\"@id\":\"https:\/\/www.cyberark.com\/fr\/try-buy\/secrets-manager-self-hosted-demo\/#breadcrumb\"},\"inLanguage\":\"fr-FR\",\"potentialAction\":[{\"@type\":\"ReadAction\",\"target\":[\"https:\/\/www.cyberark.com\/fr\/try-buy\/secrets-manager-self-hosted-demo\/\"]}]},{\"@type\":\"ImageObject\",\"inLanguage\":\"fr-FR\",\"@id\":\"https:\/\/www.cyberark.com\/fr\/try-buy\/secrets-manager-self-hosted-demo\/#primaryimage\",\"url\":\"https:\/\/cyberark.com\/wp-content\/uploads\/2020\/12\/cybv2-checkmark-orange.svg\",\"contentUrl\":\"https:\/\/cyberark.com\/wp-content\/uploads\/2020\/12\/cybv2-checkmark-orange.svg\"},{\"@type\":\"BreadcrumbList\",\"@id\":\"https:\/\/www.cyberark.com\/fr\/try-buy\/secrets-manager-self-hosted-demo\/#breadcrumb\",\"itemListElement\":[{\"@type\":\"ListItem\",\"position\":1,\"name\":\"Home\",\"item\":\"https:\/\/www.cyberark.com\/fr\/\"},{\"@type\":\"ListItem\",\"position\":2,\"name\":\"Essayez et achetez\",\"item\":\"https:\/\/www.cyberark.com\/fr\/try-buy\/\"},{\"@type\":\"ListItem\",\"position\":3,\"name\":\"Secrets Manager Self Hosted Demo\"}]},{\"@type\":\"WebSite\",\"@id\":\"https:\/\/www.cyberark.com\/fr\/#website\",\"url\":\"https:\/\/www.cyberark.com\/fr\/\",\"name\":\"CyberArk\",\"description\":\"\",\"publisher\":{\"@id\":\"https:\/\/www.cyberark.com\/fr\/#organization\"},\"potentialAction\":[{\"@type\":\"SearchAction\",\"target\":{\"@type\":\"EntryPoint\",\"urlTemplate\":\"https:\/\/www.cyberark.com\/fr\/?s={search_term_string}\"},\"query-input\":{\"@type\":\"PropertyValueSpecification\",\"valueRequired\":true,\"valueName\":\"search_term_string\"}}],\"inLanguage\":\"fr-FR\"},{\"@type\":\"Organization\",\"@id\":\"https:\/\/www.cyberark.com\/fr\/#organization\",\"name\":\"CyberArk Software\",\"url\":\"https:\/\/www.cyberark.com\/fr\/\",\"logo\":{\"@type\":\"ImageObject\",\"inLanguage\":\"fr-FR\",\"@id\":\"https:\/\/www.cyberark.com\/fr\/#\/schema\/logo\/image\/\",\"url\":\"https:\/\/www.cyberark.com\/wp-content\/uploads\/2021\/02\/cyberark-logo-dark.svg\",\"contentUrl\":\"https:\/\/www.cyberark.com\/wp-content\/uploads\/2021\/02\/cyberark-logo-dark.svg\",\"width\":\"1024\",\"height\":\"1024\",\"caption\":\"CyberArk Software\"},\"image\":{\"@id\":\"https:\/\/www.cyberark.com\/fr\/#\/schema\/logo\/image\/\"},\"sameAs\":[\"https:\/\/www.facebook.com\/CyberArk\/\",\"https:\/\/x.com\/CyberArk\",\"https:\/\/www.linkedin.com\/company\/cyber-ark-software\/\"]}]}<\/script>\n<!-- \/ Yoast SEO Premium plugin. -->","yoast_head_json":{"title":"Demande d\u2019essai gratuit de la b\u00eata de Conjur Cloud | CyberArk","description":"Inscrivez-vous \u00e0 la version d\u2019essai gratuite de 30\u00a0jours de la version b\u00eata de CyberArk Conjur Cloud pour s\u00e9curiser tous les secrets d\u2019application dans les environnements de votre entreprise et de vos d\u00e9veloppeurs.","robots":{"index":"index","follow":"follow","max-snippet":"max-snippet:-1","max-image-preview":"max-image-preview:large","max-video-preview":"max-video-preview:-1"},"canonical":"https:\/\/www.cyberark.com\/fr\/try-buy\/secrets-manager-self-hosted-demo\/","og_locale":"fr_FR","og_type":"article","og_title":"Secrets Manager Self Hosted Demo","og_description":"Inscrivez-vous \u00e0 la version d\u2019essai gratuite de 30\u00a0jours de la version b\u00eata de CyberArk Conjur Cloud pour s\u00e9curiser tous les secrets d\u2019application dans les environnements de votre entreprise et de vos d\u00e9veloppeurs.","og_url":"https:\/\/www.cyberark.com\/fr\/try-buy\/secrets-manager-self-hosted-demo\/","og_site_name":"CyberArk","article_publisher":"https:\/\/www.facebook.com\/CyberArk\/","article_modified_time":"2025-04-04T02:12:17+00:00","twitter_card":"summary_large_image","twitter_site":"@CyberArk","twitter_misc":{"Dur\u00e9e de lecture estim\u00e9e":"2 minutes"},"schema":{"@context":"https:\/\/schema.org","@graph":[{"@type":"WebPage","@id":"https:\/\/www.cyberark.com\/fr\/try-buy\/secrets-manager-self-hosted-demo\/","url":"https:\/\/www.cyberark.com\/fr\/try-buy\/secrets-manager-self-hosted-demo\/","name":"Demande d\u2019essai gratuit de la b\u00eata de Conjur Cloud | CyberArk","isPartOf":{"@id":"https:\/\/www.cyberark.com\/fr\/#website"},"primaryImageOfPage":{"@id":"https:\/\/www.cyberark.com\/fr\/try-buy\/secrets-manager-self-hosted-demo\/#primaryimage"},"image":{"@id":"https:\/\/www.cyberark.com\/fr\/try-buy\/secrets-manager-self-hosted-demo\/#primaryimage"},"thumbnailUrl":"https:\/\/cyberark.com\/wp-content\/uploads\/2020\/12\/cybv2-checkmark-orange.svg","datePublished":"2024-05-10T12:30:10+00:00","dateModified":"2025-04-04T02:12:17+00:00","description":"Inscrivez-vous \u00e0 la version d\u2019essai gratuite de 30\u00a0jours de la version b\u00eata de CyberArk Conjur Cloud pour s\u00e9curiser tous les secrets d\u2019application dans les environnements de votre entreprise et de vos d\u00e9veloppeurs.","breadcrumb":{"@id":"https:\/\/www.cyberark.com\/fr\/try-buy\/secrets-manager-self-hosted-demo\/#breadcrumb"},"inLanguage":"fr-FR","potentialAction":[{"@type":"ReadAction","target":["https:\/\/www.cyberark.com\/fr\/try-buy\/secrets-manager-self-hosted-demo\/"]}]},{"@type":"ImageObject","inLanguage":"fr-FR","@id":"https:\/\/www.cyberark.com\/fr\/try-buy\/secrets-manager-self-hosted-demo\/#primaryimage","url":"https:\/\/cyberark.com\/wp-content\/uploads\/2020\/12\/cybv2-checkmark-orange.svg","contentUrl":"https:\/\/cyberark.com\/wp-content\/uploads\/2020\/12\/cybv2-checkmark-orange.svg"},{"@type":"BreadcrumbList","@id":"https:\/\/www.cyberark.com\/fr\/try-buy\/secrets-manager-self-hosted-demo\/#breadcrumb","itemListElement":[{"@type":"ListItem","position":1,"name":"Home","item":"https:\/\/www.cyberark.com\/fr\/"},{"@type":"ListItem","position":2,"name":"Essayez et achetez","item":"https:\/\/www.cyberark.com\/fr\/try-buy\/"},{"@type":"ListItem","position":3,"name":"Secrets Manager Self Hosted Demo"}]},{"@type":"WebSite","@id":"https:\/\/www.cyberark.com\/fr\/#website","url":"https:\/\/www.cyberark.com\/fr\/","name":"CyberArk","description":"","publisher":{"@id":"https:\/\/www.cyberark.com\/fr\/#organization"},"potentialAction":[{"@type":"SearchAction","target":{"@type":"EntryPoint","urlTemplate":"https:\/\/www.cyberark.com\/fr\/?s={search_term_string}"},"query-input":{"@type":"PropertyValueSpecification","valueRequired":true,"valueName":"search_term_string"}}],"inLanguage":"fr-FR"},{"@type":"Organization","@id":"https:\/\/www.cyberark.com\/fr\/#organization","name":"CyberArk Software","url":"https:\/\/www.cyberark.com\/fr\/","logo":{"@type":"ImageObject","inLanguage":"fr-FR","@id":"https:\/\/www.cyberark.com\/fr\/#\/schema\/logo\/image\/","url":"https:\/\/www.cyberark.com\/wp-content\/uploads\/2021\/02\/cyberark-logo-dark.svg","contentUrl":"https:\/\/www.cyberark.com\/wp-content\/uploads\/2021\/02\/cyberark-logo-dark.svg","width":"1024","height":"1024","caption":"CyberArk Software"},"image":{"@id":"https:\/\/www.cyberark.com\/fr\/#\/schema\/logo\/image\/"},"sameAs":["https:\/\/www.facebook.com\/CyberArk\/","https:\/\/x.com\/CyberArk","https:\/\/www.linkedin.com\/company\/cyber-ark-software\/"]}]}},"_links":{"self":[{"href":"https:\/\/www.cyberark.com\/fr\/wp-json\/wp\/v2\/pages\/190592","targetHints":{"allow":["GET"]}}],"collection":[{"href":"https:\/\/www.cyberark.com\/fr\/wp-json\/wp\/v2\/pages"}],"about":[{"href":"https:\/\/www.cyberark.com\/fr\/wp-json\/wp\/v2\/types\/page"}],"author":[{"embeddable":true,"href":"https:\/\/www.cyberark.com\/fr\/wp-json\/wp\/v2\/users\/164"}],"replies":[{"embeddable":true,"href":"https:\/\/www.cyberark.com\/fr\/wp-json\/wp\/v2\/comments?post=190592"}],"version-history":[{"count":0,"href":"https:\/\/www.cyberark.com\/fr\/wp-json\/wp\/v2\/pages\/190592\/revisions"}],"up":[{"embeddable":true,"href":"https:\/\/www.cyberark.com\/fr\/wp-json\/wp\/v2\/pages\/115040"}],"wp:attachment":[{"href":"https:\/\/www.cyberark.com\/fr\/wp-json\/wp\/v2\/media?parent=190592"}],"wp:term":[{"taxonomy":"product_category","embeddable":true,"href":"https:\/\/www.cyberark.com\/fr\/wp-json\/wp\/v2\/product_category?post=190592"}],"curies":[{"name":"wp","href":"https:\/\/api.w.org\/{rel}","templated":true}]}}