{"id":206829,"date":"2025-03-28T14:33:00","date_gmt":"2025-03-28T18:33:00","guid":{"rendered":"https:\/\/www.cyberark.com\/services-support\/cloud-native-consulting\/"},"modified":"2025-05-05T03:11:23","modified_gmt":"2025-05-05T07:11:23","slug":"cloud-native-consulting","status":"publish","type":"page","link":"https:\/\/www.cyberark.com\/fr\/services-support\/cloud-native-consulting\/","title":{"rendered":"Service de conseil cloud native"},"content":{"rendered":"<div class=\"wpb-content-wrapper\"><p>[vc_row full_width=\u00a0\u00bbstretch_row\u00a0\u00bb equal_height=\u00a0\u00bbyes\u00a0\u00bb content_placement=\u00a0\u00bbmiddle\u00a0\u00bb el_class=\u00a0\u00bbcybv2 hero dark\u00a0\u00bb][vc_column width=\u00a0\u00bb1\/2&Prime; el_class=\u00a0\u00bbcolumn-1&Prime; offset=\u00a0\u00bbvc_col-md-6&Prime;][vc_column_text css=\u00a0\u00bb\u00a0\u00bb]<\/p>\n<h1>Services d\u2019expertise et de conseil cloud native<\/h1>\n<p><\/p>\n<h2>B\u00e9n\u00e9ficiez de services de conseil strat\u00e9gique, de mise en \u0153uvre sur le terrain et de formation pour optimiser vos projets cloud native et tirez le meilleur parti de vos initiatives de modernisation avec Kubernetes et OpenShift.<\/h2>\n<p>\n[\/vc_column_text][vc_btn title=\u00a0\u00bbParler \u00e0 un expert\u00a0\u00bb style=\u00a0\u00bbcustom\u00a0\u00bb custom_background=\u00a0\u00bb\u00a0\u00bb custom_text=\u00a0\u00bb\u00a0\u00bb shape=\u00a0\u00bbsquare\u00a0\u00bb css=\u00a0\u00bb\u00a0\u00bb link=\u00a0\u00bburl:https%3A%2F%2Fwww.cyberark.com%2Ffr%2Ftry-buy%2Fcloud-native-consulting-talk-with-us%2F|title:Commencer|\u00a0\u00bb el_class=\u00a0\u00bbcybv2-button-solid\u00a0\u00bb][\/vc_column][vc_column width=\u00a0\u00bb1\/2&Prime; el_class=\u00a0\u00bbcolumn-2&Prime;][vc_single_image image=\u00a0\u00bb206251&Prime; img_size=\u00a0\u00bbfull\u00a0\u00bb alignment=\u00a0\u00bbcenter\u00a0\u00bb css=\u00a0\u00bb\u00a0\u00bb][\/vc_column][\/vc_row][vc_row full_width=\u00a0\u00bbstretch_row\u00a0\u00bb el_class=\u00a0\u00bbcybv2 v3 products cybv2-pad box-row\u00a0\u00bb][vc_column el_class=\u00a0\u00bbtext-center\u00a0\u00bb][vc_row_inner el_class=\u00a0\u00bbd-flex justify-content-center\u00a0\u00bb][vc_column_inner el_class=\u00a0\u00bbcyb-center\u00a0\u00bb width=\u00a0\u00bb5\/6&Prime; offset=\u00a0\u00bbvc_col-lg-offset-1&Prime;][vc_column_text css=\u00a0\u00bb\u00a0\u00bb]<\/p>\n<h2>Un soutien strat\u00e9gique pour s\u00e9curiser et optimiser efficacement votre \u00e9cosyst\u00e8me cloud native<\/h2>\n<p><\/p>\n<h5>Les technologies cloud native ont chang\u00e9 la donne. Les d\u00e9veloppeurs adoptent les meilleurs outils open source pour automatiser les processus, tandis que les \u00e9quipes en charge des plateformes ex\u00e9cutent des services hautement distribu\u00e9s sur plusieurs infrastructures multiclouds.<\/h5>\n<p><\/p>\n<h5>Jetstack Consult offre une expertise technique pointue, des connaissances approfondies et une \u00e9thique professionnelle unique pour soutenir votre plateforme cloud native, aider au d\u00e9veloppement de vos applications et renforcer votre s\u00e9curit\u00e9.<\/h5>\n<p>\n[\/vc_column_text][\/vc_column_inner][\/vc_row_inner][\/vc_column][\/vc_row][vc_row full_width=\u00a0\u00bbstretch_row\u00a0\u00bb equal_height=\u00a0\u00bbyes\u00a0\u00bb el_class=\u00a0\u00bbcybv2 cybv2-pad quote-component white\u00a0\u00bb css=\u00a0\u00bb.vc_custom_1737658121182{background-image: url(https:\/\/www.cyberark.com\/wp-content\/uploads\/2025\/01\/blue-dota-background.jpg?id=201917) !important;background-position: center !important;background-repeat: no-repeat !important;background-size: cover !important;}\u00a0\u00bb][vc_column width=\u00a0\u00bb1\/2&Prime; el_class=\u00a0\u00bbimg-box\u00a0\u00bb css=\u00a0\u00bb.vc_custom_1743175648003{background-image: url(https:\/\/www.cyberark.com\/wp-content\/uploads\/2025\/03\/ebury-logo-img.jpg?id=206404) !important;background-position: center !important;background-repeat: no-repeat !important;background-size: cover !important;}\u00a0\u00bb][\/vc_column][vc_column width=\u00a0\u00bb1\/2&Prime; el_class=\u00a0\u00bbcontent-column\u00a0\u00bb][vc_row_inner][vc_column_inner el_class=\u00a0\u00bbhead-box\u00a0\u00bb width=\u00a0\u00bb11\/12&Prime;][vc_column_text css=\u00a0\u00bb\u00a0\u00bb]<img loading=\"lazy\" decoding=\"async\" class=\"alignnone size-full wp-image-201899\" src=\"https:\/\/www.cyberark.com\/wp-content\/uploads\/2025\/01\/double-quotes.svg\" alt=\"guillemets\" width=\"87\" height=\"64\" \/><\/p>\n<h4>\u00ab\u00a0L\u2019expertise de Jetstack Consult a \u00e9t\u00e9 cruciale pour garantir la r\u00e9silience de notre plateforme cloud native et parvenir \u00e0 un niveau de qualit\u00e9 exceptionnel.\u00a0\u00bb<\/h4>\n<p>Victor Tuson Palau\u200b <strong>Chief Technology Officer,\u00a0Ebury\u200b<\/strong>[\/vc_column_text][\/vc_column_inner][\/vc_row_inner][\/vc_column][\/vc_row][vc_row full_width=\u00a0\u00bbstretch_row\u00a0\u00bb el_class=\u00a0\u00bbseesaw-v2&Prime; css=\u00a0\u00bb.vc_custom_1743096171666{margin-top: 80px !important;}\u00a0\u00bb][vc_column width=\u00a0\u00bb1\/2&Prime; el_class=\u00a0\u00bbd-flex align-items-start cybv2-pad-top\u00a0\u00bb][vc_single_image image=\u00a0\u00bb205275&Prime; img_size=\u00a0\u00bbfull\u00a0\u00bb css=\u00a0\u00bb\u00a0\u00bb][\/vc_column][vc_column width=\u00a0\u00bb5\/12&Prime; offset=\u00a0\u00bbvc_col-lg-offset-1&Prime; el_class=\u00a0\u00bbcolumn\u00a0\u00bb][vc_column_text css=\u00a0\u00bb\u00a0\u00bb]<\/p>\n<h3>Expertise \u00e9prouv\u00e9e en mati\u00e8re de s\u00e9curit\u00e9<\/h3>\n<p><strong>Pr\u00e9vention avanc\u00e9e des menaces et s\u00e9curit\u00e9 de pointe des supply chains logicielles<\/strong> Renforcez la posture de s\u00e9curit\u00e9 de votre entreprise en axant vos efforts sur la s\u00e9curit\u00e9 des cha\u00eenes d\u2019approvisionnement logicielles et la mod\u00e9lisation des menaces.<\/p>\n<p><i class=\"fa-solid fa-check\" style=\"color: #8974ff;\"><\/i> <strong>Surface d\u2019attaque r\u00e9duite<\/strong> <br \/><i class=\"fa-solid fa-check\" style=\"color: #8974ff;\"><\/i> <strong>R\u00e9ponses plus rapides aux menaces<\/strong> <br \/><i class=\"fa-solid fa-check\" style=\"color: #8974ff;\"><\/i> <strong>S\u00e9curit\u00e9 optimale des supply chains logicielles\u200b<\/strong>[\/vc_column_text][\/vc_column][\/vc_row][vc_row full_width=\u00a0\u00bbstretch_row\u00a0\u00bb el_class=\u00a0\u00bbseesaw-v2 cybv2-pad-120 cyb-reverse\u00a0\u00bb][vc_column width=\u00a0\u00bb5\/12&Prime; el_class=\u00a0\u00bbcolumn\u00a0\u00bb][vc_column_text css=\u00a0\u00bb\u00a0\u00bb]<\/p>\n<h3>Acc\u00e9l\u00e9ration de la transformation cloud native<\/h3>\n<p><strong>Infrastructure Kubernetes optimis\u00e9e pour \u00e9voluer \u00e0 moindre co\u00fbt au rythme des innovations<\/strong> Am\u00e9liorez votre maturit\u00e9 Kubernetes et la r\u00e9silience de votre plateforme et maximisez vos performances en b\u00e9n\u00e9ficiant d\u2019un soutien continu.<\/p>\n<p><i class=\"fa-solid fa-check\" style=\"color: #8974ff;\"><\/i> <strong>\u00c9valuation de la maturit\u00e9\u200b<\/strong> <br \/><i class=\"fa-solid fa-check\" style=\"color: #8974ff;\"><\/i> <strong>Architecture de plateforme moderne\u200b\u200b<\/strong> <br \/><i class=\"fa-solid fa-check\" style=\"color: #8974ff;\"><\/i> <strong>Planification et pr\u00e9paration de la production et assistance\u200b\u200b<\/strong>[\/vc_column_text][\/vc_column][vc_column width=\u00a0\u00bb1\/2&Prime; offset=\u00a0\u00bbvc_col-lg-offset-1&Prime;][vc_single_image image=\u00a0\u00bb205257&Prime; img_size=\u00a0\u00bbfull\u00a0\u00bb css=\u00a0\u00bb\u00a0\u00bb][\/vc_column][\/vc_row][vc_row full_width=\u00a0\u00bbstretch_row\u00a0\u00bb el_class=\u00a0\u00bbseesaw-v2&Prime; css=\u00a0\u00bb.vc_custom_1743096171666{margin-top: 80px !important;}\u00a0\u00bb][vc_column width=\u00a0\u00bb1\/2&Prime; el_class=\u00a0\u00bbd-flex align-items-start cybv2-pad-top\u00a0\u00bb][vc_single_image image=\u00a0\u00bb206634&Prime; img_size=\u00a0\u00bbfull\u00a0\u00bb css=\u00a0\u00bb\u00a0\u00bb][\/vc_column][vc_column width=\u00a0\u00bb5\/12&Prime; offset=\u00a0\u00bbvc_col-lg-offset-1&Prime; el_class=\u00a0\u00bbcolumn\u00a0\u00bb][vc_column_text css=\u00a0\u00bb\u00a0\u00bb]<\/p>\n<h3>Partage de connaissances<\/h3>\n<p><strong>Comp\u00e9tences et expertise garantes d\u2019une efficacit\u00e9 et d\u2019une s\u00e9curit\u00e9 optimales<\/strong> D\u00e9veloppez vos \u00e9quipes conception et s\u00e9curit\u00e9, consolidez l\u2019exp\u00e9rience et les connaissances et gagnez en efficacit\u00e9 et en coh\u00e9rence.<\/p>\n<p><i class=\"fa-solid fa-check\" style=\"color: #8974ff;\"><\/i> <strong>Am\u00e9lioration des connaissances sur les outils open source<\/strong> <br \/><i class=\"fa-solid fa-check\" style=\"color: #8974ff;\"><\/i> <strong>Renforcement de l\u2019expertise techniques des \u00e9quipes en charge des plateformes<\/strong> <br \/><i class=\"fa-solid fa-check\" style=\"color: #8974ff;\"><\/i> <strong>Programmes de formation personnalis\u00e9s pour tous les niveaux de conception<\/strong>[\/vc_column_text][\/vc_column][\/vc_row][vc_row full_width=\u00a0\u00bbstretch_row\u00a0\u00bb el_class=\u00a0\u00bbcybv2 cybv2_talk_to_an_expert dark\u00a0\u00bb css=\u00a0\u00bb.vc_custom_1743096203117{margin-top: 80px !important;background-color: #061b2b !important;}\u00a0\u00bb][vc_column width=\u00a0\u00bb2\/3&Prime; el_class=\u00a0\u00bbtext-center\u00a0\u00bb offset=\u00a0\u00bbvc_col-lg-offset-2&Prime;][vc_column_text css=\u00a0\u00bb\u00a0\u00bb el_class=\u00a0\u00bbextra-space\u00a0\u00bb]<\/p>\n<h3>Exploitez toute la puissance des technologies cloud native. Lancez-vous d\u00e8s maintenant.<\/h3>\n<p>\n[\/vc_column_text][vc_btn title=\u00a0\u00bbCommencer\u00a0\u00bb style=\u00a0\u00bbcustom\u00a0\u00bb custom_background=\u00a0\u00bb\u00a0\u00bb custom_text=\u00a0\u00bb\u00a0\u00bb shape=\u00a0\u00bbsquare\u00a0\u00bb align=\u00a0\u00bbcenter\u00a0\u00bb css=\u00a0\u00bb\u00a0\u00bb link=\u00a0\u00bburl:https%3A%2F%2Fwww.cyberark.com%2Ffr%2Ftry-buy%2Fcloud-native-consulting-talk-with-us%2F|title:Contact|\u00a0\u00bb el_class=\u00a0\u00bbcybv2-button-solid cyb-button-hpstyle_section5&Prime;][\/vc_column][\/vc_row]<\/p>\n<\/div>","protected":false},"excerpt":{"rendered":"<p>[vc_row full_width=\u00a0\u00bbstretch_row\u00a0\u00bb equal_height=\u00a0\u00bbyes\u00a0\u00bb content_placement=\u00a0\u00bbmiddle\u00a0\u00bb el_class=\u00a0\u00bbcybv2 hero dark\u00a0\u00bb][vc_column width=\u00a0\u00bb1\/2&Prime; el_class=\u00a0\u00bbcolumn-1&Prime; offset=\u00a0\u00bbvc_col-md-6&Prime;][vc_column_text css=\u00a0\u00bb\u00a0\u00bb] Services d\u2019expertise et de conseil cloud native B\u00e9n\u00e9ficiez de services de conseil strat\u00e9gique, de mise en \u0153uvre sur le terrain et de formation pour&#8230;<\/p>\n","protected":false},"author":164,"featured_media":0,"parent":52431,"menu_order":0,"comment_status":"closed","ping_status":"closed","template":"","meta":{"_acf_changed":false,"inline_featured_image":false,"footnotes":""},"product_category":[],"class_list":["post-206829","page","type-page","status-publish","hentry"],"acf":[],"yoast_head":"<!-- This site is optimized with the Yoast SEO Premium plugin v27.2 (Yoast SEO v27.2) - https:\/\/yoast.com\/product\/yoast-seo-premium-wordpress\/ -->\n<title>Service de conseil cloud native | CyberArk<\/title>\n<meta name=\"description\" content=\"B\u00e9n\u00e9ficiez de services de conseil strat\u00e9gique, de mise en \u0153uvre sur le terrain et de formation pour optimiser vos projets cloud native et tirez le meilleur parti de vos initiatives de modernisation avec Kubernetes et OpenShift.\" \/>\n<meta name=\"robots\" content=\"index, follow, max-snippet:-1, max-image-preview:large, max-video-preview:-1\" \/>\n<link rel=\"canonical\" href=\"https:\/\/www.cyberark.com\/services-support\/cloud-native-consulting\/\" \/>\n<meta property=\"og:locale\" content=\"fr_FR\" \/>\n<meta property=\"og:type\" content=\"article\" \/>\n<meta property=\"og:title\" content=\"Service de conseil cloud native\" \/>\n<meta property=\"og:description\" content=\"B\u00e9n\u00e9ficiez de services de conseil strat\u00e9gique, de mise en \u0153uvre sur le terrain et de formation pour optimiser vos projets cloud native et tirez le meilleur parti de vos initiatives de modernisation avec Kubernetes et OpenShift.\" \/>\n<meta property=\"og:url\" content=\"https:\/\/www.cyberark.com\/services-support\/cloud-native-consulting\/\" \/>\n<meta property=\"og:site_name\" content=\"CyberArk\" \/>\n<meta property=\"article:publisher\" content=\"https:\/\/www.facebook.com\/CyberArk\/\" \/>\n<meta property=\"article:modified_time\" content=\"2025-05-05T07:11:23+00:00\" \/>\n<meta property=\"og:image\" content=\"https:\/\/www.cyberark.com\/wp-content\/uploads\/2025\/01\/double-quotes.svg\" \/>\n<meta name=\"twitter:card\" content=\"summary_large_image\" \/>\n<meta name=\"twitter:site\" content=\"@CyberArk\" \/>\n<meta name=\"twitter:label1\" content=\"Dur\u00e9e de lecture estim\u00e9e\" \/>\n\t<meta name=\"twitter:data1\" content=\"3 minutes\" \/>\n<script type=\"application\/ld+json\" class=\"yoast-schema-graph\">{\"@context\":\"https:\/\/schema.org\",\"@graph\":[{\"@type\":\"WebPage\",\"@id\":\"https:\/\/www.cyberark.com\/services-support\/cloud-native-consulting\/\",\"url\":\"https:\/\/www.cyberark.com\/services-support\/cloud-native-consulting\/\",\"name\":\"Service de conseil cloud native | CyberArk\",\"isPartOf\":{\"@id\":\"https:\/\/www.cyberark.com\/#website\"},\"primaryImageOfPage\":{\"@id\":\"https:\/\/www.cyberark.com\/services-support\/cloud-native-consulting\/#primaryimage\"},\"image\":{\"@id\":\"https:\/\/www.cyberark.com\/services-support\/cloud-native-consulting\/#primaryimage\"},\"thumbnailUrl\":\"https:\/\/www.cyberark.com\/wp-content\/uploads\/2025\/01\/double-quotes.svg\",\"datePublished\":\"2025-03-28T18:33:00+00:00\",\"dateModified\":\"2025-05-05T07:11:23+00:00\",\"description\":\"B\u00e9n\u00e9ficiez de services de conseil strat\u00e9gique, de mise en \u0153uvre sur le terrain et de formation pour optimiser vos projets cloud native et tirez le meilleur parti de vos initiatives de modernisation avec Kubernetes et OpenShift.\",\"breadcrumb\":{\"@id\":\"https:\/\/www.cyberark.com\/services-support\/cloud-native-consulting\/#breadcrumb\"},\"inLanguage\":\"fr-FR\",\"potentialAction\":[{\"@type\":\"ReadAction\",\"target\":[\"https:\/\/www.cyberark.com\/services-support\/cloud-native-consulting\/\"]}]},{\"@type\":\"ImageObject\",\"inLanguage\":\"fr-FR\",\"@id\":\"https:\/\/www.cyberark.com\/services-support\/cloud-native-consulting\/#primaryimage\",\"url\":\"https:\/\/www.cyberark.com\/wp-content\/uploads\/2025\/01\/double-quotes.svg\",\"contentUrl\":\"https:\/\/www.cyberark.com\/wp-content\/uploads\/2025\/01\/double-quotes.svg\"},{\"@type\":\"BreadcrumbList\",\"@id\":\"https:\/\/www.cyberark.com\/services-support\/cloud-native-consulting\/#breadcrumb\",\"itemListElement\":[{\"@type\":\"ListItem\",\"position\":1,\"name\":\"Home\",\"item\":\"https:\/\/www.cyberark.com\/\"},{\"@type\":\"ListItem\",\"position\":2,\"name\":\"Services et support\",\"item\":\"https:\/\/www.cyberark.com\/services-support\/\"},{\"@type\":\"ListItem\",\"position\":3,\"name\":\"Service de conseil cloud native\"}]},{\"@type\":\"WebSite\",\"@id\":\"https:\/\/www.cyberark.com\/#website\",\"url\":\"https:\/\/www.cyberark.com\/\",\"name\":\"CyberArk\",\"description\":\"\",\"publisher\":{\"@id\":\"https:\/\/www.cyberark.com\/#organization\"},\"potentialAction\":[{\"@type\":\"SearchAction\",\"target\":{\"@type\":\"EntryPoint\",\"urlTemplate\":\"https:\/\/www.cyberark.com\/?s={search_term_string}\"},\"query-input\":{\"@type\":\"PropertyValueSpecification\",\"valueRequired\":true,\"valueName\":\"search_term_string\"}}],\"inLanguage\":\"fr-FR\"},{\"@type\":\"Organization\",\"@id\":\"https:\/\/www.cyberark.com\/#organization\",\"name\":\"CyberArk Software\",\"url\":\"https:\/\/www.cyberark.com\/\",\"logo\":{\"@type\":\"ImageObject\",\"inLanguage\":\"fr-FR\",\"@id\":\"https:\/\/www.cyberark.com\/#\/schema\/logo\/image\/\",\"url\":\"https:\/\/www.cyberark.com\/wp-content\/uploads\/2021\/02\/cyberark-logo-dark.svg\",\"contentUrl\":\"https:\/\/www.cyberark.com\/wp-content\/uploads\/2021\/02\/cyberark-logo-dark.svg\",\"width\":\"1024\",\"height\":\"1024\",\"caption\":\"CyberArk Software\"},\"image\":{\"@id\":\"https:\/\/www.cyberark.com\/#\/schema\/logo\/image\/\"},\"sameAs\":[\"https:\/\/www.facebook.com\/CyberArk\/\",\"https:\/\/x.com\/CyberArk\",\"https:\/\/www.linkedin.com\/company\/cyber-ark-software\/\"]}]}<\/script>\n<!-- \/ Yoast SEO Premium plugin. -->","yoast_head_json":{"title":"Service de conseil cloud native | CyberArk","description":"B\u00e9n\u00e9ficiez de services de conseil strat\u00e9gique, de mise en \u0153uvre sur le terrain et de formation pour optimiser vos projets cloud native et tirez le meilleur parti de vos initiatives de modernisation avec Kubernetes et OpenShift.","robots":{"index":"index","follow":"follow","max-snippet":"max-snippet:-1","max-image-preview":"max-image-preview:large","max-video-preview":"max-video-preview:-1"},"canonical":"https:\/\/www.cyberark.com\/services-support\/cloud-native-consulting\/","og_locale":"fr_FR","og_type":"article","og_title":"Service de conseil cloud native","og_description":"B\u00e9n\u00e9ficiez de services de conseil strat\u00e9gique, de mise en \u0153uvre sur le terrain et de formation pour optimiser vos projets cloud native et tirez le meilleur parti de vos initiatives de modernisation avec Kubernetes et OpenShift.","og_url":"https:\/\/www.cyberark.com\/services-support\/cloud-native-consulting\/","og_site_name":"CyberArk","article_publisher":"https:\/\/www.facebook.com\/CyberArk\/","article_modified_time":"2025-05-05T07:11:23+00:00","og_image":[{"url":"https:\/\/www.cyberark.com\/wp-content\/uploads\/2025\/01\/double-quotes.svg","type":"","width":"","height":""}],"twitter_card":"summary_large_image","twitter_site":"@CyberArk","twitter_misc":{"Dur\u00e9e de lecture estim\u00e9e":"3 minutes"},"schema":{"@context":"https:\/\/schema.org","@graph":[{"@type":"WebPage","@id":"https:\/\/www.cyberark.com\/services-support\/cloud-native-consulting\/","url":"https:\/\/www.cyberark.com\/services-support\/cloud-native-consulting\/","name":"Service de conseil cloud native | CyberArk","isPartOf":{"@id":"https:\/\/www.cyberark.com\/#website"},"primaryImageOfPage":{"@id":"https:\/\/www.cyberark.com\/services-support\/cloud-native-consulting\/#primaryimage"},"image":{"@id":"https:\/\/www.cyberark.com\/services-support\/cloud-native-consulting\/#primaryimage"},"thumbnailUrl":"https:\/\/www.cyberark.com\/wp-content\/uploads\/2025\/01\/double-quotes.svg","datePublished":"2025-03-28T18:33:00+00:00","dateModified":"2025-05-05T07:11:23+00:00","description":"B\u00e9n\u00e9ficiez de services de conseil strat\u00e9gique, de mise en \u0153uvre sur le terrain et de formation pour optimiser vos projets cloud native et tirez le meilleur parti de vos initiatives de modernisation avec Kubernetes et OpenShift.","breadcrumb":{"@id":"https:\/\/www.cyberark.com\/services-support\/cloud-native-consulting\/#breadcrumb"},"inLanguage":"fr-FR","potentialAction":[{"@type":"ReadAction","target":["https:\/\/www.cyberark.com\/services-support\/cloud-native-consulting\/"]}]},{"@type":"ImageObject","inLanguage":"fr-FR","@id":"https:\/\/www.cyberark.com\/services-support\/cloud-native-consulting\/#primaryimage","url":"https:\/\/www.cyberark.com\/wp-content\/uploads\/2025\/01\/double-quotes.svg","contentUrl":"https:\/\/www.cyberark.com\/wp-content\/uploads\/2025\/01\/double-quotes.svg"},{"@type":"BreadcrumbList","@id":"https:\/\/www.cyberark.com\/services-support\/cloud-native-consulting\/#breadcrumb","itemListElement":[{"@type":"ListItem","position":1,"name":"Home","item":"https:\/\/www.cyberark.com\/"},{"@type":"ListItem","position":2,"name":"Services et support","item":"https:\/\/www.cyberark.com\/services-support\/"},{"@type":"ListItem","position":3,"name":"Service de conseil cloud native"}]},{"@type":"WebSite","@id":"https:\/\/www.cyberark.com\/#website","url":"https:\/\/www.cyberark.com\/","name":"CyberArk","description":"","publisher":{"@id":"https:\/\/www.cyberark.com\/#organization"},"potentialAction":[{"@type":"SearchAction","target":{"@type":"EntryPoint","urlTemplate":"https:\/\/www.cyberark.com\/?s={search_term_string}"},"query-input":{"@type":"PropertyValueSpecification","valueRequired":true,"valueName":"search_term_string"}}],"inLanguage":"fr-FR"},{"@type":"Organization","@id":"https:\/\/www.cyberark.com\/#organization","name":"CyberArk Software","url":"https:\/\/www.cyberark.com\/","logo":{"@type":"ImageObject","inLanguage":"fr-FR","@id":"https:\/\/www.cyberark.com\/#\/schema\/logo\/image\/","url":"https:\/\/www.cyberark.com\/wp-content\/uploads\/2021\/02\/cyberark-logo-dark.svg","contentUrl":"https:\/\/www.cyberark.com\/wp-content\/uploads\/2021\/02\/cyberark-logo-dark.svg","width":"1024","height":"1024","caption":"CyberArk Software"},"image":{"@id":"https:\/\/www.cyberark.com\/#\/schema\/logo\/image\/"},"sameAs":["https:\/\/www.facebook.com\/CyberArk\/","https:\/\/x.com\/CyberArk","https:\/\/www.linkedin.com\/company\/cyber-ark-software\/"]}]}},"_links":{"self":[{"href":"https:\/\/www.cyberark.com\/fr\/wp-json\/wp\/v2\/pages\/206829","targetHints":{"allow":["GET"]}}],"collection":[{"href":"https:\/\/www.cyberark.com\/fr\/wp-json\/wp\/v2\/pages"}],"about":[{"href":"https:\/\/www.cyberark.com\/fr\/wp-json\/wp\/v2\/types\/page"}],"author":[{"embeddable":true,"href":"https:\/\/www.cyberark.com\/fr\/wp-json\/wp\/v2\/users\/164"}],"replies":[{"embeddable":true,"href":"https:\/\/www.cyberark.com\/fr\/wp-json\/wp\/v2\/comments?post=206829"}],"version-history":[{"count":0,"href":"https:\/\/www.cyberark.com\/fr\/wp-json\/wp\/v2\/pages\/206829\/revisions"}],"up":[{"embeddable":true,"href":"https:\/\/www.cyberark.com\/fr\/wp-json\/wp\/v2\/pages\/52431"}],"wp:attachment":[{"href":"https:\/\/www.cyberark.com\/fr\/wp-json\/wp\/v2\/media?parent=206829"}],"wp:term":[{"taxonomy":"product_category","embeddable":true,"href":"https:\/\/www.cyberark.com\/fr\/wp-json\/wp\/v2\/product_category?post=206829"}],"curies":[{"name":"wp","href":"https:\/\/api.w.org\/{rel}","templated":true}]}}