{"id":213032,"date":"2022-10-27T12:39:23","date_gmt":"2022-10-27T16:39:23","guid":{"rendered":"https:\/\/www.cyberark.com\/try-buy\/vendor-privileged-access-manager-demo\/"},"modified":"2025-07-31T06:18:07","modified_gmt":"2025-07-31T10:18:07","slug":"vendor-privileged-access-manager-demo","status":"publish","type":"page","link":"https:\/\/www.cyberark.com\/fr\/try-buy\/vendor-privileged-access-manager-demo\/","title":{"rendered":"D\u00e9mo de Vendor Privileged Access Manager"},"content":{"rendered":"<div class=\"wpb-content-wrapper\"><p>[vc_row full_width=\u00a0\u00bbstretch_row\u00a0\u00bb equal_height=\u00a0\u00bbyes\u00a0\u00bb css=\u00a0\u00bb.vc_custom_1609868130755{background-color: #f7f7f7 !important;}\u00a0\u00bb el_class=\u00a0\u00bbcybv2 cybv2-pad-top hv-cta\u00a0\u00bb][vc_column width=\u00a0\u00bb7\/12&Prime; el_class=\u00a0\u00bbleft-clmn\u00a0\u00bb][vc_column_text]<\/p>\n<h1>Demande de d\u00e9mo de Vendor Privileged Access Manager<\/h1>\n<h5>La solution Vendor Privileged Access Manager de CyberArk aide les organisations \u00e0 se prot\u00e9ger contre les attaques ciblant les acc\u00e8s de tiers. Dans cette d\u00e9monstration, vous d\u00e9couvrirez les principaux avantages de la solution, qui permet de\u00a0:<\/h5>\n<p>[\/vc_column_text][vc_row_inner][vc_column_inner el_class=\u00a0\u00bbhead-box\u00a0\u00bb][vc_column_text]<img loading=\"lazy\" decoding=\"async\" width=\"48\" height=\"48\" class=\"alignnone wp-image-106504 size-medium\" style=\"width: 48px;\" src=\"https:\/\/www.cyberark.com\/wp-content\/uploads\/2020\/12\/cybv2-checkmark-orange.svg\" alt=\"\" \/>[\/vc_column_text][vc_column_text el_class=\u00a0\u00bbhead-box-text\u00a0\u00bb]Attribuer et supprimer simplement des acc\u00e8s juste-\u00e0-temps pour les fournisseurs externes[\/vc_column_text][\/vc_column_inner][\/vc_row_inner][vc_row_inner][vc_column_inner el_class=\u00a0\u00bbhead-box\u00a0\u00bb][vc_column_text]<img loading=\"lazy\" decoding=\"async\" width=\"48\" height=\"48\" class=\"alignnone wp-image-106504 size-medium\" style=\"width: 48px;\" src=\"https:\/\/www.cyberark.com\/wp-content\/uploads\/2020\/12\/cybv2-checkmark-orange.svg\" alt=\"\" \/>[\/vc_column_text][vc_column_text el_class=\u00a0\u00bbhead-box-text\u00a0\u00bb]Renforcer la s\u00e9curit\u00e9 des acc\u00e8s de tiers sans VPN, sans agent et sans mot de passe[\/vc_column_text][\/vc_column_inner][\/vc_row_inner][vc_row_inner][vc_column_inner el_class=\u00a0\u00bbhead-box\u00a0\u00bb][vc_column_text]<img loading=\"lazy\" decoding=\"async\" width=\"48\" height=\"48\" class=\"alignnone wp-image-106504 size-medium\" style=\"width: 48px;\" src=\"https:\/\/www.cyberark.com\/wp-content\/uploads\/2020\/12\/cybv2-checkmark-orange.svg\" alt=\"\" \/>[\/vc_column_text][vc_column_text el_class=\u00a0\u00bbhead-box-text\u00a0\u00bb]R\u00e9pondre aux exigences des audits et de conformit\u00e9 gr\u00e2ce \u00e0 l\u2019isolation et \u00e0 l\u2019enregistrement complets des sessions des fournisseurs[\/vc_column_text][\/vc_column_inner][\/vc_row_inner][vc_row_inner][vc_column_inner el_class=\u00a0\u00bbhead-box\u00a0\u00bb][vc_column_text]<img loading=\"lazy\" decoding=\"async\" width=\"48\" height=\"48\" class=\"alignnone wp-image-106504 size-medium\" style=\"width: 48px;\" src=\"https:\/\/www.cyberark.com\/wp-content\/uploads\/2020\/12\/cybv2-checkmark-orange.svg\" alt=\"\" \/>[\/vc_column_text][vc_column_text el_class=\u00a0\u00bbhead-box-text\u00a0\u00bb]Fournir en toute s\u00e9curit\u00e9 des identifiants d\u2019acc\u00e8s hors ligne aux tiers autoris\u00e9s dans des environnements coup\u00e9s du r\u00e9seau[\/vc_column_text][\/vc_column_inner][\/vc_row_inner][vc_single_image image=\u00a0\u00bb135927&Prime; img_size=\u00a0\u00bbfull\u00a0\u00bb el_class=\u00a0\u00bbd-none d-md-block\u00a0\u00bb][\/vc_column][vc_column width=\u00a0\u00bb1\/12&Prime; css=\u00a0\u00bb.vc_custom_1609282896657{margin-right: 45px !important;border-right-width: 1px !important;border-right-color: #717171 !important;border-right-style: solid !important;}\u00a0\u00bb][\/vc_column][vc_column width=\u00a0\u00bb1\/3&Prime; el_class=\u00a0\u00bbright-clmn cybv2-form\u00a0\u00bb][vc_column_text el_class=\u00a0\u00bbbold\u00a0\u00bb]<\/p>\n<h4>Inscrivez-vous pour obtenir une d\u00e9mo personnalis\u00e9e<\/h4>\n<p>[\/vc_column_text][vc_raw_html]W21hcmtldG9fZm9ybSBpZD0iOTE0MyIgdHlfcGFnZV91cmw9Imh0dHBzOi8vd3d3LmN5YmVyYXJrLmNvbS90cnktYnV5L3RoYW5rLXlvdS12ZW5kb3ItcHJpdmlsZWdlZC1hY2Nlc3MtbWFuYWdlci1kZW1vLyJd[\/vc_raw_html][\/vc_column][\/vc_row]<\/p>\n<\/div>","protected":false},"excerpt":{"rendered":"<p>[vc_row full_width=\u00a0\u00bbstretch_row\u00a0\u00bb equal_height=\u00a0\u00bbyes\u00a0\u00bb css=\u00a0\u00bb.vc_custom_1609868130755{background-color: #f7f7f7 !important;}\u00a0\u00bb el_class=\u00a0\u00bbcybv2 cybv2-pad-top hv-cta\u00a0\u00bb][vc_column width=\u00a0\u00bb7\/12&Prime; el_class=\u00a0\u00bbleft-clmn\u00a0\u00bb][vc_column_text] Demande de d\u00e9mo de Vendor Privileged Access Manager La solution Vendor Privileged Access Manager de CyberArk aide les organisations \u00e0 se prot\u00e9ger contre les&#8230;<\/p>\n","protected":false},"author":125,"featured_media":0,"parent":115040,"menu_order":0,"comment_status":"closed","ping_status":"closed","template":"t_cybv2_nomenus.php","meta":{"_acf_changed":false,"inline_featured_image":false,"footnotes":""},"product_category":[],"class_list":["post-213032","page","type-page","status-publish","hentry"],"acf":[],"yoast_head":"<!-- This site is optimized with the Yoast SEO Premium plugin v27.2 (Yoast SEO v27.2) - https:\/\/yoast.com\/product\/yoast-seo-premium-wordpress\/ -->\n<title>Demande de d\u00e9mo gratuite de Vendor Privileged Access Manager | CyberArk<\/title>\n<meta name=\"description\" content=\"Inscrivrez-vous aujourd\u2019hui pour obtenir une d\u00e9monstration personnalis\u00e9e de Vendor Privileged Access Manager, qui vous montrera comment s\u00e9curiser l\u2019acc\u00e8s des fournisseurs.\" \/>\n<meta name=\"robots\" content=\"index, follow, max-snippet:-1, max-image-preview:large, max-video-preview:-1\" \/>\n<link rel=\"canonical\" href=\"https:\/\/www.cyberark.com\/fr\/try-buy\/vendor-privileged-access-manager-demo\/\" \/>\n<meta property=\"og:locale\" content=\"fr_FR\" \/>\n<meta property=\"og:type\" content=\"article\" \/>\n<meta property=\"og:title\" content=\"D\u00e9mo de Vendor Privileged Access Manager\" \/>\n<meta property=\"og:description\" content=\"Inscrivrez-vous aujourd\u2019hui pour obtenir une d\u00e9monstration personnalis\u00e9e de Vendor Privileged Access Manager, qui vous montrera comment s\u00e9curiser l\u2019acc\u00e8s des fournisseurs.\" \/>\n<meta property=\"og:url\" content=\"https:\/\/www.cyberark.com\/fr\/try-buy\/vendor-privileged-access-manager-demo\/\" \/>\n<meta property=\"og:site_name\" content=\"CyberArk\" \/>\n<meta property=\"article:publisher\" content=\"https:\/\/www.facebook.com\/CyberArk\/\" \/>\n<meta property=\"article:modified_time\" content=\"2025-07-31T10:18:07+00:00\" \/>\n<meta name=\"twitter:card\" content=\"summary_large_image\" \/>\n<meta name=\"twitter:site\" content=\"@CyberArk\" \/>\n<meta name=\"twitter:label1\" content=\"Dur\u00e9e de lecture estim\u00e9e\" \/>\n\t<meta name=\"twitter:data1\" content=\"2 minutes\" \/>\n<script type=\"application\/ld+json\" class=\"yoast-schema-graph\">{\"@context\":\"https:\/\/schema.org\",\"@graph\":[{\"@type\":\"WebPage\",\"@id\":\"https:\/\/www.cyberark.com\/fr\/try-buy\/vendor-privileged-access-manager-demo\/\",\"url\":\"https:\/\/www.cyberark.com\/fr\/try-buy\/vendor-privileged-access-manager-demo\/\",\"name\":\"Demande de d\u00e9mo gratuite de Vendor Privileged Access Manager | CyberArk\",\"isPartOf\":{\"@id\":\"https:\/\/www.cyberark.com\/fr\/#website\"},\"primaryImageOfPage\":{\"@id\":\"https:\/\/www.cyberark.com\/fr\/try-buy\/vendor-privileged-access-manager-demo\/#primaryimage\"},\"image\":{\"@id\":\"https:\/\/www.cyberark.com\/fr\/try-buy\/vendor-privileged-access-manager-demo\/#primaryimage\"},\"thumbnailUrl\":\"https:\/\/www.cyberark.com\/wp-content\/uploads\/2020\/12\/cybv2-checkmark-orange.svg\",\"datePublished\":\"2022-10-27T16:39:23+00:00\",\"dateModified\":\"2025-07-31T10:18:07+00:00\",\"description\":\"Inscrivrez-vous aujourd\u2019hui pour obtenir une d\u00e9monstration personnalis\u00e9e de Vendor Privileged Access Manager, qui vous montrera comment s\u00e9curiser l\u2019acc\u00e8s des fournisseurs.\",\"breadcrumb\":{\"@id\":\"https:\/\/www.cyberark.com\/fr\/try-buy\/vendor-privileged-access-manager-demo\/#breadcrumb\"},\"inLanguage\":\"fr-FR\",\"potentialAction\":[{\"@type\":\"ReadAction\",\"target\":[\"https:\/\/www.cyberark.com\/fr\/try-buy\/vendor-privileged-access-manager-demo\/\"]}]},{\"@type\":\"ImageObject\",\"inLanguage\":\"fr-FR\",\"@id\":\"https:\/\/www.cyberark.com\/fr\/try-buy\/vendor-privileged-access-manager-demo\/#primaryimage\",\"url\":\"https:\/\/www.cyberark.com\/wp-content\/uploads\/2020\/12\/cybv2-checkmark-orange.svg\",\"contentUrl\":\"https:\/\/www.cyberark.com\/wp-content\/uploads\/2020\/12\/cybv2-checkmark-orange.svg\"},{\"@type\":\"BreadcrumbList\",\"@id\":\"https:\/\/www.cyberark.com\/fr\/try-buy\/vendor-privileged-access-manager-demo\/#breadcrumb\",\"itemListElement\":[{\"@type\":\"ListItem\",\"position\":1,\"name\":\"Home\",\"item\":\"https:\/\/www.cyberark.com\/fr\/\"},{\"@type\":\"ListItem\",\"position\":2,\"name\":\"Essayez et achetez\",\"item\":\"https:\/\/www.cyberark.com\/fr\/try-buy\/\"},{\"@type\":\"ListItem\",\"position\":3,\"name\":\"D\u00e9mo de Vendor Privileged Access Manager\"}]},{\"@type\":\"WebSite\",\"@id\":\"https:\/\/www.cyberark.com\/fr\/#website\",\"url\":\"https:\/\/www.cyberark.com\/fr\/\",\"name\":\"CyberArk\",\"description\":\"\",\"publisher\":{\"@id\":\"https:\/\/www.cyberark.com\/fr\/#organization\"},\"potentialAction\":[{\"@type\":\"SearchAction\",\"target\":{\"@type\":\"EntryPoint\",\"urlTemplate\":\"https:\/\/www.cyberark.com\/fr\/?s={search_term_string}\"},\"query-input\":{\"@type\":\"PropertyValueSpecification\",\"valueRequired\":true,\"valueName\":\"search_term_string\"}}],\"inLanguage\":\"fr-FR\"},{\"@type\":\"Organization\",\"@id\":\"https:\/\/www.cyberark.com\/fr\/#organization\",\"name\":\"CyberArk Software\",\"url\":\"https:\/\/www.cyberark.com\/fr\/\",\"logo\":{\"@type\":\"ImageObject\",\"inLanguage\":\"fr-FR\",\"@id\":\"https:\/\/www.cyberark.com\/fr\/#\/schema\/logo\/image\/\",\"url\":\"https:\/\/www.cyberark.com\/wp-content\/uploads\/2021\/02\/cyberark-logo-dark.svg\",\"contentUrl\":\"https:\/\/www.cyberark.com\/wp-content\/uploads\/2021\/02\/cyberark-logo-dark.svg\",\"width\":\"1024\",\"height\":\"1024\",\"caption\":\"CyberArk Software\"},\"image\":{\"@id\":\"https:\/\/www.cyberark.com\/fr\/#\/schema\/logo\/image\/\"},\"sameAs\":[\"https:\/\/www.facebook.com\/CyberArk\/\",\"https:\/\/x.com\/CyberArk\",\"https:\/\/www.linkedin.com\/company\/cyber-ark-software\/\"]}]}<\/script>\n<!-- \/ Yoast SEO Premium plugin. -->","yoast_head_json":{"title":"Demande de d\u00e9mo gratuite de Vendor Privileged Access Manager | CyberArk","description":"Inscrivrez-vous aujourd\u2019hui pour obtenir une d\u00e9monstration personnalis\u00e9e de Vendor Privileged Access Manager, qui vous montrera comment s\u00e9curiser l\u2019acc\u00e8s des fournisseurs.","robots":{"index":"index","follow":"follow","max-snippet":"max-snippet:-1","max-image-preview":"max-image-preview:large","max-video-preview":"max-video-preview:-1"},"canonical":"https:\/\/www.cyberark.com\/fr\/try-buy\/vendor-privileged-access-manager-demo\/","og_locale":"fr_FR","og_type":"article","og_title":"D\u00e9mo de Vendor Privileged Access Manager","og_description":"Inscrivrez-vous aujourd\u2019hui pour obtenir une d\u00e9monstration personnalis\u00e9e de Vendor Privileged Access Manager, qui vous montrera comment s\u00e9curiser l\u2019acc\u00e8s des fournisseurs.","og_url":"https:\/\/www.cyberark.com\/fr\/try-buy\/vendor-privileged-access-manager-demo\/","og_site_name":"CyberArk","article_publisher":"https:\/\/www.facebook.com\/CyberArk\/","article_modified_time":"2025-07-31T10:18:07+00:00","twitter_card":"summary_large_image","twitter_site":"@CyberArk","twitter_misc":{"Dur\u00e9e de lecture estim\u00e9e":"2 minutes"},"schema":{"@context":"https:\/\/schema.org","@graph":[{"@type":"WebPage","@id":"https:\/\/www.cyberark.com\/fr\/try-buy\/vendor-privileged-access-manager-demo\/","url":"https:\/\/www.cyberark.com\/fr\/try-buy\/vendor-privileged-access-manager-demo\/","name":"Demande de d\u00e9mo gratuite de Vendor Privileged Access Manager | CyberArk","isPartOf":{"@id":"https:\/\/www.cyberark.com\/fr\/#website"},"primaryImageOfPage":{"@id":"https:\/\/www.cyberark.com\/fr\/try-buy\/vendor-privileged-access-manager-demo\/#primaryimage"},"image":{"@id":"https:\/\/www.cyberark.com\/fr\/try-buy\/vendor-privileged-access-manager-demo\/#primaryimage"},"thumbnailUrl":"https:\/\/www.cyberark.com\/wp-content\/uploads\/2020\/12\/cybv2-checkmark-orange.svg","datePublished":"2022-10-27T16:39:23+00:00","dateModified":"2025-07-31T10:18:07+00:00","description":"Inscrivrez-vous aujourd\u2019hui pour obtenir une d\u00e9monstration personnalis\u00e9e de Vendor Privileged Access Manager, qui vous montrera comment s\u00e9curiser l\u2019acc\u00e8s des fournisseurs.","breadcrumb":{"@id":"https:\/\/www.cyberark.com\/fr\/try-buy\/vendor-privileged-access-manager-demo\/#breadcrumb"},"inLanguage":"fr-FR","potentialAction":[{"@type":"ReadAction","target":["https:\/\/www.cyberark.com\/fr\/try-buy\/vendor-privileged-access-manager-demo\/"]}]},{"@type":"ImageObject","inLanguage":"fr-FR","@id":"https:\/\/www.cyberark.com\/fr\/try-buy\/vendor-privileged-access-manager-demo\/#primaryimage","url":"https:\/\/www.cyberark.com\/wp-content\/uploads\/2020\/12\/cybv2-checkmark-orange.svg","contentUrl":"https:\/\/www.cyberark.com\/wp-content\/uploads\/2020\/12\/cybv2-checkmark-orange.svg"},{"@type":"BreadcrumbList","@id":"https:\/\/www.cyberark.com\/fr\/try-buy\/vendor-privileged-access-manager-demo\/#breadcrumb","itemListElement":[{"@type":"ListItem","position":1,"name":"Home","item":"https:\/\/www.cyberark.com\/fr\/"},{"@type":"ListItem","position":2,"name":"Essayez et achetez","item":"https:\/\/www.cyberark.com\/fr\/try-buy\/"},{"@type":"ListItem","position":3,"name":"D\u00e9mo de Vendor Privileged Access Manager"}]},{"@type":"WebSite","@id":"https:\/\/www.cyberark.com\/fr\/#website","url":"https:\/\/www.cyberark.com\/fr\/","name":"CyberArk","description":"","publisher":{"@id":"https:\/\/www.cyberark.com\/fr\/#organization"},"potentialAction":[{"@type":"SearchAction","target":{"@type":"EntryPoint","urlTemplate":"https:\/\/www.cyberark.com\/fr\/?s={search_term_string}"},"query-input":{"@type":"PropertyValueSpecification","valueRequired":true,"valueName":"search_term_string"}}],"inLanguage":"fr-FR"},{"@type":"Organization","@id":"https:\/\/www.cyberark.com\/fr\/#organization","name":"CyberArk Software","url":"https:\/\/www.cyberark.com\/fr\/","logo":{"@type":"ImageObject","inLanguage":"fr-FR","@id":"https:\/\/www.cyberark.com\/fr\/#\/schema\/logo\/image\/","url":"https:\/\/www.cyberark.com\/wp-content\/uploads\/2021\/02\/cyberark-logo-dark.svg","contentUrl":"https:\/\/www.cyberark.com\/wp-content\/uploads\/2021\/02\/cyberark-logo-dark.svg","width":"1024","height":"1024","caption":"CyberArk Software"},"image":{"@id":"https:\/\/www.cyberark.com\/fr\/#\/schema\/logo\/image\/"},"sameAs":["https:\/\/www.facebook.com\/CyberArk\/","https:\/\/x.com\/CyberArk","https:\/\/www.linkedin.com\/company\/cyber-ark-software\/"]}]}},"_links":{"self":[{"href":"https:\/\/www.cyberark.com\/fr\/wp-json\/wp\/v2\/pages\/213032","targetHints":{"allow":["GET"]}}],"collection":[{"href":"https:\/\/www.cyberark.com\/fr\/wp-json\/wp\/v2\/pages"}],"about":[{"href":"https:\/\/www.cyberark.com\/fr\/wp-json\/wp\/v2\/types\/page"}],"author":[{"embeddable":true,"href":"https:\/\/www.cyberark.com\/fr\/wp-json\/wp\/v2\/users\/125"}],"replies":[{"embeddable":true,"href":"https:\/\/www.cyberark.com\/fr\/wp-json\/wp\/v2\/comments?post=213032"}],"version-history":[{"count":0,"href":"https:\/\/www.cyberark.com\/fr\/wp-json\/wp\/v2\/pages\/213032\/revisions"}],"up":[{"embeddable":true,"href":"https:\/\/www.cyberark.com\/fr\/wp-json\/wp\/v2\/pages\/115040"}],"wp:attachment":[{"href":"https:\/\/www.cyberark.com\/fr\/wp-json\/wp\/v2\/media?parent=213032"}],"wp:term":[{"taxonomy":"product_category","embeddable":true,"href":"https:\/\/www.cyberark.com\/fr\/wp-json\/wp\/v2\/product_category?post=213032"}],"curies":[{"name":"wp","href":"https:\/\/api.w.org\/{rel}","templated":true}]}}