{"id":213149,"date":"2025-07-18T09:05:48","date_gmt":"2025-07-18T13:05:48","guid":{"rendered":"https:\/\/www.cyberark.com\/products\/user-access-review\/"},"modified":"2025-08-29T02:50:46","modified_gmt":"2025-08-29T06:50:46","slug":"user-access-review","status":"publish","type":"page","link":"https:\/\/www.cyberark.com\/fr\/products\/user-access-review\/","title":{"rendered":"R\u00e9visions conformes des acc\u00e8s utilisateurs"},"content":{"rendered":"<div class=\"wpb-content-wrapper\"><p>[vc_row full_width=\u00a0\u00bbstretch_row\u00a0\u00bb content_placement=\u00a0\u00bbmiddle\u00a0\u00bb el_class=\u00a0\u00bbcybv2 int-hero dark\u00a0\u00bb][vc_column width=\u00a0\u00bb1\/2&Prime; el_class=\u00a0\u00bbcolumn-1&Prime;][vc_column_text css=\u00a0\u00bb\u00a0\u00bb]<\/p>\n<h1>R\u00e9visions conformes des <span style=\"color: #d6f77a;\">acc\u00e8s utilisateurs<\/span><\/h1>\n<p><\/p>\n<h2>Simplifiez les r\u00e9visions des acc\u00e8s utilisateurs, b\u00e9n\u00e9ficiez d\u2019une visibilit\u00e9 totale en permanence et assurez la conformit\u00e9 aux exigences d\u2019audit.<\/h2>\n<p>\n[\/vc_column_text][vc_btn title=\u00a0\u00bbD\u00e9couvrir la solution CyberArk Comply\u00a0\u00bb style=\u00a0\u00bbcustom\u00a0\u00bb custom_background=\u00a0\u00bb\u00a0\u00bb custom_text=\u00a0\u00bb\u00a0\u00bb css=\u00a0\u00bb\u00a0\u00bb el_class=\u00a0\u00bbcybv2-button-solid\u00a0\u00bb link=\u00a0\u00bburl:https%3A%2F%2Fwww.cyberark.com%2Fresources%2Fsolution-briefs%2Fcyberark-comply|\u00a0\u00bb][vc_column_text css=\u00a0\u00bb\u00a0\u00bb el_class=\u00a0\u00bblink-arrow-right\u00a0\u00bb]<a href=\"https:\/\/www.cyberark.com\/fr\/try-buy\/modern-iga-demo\/\">Demander une d\u00e9mo<\/a><i class=\"fa fa-long-arrow-right\"><\/i>[\/vc_column_text][\/vc_column][vc_column width=\u00a0\u00bb1\/2&Prime; el_class=\u00a0\u00bbcolumn-2&Prime;][vc_column_text css=\u00a0\u00bb\u00a0\u00bb]<img loading=\"lazy\" decoding=\"async\" class=\"alignnone size-full wp-image-212876\" src=\"https:\/\/www.cyberark.com\/wp-content\/uploads\/2024\/10\/man-with-glasses-at-desk.jpg\" alt=\"homme portant des lunettes install\u00e9 \u00e0 un bureau\" width=\"640\" height=\"457\" srcset=\"https:\/\/www.cyberark.com\/wp-content\/uploads\/2024\/10\/man-with-glasses-at-desk.jpg 640w, https:\/\/www.cyberark.com\/wp-content\/uploads\/2024\/10\/man-with-glasses-at-desk-300x214.jpg 300w, https:\/\/www.cyberark.com\/wp-content\/uploads\/2024\/10\/man-with-glasses-at-desk-150x107.jpg 150w\" sizes=\"auto, (max-width: 640px) 100vw, 640px\" \/>[\/vc_column_text][\/vc_column][\/vc_row][vc_row full_width=\u00a0\u00bbstretch_row\u00a0\u00bb el_class=\u00a0\u00bbseesaw-v2 cybv2-pad-120 cyb-reverse\u00a0\u00bb][vc_column width=\u00a0\u00bb1\/2&Prime; el_class=\u00a0\u00bbcolumn\u00a0\u00bb][vc_column_text css=\u00a0\u00bb\u00a0\u00bb]<\/p>\n<h3><span style=\"color: #29b5e8;\">Collecte automatique<\/span> de toutes les donn\u00e9es d\u2019acc\u00e8s aux applications<\/h3>\n<p>Facilitez l\u2019int\u00e9gration des applications SaaS, des plateformes cloud comme AWS et Azure, des applications on-premise et m\u00eame des syst\u00e8mes d\u00e9velopp\u00e9s en interne. Reliez automatiquement les comptes d\u2019application et d\u2019infrastructure et les identit\u00e9s dans votre annuaire d\u2019entreprise. Gardez le contr\u00f4le sur les r\u00f4les et les appartenances aux groupes et sur l\u2019attribution des autorisations en b\u00e9n\u00e9ficiant d\u2019une vue claire sur ce que les identit\u00e9s humaines et machines peuvent faire avec les droits d\u2019acc\u00e8s.<\/p>\n<p>Assurez une connexion permanente et automatis\u00e9e gr\u00e2ce aux appels d\u2019API, aux importations de fichiers plats et \u00e0 CyberArk Universal Sync (anciennement Zilla Universal Sync), en garantissant l\u2019int\u00e9grit\u00e9 de la cha\u00eene de tra\u00e7abilit\u00e9 et en collectant des preuves pour passer avec succ\u00e8s les audits.[\/vc_column_text][\/vc_column][vc_column width=\u00a0\u00bb1\/2&Prime;][vc_single_image image=\u00a0\u00bb212840&Prime; img_size=\u00a0\u00bbfull\u00a0\u00bb css=\u00a0\u00bb\u00a0\u00bb][\/vc_column][\/vc_row][vc_row full_width=\u00a0\u00bbstretch_row\u00a0\u00bb el_class=\u00a0\u00bbseesaw-v2&Prime;][vc_column width=\u00a0\u00bb1\/2&Prime; el_class=\u00a0\u00bbd-flex align-items-start\u00a0\u00bb][vc_single_image image=\u00a0\u00bb212858&Prime; img_size=\u00a0\u00bbfull\u00a0\u00bb css=\u00a0\u00bb\u00a0\u00bb][\/vc_column][vc_column width=\u00a0\u00bb1\/2&Prime; el_class=\u00a0\u00bbcolumn\u00a0\u00bb][vc_column_text css=\u00a0\u00bb\u00a0\u00bb]<\/p>\n<h3><span style=\"color: #29b5e8;\">Gouvernance centralis\u00e9e de toutes les identit\u00e9s<\/span> et de tous les droits d\u2019acc\u00e8s<\/h3>\n<p>B\u00e9n\u00e9ficiez d\u2019une vue d\u2019ensemble claire de tous les acc\u00e8s, y compris des identit\u00e9s humaines et machines et des acc\u00e8s \u00e0 privil\u00e8ges. Obtenez la visibilit\u00e9 fine requise pour \u00e9liminer les comptes surprivil\u00e9gi\u00e9s.<\/p>\n<p>D\u00e9tectez automatiquement les comptes de service, les comptes orphelins, les acc\u00e8s tiers, les comptes inutilis\u00e9s, les violations des r\u00e8gles de s\u00e9paration des t\u00e2ches (SOD), les responsables m\u00e9tier manquants et les param\u00e8tres de MFA mal configur\u00e9s.[\/vc_column_text][\/vc_column][\/vc_row][vc_row full_width=\u00a0\u00bbstretch_row\u00a0\u00bb el_class=\u00a0\u00bbseesaw-v2 cybv2-pad-120 cyb-reverse\u00a0\u00bb][vc_column width=\u00a0\u00bb1\/2&Prime; el_class=\u00a0\u00bbcolumn\u00a0\u00bb][vc_column_text css=\u00a0\u00bb\u00a0\u00bb]<\/p>\n<h3><span style=\"color: #29b5e8;\">Campagnes automatis\u00e9es des r\u00e9visions d\u2019acc\u00e8s<\/span><\/h3>\n<p>Simplifiez les r\u00e9visions d\u2019acc\u00e8s impos\u00e9es par les r\u00e9glementations comme SOX, HIPAA, GLBA, PCI, NYDFS et SOC 2. Personnalisez les r\u00e9visions selon vos propres crit\u00e8res pour les diff\u00e9rents services, utilisateurs privil\u00e9gi\u00e9s, utilisateurs externes, responsables de ressource, etc.<\/p>\n<p>L\u2019automatisation permet de g\u00e9n\u00e9rer les autorisations sp\u00e9cifiques \u00e0 une campagne, d\u2019inviter les collaborateurs \u00e0 effectuer les r\u00e9visions d\u2019acc\u00e8s et de suivre leurs progr\u00e8s. Les personnes responsables des r\u00e9visions peuvent maintenir ou annuler rapidement et facilement les autorisations et r\u00e9attribuer les r\u00e9visions si n\u00e9cessaire.<\/p>\n<p>CyberArk simplifie les r\u00e9visions en rempla\u00e7ant les tableurs Excel remplis \u00e0 la main et la collecte manuelle de preuves par un syst\u00e8me de r\u00e9f\u00e9rence rationalis\u00e9, automatis\u00e9 et auditable.[\/vc_column_text][vc_row_inner el_class=\u00a0\u00bbresource-button-sand pb-10&Prime;][vc_column_inner width=\u00a0\u00bb5\/6&Prime; column_link=\u00a0\u00bburl:https%3A%2F%2Fwww.cyberark.com%2Fresources%2Fsolution-briefs%2Fcyberark-comply|title:Lire%20le%20livre%20blanc|\u00a0\u00bb offset=\u00a0\u00bbvc_col-lg-10 vc_col-md-9 vc_col-xs-11&Prime;][vc_column_text css=\u00a0\u00bb\u00a0\u00bb]Pr\u00e9sentation de la solution[\/vc_column_text][vc_column_text css=\u00a0\u00bb\u00a0\u00bb]<span data-teams=\"true\">CyberArk Comply automatise les r\u00e9visions des acc\u00e8s utilisateurs<\/span>[\/vc_column_text][\/vc_column_inner][\/vc_row_inner][\/vc_column][vc_column width=\u00a0\u00bb1\/2&Prime;][vc_single_image image=\u00a0\u00bb212831&Prime; img_size=\u00a0\u00bbfull\u00a0\u00bb css=\u00a0\u00bb\u00a0\u00bb][\/vc_column][\/vc_row][vc_row full_width=\u00a0\u00bbstretch_row\u00a0\u00bb el_class=\u00a0\u00bbseesaw-v2&Prime;][vc_column width=\u00a0\u00bb1\/2&Prime; el_class=\u00a0\u00bbd-flex align-items-start\u00a0\u00bb][vc_single_image image=\u00a0\u00bb212867&Prime; img_size=\u00a0\u00bbfull\u00a0\u00bb css=\u00a0\u00bb\u00a0\u00bb][\/vc_column][vc_column width=\u00a0\u00bb1\/2&Prime; el_class=\u00a0\u00bbcolumn\u00a0\u00bb][vc_column_text css=\u00a0\u00bb\u00a0\u00bb]<\/p>\n<h3><span style=\"color: #29b5e8;\">Automatiser<\/span> et suivre les modifications et les r\u00e9vocations<\/h3>\n<p>Garantissez la bonne ex\u00e9cution des r\u00e9visions d\u2019acc\u00e8s. CyberArk simplifie la mise en \u0153uvre d\u2019une rem\u00e9diation en boucle ferm\u00e9e. Les r\u00e9visions d\u2019acc\u00e8s donnent lieu \u00e0 des r\u00e9vocations qui sont automatis\u00e9es avec rem\u00e9diation imm\u00e9diate via des int\u00e9grations d\u2019application ou des tickets ITSM. CyberArk fait le suivi de toutes les r\u00e9vocations en attente et fournit un registre auditable indiquant quand et comment les r\u00e9vocations ont \u00e9t\u00e9 r\u00e9alis\u00e9es.[\/vc_column_text][\/vc_column][\/vc_row][vc_row full_width=\u00a0\u00bbstretch_row\u00a0\u00bb el_class=\u00a0\u00bbseesaw-v2 cybv2-pad-120 cyb-reverse\u00a0\u00bb][vc_column width=\u00a0\u00bb1\/2&Prime; el_class=\u00a0\u00bbcolumn\u00a0\u00bb][vc_column_text css=\u00a0\u00bb\u00a0\u00bb]<\/p>\n<h3>Garantir la <span style=\"color: #29b5e8;\">conformit\u00e9 aux exigences des audits<\/span><\/h3>\n<p>R\u00e9ussissez chaque audit en regroupant toutes les donn\u00e9es d\u00e9montrant votre conformit\u00e9. G\u00e9n\u00e9rez des rapports r\u00e9sumant les campagnes de r\u00e9visions d\u2019acc\u00e8s et leurs r\u00e9sultats, y compris la rem\u00e9diation en boucle ferm\u00e9e. Collectez automatiquement les preuves pour les audits dans des rapports d\u00e9taill\u00e9s.<\/p>\n<p>CyberArk vous permet de d\u00e9montrer facilement l\u2019exhaustivit\u00e9, la pr\u00e9cision et l\u2019efficacit\u00e9 de vos processus de r\u00e9vision.[\/vc_column_text][\/vc_column][vc_column width=\u00a0\u00bb1\/2&Prime;][vc_single_image image=\u00a0\u00bb212849&Prime; img_size=\u00a0\u00bbfull\u00a0\u00bb css=\u00a0\u00bb\u00a0\u00bb][\/vc_column][\/vc_row]<\/p>\n<\/div>","protected":false},"excerpt":{"rendered":"<p>[vc_row full_width=\u00a0\u00bbstretch_row\u00a0\u00bb content_placement=\u00a0\u00bbmiddle\u00a0\u00bb el_class=\u00a0\u00bbcybv2 int-hero dark\u00a0\u00bb][vc_column width=\u00a0\u00bb1\/2&Prime; el_class=\u00a0\u00bbcolumn-1&Prime;][vc_column_text css=\u00a0\u00bb\u00a0\u00bb] R\u00e9visions conformes des acc\u00e8s utilisateurs Simplifiez les r\u00e9visions des acc\u00e8s utilisateurs, b\u00e9n\u00e9ficiez d\u2019une visibilit\u00e9 totale en permanence et assurez la conformit\u00e9 aux exigences d\u2019audit. [\/vc_column_text][vc_btn title=\u00a0\u00bbD\u00e9couvrir&#8230;<\/p>\n","protected":false},"author":164,"featured_media":0,"parent":51589,"menu_order":0,"comment_status":"closed","ping_status":"closed","template":"","meta":{"_acf_changed":false,"inline_featured_image":false,"footnotes":""},"product_category":[],"class_list":["post-213149","page","type-page","status-publish","hentry"],"acf":[],"yoast_head":"<!-- This site is optimized with the Yoast SEO Premium plugin v27.2 (Yoast SEO v27.2) - https:\/\/yoast.com\/product\/yoast-seo-premium-wordpress\/ -->\n<title>R\u00e9visions conformes des acc\u00e8s utilisateurs | CyberArk<\/title>\n<meta name=\"description\" content=\"Automatisez les r\u00e9visions des acc\u00e8s utilisateurs et garantissez la conformit\u00e9 aux exigences d\u2019audit avec CyberArk. Obtenez une visibilit\u00e9 totale, d\u00e9finissez et appliquez des r\u00e8gles et simplifiez le reporting r\u00e9glementaire.\" \/>\n<meta name=\"robots\" content=\"index, follow, max-snippet:-1, max-image-preview:large, max-video-preview:-1\" \/>\n<link rel=\"canonical\" href=\"https:\/\/www.cyberark.com\/products\/user-access-review\/\" \/>\n<meta property=\"og:locale\" content=\"fr_FR\" \/>\n<meta property=\"og:type\" content=\"article\" \/>\n<meta property=\"og:title\" content=\"R\u00e9visions conformes des acc\u00e8s utilisateurs\" \/>\n<meta property=\"og:description\" content=\"Automatisez les r\u00e9visions des acc\u00e8s utilisateurs et garantissez la conformit\u00e9 aux exigences d\u2019audit avec CyberArk. Obtenez une visibilit\u00e9 totale, d\u00e9finissez et appliquez des r\u00e8gles et simplifiez le reporting r\u00e9glementaire.\" \/>\n<meta property=\"og:url\" content=\"https:\/\/www.cyberark.com\/products\/user-access-review\/\" \/>\n<meta property=\"og:site_name\" content=\"CyberArk\" \/>\n<meta property=\"article:publisher\" content=\"https:\/\/www.facebook.com\/CyberArk\/\" \/>\n<meta property=\"article:modified_time\" content=\"2025-08-29T06:50:46+00:00\" \/>\n<meta property=\"og:image\" content=\"https:\/\/www.cyberark.com\/wp-content\/uploads\/2024\/10\/man-with-glasses-at-desk.jpg\" \/>\n\t<meta property=\"og:image:width\" content=\"640\" \/>\n\t<meta property=\"og:image:height\" content=\"457\" \/>\n\t<meta property=\"og:image:type\" content=\"image\/jpeg\" \/>\n<meta name=\"twitter:card\" content=\"summary_large_image\" \/>\n<meta name=\"twitter:site\" content=\"@CyberArk\" \/>\n<meta name=\"twitter:label1\" content=\"Dur\u00e9e de lecture estim\u00e9e\" \/>\n\t<meta name=\"twitter:data1\" content=\"4 minutes\" \/>\n<script type=\"application\/ld+json\" class=\"yoast-schema-graph\">{\"@context\":\"https:\/\/schema.org\",\"@graph\":[{\"@type\":\"WebPage\",\"@id\":\"https:\/\/www.cyberark.com\/products\/user-access-review\/\",\"url\":\"https:\/\/www.cyberark.com\/products\/user-access-review\/\",\"name\":\"R\u00e9visions conformes des acc\u00e8s utilisateurs | CyberArk\",\"isPartOf\":{\"@id\":\"https:\/\/www.cyberark.com\/#website\"},\"primaryImageOfPage\":{\"@id\":\"https:\/\/www.cyberark.com\/products\/user-access-review\/#primaryimage\"},\"image\":{\"@id\":\"https:\/\/www.cyberark.com\/products\/user-access-review\/#primaryimage\"},\"thumbnailUrl\":\"https:\/\/www.cyberark.com\/wp-content\/uploads\/2024\/10\/man-with-glasses-at-desk.jpg\",\"datePublished\":\"2025-07-18T13:05:48+00:00\",\"dateModified\":\"2025-08-29T06:50:46+00:00\",\"description\":\"Automatisez les r\u00e9visions des acc\u00e8s utilisateurs et garantissez la conformit\u00e9 aux exigences d\u2019audit avec CyberArk. Obtenez une visibilit\u00e9 totale, d\u00e9finissez et appliquez des r\u00e8gles et simplifiez le reporting r\u00e9glementaire.\",\"breadcrumb\":{\"@id\":\"https:\/\/www.cyberark.com\/products\/user-access-review\/#breadcrumb\"},\"inLanguage\":\"fr-FR\",\"potentialAction\":[{\"@type\":\"ReadAction\",\"target\":[\"https:\/\/www.cyberark.com\/products\/user-access-review\/\"]}]},{\"@type\":\"ImageObject\",\"inLanguage\":\"fr-FR\",\"@id\":\"https:\/\/www.cyberark.com\/products\/user-access-review\/#primaryimage\",\"url\":\"https:\/\/www.cyberark.com\/wp-content\/uploads\/2024\/10\/man-with-glasses-at-desk.jpg\",\"contentUrl\":\"https:\/\/www.cyberark.com\/wp-content\/uploads\/2024\/10\/man-with-glasses-at-desk.jpg\"},{\"@type\":\"BreadcrumbList\",\"@id\":\"https:\/\/www.cyberark.com\/products\/user-access-review\/#breadcrumb\",\"itemListElement\":[{\"@type\":\"ListItem\",\"position\":1,\"name\":\"Home\",\"item\":\"https:\/\/www.cyberark.com\/\"},{\"@type\":\"ListItem\",\"position\":2,\"name\":\"Produits\",\"item\":\"https:\/\/www.cyberark.com\/products\/\"},{\"@type\":\"ListItem\",\"position\":3,\"name\":\"R\u00e9visions conformes des acc\u00e8s utilisateurs\"}]},{\"@type\":\"WebSite\",\"@id\":\"https:\/\/www.cyberark.com\/#website\",\"url\":\"https:\/\/www.cyberark.com\/\",\"name\":\"CyberArk\",\"description\":\"\",\"publisher\":{\"@id\":\"https:\/\/www.cyberark.com\/#organization\"},\"potentialAction\":[{\"@type\":\"SearchAction\",\"target\":{\"@type\":\"EntryPoint\",\"urlTemplate\":\"https:\/\/www.cyberark.com\/?s={search_term_string}\"},\"query-input\":{\"@type\":\"PropertyValueSpecification\",\"valueRequired\":true,\"valueName\":\"search_term_string\"}}],\"inLanguage\":\"fr-FR\"},{\"@type\":\"Organization\",\"@id\":\"https:\/\/www.cyberark.com\/#organization\",\"name\":\"CyberArk Software\",\"url\":\"https:\/\/www.cyberark.com\/\",\"logo\":{\"@type\":\"ImageObject\",\"inLanguage\":\"fr-FR\",\"@id\":\"https:\/\/www.cyberark.com\/#\/schema\/logo\/image\/\",\"url\":\"https:\/\/www.cyberark.com\/wp-content\/uploads\/2021\/02\/cyberark-logo-dark.svg\",\"contentUrl\":\"https:\/\/www.cyberark.com\/wp-content\/uploads\/2021\/02\/cyberark-logo-dark.svg\",\"width\":\"1024\",\"height\":\"1024\",\"caption\":\"CyberArk Software\"},\"image\":{\"@id\":\"https:\/\/www.cyberark.com\/#\/schema\/logo\/image\/\"},\"sameAs\":[\"https:\/\/www.facebook.com\/CyberArk\/\",\"https:\/\/x.com\/CyberArk\",\"https:\/\/www.linkedin.com\/company\/cyber-ark-software\/\"]}]}<\/script>\n<!-- \/ Yoast SEO Premium plugin. -->","yoast_head_json":{"title":"R\u00e9visions conformes des acc\u00e8s utilisateurs | CyberArk","description":"Automatisez les r\u00e9visions des acc\u00e8s utilisateurs et garantissez la conformit\u00e9 aux exigences d\u2019audit avec CyberArk. Obtenez une visibilit\u00e9 totale, d\u00e9finissez et appliquez des r\u00e8gles et simplifiez le reporting r\u00e9glementaire.","robots":{"index":"index","follow":"follow","max-snippet":"max-snippet:-1","max-image-preview":"max-image-preview:large","max-video-preview":"max-video-preview:-1"},"canonical":"https:\/\/www.cyberark.com\/products\/user-access-review\/","og_locale":"fr_FR","og_type":"article","og_title":"R\u00e9visions conformes des acc\u00e8s utilisateurs","og_description":"Automatisez les r\u00e9visions des acc\u00e8s utilisateurs et garantissez la conformit\u00e9 aux exigences d\u2019audit avec CyberArk. Obtenez une visibilit\u00e9 totale, d\u00e9finissez et appliquez des r\u00e8gles et simplifiez le reporting r\u00e9glementaire.","og_url":"https:\/\/www.cyberark.com\/products\/user-access-review\/","og_site_name":"CyberArk","article_publisher":"https:\/\/www.facebook.com\/CyberArk\/","article_modified_time":"2025-08-29T06:50:46+00:00","og_image":[{"width":640,"height":457,"url":"https:\/\/www.cyberark.com\/wp-content\/uploads\/2024\/10\/man-with-glasses-at-desk.jpg","type":"image\/jpeg"}],"twitter_card":"summary_large_image","twitter_site":"@CyberArk","twitter_misc":{"Dur\u00e9e de lecture estim\u00e9e":"4 minutes"},"schema":{"@context":"https:\/\/schema.org","@graph":[{"@type":"WebPage","@id":"https:\/\/www.cyberark.com\/products\/user-access-review\/","url":"https:\/\/www.cyberark.com\/products\/user-access-review\/","name":"R\u00e9visions conformes des acc\u00e8s utilisateurs | CyberArk","isPartOf":{"@id":"https:\/\/www.cyberark.com\/#website"},"primaryImageOfPage":{"@id":"https:\/\/www.cyberark.com\/products\/user-access-review\/#primaryimage"},"image":{"@id":"https:\/\/www.cyberark.com\/products\/user-access-review\/#primaryimage"},"thumbnailUrl":"https:\/\/www.cyberark.com\/wp-content\/uploads\/2024\/10\/man-with-glasses-at-desk.jpg","datePublished":"2025-07-18T13:05:48+00:00","dateModified":"2025-08-29T06:50:46+00:00","description":"Automatisez les r\u00e9visions des acc\u00e8s utilisateurs et garantissez la conformit\u00e9 aux exigences d\u2019audit avec CyberArk. Obtenez une visibilit\u00e9 totale, d\u00e9finissez et appliquez des r\u00e8gles et simplifiez le reporting r\u00e9glementaire.","breadcrumb":{"@id":"https:\/\/www.cyberark.com\/products\/user-access-review\/#breadcrumb"},"inLanguage":"fr-FR","potentialAction":[{"@type":"ReadAction","target":["https:\/\/www.cyberark.com\/products\/user-access-review\/"]}]},{"@type":"ImageObject","inLanguage":"fr-FR","@id":"https:\/\/www.cyberark.com\/products\/user-access-review\/#primaryimage","url":"https:\/\/www.cyberark.com\/wp-content\/uploads\/2024\/10\/man-with-glasses-at-desk.jpg","contentUrl":"https:\/\/www.cyberark.com\/wp-content\/uploads\/2024\/10\/man-with-glasses-at-desk.jpg"},{"@type":"BreadcrumbList","@id":"https:\/\/www.cyberark.com\/products\/user-access-review\/#breadcrumb","itemListElement":[{"@type":"ListItem","position":1,"name":"Home","item":"https:\/\/www.cyberark.com\/"},{"@type":"ListItem","position":2,"name":"Produits","item":"https:\/\/www.cyberark.com\/products\/"},{"@type":"ListItem","position":3,"name":"R\u00e9visions conformes des acc\u00e8s utilisateurs"}]},{"@type":"WebSite","@id":"https:\/\/www.cyberark.com\/#website","url":"https:\/\/www.cyberark.com\/","name":"CyberArk","description":"","publisher":{"@id":"https:\/\/www.cyberark.com\/#organization"},"potentialAction":[{"@type":"SearchAction","target":{"@type":"EntryPoint","urlTemplate":"https:\/\/www.cyberark.com\/?s={search_term_string}"},"query-input":{"@type":"PropertyValueSpecification","valueRequired":true,"valueName":"search_term_string"}}],"inLanguage":"fr-FR"},{"@type":"Organization","@id":"https:\/\/www.cyberark.com\/#organization","name":"CyberArk Software","url":"https:\/\/www.cyberark.com\/","logo":{"@type":"ImageObject","inLanguage":"fr-FR","@id":"https:\/\/www.cyberark.com\/#\/schema\/logo\/image\/","url":"https:\/\/www.cyberark.com\/wp-content\/uploads\/2021\/02\/cyberark-logo-dark.svg","contentUrl":"https:\/\/www.cyberark.com\/wp-content\/uploads\/2021\/02\/cyberark-logo-dark.svg","width":"1024","height":"1024","caption":"CyberArk Software"},"image":{"@id":"https:\/\/www.cyberark.com\/#\/schema\/logo\/image\/"},"sameAs":["https:\/\/www.facebook.com\/CyberArk\/","https:\/\/x.com\/CyberArk","https:\/\/www.linkedin.com\/company\/cyber-ark-software\/"]}]}},"_links":{"self":[{"href":"https:\/\/www.cyberark.com\/fr\/wp-json\/wp\/v2\/pages\/213149","targetHints":{"allow":["GET"]}}],"collection":[{"href":"https:\/\/www.cyberark.com\/fr\/wp-json\/wp\/v2\/pages"}],"about":[{"href":"https:\/\/www.cyberark.com\/fr\/wp-json\/wp\/v2\/types\/page"}],"author":[{"embeddable":true,"href":"https:\/\/www.cyberark.com\/fr\/wp-json\/wp\/v2\/users\/164"}],"replies":[{"embeddable":true,"href":"https:\/\/www.cyberark.com\/fr\/wp-json\/wp\/v2\/comments?post=213149"}],"version-history":[{"count":0,"href":"https:\/\/www.cyberark.com\/fr\/wp-json\/wp\/v2\/pages\/213149\/revisions"}],"up":[{"embeddable":true,"href":"https:\/\/www.cyberark.com\/fr\/wp-json\/wp\/v2\/pages\/51589"}],"wp:attachment":[{"href":"https:\/\/www.cyberark.com\/fr\/wp-json\/wp\/v2\/media?parent=213149"}],"wp:term":[{"taxonomy":"product_category","embeddable":true,"href":"https:\/\/www.cyberark.com\/fr\/wp-json\/wp\/v2\/product_category?post=213149"}],"curies":[{"name":"wp","href":"https:\/\/api.w.org\/{rel}","templated":true}]}}