{"id":213157,"date":"2025-07-18T09:05:31","date_gmt":"2025-07-18T13:05:31","guid":{"rendered":"https:\/\/www.cyberark.com\/products\/provisioning\/"},"modified":"2025-08-29T03:07:50","modified_gmt":"2025-08-29T07:07:50","slug":"provisioning","status":"publish","type":"page","link":"https:\/\/www.cyberark.com\/fr\/products\/provisioning\/","title":{"rendered":"Provisioning"},"content":{"rendered":"<div class=\"wpb-content-wrapper\"><p>[vc_row full_width=\u00a0\u00bbstretch_row\u00a0\u00bb content_placement=\u00a0\u00bbmiddle\u00a0\u00bb el_class=\u00a0\u00bbcybv2 int-hero dark\u00a0\u00bb][vc_column width=\u00a0\u00bb1\/2&Prime; el_class=\u00a0\u00bbcolumn-1&Prime;][vc_column_text css=\u00a0\u00bb\u00a0\u00bb]<\/p>\n<h1>Provisioning<\/h1>\n<p><\/p>\n<h2>Simplifiez la gestion du cycle de vie des identit\u00e9s et des droits d\u2019acc\u00e8s.<\/h2>\n<p>\n[\/vc_column_text][vc_btn title=\u00a0\u00bbD\u00e9couvrir la solution\u00a0\u00bb style=\u00a0\u00bbcustom\u00a0\u00bb custom_background=\u00a0\u00bb\u00a0\u00bb custom_text=\u00a0\u00bb\u00a0\u00bb css=\u00a0\u00bb\u00a0\u00bb el_class=\u00a0\u00bbcybv2-button-solid\u00a0\u00bb link=\u00a0\u00bburl:https%3A%2F%2Fwww.cyberark.com%2Fresources%2Fsolution-briefs%2Fcyberark-provisioning|title:lire%20maintenant|\u00a0\u00bb][vc_column_text css=\u00a0\u00bb\u00a0\u00bb el_class=\u00a0\u00bblink-arrow-right\u00a0\u00bb]<a href=\"https:\/\/www.cyberark.com\/fr\/try-buy\/modern-iga-demo\/\">Demandez une d\u00e9mo<\/a><i class=\"fa fa-long-arrow-right\"><\/i>[\/vc_column_text][\/vc_column][vc_column width=\u00a0\u00bb1\/2&Prime; el_class=\u00a0\u00bbcolumn-2&Prime;][vc_column_text css=\u00a0\u00bb\u00a0\u00bb]<img loading=\"lazy\" decoding=\"async\" class=\"alignnone size-full wp-image-212876\" src=\"https:\/\/www.cyberark.com\/wp-content\/uploads\/2024\/10\/man-with-glasses-at-desk.jpg\" alt=\"homme portant des lunettes install\u00e9 \u00e0 un bureau\" width=\"640\" height=\"457\" srcset=\"https:\/\/www.cyberark.com\/wp-content\/uploads\/2024\/10\/man-with-glasses-at-desk.jpg 640w, https:\/\/www.cyberark.com\/wp-content\/uploads\/2024\/10\/man-with-glasses-at-desk-300x214.jpg 300w, https:\/\/www.cyberark.com\/wp-content\/uploads\/2024\/10\/man-with-glasses-at-desk-150x107.jpg 150w\" sizes=\"auto, (max-width: 640px) 100vw, 640px\" \/>[\/vc_column_text][\/vc_column][\/vc_row][vc_row el_class=\u00a0\u00bbcybv2 cybv2-pad-top\u00a0\u00bb][vc_column el_class=\u00a0\u00bbtext-center\u00a0\u00bb offset=\u00a0\u00bbvc_col-lg-offset-2 vc_col-lg-8&Prime;][vc_column_text css=\u00a0\u00bb\u00a0\u00bb]<\/p>\n<h3>Gestion automatis\u00e9e du cycle de vie des identit\u00e9s\u00a0: plus rapide, plus s\u00e9curis\u00e9 et plus efficace<\/h3>\n<p>Combinez les AI Profiles de CyberArk avec des r\u00e8gles sp\u00e9cifiques aux \u00e9v\u00e9nements pour accorder ou retirer l\u2019acc\u00e8s des employ\u00e9s qui rejoignent l\u2019entreprise, qui changent de poste ou qui quittent l\u2019entreprise. Ne perdez plus votre temps \u00e0 d\u00e9finir et \u00e0 tenir \u00e0 jour des centaines de r\u00f4les ou de r\u00e8gles d\u2019appartenance \u00e0 des groupes pour accorder les acc\u00e8s des utilisateurs.[\/vc_column_text][\/vc_column][\/vc_row][vc_row equal_height=\u00a0\u00bbyes\u00a0\u00bb el_class=\u00a0\u00bbcybv2 impact-cards pt-16 pm-16&Prime;][vc_column width=\u00a0\u00bb1\/3&Prime; el_class=\u00a0\u00bbsingle-card mb-8&Prime;][vc_single_image image=\u00a0\u00bb212976&Prime; img_size=\u00a0\u00bbfull\u00a0\u00bb css=\u00a0\u00bb\u00a0\u00bb][vc_column_text css=\u00a0\u00bb.vc_custom_1752004788323{padding-top: 20px !important;padding-right: 20px !important;padding-left: 20px !important;}\u00a0\u00bb]<\/p>\n<h4>Les changements de statut dans l\u2019entreprise amorcent les r\u00e8gles et les workflows JML<\/h4>\n<p>D\u00e9tectez les \u00e9v\u00e9nements de cycle de vie avec une int\u00e9gration transparente aux syst\u00e8mes et annuaires RH.[\/vc_column_text][vc_btn title=\u00a0\u00bbD\u00e9couvrir la solution CyberArk Provisioning\u00a0\u00bb style=\u00a0\u00bbcustom\u00a0\u00bb custom_background=\u00a0\u00bb\u00a0\u00bb custom_text=\u00a0\u00bb\u00a0\u00bb css=\u00a0\u00bb\u00a0\u00bb el_class=\u00a0\u00bbcybv2-button-solid\u00a0\u00bb link=\u00a0\u00bburl:https%3A%2F%2Fwww.cyberark.com%2Fresources%2Fsolution-briefs%2Fcyberark-provisioning|\u00a0\u00bb][\/vc_column][vc_column width=\u00a0\u00bb1\/3&Prime; el_class=\u00a0\u00bbsingle-card mb-8&Prime;][vc_single_image image=\u00a0\u00bb212994&Prime; img_size=\u00a0\u00bbfull\u00a0\u00bb css=\u00a0\u00bb\u00a0\u00bb][vc_column_text css=\u00a0\u00bb.vc_custom_1752004774190{padding-top: 20px !important;padding-right: 20px !important;padding-left: 20px !important;}\u00a0\u00bb]<\/p>\n<h4>Les AI Profiles de CyberArk permettent des acc\u00e8s exacts et pr\u00e9approuv\u00e9s<\/h4>\n<p>Utilisez les pr\u00e9approbations des AI Profiles de CyberArk pour r\u00e9duire les approbations et les r\u00e9visions d\u2019acc\u00e8s de 61\u00a0% tout en appliquant le principe du moindre privil\u00e8ge.[\/vc_column_text][vc_btn title=\u00a0\u00bbD\u00e9couvrir la solution IA Profiles\u00a0\u00bb style=\u00a0\u00bbcustom\u00a0\u00bb custom_background=\u00a0\u00bb\u00a0\u00bb custom_text=\u00a0\u00bb\u00a0\u00bb css=\u00a0\u00bb\u00a0\u00bb el_class=\u00a0\u00bbcybv2-button-solid\u00a0\u00bb link=\u00a0\u00bburl:https%3A%2F%2Fwww.cyberark.com%2Fresources%2Fsolution-briefs%2Fcyberark-ai-profiles|title:Lire%20maintenant|\u00a0\u00bb][\/vc_column][vc_column width=\u00a0\u00bb1\/3&Prime; el_class=\u00a0\u00bbsingle-card mb-8&Prime;][vc_single_image image=\u00a0\u00bb212985&Prime; img_size=\u00a0\u00bbfull\u00a0\u00bb css=\u00a0\u00bb\u00a0\u00bb][vc_column_text css=\u00a0\u00bb.vc_custom_1752004781582{padding-top: 20px !important;padding-right: 20px !important;padding-left: 20px !important;}\u00a0\u00bb]<\/p>\n<h4>Modifications des droits d\u2019acc\u00e8s automatis\u00e9es avec r\u00e9conciliation<\/h4>\n<p>Automatisez l\u2019application des droits d\u2019acc\u00e8s dans le cloud et les syst\u00e8mes on-premise. Pilotez les modifications \u00e0 l\u2019aide de tickets ITSM et de la r\u00e9conciliation en boucle ferm\u00e9e.[\/vc_column_text][vc_btn title=\u00a0\u00bbD\u00e9couvrir la solution CyberArk Provisioning\u00a0\u00bb style=\u00a0\u00bbcustom\u00a0\u00bb custom_background=\u00a0\u00bb\u00a0\u00bb custom_text=\u00a0\u00bb\u00a0\u00bb css=\u00a0\u00bb\u00a0\u00bb el_class=\u00a0\u00bbcybv2-button-solid\u00a0\u00bb link=\u00a0\u00bburl:https%3A%2F%2Fwww.cyberark.com%2Fresources%2Fsolution-briefs%2Fcyberark-provisioning|\u00a0\u00bb][\/vc_column][\/vc_row][vc_row full_width=\u00a0\u00bbstretch_row\u00a0\u00bb css=\u00a0\u00bb.vc_custom_1752005217530{background-color: #082233 !important;}\u00a0\u00bb el_class=\u00a0\u00bbcybv2 dark\u00a0\u00bb][vc_column][vc_row_inner el_class=\u00a0\u00bbcybv2-pad\u00a0\u00bb][vc_column_inner width=\u00a0\u00bb1\/6&Prime; offset=\u00a0\u00bbvc_col-lg-offset-1&Prime;][vc_single_image image=\u00a0\u00bb212914&Prime; img_size=\u00a0\u00bbfull\u00a0\u00bb css=\u00a0\u00bb\u00a0\u00bb][\/vc_column_inner][vc_column_inner width=\u00a0\u00bb7\/12&Prime; css=\u00a0\u00bb.vc_custom_1752005172659{padding-left: 20px !important;}\u00a0\u00bb][vc_column_text css=\u00a0\u00bb\u00a0\u00bb]<\/p>\n<h3><span style=\"color: #d6f77a;\">Acc\u00e9l\u00e9rer le provisioning<\/span> gr\u00e2ce \u00e0 l\u2019IA<\/h3>\n<p>D\u00e9ployez tout le potentiel de votre organisation gr\u00e2ce \u00e0 la solution de gestion du cycle de vie assist\u00e9e par l\u2019IA simple et moderne de CyberArk. \u00c9liminez la complexit\u00e9 li\u00e9e \u00e0 la gestion traditionnelle des r\u00f4les et des groupes propos\u00e9e par les fournisseurs d\u2019identit\u00e9s.<\/p>\n<p>Utilisez en toute confiance les fonctionnalit\u00e9s d\u2019IA et les r\u00e8gles de CyberArk pour g\u00e9rer les processus d\u2019int\u00e9gration et de d\u00e9part des utilisateurs en collaboration avec vos responsables des applications et des donn\u00e9es. Tirez parti des int\u00e9grations ITSM aux syst\u00e8mes comme ServiceNow and Jira Service Management pour d\u00e9ployer un syst\u00e8me de r\u00e9f\u00e9rence en vue de l\u2019audit des modifications.[\/vc_column_text][\/vc_column_inner][\/vc_row_inner][\/vc_column][\/vc_row]<\/p>\n<\/div>","protected":false},"excerpt":{"rendered":"<p>[vc_row full_width=\u00a0\u00bbstretch_row\u00a0\u00bb content_placement=\u00a0\u00bbmiddle\u00a0\u00bb el_class=\u00a0\u00bbcybv2 int-hero dark\u00a0\u00bb][vc_column width=\u00a0\u00bb1\/2&Prime; el_class=\u00a0\u00bbcolumn-1&Prime;][vc_column_text css=\u00a0\u00bb\u00a0\u00bb] Provisioning Simplifiez la gestion du cycle de vie des identit\u00e9s et des droits d\u2019acc\u00e8s. [\/vc_column_text][vc_btn title=\u00a0\u00bbD\u00e9couvrir la solution\u00a0\u00bb style=\u00a0\u00bbcustom\u00a0\u00bb custom_background=\u00a0\u00bb\u00a0\u00bb custom_text=\u00a0\u00bb\u00a0\u00bb css=\u00a0\u00bb\u00a0\u00bb el_class=\u00a0\u00bbcybv2-button-solid\u00a0\u00bb link=\u00a0\u00bburl:https%3A%2F%2Fwww.cyberark.com%2Fresources%2Fsolution-briefs%2Fcyberark-provisioning|title:lire%20maintenant|\u00a0\u00bb][vc_column_text css=\u00a0\u00bb\u00a0\u00bb el_class=\u00a0\u00bblink-arrow-right\u00a0\u00bb]Demandez&#8230;<\/p>\n","protected":false},"author":164,"featured_media":0,"parent":51589,"menu_order":0,"comment_status":"closed","ping_status":"closed","template":"","meta":{"_acf_changed":false,"inline_featured_image":false,"footnotes":""},"product_category":[],"class_list":["post-213157","page","type-page","status-publish","hentry"],"acf":[],"yoast_head":"<!-- This site is optimized with the Yoast SEO Premium plugin v27.2 (Yoast SEO v27.2) - https:\/\/yoast.com\/product\/yoast-seo-premium-wordpress\/ -->\n<title>Provisioning | CyberArk<\/title>\n<meta name=\"description\" content=\"Simplifiez le provisionning gr\u00e2ce la fonctionnalit\u00e9 de gestion du cycle de vie assist\u00e9e par l\u2019IA de CyberArk. Automatisez les processus d\u2019int\u00e9gration et de d\u00e9part des utilisateurs et les modifications des acc\u00e8s gr\u00e2ce aux contr\u00f4les bas\u00e9s sur des r\u00e8gles.\" \/>\n<meta name=\"robots\" content=\"index, follow, max-snippet:-1, max-image-preview:large, max-video-preview:-1\" \/>\n<link rel=\"canonical\" href=\"https:\/\/www.cyberark.com\/products\/provisioning\/\" \/>\n<meta property=\"og:locale\" content=\"fr_FR\" \/>\n<meta property=\"og:type\" content=\"article\" \/>\n<meta property=\"og:title\" content=\"Provisioning\" \/>\n<meta property=\"og:description\" content=\"Simplifiez le provisionning gr\u00e2ce la fonctionnalit\u00e9 de gestion du cycle de vie assist\u00e9e par l\u2019IA de CyberArk. Automatisez les processus d\u2019int\u00e9gration et de d\u00e9part des utilisateurs et les modifications des acc\u00e8s gr\u00e2ce aux contr\u00f4les bas\u00e9s sur des r\u00e8gles.\" \/>\n<meta property=\"og:url\" content=\"https:\/\/www.cyberark.com\/products\/provisioning\/\" \/>\n<meta property=\"og:site_name\" content=\"CyberArk\" \/>\n<meta property=\"article:publisher\" content=\"https:\/\/www.facebook.com\/CyberArk\/\" \/>\n<meta property=\"article:modified_time\" content=\"2025-08-29T07:07:50+00:00\" \/>\n<meta property=\"og:image\" content=\"https:\/\/www.cyberark.com\/wp-content\/uploads\/2024\/10\/man-with-glasses-at-desk.jpg\" \/>\n\t<meta property=\"og:image:width\" content=\"640\" \/>\n\t<meta property=\"og:image:height\" content=\"457\" \/>\n\t<meta property=\"og:image:type\" content=\"image\/jpeg\" \/>\n<meta name=\"twitter:card\" content=\"summary_large_image\" \/>\n<meta name=\"twitter:site\" content=\"@CyberArk\" \/>\n<meta name=\"twitter:label1\" content=\"Dur\u00e9e de lecture estim\u00e9e\" \/>\n\t<meta name=\"twitter:data1\" content=\"3 minutes\" \/>\n<script type=\"application\/ld+json\" class=\"yoast-schema-graph\">{\"@context\":\"https:\/\/schema.org\",\"@graph\":[{\"@type\":\"WebPage\",\"@id\":\"https:\/\/www.cyberark.com\/products\/provisioning\/\",\"url\":\"https:\/\/www.cyberark.com\/products\/provisioning\/\",\"name\":\"Provisioning | CyberArk\",\"isPartOf\":{\"@id\":\"https:\/\/www.cyberark.com\/#website\"},\"primaryImageOfPage\":{\"@id\":\"https:\/\/www.cyberark.com\/products\/provisioning\/#primaryimage\"},\"image\":{\"@id\":\"https:\/\/www.cyberark.com\/products\/provisioning\/#primaryimage\"},\"thumbnailUrl\":\"https:\/\/www.cyberark.com\/wp-content\/uploads\/2024\/10\/man-with-glasses-at-desk.jpg\",\"datePublished\":\"2025-07-18T13:05:31+00:00\",\"dateModified\":\"2025-08-29T07:07:50+00:00\",\"description\":\"Simplifiez le provisionning gr\u00e2ce la fonctionnalit\u00e9 de gestion du cycle de vie assist\u00e9e par l\u2019IA de CyberArk. Automatisez les processus d\u2019int\u00e9gration et de d\u00e9part des utilisateurs et les modifications des acc\u00e8s gr\u00e2ce aux contr\u00f4les bas\u00e9s sur des r\u00e8gles.\",\"breadcrumb\":{\"@id\":\"https:\/\/www.cyberark.com\/products\/provisioning\/#breadcrumb\"},\"inLanguage\":\"fr-FR\",\"potentialAction\":[{\"@type\":\"ReadAction\",\"target\":[\"https:\/\/www.cyberark.com\/products\/provisioning\/\"]}]},{\"@type\":\"ImageObject\",\"inLanguage\":\"fr-FR\",\"@id\":\"https:\/\/www.cyberark.com\/products\/provisioning\/#primaryimage\",\"url\":\"https:\/\/www.cyberark.com\/wp-content\/uploads\/2024\/10\/man-with-glasses-at-desk.jpg\",\"contentUrl\":\"https:\/\/www.cyberark.com\/wp-content\/uploads\/2024\/10\/man-with-glasses-at-desk.jpg\"},{\"@type\":\"BreadcrumbList\",\"@id\":\"https:\/\/www.cyberark.com\/products\/provisioning\/#breadcrumb\",\"itemListElement\":[{\"@type\":\"ListItem\",\"position\":1,\"name\":\"Home\",\"item\":\"https:\/\/www.cyberark.com\/\"},{\"@type\":\"ListItem\",\"position\":2,\"name\":\"Produits\",\"item\":\"https:\/\/www.cyberark.com\/products\/\"},{\"@type\":\"ListItem\",\"position\":3,\"name\":\"Provisioning\"}]},{\"@type\":\"WebSite\",\"@id\":\"https:\/\/www.cyberark.com\/#website\",\"url\":\"https:\/\/www.cyberark.com\/\",\"name\":\"CyberArk\",\"description\":\"\",\"publisher\":{\"@id\":\"https:\/\/www.cyberark.com\/#organization\"},\"potentialAction\":[{\"@type\":\"SearchAction\",\"target\":{\"@type\":\"EntryPoint\",\"urlTemplate\":\"https:\/\/www.cyberark.com\/?s={search_term_string}\"},\"query-input\":{\"@type\":\"PropertyValueSpecification\",\"valueRequired\":true,\"valueName\":\"search_term_string\"}}],\"inLanguage\":\"fr-FR\"},{\"@type\":\"Organization\",\"@id\":\"https:\/\/www.cyberark.com\/#organization\",\"name\":\"CyberArk Software\",\"url\":\"https:\/\/www.cyberark.com\/\",\"logo\":{\"@type\":\"ImageObject\",\"inLanguage\":\"fr-FR\",\"@id\":\"https:\/\/www.cyberark.com\/#\/schema\/logo\/image\/\",\"url\":\"https:\/\/www.cyberark.com\/wp-content\/uploads\/2021\/02\/cyberark-logo-dark.svg\",\"contentUrl\":\"https:\/\/www.cyberark.com\/wp-content\/uploads\/2021\/02\/cyberark-logo-dark.svg\",\"width\":\"1024\",\"height\":\"1024\",\"caption\":\"CyberArk Software\"},\"image\":{\"@id\":\"https:\/\/www.cyberark.com\/#\/schema\/logo\/image\/\"},\"sameAs\":[\"https:\/\/www.facebook.com\/CyberArk\/\",\"https:\/\/x.com\/CyberArk\",\"https:\/\/www.linkedin.com\/company\/cyber-ark-software\/\"]}]}<\/script>\n<!-- \/ Yoast SEO Premium plugin. -->","yoast_head_json":{"title":"Provisioning | CyberArk","description":"Simplifiez le provisionning gr\u00e2ce la fonctionnalit\u00e9 de gestion du cycle de vie assist\u00e9e par l\u2019IA de CyberArk. Automatisez les processus d\u2019int\u00e9gration et de d\u00e9part des utilisateurs et les modifications des acc\u00e8s gr\u00e2ce aux contr\u00f4les bas\u00e9s sur des r\u00e8gles.","robots":{"index":"index","follow":"follow","max-snippet":"max-snippet:-1","max-image-preview":"max-image-preview:large","max-video-preview":"max-video-preview:-1"},"canonical":"https:\/\/www.cyberark.com\/products\/provisioning\/","og_locale":"fr_FR","og_type":"article","og_title":"Provisioning","og_description":"Simplifiez le provisionning gr\u00e2ce la fonctionnalit\u00e9 de gestion du cycle de vie assist\u00e9e par l\u2019IA de CyberArk. Automatisez les processus d\u2019int\u00e9gration et de d\u00e9part des utilisateurs et les modifications des acc\u00e8s gr\u00e2ce aux contr\u00f4les bas\u00e9s sur des r\u00e8gles.","og_url":"https:\/\/www.cyberark.com\/products\/provisioning\/","og_site_name":"CyberArk","article_publisher":"https:\/\/www.facebook.com\/CyberArk\/","article_modified_time":"2025-08-29T07:07:50+00:00","og_image":[{"width":640,"height":457,"url":"https:\/\/www.cyberark.com\/wp-content\/uploads\/2024\/10\/man-with-glasses-at-desk.jpg","type":"image\/jpeg"}],"twitter_card":"summary_large_image","twitter_site":"@CyberArk","twitter_misc":{"Dur\u00e9e de lecture estim\u00e9e":"3 minutes"},"schema":{"@context":"https:\/\/schema.org","@graph":[{"@type":"WebPage","@id":"https:\/\/www.cyberark.com\/products\/provisioning\/","url":"https:\/\/www.cyberark.com\/products\/provisioning\/","name":"Provisioning | CyberArk","isPartOf":{"@id":"https:\/\/www.cyberark.com\/#website"},"primaryImageOfPage":{"@id":"https:\/\/www.cyberark.com\/products\/provisioning\/#primaryimage"},"image":{"@id":"https:\/\/www.cyberark.com\/products\/provisioning\/#primaryimage"},"thumbnailUrl":"https:\/\/www.cyberark.com\/wp-content\/uploads\/2024\/10\/man-with-glasses-at-desk.jpg","datePublished":"2025-07-18T13:05:31+00:00","dateModified":"2025-08-29T07:07:50+00:00","description":"Simplifiez le provisionning gr\u00e2ce la fonctionnalit\u00e9 de gestion du cycle de vie assist\u00e9e par l\u2019IA de CyberArk. Automatisez les processus d\u2019int\u00e9gration et de d\u00e9part des utilisateurs et les modifications des acc\u00e8s gr\u00e2ce aux contr\u00f4les bas\u00e9s sur des r\u00e8gles.","breadcrumb":{"@id":"https:\/\/www.cyberark.com\/products\/provisioning\/#breadcrumb"},"inLanguage":"fr-FR","potentialAction":[{"@type":"ReadAction","target":["https:\/\/www.cyberark.com\/products\/provisioning\/"]}]},{"@type":"ImageObject","inLanguage":"fr-FR","@id":"https:\/\/www.cyberark.com\/products\/provisioning\/#primaryimage","url":"https:\/\/www.cyberark.com\/wp-content\/uploads\/2024\/10\/man-with-glasses-at-desk.jpg","contentUrl":"https:\/\/www.cyberark.com\/wp-content\/uploads\/2024\/10\/man-with-glasses-at-desk.jpg"},{"@type":"BreadcrumbList","@id":"https:\/\/www.cyberark.com\/products\/provisioning\/#breadcrumb","itemListElement":[{"@type":"ListItem","position":1,"name":"Home","item":"https:\/\/www.cyberark.com\/"},{"@type":"ListItem","position":2,"name":"Produits","item":"https:\/\/www.cyberark.com\/products\/"},{"@type":"ListItem","position":3,"name":"Provisioning"}]},{"@type":"WebSite","@id":"https:\/\/www.cyberark.com\/#website","url":"https:\/\/www.cyberark.com\/","name":"CyberArk","description":"","publisher":{"@id":"https:\/\/www.cyberark.com\/#organization"},"potentialAction":[{"@type":"SearchAction","target":{"@type":"EntryPoint","urlTemplate":"https:\/\/www.cyberark.com\/?s={search_term_string}"},"query-input":{"@type":"PropertyValueSpecification","valueRequired":true,"valueName":"search_term_string"}}],"inLanguage":"fr-FR"},{"@type":"Organization","@id":"https:\/\/www.cyberark.com\/#organization","name":"CyberArk Software","url":"https:\/\/www.cyberark.com\/","logo":{"@type":"ImageObject","inLanguage":"fr-FR","@id":"https:\/\/www.cyberark.com\/#\/schema\/logo\/image\/","url":"https:\/\/www.cyberark.com\/wp-content\/uploads\/2021\/02\/cyberark-logo-dark.svg","contentUrl":"https:\/\/www.cyberark.com\/wp-content\/uploads\/2021\/02\/cyberark-logo-dark.svg","width":"1024","height":"1024","caption":"CyberArk Software"},"image":{"@id":"https:\/\/www.cyberark.com\/#\/schema\/logo\/image\/"},"sameAs":["https:\/\/www.facebook.com\/CyberArk\/","https:\/\/x.com\/CyberArk","https:\/\/www.linkedin.com\/company\/cyber-ark-software\/"]}]}},"_links":{"self":[{"href":"https:\/\/www.cyberark.com\/fr\/wp-json\/wp\/v2\/pages\/213157","targetHints":{"allow":["GET"]}}],"collection":[{"href":"https:\/\/www.cyberark.com\/fr\/wp-json\/wp\/v2\/pages"}],"about":[{"href":"https:\/\/www.cyberark.com\/fr\/wp-json\/wp\/v2\/types\/page"}],"author":[{"embeddable":true,"href":"https:\/\/www.cyberark.com\/fr\/wp-json\/wp\/v2\/users\/164"}],"replies":[{"embeddable":true,"href":"https:\/\/www.cyberark.com\/fr\/wp-json\/wp\/v2\/comments?post=213157"}],"version-history":[{"count":0,"href":"https:\/\/www.cyberark.com\/fr\/wp-json\/wp\/v2\/pages\/213157\/revisions"}],"up":[{"embeddable":true,"href":"https:\/\/www.cyberark.com\/fr\/wp-json\/wp\/v2\/pages\/51589"}],"wp:attachment":[{"href":"https:\/\/www.cyberark.com\/fr\/wp-json\/wp\/v2\/media?parent=213157"}],"wp:term":[{"taxonomy":"product_category","embeddable":true,"href":"https:\/\/www.cyberark.com\/fr\/wp-json\/wp\/v2\/product_category?post=213157"}],"curies":[{"name":"wp","href":"https:\/\/api.w.org\/{rel}","templated":true}]}}