{"id":221955,"date":"2026-01-12T04:29:46","date_gmt":"2026-01-12T09:29:46","guid":{"rendered":"https:\/\/www.cyberark.com\/trust\/conformite-juridique-et-code-de-conduite\/"},"modified":"2026-01-12T04:29:48","modified_gmt":"2026-01-12T09:29:48","slug":"legal-compliance-and-code-of-conduct","status":"publish","type":"page","link":"https:\/\/www.cyberark.com\/fr\/trust\/legal-compliance-and-code-of-conduct\/","title":{"rendered":"Conformit\u00e9 juridique et code de conduite"},"content":{"rendered":"<div class=\"wpb-content-wrapper\"><p>[vc_row full_width=\u00a0\u00bbstretch_row\u00a0\u00bb el_class=\u00a0\u00bbcybv2 int-hero-noimg dark\u00a0\u00bb][vc_column width=\u00a0\u00bb3\/4&Prime; el_class=\u00a0\u00bbcolumn-1&Prime;][vc_column_text el_class=\u00a0\u00bbcyb-breadcrumb\u00a0\u00bb]<i class=\"fa fa-long-arrow-left\"><\/i><a href=\"https:\/\/www.cyberark.com\/fr\/trust\/\">Retour au Centre de confiance<\/a>[\/vc_column_text][vc_column_text]<\/p>\n<h1>Conformit\u00e9 l\u00e9gale et code de conduite<\/h1>\n<p>[\/vc_column_text][\/vc_column][\/vc_row][vc_row full_width=\u00a0\u00bbstretch_row\u00a0\u00bb el_class=\u00a0\u00bbcybv2 cybv2-pad privacy\u00a0\u00bb][vc_column][vc_column_text css=\u00a0\u00bb\u00a0\u00bb]Le directeur juridique de CyberArk supervise le programme mondial de conformit\u00e9 de l&rsquo;entreprise, qui b\u00e9n\u00e9ficie du soutien continu de notre \u00e9quipe juridique interne et de conseillers externes. En tant que soci\u00e9t\u00e9 cot\u00e9e en bourse \u00e0 l&rsquo;\u00e9chelle mondiale (NASDAQ : CYBR), notre programme de conformit\u00e9 couvre plusieurs domaines de risque, notamment la conformit\u00e9 \u00e0 la loi Sarbanes Oxley (SOX). Les principales politiques de conformit\u00e9 comprennent le <a href=\"https:\/\/www.cyberark.com\/wp-content\/uploads\/2024\/10\/Code-of-Conduct-2025.pdf\" target=\"_blank\" rel=\"noopener\">Code d&rsquo;\u00e9thique et de conduite de l&rsquo;entreprise<\/a>, la politique de divulgation \u00e9quitable, la politique de d\u00e9nonciation et notre politique anti-corruption. Vous trouverez plus de d\u00e9tails sur ces politiques sur notre page Gouvernance d&rsquo;entreprise et des informations suppl\u00e9mentaires sur notre engagement en faveur d&rsquo;une bonne gouvernance d&rsquo;entreprise sur notre page Relations investisseurs.<br \/>\n[\/vc_column_text][\/vc_column][\/vc_row]<\/p>\n<\/div>","protected":false},"excerpt":{"rendered":"<p>[vc_row full_width=\u00a0\u00bbstretch_row\u00a0\u00bb el_class=\u00a0\u00bbcybv2 int-hero-noimg dark\u00a0\u00bb][vc_column width=\u00a0\u00bb3\/4&Prime; el_class=\u00a0\u00bbcolumn-1&Prime;][vc_column_text el_class=\u00a0\u00bbcyb-breadcrumb\u00a0\u00bb]Retour au Centre de confiance[\/vc_column_text][vc_column_text] Conformit\u00e9 l\u00e9gale et code de conduite [\/vc_column_text][\/vc_column][\/vc_row][vc_row full_width=\u00a0\u00bbstretch_row\u00a0\u00bb el_class=\u00a0\u00bbcybv2 cybv2-pad privacy\u00a0\u00bb][vc_column][vc_column_text css=\u00a0\u00bb\u00a0\u00bb]Le directeur juridique de CyberArk supervise le programme mondial de conformit\u00e9 de&#8230;<\/p>\n","protected":false},"author":164,"featured_media":0,"parent":131027,"menu_order":0,"comment_status":"closed","ping_status":"closed","template":"","meta":{"_acf_changed":false,"inline_featured_image":false,"footnotes":""},"product_category":[],"class_list":["post-221955","page","type-page","status-publish","hentry"],"acf":[],"yoast_head":"<!-- This site is optimized with the Yoast SEO Premium plugin v27.2 (Yoast SEO v27.2) - https:\/\/yoast.com\/product\/yoast-seo-premium-wordpress\/ -->\n<title>Conformit\u00e9 juridique et code de conduite | CyberArk<\/title>\n<meta name=\"robots\" content=\"index, follow, max-snippet:-1, max-image-preview:large, max-video-preview:-1\" \/>\n<link rel=\"canonical\" href=\"https:\/\/www.cyberark.com\/trust\/legal-compliance-and-code-of-conduct\/\" \/>\n<meta property=\"og:locale\" content=\"fr_FR\" \/>\n<meta property=\"og:type\" content=\"article\" \/>\n<meta property=\"og:title\" content=\"Conformit\u00e9 juridique et code de conduite\" \/>\n<meta property=\"og:description\" content=\"[vc_row full_width=\u00a0\u00bbstretch_row\u00a0\u00bb el_class=\u00a0\u00bbcybv2 int-hero-noimg dark\u00a0\u00bb][vc_column width=\u00a0\u00bb3\/4&Prime; el_class=\u00a0\u00bbcolumn-1&Prime;][vc_column_text el_class=\u00a0\u00bbcyb-breadcrumb\u00a0\u00bb]Retour au Centre de confiance[\/vc_column_text][vc_column_text] Conformit\u00e9 l\u00e9gale et code de conduite [\/vc_column_text][\/vc_column][\/vc_row][vc_row full_width=\u00a0\u00bbstretch_row\u00a0\u00bb el_class=\u00a0\u00bbcybv2 cybv2-pad privacy\u00a0\u00bb][vc_column][vc_column_text css=\u00a0\u00bb\u00a0\u00bb]Le directeur juridique de CyberArk supervise le programme mondial de conformit\u00e9 de...\" \/>\n<meta property=\"og:url\" content=\"https:\/\/www.cyberark.com\/trust\/legal-compliance-and-code-of-conduct\/\" \/>\n<meta property=\"og:site_name\" content=\"CyberArk\" \/>\n<meta property=\"article:publisher\" content=\"https:\/\/www.facebook.com\/CyberArk\/\" \/>\n<meta property=\"article:modified_time\" content=\"2026-01-12T09:29:48+00:00\" \/>\n<meta property=\"og:image\" content=\"https:\/\/www.cyberark.com\/wp-content\/uploads\/2022\/09\/CYBR-gradient-bg-og-120x627-01-1024x535.png\" \/>\n\t<meta property=\"og:image:width\" content=\"1024\" \/>\n\t<meta property=\"og:image:height\" content=\"535\" \/>\n\t<meta property=\"og:image:type\" content=\"image\/png\" \/>\n<meta name=\"twitter:card\" content=\"summary_large_image\" \/>\n<meta name=\"twitter:site\" content=\"@CyberArk\" \/>\n<meta name=\"twitter:label1\" content=\"Dur\u00e9e de lecture estim\u00e9e\" \/>\n\t<meta name=\"twitter:data1\" content=\"1 minute\" \/>\n<script type=\"application\/ld+json\" class=\"yoast-schema-graph\">{\"@context\":\"https:\/\/schema.org\",\"@graph\":[{\"@type\":\"WebPage\",\"@id\":\"https:\/\/www.cyberark.com\/trust\/legal-compliance-and-code-of-conduct\/\",\"url\":\"https:\/\/www.cyberark.com\/trust\/legal-compliance-and-code-of-conduct\/\",\"name\":\"Conformit\u00e9 juridique et code de conduite | CyberArk\",\"isPartOf\":{\"@id\":\"https:\/\/www.cyberark.com\/#website\"},\"datePublished\":\"2026-01-12T09:29:46+00:00\",\"dateModified\":\"2026-01-12T09:29:48+00:00\",\"breadcrumb\":{\"@id\":\"https:\/\/www.cyberark.com\/trust\/legal-compliance-and-code-of-conduct\/#breadcrumb\"},\"inLanguage\":\"fr-FR\",\"potentialAction\":[{\"@type\":\"ReadAction\",\"target\":[\"https:\/\/www.cyberark.com\/trust\/legal-compliance-and-code-of-conduct\/\"]}]},{\"@type\":\"BreadcrumbList\",\"@id\":\"https:\/\/www.cyberark.com\/trust\/legal-compliance-and-code-of-conduct\/#breadcrumb\",\"itemListElement\":[{\"@type\":\"ListItem\",\"position\":1,\"name\":\"Home\",\"item\":\"https:\/\/www.cyberark.com\/\"},{\"@type\":\"ListItem\",\"position\":2,\"name\":\"Centre de confiance\",\"item\":\"https:\/\/www.cyberark.com\/trust\/\"},{\"@type\":\"ListItem\",\"position\":3,\"name\":\"Conformit\u00e9 juridique et code de conduite\"}]},{\"@type\":\"WebSite\",\"@id\":\"https:\/\/www.cyberark.com\/#website\",\"url\":\"https:\/\/www.cyberark.com\/\",\"name\":\"CyberArk\",\"description\":\"\",\"publisher\":{\"@id\":\"https:\/\/www.cyberark.com\/#organization\"},\"potentialAction\":[{\"@type\":\"SearchAction\",\"target\":{\"@type\":\"EntryPoint\",\"urlTemplate\":\"https:\/\/www.cyberark.com\/?s={search_term_string}\"},\"query-input\":{\"@type\":\"PropertyValueSpecification\",\"valueRequired\":true,\"valueName\":\"search_term_string\"}}],\"inLanguage\":\"fr-FR\"},{\"@type\":\"Organization\",\"@id\":\"https:\/\/www.cyberark.com\/#organization\",\"name\":\"CyberArk Software\",\"url\":\"https:\/\/www.cyberark.com\/\",\"logo\":{\"@type\":\"ImageObject\",\"inLanguage\":\"fr-FR\",\"@id\":\"https:\/\/www.cyberark.com\/#\/schema\/logo\/image\/\",\"url\":\"https:\/\/www.cyberark.com\/wp-content\/uploads\/2021\/02\/cyberark-logo-dark.svg\",\"contentUrl\":\"https:\/\/www.cyberark.com\/wp-content\/uploads\/2021\/02\/cyberark-logo-dark.svg\",\"width\":\"1024\",\"height\":\"1024\",\"caption\":\"CyberArk Software\"},\"image\":{\"@id\":\"https:\/\/www.cyberark.com\/#\/schema\/logo\/image\/\"},\"sameAs\":[\"https:\/\/www.facebook.com\/CyberArk\/\",\"https:\/\/x.com\/CyberArk\",\"https:\/\/www.linkedin.com\/company\/cyber-ark-software\/\"]}]}<\/script>\n<!-- \/ Yoast SEO Premium plugin. -->","yoast_head_json":{"title":"Conformit\u00e9 juridique et code de conduite | CyberArk","robots":{"index":"index","follow":"follow","max-snippet":"max-snippet:-1","max-image-preview":"max-image-preview:large","max-video-preview":"max-video-preview:-1"},"canonical":"https:\/\/www.cyberark.com\/trust\/legal-compliance-and-code-of-conduct\/","og_locale":"fr_FR","og_type":"article","og_title":"Conformit\u00e9 juridique et code de conduite","og_description":"[vc_row full_width=\u00a0\u00bbstretch_row\u00a0\u00bb el_class=\u00a0\u00bbcybv2 int-hero-noimg dark\u00a0\u00bb][vc_column width=\u00a0\u00bb3\/4&Prime; el_class=\u00a0\u00bbcolumn-1&Prime;][vc_column_text el_class=\u00a0\u00bbcyb-breadcrumb\u00a0\u00bb]Retour au Centre de confiance[\/vc_column_text][vc_column_text] Conformit\u00e9 l\u00e9gale et code de conduite [\/vc_column_text][\/vc_column][\/vc_row][vc_row full_width=\u00a0\u00bbstretch_row\u00a0\u00bb el_class=\u00a0\u00bbcybv2 cybv2-pad privacy\u00a0\u00bb][vc_column][vc_column_text css=\u00a0\u00bb\u00a0\u00bb]Le directeur juridique de CyberArk supervise le programme mondial de conformit\u00e9 de...","og_url":"https:\/\/www.cyberark.com\/trust\/legal-compliance-and-code-of-conduct\/","og_site_name":"CyberArk","article_publisher":"https:\/\/www.facebook.com\/CyberArk\/","article_modified_time":"2026-01-12T09:29:48+00:00","og_image":[{"width":1024,"height":535,"url":"https:\/\/www.cyberark.com\/wp-content\/uploads\/2022\/09\/CYBR-gradient-bg-og-120x627-01-1024x535.png","type":"image\/png"}],"twitter_card":"summary_large_image","twitter_site":"@CyberArk","twitter_misc":{"Dur\u00e9e de lecture estim\u00e9e":"1 minute"},"schema":{"@context":"https:\/\/schema.org","@graph":[{"@type":"WebPage","@id":"https:\/\/www.cyberark.com\/trust\/legal-compliance-and-code-of-conduct\/","url":"https:\/\/www.cyberark.com\/trust\/legal-compliance-and-code-of-conduct\/","name":"Conformit\u00e9 juridique et code de conduite | CyberArk","isPartOf":{"@id":"https:\/\/www.cyberark.com\/#website"},"datePublished":"2026-01-12T09:29:46+00:00","dateModified":"2026-01-12T09:29:48+00:00","breadcrumb":{"@id":"https:\/\/www.cyberark.com\/trust\/legal-compliance-and-code-of-conduct\/#breadcrumb"},"inLanguage":"fr-FR","potentialAction":[{"@type":"ReadAction","target":["https:\/\/www.cyberark.com\/trust\/legal-compliance-and-code-of-conduct\/"]}]},{"@type":"BreadcrumbList","@id":"https:\/\/www.cyberark.com\/trust\/legal-compliance-and-code-of-conduct\/#breadcrumb","itemListElement":[{"@type":"ListItem","position":1,"name":"Home","item":"https:\/\/www.cyberark.com\/"},{"@type":"ListItem","position":2,"name":"Centre de confiance","item":"https:\/\/www.cyberark.com\/trust\/"},{"@type":"ListItem","position":3,"name":"Conformit\u00e9 juridique et code de conduite"}]},{"@type":"WebSite","@id":"https:\/\/www.cyberark.com\/#website","url":"https:\/\/www.cyberark.com\/","name":"CyberArk","description":"","publisher":{"@id":"https:\/\/www.cyberark.com\/#organization"},"potentialAction":[{"@type":"SearchAction","target":{"@type":"EntryPoint","urlTemplate":"https:\/\/www.cyberark.com\/?s={search_term_string}"},"query-input":{"@type":"PropertyValueSpecification","valueRequired":true,"valueName":"search_term_string"}}],"inLanguage":"fr-FR"},{"@type":"Organization","@id":"https:\/\/www.cyberark.com\/#organization","name":"CyberArk Software","url":"https:\/\/www.cyberark.com\/","logo":{"@type":"ImageObject","inLanguage":"fr-FR","@id":"https:\/\/www.cyberark.com\/#\/schema\/logo\/image\/","url":"https:\/\/www.cyberark.com\/wp-content\/uploads\/2021\/02\/cyberark-logo-dark.svg","contentUrl":"https:\/\/www.cyberark.com\/wp-content\/uploads\/2021\/02\/cyberark-logo-dark.svg","width":"1024","height":"1024","caption":"CyberArk Software"},"image":{"@id":"https:\/\/www.cyberark.com\/#\/schema\/logo\/image\/"},"sameAs":["https:\/\/www.facebook.com\/CyberArk\/","https:\/\/x.com\/CyberArk","https:\/\/www.linkedin.com\/company\/cyber-ark-software\/"]}]}},"_links":{"self":[{"href":"https:\/\/www.cyberark.com\/fr\/wp-json\/wp\/v2\/pages\/221955","targetHints":{"allow":["GET"]}}],"collection":[{"href":"https:\/\/www.cyberark.com\/fr\/wp-json\/wp\/v2\/pages"}],"about":[{"href":"https:\/\/www.cyberark.com\/fr\/wp-json\/wp\/v2\/types\/page"}],"author":[{"embeddable":true,"href":"https:\/\/www.cyberark.com\/fr\/wp-json\/wp\/v2\/users\/164"}],"replies":[{"embeddable":true,"href":"https:\/\/www.cyberark.com\/fr\/wp-json\/wp\/v2\/comments?post=221955"}],"version-history":[{"count":0,"href":"https:\/\/www.cyberark.com\/fr\/wp-json\/wp\/v2\/pages\/221955\/revisions"}],"up":[{"embeddable":true,"href":"https:\/\/www.cyberark.com\/fr\/wp-json\/wp\/v2\/pages\/131027"}],"wp:attachment":[{"href":"https:\/\/www.cyberark.com\/fr\/wp-json\/wp\/v2\/media?parent=221955"}],"wp:term":[{"taxonomy":"product_category","embeddable":true,"href":"https:\/\/www.cyberark.com\/fr\/wp-json\/wp\/v2\/product_category?post=221955"}],"curies":[{"name":"wp","href":"https:\/\/api.w.org\/{rel}","templated":true}]}}