{"id":51596,"date":"2019-04-16T12:56:17","date_gmt":"2019-04-16T16:56:17","guid":{"rendered":"https:\/\/www.cyberark.com\/solution-pour-le-secteur-bancaire\/"},"modified":"2020-07-16T14:54:31","modified_gmt":"2020-07-16T18:54:31","slug":"banking-solution","status":"publish","type":"page","link":"https:\/\/www.cyberark.com\/fr\/solutions\/banking-solution\/","title":{"rendered":"Solution pour le secteur bancaire"},"content":{"rendered":"<div class=\"wpb-content-wrapper\"><p>[vc_row full_width=\u00a0\u00bbstretch_row\u00a0\u00bb content_placement=\u00a0\u00bbtop\u00a0\u00bb css=\u00a0\u00bb.vc_custom_1538416720799{background-image: url(https:\/\/www.cyberark.com\/wp-content\/uploads\/2018\/10\/banking-hero.jpg?id=28953) !important;background-position: center !important;background-repeat: no-repeat !important;background-size: cover !important;}\u00a0\u00bb el_class=\u00a0\u00bbcyb-hero-section\u00a0\u00bb][vc_column][vc_row_inner content_placement=\u00a0\u00bbmiddle\u00a0\u00bb el_class=\u00a0\u00bbcyb-hero-header\u00a0\u00bb][vc_column_inner el_class=\u00a0\u00bbcyb-hero-header-text\u00a0\u00bb][vc_custom_heading text=\u00a0\u00bbSOLUTION BANCAIRE CYBERARK\u00a0\u00bb font_container=\u00a0\u00bbtag:h1|text_align:left\u00a0\u00bb use_theme_fonts=\u00a0\u00bbyes\u00a0\u00bb][vc_custom_heading text=\u00a0\u00bbProt\u00e9gez et renforcez l\u2019engagement client\u00a0\u00bb font_container=\u00a0\u00bbtag:h3|text_align:left\u00a0\u00bb use_theme_fonts=\u00a0\u00bbyes\u00a0\u00bb][vc_btn title=\u00a0\u00bbT\u00c9L\u00c9CH. LE DOSSIER SOLUTION\u00a0\u00bb style=\u00a0\u00bbcustom\u00a0\u00bb custom_background=\u00a0\u00bb\u00a0\u00bb custom_text=\u00a0\u00bb#ffffff\u00a0\u00bb shape=\u00a0\u00bbsquare\u00a0\u00bb link=\u00a0\u00bburl:https%3A%2F%2Fwww.cyberark.com%2Ffr%2Fresource%2Fcyberark-banking-solution-brief-2018%2F|\u00a0\u00bb el_class=\u00a0\u00bbcyb-button xlarge event-click\u00a0\u00bb el_id=\u00a0\u00bbBanking Page: Download Solution Brief\u00a0\u00bb][\/vc_column_inner][\/vc_row_inner][\/vc_column][\/vc_row][vc_row css=\u00a0\u00bb.vc_custom_1538417233419{padding-bottom: 1.875rem !important;}\u00a0\u00bb][vc_column css=\u00a0\u00bb.vc_custom_1538417056108{padding-top: 2.5rem !important;}\u00a0\u00bb][vc_column_text]<\/p>\n<h3>LA TRANSFORMATION DIGITALE COMPLIQUE LA PROTECTION DES ACC\u00c8S \u00c0 PRIVIL\u00c8GES POUR LES RAISONS SUIVANTES\u00a0:<\/h3>\n<ul>\n<li>La fracture num\u00e9rique oblige les \u00e9tablissements \u00e0 trouver un \u00e9quilibre entre innovation et mesures de s\u00e9curit\u00e9 efficaces qui prot\u00e8gent leur r\u00e9putation.<\/li>\n<li>Les attaques contre ce secteur o\u00f9 des informations sensibles sur les clients sont collect\u00e9es continuent d\u2019augmenter.<\/li>\n<li>Le nombre d\u2019applications et d\u2019employ\u00e9s, internes et contractuels, ne cesse d\u2019augmenter.<\/li>\n<\/ul>\n<h3>CYBERARK A GAGN\u00c9 LA CONFIANCE DES GRANDES BANQUES ET SOCI\u00c9T\u00c9S DE SERVICES FINANCIERS POUR LES RAISONS SUIVANTES\u00a0:<\/h3>\n<ul>\n<li>Les solutions CyberArk sont toujours reconnues par les meilleurs analystes comme \u00e9tant la solution num\u00e9ro 1 en mati\u00e8re de gestion des acc\u00e8s \u00e0 privil\u00e8ges dans le monde<\/li>\n<li>Les solutions CyberArk aident les entreprises \u00e0 respecter des r\u00e9glementations cl\u00e9s telles que Sarbanes Oxley, PCI-DSS, MAS\u00a0TRM et le RGPD.<\/li>\n<li>CyberArk a continu\u00e9 d\u2019investir dans sa plate-forme afin de prot\u00e9ger les acc\u00e8s \u00e0 privil\u00e8ges dans les environnements Cloud hybrides et au sein des outils DevOps courants.<\/li>\n<\/ul>\n<p>[\/vc_column_text][\/vc_column][\/vc_row][vc_row full_width=\u00a0\u00bbstretch_row\u00a0\u00bb equal_height=\u00a0\u00bbyes\u00a0\u00bb content_placement=\u00a0\u00bbmiddle\u00a0\u00bb parallax=\u00a0\u00bbcontent-moving\u00a0\u00bb parallax_speed_bg=\u00a0\u00bb1.6&Prime; css=\u00a0\u00bb.vc_custom_1565617146694{background-image: url(https:\/\/www.cyberark.com\/wp-content\/uploads\/2018\/10\/banking.jpg?id=28954) !important;background-position: center;background-repeat: no-repeat !important;background-size: cover !important;}\u00a0\u00bb el_class=\u00a0\u00bbcyb-min-hgt-620&Prime;][vc_column width=\u00a0\u00bb1\/2&Prime; css=\u00a0\u00bb.vc_custom_1565617162173{padding-top: 5rem !important;padding-right: 10% !important;padding-bottom: 2.5rem !important;padding-left: 10% !important;background-color: #1d4b73 !important;background-position: center !important;background-repeat: no-repeat !important;background-size: cover !important;}\u00a0\u00bb el_class=\u00a0\u00bbcyb-opac-blue\u00a0\u00bb offset=\u00a0\u00bbvc_col-sm-offset-6&Prime;][vc_custom_heading text=\u00a0\u00bbCette solution est cruciale pour notre strat\u00e9gie de s\u00e9curit\u00e9 globale, car la plupart des attaques impliquent l\u2019usurpation d\u2019informations d\u2019identification. CyberArk ajoute des couches de s\u00e9curit\u00e9 qui compliquent la t\u00e2che des attaquants.\u00a0\u00bb font_container=\u00a0\u00bbtag:h2|font_size:2.125rem|text_align:left|color:%23ffffff|line_height:2.5625rem\u00a0\u00bb use_theme_fonts=\u00a0\u00bbyes\u00a0\u00bb el_class=\u00a0\u00bbcyb-ltr-spc-6 blockquote\u00a0\u00bb css=\u00a0\u00bb.vc_custom_1541786642317{padding-bottom: 0.9375rem !important;}\u00a0\u00bb][vc_column_text el_class=\u00a0\u00bbcyb-white\u00a0\u00bb css=\u00a0\u00bb.vc_custom_1541786650628{padding-bottom: 2.1875rem !important;}\u00a0\u00bb]<strong>Analyste informatique<\/strong> \u2013 Important \u00e9tablissement bancaire[\/vc_column_text][\/vc_column][\/vc_row][vc_row css=\u00a0\u00bb.vc_custom_1534869861269{padding-top: 2rem !important;}\u00a0\u00bb][vc_column css=\u00a0\u00bb.vc_custom_1534353344275{padding-bottom: 1.25rem !important;}\u00a0\u00bb][vc_custom_heading text=\u00a0\u00bbDEMANDER UNE D\u00c9MO EN DIRECT\u00a0\u00bb font_container=\u00a0\u00bbtag:h2|text_align:center|color:%23414042&Prime; use_theme_fonts=\u00a0\u00bbyes\u00a0\u00bb el_class=\u00a0\u00bbcyb-ltr-spc-6&Prime;][\/vc_column][\/vc_row][vc_row css=\u00a0\u00bb.vc_custom_1534881520756{padding-bottom: 2.5rem !important;}\u00a0\u00bb][vc_column][vc_raw_html]W3JlcXVlc3RfZGVtb10=[\/vc_raw_html][\/vc_column][\/vc_row]<\/p>\n<\/div>","protected":false},"excerpt":{"rendered":"<p>[vc_row full_width=\u00a0\u00bbstretch_row\u00a0\u00bb content_placement=\u00a0\u00bbtop\u00a0\u00bb css=\u00a0\u00bb.vc_custom_1538416720799{background-image: url(https:\/\/www.cyberark.com\/wp-content\/uploads\/2018\/10\/banking-hero.jpg?id=28953) !important;background-position: center !important;background-repeat: no-repeat !important;background-size: cover !important;}\u00a0\u00bb el_class=\u00a0\u00bbcyb-hero-section\u00a0\u00bb][vc_column][vc_row_inner content_placement=\u00a0\u00bbmiddle\u00a0\u00bb el_class=\u00a0\u00bbcyb-hero-header\u00a0\u00bb][vc_column_inner el_class=\u00a0\u00bbcyb-hero-header-text\u00a0\u00bb][vc_custom_heading text=\u00a0\u00bbSOLUTION BANCAIRE CYBERARK\u00a0\u00bb font_container=\u00a0\u00bbtag:h1|text_align:left\u00a0\u00bb use_theme_fonts=\u00a0\u00bbyes\u00a0\u00bb][vc_custom_heading text=\u00a0\u00bbProt\u00e9gez et renforcez l\u2019engagement client\u00a0\u00bb font_container=\u00a0\u00bbtag:h3|text_align:left\u00a0\u00bb use_theme_fonts=\u00a0\u00bbyes\u00a0\u00bb][vc_btn title=\u00a0\u00bbT\u00c9L\u00c9CH. LE DOSSIER SOLUTION\u00a0\u00bb style=\u00a0\u00bbcustom\u00a0\u00bb custom_background=\u00a0\u00bb\u00a0\u00bb custom_text=\u00a0\u00bb#ffffff\u00a0\u00bb&#8230;<\/p>\n","protected":false},"author":125,"featured_media":0,"parent":51588,"menu_order":0,"comment_status":"closed","ping_status":"closed","template":"","meta":{"_acf_changed":false,"inline_featured_image":false,"footnotes":""},"product_category":[],"class_list":["post-51596","page","type-page","status-publish","hentry"],"acf":[],"yoast_head":"<!-- This site is optimized with the Yoast SEO Premium plugin v27.2 (Yoast SEO v27.2) - https:\/\/yoast.com\/product\/yoast-seo-premium-wordpress\/ -->\n<title>S\u00e9curit\u00e9 bancaire et financi\u00e8re avec les Solutions PAM CyberArk<\/title>\n<meta name=\"robots\" content=\"index, follow, max-snippet:-1, max-image-preview:large, max-video-preview:-1\" \/>\n<link rel=\"canonical\" href=\"https:\/\/www.cyberark.com\/solutions\/banking-solution\/\" \/>\n<meta property=\"og:locale\" content=\"fr_FR\" \/>\n<meta property=\"og:type\" content=\"article\" \/>\n<meta property=\"og:title\" content=\"Solution pour le secteur bancaire\" \/>\n<meta property=\"og:description\" content=\"[vc_row full_width=\u00a0\u00bbstretch_row\u00a0\u00bb content_placement=\u00a0\u00bbtop\u00a0\u00bb css=\u00a0\u00bb.vc_custom_1538416720799{background-image: url(https:\/\/www.cyberark.com\/wp-content\/uploads\/2018\/10\/banking-hero.jpg?id=28953) !important;background-position: center !important;background-repeat: no-repeat !important;background-size: cover !important;}\u00a0\u00bb el_class=\u00a0\u00bbcyb-hero-section\u00a0\u00bb][vc_column][vc_row_inner content_placement=\u00a0\u00bbmiddle\u00a0\u00bb el_class=\u00a0\u00bbcyb-hero-header\u00a0\u00bb][vc_column_inner el_class=\u00a0\u00bbcyb-hero-header-text\u00a0\u00bb][vc_custom_heading text=\u00a0\u00bbSOLUTION BANCAIRE CYBERARK\u00a0\u00bb font_container=\u00a0\u00bbtag:h1|text_align:left\u00a0\u00bb use_theme_fonts=\u00a0\u00bbyes\u00a0\u00bb][vc_custom_heading text=\u00a0\u00bbProt\u00e9gez et renforcez l\u2019engagement client\u00a0\u00bb font_container=\u00a0\u00bbtag:h3|text_align:left\u00a0\u00bb use_theme_fonts=\u00a0\u00bbyes\u00a0\u00bb][vc_btn title=\u00a0\u00bbT\u00c9L\u00c9CH. LE DOSSIER SOLUTION\u00a0\u00bb style=\u00a0\u00bbcustom\u00a0\u00bb custom_background=\u00a0\u00bb\u00a0\u00bb custom_text=\u00a0\u00bb#ffffff\u00a0\u00bb...\" \/>\n<meta property=\"og:url\" content=\"https:\/\/www.cyberark.com\/solutions\/banking-solution\/\" \/>\n<meta property=\"og:site_name\" content=\"CyberArk\" \/>\n<meta property=\"article:publisher\" content=\"https:\/\/www.facebook.com\/CyberArk\/\" \/>\n<meta property=\"article:modified_time\" content=\"2020-07-16T18:54:31+00:00\" \/>\n<meta property=\"og:image\" content=\"https:\/\/www.cyberark.com\/wp-content\/uploads\/2022\/09\/CYBR-gradient-bg-og-120x627-01-1024x535.png\" \/>\n\t<meta property=\"og:image:width\" content=\"1024\" \/>\n\t<meta property=\"og:image:height\" content=\"535\" \/>\n\t<meta property=\"og:image:type\" content=\"image\/png\" \/>\n<meta name=\"twitter:card\" content=\"summary_large_image\" \/>\n<meta name=\"twitter:site\" content=\"@CyberArk\" \/>\n<meta name=\"twitter:label1\" content=\"Dur\u00e9e de lecture estim\u00e9e\" \/>\n\t<meta name=\"twitter:data1\" content=\"3 minutes\" \/>\n<script type=\"application\/ld+json\" class=\"yoast-schema-graph\">{\"@context\":\"https:\/\/schema.org\",\"@graph\":[{\"@type\":\"WebPage\",\"@id\":\"https:\/\/www.cyberark.com\/solutions\/banking-solution\/\",\"url\":\"https:\/\/www.cyberark.com\/solutions\/banking-solution\/\",\"name\":\"S\u00e9curit\u00e9 bancaire et financi\u00e8re avec les Solutions PAM CyberArk\",\"isPartOf\":{\"@id\":\"https:\/\/www.cyberark.com\/#website\"},\"datePublished\":\"2019-04-16T16:56:17+00:00\",\"dateModified\":\"2020-07-16T18:54:31+00:00\",\"breadcrumb\":{\"@id\":\"https:\/\/www.cyberark.com\/solutions\/banking-solution\/#breadcrumb\"},\"inLanguage\":\"fr-FR\",\"potentialAction\":[{\"@type\":\"ReadAction\",\"target\":[\"https:\/\/www.cyberark.com\/solutions\/banking-solution\/\"]}]},{\"@type\":\"BreadcrumbList\",\"@id\":\"https:\/\/www.cyberark.com\/solutions\/banking-solution\/#breadcrumb\",\"itemListElement\":[{\"@type\":\"ListItem\",\"position\":1,\"name\":\"Home\",\"item\":\"https:\/\/www.cyberark.com\/\"},{\"@type\":\"ListItem\",\"position\":2,\"name\":\"Solutions de s\u00e9curit\u00e9 des identit\u00e9s\",\"item\":\"https:\/\/www.cyberark.com\/solutions\/\"},{\"@type\":\"ListItem\",\"position\":3,\"name\":\"Solution pour le secteur bancaire\"}]},{\"@type\":\"WebSite\",\"@id\":\"https:\/\/www.cyberark.com\/#website\",\"url\":\"https:\/\/www.cyberark.com\/\",\"name\":\"CyberArk\",\"description\":\"\",\"publisher\":{\"@id\":\"https:\/\/www.cyberark.com\/#organization\"},\"potentialAction\":[{\"@type\":\"SearchAction\",\"target\":{\"@type\":\"EntryPoint\",\"urlTemplate\":\"https:\/\/www.cyberark.com\/?s={search_term_string}\"},\"query-input\":{\"@type\":\"PropertyValueSpecification\",\"valueRequired\":true,\"valueName\":\"search_term_string\"}}],\"inLanguage\":\"fr-FR\"},{\"@type\":\"Organization\",\"@id\":\"https:\/\/www.cyberark.com\/#organization\",\"name\":\"CyberArk Software\",\"url\":\"https:\/\/www.cyberark.com\/\",\"logo\":{\"@type\":\"ImageObject\",\"inLanguage\":\"fr-FR\",\"@id\":\"https:\/\/www.cyberark.com\/#\/schema\/logo\/image\/\",\"url\":\"https:\/\/www.cyberark.com\/wp-content\/uploads\/2021\/02\/cyberark-logo-dark.svg\",\"contentUrl\":\"https:\/\/www.cyberark.com\/wp-content\/uploads\/2021\/02\/cyberark-logo-dark.svg\",\"width\":\"1024\",\"height\":\"1024\",\"caption\":\"CyberArk Software\"},\"image\":{\"@id\":\"https:\/\/www.cyberark.com\/#\/schema\/logo\/image\/\"},\"sameAs\":[\"https:\/\/www.facebook.com\/CyberArk\/\",\"https:\/\/x.com\/CyberArk\",\"https:\/\/www.linkedin.com\/company\/cyber-ark-software\/\"]}]}<\/script>\n<!-- \/ Yoast SEO Premium plugin. -->","yoast_head_json":{"title":"S\u00e9curit\u00e9 bancaire et financi\u00e8re avec les Solutions PAM CyberArk","robots":{"index":"index","follow":"follow","max-snippet":"max-snippet:-1","max-image-preview":"max-image-preview:large","max-video-preview":"max-video-preview:-1"},"canonical":"https:\/\/www.cyberark.com\/solutions\/banking-solution\/","og_locale":"fr_FR","og_type":"article","og_title":"Solution pour le secteur bancaire","og_description":"[vc_row full_width=\u00a0\u00bbstretch_row\u00a0\u00bb content_placement=\u00a0\u00bbtop\u00a0\u00bb css=\u00a0\u00bb.vc_custom_1538416720799{background-image: url(https:\/\/www.cyberark.com\/wp-content\/uploads\/2018\/10\/banking-hero.jpg?id=28953) !important;background-position: center !important;background-repeat: no-repeat !important;background-size: cover !important;}\u00a0\u00bb el_class=\u00a0\u00bbcyb-hero-section\u00a0\u00bb][vc_column][vc_row_inner content_placement=\u00a0\u00bbmiddle\u00a0\u00bb el_class=\u00a0\u00bbcyb-hero-header\u00a0\u00bb][vc_column_inner el_class=\u00a0\u00bbcyb-hero-header-text\u00a0\u00bb][vc_custom_heading text=\u00a0\u00bbSOLUTION BANCAIRE CYBERARK\u00a0\u00bb font_container=\u00a0\u00bbtag:h1|text_align:left\u00a0\u00bb use_theme_fonts=\u00a0\u00bbyes\u00a0\u00bb][vc_custom_heading text=\u00a0\u00bbProt\u00e9gez et renforcez l\u2019engagement client\u00a0\u00bb font_container=\u00a0\u00bbtag:h3|text_align:left\u00a0\u00bb use_theme_fonts=\u00a0\u00bbyes\u00a0\u00bb][vc_btn title=\u00a0\u00bbT\u00c9L\u00c9CH. LE DOSSIER SOLUTION\u00a0\u00bb style=\u00a0\u00bbcustom\u00a0\u00bb custom_background=\u00a0\u00bb\u00a0\u00bb custom_text=\u00a0\u00bb#ffffff\u00a0\u00bb...","og_url":"https:\/\/www.cyberark.com\/solutions\/banking-solution\/","og_site_name":"CyberArk","article_publisher":"https:\/\/www.facebook.com\/CyberArk\/","article_modified_time":"2020-07-16T18:54:31+00:00","og_image":[{"width":1024,"height":535,"url":"https:\/\/www.cyberark.com\/wp-content\/uploads\/2022\/09\/CYBR-gradient-bg-og-120x627-01-1024x535.png","type":"image\/png"}],"twitter_card":"summary_large_image","twitter_site":"@CyberArk","twitter_misc":{"Dur\u00e9e de lecture estim\u00e9e":"3 minutes"},"schema":{"@context":"https:\/\/schema.org","@graph":[{"@type":"WebPage","@id":"https:\/\/www.cyberark.com\/solutions\/banking-solution\/","url":"https:\/\/www.cyberark.com\/solutions\/banking-solution\/","name":"S\u00e9curit\u00e9 bancaire et financi\u00e8re avec les Solutions PAM CyberArk","isPartOf":{"@id":"https:\/\/www.cyberark.com\/#website"},"datePublished":"2019-04-16T16:56:17+00:00","dateModified":"2020-07-16T18:54:31+00:00","breadcrumb":{"@id":"https:\/\/www.cyberark.com\/solutions\/banking-solution\/#breadcrumb"},"inLanguage":"fr-FR","potentialAction":[{"@type":"ReadAction","target":["https:\/\/www.cyberark.com\/solutions\/banking-solution\/"]}]},{"@type":"BreadcrumbList","@id":"https:\/\/www.cyberark.com\/solutions\/banking-solution\/#breadcrumb","itemListElement":[{"@type":"ListItem","position":1,"name":"Home","item":"https:\/\/www.cyberark.com\/"},{"@type":"ListItem","position":2,"name":"Solutions de s\u00e9curit\u00e9 des identit\u00e9s","item":"https:\/\/www.cyberark.com\/solutions\/"},{"@type":"ListItem","position":3,"name":"Solution pour le secteur bancaire"}]},{"@type":"WebSite","@id":"https:\/\/www.cyberark.com\/#website","url":"https:\/\/www.cyberark.com\/","name":"CyberArk","description":"","publisher":{"@id":"https:\/\/www.cyberark.com\/#organization"},"potentialAction":[{"@type":"SearchAction","target":{"@type":"EntryPoint","urlTemplate":"https:\/\/www.cyberark.com\/?s={search_term_string}"},"query-input":{"@type":"PropertyValueSpecification","valueRequired":true,"valueName":"search_term_string"}}],"inLanguage":"fr-FR"},{"@type":"Organization","@id":"https:\/\/www.cyberark.com\/#organization","name":"CyberArk Software","url":"https:\/\/www.cyberark.com\/","logo":{"@type":"ImageObject","inLanguage":"fr-FR","@id":"https:\/\/www.cyberark.com\/#\/schema\/logo\/image\/","url":"https:\/\/www.cyberark.com\/wp-content\/uploads\/2021\/02\/cyberark-logo-dark.svg","contentUrl":"https:\/\/www.cyberark.com\/wp-content\/uploads\/2021\/02\/cyberark-logo-dark.svg","width":"1024","height":"1024","caption":"CyberArk Software"},"image":{"@id":"https:\/\/www.cyberark.com\/#\/schema\/logo\/image\/"},"sameAs":["https:\/\/www.facebook.com\/CyberArk\/","https:\/\/x.com\/CyberArk","https:\/\/www.linkedin.com\/company\/cyber-ark-software\/"]}]}},"_links":{"self":[{"href":"https:\/\/www.cyberark.com\/fr\/wp-json\/wp\/v2\/pages\/51596","targetHints":{"allow":["GET"]}}],"collection":[{"href":"https:\/\/www.cyberark.com\/fr\/wp-json\/wp\/v2\/pages"}],"about":[{"href":"https:\/\/www.cyberark.com\/fr\/wp-json\/wp\/v2\/types\/page"}],"author":[{"embeddable":true,"href":"https:\/\/www.cyberark.com\/fr\/wp-json\/wp\/v2\/users\/125"}],"replies":[{"embeddable":true,"href":"https:\/\/www.cyberark.com\/fr\/wp-json\/wp\/v2\/comments?post=51596"}],"version-history":[{"count":0,"href":"https:\/\/www.cyberark.com\/fr\/wp-json\/wp\/v2\/pages\/51596\/revisions"}],"up":[{"embeddable":true,"href":"https:\/\/www.cyberark.com\/fr\/wp-json\/wp\/v2\/pages\/51588"}],"wp:attachment":[{"href":"https:\/\/www.cyberark.com\/fr\/wp-json\/wp\/v2\/media?parent=51596"}],"wp:term":[{"taxonomy":"product_category","embeddable":true,"href":"https:\/\/www.cyberark.com\/fr\/wp-json\/wp\/v2\/product_category?post=51596"}],"curies":[{"name":"wp","href":"https:\/\/api.w.org\/{rel}","templated":true}]}}