{"id":61673,"date":"2017-06-29T11:07:38","date_gmt":"2017-06-29T15:07:38","guid":{"rendered":"https:\/\/www.cyberark.com\/all-awards\/"},"modified":"2024-09-05T04:00:20","modified_gmt":"2024-09-05T08:00:20","slug":"awards","status":"publish","type":"page","link":"https:\/\/www.cyberark.com\/fr\/company\/newsroom\/awards\/","title":{"rendered":"Distinctions"},"content":{"rendered":"<div class=\"wpb-content-wrapper\"><p>[vc_row full_width=\u00a0\u00bbstretch_row\u00a0\u00bb el_class=\u00a0\u00bbcybv2 int-hero-noimg dark\u00a0\u00bb][vc_column width=\u00a0\u00bb3\/4&Prime; el_class=\u00a0\u00bbcolumn-1&Prime;][vc_column_text el_class=\u00a0\u00bbcyb-breadcrumb\u00a0\u00bb]<i class=\"fa fa-long-arrow-left\"><\/i><a href=\"https:\/\/www.cyberark.com\/fr\/company\/newsroom\/\">Salle de presse<\/a>[\/vc_column_text][vc_column_text css=\u00a0\u00bb\u00a0\u00bb]<\/p>\n<h1>Distinctions<\/h1>\n<h2>Reconnaissance de nos produits et de notre entreprise.<\/h2>\n<p>[\/vc_column_text][\/vc_column][\/vc_row][vc_row][vc_column][vc_raw_html]W2N5YnYyX2F3YXJkcyBzaG93X2xvYWRfbW9yZT0idHJ1ZSIgcG9zdHNfcGVyX3BhZ2U9IjE2Il0=[\/vc_raw_html][\/vc_column][\/vc_row][vc_row el_class=\u00a0\u00bbcybv2&Prime;][vc_column][vc_column_text el_class=\u00a0\u00bbcyb-top\u00a0\u00bb]<\/p>\n<p style=\"text-align: right;\"><i class=\"fa fa-long-arrow-up\"><\/i><a class=\"top\" href=\"#\">Revenir en haut<\/a><\/p>\n<p>[\/vc_column_text][\/vc_column][\/vc_row][vc_row][vc_column][vc_raw_js]JTNDc2NyaXB0JTNFJTBBalF1ZXJ5JTI4ZnVuY3Rpb24lMjglMjklMjAlN0IlMEElMjAlMjAlMjAlMjBqUXVlcnklMjglMjIudG9wJTIyJTI5Lm9uJTI4JTI3Y2xpY2slMjclMkMlMjBmdW5jdGlvbiUyOCUyOSUyMCU3QiUwQSUyMCUyMCUyMCUyMCUyMCUyMCUyMCUyMGpRdWVyeSUyOCUyMkhUTUwlMkMlMjBCT0RZJTIyJTI5LmFuaW1hdGUlMjglN0IlMEElMjAlMjAlMjAlMjAlMjAlMjAlMjAlMjAlMjAlMjAlMjAlMjBzY3JvbGxUb3AlM0ElMjAwJTBBJTIwJTIwJTIwJTIwJTIwJTIwJTIwJTIwJTdEJTJDJTIwMTAwMCUyOSUzQiUwQSUyMCUyMCUyMCUyMCU3RCUyOSUzQiUwQSU3RCUyOSUzQiUwQSUzQyUyRnNjcmlwdCUzRQ==[\/vc_raw_js][\/vc_column][\/vc_row]<\/p>\n<\/div>","protected":false},"excerpt":{"rendered":"<p>[vc_row full_width=\u00a0\u00bbstretch_row\u00a0\u00bb el_class=\u00a0\u00bbcybv2 int-hero-noimg dark\u00a0\u00bb][vc_column width=\u00a0\u00bb3\/4&Prime; el_class=\u00a0\u00bbcolumn-1&Prime;][vc_column_text el_class=\u00a0\u00bbcyb-breadcrumb\u00a0\u00bb]Salle de presse[\/vc_column_text][vc_column_text css=\u00a0\u00bb\u00a0\u00bb] Distinctions Reconnaissance de nos produits et de notre entreprise. [\/vc_column_text][\/vc_column][\/vc_row][vc_row][vc_column][vc_raw_html]W2N5YnYyX2F3YXJkcyBzaG93X2xvYWRfbW9yZT0idHJ1ZSIgcG9zdHNfcGVyX3BhZ2U9IjE2Il0=[\/vc_raw_html][\/vc_column][\/vc_row][vc_row el_class=\u00a0\u00bbcybv2&Prime;][vc_column][vc_column_text el_class=\u00a0\u00bbcyb-top\u00a0\u00bb] Revenir en haut [\/vc_column_text][\/vc_column][\/vc_row][vc_row][vc_column][vc_raw_js]JTNDc2NyaXB0JTNFJTBBalF1ZXJ5JTI4ZnVuY3Rpb24lMjglMjklMjAlN0IlMEElMjAlMjAlMjAlMjBqUXVlcnklMjglMjIudG9wJTIyJTI5Lm9uJTI4JTI3Y2xpY2slMjclMkMlMjBmdW5jdGlvbiUyOCUyOSUyMCU3QiUwQSUyMCUyMCUyMCUyMCUyMCUyMCUyMCUyMGpRdWVyeSUyOCUyMkhUTUwlMkMlMjBCT0RZJTIyJTI5LmFuaW1hdGUlMjglN0IlMEElMjAlMjAlMjAlMjAlMjAlMjAlMjAlMjAlMjAlMjAlMjAlMjBzY3JvbGxUb3AlM0ElMjAwJTBBJTIwJTIwJTIwJTIwJTIwJTIwJTIwJTIwJTdEJTJDJTIwMTAwMCUyOSUzQiUwQSUyMCUyMCUyMCUyMCU3RCUyOSUzQiUwQSU3RCUyOSUzQiUwQSUzQyUyRnNjcmlwdCUzRQ==[\/vc_raw_js][\/vc_column][\/vc_row]&#8230;<\/p>\n","protected":false},"author":17,"featured_media":0,"parent":61703,"menu_order":0,"comment_status":"closed","ping_status":"closed","template":"","meta":{"_acf_changed":false,"inline_featured_image":false,"footnotes":""},"product_category":[],"class_list":["post-61673","page","type-page","status-publish","hentry"],"acf":[],"yoast_head":"<!-- This site is optimized with the Yoast SEO Premium plugin v27.2 (Yoast SEO v27.2) - https:\/\/yoast.com\/product\/yoast-seo-premium-wordpress\/ -->\n<title>Distinctions et reconnaissance du march\u00e9 | CyberArk<\/title>\n<meta name=\"description\" content=\"D\u00e9couvrez pourquoi CyberArk est consid\u00e9r\u00e9e comme le leader mondial de la s\u00e9curit\u00e9 des identit\u00e9s. Consultez nos distinctions sectorielles, nos r\u00e9compenses et les avis concernant nos produits et notre entreprise.\" \/>\n<meta name=\"robots\" content=\"index, follow, max-snippet:-1, max-image-preview:large, max-video-preview:-1\" \/>\n<link rel=\"canonical\" href=\"https:\/\/www.cyberark.com\/company\/newsroom\/awards\/\" \/>\n<meta property=\"og:locale\" content=\"fr_FR\" \/>\n<meta property=\"og:type\" content=\"article\" \/>\n<meta property=\"og:title\" content=\"Distinctions\" \/>\n<meta property=\"og:description\" content=\"D\u00e9couvrez pourquoi CyberArk est consid\u00e9r\u00e9e comme le leader mondial de la s\u00e9curit\u00e9 des identit\u00e9s. Consultez nos distinctions sectorielles, nos r\u00e9compenses et les avis concernant nos produits et notre entreprise.\" \/>\n<meta property=\"og:url\" content=\"https:\/\/www.cyberark.com\/company\/newsroom\/awards\/\" \/>\n<meta property=\"og:site_name\" content=\"CyberArk\" \/>\n<meta property=\"article:publisher\" content=\"https:\/\/www.facebook.com\/CyberArk\/\" \/>\n<meta property=\"article:modified_time\" content=\"2024-09-05T08:00:20+00:00\" \/>\n<meta property=\"og:image\" content=\"https:\/\/www.cyberark.com\/wp-content\/uploads\/2022\/09\/CYBR-gradient-bg-og-120x627-01-1024x535.png\" \/>\n\t<meta property=\"og:image:width\" content=\"1024\" \/>\n\t<meta property=\"og:image:height\" content=\"535\" \/>\n\t<meta property=\"og:image:type\" content=\"image\/png\" \/>\n<meta name=\"twitter:card\" content=\"summary_large_image\" \/>\n<meta name=\"twitter:site\" content=\"@CyberArk\" \/>\n<meta name=\"twitter:label1\" content=\"Dur\u00e9e de lecture estim\u00e9e\" \/>\n\t<meta name=\"twitter:data1\" content=\"1 minute\" \/>\n<script type=\"application\/ld+json\" class=\"yoast-schema-graph\">{\"@context\":\"https:\/\/schema.org\",\"@graph\":[{\"@type\":\"WebPage\",\"@id\":\"https:\/\/www.cyberark.com\/company\/newsroom\/awards\/\",\"url\":\"https:\/\/www.cyberark.com\/company\/newsroom\/awards\/\",\"name\":\"Distinctions et reconnaissance du march\u00e9 | CyberArk\",\"isPartOf\":{\"@id\":\"https:\/\/www.cyberark.com\/#website\"},\"datePublished\":\"2017-06-29T15:07:38+00:00\",\"dateModified\":\"2024-09-05T08:00:20+00:00\",\"description\":\"D\u00e9couvrez pourquoi CyberArk est consid\u00e9r\u00e9e comme le leader mondial de la s\u00e9curit\u00e9 des identit\u00e9s. Consultez nos distinctions sectorielles, nos r\u00e9compenses et les avis concernant nos produits et notre entreprise.\",\"breadcrumb\":{\"@id\":\"https:\/\/www.cyberark.com\/company\/newsroom\/awards\/#breadcrumb\"},\"inLanguage\":\"fr-FR\",\"potentialAction\":[{\"@type\":\"ReadAction\",\"target\":[\"https:\/\/www.cyberark.com\/company\/newsroom\/awards\/\"]}]},{\"@type\":\"BreadcrumbList\",\"@id\":\"https:\/\/www.cyberark.com\/company\/newsroom\/awards\/#breadcrumb\",\"itemListElement\":[{\"@type\":\"ListItem\",\"position\":1,\"name\":\"Home\",\"item\":\"https:\/\/www.cyberark.com\/\"},{\"@type\":\"ListItem\",\"position\":2,\"name\":\"Entreprise\",\"item\":\"https:\/\/www.cyberark.com\/company\/\"},{\"@type\":\"ListItem\",\"position\":3,\"name\":\"Salle de presse\",\"item\":\"https:\/\/www.cyberark.com\/company\/newsroom\/\"},{\"@type\":\"ListItem\",\"position\":4,\"name\":\"Distinctions\"}]},{\"@type\":\"WebSite\",\"@id\":\"https:\/\/www.cyberark.com\/#website\",\"url\":\"https:\/\/www.cyberark.com\/\",\"name\":\"CyberArk\",\"description\":\"\",\"publisher\":{\"@id\":\"https:\/\/www.cyberark.com\/#organization\"},\"potentialAction\":[{\"@type\":\"SearchAction\",\"target\":{\"@type\":\"EntryPoint\",\"urlTemplate\":\"https:\/\/www.cyberark.com\/?s={search_term_string}\"},\"query-input\":{\"@type\":\"PropertyValueSpecification\",\"valueRequired\":true,\"valueName\":\"search_term_string\"}}],\"inLanguage\":\"fr-FR\"},{\"@type\":\"Organization\",\"@id\":\"https:\/\/www.cyberark.com\/#organization\",\"name\":\"CyberArk Software\",\"url\":\"https:\/\/www.cyberark.com\/\",\"logo\":{\"@type\":\"ImageObject\",\"inLanguage\":\"fr-FR\",\"@id\":\"https:\/\/www.cyberark.com\/#\/schema\/logo\/image\/\",\"url\":\"https:\/\/www.cyberark.com\/wp-content\/uploads\/2021\/02\/cyberark-logo-dark.svg\",\"contentUrl\":\"https:\/\/www.cyberark.com\/wp-content\/uploads\/2021\/02\/cyberark-logo-dark.svg\",\"width\":\"1024\",\"height\":\"1024\",\"caption\":\"CyberArk Software\"},\"image\":{\"@id\":\"https:\/\/www.cyberark.com\/#\/schema\/logo\/image\/\"},\"sameAs\":[\"https:\/\/www.facebook.com\/CyberArk\/\",\"https:\/\/x.com\/CyberArk\",\"https:\/\/www.linkedin.com\/company\/cyber-ark-software\/\"]}]}<\/script>\n<!-- \/ Yoast SEO Premium plugin. -->","yoast_head_json":{"title":"Distinctions et reconnaissance du march\u00e9 | CyberArk","description":"D\u00e9couvrez pourquoi CyberArk est consid\u00e9r\u00e9e comme le leader mondial de la s\u00e9curit\u00e9 des identit\u00e9s. Consultez nos distinctions sectorielles, nos r\u00e9compenses et les avis concernant nos produits et notre entreprise.","robots":{"index":"index","follow":"follow","max-snippet":"max-snippet:-1","max-image-preview":"max-image-preview:large","max-video-preview":"max-video-preview:-1"},"canonical":"https:\/\/www.cyberark.com\/company\/newsroom\/awards\/","og_locale":"fr_FR","og_type":"article","og_title":"Distinctions","og_description":"D\u00e9couvrez pourquoi CyberArk est consid\u00e9r\u00e9e comme le leader mondial de la s\u00e9curit\u00e9 des identit\u00e9s. Consultez nos distinctions sectorielles, nos r\u00e9compenses et les avis concernant nos produits et notre entreprise.","og_url":"https:\/\/www.cyberark.com\/company\/newsroom\/awards\/","og_site_name":"CyberArk","article_publisher":"https:\/\/www.facebook.com\/CyberArk\/","article_modified_time":"2024-09-05T08:00:20+00:00","og_image":[{"width":1024,"height":535,"url":"https:\/\/www.cyberark.com\/wp-content\/uploads\/2022\/09\/CYBR-gradient-bg-og-120x627-01-1024x535.png","type":"image\/png"}],"twitter_card":"summary_large_image","twitter_site":"@CyberArk","twitter_misc":{"Dur\u00e9e de lecture estim\u00e9e":"1 minute"},"schema":{"@context":"https:\/\/schema.org","@graph":[{"@type":"WebPage","@id":"https:\/\/www.cyberark.com\/company\/newsroom\/awards\/","url":"https:\/\/www.cyberark.com\/company\/newsroom\/awards\/","name":"Distinctions et reconnaissance du march\u00e9 | CyberArk","isPartOf":{"@id":"https:\/\/www.cyberark.com\/#website"},"datePublished":"2017-06-29T15:07:38+00:00","dateModified":"2024-09-05T08:00:20+00:00","description":"D\u00e9couvrez pourquoi CyberArk est consid\u00e9r\u00e9e comme le leader mondial de la s\u00e9curit\u00e9 des identit\u00e9s. Consultez nos distinctions sectorielles, nos r\u00e9compenses et les avis concernant nos produits et notre entreprise.","breadcrumb":{"@id":"https:\/\/www.cyberark.com\/company\/newsroom\/awards\/#breadcrumb"},"inLanguage":"fr-FR","potentialAction":[{"@type":"ReadAction","target":["https:\/\/www.cyberark.com\/company\/newsroom\/awards\/"]}]},{"@type":"BreadcrumbList","@id":"https:\/\/www.cyberark.com\/company\/newsroom\/awards\/#breadcrumb","itemListElement":[{"@type":"ListItem","position":1,"name":"Home","item":"https:\/\/www.cyberark.com\/"},{"@type":"ListItem","position":2,"name":"Entreprise","item":"https:\/\/www.cyberark.com\/company\/"},{"@type":"ListItem","position":3,"name":"Salle de presse","item":"https:\/\/www.cyberark.com\/company\/newsroom\/"},{"@type":"ListItem","position":4,"name":"Distinctions"}]},{"@type":"WebSite","@id":"https:\/\/www.cyberark.com\/#website","url":"https:\/\/www.cyberark.com\/","name":"CyberArk","description":"","publisher":{"@id":"https:\/\/www.cyberark.com\/#organization"},"potentialAction":[{"@type":"SearchAction","target":{"@type":"EntryPoint","urlTemplate":"https:\/\/www.cyberark.com\/?s={search_term_string}"},"query-input":{"@type":"PropertyValueSpecification","valueRequired":true,"valueName":"search_term_string"}}],"inLanguage":"fr-FR"},{"@type":"Organization","@id":"https:\/\/www.cyberark.com\/#organization","name":"CyberArk Software","url":"https:\/\/www.cyberark.com\/","logo":{"@type":"ImageObject","inLanguage":"fr-FR","@id":"https:\/\/www.cyberark.com\/#\/schema\/logo\/image\/","url":"https:\/\/www.cyberark.com\/wp-content\/uploads\/2021\/02\/cyberark-logo-dark.svg","contentUrl":"https:\/\/www.cyberark.com\/wp-content\/uploads\/2021\/02\/cyberark-logo-dark.svg","width":"1024","height":"1024","caption":"CyberArk Software"},"image":{"@id":"https:\/\/www.cyberark.com\/#\/schema\/logo\/image\/"},"sameAs":["https:\/\/www.facebook.com\/CyberArk\/","https:\/\/x.com\/CyberArk","https:\/\/www.linkedin.com\/company\/cyber-ark-software\/"]}]}},"_links":{"self":[{"href":"https:\/\/www.cyberark.com\/fr\/wp-json\/wp\/v2\/pages\/61673","targetHints":{"allow":["GET"]}}],"collection":[{"href":"https:\/\/www.cyberark.com\/fr\/wp-json\/wp\/v2\/pages"}],"about":[{"href":"https:\/\/www.cyberark.com\/fr\/wp-json\/wp\/v2\/types\/page"}],"author":[{"embeddable":true,"href":"https:\/\/www.cyberark.com\/fr\/wp-json\/wp\/v2\/users\/17"}],"replies":[{"embeddable":true,"href":"https:\/\/www.cyberark.com\/fr\/wp-json\/wp\/v2\/comments?post=61673"}],"version-history":[{"count":0,"href":"https:\/\/www.cyberark.com\/fr\/wp-json\/wp\/v2\/pages\/61673\/revisions"}],"up":[{"embeddable":true,"href":"https:\/\/www.cyberark.com\/fr\/wp-json\/wp\/v2\/pages\/61703"}],"wp:attachment":[{"href":"https:\/\/www.cyberark.com\/fr\/wp-json\/wp\/v2\/media?parent=61673"}],"wp:term":[{"taxonomy":"product_category","embeddable":true,"href":"https:\/\/www.cyberark.com\/fr\/wp-json\/wp\/v2\/product_category?post=61673"}],"curies":[{"name":"wp","href":"https:\/\/api.w.org\/{rel}","templated":true}]}}