{"id":75565,"date":"2019-10-11T09:21:09","date_gmt":"2019-10-11T13:21:09","guid":{"rendered":"https:\/\/www.cyberark.com\/corporate-responsibility\/community-social-responsibility\/"},"modified":"2020-07-16T13:40:14","modified_gmt":"2020-07-16T17:40:14","slug":"community-social-responsibility","status":"publish","type":"page","link":"https:\/\/www.cyberark.com\/fr\/community-social-responsibility\/","title":{"rendered":"Responsabilit\u00e9 sociale"},"content":{"rendered":"<div class=\"wpb-content-wrapper\"><p>[vc_row full_width=\u00a0\u00bbstretch_row\u00a0\u00bb content_placement=\u00a0\u00bbtop\u00a0\u00bb css=\u00a0\u00bb.vc_custom_1570636851213{background-image: url(https:\/\/www.cyberark.com\/wp-content\/uploads\/2019\/10\/csr-hero.jpg?id=75496) !important;background-position: center !important;background-repeat: no-repeat !important;background-size: cover !important;}\u00a0\u00bb el_class=\u00a0\u00bbcyb-hero-section\u00a0\u00bb][vc_column][vc_row_inner content_placement=\u00a0\u00bbmiddle\u00a0\u00bb el_class=\u00a0\u00bbcyb-hero-header\u00a0\u00bb][vc_column_inner el_class=\u00a0\u00bbcyb-hero-header-text\u00a0\u00bb][vc_custom_heading text=\u00a0\u00bbRESPONSABILIT\u00c9 SOCIALE\u00a0\u00bb font_container=\u00a0\u00bbtag:h1|text_align:left\u00a0\u00bb use_theme_fonts=\u00a0\u00bbyes\u00a0\u00bb][vc_custom_heading text=\u00a0\u00bbDonner de la force \u00e0 nos communaut\u00e9s.\u00a0\u00bb font_container=\u00a0\u00bbtag:h3|text_align:left\u00a0\u00bb use_theme_fonts=\u00a0\u00bbyes\u00a0\u00bb][\/vc_column_inner][\/vc_row_inner][\/vc_column][\/vc_row][vc_row][vc_column width=\u00a0\u00bb2\/3&Prime; css=\u00a0\u00bb.vc_custom_1570554206386{padding-top: 2.125rem !important;padding-right: 0px !important;padding-left: 0px !important;}\u00a0\u00bb offset=\u00a0\u00bbvc_col-sm-offset-2&Prime;][vc_custom_heading text=\u00a0\u00bbBeaucoup de nos employ\u00e9s donnent du temps et des ressources pour renforcer nos communaut\u00e9s. Notre programme de responsabilit\u00e9 sociale permet aux employ\u00e9s de faire du b\u00e9n\u00e9volat en fonction de leurs passions et leurs int\u00e9r\u00eats.\u00a0\u00bb font_container=\u00a0\u00bbtag:p|text_align:center\u00a0\u00bb use_theme_fonts=\u00a0\u00bbyes\u00a0\u00bb css=\u00a0\u00bb.vc_custom_1570733528461{margin-bottom: 0px !important;}\u00a0\u00bb][\/vc_column][\/vc_row][vc_row full_width=\u00a0\u00bbstretch_row\u00a0\u00bb content_placement=\u00a0\u00bbmiddle\u00a0\u00bb css=\u00a0\u00bb.vc_custom_1570556298592{padding-top: 2.5rem !important;padding-bottom: 2.5rem !important;}\u00a0\u00bb][vc_column width=\u00a0\u00bb5\/12&Prime;][vc_custom_heading text=\u00a0\u00bbG\u00c9N\u00c9ROSIT\u00c9\u00a0\u00bb font_container=\u00a0\u00bbtag:h3|text_align:left\u00a0\u00bb use_theme_fonts=\u00a0\u00bbyes\u00a0\u00bb][vc_column_text css=\u00a0\u00bb.vc_custom_1570733450295{padding-bottom: 0.375rem !important;}\u00a0\u00bb]Nous encourageons nos employ\u00e9s \u00e0 \u00eatre g\u00e9n\u00e9reux et \u00e0 soutenir les activit\u00e9s locales\u00a0:<\/p>\n<ul>\n<li>Cong\u00e9s pay\u00e9s pour les activit\u00e9s b\u00e9n\u00e9voles<\/li>\n<li>Assistance pour mettre en lien les employ\u00e9s avec les organisations locales<\/li>\n<li>Activit\u00e9s sponsoris\u00e9es pour parrainer les associations caritatives locales<\/li>\n<li>Soutien financier aux associations locales<\/li>\n<\/ul>\n<p>[\/vc_column_text][\/vc_column][vc_column width=\u00a0\u00bb1\/2&Prime; offset=\u00a0\u00bbvc_col-sm-offset-1&Prime;][vc_single_image image=\u00a0\u00bb75367&Prime; img_size=\u00a0\u00bbfull\u00a0\u00bb el_class=\u00a0\u00bbcyb-ken-img\u00a0\u00bb][\/vc_column][\/vc_row][vc_row][vc_column width=\u00a0\u00bb2\/3&Prime; offset=\u00a0\u00bbvc_col-sm-offset-2&Prime;][vc_custom_heading text=\u00a0\u00bbLES ORGANISATIONS QUE NOUS SOUTENONS\u00a0\u00bb font_container=\u00a0\u00bbtag:h2|text_align:center\u00a0\u00bb use_theme_fonts=\u00a0\u00bbyes\u00a0\u00bb][vc_custom_heading text=\u00a0\u00bbNous disposons d&rsquo;une liste cons\u00e9quente d&rsquo;organisations et d&rsquo;associations locales \u00e0 but non lucratif dans le monde entier, y compris\u00a0:\u00a0\u00bb font_container=\u00a0\u00bbtag:p|text_align:center\u00a0\u00bb use_theme_fonts=\u00a0\u00bbyes\u00a0\u00bb css=\u00a0\u00bb.vc_custom_1570565357270{margin-bottom: 0px !important;}\u00a0\u00bb][\/vc_column][\/vc_row][vc_row full_width=\u00a0\u00bbstretch_row\u00a0\u00bb content_placement=\u00a0\u00bbmiddle\u00a0\u00bb css=\u00a0\u00bb.vc_custom_1570556349154{padding-top: 2.5rem !important;padding-bottom: 2.5rem !important;}\u00a0\u00bb][vc_column width=\u00a0\u00bb1\/2&Prime;][vc_single_image image=\u00a0\u00bb75376&Prime; img_size=\u00a0\u00bbfull\u00a0\u00bb el_class=\u00a0\u00bbcyb-ken-img\u00a0\u00bb css=\u00a0\u00bb.vc_custom_1570566655463{border: 1px solid #d0d2d3 !important;}\u00a0\u00bb][\/vc_column][vc_column width=\u00a0\u00bb5\/12&Prime; offset=\u00a0\u00bbvc_col-sm-offset-1&Prime;][vc_custom_heading text=\u00a0\u00bbCRADLES TO CRAYONS\u00a0\u00bb font_container=\u00a0\u00bbtag:h3|text_align:left\u00a0\u00bb use_theme_fonts=\u00a0\u00bbyes\u00a0\u00bb][vc_column_text css=\u00a0\u00bb.vc_custom_1570635674308{padding-bottom: 0.375rem !important;}\u00a0\u00bb]<strong>Cradles to Crayons<\/strong> fournit aux enfants sans domicile ou dans des situations de pauvret\u00e9 les fournitures essentielles dont ils ont besoin. L&rsquo;association r\u00e9colte des articles neufs ou en bon \u00e9tat pour les enfants via des collectes en entreprise ou dans des \u00e9tablissements de dons. Les fournitures sont tri\u00e9es et conditionn\u00e9es par des b\u00e9n\u00e9voles, puis elles sont distribu\u00e9es via un r\u00e9seau collaboratif d&rsquo;agences de services sociaux et de partenaires des \u00e9coles. Depuis 2017, des employ\u00e9s de CyberArk ont donn\u00e9 de leur temps et ont offert des produits \u00e0 Cradles to Crayons.[\/vc_column_text][\/vc_column][\/vc_row][vc_row full_width=\u00a0\u00bbstretch_row\u00a0\u00bb content_placement=\u00a0\u00bbmiddle\u00a0\u00bb css=\u00a0\u00bb.vc_custom_1570554074455{padding-top: 3.125rem !important;padding-bottom: 3.125rem !important;}\u00a0\u00bb el_class=\u00a0\u00bbcyb-reverse\u00a0\u00bb][vc_column width=\u00a0\u00bb5\/12&Prime;][vc_custom_heading text=\u00a0\u00bbCYBER EDUCATION PROGRAM\u00a0\u00bb font_container=\u00a0\u00bbtag:h3|text_align:left\u00a0\u00bb use_theme_fonts=\u00a0\u00bbyes\u00a0\u00bb][vc_column_text css=\u00a0\u00bb.vc_custom_1570649043995{padding-bottom: 0.375rem !important;}\u00a0\u00bb]<strong>Cyber Education Program<\/strong> parraine plusieurs \u00e9v\u00e9nements visant \u00e0 former les jeunes adultes \u00e0 la cybers\u00e9curit\u00e9. Le but de cette organisation est de pr\u00e9parer davantage de jeunes adultes \u00e0 une formation plus pouss\u00e9e dans la cybers\u00e9curit\u00e9. En 2018 et 2019, des employ\u00e9s de CyberArk ont fait don de leur expertise en cybers\u00e9curit\u00e9 et l&rsquo;entreprise a apport\u00e9 une contribution financi\u00e8re.[\/vc_column_text][\/vc_column][vc_column width=\u00a0\u00bb1\/2&Prime; offset=\u00a0\u00bbvc_col-sm-offset-1&Prime; css=\u00a0\u00bb.vc_custom_1570566609093{border: 1px solid #d0d2d3 !important;}\u00a0\u00bb][vc_single_image image=\u00a0\u00bb75385&Prime; img_size=\u00a0\u00bbfull\u00a0\u00bb alignment=\u00a0\u00bbright\u00a0\u00bb el_class=\u00a0\u00bbcyb-ken-img\u00a0\u00bb][\/vc_column][\/vc_row][vc_row full_width=\u00a0\u00bbstretch_row\u00a0\u00bb content_placement=\u00a0\u00bbmiddle\u00a0\u00bb css=\u00a0\u00bb.vc_custom_1570556356757{padding-top: 2.5rem !important;padding-bottom: 2.5rem !important;}\u00a0\u00bb][vc_column width=\u00a0\u00bb1\/2&Prime;][vc_single_image image=\u00a0\u00bb75394&Prime; img_size=\u00a0\u00bbfull\u00a0\u00bb el_class=\u00a0\u00bbcyb-ken-img\u00a0\u00bb css=\u00a0\u00bb.vc_custom_1570566822757{border: 1px solid #d0d2d3 !important;}\u00a0\u00bb][\/vc_column][vc_column width=\u00a0\u00bb5\/12&Prime; offset=\u00a0\u00bbvc_col-sm-offset-1&Prime;][vc_custom_heading text=\u00a0\u00bbDANA-FARBER CANCER INSTITUTE\u00a0\u00bb font_container=\u00a0\u00bbtag:h3|text_align:left\u00a0\u00bb use_theme_fonts=\u00a0\u00bbyes\u00a0\u00bb][vc_column_text css=\u00a0\u00bb.vc_custom_1570649082708{padding-bottom: 0.375rem !important;}\u00a0\u00bb]<strong>Dana-Farber Cancer Institute<\/strong> a non seulement pour but de fournir des soins experts aux adultes et aux enfants atteints de cancer, mais il participe aussi \u00e0 la recherche sur cette maladie. Depuis huit ans, des employ\u00e9s de CyberArk participent \u00e0 de nombreux \u00e9v\u00e9nements Dana-Farber Events et l&rsquo;entreprise a apport\u00e9 une contribution financi\u00e8re.[\/vc_column_text][\/vc_column][\/vc_row][vc_row full_width=\u00a0\u00bbstretch_row\u00a0\u00bb content_placement=\u00a0\u00bbmiddle\u00a0\u00bb css=\u00a0\u00bb.vc_custom_1570556363537{padding-top: 2.5rem !important;padding-bottom: 2.5rem !important;}\u00a0\u00bb el_class=\u00a0\u00bbcyb-reverse\u00a0\u00bb][vc_column width=\u00a0\u00bb5\/12&Prime;][vc_custom_heading text=\u00a0\u00bbELIA\u00a0\u00bb font_container=\u00a0\u00bbtag:h3|text_align:left\u00a0\u00bb use_theme_fonts=\u00a0\u00bbyes\u00a0\u00bb][vc_column_text css=\u00a0\u00bb.vc_custom_1570649098029{padding-bottom: 0.375rem !important;}\u00a0\u00bb]<strong>ELIA<\/strong> est une organisation \u00e0 but non lucratif de premier plan en Isra\u00ebl, o\u00f9 elle propose des services aux enfants malvoyants. Au cours des trois derni\u00e8res ann\u00e9es, des employ\u00e9s de CyberArk ont donn\u00e9 de leur temps et l&rsquo;entreprise a apport\u00e9 une contribution financi\u00e8re.[\/vc_column_text][\/vc_column][vc_column width=\u00a0\u00bb1\/2&Prime; offset=\u00a0\u00bbvc_col-sm-offset-1&Prime;][vc_single_image image=\u00a0\u00bb75403&Prime; img_size=\u00a0\u00bbfull\u00a0\u00bb alignment=\u00a0\u00bbright\u00a0\u00bb el_class=\u00a0\u00bbcyb-ken-img\u00a0\u00bb css=\u00a0\u00bb.vc_custom_1570566884510{border: 1px solid #d0d2d3 !important;}\u00a0\u00bb][\/vc_column][\/vc_row][vc_row full_width=\u00a0\u00bbstretch_row\u00a0\u00bb content_placement=\u00a0\u00bbmiddle\u00a0\u00bb css=\u00a0\u00bb.vc_custom_1570556356757{padding-top: 2.5rem !important;padding-bottom: 2.5rem !important;}\u00a0\u00bb][vc_column width=\u00a0\u00bb1\/2&Prime;][vc_single_image image=\u00a0\u00bb75412&Prime; img_size=\u00a0\u00bbfull\u00a0\u00bb el_class=\u00a0\u00bbcyb-ken-img\u00a0\u00bb css=\u00a0\u00bb.vc_custom_1570566909143{border-top-width: 1px !important;border-right-width: 1px !important;border-bottom-width: 1px !important;border-left-width: 1px !important;border-left-color: #d0d2d3 !important;border-left-style: solid !important;border-right-color: #d0d2d3 !important;border-right-style: solid !important;border-top-color: #d0d2d3 !important;border-top-style: solid !important;border-bottom-color: #d0d2d3 !important;border-bottom-style: solid !important;}\u00a0\u00bb][\/vc_column][vc_column width=\u00a0\u00bb5\/12&Prime; offset=\u00a0\u00bbvc_col-sm-offset-1&Prime;][vc_custom_heading text=\u00a0\u00bbHORIZONS FOR HOMELESS CHILDREN\u00a0\u00bb font_container=\u00a0\u00bbtag:h3|text_align:left\u00a0\u00bb use_theme_fonts=\u00a0\u00bbyes\u00a0\u00bb][vc_column_text css=\u00a0\u00bb.vc_custom_1570734127540{padding-bottom: 0.375rem !important;}\u00a0\u00bb]<strong>Horizons for Homeless Children<\/strong> est une organisation \u00e0 but non lucratif bas\u00e9e au Massachusetts et qui se donne pour but d&rsquo;am\u00e9liorer la vie des enfants et de leur famille sans domicile. En 2019, CyberArk et ses employ\u00e9s ont apport\u00e9 une contribution financi\u00e8re \u00e0 Horizons for Homeless Children.[\/vc_column_text][\/vc_column][\/vc_row][vc_row full_width=\u00a0\u00bbstretch_row\u00a0\u00bb content_placement=\u00a0\u00bbmiddle\u00a0\u00bb css=\u00a0\u00bb.vc_custom_1570556363537{padding-top: 2.5rem !important;padding-bottom: 2.5rem !important;}\u00a0\u00bb el_class=\u00a0\u00bbcyb-reverse\u00a0\u00bb][vc_column width=\u00a0\u00bb5\/12&Prime;][vc_custom_heading text=\u00a0\u00bbTUGG\u00a0\u00bb font_container=\u00a0\u00bbtag:h3|text_align:left\u00a0\u00bb use_theme_fonts=\u00a0\u00bbyes\u00a0\u00bb][vc_column_text css=\u00a0\u00bb.vc_custom_1570649140496{padding-bottom: 0.375rem !important;}\u00a0\u00bb]<strong>TUGG (Technology Underwriting Greater Good)<\/strong> est une organisation \u00e0 but non lucratif bas\u00e9e \u00e0 Boston et dont le but est de mettre en relation la communaut\u00e9 technique locale et les entrepreneurs, en s&rsquo;adressant aux jeunes aux moyens limit\u00e9s.\u00a0 Depuis plusieurs ann\u00e9es, CyberArk et ses employ\u00e9s donnent du temps et des ressources essentielles aux \u00e9tudiants K-12.[\/vc_column_text][\/vc_column][vc_column width=\u00a0\u00bb1\/2&Prime; offset=\u00a0\u00bbvc_col-sm-offset-1&Prime;][vc_single_image image=\u00a0\u00bb75421&Prime; img_size=\u00a0\u00bbfull\u00a0\u00bb alignment=\u00a0\u00bbright\u00a0\u00bb el_class=\u00a0\u00bbcyb-ken-img\u00a0\u00bb css=\u00a0\u00bb.vc_custom_1570566869263{border: 1px solid #d0d2d3 !important;}\u00a0\u00bb][\/vc_column][\/vc_row][vc_row full_width=\u00a0\u00bbstretch_row\u00a0\u00bb content_placement=\u00a0\u00bbmiddle\u00a0\u00bb css=\u00a0\u00bb.vc_custom_1570556356757{padding-top: 2.5rem !important;padding-bottom: 2.5rem !important;}\u00a0\u00bb][vc_column width=\u00a0\u00bb1\/2&Prime;][vc_single_image image=\u00a0\u00bb75430&Prime; img_size=\u00a0\u00bbfull\u00a0\u00bb el_class=\u00a0\u00bbcyb-ken-img\u00a0\u00bb css=\u00a0\u00bb.vc_custom_1570566768455{border: 1px solid #d0d2d3 !important;}\u00a0\u00bb][\/vc_column][vc_column width=\u00a0\u00bb5\/12&Prime; offset=\u00a0\u00bbvc_col-sm-offset-1&Prime;][vc_custom_heading text=\u00a0\u00bbTHE ISRAELI PUBLIC SERVICE VENTURE FUND\u00a0\u00bb font_container=\u00a0\u00bbtag:h3|text_align:left\u00a0\u00bb use_theme_fonts=\u00a0\u00bbyes\u00a0\u00bb][vc_column_text css=\u00a0\u00bb.vc_custom_1570649160654{padding-bottom: 0.375rem !important;}\u00a0\u00bb]<strong>The Israeli Public Service Venture Fund<\/strong> a \u00e9t\u00e9 fond\u00e9 en 2002 dans le but d&rsquo;accro\u00eetre l&rsquo;implication des entreprises high-tech dans les activit\u00e9s b\u00e9n\u00e9voles en Isra\u00ebl. Ce fonds soutient les programmes d&rsquo;\u00e9ducation et les initiatives pour la jeunesse tout en encourageant une \u00ab\u00a0culture du don\u00a0\u00bb dans le secteur high-tech isra\u00e9lien.\u00a0 En 2014, au moment de son introduction en bourse, CyberArk a fait don d&rsquo;actions propres au fonds Tmura, qui a recueilli plus de 700\u00a0000\u00a0$ pour financer les programmes d&rsquo;\u00e9ducation.[\/vc_column_text][\/vc_column][\/vc_row]<\/p>\n<\/div>","protected":false},"excerpt":{"rendered":"<p>[vc_row full_width=\u00a0\u00bbstretch_row\u00a0\u00bb content_placement=\u00a0\u00bbtop\u00a0\u00bb css=\u00a0\u00bb.vc_custom_1570636851213{background-image: url(https:\/\/www.cyberark.com\/wp-content\/uploads\/2019\/10\/csr-hero.jpg?id=75496) !important;background-position: center !important;background-repeat: no-repeat !important;background-size: cover !important;}\u00a0\u00bb el_class=\u00a0\u00bbcyb-hero-section\u00a0\u00bb][vc_column][vc_row_inner content_placement=\u00a0\u00bbmiddle\u00a0\u00bb el_class=\u00a0\u00bbcyb-hero-header\u00a0\u00bb][vc_column_inner el_class=\u00a0\u00bbcyb-hero-header-text\u00a0\u00bb][vc_custom_heading text=\u00a0\u00bbRESPONSABILIT\u00c9 SOCIALE\u00a0\u00bb font_container=\u00a0\u00bbtag:h1|text_align:left\u00a0\u00bb use_theme_fonts=\u00a0\u00bbyes\u00a0\u00bb][vc_custom_heading text=\u00a0\u00bbDonner de la force \u00e0 nos communaut\u00e9s.\u00a0\u00bb font_container=\u00a0\u00bbtag:h3|text_align:left\u00a0\u00bb use_theme_fonts=\u00a0\u00bbyes\u00a0\u00bb][\/vc_column_inner][\/vc_row_inner][\/vc_column][\/vc_row][vc_row][vc_column width=\u00a0\u00bb2\/3&Prime; css=\u00a0\u00bb.vc_custom_1570554206386{padding-top: 2.125rem !important;padding-right: 0px !important;padding-left:&#8230;<\/p>\n","protected":false},"author":125,"featured_media":0,"parent":0,"menu_order":0,"comment_status":"closed","ping_status":"closed","template":"","meta":{"_acf_changed":false,"inline_featured_image":false,"footnotes":""},"product_category":[],"class_list":["post-75565","page","type-page","status-publish","hentry"],"acf":[],"yoast_head":"<!-- This site is optimized with the Yoast SEO Premium plugin v27.2 (Yoast SEO v27.2) - https:\/\/yoast.com\/product\/yoast-seo-premium-wordpress\/ -->\n<title>Responsabilit\u00e9 sociale | CyberArk<\/title>\n<meta name=\"robots\" content=\"index, follow, max-snippet:-1, max-image-preview:large, max-video-preview:-1\" \/>\n<link rel=\"canonical\" href=\"https:\/\/www.cyberark.com\/fr\/community-social-responsibility\/\" \/>\n<meta property=\"og:locale\" content=\"fr_FR\" \/>\n<meta property=\"og:type\" content=\"article\" \/>\n<meta property=\"og:title\" content=\"Responsabilit\u00e9 sociale\" \/>\n<meta property=\"og:description\" content=\"[vc_row full_width=\u00a0\u00bbstretch_row\u00a0\u00bb content_placement=\u00a0\u00bbtop\u00a0\u00bb css=\u00a0\u00bb.vc_custom_1570636851213{background-image: url(https:\/\/www.cyberark.com\/wp-content\/uploads\/2019\/10\/csr-hero.jpg?id=75496) !important;background-position: center !important;background-repeat: no-repeat !important;background-size: cover !important;}\u00a0\u00bb el_class=\u00a0\u00bbcyb-hero-section\u00a0\u00bb][vc_column][vc_row_inner content_placement=\u00a0\u00bbmiddle\u00a0\u00bb el_class=\u00a0\u00bbcyb-hero-header\u00a0\u00bb][vc_column_inner el_class=\u00a0\u00bbcyb-hero-header-text\u00a0\u00bb][vc_custom_heading text=\u00a0\u00bbRESPONSABILIT\u00c9 SOCIALE\u00a0\u00bb font_container=\u00a0\u00bbtag:h1|text_align:left\u00a0\u00bb use_theme_fonts=\u00a0\u00bbyes\u00a0\u00bb][vc_custom_heading text=\u00a0\u00bbDonner de la force \u00e0 nos communaut\u00e9s.\u00a0\u00bb font_container=\u00a0\u00bbtag:h3|text_align:left\u00a0\u00bb use_theme_fonts=\u00a0\u00bbyes\u00a0\u00bb][\/vc_column_inner][\/vc_row_inner][\/vc_column][\/vc_row][vc_row][vc_column width=\u00a0\u00bb2\/3&Prime; css=\u00a0\u00bb.vc_custom_1570554206386{padding-top: 2.125rem !important;padding-right: 0px !important;padding-left:...\" \/>\n<meta property=\"og:url\" content=\"https:\/\/www.cyberark.com\/fr\/community-social-responsibility\/\" \/>\n<meta property=\"og:site_name\" content=\"CyberArk\" \/>\n<meta property=\"article:publisher\" content=\"https:\/\/www.facebook.com\/CyberArk\/\" \/>\n<meta property=\"article:modified_time\" content=\"2020-07-16T17:40:14+00:00\" \/>\n<meta property=\"og:image\" content=\"https:\/\/www.cyberark.com\/wp-content\/uploads\/2022\/09\/CYBR-gradient-bg-og-120x627-01-1024x535.png\" \/>\n\t<meta property=\"og:image:width\" content=\"1024\" \/>\n\t<meta property=\"og:image:height\" content=\"535\" \/>\n\t<meta property=\"og:image:type\" content=\"image\/png\" \/>\n<meta name=\"twitter:card\" content=\"summary_large_image\" \/>\n<meta name=\"twitter:site\" content=\"@CyberArk\" \/>\n<meta name=\"twitter:label1\" content=\"Dur\u00e9e de lecture estim\u00e9e\" \/>\n\t<meta name=\"twitter:data1\" content=\"7 minutes\" \/>\n<script type=\"application\/ld+json\" class=\"yoast-schema-graph\">{\"@context\":\"https:\/\/schema.org\",\"@graph\":[{\"@type\":\"WebPage\",\"@id\":\"https:\/\/www.cyberark.com\/fr\/community-social-responsibility\/\",\"url\":\"https:\/\/www.cyberark.com\/fr\/community-social-responsibility\/\",\"name\":\"Responsabilit\u00e9 sociale | CyberArk\",\"isPartOf\":{\"@id\":\"https:\/\/www.cyberark.com\/fr\/#website\"},\"datePublished\":\"2019-10-11T13:21:09+00:00\",\"dateModified\":\"2020-07-16T17:40:14+00:00\",\"breadcrumb\":{\"@id\":\"https:\/\/www.cyberark.com\/fr\/community-social-responsibility\/#breadcrumb\"},\"inLanguage\":\"fr-FR\",\"potentialAction\":[{\"@type\":\"ReadAction\",\"target\":[\"https:\/\/www.cyberark.com\/fr\/community-social-responsibility\/\"]}]},{\"@type\":\"BreadcrumbList\",\"@id\":\"https:\/\/www.cyberark.com\/fr\/community-social-responsibility\/#breadcrumb\",\"itemListElement\":[{\"@type\":\"ListItem\",\"position\":1,\"name\":\"Home\",\"item\":\"https:\/\/www.cyberark.com\/fr\/\"},{\"@type\":\"ListItem\",\"position\":2,\"name\":\"Responsabilit\u00e9 sociale\"}]},{\"@type\":\"WebSite\",\"@id\":\"https:\/\/www.cyberark.com\/fr\/#website\",\"url\":\"https:\/\/www.cyberark.com\/fr\/\",\"name\":\"CyberArk\",\"description\":\"\",\"publisher\":{\"@id\":\"https:\/\/www.cyberark.com\/fr\/#organization\"},\"potentialAction\":[{\"@type\":\"SearchAction\",\"target\":{\"@type\":\"EntryPoint\",\"urlTemplate\":\"https:\/\/www.cyberark.com\/fr\/?s={search_term_string}\"},\"query-input\":{\"@type\":\"PropertyValueSpecification\",\"valueRequired\":true,\"valueName\":\"search_term_string\"}}],\"inLanguage\":\"fr-FR\"},{\"@type\":\"Organization\",\"@id\":\"https:\/\/www.cyberark.com\/fr\/#organization\",\"name\":\"CyberArk Software\",\"url\":\"https:\/\/www.cyberark.com\/fr\/\",\"logo\":{\"@type\":\"ImageObject\",\"inLanguage\":\"fr-FR\",\"@id\":\"https:\/\/www.cyberark.com\/fr\/#\/schema\/logo\/image\/\",\"url\":\"https:\/\/www.cyberark.com\/wp-content\/uploads\/2021\/02\/cyberark-logo-dark.svg\",\"contentUrl\":\"https:\/\/www.cyberark.com\/wp-content\/uploads\/2021\/02\/cyberark-logo-dark.svg\",\"width\":\"1024\",\"height\":\"1024\",\"caption\":\"CyberArk Software\"},\"image\":{\"@id\":\"https:\/\/www.cyberark.com\/fr\/#\/schema\/logo\/image\/\"},\"sameAs\":[\"https:\/\/www.facebook.com\/CyberArk\/\",\"https:\/\/x.com\/CyberArk\",\"https:\/\/www.linkedin.com\/company\/cyber-ark-software\/\"]}]}<\/script>\n<!-- \/ Yoast SEO Premium plugin. -->","yoast_head_json":{"title":"Responsabilit\u00e9 sociale | CyberArk","robots":{"index":"index","follow":"follow","max-snippet":"max-snippet:-1","max-image-preview":"max-image-preview:large","max-video-preview":"max-video-preview:-1"},"canonical":"https:\/\/www.cyberark.com\/fr\/community-social-responsibility\/","og_locale":"fr_FR","og_type":"article","og_title":"Responsabilit\u00e9 sociale","og_description":"[vc_row full_width=\u00a0\u00bbstretch_row\u00a0\u00bb content_placement=\u00a0\u00bbtop\u00a0\u00bb css=\u00a0\u00bb.vc_custom_1570636851213{background-image: url(https:\/\/www.cyberark.com\/wp-content\/uploads\/2019\/10\/csr-hero.jpg?id=75496) !important;background-position: center !important;background-repeat: no-repeat !important;background-size: cover !important;}\u00a0\u00bb el_class=\u00a0\u00bbcyb-hero-section\u00a0\u00bb][vc_column][vc_row_inner content_placement=\u00a0\u00bbmiddle\u00a0\u00bb el_class=\u00a0\u00bbcyb-hero-header\u00a0\u00bb][vc_column_inner el_class=\u00a0\u00bbcyb-hero-header-text\u00a0\u00bb][vc_custom_heading text=\u00a0\u00bbRESPONSABILIT\u00c9 SOCIALE\u00a0\u00bb font_container=\u00a0\u00bbtag:h1|text_align:left\u00a0\u00bb use_theme_fonts=\u00a0\u00bbyes\u00a0\u00bb][vc_custom_heading text=\u00a0\u00bbDonner de la force \u00e0 nos communaut\u00e9s.\u00a0\u00bb font_container=\u00a0\u00bbtag:h3|text_align:left\u00a0\u00bb use_theme_fonts=\u00a0\u00bbyes\u00a0\u00bb][\/vc_column_inner][\/vc_row_inner][\/vc_column][\/vc_row][vc_row][vc_column width=\u00a0\u00bb2\/3&Prime; css=\u00a0\u00bb.vc_custom_1570554206386{padding-top: 2.125rem !important;padding-right: 0px !important;padding-left:...","og_url":"https:\/\/www.cyberark.com\/fr\/community-social-responsibility\/","og_site_name":"CyberArk","article_publisher":"https:\/\/www.facebook.com\/CyberArk\/","article_modified_time":"2020-07-16T17:40:14+00:00","og_image":[{"width":1024,"height":535,"url":"https:\/\/www.cyberark.com\/wp-content\/uploads\/2022\/09\/CYBR-gradient-bg-og-120x627-01-1024x535.png","type":"image\/png"}],"twitter_card":"summary_large_image","twitter_site":"@CyberArk","twitter_misc":{"Dur\u00e9e de lecture estim\u00e9e":"7 minutes"},"schema":{"@context":"https:\/\/schema.org","@graph":[{"@type":"WebPage","@id":"https:\/\/www.cyberark.com\/fr\/community-social-responsibility\/","url":"https:\/\/www.cyberark.com\/fr\/community-social-responsibility\/","name":"Responsabilit\u00e9 sociale | CyberArk","isPartOf":{"@id":"https:\/\/www.cyberark.com\/fr\/#website"},"datePublished":"2019-10-11T13:21:09+00:00","dateModified":"2020-07-16T17:40:14+00:00","breadcrumb":{"@id":"https:\/\/www.cyberark.com\/fr\/community-social-responsibility\/#breadcrumb"},"inLanguage":"fr-FR","potentialAction":[{"@type":"ReadAction","target":["https:\/\/www.cyberark.com\/fr\/community-social-responsibility\/"]}]},{"@type":"BreadcrumbList","@id":"https:\/\/www.cyberark.com\/fr\/community-social-responsibility\/#breadcrumb","itemListElement":[{"@type":"ListItem","position":1,"name":"Home","item":"https:\/\/www.cyberark.com\/fr\/"},{"@type":"ListItem","position":2,"name":"Responsabilit\u00e9 sociale"}]},{"@type":"WebSite","@id":"https:\/\/www.cyberark.com\/fr\/#website","url":"https:\/\/www.cyberark.com\/fr\/","name":"CyberArk","description":"","publisher":{"@id":"https:\/\/www.cyberark.com\/fr\/#organization"},"potentialAction":[{"@type":"SearchAction","target":{"@type":"EntryPoint","urlTemplate":"https:\/\/www.cyberark.com\/fr\/?s={search_term_string}"},"query-input":{"@type":"PropertyValueSpecification","valueRequired":true,"valueName":"search_term_string"}}],"inLanguage":"fr-FR"},{"@type":"Organization","@id":"https:\/\/www.cyberark.com\/fr\/#organization","name":"CyberArk Software","url":"https:\/\/www.cyberark.com\/fr\/","logo":{"@type":"ImageObject","inLanguage":"fr-FR","@id":"https:\/\/www.cyberark.com\/fr\/#\/schema\/logo\/image\/","url":"https:\/\/www.cyberark.com\/wp-content\/uploads\/2021\/02\/cyberark-logo-dark.svg","contentUrl":"https:\/\/www.cyberark.com\/wp-content\/uploads\/2021\/02\/cyberark-logo-dark.svg","width":"1024","height":"1024","caption":"CyberArk Software"},"image":{"@id":"https:\/\/www.cyberark.com\/fr\/#\/schema\/logo\/image\/"},"sameAs":["https:\/\/www.facebook.com\/CyberArk\/","https:\/\/x.com\/CyberArk","https:\/\/www.linkedin.com\/company\/cyber-ark-software\/"]}]}},"_links":{"self":[{"href":"https:\/\/www.cyberark.com\/fr\/wp-json\/wp\/v2\/pages\/75565","targetHints":{"allow":["GET"]}}],"collection":[{"href":"https:\/\/www.cyberark.com\/fr\/wp-json\/wp\/v2\/pages"}],"about":[{"href":"https:\/\/www.cyberark.com\/fr\/wp-json\/wp\/v2\/types\/page"}],"author":[{"embeddable":true,"href":"https:\/\/www.cyberark.com\/fr\/wp-json\/wp\/v2\/users\/125"}],"replies":[{"embeddable":true,"href":"https:\/\/www.cyberark.com\/fr\/wp-json\/wp\/v2\/comments?post=75565"}],"version-history":[{"count":0,"href":"https:\/\/www.cyberark.com\/fr\/wp-json\/wp\/v2\/pages\/75565\/revisions"}],"wp:attachment":[{"href":"https:\/\/www.cyberark.com\/fr\/wp-json\/wp\/v2\/media?parent=75565"}],"wp:term":[{"taxonomy":"product_category","embeddable":true,"href":"https:\/\/www.cyberark.com\/fr\/wp-json\/wp\/v2\/product_category?post=75565"}],"curies":[{"name":"wp","href":"https:\/\/api.w.org\/{rel}","templated":true}]}}