{"id":80658,"date":"2019-10-16T17:18:05","date_gmt":"2019-10-16T21:18:05","guid":{"rendered":"https:\/\/www.cyberark.com\/cyberark-commons\/"},"modified":"2020-07-16T15:54:56","modified_gmt":"2020-07-16T19:54:56","slug":"cyberark-commons","status":"publish","type":"page","link":"https:\/\/www.cyberark.com\/fr\/cyberark-commons\/","title":{"rendered":"CyberArk Commons (ESPACE COMMUN CYBERARK)"},"content":{"rendered":"<div class=\"wpb-content-wrapper\"><p>[vc_row full_width=\u00a0\u00bbstretch_row\u00a0\u00bb content_placement=\u00a0\u00bbtop\u00a0\u00bb css=\u00a0\u00bb.vc_custom_1571168044164{background-image: url(https:\/\/www.cyberark.com\/wp-content\/uploads\/2019\/10\/CyberArkCommons_Hero.jpg?id=75836) !important;background-position: center !important;background-repeat: no-repeat !important;background-size: cover !important;}\u00a0\u00bb el_class=\u00a0\u00bbcyb-hero-section cyb-desktop\u00a0\u00bb][vc_column][vc_row_inner content_placement=\u00a0\u00bbmiddle\u00a0\u00bb el_class=\u00a0\u00bbcyb-hero-header\u00a0\u00bb][vc_column_inner el_class=\u00a0\u00bbcyb-hero-header-text\u00a0\u00bb][vc_custom_heading text=\u00a0\u00bbL\u2019ESPACE COMMUN CYBERARK\u00a0\u00bb font_container=\u00a0\u00bbtag:h1|text_align:left|color:%234d8fcc\u00a0\u00bb use_theme_fonts=\u00a0\u00bbyes\u00a0\u00bb css=\u00a0\u00bb.vc_custom_1571170227672{margin-bottom: 0px !important;}\u00a0\u00bb][vc_custom_heading text=\u00a0\u00bbUne communaut\u00e9 ouverte pour les d\u00e9veloppeurs et les ing\u00e9nieurs pour discuter des nouveaut\u00e9s en mati\u00e8re de Recherche sur la s\u00e9curit\u00e9.\u00a0\u00bb font_container=\u00a0\u00bbtag:h3|text_align:left|color:%23ffffff\u00a0\u00bb use_theme_fonts=\u00a0\u00bbyes\u00a0\u00bb css=\u00a0\u00bb.vc_custom_1571173246494{padding-bottom: .625rem !important;}\u00a0\u00bb][vc_btn title=\u00a0\u00bbINSCRIVEZ-VOUS D\u00c8S AUJOURD\u2019HUI\u00a0\u00bb style=\u00a0\u00bbcustom\u00a0\u00bb custom_background=\u00a0\u00bb\u00a0\u00bb custom_text=\u00a0\u00bb#ffffff\u00a0\u00bb shape=\u00a0\u00bbsquare\u00a0\u00bb link=\u00a0\u00bburl:https%3A%2F%2Fdiscuss.cyberarkcommons.org%2Fsignup|target:%20_blank|\u00a0\u00bb el_class=\u00a0\u00bbcyb-button\u00a0\u00bb][\/vc_column_inner][\/vc_row_inner][\/vc_column][\/vc_row][vc_row full_width=\u00a0\u00bbstretch_row\u00a0\u00bb content_placement=\u00a0\u00bbtop\u00a0\u00bb css=\u00a0\u00bb.vc_custom_1571166635682{background-image: url(https:\/\/www.cyberark.com\/wp-content\/uploads\/2019\/10\/CyberArkCommons_Mobile_Hero_575x432.jpg?id=75845) !important;background-position: center !important;background-repeat: no-repeat !important;background-size: cover !important;}\u00a0\u00bb el_class=\u00a0\u00bbcyb-hero-section cyb-mobile\u00a0\u00bb][vc_column][vc_row_inner content_placement=\u00a0\u00bbmiddle\u00a0\u00bb el_class=\u00a0\u00bbcyb-hero-header\u00a0\u00bb][vc_column_inner el_class=\u00a0\u00bbcyb-hero-header-text\u00a0\u00bb][vc_custom_heading text=\u00a0\u00bbL\u2019ESPACE COMMUN CYBERARK\u00a0\u00bb font_container=\u00a0\u00bbtag:h1|text_align:left|color:%234d8fcc\u00a0\u00bb use_theme_fonts=\u00a0\u00bbyes\u00a0\u00bb css=\u00a0\u00bb.vc_custom_1571170233297{margin-bottom: 0px !important;}\u00a0\u00bb][vc_custom_heading text=\u00a0\u00bbUne communaut\u00e9 ouverte pour les d\u00e9veloppeurs et les ing\u00e9nieurs pour discuter des nouveaut\u00e9s en mati\u00e8re de Recherche sur la s\u00e9curit\u00e9.\u00a0\u00bb font_container=\u00a0\u00bbtag:h3|text_align:left|color:%23ffffff\u00a0\u00bb use_theme_fonts=\u00a0\u00bbyes\u00a0\u00bb css=\u00a0\u00bb.vc_custom_1571173227493{padding-bottom: .625rem !important;}\u00a0\u00bb][vc_btn title=\u00a0\u00bbINSCRIVEZ-VOUS D\u00c8S AUJOURD\u2019HUI\u00a0\u00bb style=\u00a0\u00bbcustom\u00a0\u00bb custom_background=\u00a0\u00bb\u00a0\u00bb custom_text=\u00a0\u00bb#ffffff\u00a0\u00bb shape=\u00a0\u00bbsquare\u00a0\u00bb link=\u00a0\u00bburl:https%3A%2F%2Fdiscuss.cyberarkcommons.org%2Fsignup|target:%20_blank|\u00a0\u00bb el_class=\u00a0\u00bbcyb-button\u00a0\u00bb][\/vc_column_inner][\/vc_row_inner][\/vc_column][\/vc_row][vc_row el_class=\u00a0\u00bbcyb-center cyb-pad-top cyb-txt-orig\u00a0\u00bb][vc_column offset=\u00a0\u00bbvc_col-md-offset-2 vc_col-md-8&Prime;][vc_column_text]<\/p>\n<h2>POURQUOI UN ESPACE COMMUN CYBERARK\u00a0?<\/h2>\n<p>[\/vc_column_text][\/vc_column][\/vc_row][vc_row full_width=\u00a0\u00bbstretch_row\u00a0\u00bb equal_height=\u00a0\u00bbyes\u00a0\u00bb el_class=\u00a0\u00bbcyb-card-hover-icon\u00a0\u00bb][vc_column width=\u00a0\u00bb1\/4&Prime; column_link=\u00a0\u00bburl:https%3A%2F%2Fdiscuss.cyberarkcommons.org%2F|target:%20_blank|\u00a0\u00bb][vc_column_text]<img decoding=\"async\" class=\"alignnone wp-image-75881 size-full\" style=\"width: 5rem;\" src=\"https:\/\/www.cyberark.com\/wp-content\/uploads\/2019\/10\/icon-peers.svg\" alt=\"\" \/>[\/vc_column_text][vc_column_text css=\u00a0\u00bb.vc_custom_1594925734227{padding-bottom: 2.5rem !important;}\u00a0\u00bb]<\/p>\n<h3>ENGAGEZ-VOUS AUPR\u00c8S DE PAIRS QUI PARTAGENT LES M\u00caMES ENJEUX QUE VOUS<\/h3>\n<p>Discutez avec des experts qui partagent les m\u00eames enjeux pour \u00e9tablir des relations professionnelles et \u00e9changer des id\u00e9es.<\/p>\n<p>[\/vc_column_text][vc_column_text]ENGAGEZ-VOUS MAINTENANT &gt;[\/vc_column_text][\/vc_column][vc_column width=\u00a0\u00bb1\/4&Prime; column_link=\u00a0\u00bburl:https%3A%2F%2Fwww.cyberark.com%2Ffr%2Fthreat-research-blog%2F|\u00a0\u00bb][vc_column_text]<img decoding=\"async\" class=\"alignnone wp-image-75872 size-full\" style=\"width: 4.625rem;\" src=\"https:\/\/www.cyberark.com\/wp-content\/uploads\/2019\/10\/icon-paper-cog.svg\" alt=\"\" \/>[\/vc_column_text][vc_column_text css=\u00a0\u00bb.vc_custom_1594925799336{padding-bottom: 2.5rem !important;}\u00a0\u00bb]<\/p>\n<h3>CONTENU TECHNIQUE ET RESSOURCES<\/h3>\n<p>Trouvez du contenu sur open source, DevOps, l\u2019ing\u00e9nierie et la cyber-s\u00e9curit\u00e9 par des ing\u00e9nieurs comme vous.[\/vc_column_text][vc_column_text]EN SAVOIR PLUS &gt;[\/vc_column_text][\/vc_column][vc_column width=\u00a0\u00bb1\/4&Prime; column_link=\u00a0\u00bburl:https%3A%2F%2Fgithub.com%2Fcyberark|target:%20_blank|\u00a0\u00bb][vc_column_text]<img decoding=\"async\" class=\"alignnone wp-image-75854 size-full\" style=\"width: 5rem;\" src=\"https:\/\/www.cyberark.com\/wp-content\/uploads\/2019\/10\/icon-laptop-cog.svg\" alt=\"\" \/>[\/vc_column_text][vc_column_text css=\u00a0\u00bb.vc_custom_1594925848583{padding-bottom: 2.5rem !important;}\u00a0\u00bb]<\/p>\n<h3>D\u00c9COUVREZ LES DERNIERS OUTILS OPEN SOURCES<\/h3>\n<p>Testez les derniers outils open source en mati\u00e8re de cyber-s\u00e9curit\u00e9 sur l\u2019espace commun de la Communaut\u00e9 CyberArk.[\/vc_column_text][vc_column_text]ESSAYEZ MAINTENANT &gt;[\/vc_column_text][\/vc_column][vc_column width=\u00a0\u00bb1\/4&Prime; column_link=\u00a0\u00bburl:https%3A%2F%2Fwww.conjur.org%2Fnewsletter%2F|target:%20_blank|\u00a0\u00bb][vc_column_text]<img decoding=\"async\" class=\"alignnone wp-image-75863 size-full\" style=\"width: 5rem;\" src=\"https:\/\/www.cyberark.com\/wp-content\/uploads\/2019\/10\/icon-newsletter.svg\" alt=\"\" \/>[\/vc_column_text][vc_column_text css=\u00a0\u00bb.vc_custom_1594925896111{padding-bottom: 2.5rem !important;}\u00a0\u00bb]<\/p>\n<h3>ABONNEZ-VOUS \u00c0 NOTRE BULLETIN MENSUEL DE LA COMMUNAUT\u00c9<\/h3>\n<p>Restez inform\u00e9(e) au sujet des derni\u00e8res actualit\u00e9s et contenu les plus r\u00e9cents en vous abonnant \u00e0 notre bulletin mensuel.[\/vc_column_text][vc_column_text]INSCRIVEZ-VOUS &gt;[\/vc_column_text][\/vc_column][\/vc_row]<\/p>\n<\/div>","protected":false},"excerpt":{"rendered":"<p>[vc_row full_width=\u00a0\u00bbstretch_row\u00a0\u00bb content_placement=\u00a0\u00bbtop\u00a0\u00bb css=\u00a0\u00bb.vc_custom_1571168044164{background-image: url(https:\/\/www.cyberark.com\/wp-content\/uploads\/2019\/10\/CyberArkCommons_Hero.jpg?id=75836) !important;background-position: center !important;background-repeat: no-repeat !important;background-size: cover !important;}\u00a0\u00bb el_class=\u00a0\u00bbcyb-hero-section cyb-desktop\u00a0\u00bb][vc_column][vc_row_inner content_placement=\u00a0\u00bbmiddle\u00a0\u00bb el_class=\u00a0\u00bbcyb-hero-header\u00a0\u00bb][vc_column_inner el_class=\u00a0\u00bbcyb-hero-header-text\u00a0\u00bb][vc_custom_heading text=\u00a0\u00bbL\u2019ESPACE COMMUN CYBERARK\u00a0\u00bb font_container=\u00a0\u00bbtag:h1|text_align:left|color:%234d8fcc\u00a0\u00bb use_theme_fonts=\u00a0\u00bbyes\u00a0\u00bb css=\u00a0\u00bb.vc_custom_1571170227672{margin-bottom: 0px !important;}\u00a0\u00bb][vc_custom_heading text=\u00a0\u00bbUne communaut\u00e9 ouverte pour les d\u00e9veloppeurs et les ing\u00e9nieurs pour&#8230;<\/p>\n","protected":false},"author":125,"featured_media":0,"parent":0,"menu_order":0,"comment_status":"closed","ping_status":"closed","template":"","meta":{"_acf_changed":false,"inline_featured_image":false,"footnotes":""},"product_category":[],"class_list":["post-80658","page","type-page","status-publish","hentry"],"acf":[],"yoast_head":"<!-- This site is optimized with the Yoast SEO Premium plugin v27.2 (Yoast SEO v27.2) - https:\/\/yoast.com\/product\/yoast-seo-premium-wordpress\/ -->\n<title>CyberArk Commons (ESPACE COMMUN CYBERARK) | CyberArk<\/title>\n<meta name=\"robots\" content=\"index, follow, max-snippet:-1, max-image-preview:large, max-video-preview:-1\" \/>\n<link rel=\"canonical\" href=\"https:\/\/www.cyberark.com\/fr\/cyberark-commons\/\" \/>\n<meta property=\"og:locale\" content=\"fr_FR\" \/>\n<meta property=\"og:type\" content=\"article\" \/>\n<meta property=\"og:title\" content=\"CyberArk Commons (ESPACE COMMUN CYBERARK)\" \/>\n<meta property=\"og:description\" content=\"[vc_row full_width=\u00a0\u00bbstretch_row\u00a0\u00bb content_placement=\u00a0\u00bbtop\u00a0\u00bb css=\u00a0\u00bb.vc_custom_1571168044164{background-image: url(https:\/\/www.cyberark.com\/wp-content\/uploads\/2019\/10\/CyberArkCommons_Hero.jpg?id=75836) !important;background-position: center !important;background-repeat: no-repeat !important;background-size: cover !important;}\u00a0\u00bb el_class=\u00a0\u00bbcyb-hero-section cyb-desktop\u00a0\u00bb][vc_column][vc_row_inner content_placement=\u00a0\u00bbmiddle\u00a0\u00bb el_class=\u00a0\u00bbcyb-hero-header\u00a0\u00bb][vc_column_inner el_class=\u00a0\u00bbcyb-hero-header-text\u00a0\u00bb][vc_custom_heading text=\u00a0\u00bbL\u2019ESPACE COMMUN CYBERARK\u00a0\u00bb font_container=\u00a0\u00bbtag:h1|text_align:left|color:%234d8fcc\u00a0\u00bb use_theme_fonts=\u00a0\u00bbyes\u00a0\u00bb css=\u00a0\u00bb.vc_custom_1571170227672{margin-bottom: 0px !important;}\u00a0\u00bb][vc_custom_heading text=\u00a0\u00bbUne communaut\u00e9 ouverte pour les d\u00e9veloppeurs et les ing\u00e9nieurs pour...\" \/>\n<meta property=\"og:url\" content=\"https:\/\/www.cyberark.com\/fr\/cyberark-commons\/\" \/>\n<meta property=\"og:site_name\" content=\"CyberArk\" \/>\n<meta property=\"article:publisher\" content=\"https:\/\/www.facebook.com\/CyberArk\/\" \/>\n<meta property=\"article:modified_time\" content=\"2020-07-16T19:54:56+00:00\" \/>\n<meta property=\"og:image\" content=\"https:\/\/www.cyberark.com\/wp-content\/uploads\/2019\/10\/icon-peers.svg\" \/>\n<meta name=\"twitter:card\" content=\"summary_large_image\" \/>\n<meta name=\"twitter:site\" content=\"@CyberArk\" \/>\n<meta name=\"twitter:label1\" content=\"Dur\u00e9e de lecture estim\u00e9e\" \/>\n\t<meta name=\"twitter:data1\" content=\"3 minutes\" \/>\n<script type=\"application\/ld+json\" class=\"yoast-schema-graph\">{\"@context\":\"https:\/\/schema.org\",\"@graph\":[{\"@type\":\"WebPage\",\"@id\":\"https:\/\/www.cyberark.com\/fr\/cyberark-commons\/\",\"url\":\"https:\/\/www.cyberark.com\/fr\/cyberark-commons\/\",\"name\":\"CyberArk Commons (ESPACE COMMUN CYBERARK) | CyberArk\",\"isPartOf\":{\"@id\":\"https:\/\/www.cyberark.com\/#website\"},\"primaryImageOfPage\":{\"@id\":\"https:\/\/www.cyberark.com\/fr\/cyberark-commons\/#primaryimage\"},\"image\":{\"@id\":\"https:\/\/www.cyberark.com\/fr\/cyberark-commons\/#primaryimage\"},\"thumbnailUrl\":\"https:\/\/www.cyberark.com\/wp-content\/uploads\/2019\/10\/icon-peers.svg\",\"datePublished\":\"2019-10-16T21:18:05+00:00\",\"dateModified\":\"2020-07-16T19:54:56+00:00\",\"breadcrumb\":{\"@id\":\"https:\/\/www.cyberark.com\/fr\/cyberark-commons\/#breadcrumb\"},\"inLanguage\":\"fr-FR\",\"potentialAction\":[{\"@type\":\"ReadAction\",\"target\":[\"https:\/\/www.cyberark.com\/fr\/cyberark-commons\/\"]}]},{\"@type\":\"ImageObject\",\"inLanguage\":\"fr-FR\",\"@id\":\"https:\/\/www.cyberark.com\/fr\/cyberark-commons\/#primaryimage\",\"url\":\"https:\/\/www.cyberark.com\/wp-content\/uploads\/2019\/10\/icon-peers.svg\",\"contentUrl\":\"https:\/\/www.cyberark.com\/wp-content\/uploads\/2019\/10\/icon-peers.svg\"},{\"@type\":\"BreadcrumbList\",\"@id\":\"https:\/\/www.cyberark.com\/fr\/cyberark-commons\/#breadcrumb\",\"itemListElement\":[{\"@type\":\"ListItem\",\"position\":1,\"name\":\"Home\",\"item\":\"https:\/\/www.cyberark.com\/\"},{\"@type\":\"ListItem\",\"position\":2,\"name\":\"CyberArk Commons (ESPACE COMMUN CYBERARK)\"}]},{\"@type\":\"WebSite\",\"@id\":\"https:\/\/www.cyberark.com\/#website\",\"url\":\"https:\/\/www.cyberark.com\/\",\"name\":\"CyberArk\",\"description\":\"\",\"publisher\":{\"@id\":\"https:\/\/www.cyberark.com\/#organization\"},\"potentialAction\":[{\"@type\":\"SearchAction\",\"target\":{\"@type\":\"EntryPoint\",\"urlTemplate\":\"https:\/\/www.cyberark.com\/?s={search_term_string}\"},\"query-input\":{\"@type\":\"PropertyValueSpecification\",\"valueRequired\":true,\"valueName\":\"search_term_string\"}}],\"inLanguage\":\"fr-FR\"},{\"@type\":\"Organization\",\"@id\":\"https:\/\/www.cyberark.com\/#organization\",\"name\":\"CyberArk Software\",\"url\":\"https:\/\/www.cyberark.com\/\",\"logo\":{\"@type\":\"ImageObject\",\"inLanguage\":\"fr-FR\",\"@id\":\"https:\/\/www.cyberark.com\/#\/schema\/logo\/image\/\",\"url\":\"https:\/\/www.cyberark.com\/wp-content\/uploads\/2021\/02\/cyberark-logo-dark.svg\",\"contentUrl\":\"https:\/\/www.cyberark.com\/wp-content\/uploads\/2021\/02\/cyberark-logo-dark.svg\",\"width\":\"1024\",\"height\":\"1024\",\"caption\":\"CyberArk Software\"},\"image\":{\"@id\":\"https:\/\/www.cyberark.com\/#\/schema\/logo\/image\/\"},\"sameAs\":[\"https:\/\/www.facebook.com\/CyberArk\/\",\"https:\/\/x.com\/CyberArk\",\"https:\/\/www.linkedin.com\/company\/cyber-ark-software\/\"]}]}<\/script>\n<!-- \/ Yoast SEO Premium plugin. -->","yoast_head_json":{"title":"CyberArk Commons (ESPACE COMMUN CYBERARK) | CyberArk","robots":{"index":"index","follow":"follow","max-snippet":"max-snippet:-1","max-image-preview":"max-image-preview:large","max-video-preview":"max-video-preview:-1"},"canonical":"https:\/\/www.cyberark.com\/fr\/cyberark-commons\/","og_locale":"fr_FR","og_type":"article","og_title":"CyberArk Commons (ESPACE COMMUN CYBERARK)","og_description":"[vc_row full_width=\u00a0\u00bbstretch_row\u00a0\u00bb content_placement=\u00a0\u00bbtop\u00a0\u00bb css=\u00a0\u00bb.vc_custom_1571168044164{background-image: url(https:\/\/www.cyberark.com\/wp-content\/uploads\/2019\/10\/CyberArkCommons_Hero.jpg?id=75836) !important;background-position: center !important;background-repeat: no-repeat !important;background-size: cover !important;}\u00a0\u00bb el_class=\u00a0\u00bbcyb-hero-section cyb-desktop\u00a0\u00bb][vc_column][vc_row_inner content_placement=\u00a0\u00bbmiddle\u00a0\u00bb el_class=\u00a0\u00bbcyb-hero-header\u00a0\u00bb][vc_column_inner el_class=\u00a0\u00bbcyb-hero-header-text\u00a0\u00bb][vc_custom_heading text=\u00a0\u00bbL\u2019ESPACE COMMUN CYBERARK\u00a0\u00bb font_container=\u00a0\u00bbtag:h1|text_align:left|color:%234d8fcc\u00a0\u00bb use_theme_fonts=\u00a0\u00bbyes\u00a0\u00bb css=\u00a0\u00bb.vc_custom_1571170227672{margin-bottom: 0px !important;}\u00a0\u00bb][vc_custom_heading text=\u00a0\u00bbUne communaut\u00e9 ouverte pour les d\u00e9veloppeurs et les ing\u00e9nieurs pour...","og_url":"https:\/\/www.cyberark.com\/fr\/cyberark-commons\/","og_site_name":"CyberArk","article_publisher":"https:\/\/www.facebook.com\/CyberArk\/","article_modified_time":"2020-07-16T19:54:56+00:00","og_image":[{"url":"https:\/\/www.cyberark.com\/wp-content\/uploads\/2019\/10\/icon-peers.svg","type":"","width":"","height":""}],"twitter_card":"summary_large_image","twitter_site":"@CyberArk","twitter_misc":{"Dur\u00e9e de lecture estim\u00e9e":"3 minutes"},"schema":{"@context":"https:\/\/schema.org","@graph":[{"@type":"WebPage","@id":"https:\/\/www.cyberark.com\/fr\/cyberark-commons\/","url":"https:\/\/www.cyberark.com\/fr\/cyberark-commons\/","name":"CyberArk Commons (ESPACE COMMUN CYBERARK) | CyberArk","isPartOf":{"@id":"https:\/\/www.cyberark.com\/#website"},"primaryImageOfPage":{"@id":"https:\/\/www.cyberark.com\/fr\/cyberark-commons\/#primaryimage"},"image":{"@id":"https:\/\/www.cyberark.com\/fr\/cyberark-commons\/#primaryimage"},"thumbnailUrl":"https:\/\/www.cyberark.com\/wp-content\/uploads\/2019\/10\/icon-peers.svg","datePublished":"2019-10-16T21:18:05+00:00","dateModified":"2020-07-16T19:54:56+00:00","breadcrumb":{"@id":"https:\/\/www.cyberark.com\/fr\/cyberark-commons\/#breadcrumb"},"inLanguage":"fr-FR","potentialAction":[{"@type":"ReadAction","target":["https:\/\/www.cyberark.com\/fr\/cyberark-commons\/"]}]},{"@type":"ImageObject","inLanguage":"fr-FR","@id":"https:\/\/www.cyberark.com\/fr\/cyberark-commons\/#primaryimage","url":"https:\/\/www.cyberark.com\/wp-content\/uploads\/2019\/10\/icon-peers.svg","contentUrl":"https:\/\/www.cyberark.com\/wp-content\/uploads\/2019\/10\/icon-peers.svg"},{"@type":"BreadcrumbList","@id":"https:\/\/www.cyberark.com\/fr\/cyberark-commons\/#breadcrumb","itemListElement":[{"@type":"ListItem","position":1,"name":"Home","item":"https:\/\/www.cyberark.com\/"},{"@type":"ListItem","position":2,"name":"CyberArk Commons (ESPACE COMMUN CYBERARK)"}]},{"@type":"WebSite","@id":"https:\/\/www.cyberark.com\/#website","url":"https:\/\/www.cyberark.com\/","name":"CyberArk","description":"","publisher":{"@id":"https:\/\/www.cyberark.com\/#organization"},"potentialAction":[{"@type":"SearchAction","target":{"@type":"EntryPoint","urlTemplate":"https:\/\/www.cyberark.com\/?s={search_term_string}"},"query-input":{"@type":"PropertyValueSpecification","valueRequired":true,"valueName":"search_term_string"}}],"inLanguage":"fr-FR"},{"@type":"Organization","@id":"https:\/\/www.cyberark.com\/#organization","name":"CyberArk Software","url":"https:\/\/www.cyberark.com\/","logo":{"@type":"ImageObject","inLanguage":"fr-FR","@id":"https:\/\/www.cyberark.com\/#\/schema\/logo\/image\/","url":"https:\/\/www.cyberark.com\/wp-content\/uploads\/2021\/02\/cyberark-logo-dark.svg","contentUrl":"https:\/\/www.cyberark.com\/wp-content\/uploads\/2021\/02\/cyberark-logo-dark.svg","width":"1024","height":"1024","caption":"CyberArk Software"},"image":{"@id":"https:\/\/www.cyberark.com\/#\/schema\/logo\/image\/"},"sameAs":["https:\/\/www.facebook.com\/CyberArk\/","https:\/\/x.com\/CyberArk","https:\/\/www.linkedin.com\/company\/cyber-ark-software\/"]}]}},"_links":{"self":[{"href":"https:\/\/www.cyberark.com\/fr\/wp-json\/wp\/v2\/pages\/80658","targetHints":{"allow":["GET"]}}],"collection":[{"href":"https:\/\/www.cyberark.com\/fr\/wp-json\/wp\/v2\/pages"}],"about":[{"href":"https:\/\/www.cyberark.com\/fr\/wp-json\/wp\/v2\/types\/page"}],"author":[{"embeddable":true,"href":"https:\/\/www.cyberark.com\/fr\/wp-json\/wp\/v2\/users\/125"}],"replies":[{"embeddable":true,"href":"https:\/\/www.cyberark.com\/fr\/wp-json\/wp\/v2\/comments?post=80658"}],"version-history":[{"count":0,"href":"https:\/\/www.cyberark.com\/fr\/wp-json\/wp\/v2\/pages\/80658\/revisions"}],"wp:attachment":[{"href":"https:\/\/www.cyberark.com\/fr\/wp-json\/wp\/v2\/media?parent=80658"}],"wp:term":[{"taxonomy":"product_category","embeddable":true,"href":"https:\/\/www.cyberark.com\/fr\/wp-json\/wp\/v2\/product_category?post=80658"}],"curies":[{"name":"wp","href":"https:\/\/api.w.org\/{rel}","templated":true}]}}