{"id":97866,"date":"2020-08-13T09:59:04","date_gmt":"2020-08-13T13:59:04","guid":{"rendered":"https:\/\/www.cyberark.com\/code-de-conduite-de-la-communaute-technique\/"},"modified":"2023-11-28T04:34:39","modified_gmt":"2023-11-28T09:34:39","slug":"tech-community-code-of-conduct","status":"publish","type":"page","link":"https:\/\/www.cyberark.com\/fr\/tech-community-code-of-conduct\/","title":{"rendered":"Code de conduite de la Communaut\u00e9 technique"},"content":{"rendered":"<div class=\"wpb-content-wrapper\"><p>[vc_row full_width=\u00a0\u00bbstretch_row\u00a0\u00bb el_class=\u00a0\u00bbcybv2 int-hero-noimg dark\u00a0\u00bb][vc_column width=\u00a0\u00bb3\/4&Prime; el_class=\u00a0\u00bbcolumn-1&Prime;][vc_column_text]<\/p>\n<h1>Code de conduite de la Communaut\u00e9 technique\u00a02023<\/h1>\n<p>[\/vc_column_text][vc_btn title=\u00a0\u00bbCommunaut\u00e9 technique\u00a0\u00bb style=\u00a0\u00bbcustom\u00a0\u00bb custom_background=\u00a0\u00bb\u00a0\u00bb custom_text=\u00a0\u00bb\u00a0\u00bb shape=\u00a0\u00bbsquare\u00a0\u00bb link=\u00a0\u00bburl:https%3A%2F%2Fcyberark.my.site.com%2Fs%2F|\u00a0\u00bb el_class=\u00a0\u00bbcybv2-button-solid\u00a0\u00bb][\/vc_column][\/vc_row][vc_row el_class=\u00a0\u00bbcybv2&Prime;][vc_column css=\u00a0\u00bb.vc_custom_1538598261432{padding-top: 2.5rem !important;padding-bottom: 2.5rem !important;}\u00a0\u00bb][vc_column_text el_class=\u00a0\u00bbcyb-pad-btm\u00a0\u00bb]<strong>La Communaut\u00e9 technique de CyberArk (ci-apr\u00e8s d\u00e9nomm\u00e9e \u00ab\u00a0Communaut\u00e9\u00a0\u00bb) est l\u2019endroit id\u00e9al pour poser des questions, demander des conseils et partager des solutions et des bonnes pratiques avec vos pairs, membres de la Communaut\u00e9 de CyberArk. CyberArk encourage les membres de sa Communaut\u00e9 \u00e0 apprendre les uns des autres et \u00e0 partager leurs connaissances, car nous voulons que la Communaut\u00e9 soit la ressource de r\u00e9f\u00e9rence pour les informations CyberArk. Dans cette optique, nous proposons \u00e0 nos utilisateurs de suivre quelques principes\u00a0!<\/strong>[\/vc_column_text][vc_column_text]<\/p>\n<h3>Normes de communication pour la Communaut\u00e9 technique<\/h3>\n<h4>Aider \u00e0 am\u00e9liorer la discussion<\/h4>\n<ul>\n<li>Si vous avez une question, veuillez prendre un peu de temps pour parcourir les fils de discussion disponibles avant de lancer le v\u00f4tre. Vous aurez de meilleures chances de rencontrer d\u2019autres personnes qui partagent vos int\u00e9r\u00eats et vos r\u00e9ponses seront plus pertinentes.<\/li>\n<li>N\u2019oubliez pas d\u2019inclure autant de d\u00e9tails que possible dans votre publication initiale\u00a0! Cela aidera les membres du forum \u00e0 r\u00e9diger des r\u00e9ponses plus cibl\u00e9es, acc\u00e9l\u00e9rant d\u2019autant la r\u00e9solution de votre probl\u00e8me\u00a0!<\/li>\n<li>Aidez \u00e0 faire de la Communaut\u00e9 technologique un endroit id\u00e9al pour le partage des connaissances en veillant toujours \u00e0 apporter, d\u2019une mani\u00e8re ou d\u2019une autre, votre contribution \u00e0 la discussion, si petite soit-elle. Avant de publier, assurez-vous que votre publication ajoute de la valeur \u00e0 la conversation. Si ce n\u2019est pas le cas, r\u00e9fl\u00e9chissez et revenez plus tard.<\/li>\n<li>Les sujets abord\u00e9s sont importants pour nous tous. Soyez respectueux des sujets, du temps n\u00e9cessaire pour \u00e9laborer une question et des personnes qui en discutent, m\u00eame si vous n\u2019\u00eates pas d\u2019accord.<\/li>\n<li>N\u2019oubliez pas que les discussions sont accessibles au public. Prot\u00e9gez vos informations personnelles et sensibles.<\/li>\n<\/ul>\n<h4>Vous rencontrez un probl\u00e8me\u00a0? Signalez-le<\/h4>\n<ul>\n<li>Les mod\u00e9rateurs sont responsables de ce forum, mais ils ont besoin de votre aide\u00a0! Avec votre aide, les mod\u00e9rateurs peuvent \u00eatre des facilitateurs communautaires, pas seulement des gardiens ou des agents de police.<\/li>\n<li>Si vous constatez un mauvais comportement, ne l\u2019encouragez pas en apportant une r\u00e9ponse. Il suffit de le signaler. L\u2019un de nos mod\u00e9rateurs prendra des mesures imm\u00e9diates pour corriger ce probl\u00e8me.<\/li>\n<li>Afin de conserver un lieu de croissance et d\u2019apprentissage dans notre Communaut\u00e9, les mod\u00e9rateurs se r\u00e9servent le droit de supprimer tout contenu et de suspendre tout compte utilisateur \u00e0 tout moment.<\/li>\n<li>Les publications ne sont pas pr\u00e9visualis\u00e9es ou conserv\u00e9es dans une file d\u2019attente. Les mod\u00e9rateurs et les op\u00e9rateurs du site n\u2019assument aucune responsabilit\u00e9 pour tout contenu publi\u00e9 par la Communaut\u00e9.<\/li>\n<\/ul>\n<h4>Am\u00e9liorer la Communaut\u00e9 gr\u00e2ce \u00e0 la participation<\/h4>\n<ul>\n<li>Aidez \u00e0 am\u00e9liorer la Communaut\u00e9 technique en partageant votre expertise CyberArk. Vous avez peut-\u00eatre la r\u00e9ponse que quelqu\u2019un d\u2019autre recherche, alors n\u2019h\u00e9sitez pas \u00e0 partager vos id\u00e9es dans le fil de discussion.<\/li>\n<li>Utilisez le bouton \u00ab\u00a0J\u2019aime\u00a0\u00bb pour souligner les r\u00e9ponses utiles de vos pairs.<\/li>\n<li>Utilisez les boutons \u00ab\u00a0J\u2019aime\u00a0\u00bb et \u00ab\u00a0Meilleure r\u00e9ponse\u00a0\u00bb pour souligner les r\u00e9ponses utiles.<\/li>\n<li>Signalez les publications et articles devant \u00eatre am\u00e9lior\u00e9s.<\/li>\n<\/ul>\n<h4>Discuter des questions de l\u2019examen de certification n\u2019est pas autoris\u00e9<\/h4>\n<ul>\n<li>Nous avons connaissance de plusieurs sites pr\u00e9tendant vendre des \u00ab\u00a0examens blancs\u00a0\u00bb ou des \u00ab\u00a0examens d\u2019entra\u00eenement\u00a0\u00bb pour les examens de certification CyberArk ainsi que pour de nombreux autres programmes de certification r\u00e9put\u00e9s. Nous appelons \u00e0 la prudence en ce qui concerne l\u2019achat de ces produits.<\/li>\n<li>Il n\u2019existe actuellement aucun vendeur agr\u00e9\u00e9 de mat\u00e9riel de pr\u00e9paration aux examens CyberArk. Notre objectif lors de la cr\u00e9ation d\u2019un programme de certification \u00e9tait de cr\u00e9er des examens de certification qui testent l\u2019exp\u00e9rience du monde r\u00e9el. Les produits Cyberark sont des solutions complexes qui ne peuvent pas \u00eatre ma\u00eetris\u00e9es dans un seul cours de formation ou un examen rapide. L\u2019utilisation de mat\u00e9riel \u00ab\u00a0de pr\u00e9paration \u00e0 l\u2019examen\u00a0\u00bb ne garantira pas la pr\u00e9paration \u00e0 un environnement CyberArk r\u00e9el. CyberArk n\u2019a donc pas cr\u00e9\u00e9 ce type de mat\u00e9riel et n\u2019a autoris\u00e9 aucun fournisseur tiers \u00e0 le faire.<\/li>\n<li>Nous vous demandons de jouer votre r\u00f4le pour maintenir la valeur que ce programme apporte \u00e0 nos clients, partenaires et personnes certifi\u00e9es\u00a0:\n<ul>\n<li>N\u2019utilisez pas de mat\u00e9riel d\u2019\u00e9tude non autoris\u00e9.<\/li>\n<li>Ne communiquez \u00e0 personne ce que vous avez vu lors d\u2019un examen de certification CyberArk.<\/li>\n<li>Ne fournissez pas de r\u00e9ponses \u00e0 une personne qui utilise la Communaut\u00e9 CyberArk ou d\u2019autres forums publics pour demander une aide inappropri\u00e9e afin de se pr\u00e9parer aux examens ou aux entretiens.<\/li>\n<li>Signalez aux mod\u00e9rateurs tout compte cherchant des r\u00e9ponses aux questions de test ou d\u2019entretien.<\/li>\n<\/ul>\n<\/li>\n<\/ul>\n<h4>Les promotions et les sollicitations commerciales ne sont pas autoris\u00e9es<\/h4>\n<ul>\n<li>Afin de pr\u00e9server l\u2019int\u00e9grit\u00e9 de la Communaut\u00e9, le contenu et les activit\u00e9s consistant en campagnes de publicit\u00e9, de promotion (diff\u00e9rentes des solutions open source) ou de sollicitation (directe ou indirecte) ne sont pas autoris\u00e9s, notamment le fait de\u00a0:\n<ul>\n<li>Cr\u00e9er, modifier ou publier du contenu concernant vos produits ou services (ou ceux de vos proches, de vos amis proches, de votre partenaire commercial ou de votre employeur).<\/li>\n<li>Cr\u00e9er, modifier ou publier du contenu concernant les produits ou services de vos concurrents.<\/li>\n<li>Cr\u00e9er, modifier ou publier du contenu en \u00e9change d\u2019une compensation de quelque nature que ce soit (y\u00a0compris des produits gratuits ou \u00e0 prix r\u00e9duit, ou des remboursements) ou pour le compte de quiconque.<\/li>\n<li>Offrir une compensation ou demander une compensation (y\u00a0compris des produits gratuits ou \u00e0 prix r\u00e9duit) en \u00e9change de la cr\u00e9ation, de la modification ou de la publication de contenu.<\/li>\n<li>Publier des publicit\u00e9s ou sollicitations, y\u00a0compris des URL avec des balises de parrainage ou des codes d\u2019affiliation.<\/li>\n<\/ul>\n<\/li>\n<\/ul>\n<h4>R\u00e9fl\u00e9chir avant de publier<\/h4>\n<ul>\n<li>Des publications raisonnables, r\u00e9fl\u00e9chies et d\u00e9taill\u00e9es aident d\u2019autres membres de la Communaut\u00e9 \u00e0 comprendre ce qui est demand\u00e9 ou expliqu\u00e9. Lorsque vous exprimez des opinions n\u00e9gatives, r\u00e9fl\u00e9chissez bien et examinez ce qui est dit avant de publier pour vous assurer que la publication est \u00e0 la fois constructive et respectueuse des autres.<\/li>\n<li>Lorsque vous publiez un lien, assurez-vous qu\u2019il n\u2019est pas malveillant et qu\u2019il est valide.<\/li>\n<li>Lorsque vous publiez une question, assurez-vous d\u2019inclure toutes les informations pertinentes. Cela inclut votre produit, sa version et tous les d\u00e9tails des \u00e9v\u00e9nements qui se produisent. Les questions \u00e0 phrase unique sont rarement de bonnes questions\u00a0!<\/li>\n<li>Lorsque vous publiez une r\u00e9ponse, assurez-vous d\u2019inclure tous les d\u00e9tails pertinents. Une phrase suffit rarement \u00e0 r\u00e9soudre une question\u00a0!<\/li>\n<\/ul>\n<h4>Prot\u00e9ger vos informations personnelles<\/h4>\n<ul>\n<li>Lorsque vous publiez sur les forums CyberArk, veuillez faire preuve de discernement lorsque vous divulguez des informations vous concernant.<\/li>\n<li>Les mod\u00e9rateurs essaient de maintenir un environnement de publication s\u00e9curis\u00e9 sur le forum et peuvent supprimer toute publication r\u00e9v\u00e9lant des informations sensibles telles que des adresses, des num\u00e9ros de t\u00e9l\u00e9phone, des noms ou d\u2019autres identifiants.<\/li>\n<\/ul>\n<h4>NE PAS ENVOYER DE SPAM<\/h4>\n<ul>\n<li>Le spam peut inclure la publication crois\u00e9e des m\u00eames informations dans de multiples fils sur de multiples forums, des annonces r\u00e9p\u00e9t\u00e9es dans plusieurs fils ou des publications contenant un contenu moins utile (comme \u00ab\u00a0+1\u00a0\u00bb, \u00ab\u00a0premi\u00e8re publication\u00a0\u00bb ou \u00ab\u00a0grignote du pop-corn\u00a0\u00bb). Nous encourageons les conversations pertinentes sur nos forums et les publications de spams sont souvent contraires \u00e0 cet objectif.<\/li>\n<\/ul>\n<h4>Publier dans le th\u00e8me pertinent<\/h4>\n<ul>\n<li>Publier dans les forums pertinents garantit que les fils soient vus par les membres de la Communaut\u00e9 qui sont tr\u00e8s int\u00e9ress\u00e9s par le th\u00e8me. Veuillez prendre le temps de passer en revue les diff\u00e9rents forums pour vous assurer que vous envoyez votre publication au meilleur endroit.<\/li>\n<li>N\u2019oubliez pas d\u2019\u00e9tiqueter votre question en choisissant parmi les sujets appropri\u00e9s.<\/li>\n<li>Les mod\u00e9rateurs ajusteront les sujets de publication si n\u00e9cessaire.<\/li>\n<\/ul>\n<p>L\u2019\u00e9quipe de gestion de la Communaut\u00e9 technique de CyberArk encourage tous les membres actifs de la Communaut\u00e9 \u00e0 se r\u00e9f\u00e9rer \u00e0 ces directives avant de poser ou de r\u00e9pondre \u00e0 une question et avant de signaler une publication. Cette Communaut\u00e9 est vraiment une Communaut\u00e9 ax\u00e9e sur l\u2019utilisateur o\u00f9 la qualit\u00e9 est mise en avant par rapport \u00e0 la quantit\u00e9. C\u2019est le cas si nous cherchons \u00e0 valider si notre question a \u00e9t\u00e9 pos\u00e9e ou a re\u00e7u une r\u00e9ponse, et si nous publions uniquement une r\u00e9ponse pour fournir une solution qui r\u00e9sout r\u00e9ellement le probl\u00e8me abord\u00e9 ou pour fournir un point de vue pr\u00e9cieux sur le sujet abord\u00e9.<\/p>\n<p>Pour toute autre question non abord\u00e9e ici, nous encourageons les membres de notre Communaut\u00e9 \u00e0 nous faire part de leurs commentaires directs en envoyant un e-mail \u00e0 l\u2019\u00e9quipe de gestion de la Communaut\u00e9 technique de CyberArk \u00e0 <a href=\"mailto:KM@cyberark.com\">KM@cyberark.com<\/a>.<\/p>\n<p>Veuillez \u00e9galement consulter les <a href=\"https:\/\/www.cyberark.com\/fr\/communities-terms-of-use\/\">r\u00e8gles d\u2019engagement de la Communaut\u00e9 technique de CyberArk<\/a> pour \u00eatre inform\u00e9 des r\u00e8gles qui r\u00e9gissent votre acc\u00e8s et votre utilisation des communaut\u00e9s de CyberArk.[\/vc_column_text][\/vc_column][\/vc_row][vc_column width=\u00a0\u00bb1\/12&Prime;][\/vc_column]<\/p>\n<\/div>","protected":false},"excerpt":{"rendered":"<p>[vc_row full_width=\u00a0\u00bbstretch_row\u00a0\u00bb el_class=\u00a0\u00bbcybv2 int-hero-noimg dark\u00a0\u00bb][vc_column width=\u00a0\u00bb3\/4&Prime; el_class=\u00a0\u00bbcolumn-1&Prime;][vc_column_text] Code de conduite de la Communaut\u00e9 technique\u00a02023 [\/vc_column_text][vc_btn title=\u00a0\u00bbCommunaut\u00e9 technique\u00a0\u00bb style=\u00a0\u00bbcustom\u00a0\u00bb custom_background=\u00a0\u00bb\u00a0\u00bb custom_text=\u00a0\u00bb\u00a0\u00bb shape=\u00a0\u00bbsquare\u00a0\u00bb link=\u00a0\u00bburl:https%3A%2F%2Fcyberark.my.site.com%2Fs%2F|\u00a0\u00bb el_class=\u00a0\u00bbcybv2-button-solid\u00a0\u00bb][\/vc_column][\/vc_row][vc_row el_class=\u00a0\u00bbcybv2&Prime;][vc_column css=\u00a0\u00bb.vc_custom_1538598261432{padding-top: 2.5rem !important;padding-bottom: 2.5rem !important;}\u00a0\u00bb][vc_column_text el_class=\u00a0\u00bbcyb-pad-btm\u00a0\u00bb]La Communaut\u00e9 technique de CyberArk (ci-apr\u00e8s&#8230;<\/p>\n","protected":false},"author":164,"featured_media":0,"parent":0,"menu_order":0,"comment_status":"closed","ping_status":"closed","template":"","meta":{"_acf_changed":false,"inline_featured_image":false,"footnotes":""},"product_category":[],"class_list":["post-97866","page","type-page","status-publish","hentry"],"acf":[],"yoast_head":"<!-- This site is optimized with the Yoast SEO Premium plugin v27.2 (Yoast SEO v27.2) - https:\/\/yoast.com\/product\/yoast-seo-premium-wordpress\/ -->\n<title>Code de conduite de la Communaut\u00e9 technique | CyberArk<\/title>\n<meta name=\"robots\" content=\"index, follow, max-snippet:-1, max-image-preview:large, max-video-preview:-1\" \/>\n<link rel=\"canonical\" href=\"https:\/\/www.cyberark.com\/fr\/tech-community-code-of-conduct\/\" \/>\n<meta property=\"og:locale\" content=\"fr_FR\" \/>\n<meta property=\"og:type\" content=\"article\" \/>\n<meta property=\"og:title\" content=\"Code de conduite de la Communaut\u00e9 technique\" \/>\n<meta property=\"og:description\" content=\"[vc_row full_width=\u00a0\u00bbstretch_row\u00a0\u00bb el_class=\u00a0\u00bbcybv2 int-hero-noimg dark\u00a0\u00bb][vc_column width=\u00a0\u00bb3\/4&Prime; el_class=\u00a0\u00bbcolumn-1&Prime;][vc_column_text] Code de conduite de la Communaut\u00e9 technique\u00a02023 [\/vc_column_text][vc_btn title=\u00a0\u00bbCommunaut\u00e9 technique\u00a0\u00bb style=\u00a0\u00bbcustom\u00a0\u00bb custom_background=\u00a0\u00bb\u00a0\u00bb custom_text=\u00a0\u00bb\u00a0\u00bb shape=\u00a0\u00bbsquare\u00a0\u00bb link=\u00a0\u00bburl:https%3A%2F%2Fcyberark.my.site.com%2Fs%2F|\u00a0\u00bb el_class=\u00a0\u00bbcybv2-button-solid\u00a0\u00bb][\/vc_column][\/vc_row][vc_row el_class=\u00a0\u00bbcybv2&Prime;][vc_column css=\u00a0\u00bb.vc_custom_1538598261432{padding-top: 2.5rem !important;padding-bottom: 2.5rem !important;}\u00a0\u00bb][vc_column_text el_class=\u00a0\u00bbcyb-pad-btm\u00a0\u00bb]La Communaut\u00e9 technique de CyberArk (ci-apr\u00e8s...\" \/>\n<meta property=\"og:url\" content=\"https:\/\/www.cyberark.com\/fr\/tech-community-code-of-conduct\/\" \/>\n<meta property=\"og:site_name\" content=\"CyberArk\" \/>\n<meta property=\"article:publisher\" content=\"https:\/\/www.facebook.com\/CyberArk\/\" \/>\n<meta property=\"article:modified_time\" content=\"2023-11-28T09:34:39+00:00\" \/>\n<meta property=\"og:image\" content=\"https:\/\/www.cyberark.com\/wp-content\/uploads\/2022\/09\/CYBR-gradient-bg-og-120x627-01-1024x535.png\" \/>\n\t<meta property=\"og:image:width\" content=\"1024\" \/>\n\t<meta property=\"og:image:height\" content=\"535\" \/>\n\t<meta property=\"og:image:type\" content=\"image\/png\" \/>\n<meta name=\"twitter:card\" content=\"summary_large_image\" \/>\n<meta name=\"twitter:site\" content=\"@CyberArk\" \/>\n<meta name=\"twitter:label1\" content=\"Dur\u00e9e de lecture estim\u00e9e\" \/>\n\t<meta name=\"twitter:data1\" content=\"8 minutes\" \/>\n<script type=\"application\/ld+json\" class=\"yoast-schema-graph\">{\"@context\":\"https:\/\/schema.org\",\"@graph\":[{\"@type\":\"WebPage\",\"@id\":\"https:\/\/www.cyberark.com\/fr\/tech-community-code-of-conduct\/\",\"url\":\"https:\/\/www.cyberark.com\/fr\/tech-community-code-of-conduct\/\",\"name\":\"Code de conduite de la Communaut\u00e9 technique | CyberArk\",\"isPartOf\":{\"@id\":\"https:\/\/www.cyberark.com\/#website\"},\"datePublished\":\"2020-08-13T13:59:04+00:00\",\"dateModified\":\"2023-11-28T09:34:39+00:00\",\"breadcrumb\":{\"@id\":\"https:\/\/www.cyberark.com\/fr\/tech-community-code-of-conduct\/#breadcrumb\"},\"inLanguage\":\"fr-FR\",\"potentialAction\":[{\"@type\":\"ReadAction\",\"target\":[\"https:\/\/www.cyberark.com\/fr\/tech-community-code-of-conduct\/\"]}]},{\"@type\":\"BreadcrumbList\",\"@id\":\"https:\/\/www.cyberark.com\/fr\/tech-community-code-of-conduct\/#breadcrumb\",\"itemListElement\":[{\"@type\":\"ListItem\",\"position\":1,\"name\":\"Home\",\"item\":\"https:\/\/www.cyberark.com\/\"},{\"@type\":\"ListItem\",\"position\":2,\"name\":\"Code de conduite de la Communaut\u00e9 technique\"}]},{\"@type\":\"WebSite\",\"@id\":\"https:\/\/www.cyberark.com\/#website\",\"url\":\"https:\/\/www.cyberark.com\/\",\"name\":\"CyberArk\",\"description\":\"\",\"publisher\":{\"@id\":\"https:\/\/www.cyberark.com\/#organization\"},\"potentialAction\":[{\"@type\":\"SearchAction\",\"target\":{\"@type\":\"EntryPoint\",\"urlTemplate\":\"https:\/\/www.cyberark.com\/?s={search_term_string}\"},\"query-input\":{\"@type\":\"PropertyValueSpecification\",\"valueRequired\":true,\"valueName\":\"search_term_string\"}}],\"inLanguage\":\"fr-FR\"},{\"@type\":\"Organization\",\"@id\":\"https:\/\/www.cyberark.com\/#organization\",\"name\":\"CyberArk Software\",\"url\":\"https:\/\/www.cyberark.com\/\",\"logo\":{\"@type\":\"ImageObject\",\"inLanguage\":\"fr-FR\",\"@id\":\"https:\/\/www.cyberark.com\/#\/schema\/logo\/image\/\",\"url\":\"https:\/\/www.cyberark.com\/wp-content\/uploads\/2021\/02\/cyberark-logo-dark.svg\",\"contentUrl\":\"https:\/\/www.cyberark.com\/wp-content\/uploads\/2021\/02\/cyberark-logo-dark.svg\",\"width\":\"1024\",\"height\":\"1024\",\"caption\":\"CyberArk Software\"},\"image\":{\"@id\":\"https:\/\/www.cyberark.com\/#\/schema\/logo\/image\/\"},\"sameAs\":[\"https:\/\/www.facebook.com\/CyberArk\/\",\"https:\/\/x.com\/CyberArk\",\"https:\/\/www.linkedin.com\/company\/cyber-ark-software\/\"]}]}<\/script>\n<!-- \/ Yoast SEO Premium plugin. -->","yoast_head_json":{"title":"Code de conduite de la Communaut\u00e9 technique | CyberArk","robots":{"index":"index","follow":"follow","max-snippet":"max-snippet:-1","max-image-preview":"max-image-preview:large","max-video-preview":"max-video-preview:-1"},"canonical":"https:\/\/www.cyberark.com\/fr\/tech-community-code-of-conduct\/","og_locale":"fr_FR","og_type":"article","og_title":"Code de conduite de la Communaut\u00e9 technique","og_description":"[vc_row full_width=\u00a0\u00bbstretch_row\u00a0\u00bb el_class=\u00a0\u00bbcybv2 int-hero-noimg dark\u00a0\u00bb][vc_column width=\u00a0\u00bb3\/4&Prime; el_class=\u00a0\u00bbcolumn-1&Prime;][vc_column_text] Code de conduite de la Communaut\u00e9 technique\u00a02023 [\/vc_column_text][vc_btn title=\u00a0\u00bbCommunaut\u00e9 technique\u00a0\u00bb style=\u00a0\u00bbcustom\u00a0\u00bb custom_background=\u00a0\u00bb\u00a0\u00bb custom_text=\u00a0\u00bb\u00a0\u00bb shape=\u00a0\u00bbsquare\u00a0\u00bb link=\u00a0\u00bburl:https%3A%2F%2Fcyberark.my.site.com%2Fs%2F|\u00a0\u00bb el_class=\u00a0\u00bbcybv2-button-solid\u00a0\u00bb][\/vc_column][\/vc_row][vc_row el_class=\u00a0\u00bbcybv2&Prime;][vc_column css=\u00a0\u00bb.vc_custom_1538598261432{padding-top: 2.5rem !important;padding-bottom: 2.5rem !important;}\u00a0\u00bb][vc_column_text el_class=\u00a0\u00bbcyb-pad-btm\u00a0\u00bb]La Communaut\u00e9 technique de CyberArk (ci-apr\u00e8s...","og_url":"https:\/\/www.cyberark.com\/fr\/tech-community-code-of-conduct\/","og_site_name":"CyberArk","article_publisher":"https:\/\/www.facebook.com\/CyberArk\/","article_modified_time":"2023-11-28T09:34:39+00:00","og_image":[{"width":1024,"height":535,"url":"https:\/\/www.cyberark.com\/wp-content\/uploads\/2022\/09\/CYBR-gradient-bg-og-120x627-01-1024x535.png","type":"image\/png"}],"twitter_card":"summary_large_image","twitter_site":"@CyberArk","twitter_misc":{"Dur\u00e9e de lecture estim\u00e9e":"8 minutes"},"schema":{"@context":"https:\/\/schema.org","@graph":[{"@type":"WebPage","@id":"https:\/\/www.cyberark.com\/fr\/tech-community-code-of-conduct\/","url":"https:\/\/www.cyberark.com\/fr\/tech-community-code-of-conduct\/","name":"Code de conduite de la Communaut\u00e9 technique | CyberArk","isPartOf":{"@id":"https:\/\/www.cyberark.com\/#website"},"datePublished":"2020-08-13T13:59:04+00:00","dateModified":"2023-11-28T09:34:39+00:00","breadcrumb":{"@id":"https:\/\/www.cyberark.com\/fr\/tech-community-code-of-conduct\/#breadcrumb"},"inLanguage":"fr-FR","potentialAction":[{"@type":"ReadAction","target":["https:\/\/www.cyberark.com\/fr\/tech-community-code-of-conduct\/"]}]},{"@type":"BreadcrumbList","@id":"https:\/\/www.cyberark.com\/fr\/tech-community-code-of-conduct\/#breadcrumb","itemListElement":[{"@type":"ListItem","position":1,"name":"Home","item":"https:\/\/www.cyberark.com\/"},{"@type":"ListItem","position":2,"name":"Code de conduite de la Communaut\u00e9 technique"}]},{"@type":"WebSite","@id":"https:\/\/www.cyberark.com\/#website","url":"https:\/\/www.cyberark.com\/","name":"CyberArk","description":"","publisher":{"@id":"https:\/\/www.cyberark.com\/#organization"},"potentialAction":[{"@type":"SearchAction","target":{"@type":"EntryPoint","urlTemplate":"https:\/\/www.cyberark.com\/?s={search_term_string}"},"query-input":{"@type":"PropertyValueSpecification","valueRequired":true,"valueName":"search_term_string"}}],"inLanguage":"fr-FR"},{"@type":"Organization","@id":"https:\/\/www.cyberark.com\/#organization","name":"CyberArk Software","url":"https:\/\/www.cyberark.com\/","logo":{"@type":"ImageObject","inLanguage":"fr-FR","@id":"https:\/\/www.cyberark.com\/#\/schema\/logo\/image\/","url":"https:\/\/www.cyberark.com\/wp-content\/uploads\/2021\/02\/cyberark-logo-dark.svg","contentUrl":"https:\/\/www.cyberark.com\/wp-content\/uploads\/2021\/02\/cyberark-logo-dark.svg","width":"1024","height":"1024","caption":"CyberArk Software"},"image":{"@id":"https:\/\/www.cyberark.com\/#\/schema\/logo\/image\/"},"sameAs":["https:\/\/www.facebook.com\/CyberArk\/","https:\/\/x.com\/CyberArk","https:\/\/www.linkedin.com\/company\/cyber-ark-software\/"]}]}},"_links":{"self":[{"href":"https:\/\/www.cyberark.com\/fr\/wp-json\/wp\/v2\/pages\/97866","targetHints":{"allow":["GET"]}}],"collection":[{"href":"https:\/\/www.cyberark.com\/fr\/wp-json\/wp\/v2\/pages"}],"about":[{"href":"https:\/\/www.cyberark.com\/fr\/wp-json\/wp\/v2\/types\/page"}],"author":[{"embeddable":true,"href":"https:\/\/www.cyberark.com\/fr\/wp-json\/wp\/v2\/users\/164"}],"replies":[{"embeddable":true,"href":"https:\/\/www.cyberark.com\/fr\/wp-json\/wp\/v2\/comments?post=97866"}],"version-history":[{"count":0,"href":"https:\/\/www.cyberark.com\/fr\/wp-json\/wp\/v2\/pages\/97866\/revisions"}],"wp:attachment":[{"href":"https:\/\/www.cyberark.com\/fr\/wp-json\/wp\/v2\/media?parent=97866"}],"wp:term":[{"taxonomy":"product_category","embeddable":true,"href":"https:\/\/www.cyberark.com\/fr\/wp-json\/wp\/v2\/product_category?post=97866"}],"curies":[{"name":"wp","href":"https:\/\/api.w.org\/{rel}","templated":true}]}}