{"id":134326,"date":"2022-09-14T11:03:11","date_gmt":"2022-09-14T15:03:11","guid":{"rendered":"https:\/\/www.cyberark.com\/racconti-dei-clienti\/"},"modified":"2025-10-16T06:18:49","modified_gmt":"2025-10-16T10:18:49","slug":"customer-stories","status":"publish","type":"page","link":"https:\/\/www.cyberark.com\/it\/customer-stories\/","title":{"rendered":"Customer story"},"content":{"rendered":"<div class=\"wpb-content-wrapper\"><p>[vc_row full_width=&#8221;stretch_row&#8221; el_class=&#8221;cybv2 int-hero-noimg dark&#8221;][vc_column width=&#8221;7\/12&#8243; el_class=&#8221;column-1&#8243;][vc_column_text css=&#8221;&#8221;]<\/p>\n<h1 class=\"chartreuse\">Proteggere il futuro insieme<\/h1>\n<p><\/p>\n<h2>Scopri come le principali aziende risolvono sfide di sicurezza complesse con CyberArk.<\/h2>\n<p>[\/vc_column_text][\/vc_column][\/vc_row][vc_row equal_height=&#8221;yes&#8221; el_class=&#8221;cybv2 cybv2_customer_stories vc_tta-o-non-responsive mt-12&#8243; css=&#8221;.vc_custom_1714763180252{background-color: #ffffff !important;}&#8221;][vc_column][vc_tta_tabs style=&#8221;flat&#8221; shape=&#8221;square&#8221; color=&#8221;white&#8221; spacing=&#8221;&#8221; gap=&#8221;20&#8243; alignment=&#8221;center&#8221; active_section=&#8221;&#8221; el_class=&#8221;cybv2_customer_stories_tabs&#8221; css=&#8221;.vc_custom_1608676900675{background-color: #ffffff !important;}&#8221;][vc_tta_section title=&#8221;Carnival Corporation&#8221; tab_id=&#8221;carnival-corporation&#8221; el_class=&#8221;new_hpstyle_section6_tab2_icon vc_active&#8221;][vc_row_inner equal_height=&#8221;yes&#8221; content_placement=&#8221;middle&#8221; el_class=&#8221;new_hpstyle_section6_maintab_row&#8221;][vc_column_inner el_class=&#8221;image-column&#8221; width=&#8221;1\/2&#8243; css=&#8221;.vc_custom_1607653500231{background-position: center !important;background-repeat: no-repeat !important;background-size: cover !important;}&#8221;][vc_single_image image=&#8221;211117&#8243; img_size=&#8221;full&#8221; alignment=&#8221;right&#8221; css=&#8221;&#8221; el_class=&#8221;new_hpstyle_section6_tab1_left_image&#8221;][\/vc_column_inner][vc_column_inner el_class=&#8221;new_hpstyle_section6_tab1_right_bckgrd&#8221; width=&#8221;1\/2&#8243;][vc_column_text css=&#8221;&#8221; el_class=&#8221;new_hpstyle_section6_tab1_text1 text&#8221;]<\/p>\n<h4>Carnival Corporation intraprende un percorso pi\u00f9 sicuro<\/h4>\n<p>Ogni nave \u00e8 una citt\u00e0 in mare aperto. Carnival Corporation collabora con CyberArk per proteggere le identit\u00e0, stabilire fiducia e garantire operazioni sicure in tutta la sua flotta.[\/vc_column_text][vc_column_text css=&#8221;.vc_custom_1749232337744{margin-top: 45px !important;}&#8221; el_class=&#8221;link-arrow-right mt-4&#8243;]<a href=\"https:\/\/www.cyberark.com\/resources\/fearlessly-forward-customer-spotlight-series\/security-matters-fearlessly-forward-with-carnival-corporation\">Guarda il video<\/a><i class=\"fa fa-long-arrow-right\"><\/i>[\/vc_column_text][\/vc_column_inner][\/vc_row_inner][\/vc_tta_section][vc_tta_section title=&#8221;Webster Bank&#8221; tab_id=&#8221;webster-bank&#8221; el_class=&#8221;new_hpstyle_section6_tab3_icon&#8221;][vc_row_inner equal_height=&#8221;yes&#8221; content_placement=&#8221;middle&#8221; el_class=&#8221;new_hpstyle_section6_maintab_row&#8221;][vc_column_inner el_class=&#8221;image-column&#8221; width=&#8221;1\/2&#8243; css=&#8221;.vc_custom_1607653503563{background-position: center !important;background-repeat: no-repeat !important;background-size: cover !important;}&#8221;][vc_single_image image=&#8221;217395&#8243; img_size=&#8221;full&#8221; alignment=&#8221;right&#8221; css=&#8221;&#8221; el_class=&#8221;new_hpstyle_section6_tab1_left_image&#8221;][\/vc_column_inner][vc_column_inner el_class=&#8221;new_hpstyle_section6_tab1_right_bckgrd&#8221; width=&#8221;1\/2&#8243;][vc_column_text css=&#8221;.vc_custom_1759731226291{margin-top: 20px !important;}&#8221; el_class=&#8221;new_hpstyle_section6_tab1_text1 text&#8221;]<\/p>\n<h4>90 anni di fiducia, innovazione e crescita<\/h4>\n<p>Basandosi sulla fiducia e sull&#8217;innovazione, Webster Bank collabora con CyberArk per concentrarsi su ci\u00f2 che conta davvero: fornire soluzioni finanziarie che supportino i clienti e le comunit\u00e0.[\/vc_column_text][vc_column_text css=&#8221;&#8221; el_class=&#8221;link-arrow-right&#8221;]<a href=\"https:\/\/www.cyberark.com\/resources\/videos\/security-matters-fearlessly-forward-with-webster-bank\">Guarda il video<\/a><i class=\"fa fa-long-arrow-right\"><\/i>[\/vc_column_text][\/vc_column_inner][\/vc_row_inner][\/vc_tta_section][vc_tta_section title=&#8221;PDS Health&#8221; tab_id=&#8221;1759730859602-45fadbcd-f717&#8243; el_class=&#8221;new_hpstyle_section6_tab4_icon&#8221;][vc_row_inner equal_height=&#8221;yes&#8221; content_placement=&#8221;middle&#8221; el_class=&#8221;new_hpstyle_section6_maintab_row&#8221;][vc_column_inner el_class=&#8221;image-column&#8221; width=&#8221;1\/2&#8243; css=&#8221;.vc_custom_1607653503563{background-position: center !important;background-repeat: no-repeat !important;background-size: cover !important;}&#8221;][vc_single_image image=&#8221;211126&#8243; img_size=&#8221;full&#8221; alignment=&#8221;right&#8221; css=&#8221;&#8221; el_class=&#8221;new_hpstyle_section6_tab1_left_image&#8221;][\/vc_column_inner][vc_column_inner el_class=&#8221;new_hpstyle_section6_tab1_right_bckgrd&#8221; width=&#8221;1\/2&#8243;][vc_column_text css=&#8221;.vc_custom_1749219915540{margin-top: 20px !important;}&#8221; el_class=&#8221;new_hpstyle_section6_tab1_text1 text&#8221;]<\/p>\n<h4>\u201cL&#8217;identit\u00e0 \u00e8 il nuovo firewall. \u00c8 il nuovo perimetro. \u00c8 la nuova frontiera. \u00c8 il nuovo tutto.&#8221;<\/h4>\n<p>[\/vc_column_text][vc_column_text css=&#8221;&#8221; el_class=&#8221;new_hpstyle_section6_tab1_text2&#8243;]Nemi George, Vice President\u200b <strong>Information Security Officer &amp; IT Service Operations di PDS Health<\/strong>[\/vc_column_text][vc_column_text css=&#8221;&#8221; el_class=&#8221;link-arrow-right&#8221;]<a href=\"https:\/\/www.cyberark.com\/resources\/fearlessly-forward-customer-spotlight-series\/security-matters-fearlessly-forward-with-pds-health\">Guarda il video<\/a><i class=\"fa fa-long-arrow-right\"><\/i>[\/vc_column_text][\/vc_column_inner][\/vc_row_inner][\/vc_tta_section][vc_tta_section title=&#8221;Panasonic&#8221; tab_id=&#8221;panasonic&#8221; el_class=&#8221;new_hpstyle_section6_tab5_icon&#8221;][vc_row_inner equal_height=&#8221;yes&#8221; content_placement=&#8221;middle&#8221; el_class=&#8221;new_hpstyle_section6_maintab_row&#8221;][vc_column_inner el_class=&#8221;image-column&#8221; width=&#8221;1\/2&#8243; css=&#8221;.vc_custom_1607653481888{background-position: center !important;background-repeat: no-repeat !important;background-size: cover !important;}&#8221;][vc_single_image image=&#8221;211136&#8243; img_size=&#8221;full&#8221; alignment=&#8221;right&#8221; css=&#8221;&#8221; el_class=&#8221;new_hpstyle_section6_tab1_left_image&#8221;][\/vc_column_inner][vc_column_inner el_class=&#8221;new_hpstyle_section6_tab1_right_bckgrd&#8221; width=&#8221;1\/2&#8243;][vc_column_text css=&#8221;&#8221; el_class=&#8221;new_hpstyle_section6_tab1_text1 text&#8221;]<\/p>\n<h4>Proteggere l&#8217;innovazione su scala globale<\/h4>\n<p>Panasonic collabora con CyberArk per proteggere identit\u00e0, sistemi e propriet\u00e0 intellettuale, garantendo la fiducia che alimenta ogni innovazione.[\/vc_column_text][vc_column_text css=&#8221;.vc_custom_1749232380271{margin-top: 45px !important;}&#8221; el_class=&#8221;link-arrow-right mt-4&#8243;]<a href=\"https:\/\/www.cyberark.com\/resources\/fearlessly-forward-customer-spotlight-series\/security-matters-fearlessly-forward-with-panasonic\">Guarda il video<\/a><i class=\"fa fa-long-arrow-right\"><\/i>[\/vc_column_text][\/vc_column_inner][\/vc_row_inner][\/vc_tta_section][vc_tta_section title=&#8221;Healthfirst&#8221; tab_id=&#8221;healthfirst&#8221; el_class=&#8221;new_hpstyle_section6_tab5_icon&#8221;][vc_row_inner equal_height=&#8221;yes&#8221; content_placement=&#8221;middle&#8221; el_class=&#8221;new_hpstyle_section6_maintab_row&#8221;][vc_column_inner el_class=&#8221;image-column&#8221; width=&#8221;1\/2&#8243;][vc_single_image image=&#8221;211145&#8243; img_size=&#8221;full&#8221; alignment=&#8221;right&#8221; css=&#8221;&#8221; el_class=&#8221;new_hpstyle_section6_tab1_left_image&#8221;][\/vc_column_inner][vc_column_inner el_class=&#8221;new_hpstyle_section6_tab1_right_bckgrd&#8221; width=&#8221;1\/2&#8243;][vc_column_text css=&#8221;&#8221; el_class=&#8221;new_hpstyle_section6_tab1_text1 text&#8221;]<\/p>\n<h4>La fiducia al centro dell&#8217;assistenza sanitaria<\/h4>\n<p>Con CyberArk come partner strategico, Healthfirst rafforza la sicurezza e garantisce accesso affidabile alle persone che fanno affidamento sull&#8217;azienda.[\/vc_column_text][vc_column_text css=&#8221;.vc_custom_1749232399260{margin-top: 45px !important;}&#8221; el_class=&#8221;link-arrow-right mt-4&#8243;]<a href=\"https:\/\/www.cyberark.com\/resources\/fearlessly-forward-customer-spotlight-series\/security-matters-fearlessly-forward-with-healthfirst\">Guarda il video<\/a><i class=\"fa fa-long-arrow-right\"><\/i>[\/vc_column_text][\/vc_column_inner][\/vc_row_inner][\/vc_tta_section][vc_tta_section title=&#8221;Aflac&#8221; tab_id=&#8221;aflac&#8221; el_class=&#8221;new_hpstyle_section6_tab1_icon&#8221;][vc_row_inner equal_height=&#8221;yes&#8221; content_placement=&#8221;middle&#8221; el_class=&#8221;new_hpstyle_section6_maintab_row&#8221;][vc_column_inner el_class=&#8221;image-column&#8221; width=&#8221;1\/2&#8243;][vc_single_image image=&#8221;210923&#8243; img_size=&#8221;full&#8221; alignment=&#8221;right&#8221; css=&#8221;&#8221; el_class=&#8221;new_hpstyle_section6_tab1_left_image&#8221;][\/vc_column_inner][vc_column_inner el_class=&#8221;new_hpstyle_section6_tab1_right_bckgrd&#8221; width=&#8221;1\/2&#8243;][vc_column_text css=&#8221;&#8221; el_class=&#8221;new_hpstyle_section6_tab1_text1 text&#8221;]<\/p>\n<h4>Mantenere le promesse, in modo sicuro<\/h4>\n<p>In collaborazione con CyberArk, il team IT di Aflac salvaguarda la fiducia di milioni di persone, proteggendo ci\u00f2 che conta di pi\u00f9, ogni giorno.[\/vc_column_text][vc_column_text css=&#8221;.vc_custom_1749220404034{margin-top: 45px !important;}&#8221; el_class=&#8221;link-arrow-right mt-4&#8243;]<a href=\"https:\/\/www.cyberark.com\/resources\/privileged-access-management\/security-matters-fearlessly-forward-with-aflac\">Guarda il video<\/a> <i class=\"fa fa-long-arrow-right\"><\/i>[\/vc_column_text][\/vc_column_inner][\/vc_row_inner][\/vc_tta_section][\/vc_tta_tabs][vc_raw_js]JTNDc2NyaXB0JTNFJTBBalF1ZXJ5JTI4ZG9jdW1lbnQlMjkucmVhZHklMjhmdW5jdGlvbiUyOCUyOSU3QiUwQSUyMCUyMCUyMCUyMCUyRiUyRkFkZCUyMEFjdGl2ZSUyMHRvJTIwdGFiJTIwb24lMjBwYWdlJTIwbG9hZCUwQSUyMCUyMCUyMCUyMCUyNHBhbmVscyUyMCUzRCUyMGpRdWVyeSUyOCUyNy5jeWJ2Ml9jdXN0b21lcl9zdG9yaWVzX3RhYnMlMjAudmNfdHRhLXBhbmVscyUyMC52Y190dGEtcGFuZWwlMjclMjklM0IlMEElMjAlMjAlMjAlMjAlMjR0YWJzJTIwJTNEJTIwalF1ZXJ5JTI4JTI3LmN5YnYyX2N1c3RvbWVyX3N0b3JpZXNfdGFicyUyMC52Y190dGEtdGFicy1saXN0JTIwLnZjX3R0YS10YWIlMjclMjklM0IlMEElMjAlMjAlMjAlMjB2YXIlMjBpbmRleCUyMCUzRCUyMDAlM0IlMEElMEElMjAlMjAlMjAlMjAlMkYlMkZBbGlnbiUyMFRhYnMlMjB3aXRoJTIwcGFuZWxzJTBBJTIwJTIwJTIwJTIwJTI0cGFuZWxzLmVhY2glMjhmdW5jdGlvbiUyOCUyOSU3QiUwQSUyMCUyMCUyMCUyMCUyMCUyMCUyMCUyMGpRdWVyeSUyOHRoaXMlMjkuaGFzQ2xhc3MlMjglMjd2Y19hY3RpdmUlMjclMjklM0IlMEElMjAlMjAlMjAlMjAlMjAlMjAlMjAlMjByZXR1cm4lMjBmYWxzZSUzQiUwQSUyMCUyMCUyMCUyMCUyMCUyMCUyMCUyMGluZGV4JTJCJTJCJTNCJTBBJTIwJTIwJTIwJTIwJTdEJTI5JTBBJTIwJTIwJTIwJTIwdmFyJTIwbmV3SW5kZXglMjAlM0QlMjAwJTNCJTBBJTIwJTIwJTIwJTIwJTI0dGFicy5lYWNoJTI4ZnVuY3Rpb24lMjglMjklN0IlMEElMjAlMjAlMjAlMjAlMjAlMjAlMjAlMjBpZiUyOGluZGV4JTIwJTNEJTNEJTIwbmV3SW5kZXglMjklN0IlMEElMjAlMjAlMjAlMjAlMjAlMjAlMjAlMjAlMjAlMjAlMjAlMjBqUXVlcnklMjh0aGlzJTI5LmFkZENsYXNzJTI4JTI3dmNfYWN0aXZlJTI3JTI5JTNCJTBBJTIwJTIwJTIwJTIwJTIwJTIwJTIwJTIwJTdEJTBBJTIwJTIwJTIwJTIwJTIwJTIwJTIwJTIwbmV3SW5kZXglMkIlMkIlM0IlMEElMjAlMjAlMjAlMjAlN0QlMjklMEElN0QlMjklM0IlMEElM0MlMkZzY3JpcHQlM0U=[\/vc_raw_js][\/vc_column][\/vc_row][vc_row el_class=&#8221;pb-4&#8243;][vc_column][vc_column_text css=&#8221;&#8221;]<\/p>\n<h2 style=\"text-align: center;\">Scopri altri case study<\/h2>\n<p>[\/vc_column_text][\/vc_column][\/vc_row][vc_row][vc_column][vc_raw_html]W2N5YnYyX3N0b3J5X2h1YiBzaG93X2xvYWRfbW9yZT0idHJ1ZSIgcG9zdHNfcGVyX3BhZ2U9IjE2Il0=[\/vc_raw_html][\/vc_column][\/vc_row][vc_row el_class=&#8221;cybv2 cyb-pad-btm&#8221;][vc_column][vc_column_text el_class=&#8221;cyb-top&#8221;]<\/p>\n<p style=\"text-align: right;\"><i class=\"fa fa-long-arrow-up\"><\/i><a class=\"top\" href=\"#\">Torna su<\/a><\/p>\n<p>[\/vc_column_text][\/vc_column][\/vc_row][vc_row][vc_column][vc_raw_js]JTNDc2NyaXB0JTNFJTBBalF1ZXJ5JTI4ZnVuY3Rpb24lMjglMjklMjAlN0IlMEElMjAlMjAlMjAlMjBqUXVlcnklMjglMjIudG9wJTIyJTI5Lm9uJTI4JTI3Y2xpY2slMjclMkMlMjBmdW5jdGlvbiUyOCUyOSUyMCU3QiUwQSUyMCUyMCUyMCUyMCUyMCUyMCUyMCUyMGpRdWVyeSUyOCUyMkhUTUwlMkMlMjBCT0RZJTIyJTI5LmFuaW1hdGUlMjglN0IlMEElMjAlMjAlMjAlMjAlMjAlMjAlMjAlMjAlMjAlMjAlMjAlMjBzY3JvbGxUb3AlM0ElMjAwJTBBJTIwJTIwJTIwJTIwJTIwJTIwJTIwJTIwJTdEJTJDJTIwMTAwMCUyOSUzQiUwQSUyMCUyMCUyMCUyMCU3RCUyOSUzQiUwQSU3RCUyOSUzQiUwQSUzQyUyRnNjcmlwdCUzRQ==[\/vc_raw_js][\/vc_column][\/vc_row][vc_row full_width=&#8221;stretch_row&#8221; el_class=&#8221;cybv2 cybv2_talk_to_an_expert&#8221; css=&#8221;.vc_custom_1608677118624{background-color: #061b2b !important;}&#8221;][vc_column][vc_column_text el_class=&#8221;extra-space&#8221;]<\/p>\n<h2 style=\"text-align: center;\">Se pronto a condividere la tua storia?<\/h2>\n<p>[\/vc_column_text][vc_column_text el_class=&#8221;new_hpstyle_section9_text&#8221;]<\/p>\n<p style=\"text-align: center;\">Partecipa al programma CyberArk Advocacy per mostrare il tuo successo, creare una rete con colleghi lungimiranti e contribuire a plasmare il futuro della sicurezza delle identit\u00e0.<\/p>\n<p>[\/vc_column_text][vc_btn title=&#8221;Inizia&#8221; style=&#8221;custom&#8221; custom_background=&#8221;&#8221; custom_text=&#8221;&#8221; shape=&#8221;square&#8221; align=&#8221;center&#8221; link=&#8221;url:https%3A%2F%2Fwww.cyberark.com%2Fit%2Fadvocacy-program%2F|&#8221; el_class=&#8221;cybv2-button-solid cyb-button-hpstyle_section5&#8243;][\/vc_column][\/vc_row]<\/p>\n<\/div>","protected":false},"excerpt":{"rendered":"<p>[vc_row full_width=&#8221;stretch_row&#8221; el_class=&#8221;cybv2 int-hero-noimg dark&#8221;][vc_column width=&#8221;7\/12&#8243; el_class=&#8221;column-1&#8243;][vc_column_text css=&#8221;&#8221;] Proteggere il futuro insieme Scopri come le principali aziende risolvono sfide di sicurezza complesse con CyberArk. [\/vc_column_text][\/vc_column][\/vc_row][vc_row equal_height=&#8221;yes&#8221; el_class=&#8221;cybv2 cybv2_customer_stories vc_tta-o-non-responsive mt-12&#8243; css=&#8221;.vc_custom_1714763180252{background-color: #ffffff !important;}&#8221;][vc_column][vc_tta_tabs style=&#8221;flat&#8221; shape=&#8221;square&#8221;&#8230;<\/p>\n","protected":false},"author":125,"featured_media":0,"parent":0,"menu_order":0,"comment_status":"closed","ping_status":"closed","template":"","meta":{"_acf_changed":false,"inline_featured_image":false,"footnotes":""},"product_category":[27776],"class_list":["post-134326","page","type-page","status-publish","hentry","product_category-identity-security"],"acf":[],"yoast_head":"<!-- This site is optimized with the Yoast SEO Premium plugin v27.2 (Yoast SEO v27.2) - https:\/\/yoast.com\/product\/yoast-seo-premium-wordpress\/ -->\n<title>Storie di successo dei clienti e case study | CyberArk<\/title>\n<meta name=\"description\" content=\"Ascolta i case study e le storie di successo di clienti e partner con i prodotti e le soluzioni CyberArk per la sicurezza delle identit\u00e0 e la gestione degli accessi privilegiati.\" \/>\n<meta name=\"robots\" content=\"index, follow, max-snippet:-1, max-image-preview:large, max-video-preview:-1\" \/>\n<link rel=\"canonical\" href=\"https:\/\/www.cyberark.com\/customer-stories\/\" \/>\n<meta property=\"og:locale\" content=\"it_IT\" \/>\n<meta property=\"og:type\" content=\"article\" \/>\n<meta property=\"og:title\" content=\"Customer story\" \/>\n<meta property=\"og:description\" content=\"Ascolta i case study e le storie di successo di clienti e partner con i prodotti e le soluzioni CyberArk per la sicurezza delle identit\u00e0 e la gestione degli accessi privilegiati.\" \/>\n<meta property=\"og:url\" content=\"https:\/\/www.cyberark.com\/customer-stories\/\" \/>\n<meta property=\"og:site_name\" content=\"CyberArk\" \/>\n<meta property=\"article:publisher\" content=\"https:\/\/www.facebook.com\/CyberArk\/\" \/>\n<meta property=\"article:modified_time\" content=\"2025-10-16T10:18:49+00:00\" \/>\n<meta property=\"og:image\" content=\"https:\/\/www.cyberark.com\/wp-content\/uploads\/2022\/09\/CYBR-gradient-bg-og-120x627-01-1024x535.png\" \/>\n\t<meta property=\"og:image:width\" content=\"1024\" \/>\n\t<meta property=\"og:image:height\" content=\"535\" \/>\n\t<meta property=\"og:image:type\" content=\"image\/png\" \/>\n<meta name=\"twitter:card\" content=\"summary_large_image\" \/>\n<meta name=\"twitter:site\" content=\"@CyberArk\" \/>\n<meta name=\"twitter:label1\" content=\"Tempo di lettura stimato\" \/>\n\t<meta name=\"twitter:data1\" content=\"1 minuto\" \/>\n<script type=\"application\/ld+json\" class=\"yoast-schema-graph\">{\"@context\":\"https:\/\/schema.org\",\"@graph\":[{\"@type\":\"WebPage\",\"@id\":\"https:\/\/www.cyberark.com\/customer-stories\/\",\"url\":\"https:\/\/www.cyberark.com\/customer-stories\/\",\"name\":\"Storie di successo dei clienti e case study | CyberArk\",\"isPartOf\":{\"@id\":\"https:\/\/www.cyberark.com\/#website\"},\"datePublished\":\"2022-09-14T15:03:11+00:00\",\"dateModified\":\"2025-10-16T10:18:49+00:00\",\"description\":\"Ascolta i case study e le storie di successo di clienti e partner con i prodotti e le soluzioni CyberArk per la sicurezza delle identit\u00e0 e la gestione degli accessi privilegiati.\",\"breadcrumb\":{\"@id\":\"https:\/\/www.cyberark.com\/customer-stories\/#breadcrumb\"},\"inLanguage\":\"it-IT\",\"potentialAction\":[{\"@type\":\"ReadAction\",\"target\":[\"https:\/\/www.cyberark.com\/customer-stories\/\"]}]},{\"@type\":\"BreadcrumbList\",\"@id\":\"https:\/\/www.cyberark.com\/customer-stories\/#breadcrumb\",\"itemListElement\":[{\"@type\":\"ListItem\",\"position\":1,\"name\":\"Home\",\"item\":\"https:\/\/www.cyberark.com\/\"},{\"@type\":\"ListItem\",\"position\":2,\"name\":\"Customer story\"}]},{\"@type\":\"WebSite\",\"@id\":\"https:\/\/www.cyberark.com\/#website\",\"url\":\"https:\/\/www.cyberark.com\/\",\"name\":\"CyberArk\",\"description\":\"\",\"publisher\":{\"@id\":\"https:\/\/www.cyberark.com\/#organization\"},\"potentialAction\":[{\"@type\":\"SearchAction\",\"target\":{\"@type\":\"EntryPoint\",\"urlTemplate\":\"https:\/\/www.cyberark.com\/?s={search_term_string}\"},\"query-input\":{\"@type\":\"PropertyValueSpecification\",\"valueRequired\":true,\"valueName\":\"search_term_string\"}}],\"inLanguage\":\"it-IT\"},{\"@type\":\"Organization\",\"@id\":\"https:\/\/www.cyberark.com\/#organization\",\"name\":\"CyberArk Software\",\"url\":\"https:\/\/www.cyberark.com\/\",\"logo\":{\"@type\":\"ImageObject\",\"inLanguage\":\"it-IT\",\"@id\":\"https:\/\/www.cyberark.com\/#\/schema\/logo\/image\/\",\"url\":\"https:\/\/www.cyberark.com\/wp-content\/uploads\/2021\/02\/cyberark-logo-dark.svg\",\"contentUrl\":\"https:\/\/www.cyberark.com\/wp-content\/uploads\/2021\/02\/cyberark-logo-dark.svg\",\"width\":\"1024\",\"height\":\"1024\",\"caption\":\"CyberArk Software\"},\"image\":{\"@id\":\"https:\/\/www.cyberark.com\/#\/schema\/logo\/image\/\"},\"sameAs\":[\"https:\/\/www.facebook.com\/CyberArk\/\",\"https:\/\/x.com\/CyberArk\",\"https:\/\/www.linkedin.com\/company\/cyber-ark-software\/\"]}]}<\/script>\n<!-- \/ Yoast SEO Premium plugin. -->","yoast_head_json":{"title":"Storie di successo dei clienti e case study | CyberArk","description":"Ascolta i case study e le storie di successo di clienti e partner con i prodotti e le soluzioni CyberArk per la sicurezza delle identit\u00e0 e la gestione degli accessi privilegiati.","robots":{"index":"index","follow":"follow","max-snippet":"max-snippet:-1","max-image-preview":"max-image-preview:large","max-video-preview":"max-video-preview:-1"},"canonical":"https:\/\/www.cyberark.com\/customer-stories\/","og_locale":"it_IT","og_type":"article","og_title":"Customer story","og_description":"Ascolta i case study e le storie di successo di clienti e partner con i prodotti e le soluzioni CyberArk per la sicurezza delle identit\u00e0 e la gestione degli accessi privilegiati.","og_url":"https:\/\/www.cyberark.com\/customer-stories\/","og_site_name":"CyberArk","article_publisher":"https:\/\/www.facebook.com\/CyberArk\/","article_modified_time":"2025-10-16T10:18:49+00:00","og_image":[{"width":1024,"height":535,"url":"https:\/\/www.cyberark.com\/wp-content\/uploads\/2022\/09\/CYBR-gradient-bg-og-120x627-01-1024x535.png","type":"image\/png"}],"twitter_card":"summary_large_image","twitter_site":"@CyberArk","twitter_misc":{"Tempo di lettura stimato":"1 minuto"},"schema":{"@context":"https:\/\/schema.org","@graph":[{"@type":"WebPage","@id":"https:\/\/www.cyberark.com\/customer-stories\/","url":"https:\/\/www.cyberark.com\/customer-stories\/","name":"Storie di successo dei clienti e case study | CyberArk","isPartOf":{"@id":"https:\/\/www.cyberark.com\/#website"},"datePublished":"2022-09-14T15:03:11+00:00","dateModified":"2025-10-16T10:18:49+00:00","description":"Ascolta i case study e le storie di successo di clienti e partner con i prodotti e le soluzioni CyberArk per la sicurezza delle identit\u00e0 e la gestione degli accessi privilegiati.","breadcrumb":{"@id":"https:\/\/www.cyberark.com\/customer-stories\/#breadcrumb"},"inLanguage":"it-IT","potentialAction":[{"@type":"ReadAction","target":["https:\/\/www.cyberark.com\/customer-stories\/"]}]},{"@type":"BreadcrumbList","@id":"https:\/\/www.cyberark.com\/customer-stories\/#breadcrumb","itemListElement":[{"@type":"ListItem","position":1,"name":"Home","item":"https:\/\/www.cyberark.com\/"},{"@type":"ListItem","position":2,"name":"Customer story"}]},{"@type":"WebSite","@id":"https:\/\/www.cyberark.com\/#website","url":"https:\/\/www.cyberark.com\/","name":"CyberArk","description":"","publisher":{"@id":"https:\/\/www.cyberark.com\/#organization"},"potentialAction":[{"@type":"SearchAction","target":{"@type":"EntryPoint","urlTemplate":"https:\/\/www.cyberark.com\/?s={search_term_string}"},"query-input":{"@type":"PropertyValueSpecification","valueRequired":true,"valueName":"search_term_string"}}],"inLanguage":"it-IT"},{"@type":"Organization","@id":"https:\/\/www.cyberark.com\/#organization","name":"CyberArk Software","url":"https:\/\/www.cyberark.com\/","logo":{"@type":"ImageObject","inLanguage":"it-IT","@id":"https:\/\/www.cyberark.com\/#\/schema\/logo\/image\/","url":"https:\/\/www.cyberark.com\/wp-content\/uploads\/2021\/02\/cyberark-logo-dark.svg","contentUrl":"https:\/\/www.cyberark.com\/wp-content\/uploads\/2021\/02\/cyberark-logo-dark.svg","width":"1024","height":"1024","caption":"CyberArk Software"},"image":{"@id":"https:\/\/www.cyberark.com\/#\/schema\/logo\/image\/"},"sameAs":["https:\/\/www.facebook.com\/CyberArk\/","https:\/\/x.com\/CyberArk","https:\/\/www.linkedin.com\/company\/cyber-ark-software\/"]}]}},"_links":{"self":[{"href":"https:\/\/www.cyberark.com\/it\/wp-json\/wp\/v2\/pages\/134326","targetHints":{"allow":["GET"]}}],"collection":[{"href":"https:\/\/www.cyberark.com\/it\/wp-json\/wp\/v2\/pages"}],"about":[{"href":"https:\/\/www.cyberark.com\/it\/wp-json\/wp\/v2\/types\/page"}],"author":[{"embeddable":true,"href":"https:\/\/www.cyberark.com\/it\/wp-json\/wp\/v2\/users\/125"}],"replies":[{"embeddable":true,"href":"https:\/\/www.cyberark.com\/it\/wp-json\/wp\/v2\/comments?post=134326"}],"version-history":[{"count":0,"href":"https:\/\/www.cyberark.com\/it\/wp-json\/wp\/v2\/pages\/134326\/revisions"}],"wp:attachment":[{"href":"https:\/\/www.cyberark.com\/it\/wp-json\/wp\/v2\/media?parent=134326"}],"wp:term":[{"taxonomy":"product_category","embeddable":true,"href":"https:\/\/www.cyberark.com\/it\/wp-json\/wp\/v2\/product_category?post=134326"}],"curies":[{"name":"wp","href":"https:\/\/api.w.org\/{rel}","templated":true}]}}