{"id":199440,"date":"2024-11-13T07:31:48","date_gmt":"2024-11-13T12:31:48","guid":{"rendered":"https:\/\/www.cyberark.com\/wiz\/"},"modified":"2025-07-31T06:18:45","modified_gmt":"2025-07-31T10:18:45","slug":"wiz","status":"publish","type":"page","link":"https:\/\/www.cyberark.com\/it\/wiz\/","title":{"rendered":"Wiz"},"content":{"rendered":"<div class=\"wpb-content-wrapper\"><p>[vc_row full_width=&#8221;stretch_row&#8221; equal_height=&#8221;yes&#8221; content_placement=&#8221;middle&#8221; el_class=&#8221;cybv2 hero dark&#8221;][vc_column width=&#8221;5\/12&#8243; el_class=&#8221;column-1&#8243; offset=&#8221;vc_col-md-5&#8243;][vc_column_text css=&#8221;&#8221;]<\/p>\n<h1><span class=\"chartreuse\">Costruisci pi\u00f9 velocemente nel cloud<\/span> con CyberArk e Wiz\u200b<\/h1>\n<h2>Visibilit\u00e0 completa e controllo degli accessi privilegiati\u200b.<\/h2>\n<p>[\/vc_column_text][vc_btn title=&#8221;Richiedi una demo&#8221; style=&#8221;custom&#8221; custom_background=&#8221;&#8221; custom_text=&#8221;&#8221; shape=&#8221;square&#8221; css=&#8221;&#8221; link=&#8221;url:https%3A%2F%2Fwww.cyberark.com%2Fit%2Ftry-buy%2Fsecure-cloud-access-demo%2F|title:Scopri%20di%20pi%C3%B9|&#8221; el_class=&#8221;cybv2-button-solid&#8221;][vc_btn title=&#8221;Solution brief&#8221; style=&#8221;custom&#8221; custom_background=&#8221;&#8221; custom_text=&#8221;&#8221; shape=&#8221;square&#8221; css=&#8221;&#8221; link=&#8221;url:https%3A%2F%2Fwww.cyberark.com%2Fresources%2Fcloud-security%2Fbuild-faster-in-the-cloud-with-cyberark-and-wiz|title:Scopri%20di%20pi%C3%B9|&#8221; el_class=&#8221;cybv2-button-solid&#8221;][\/vc_column][vc_column width=&#8221;1\/2&#8243; el_class=&#8221;column-2 mt-auto&#8221; offset=&#8221;vc_col-md-offset-1&#8243;][vc_column_text css=&#8221;&#8221;]<\/p>\n<div class=\"video-window\">    <script src=\"https:\/\/fast.wistia.com\/assets\/external\/E-v1.js\" async><\/script>\r\n            <div class=\"wistia_embed wistia_async_68b1d7k8sg videoFoam=true\" style=\"width:580px;height:397px;\">&nbsp;<\/div>\r\n        <\/div>\n<p>[\/vc_column_text][\/vc_column][\/vc_row][vc_row full_width=&#8221;stretch_row&#8221; el_class=&#8221;cybv2 v3 products cybv2-pad box-row&#8221; css=&#8221;.vc_custom_1748531337406{background-color: #E8E8E3 !important;}&#8221;][vc_column][vc_row_inner el_class=&#8221;justify-content-center cybv2-pad-btm pad-top-120&#8243;][vc_column_inner el_class=&#8221;cyb-center&#8221; width=&#8221;2\/3&#8243; offset=&#8221;vc_col-md-offset-2&#8243;][vc_column_text css=&#8221;&#8221;]<\/p>\n<h2>Visibilit\u00e0 e controllo degli accessi, con la scalabilit\u00e0 e la velocit\u00e0 dello sviluppo cloud della tua organizzazione<\/h2>\n<p>[\/vc_column_text][\/vc_column_inner][\/vc_row_inner][vc_row_inner equal_height=&#8221;yes&#8221; el_class=&#8221;text-center&#8221;][vc_column_inner el_class=&#8221;icon-box&#8221; width=&#8221;1\/3&#8243; column_link=&#8221;url:https%3A%2F%2Fwww.cyberark.com%2Fit%2Fsolutions%2Fdigital-business-transformation%2F|title:Per%20saperne%20di%20pi%C3%B9|&#8221;][vc_column_text css=&#8221;&#8221; el_class=&#8221;pb-6&#8243;]<img loading=\"lazy\" decoding=\"async\" class=\"alignnone size-full wp-image-199307\" src=\"https:\/\/www.cyberark.com\/wp-content\/uploads\/2024\/11\/hat-icon.svg\" alt=\"icona cappello\" width=\"39\" height=\"45\" \/>[\/vc_column_text][vc_column_text css=&#8221;&#8221; el_class=&#8221;link-arrow-right&#8221;]<\/p>\n<h4>Rilevazione del rischio per tutte le identit\u00e0\u200b<\/h4>\n<p>Acquisire visibilit\u00e0 su tutte le identit\u00e0 privilegiate per monitorare e proteggere gli accessi utilizzando i controlli intelligenti dei privilegi di CyberArk.\u200b[\/vc_column_text][\/vc_column_inner][vc_column_inner el_class=&#8221;icon-box&#8221; width=&#8221;1\/3&#8243; column_link=&#8221;url:https%3A%2F%2Fwww.cyberark.com%2Fit%2Fsolutions%2Fdefend-against-attacks%2F|title:Per%20saperne%20di%20pi%C3%B9|&#8221;][vc_column_text css=&#8221;&#8221; el_class=&#8221;pb-6&#8243;]<img loading=\"lazy\" decoding=\"async\" class=\"alignnone size-full wp-image-199316\" src=\"https:\/\/www.cyberark.com\/wp-content\/uploads\/2024\/11\/overview-vertical-arrow-icon.svg\" alt=\"freccia\" width=\"39\" height=\"45\" \/>[\/vc_column_text][vc_column_text css=&#8221;&#8221; el_class=&#8221;link-arrow-right&#8221;]<\/p>\n<h4>Correzione fluida<\/h4>\n<p>Applicare facilmente i controlli dei privilegi per proteggere le identit\u00e0 umane e macchina con accesso ad alto rischio. \u200b[\/vc_column_text][\/vc_column_inner][vc_column_inner el_class=&#8221;icon-box&#8221; width=&#8221;1\/3&#8243; column_link=&#8221;url:https%3A%2F%2Fwww.cyberark.com%2Fit%2Fsolutions%2Fsecure-your-workforce%2F|title:Per%20saperne%20di%20pi%C3%B9|&#8221;][vc_column_text css=&#8221;&#8221; el_class=&#8221;pb-6&#8243;]<img loading=\"lazy\" decoding=\"async\" class=\"alignnone size-full wp-image-199325\" src=\"https:\/\/www.cyberark.com\/wp-content\/uploads\/2024\/11\/report-icon.svg\" alt=\"icona carta\" width=\"39\" height=\"46\" \/>[\/vc_column_text][vc_column_text css=&#8221;&#8221; el_class=&#8221;link-arrow-right&#8221;]<\/p>\n<h4>Reportistica completa<\/h4>\n<p>Applicare facilmente i controlli dei privilegi per proteggere le identit\u00e0 umane e macchina con accesso ad alto rischio.\u200b[\/vc_column_text][\/vc_column_inner][\/vc_row_inner][\/vc_column][\/vc_row][vc_row el_class=&#8221;cybv2 cybv2-pad-top overview-hz&#8221;][vc_column width=&#8221;1\/4&#8243; el_class=&#8221;head-box&#8221;][vc_column_text css=&#8221;.vc_custom_1748531275889{margin-bottom: 40px !important;}&#8221;]<\/p>\n<h3>Stai affrontando queste sfide aziendali? Possiamo aiutarti.<\/h3>\n<p>[\/vc_column_text][vc_btn title=&#8221;Leggi il blog&#8221; style=&#8221;custom&#8221; custom_background=&#8221;&#8221; custom_text=&#8221;&#8221; shape=&#8221;square&#8221; css=&#8221;&#8221; link=&#8221;url:https%3A%2F%2Fwww.cyberark.com%2Fresources%2Fblog|title:Leggi%20subito|&#8221; el_class=&#8221;cybv2-button-solid&#8221;][\/vc_column][vc_column width=&#8221;2\/3&#8243; offset=&#8221;vc_col-sm-offset-1&#8243;][vc_row_inner equal_height=&#8221;yes&#8221;][vc_column_inner width=&#8221;5\/12&#8243;][vc_column_text css=&#8221;.vc_custom_1731438379114{margin-bottom: 30px !important;}&#8221;]<img loading=\"lazy\" decoding=\"async\" class=\"alignnone size-full wp-image-199253\" src=\"https:\/\/www.cyberark.com\/wp-content\/uploads\/2024\/11\/wiz-6.jpg\" alt=\"donna\" width=\"200\" height=\"201\" srcset=\"https:\/\/www.cyberark.com\/wp-content\/uploads\/2024\/11\/wiz-6.jpg 200w, https:\/\/www.cyberark.com\/wp-content\/uploads\/2024\/11\/wiz-6-150x150.jpg 150w, https:\/\/www.cyberark.com\/wp-content\/uploads\/2024\/11\/wiz-6-100x100.jpg 100w\" sizes=\"auto, (max-width: 200px) 100vw, 200px\" \/>[\/vc_column_text][vc_column_text css=&#8221;&#8221;]<\/p>\n<h4>Mancanza di visibilit\u00e0 completa\u200b<\/h4>\n<p>La visibilit\u00e0 limitata crea zone cieche nella sicurezza.[\/vc_column_text][\/vc_column_inner][vc_column_inner width=&#8221;5\/12&#8243; offset=&#8221;vc_col-sm-offset-1&#8243;][vc_column_text css=&#8221;.vc_custom_1731438386503{margin-bottom: 30px !important;}&#8221;]<img loading=\"lazy\" decoding=\"async\" class=\"alignnone size-full wp-image-199262\" src=\"https:\/\/www.cyberark.com\/wp-content\/uploads\/2024\/11\/wiz-1.jpg\" alt=\"uomo\" width=\"200\" height=\"201\" srcset=\"https:\/\/www.cyberark.com\/wp-content\/uploads\/2024\/11\/wiz-1.jpg 200w, https:\/\/www.cyberark.com\/wp-content\/uploads\/2024\/11\/wiz-1-150x150.jpg 150w, https:\/\/www.cyberark.com\/wp-content\/uploads\/2024\/11\/wiz-1-100x100.jpg 100w\" sizes=\"auto, (max-width: 200px) 100vw, 200px\" \/>[\/vc_column_text][vc_column_text css=&#8221;&#8221;]<\/p>\n<h4>Ruoli non definiti\u200b<\/h4>\n<p>Un numero eccessivo di autorizzazioni comporta accessi e rischi eccessivi.[\/vc_column_text][\/vc_column_inner][vc_column_inner width=&#8221;5\/12&#8243; css=&#8221;.vc_custom_1736362437897{margin-top: 40px !important;}&#8221;][vc_column_text css=&#8221;.vc_custom_1731438396760{margin-bottom: 30px !important;}&#8221;]<img loading=\"lazy\" decoding=\"async\" class=\"alignnone size-full wp-image-199271\" src=\"https:\/\/www.cyberark.com\/wp-content\/uploads\/2024\/11\/wiz-2.jpg\" alt=\"uomo\" width=\"200\" height=\"201\" srcset=\"https:\/\/www.cyberark.com\/wp-content\/uploads\/2024\/11\/wiz-2.jpg 200w, https:\/\/www.cyberark.com\/wp-content\/uploads\/2024\/11\/wiz-2-150x150.jpg 150w, https:\/\/www.cyberark.com\/wp-content\/uploads\/2024\/11\/wiz-2-100x100.jpg 100w\" sizes=\"auto, (max-width: 200px) 100vw, 200px\" \/>[\/vc_column_text][vc_column_text css=&#8221;&#8221;]<\/p>\n<h4>Mancanza di usabilit\u00e0 per gli sviluppatori<\/h4>\n<p>I controlli complessi limitano l&#8217;adozione della sicurezza.[\/vc_column_text][\/vc_column_inner][vc_column_inner width=&#8221;5\/12&#8243; offset=&#8221;vc_col-sm-offset-1&#8243; css=&#8221;.vc_custom_1736362428507{margin-top: 40px !important;}&#8221;][vc_column_text css=&#8221;.vc_custom_1731438402717{margin-bottom: 30px !important;}&#8221;]<img loading=\"lazy\" decoding=\"async\" class=\"alignnone size-full wp-image-199280\" src=\"https:\/\/www.cyberark.com\/wp-content\/uploads\/2024\/11\/wiz-3.jpg\" alt=\"donna\" width=\"200\" height=\"201\" srcset=\"https:\/\/www.cyberark.com\/wp-content\/uploads\/2024\/11\/wiz-3.jpg 200w, https:\/\/www.cyberark.com\/wp-content\/uploads\/2024\/11\/wiz-3-150x150.jpg 150w, https:\/\/www.cyberark.com\/wp-content\/uploads\/2024\/11\/wiz-3-100x100.jpg 100w\" sizes=\"auto, (max-width: 200px) 100vw, 200px\" \/>[\/vc_column_text][vc_column_text css=&#8221;&#8221;]<\/p>\n<h4>Report e analisi inadeguati<\/h4>\n<p>Le informazioni incomplete ostacolano la valutazione del rischio per le identit\u00e0.[\/vc_column_text][\/vc_column_inner][vc_column_inner width=&#8221;5\/12&#8243; css=&#8221;.vc_custom_1736362411375{margin-top: 40px !important;}&#8221;][vc_column_text css=&#8221;.vc_custom_1731438411789{margin-bottom: 30px !important;}&#8221;]<img loading=\"lazy\" decoding=\"async\" class=\"alignnone size-full wp-image-199289\" src=\"https:\/\/www.cyberark.com\/wp-content\/uploads\/2024\/11\/wiz-4.jpg\" alt=\"donna\" width=\"200\" height=\"201\" srcset=\"https:\/\/www.cyberark.com\/wp-content\/uploads\/2024\/11\/wiz-4.jpg 200w, https:\/\/www.cyberark.com\/wp-content\/uploads\/2024\/11\/wiz-4-150x150.jpg 150w, https:\/\/www.cyberark.com\/wp-content\/uploads\/2024\/11\/wiz-4-100x100.jpg 100w\" sizes=\"auto, (max-width: 200px) 100vw, 200px\" \/>[\/vc_column_text][vc_column_text css=&#8221;&#8221;]<\/p>\n<h4>Processi di correzione inefficienti\u200b<\/h4>\n<p>Le correzioni manuali ritardano la risposta alle minacce.[\/vc_column_text][\/vc_column_inner][vc_column_inner width=&#8221;5\/12&#8243; offset=&#8221;vc_col-sm-offset-1&#8243; css=&#8221;.vc_custom_1736362417893{margin-top: 40px !important;}&#8221;][vc_column_text css=&#8221;.vc_custom_1731438417979{margin-bottom: 30px !important;}&#8221;]<img loading=\"lazy\" decoding=\"async\" class=\"alignnone size-full wp-image-199298\" src=\"https:\/\/www.cyberark.com\/wp-content\/uploads\/2024\/11\/wiz-5.jpg\" alt=\"uomo\" width=\"200\" height=\"201\" srcset=\"https:\/\/www.cyberark.com\/wp-content\/uploads\/2024\/11\/wiz-5.jpg 200w, https:\/\/www.cyberark.com\/wp-content\/uploads\/2024\/11\/wiz-5-150x150.jpg 150w, https:\/\/www.cyberark.com\/wp-content\/uploads\/2024\/11\/wiz-5-100x100.jpg 100w\" sizes=\"auto, (max-width: 200px) 100vw, 200px\" \/>[\/vc_column_text][vc_column_text css=&#8221;&#8221;]<\/p>\n<h4>Inefficienze operative per la sicurezza<\/h4>\n<p>La gestione delle identit\u00e0 attraverso diversi sistemi rende complessa l&#8217;approvazione.[\/vc_column_text][\/vc_column_inner][\/vc_row_inner][\/vc_column][\/vc_row][vc_row full_width=&#8221;stretch_row&#8221; equal_height=&#8221;yes&#8221; content_placement=&#8221;middle&#8221; el_class=&#8221;cybv2 hero dark&#8221; css=&#8221;.vc_custom_1748531025266{background-color: #E8E8E3 !important;}&#8221;][vc_column width=&#8221;5\/12&#8243; el_class=&#8221;column-1&#8243; offset=&#8221;vc_col-md-5&#8243;][vc_column_text css=&#8221;&#8221;]<\/p>\n<h3>Fai clic per vedere l&#8217;integrazione in azione.<\/h3>\n<p>Visibilit\u00e0 completa e sicurezza con CyberArk + Wiz.[\/vc_column_text][vc_btn title=&#8221;Inizia il tour&#8221; style=&#8221;custom&#8221; custom_background=&#8221;&#8221; custom_text=&#8221;&#8221; shape=&#8221;square&#8221; css=&#8221;&#8221; custom_onclick=&#8221;true&#8221; link=&#8221;url:%23|title:Scopri%20di%20pi%C3%B9|&#8221; el_class=&#8221;cybv2-button-solid&#8221; custom_onclick_code=&#8221;Storylane.Play({type: &#8216;popup&#8217;, demo_type: &#8216;html&#8217;, width: 1280, height: 800, scale: &#8216;0.95&#8217;, demo_url: &#8216;https:\/\/app.storylane.io\/demo\/fwa3jg16xql3?embed=popup&#8217;, padding_bottom: &#8216;56.25%&#8217;})&#8221;][\/vc_column][vc_column width=&#8221;1\/2&#8243; el_class=&#8221;column-2&#8243; offset=&#8221;vc_col-md-offset-1&#8243;][vc_single_image image=&#8221;199361&#8243; img_size=&#8221;full&#8221; alignment=&#8221;center&#8221; css=&#8221;&#8221;][\/vc_column][\/vc_row][vc_row full_width=&#8221;stretch_row&#8221; equal_height=&#8221;yes&#8221; el_class=&#8221;cybv2 cybv2-pad quote-component white&#8221; css=&#8221;.vc_custom_1737658121182{background-image: url(https:\/\/www.cyberark.com\/wp-content\/uploads\/2025\/01\/blue-dota-background.jpg?id=201917) !important;background-position: center !important;background-repeat: no-repeat !important;background-size: cover !important;}&#8221;][vc_column width=&#8221;1\/2&#8243; el_class=&#8221;img-box&#8221; css=&#8221;.vc_custom_1748971569920{background-image: url(https:\/\/www.cyberark.com\/wp-content\/uploads\/2025\/06\/udi-matt-cs.jpg?id=211181) !important;background-position: center !important;background-repeat: no-repeat !important;background-size: cover !important;}&#8221;][\/vc_column][vc_column width=&#8221;1\/2&#8243; el_class=&#8221;content-column&#8221;][vc_row_inner][vc_column_inner el_class=&#8221;head-box&#8221; width=&#8221;11\/12&#8243;][vc_column_text css=&#8221;&#8221;]<img loading=\"lazy\" decoding=\"async\" class=\"alignnone size-full wp-image-201899\" src=\"https:\/\/www.cyberark.com\/wp-content\/uploads\/2025\/01\/double-quotes.svg\" alt=\"virgolette doppie\" width=\"87\" height=\"64\" \/><\/p>\n<h4>Insieme, CyberArk e Wiz potenziano la sicurezza multi-cloud, migliorando visibilit\u00e0 e controllo degli accessi privilegiati per le identit\u00e0 umane e macchina, senza compromettere velocit\u00e0 e scalabilit\u00e0 dello sviluppo cloud.<\/h4>\n<p>[\/vc_column_text][vc_btn title=&#8221;Inizia&#8221; style=&#8221;custom&#8221; custom_background=&#8221;&#8221; custom_text=&#8221;&#8221; shape=&#8221;square&#8221; css=&#8221;.vc_custom_1748531771284{margin-top: 40px !important;}&#8221; link=&#8221;url:https%3A%2F%2Fcommunity.cyberark.com%2Fmarketplace%2Fs%2F%23a35Ht0000018sACIAY-a39Ht000004GLSJIA4|title:Come%20iniziare|target:_blank|&#8221; el_class=&#8221;cybv2-button-solid&#8221;][\/vc_column_inner][\/vc_row_inner][\/vc_column][\/vc_row][vc_row][vc_column][vc_raw_js]JTNDc2NyaXB0JTIwYXN5bmMlMjBzcmMlM0QlMjJodHRwcyUzQSUyRiUyRmpzLnN0b3J5bGFuZS5pbyUyRmpzJTJGdjIlMkZzdG9yeWxhbmUuanMlMjIlM0UlM0MlMkZzY3JpcHQlM0U=[\/vc_raw_js][\/vc_column][\/vc_row]<\/p>\n<\/div>","protected":false},"excerpt":{"rendered":"<p>[vc_row full_width=&#8221;stretch_row&#8221; equal_height=&#8221;yes&#8221; content_placement=&#8221;middle&#8221; el_class=&#8221;cybv2 hero dark&#8221;][vc_column width=&#8221;5\/12&#8243; el_class=&#8221;column-1&#8243; offset=&#8221;vc_col-md-5&#8243;][vc_column_text css=&#8221;&#8221;] Costruisci pi\u00f9 velocemente nel cloud con CyberArk e Wiz\u200b Visibilit\u00e0 completa e controllo degli accessi privilegiati\u200b. [\/vc_column_text][vc_btn title=&#8221;Richiedi una demo&#8221; style=&#8221;custom&#8221; custom_background=&#8221;&#8221; custom_text=&#8221;&#8221; shape=&#8221;square&#8221;&#8230;<\/p>\n","protected":false},"author":164,"featured_media":0,"parent":0,"menu_order":0,"comment_status":"closed","ping_status":"closed","template":"","meta":{"_acf_changed":false,"inline_featured_image":false,"footnotes":""},"product_category":[],"class_list":["post-199440","page","type-page","status-publish","hentry"],"acf":[],"yoast_head":"<!-- This site is optimized with the Yoast SEO Premium plugin v27.2 (Yoast SEO v27.2) - https:\/\/yoast.com\/product\/yoast-seo-premium-wordpress\/ -->\n<title>Partnership tra CyberArk e Wiz | CyberArk<\/title>\n<meta name=\"description\" content=\"Scopri la partnership CyberArk e Wiz, che offre soluzioni avanzate di sicurezza cloud e protezione delle identit\u00e0. Migliora la tua postura di sicurezza nel cloud con un&#039;integrazione senza interruzioni e strumenti innovativi.\" \/>\n<meta name=\"robots\" content=\"index, follow, max-snippet:-1, max-image-preview:large, max-video-preview:-1\" \/>\n<link rel=\"canonical\" href=\"https:\/\/www.cyberark.com\/wiz\/\" \/>\n<meta property=\"og:locale\" content=\"it_IT\" \/>\n<meta property=\"og:type\" content=\"article\" \/>\n<meta property=\"og:title\" content=\"Wiz\" \/>\n<meta property=\"og:description\" content=\"Scopri la partnership CyberArk e Wiz, che offre soluzioni avanzate di sicurezza cloud e protezione delle identit\u00e0. Migliora la tua postura di sicurezza nel cloud con un&#039;integrazione senza interruzioni e strumenti innovativi.\" \/>\n<meta property=\"og:url\" content=\"https:\/\/www.cyberark.com\/wiz\/\" \/>\n<meta property=\"og:site_name\" content=\"CyberArk\" \/>\n<meta property=\"article:publisher\" content=\"https:\/\/www.facebook.com\/CyberArk\/\" \/>\n<meta property=\"article:modified_time\" content=\"2025-07-31T10:18:45+00:00\" \/>\n<meta name=\"twitter:card\" content=\"summary_large_image\" \/>\n<meta name=\"twitter:site\" content=\"@CyberArk\" \/>\n<meta name=\"twitter:label1\" content=\"Tempo di lettura stimato\" \/>\n\t<meta name=\"twitter:data1\" content=\"5 minuti\" \/>\n<script type=\"application\/ld+json\" class=\"yoast-schema-graph\">{\"@context\":\"https:\/\/schema.org\",\"@graph\":[{\"@type\":\"WebPage\",\"@id\":\"https:\/\/www.cyberark.com\/wiz\/\",\"url\":\"https:\/\/www.cyberark.com\/wiz\/\",\"name\":\"Partnership tra CyberArk e Wiz | CyberArk\",\"isPartOf\":{\"@id\":\"https:\/\/www.cyberark.com\/#website\"},\"primaryImageOfPage\":{\"@id\":\"https:\/\/www.cyberark.com\/wiz\/#primaryimage\"},\"image\":{\"@id\":\"https:\/\/www.cyberark.com\/wiz\/#primaryimage\"},\"thumbnailUrl\":\"https:\/\/www.cyberark.com\/wp-content\/uploads\/2024\/11\/hat-icon.svg\",\"datePublished\":\"2024-11-13T12:31:48+00:00\",\"dateModified\":\"2025-07-31T10:18:45+00:00\",\"description\":\"Scopri la partnership CyberArk e Wiz, che offre soluzioni avanzate di sicurezza cloud e protezione delle identit\u00e0. Migliora la tua postura di sicurezza nel cloud con un'integrazione senza interruzioni e strumenti innovativi.\",\"breadcrumb\":{\"@id\":\"https:\/\/www.cyberark.com\/wiz\/#breadcrumb\"},\"inLanguage\":\"it-IT\",\"potentialAction\":[{\"@type\":\"ReadAction\",\"target\":[\"https:\/\/www.cyberark.com\/wiz\/\"]}]},{\"@type\":\"ImageObject\",\"inLanguage\":\"it-IT\",\"@id\":\"https:\/\/www.cyberark.com\/wiz\/#primaryimage\",\"url\":\"https:\/\/www.cyberark.com\/wp-content\/uploads\/2024\/11\/hat-icon.svg\",\"contentUrl\":\"https:\/\/www.cyberark.com\/wp-content\/uploads\/2024\/11\/hat-icon.svg\"},{\"@type\":\"BreadcrumbList\",\"@id\":\"https:\/\/www.cyberark.com\/wiz\/#breadcrumb\",\"itemListElement\":[{\"@type\":\"ListItem\",\"position\":1,\"name\":\"Home\",\"item\":\"https:\/\/www.cyberark.com\/\"},{\"@type\":\"ListItem\",\"position\":2,\"name\":\"Wiz\"}]},{\"@type\":\"WebSite\",\"@id\":\"https:\/\/www.cyberark.com\/#website\",\"url\":\"https:\/\/www.cyberark.com\/\",\"name\":\"CyberArk\",\"description\":\"\",\"publisher\":{\"@id\":\"https:\/\/www.cyberark.com\/#organization\"},\"potentialAction\":[{\"@type\":\"SearchAction\",\"target\":{\"@type\":\"EntryPoint\",\"urlTemplate\":\"https:\/\/www.cyberark.com\/?s={search_term_string}\"},\"query-input\":{\"@type\":\"PropertyValueSpecification\",\"valueRequired\":true,\"valueName\":\"search_term_string\"}}],\"inLanguage\":\"it-IT\"},{\"@type\":\"Organization\",\"@id\":\"https:\/\/www.cyberark.com\/#organization\",\"name\":\"CyberArk Software\",\"url\":\"https:\/\/www.cyberark.com\/\",\"logo\":{\"@type\":\"ImageObject\",\"inLanguage\":\"it-IT\",\"@id\":\"https:\/\/www.cyberark.com\/#\/schema\/logo\/image\/\",\"url\":\"https:\/\/www.cyberark.com\/wp-content\/uploads\/2021\/02\/cyberark-logo-dark.svg\",\"contentUrl\":\"https:\/\/www.cyberark.com\/wp-content\/uploads\/2021\/02\/cyberark-logo-dark.svg\",\"width\":\"1024\",\"height\":\"1024\",\"caption\":\"CyberArk Software\"},\"image\":{\"@id\":\"https:\/\/www.cyberark.com\/#\/schema\/logo\/image\/\"},\"sameAs\":[\"https:\/\/www.facebook.com\/CyberArk\/\",\"https:\/\/x.com\/CyberArk\",\"https:\/\/www.linkedin.com\/company\/cyber-ark-software\/\"]}]}<\/script>\n<!-- \/ Yoast SEO Premium plugin. -->","yoast_head_json":{"title":"Partnership tra CyberArk e Wiz | CyberArk","description":"Scopri la partnership CyberArk e Wiz, che offre soluzioni avanzate di sicurezza cloud e protezione delle identit\u00e0. Migliora la tua postura di sicurezza nel cloud con un'integrazione senza interruzioni e strumenti innovativi.","robots":{"index":"index","follow":"follow","max-snippet":"max-snippet:-1","max-image-preview":"max-image-preview:large","max-video-preview":"max-video-preview:-1"},"canonical":"https:\/\/www.cyberark.com\/wiz\/","og_locale":"it_IT","og_type":"article","og_title":"Wiz","og_description":"Scopri la partnership CyberArk e Wiz, che offre soluzioni avanzate di sicurezza cloud e protezione delle identit\u00e0. Migliora la tua postura di sicurezza nel cloud con un'integrazione senza interruzioni e strumenti innovativi.","og_url":"https:\/\/www.cyberark.com\/wiz\/","og_site_name":"CyberArk","article_publisher":"https:\/\/www.facebook.com\/CyberArk\/","article_modified_time":"2025-07-31T10:18:45+00:00","twitter_card":"summary_large_image","twitter_site":"@CyberArk","twitter_misc":{"Tempo di lettura stimato":"5 minuti"},"schema":{"@context":"https:\/\/schema.org","@graph":[{"@type":"WebPage","@id":"https:\/\/www.cyberark.com\/wiz\/","url":"https:\/\/www.cyberark.com\/wiz\/","name":"Partnership tra CyberArk e Wiz | CyberArk","isPartOf":{"@id":"https:\/\/www.cyberark.com\/#website"},"primaryImageOfPage":{"@id":"https:\/\/www.cyberark.com\/wiz\/#primaryimage"},"image":{"@id":"https:\/\/www.cyberark.com\/wiz\/#primaryimage"},"thumbnailUrl":"https:\/\/www.cyberark.com\/wp-content\/uploads\/2024\/11\/hat-icon.svg","datePublished":"2024-11-13T12:31:48+00:00","dateModified":"2025-07-31T10:18:45+00:00","description":"Scopri la partnership CyberArk e Wiz, che offre soluzioni avanzate di sicurezza cloud e protezione delle identit\u00e0. Migliora la tua postura di sicurezza nel cloud con un'integrazione senza interruzioni e strumenti innovativi.","breadcrumb":{"@id":"https:\/\/www.cyberark.com\/wiz\/#breadcrumb"},"inLanguage":"it-IT","potentialAction":[{"@type":"ReadAction","target":["https:\/\/www.cyberark.com\/wiz\/"]}]},{"@type":"ImageObject","inLanguage":"it-IT","@id":"https:\/\/www.cyberark.com\/wiz\/#primaryimage","url":"https:\/\/www.cyberark.com\/wp-content\/uploads\/2024\/11\/hat-icon.svg","contentUrl":"https:\/\/www.cyberark.com\/wp-content\/uploads\/2024\/11\/hat-icon.svg"},{"@type":"BreadcrumbList","@id":"https:\/\/www.cyberark.com\/wiz\/#breadcrumb","itemListElement":[{"@type":"ListItem","position":1,"name":"Home","item":"https:\/\/www.cyberark.com\/"},{"@type":"ListItem","position":2,"name":"Wiz"}]},{"@type":"WebSite","@id":"https:\/\/www.cyberark.com\/#website","url":"https:\/\/www.cyberark.com\/","name":"CyberArk","description":"","publisher":{"@id":"https:\/\/www.cyberark.com\/#organization"},"potentialAction":[{"@type":"SearchAction","target":{"@type":"EntryPoint","urlTemplate":"https:\/\/www.cyberark.com\/?s={search_term_string}"},"query-input":{"@type":"PropertyValueSpecification","valueRequired":true,"valueName":"search_term_string"}}],"inLanguage":"it-IT"},{"@type":"Organization","@id":"https:\/\/www.cyberark.com\/#organization","name":"CyberArk Software","url":"https:\/\/www.cyberark.com\/","logo":{"@type":"ImageObject","inLanguage":"it-IT","@id":"https:\/\/www.cyberark.com\/#\/schema\/logo\/image\/","url":"https:\/\/www.cyberark.com\/wp-content\/uploads\/2021\/02\/cyberark-logo-dark.svg","contentUrl":"https:\/\/www.cyberark.com\/wp-content\/uploads\/2021\/02\/cyberark-logo-dark.svg","width":"1024","height":"1024","caption":"CyberArk Software"},"image":{"@id":"https:\/\/www.cyberark.com\/#\/schema\/logo\/image\/"},"sameAs":["https:\/\/www.facebook.com\/CyberArk\/","https:\/\/x.com\/CyberArk","https:\/\/www.linkedin.com\/company\/cyber-ark-software\/"]}]}},"_links":{"self":[{"href":"https:\/\/www.cyberark.com\/it\/wp-json\/wp\/v2\/pages\/199440","targetHints":{"allow":["GET"]}}],"collection":[{"href":"https:\/\/www.cyberark.com\/it\/wp-json\/wp\/v2\/pages"}],"about":[{"href":"https:\/\/www.cyberark.com\/it\/wp-json\/wp\/v2\/types\/page"}],"author":[{"embeddable":true,"href":"https:\/\/www.cyberark.com\/it\/wp-json\/wp\/v2\/users\/164"}],"replies":[{"embeddable":true,"href":"https:\/\/www.cyberark.com\/it\/wp-json\/wp\/v2\/comments?post=199440"}],"version-history":[{"count":0,"href":"https:\/\/www.cyberark.com\/it\/wp-json\/wp\/v2\/pages\/199440\/revisions"}],"wp:attachment":[{"href":"https:\/\/www.cyberark.com\/it\/wp-json\/wp\/v2\/media?parent=199440"}],"wp:term":[{"taxonomy":"product_category","embeddable":true,"href":"https:\/\/www.cyberark.com\/it\/wp-json\/wp\/v2\/product_category?post=199440"}],"curies":[{"name":"wp","href":"https:\/\/api.w.org\/{rel}","templated":true}]}}